{"id":875,"date":"2024-05-14T11:49:00","date_gmt":"2024-05-14T11:49:00","guid":{"rendered":"https:\/\/global-medica.com\/?post_type=product&#038;p=875"},"modified":"2026-03-28T18:55:18","modified_gmt":"2026-03-28T18:55:18","slug":"discovery-igs-7","status":"publish","type":"product","link":"https:\/\/global-medica.com\/en\/product\/discovery-igs-7\/","title":{"rendered":"Discovery\u2122 IGS 7"},"content":{"rendered":"<div class=\"mdc-layout-grid__inner\">\n<div class=\"mdc-layout-grid__cell mdc-layout-grid__cell--span-12-desktop mdc-layout-grid__cell--span-8-tablet mdc-layout-grid__cell--hide-phone\">\n<div class=\"hero-teaser\">\n<div class=\"hero-teaser__main ge-rtf-module\">\n<p><strong>Rediscover the space and the movement with the Discovery\u2122 IGS 7.<\/strong><\/p>\n<p>The system of angiography Discovery\u2122 IGS 7 <a href=\"https:\/\/www.gehealthcare.com\/\" target=\"_blank\" rel=\"noopener\">GE Healthcare<\/a> it offers high quality images and full freedom in the work space of the hybrid or.<\/p>\n<p>Its mobile platform only has the power of an image acquisition system fixed to the table but it may be moved to one side so that the multidisciplinary teams are able to complete the procedures in comfort, without the obstacles that separate patients.<\/p>\n<p>Orientation by means of images, advanced applications and fusion of 3D images for fluoroscopy of high-level, all equipped in addition with a sophisticated gantry that made journeys pre-defined with a precision laser-guided.<\/p>\n<\/div>\n<\/div>\n<\/div>\n<\/div>\n<div class=\"hero-teaser\">\n<div class=\"hero-wrapper\">\n<div class=\"rah-static rah-static--height-auto\" aria-hidden=\"false\">\n<div class=\"hero-teaser__description ge-rtf-module\">\n<p>With detectors with a size optimal means of 31 cm and the largest field of view of 41 cm that can be used in a variety of open surgical procedures, endovascular and hybrid, free of the interferences that have structures fixed to the floor or the ceiling.<\/p>\n<p><strong>With the system Discovery\u2122 IGS 7:<\/strong><\/p>\n<ul>\n<li>Reconsider its possibilities, thanks to a movement predictable and better access to the patient.<\/li>\n<li>Reinvent the way you work, thanks to images of high-precision.<\/li>\n<li>Re-evaluate your options with different distribution possibilities.<\/li>\n<\/ul>\n<div class=\"ge-content-module__teaser\">\n<h2 class=\"ge-h2 ge-content-module__title translation-block\" role=\"heading\"><strong>Discovery\u2122 IGS 7<\/strong> System<\/h2>\n<p><strong>Reconsider its possibilities.<\/strong><\/p>\n<p>With the gantry of the Discovery\u2122 IGS 7, no obstacle, on the roof or on the ground, it will hamper your work or limit your mobility. Your freedom is almost complete. A gantry-free and laser-guided incorporates the arm C for taking pictures. You can that will bring it closer to the desk to get images of any part of the body and then remove it to default positions accurate.<\/p>\n<\/div>\n<div class=\"rah-static rah-static--height-auto\" aria-hidden=\"false\">\n<div>\n<div class=\"ge-rtf ge-rtf-module ge-content-module__description-wrapper\">\n<div>\n<p><strong>The gantry mobile gives you the control to the doctors.<\/strong><\/p>\n<p>The Discovery\u2122 IGS 7 gives you full flexibility to your clinical space. The controls available to one side of the table and in the back of the gantry will allow you to manage the system in a way that is easy and comfortable. When you are in a position to take pictures, the gantry rotates around the table following a predefined trajectory, with precision-guided laser. The combined movements of the gantry and of the operating table GE allow you to stop and take a picture at any point, to cover you from head to toe.<\/p>\n<\/div>\n<\/div>\n<\/div>\n<\/div>\n<div class=\"rah-static rah-static--height-auto\" aria-hidden=\"false\">\n<div class=\"ge-rtf ge-rtf-module ge-content-module__description-wrapper\">\n<div>\n<p><strong>The approach and retreat with a touch allows procedures are totally flexible.<\/strong><\/p>\n<p>With the Discovery\u2122 IGS 7, you can do it both ways: to Bring the gantry to the table to take pictures in and out when you need it with just the press of a button. From the positions of the table, you can move the gantry up to eleven predefined locations<sup>1<\/sup>. The distances of withdrawal are customizable to adapt to the operating theatres of different sizes.<\/p>\n<\/div>\n<div>\n<p><strong>The teams work better without obstacles.<\/strong><\/p>\n<p>The Discovery\u2122 IGS 7 leaves free space to doctors, nurses, anesthesiologists, and technicians to work together effectively. The clinical staff can be placed on either side of the patient, according to your choice. Thanks to the arm C mobile, the anesthesiologist can work comfortably at the patient's bedside.<\/p>\n<\/div>\n<div>\n<p><strong>The possibility of removing the gantry ensures maximum freedom.<\/strong><\/p>\n<p>When it is not needed to take pictures, you can set aside the gantry completely; so gets full access to the patient again, and facilitates the cleaning of the operating room. You can preconfigure two positions of parking based on the size and the shape of the operating room.<\/p>\n<\/div>\n<div>\n<p><strong>A arm C of large diameter expands your options<\/strong><\/p>\n<p>With a total of 129 cm (50 in.) space between the tube and the detector, the Discovery IGS 7 has one of the largest diameters of the main suppliers of options angiography. Allows you to acquire 3D images without collision, which facilitates the imaging of large patients, as well as the acquisition by CT cone beam, even in the case of patients with the arms lowered and intubated<sup>9<\/sup>.<\/p>\n<p><strong>C-arm outdated<\/strong><\/p>\n<p>With the unique offset of the arc in C, the system Discovery\u2122 IGS 7 allows a better access to the patient's head in complex interventions and helps cover from the head to the inguinal region without having to move the gantry.<\/p>\n<p><strong>A listener of optimal dimensions for added versatility<\/strong><\/p>\n<p>With the detector 31 x 31 cm (12.2 inch), the design of the system Discovery\u2122 IGS 7 offers optimal coverage of a wide range of cardiovascular procedures and interventionist. You can perform pronounced angulations for cardiac procedures, without compromising the coverage of the detector in vascular procedures peripherals.<br \/>\nWith its large detector 41 x 41 cm (16,1 in.), the system Discovery\u2122 IGS 7 has one of the largest fields of view for the acquisition of images for interventions.<\/p>\n<p><strong>Simple controls, centralized and automated<\/strong><\/p>\n<p>Handle your system and your images with built-in controls are intuitive and placed on your table. With a simple menu, the touch screen Central allows you to control most of the functions of your system, configure the system, modify the parameters of image acquisition, control the monitor screen grande3 and manipulate advanced applications, all from your table. The wheel of control comfortable and easy to grip easy to perform panoramic views of the table, the placement of the gantry and the accomplishment of procedures.<\/p>\n<\/div>\n<\/div>\n<\/div>\n<\/div>\n<div class=\"hero-teaser__description ge-rtf-module\">\n<div class=\"rah-static rah-static--height-auto\" aria-hidden=\"false\">\n<div class=\"ge-rtf ge-rtf-module ge-content-module__description-wrapper\">\n<h2 class=\"ge-h2 ge-content-module__title translation-block\" role=\"heading\"><strong>Discovery\u2122 IGS 7<\/strong> Image<\/h2>\n<div class=\"rah-static rah-static--height-auto ge-s-curve__title-description-wrapper ge-s-curve__title-description-wrapper--expanded\" aria-hidden=\"false\">\n<h4 class=\"ge-s-curve__item-title -text--bold\">Design with lower dose<\/h4>\n<div class=\"ge-rtf-module ge-s-curve__description\">\n<div>GE designed its systems from the process chain, from image acquisition of GE&#039;s proven and reliable, and optimized to provide the image clarity you need while maintaining the lowest possible dose. Our functions of dose reduction will allow to optimize and easily customize the settings of doses from your desk, while maintaining the clinical details that you need to make informed decisions. However, the improvement of the management of dose requires a strategy, which we call the GE Blueprint, which includes technologies from acquisition of images with low doses for minimally invasive procedures, but also takes into account the people, the culture and the processes that surround them.<\/div>\n<\/div>\n<div>\n<div class=\"ge-s-curve__content\">\n<div class=\"rah-static rah-static--height-auto ge-s-curve__title-description-wrapper ge-s-curve__title-description-wrapper--expanded\" aria-hidden=\"false\">\n<h4 class=\"ge-s-curve__item-title -text--bold\">InnovaSense<\/h4>\n<div class=\"ge-rtf-module ge-s-curve__description\">\n<div>Technology of tracking the contour of the patient&#039;s advanced which uses a capacitive sensor to evaluate the movement of the gantry and select the optimum position of the receiver of the image with respect to the patient.<\/div>\n<div>\n<h4 class=\"ge-s-curve__item-title -text--bold\">DoseMap<\/h4>\n<div class=\"ge-rtf-module ge-s-curve__description\">\n<div>Visualization of the distribution of the local dose estimated accumulated throughout the review, as well as the actual projection of the beam. Alerts on thresholds of dose configurable<sup>3<\/sup>.<\/div>\n<div>\n<h2 class=\"ge-h2 ge-content-module__title translation-block\" role=\"heading\"><strong>Discovery\u2122 IGS 7<\/strong> Applications<\/h2>\n<div class=\"rah-static rah-static--height-auto ge-s-curve__title-description-wrapper ge-s-curve__title-description-wrapper--expanded\" aria-hidden=\"false\">\n<h4 class=\"ge-s-curve__item-title -text--bold\">3DCT HD<\/h4>\n<div class=\"ge-rtf-module ge-s-curve__description\">\n<div>3DCT HD provides images with detail simultaneously in cross-sections and renderings of volumes that help you to clearly visualize vessels, small devices, and soft tissue<sup>4<\/sup>.<br \/>\nThe acquisition parameters and specific algorithms of automatic reduction of artifacts can improve the quality of the image and increase your confidence clinic for each application.<br \/>\n3DCT HD SEA reduces the artifacts of stripes induced by the presence of small metallic devices such as coils or clips in the field-of-view three-dimensional<sup>8<\/sup>.<br \/>\n3DCT HD Motion Freeze is designed to reduce artifacts caused by respiratory movement, involuntary during the acquisition rotating and retrieve small visual details that are affected by the movement<sup>8<\/sup>.<\/div>\n<div>\n<h4 class=\"ge-s-curve__item-title -text--bold\">InnovaSpin<\/h4>\n<div class=\"ge-rtf-module ge-s-curve__description\">\n<div>The C-arm mobile allows you to perform a rotational angiography spin fast with a maximum range of 200\u00b0 at varying rates, from 20\u00b0 to 40\u00b0\/s (maximum speed of 30\u00b0\/s OAI to ADOS), with angles oblique craneocaudales flexible. The trajectories improved InnovaSpin<sup>TM<\/sup>\u00a0are not restricted to a single transverse plane and can be used at angles oblique with physical limitations<sup>3<\/sup>.<\/div>\n<div>\n<h4 class=\"ge-s-curve__item-title -text--bold\">Innova Breeze<\/h4>\n<div class=\"ge-rtf-module ge-s-curve__description\">\n<div>Follow the bolus of contrast in images subtracted in real time using the speed control, panoramic variable, with an easy workflow.<br \/>\nPasting images to view the full trace of the bolus stolen in a single image<sup>5<\/sup>.<\/div>\n<div>\n<h2 class=\"ge-h2 ge-content-module__title\" role=\"heading\">Solution for the operating room<\/h2>\n<div class=\"rah-static rah-static--height-auto\" aria-hidden=\"false\">\n<div class=\"ge-rtf ge-rtf-module ge-content-module__description-wrapper\">\n<p><strong>Reevaluate your options<\/strong><\/p>\n<p>Take advantage of your valuable space thanks to the flexible layouts to the operating room. Turn your knife in a hybrid or fully functional, re-arrange an operating room for small or give a new use to an operating room for existing. You can install the Discovery IGS 7 in the operating theatres of just 35 square meters (377 square feet)<sup>6<\/sup>. You can collate different procedures in the same operating room with an outstanding team that allows you to perform minimally invasive procedures.<\/p>\n<div>\n<p><strong>Your design without suspension removes a source of contamination<\/strong><\/p>\n<p>The gantry mobile deletes any element in ceiling suspension, which prevents the pollution from agents of airborne transmission. Allows the presence of laminar flow on the surgical field even when it is in position for the acquisition of images, which contributes to the fulfillment of the criteria established by the classification ISO 5<sup>7<\/sup>.<\/p>\n<\/div>\n<div>\n<p><strong>Covers sterile added protection<\/strong><\/p>\n<p>The detector and the tube can be easily covered with covers sterile specially designed to not interfere with the movements of any gantry or a detector. Covers sterile docked quickly and easily within arm C using four fasteners on the sides<sup>3<\/sup>.<\/p>\n<\/div>\n<div>\n<p><strong>Operating table GE intended for endovascular procedures or open<\/strong><\/p>\n<p>A board floating long (333 cm) with assisted movement facilitates the acquisition of panoramic images of patients with heavy thanks to the longitudinal movement of 170 cm from your table that accommodates catheters long. The surgical table with decks and user interface on the side is designed specifically to achieve the level IPX4. The rails removable, can be installed during the procedure by sliding the sleeve over the table to accommodate the retractors, and other accessories surgical or comfort<sup>3<\/sup>.<\/p>\n<\/div>\n<\/div>\n<\/div>\n<\/div>\n<\/div>\n<\/div>\n<\/div>\n<\/div>\n<\/div>\n<\/div>\n<\/div>\n<\/div>\n<\/div>\n<\/div>\n<\/div>\n<\/div>\n<\/div>\n<\/div>\n<\/div>\n<\/div>\n<\/div>\n<\/div>\n<\/div>\n<\/div>\n<p>&nbsp;<\/p>\n<p><a class=\"elboton\" href=\"https:\/\/latam.gehealthcare.com\/products\/interventional-image-guided-systems\/discovery-igs-7\" target=\"_blank\" rel=\"noopener\">Link to the brand<\/a><\/p>","protected":false},"excerpt":{"rendered":"<p>The Discovery\u2122 IGS 7 angiography system from GE Healthcare delivers exceptional, high-quality imaging while providing unparalleled mobility in the hybrid operating room. Designed to remove physical barriers, it offers complete freedom of movement for multidisciplinary teams and adapts to a wide range of open, endovascular, and hybrid procedures.<\/p>","protected":false},"featured_media":2622,"comment_status":"open","ping_status":"closed","template":"","meta":[],"product_brand":[66],"product_cat":[20],"product_tag":[],"class_list":{"0":"post-875","1":"product","2":"type-product","3":"status-publish","4":"has-post-thumbnail","6":"product_brand-general-electric","7":"product_cat-angiografia","9":"first","10":"instock","11":"shipping-taxable","12":"purchasable","13":"product-type-simple"},"yoast_head":"<!-- This site is optimized with the Yoast SEO plugin v25.7 - https:\/\/yoast.com\/wordpress\/plugins\/seo\/ -->\n<title>Discovery IGS 7 - Global Medica<\/title>\n<meta name=\"description\" content=\"El sistema de angiograf\u00eda Discovery IGS 7 de GE Healthcare ofrece im\u00e1genes de alta calidad y total libertad en el espacio de trabajo del quir\u00f3fano h\u00edbrido\" \/>\n<meta name=\"robots\" content=\"index, follow, max-snippet:-1, max-image-preview:large, max-video-preview:-1\" \/>\n<link rel=\"canonical\" href=\"https:\/\/global-medica.com\/en\/product\/discovery-igs-7\/\" \/>\n<meta property=\"og:locale\" content=\"en_US\" \/>\n<meta property=\"og:type\" content=\"article\" \/>\n<meta property=\"og:title\" content=\"Discovery IGS 7\" \/>\n<meta property=\"og:description\" content=\"El sistema de angiograf\u00eda Discovery\u2122 IGS 7 de GE Healthcare ofrece im\u00e1genes de alta calidad y total libertad en el espacio de trabajo del quir\u00f3fano h\u00edbrido.\" \/>\n<meta property=\"og:url\" content=\"https:\/\/global-medica.com\/en\/product\/discovery-igs-7\/\" \/>\n<meta property=\"og:site_name\" content=\"Global Medica\" \/>\n<meta property=\"article:publisher\" content=\"https:\/\/www.facebook.com\/gmglobalmedica\" \/>\n<meta property=\"article:modified_time\" content=\"2026-03-28T18:55:18+00:00\" \/>\n<meta property=\"og:image\" content=\"https:\/\/global-medica.com\/wp-content\/uploads\/2024\/07\/Discovery-IGS-7-copy.webp\" \/>\n\t<meta property=\"og:image:width\" content=\"481\" \/>\n\t<meta property=\"og:image:height\" content=\"407\" \/>\n\t<meta property=\"og:image:type\" content=\"image\/webp\" \/>\n<meta name=\"twitter:card\" content=\"summary_large_image\" \/>\n<meta name=\"twitter:label1\" content=\"Est. reading time\" \/>\n\t<meta name=\"twitter:data1\" content=\"8 minutes\" \/>\n<script type=\"application\/ld+json\" class=\"yoast-schema-graph\">{\"@context\":\"https:\/\/schema.org\",\"@graph\":[{\"@type\":[\"WebPage\",\"MedicalWebPage\"],\"@id\":\"https:\/\/global-medica.com\/producto\/discovery-igs-7\/\",\"url\":\"https:\/\/global-medica.com\/producto\/discovery-igs-7\/\",\"name\":\"Discovery IGS 7 - Global Medica\",\"isPartOf\":{\"@id\":\"https:\/\/global-medica.com\/#website\"},\"primaryImageOfPage\":{\"@id\":\"https:\/\/global-medica.com\/producto\/discovery-igs-7\/#primaryimage\"},\"image\":{\"@id\":\"https:\/\/global-medica.com\/producto\/discovery-igs-7\/#primaryimage\"},\"thumbnailUrl\":\"https:\/\/global-medica.com\/wp-content\/uploads\/2024\/07\/Discovery-IGS-7-copy.webp\",\"datePublished\":\"2024-05-14T11:49:00+00:00\",\"dateModified\":\"2026-03-28T18:55:18+00:00\",\"description\":\"El sistema de angiograf\u00eda Discovery IGS 7 de GE Healthcare ofrece im\u00e1genes de alta calidad y total libertad en el espacio de trabajo del quir\u00f3fano h\u00edbrido\",\"breadcrumb\":{\"@id\":\"https:\/\/global-medica.com\/producto\/discovery-igs-7\/#breadcrumb\"},\"inLanguage\":\"en-US\",\"potentialAction\":[{\"@type\":\"ReadAction\",\"target\":[\"https:\/\/global-medica.com\/producto\/discovery-igs-7\/\"]}]},{\"@type\":\"ImageObject\",\"inLanguage\":\"en-US\",\"@id\":\"https:\/\/global-medica.com\/producto\/discovery-igs-7\/#primaryimage\",\"url\":\"https:\/\/global-medica.com\/wp-content\/uploads\/2024\/07\/Discovery-IGS-7-copy.webp\",\"contentUrl\":\"https:\/\/global-medica.com\/wp-content\/uploads\/2024\/07\/Discovery-IGS-7-copy.webp\",\"width\":481,\"height\":407,\"caption\":\"Discovery IGS 7\"},{\"@type\":\"BreadcrumbList\",\"@id\":\"https:\/\/global-medica.com\/producto\/discovery-igs-7\/#breadcrumb\",\"itemListElement\":[{\"@type\":\"ListItem\",\"position\":1,\"name\":\"Home\",\"item\":\"https:\/\/global-medica.com\/\"},{\"@type\":\"ListItem\",\"position\":2,\"name\":\"Productos\",\"item\":\"https:\/\/global-medica.com\/shop\/\"},{\"@type\":\"ListItem\",\"position\":3,\"name\":\"Discovery IGS 7\"}]},{\"@type\":\"WebSite\",\"@id\":\"https:\/\/global-medica.com\/#website\",\"url\":\"https:\/\/global-medica.com\/\",\"name\":\"Global Medica\",\"description\":\"Global Medica\",\"publisher\":{\"@id\":\"https:\/\/global-medica.com\/#organization\"},\"potentialAction\":[{\"@type\":\"SearchAction\",\"target\":{\"@type\":\"EntryPoint\",\"urlTemplate\":\"https:\/\/global-medica.com\/?s={search_term_string}\"},\"query-input\":{\"@type\":\"PropertyValueSpecification\",\"valueRequired\":true,\"valueName\":\"search_term_string\"}}],\"inLanguage\":\"en-US\"},{\"@type\":\"Organization\",\"@id\":\"https:\/\/global-medica.com\/#organization\",\"name\":\"Global Medica\",\"url\":\"https:\/\/global-medica.com\/\",\"logo\":{\"@type\":\"ImageObject\",\"inLanguage\":\"en-US\",\"@id\":\"https:\/\/global-medica.com\/#\/schema\/logo\/image\/\",\"url\":\"https:\/\/global-medica.com\/wp-content\/uploads\/2024\/04\/global-logo.png\",\"contentUrl\":\"https:\/\/global-medica.com\/wp-content\/uploads\/2024\/04\/global-logo.png\",\"width\":312,\"height\":84,\"caption\":\"Global Medica\"},\"image\":{\"@id\":\"https:\/\/global-medica.com\/#\/schema\/logo\/image\/\"},\"sameAs\":[\"https:\/\/www.facebook.com\/gmglobalmedica\",\"https:\/\/www.instagram.com\/globalmedica\/\",\"https:\/\/www.linkedin.com\/company\/67924728\",\"https:\/\/www.youtube.com\/channel\/UCWT2KUVVms56vwB0N9r8qKQ\/\"]}]}<\/script>\n<!-- \/ Yoast SEO plugin. -->","yoast_head_json":{"title":"Discovery IGS 7 - Global Medica","description":"El sistema de angiograf\u00eda Discovery IGS 7 de GE Healthcare ofrece im\u00e1genes de alta calidad y total libertad en el espacio de trabajo del quir\u00f3fano h\u00edbrido","robots":{"index":"index","follow":"follow","max-snippet":"max-snippet:-1","max-image-preview":"max-image-preview:large","max-video-preview":"max-video-preview:-1"},"canonical":"https:\/\/global-medica.com\/en\/product\/discovery-igs-7\/","og_locale":"en_US","og_type":"article","og_title":"Discovery IGS 7","og_description":"El sistema de angiograf\u00eda Discovery\u2122 IGS 7 de GE Healthcare ofrece im\u00e1genes de alta calidad y total libertad en el espacio de trabajo del quir\u00f3fano h\u00edbrido.","og_url":"https:\/\/global-medica.com\/en\/product\/discovery-igs-7\/","og_site_name":"Global Medica","article_publisher":"https:\/\/www.facebook.com\/gmglobalmedica","article_modified_time":"2026-03-28T18:55:18+00:00","og_image":[{"width":481,"height":407,"url":"https:\/\/global-medica.com\/wp-content\/uploads\/2024\/07\/Discovery-IGS-7-copy.webp","type":"image\/webp"}],"twitter_card":"summary_large_image","twitter_misc":{"Est. reading time":"8 minutes"},"schema":{"@context":"https:\/\/schema.org","@graph":[{"@type":["WebPage","MedicalWebPage"],"@id":"https:\/\/global-medica.com\/producto\/discovery-igs-7\/","url":"https:\/\/global-medica.com\/producto\/discovery-igs-7\/","name":"Discovery IGS 7 - Global Medica","isPartOf":{"@id":"https:\/\/global-medica.com\/#website"},"primaryImageOfPage":{"@id":"https:\/\/global-medica.com\/producto\/discovery-igs-7\/#primaryimage"},"image":{"@id":"https:\/\/global-medica.com\/producto\/discovery-igs-7\/#primaryimage"},"thumbnailUrl":"https:\/\/global-medica.com\/wp-content\/uploads\/2024\/07\/Discovery-IGS-7-copy.webp","datePublished":"2024-05-14T11:49:00+00:00","dateModified":"2026-03-28T18:55:18+00:00","description":"El sistema de angiograf\u00eda Discovery IGS 7 de GE Healthcare ofrece im\u00e1genes de alta calidad y total libertad en el espacio de trabajo del quir\u00f3fano h\u00edbrido","breadcrumb":{"@id":"https:\/\/global-medica.com\/producto\/discovery-igs-7\/#breadcrumb"},"inLanguage":"en-US","potentialAction":[{"@type":"ReadAction","target":["https:\/\/global-medica.com\/producto\/discovery-igs-7\/"]}]},{"@type":"ImageObject","inLanguage":"en-US","@id":"https:\/\/global-medica.com\/producto\/discovery-igs-7\/#primaryimage","url":"https:\/\/global-medica.com\/wp-content\/uploads\/2024\/07\/Discovery-IGS-7-copy.webp","contentUrl":"https:\/\/global-medica.com\/wp-content\/uploads\/2024\/07\/Discovery-IGS-7-copy.webp","width":481,"height":407,"caption":"Discovery IGS 7"},{"@type":"BreadcrumbList","@id":"https:\/\/global-medica.com\/producto\/discovery-igs-7\/#breadcrumb","itemListElement":[{"@type":"ListItem","position":1,"name":"Home","item":"https:\/\/global-medica.com\/"},{"@type":"ListItem","position":2,"name":"Productos","item":"https:\/\/global-medica.com\/shop\/"},{"@type":"ListItem","position":3,"name":"Discovery IGS 7"}]},{"@type":"WebSite","@id":"https:\/\/global-medica.com\/#website","url":"https:\/\/global-medica.com\/","name":"Global Medica","description":"Global Medica","publisher":{"@id":"https:\/\/global-medica.com\/#organization"},"potentialAction":[{"@type":"SearchAction","target":{"@type":"EntryPoint","urlTemplate":"https:\/\/global-medica.com\/?s={search_term_string}"},"query-input":{"@type":"PropertyValueSpecification","valueRequired":true,"valueName":"search_term_string"}}],"inLanguage":"en-US"},{"@type":"Organization","@id":"https:\/\/global-medica.com\/#organization","name":"Global Medica","url":"https:\/\/global-medica.com\/","logo":{"@type":"ImageObject","inLanguage":"en-US","@id":"https:\/\/global-medica.com\/#\/schema\/logo\/image\/","url":"https:\/\/global-medica.com\/wp-content\/uploads\/2024\/04\/global-logo.png","contentUrl":"https:\/\/global-medica.com\/wp-content\/uploads\/2024\/04\/global-logo.png","width":312,"height":84,"caption":"Global Medica"},"image":{"@id":"https:\/\/global-medica.com\/#\/schema\/logo\/image\/"},"sameAs":["https:\/\/www.facebook.com\/gmglobalmedica","https:\/\/www.instagram.com\/globalmedica\/","https:\/\/www.linkedin.com\/company\/67924728","https:\/\/www.youtube.com\/channel\/UCWT2KUVVms56vwB0N9r8qKQ\/"]}]}},"_links":{"self":[{"href":"https:\/\/global-medica.com\/en\/wp-json\/wp\/v2\/product\/875","targetHints":{"allow":["GET"]}}],"collection":[{"href":"https:\/\/global-medica.com\/en\/wp-json\/wp\/v2\/product"}],"about":[{"href":"https:\/\/global-medica.com\/en\/wp-json\/wp\/v2\/types\/product"}],"replies":[{"embeddable":true,"href":"https:\/\/global-medica.com\/en\/wp-json\/wp\/v2\/comments?post=875"}],"wp:featuredmedia":[{"embeddable":true,"href":"https:\/\/global-medica.com\/en\/wp-json\/wp\/v2\/media\/2622"}],"wp:attachment":[{"href":"https:\/\/global-medica.com\/en\/wp-json\/wp\/v2\/media?parent=875"}],"wp:term":[{"taxonomy":"product_brand","embeddable":true,"href":"https:\/\/global-medica.com\/en\/wp-json\/wp\/v2\/product_brand?post=875"},{"taxonomy":"product_cat","embeddable":true,"href":"https:\/\/global-medica.com\/en\/wp-json\/wp\/v2\/product_cat?post=875"},{"taxonomy":"product_tag","embeddable":true,"href":"https:\/\/global-medica.com\/en\/wp-json\/wp\/v2\/product_tag?post=875"}],"curies":[{"name":"wp","href":"https:\/\/api.w.org\/{rel}","templated":true}]}}