{"id":2817,"date":"2025-01-28T01:20:54","date_gmt":"2025-01-28T01:20:54","guid":{"rendered":"https:\/\/global-medica.com\/?post_type=product&#038;p=2817"},"modified":"2025-04-09T17:03:32","modified_gmt":"2025-04-09T17:03:32","slug":"fmd-smart-mri-detector-de-metales-ferromagneticos-dmf","status":"publish","type":"product","link":"https:\/\/global-medica.com\/en\/product\/fmd-smart-mri-detector-de-metales-ferromagneticos-dmf\/","title":{"rendered":"FMD Smart MRI Ferromagnetic Metal Detector (FMD)"},"content":{"rendered":"<p><span style=\"font-weight: 400;\">The IRadimed FMD Metal Detector with RALU is the ONLY ferromagnetic detection device that incorporates Trusense threat detection technology. <\/span><\/p>\n<p><span style=\"font-weight: 400;\">This <strong>Innovative technology significantly reduces false alarms<\/strong>, a common problem with other brands of FMD, helping to prevent alarm fatigue, improving work safety and efficiency.<\/span><\/p>\n<h2><span style=\"font-weight: 400;\"><br \/>\n<\/span><span style=\"font-weight: 400;\">The Metal Detector continuously adapts to its environment<\/span><\/h2>\n<p><span data-sheets-root=\"1\"><span style=\"font-weight: 400;\">Using advanced, highly sensitive sensors that identify real magnetic threats, your <\/span>operation. <\/span><\/p>\n<p><span data-sheets-root=\"1\">It is based on an electromagnetic detection system that guarantees an immediate response, essential for the protection of patients and medical personnel.<\/span><\/p>\n<h3><span data-sheets-root=\"1\">An essential tool for safety in MRI environments. <\/span><\/h3>\n<p><span data-sheets-root=\"1\">Designed with advanced technology, this detector allows you to identify and locate metals quickly and accurately, minimizing risks in critical areas. <\/span><\/p>\n<p>This device is ideal for hospitals, clinics and diagnostic imaging centers in the Dominican Republic and the Caribbean, where patient safety is a priority.<\/p>\n<h3>Ergonomic and easy-to-use design<\/h3>\n<p>The detector integrates seamlessly into existing safety protocols, allowing rapid assessment before performing MRI studies.<\/p>\n<p>Additionally, its portability and durability make it a reliable option for use in various medical facilities.<\/p>\n<p><span data-sheets-root=\"1\">By choosing the FMD Smart MRI, healthcare professionals can be sure that they are investing in high-quality equipment that meets international safety standards. <\/span><\/p>\n<p><span data-sheets-root=\"1\">Increase the efficiency of your medical practice and ensure peace of mind for your patients with this innovative detector, available for sale and export throughout the Caribbean region.<\/span><\/p>\n<p>It is important to highlight that we are specialists in the sale and training of medical equipment to improve medical processes and diagnoses.<\/p>","protected":false},"excerpt":{"rendered":"<p>El Detector de Metales IRadimed FMD con RALU es el \u00daNICO dispositivo de detecci\u00f3n ferromagn\u00e9tica que incorpora la tecnolog\u00eda de detecci\u00f3n de amenazas Trusense. Esta innovadora tecnolog\u00eda reduce significativamente las falsas alarmas, un problema com\u00fan con otras marcas de FMD, ayudando a prevenir la fatiga de alarma, mejorando la seguridad y eficiencia del trabajo. El [&hellip;]<\/p>\n","protected":false},"featured_media":2821,"comment_status":"open","ping_status":"closed","template":"","meta":[],"product_brand":[],"product_cat":[55],"product_tag":[],"class_list":{"0":"post-2817","1":"product","2":"type-product","3":"status-publish","4":"has-post-thumbnail","6":"product_cat-accesorios-para-resonancia-magnetica","8":"first","9":"instock","10":"shipping-taxable","11":"product-type-simple"},"yoast_head":"<!-- This site is optimized with the Yoast SEO plugin v27.3 - https:\/\/yoast.com\/product\/yoast-seo-wordpress\/ -->\n<title>FMD Smart MRI Ferromagnetic Metal Detector (FMD) - Global Medica - Global M\u00e9dica DR<\/title>\n<meta name=\"description\" content=\"The Metal Detector is the only ferromagnetic detection device that incorporates Trusense threat detection technology.\" \/>\n<meta name=\"robots\" content=\"index, follow, max-snippet:-1, max-image-preview:large, max-video-preview:-1\" \/>\n<link rel=\"canonical\" href=\"https:\/\/global-medica.com\/en\/product\/fmd-smart-mri-detector-de-metales-ferromagneticos-dmf\/\" \/>\n<meta property=\"og:locale\" content=\"en_US\" \/>\n<meta property=\"og:type\" content=\"article\" \/>\n<meta property=\"og:title\" content=\"Smart MRI Detector de Metales - Global Medica - Global M\u00e9dica DR\" \/>\n<meta property=\"og:description\" content=\"Es el \u00daNICO dispositivo de detecci\u00f3n ferromagn\u00e9tica que incorpora la tecnolog\u00eda de detecci\u00f3n de amenazas Trusense. Esta innovadora tecnolog\u00eda reduce significativamente las falsas alarmas, un problema com\u00fan con otras marcas de FMD, ayudando a prevenir la fatiga de alarma y mejorando la seguridad y eficiencia del entorno de trabajo.\" \/>\n<meta property=\"og:url\" content=\"https:\/\/global-medica.com\/en\/product\/fmd-smart-mri-detector-de-metales-ferromagneticos-dmf\/\" \/>\n<meta property=\"og:site_name\" content=\"Global Medica\" \/>\n<meta property=\"article:publisher\" content=\"https:\/\/www.facebook.com\/gmglobalmedica\" \/>\n<meta property=\"article:modified_time\" content=\"2025-04-09T17:03:32+00:00\" \/>\n<meta property=\"og:image\" content=\"https:\/\/global-medica.com\/wp-content\/uploads\/2025\/01\/detector-metales-1.jpg\" \/>\n\t<meta property=\"og:image:width\" content=\"481\" \/>\n\t<meta property=\"og:image:height\" content=\"406\" \/>\n\t<meta property=\"og:image:type\" content=\"image\/jpeg\" \/>\n<meta name=\"twitter:card\" content=\"summary_large_image\" \/>\n<meta name=\"twitter:label1\" content=\"Est. reading time\" \/>\n\t<meta name=\"twitter:data1\" content=\"2 minutes\" \/>\n<script type=\"application\/ld+json\" class=\"yoast-schema-graph\">{\"@context\":\"https:\\\/\\\/schema.org\",\"@graph\":[{\"@type\":[\"WebPage\",\"MedicalWebPage\"],\"@id\":\"https:\\\/\\\/global-medica.com\\\/producto\\\/fmd-smart-mri-detector-de-metales-ferromagneticos-dmf\\\/\",\"url\":\"https:\\\/\\\/global-medica.com\\\/producto\\\/fmd-smart-mri-detector-de-metales-ferromagneticos-dmf\\\/\",\"name\":\"Detector de Metales Ferromagn\u00e9ticos (DMF) FMD Smart MRI\",\"isPartOf\":{\"@id\":\"https:\\\/\\\/global-medica.com\\\/#website\"},\"primaryImageOfPage\":{\"@id\":\"https:\\\/\\\/global-medica.com\\\/producto\\\/fmd-smart-mri-detector-de-metales-ferromagneticos-dmf\\\/#primaryimage\"},\"image\":{\"@id\":\"https:\\\/\\\/global-medica.com\\\/producto\\\/fmd-smart-mri-detector-de-metales-ferromagneticos-dmf\\\/#primaryimage\"},\"thumbnailUrl\":\"https:\\\/\\\/global-medica.com\\\/wp-content\\\/uploads\\\/2025\\\/01\\\/detector-metales-1.jpg\",\"datePublished\":\"2025-01-28T01:20:54+00:00\",\"dateModified\":\"2025-04-09T17:03:32+00:00\",\"description\":\"El Detector de Metales es el \u00fanico dispositivo de detecci\u00f3n ferromagn\u00e9tica que incorpora la tecnolog\u00eda de detecci\u00f3n de amenazas Trusense.\",\"breadcrumb\":{\"@id\":\"https:\\\/\\\/global-medica.com\\\/producto\\\/fmd-smart-mri-detector-de-metales-ferromagneticos-dmf\\\/#breadcrumb\"},\"inLanguage\":\"en-US\",\"potentialAction\":[{\"@type\":\"ReadAction\",\"target\":[\"https:\\\/\\\/global-medica.com\\\/producto\\\/fmd-smart-mri-detector-de-metales-ferromagneticos-dmf\\\/\"]}]},{\"@type\":\"ImageObject\",\"inLanguage\":\"en-US\",\"@id\":\"https:\\\/\\\/global-medica.com\\\/producto\\\/fmd-smart-mri-detector-de-metales-ferromagneticos-dmf\\\/#primaryimage\",\"url\":\"https:\\\/\\\/global-medica.com\\\/wp-content\\\/uploads\\\/2025\\\/01\\\/detector-metales-1.jpg\",\"contentUrl\":\"https:\\\/\\\/global-medica.com\\\/wp-content\\\/uploads\\\/2025\\\/01\\\/detector-metales-1.jpg\",\"width\":481,\"height\":406,\"caption\":\"Detector de Metales\"},{\"@type\":\"BreadcrumbList\",\"@id\":\"https:\\\/\\\/global-medica.com\\\/producto\\\/fmd-smart-mri-detector-de-metales-ferromagneticos-dmf\\\/#breadcrumb\",\"itemListElement\":[{\"@type\":\"ListItem\",\"position\":1,\"name\":\"Home\",\"item\":\"https:\\\/\\\/global-medica.com\\\/\"},{\"@type\":\"ListItem\",\"position\":2,\"name\":\"Productos\",\"item\":\"https:\\\/\\\/global-medica.com\\\/shop\\\/\"},{\"@type\":\"ListItem\",\"position\":3,\"name\":\"FMD Smart MRI Detector de Metales Ferromagn\u00e9ticos (DMF)\"}]},{\"@type\":\"WebSite\",\"@id\":\"https:\\\/\\\/global-medica.com\\\/#website\",\"url\":\"https:\\\/\\\/global-medica.com\\\/\",\"name\":\"Global Medica\",\"description\":\"Global Medica\",\"publisher\":{\"@id\":\"https:\\\/\\\/global-medica.com\\\/#organization\"},\"inLanguage\":\"en-US\"},{\"@type\":\"Organization\",\"@id\":\"https:\\\/\\\/global-medica.com\\\/#organization\",\"name\":\"Global Medica\",\"url\":\"https:\\\/\\\/global-medica.com\\\/\",\"logo\":{\"@type\":\"ImageObject\",\"inLanguage\":\"en-US\",\"@id\":\"https:\\\/\\\/global-medica.com\\\/#\\\/schema\\\/logo\\\/image\\\/\",\"url\":\"https:\\\/\\\/global-medica.com\\\/wp-content\\\/uploads\\\/2024\\\/04\\\/global-logo.png\",\"contentUrl\":\"https:\\\/\\\/global-medica.com\\\/wp-content\\\/uploads\\\/2024\\\/04\\\/global-logo.png\",\"width\":312,\"height\":84,\"caption\":\"Global Medica\"},\"image\":{\"@id\":\"https:\\\/\\\/global-medica.com\\\/#\\\/schema\\\/logo\\\/image\\\/\"},\"sameAs\":[\"https:\\\/\\\/www.facebook.com\\\/gmglobalmedica\",\"https:\\\/\\\/www.instagram.com\\\/globalmedica\\\/\",\"https:\\\/\\\/www.linkedin.com\\\/company\\\/67924728\",\"https:\\\/\\\/www.youtube.com\\\/channel\\\/UCWT2KUVVms56vwB0N9r8qKQ\\\/\"]}]}<\/script>\n<!-- \/ Yoast SEO plugin. -->","yoast_head_json":{"title":"FMD Smart MRI Ferromagnetic Metal Detector (FMD) - Global Medica - Global M\u00e9dica DR","description":"The Metal Detector is the only ferromagnetic detection device that incorporates Trusense threat detection technology.","robots":{"index":"index","follow":"follow","max-snippet":"max-snippet:-1","max-image-preview":"max-image-preview:large","max-video-preview":"max-video-preview:-1"},"canonical":"https:\/\/global-medica.com\/en\/product\/fmd-smart-mri-detector-de-metales-ferromagneticos-dmf\/","og_locale":"en_US","og_type":"article","og_title":"Smart MRI Detector de Metales - Global Medica - Global M\u00e9dica DR","og_description":"Es el \u00daNICO dispositivo de detecci\u00f3n ferromagn\u00e9tica que incorpora la tecnolog\u00eda de detecci\u00f3n de amenazas Trusense. Esta innovadora tecnolog\u00eda reduce significativamente las falsas alarmas, un problema com\u00fan con otras marcas de FMD, ayudando a prevenir la fatiga de alarma y mejorando la seguridad y eficiencia del entorno de trabajo.","og_url":"https:\/\/global-medica.com\/en\/product\/fmd-smart-mri-detector-de-metales-ferromagneticos-dmf\/","og_site_name":"Global Medica","article_publisher":"https:\/\/www.facebook.com\/gmglobalmedica","article_modified_time":"2025-04-09T17:03:32+00:00","og_image":[{"width":481,"height":406,"url":"https:\/\/global-medica.com\/wp-content\/uploads\/2025\/01\/detector-metales-1.jpg","type":"image\/jpeg"}],"twitter_card":"summary_large_image","twitter_misc":{"Est. reading time":"2 minutes"},"schema":{"@context":"https:\/\/schema.org","@graph":[{"@type":["WebPage","MedicalWebPage"],"@id":"https:\/\/global-medica.com\/producto\/fmd-smart-mri-detector-de-metales-ferromagneticos-dmf\/","url":"https:\/\/global-medica.com\/producto\/fmd-smart-mri-detector-de-metales-ferromagneticos-dmf\/","name":"FMD Smart MRI Ferromagnetic Metal Detector (FMD)","isPartOf":{"@id":"https:\/\/global-medica.com\/#website"},"primaryImageOfPage":{"@id":"https:\/\/global-medica.com\/producto\/fmd-smart-mri-detector-de-metales-ferromagneticos-dmf\/#primaryimage"},"image":{"@id":"https:\/\/global-medica.com\/producto\/fmd-smart-mri-detector-de-metales-ferromagneticos-dmf\/#primaryimage"},"thumbnailUrl":"https:\/\/global-medica.com\/wp-content\/uploads\/2025\/01\/detector-metales-1.jpg","datePublished":"2025-01-28T01:20:54+00:00","dateModified":"2025-04-09T17:03:32+00:00","description":"The Metal Detector is the only ferromagnetic detection device that incorporates Trusense threat detection technology.","breadcrumb":{"@id":"https:\/\/global-medica.com\/producto\/fmd-smart-mri-detector-de-metales-ferromagneticos-dmf\/#breadcrumb"},"inLanguage":"en-US","potentialAction":[{"@type":"ReadAction","target":["https:\/\/global-medica.com\/producto\/fmd-smart-mri-detector-de-metales-ferromagneticos-dmf\/"]}]},{"@type":"ImageObject","inLanguage":"en-US","@id":"https:\/\/global-medica.com\/producto\/fmd-smart-mri-detector-de-metales-ferromagneticos-dmf\/#primaryimage","url":"https:\/\/global-medica.com\/wp-content\/uploads\/2025\/01\/detector-metales-1.jpg","contentUrl":"https:\/\/global-medica.com\/wp-content\/uploads\/2025\/01\/detector-metales-1.jpg","width":481,"height":406,"caption":"Detector de Metales"},{"@type":"BreadcrumbList","@id":"https:\/\/global-medica.com\/producto\/fmd-smart-mri-detector-de-metales-ferromagneticos-dmf\/#breadcrumb","itemListElement":[{"@type":"ListItem","position":1,"name":"Home","item":"https:\/\/global-medica.com\/"},{"@type":"ListItem","position":2,"name":"Productos","item":"https:\/\/global-medica.com\/shop\/"},{"@type":"ListItem","position":3,"name":"FMD Smart MRI Detector de Metales Ferromagn\u00e9ticos (DMF)"}]},{"@type":"WebSite","@id":"https:\/\/global-medica.com\/#website","url":"https:\/\/global-medica.com\/","name":"Global Medica","description":"Global Medica","publisher":{"@id":"https:\/\/global-medica.com\/#organization"},"inLanguage":"en-US"},{"@type":"Organization","@id":"https:\/\/global-medica.com\/#organization","name":"Global Medica","url":"https:\/\/global-medica.com\/","logo":{"@type":"ImageObject","inLanguage":"en-US","@id":"https:\/\/global-medica.com\/#\/schema\/logo\/image\/","url":"https:\/\/global-medica.com\/wp-content\/uploads\/2024\/04\/global-logo.png","contentUrl":"https:\/\/global-medica.com\/wp-content\/uploads\/2024\/04\/global-logo.png","width":312,"height":84,"caption":"Global Medica"},"image":{"@id":"https:\/\/global-medica.com\/#\/schema\/logo\/image\/"},"sameAs":["https:\/\/www.facebook.com\/gmglobalmedica","https:\/\/www.instagram.com\/globalmedica\/","https:\/\/www.linkedin.com\/company\/67924728","https:\/\/www.youtube.com\/channel\/UCWT2KUVVms56vwB0N9r8qKQ\/"]}]}},"_links":{"self":[{"href":"https:\/\/global-medica.com\/en\/wp-json\/wp\/v2\/product\/2817","targetHints":{"allow":["GET"]}}],"collection":[{"href":"https:\/\/global-medica.com\/en\/wp-json\/wp\/v2\/product"}],"about":[{"href":"https:\/\/global-medica.com\/en\/wp-json\/wp\/v2\/types\/product"}],"replies":[{"embeddable":true,"href":"https:\/\/global-medica.com\/en\/wp-json\/wp\/v2\/comments?post=2817"}],"wp:featuredmedia":[{"embeddable":true,"href":"https:\/\/global-medica.com\/en\/wp-json\/wp\/v2\/media\/2821"}],"wp:attachment":[{"href":"https:\/\/global-medica.com\/en\/wp-json\/wp\/v2\/media?parent=2817"}],"wp:term":[{"taxonomy":"product_brand","embeddable":true,"href":"https:\/\/global-medica.com\/en\/wp-json\/wp\/v2\/product_brand?post=2817"},{"taxonomy":"product_cat","embeddable":true,"href":"https:\/\/global-medica.com\/en\/wp-json\/wp\/v2\/product_cat?post=2817"},{"taxonomy":"product_tag","embeddable":true,"href":"https:\/\/global-medica.com\/en\/wp-json\/wp\/v2\/product_tag?post=2817"}],"curies":[{"name":"wp","href":"https:\/\/api.w.org\/{rel}","templated":true}]}}