{"id":2626,"date":"2024-10-01T22:35:34","date_gmt":"2024-10-01T22:35:34","guid":{"rendered":"https:\/\/global-medica.com\/?post_type=product&#038;p=2626"},"modified":"2026-03-28T18:55:18","modified_gmt":"2026-03-28T18:55:18","slug":"elite-miniview","status":"publish","type":"product","link":"https:\/\/global-medica.com\/en\/product\/elite-miniview\/","title":{"rendered":"Elite MiniView \u2013 Mini C-Arm"},"content":{"rendered":"<p class=\"font_8 wixui-rich-text__text\"><span class=\"wixui-rich-text__text\">The OEC Elite MiniView \u2013 Mini C-Arm is designed based on the daily experiences of extremity surgeons. It streamlines workflow, enhances comfort, and improves control with a simplified, compact C-arm solution. <\/span><\/p>\n<h2 class=\"font_8 wixui-rich-text__text\"><span class=\"wixui-rich-text__text\">The OEC Elite MiniView can improve your experience of mini C-arm allowing you to: <\/span><\/h2>\n<ul>\n<li class=\"font_8 wixui-rich-text__text\"><span class=\"wixui-rich-text__text\">Manage your mini C-arm with one hand with ease and speed <\/span><\/li>\n<li class=\"font_8 wixui-rich-text__text\"><span class=\"wixui-rich-text__text\">See dual images, detailed, and full-size without effort <\/span><\/li>\n<li class=\"font_8 wixui-rich-text__text\"><span class=\"wixui-rich-text__text\">To optimize the image quality and dose <\/span><\/li>\n<li class=\"font_8 wixui-rich-text__text\"><span class=\"wixui-rich-text__text\">Have your mini C.\u00a0<\/span><\/li>\n<li class=\"font_8 wixui-rich-text__text\"><span class=\"wixui-rich-text__text\">Reliability of the arm to support a greater productivity.<\/span><\/li>\n<\/ul>\n<p><span data-sheets-root=\"1\">The Elite Lcd \u2013 mini-C-arm is a team of high-precision designed to meet the needs of diagnosis in the medical field. <\/span><\/p>\n<p><span data-sheets-root=\"1\">Its ergonomic design, portable and easy to use in various configurations clinics, from clinics to hospitals.<\/span><\/p>\n<p>With advanced technology, the Elite Lcd ensures minimal exposure to the patient and to the staff, thanks to its system of control of dose-optimized.<\/p>\n<p><span data-sheets-root=\"1\">Its easy handling and quick setting make it an indispensable tool for radiologists and technicians of the image. <\/span><\/p>\n<p><span data-sheets-root=\"1\">In addition, its ability to integrate with systems of image management (PACS) allows an efficient management of data, improving the quality of patient care.<\/span><\/p>\n<h2>This mini C-arm<\/h2>\n<p>it is ideal for surgical procedures, orthopedic and trauma, providing real-time images that are crucial for clinical decision-making.<\/p>\n<p><span data-sheets-root=\"1\">The robustness and reliability of the Elite MiniView make it perfect for use in the Dominican Republic and the Caribbean, where the demand for quality medical technology is constantly growing.<\/span><\/p>\n<p>When you choose the Elite Lcd, the professional of the health of not only invest in a latest-generation equipment, but also contribute to raising the standards of medical care in the region.<\/p>\n<p><span data-sheets-root=\"1\">Find out how this mini C-arm can transform your practice and improve outcomes for your patients.<\/span><\/p>\n<p>&nbsp;<\/p>\n<p><a class=\"elboton\" href=\"https:\/\/latam.gehealthcare.com\/products\/surgical-imaging\/oec-miniview\" target=\"_blank\" rel=\"noopener\">Link to the brand<\/a><\/p>","protected":false},"excerpt":{"rendered":"<p>GE observ\u00f3 las experiencias diarias de los cirujanos de extremidades e identific\u00f3 formas de ayudarlo a mejorar su flujo de trabajo, comodidad y control con un dise\u00f1o de mini arco en C simplificado. El OEC Elite MiniView puede mejorar su experiencia de mini arco en C permiti\u00e9ndole: Manejar su mini arco en C con una [&hellip;]<\/p>\n","protected":false},"featured_media":2627,"comment_status":"open","ping_status":"closed","template":"","meta":[],"product_brand":[66],"product_cat":[29],"product_tag":[],"class_list":{"0":"post-2626","1":"product","2":"type-product","3":"status-publish","4":"has-post-thumbnail","6":"product_brand-general-electric","7":"product_cat-arco-en-c","9":"first","10":"instock","11":"shipping-taxable","12":"product-type-simple"},"yoast_head":"<!-- This site is optimized with the Yoast SEO plugin v27.3 - https:\/\/yoast.com\/product\/yoast-seo-wordpress\/ -->\n<title>Elite MiniView - mini C-arm - Global Medica - Global M\u00e9dica DR<\/title>\n<meta name=\"description\" content=\"The Elite MiniView Mini C-Bow can enhance your experience by allowing you to operate your mini C-Bow one-handed with speed and ease.\" \/>\n<meta name=\"robots\" content=\"index, follow, max-snippet:-1, max-image-preview:large, max-video-preview:-1\" \/>\n<link rel=\"canonical\" href=\"https:\/\/global-medica.com\/en\/product\/elite-miniview\/\" \/>\n<meta property=\"og:locale\" content=\"en_US\" \/>\n<meta property=\"og:type\" content=\"article\" \/>\n<meta property=\"og:title\" content=\"Elite MiniView - mini C-arm - Global Medica - Global M\u00e9dica DR\" \/>\n<meta property=\"og:description\" content=\"El OEC Elite MiniView puede mejorar su experiencia de mini arco en C permiti\u00e9ndole:Manejar su mini arco en C con una sola mano con velocidad y facilidadVer im\u00e1genes duales detalladas y de tama\u00f1o completo sin esfuerzoOptimizar la calidad de imagen y la dosisCuente con su mini C.\u00a0Fiabilidad del brazo para soportar una mayor productividad.\" \/>\n<meta property=\"og:url\" content=\"https:\/\/global-medica.com\/en\/product\/elite-miniview\/\" \/>\n<meta property=\"og:site_name\" content=\"Global Medica\" \/>\n<meta property=\"article:publisher\" content=\"https:\/\/www.facebook.com\/gmglobalmedica\" \/>\n<meta property=\"article:modified_time\" content=\"2026-03-28T18:55:18+00:00\" \/>\n<meta property=\"og:image\" content=\"https:\/\/global-medica.com\/wp-content\/uploads\/2024\/10\/OEC-Miniview-copy.webp\" \/>\n\t<meta property=\"og:image:width\" content=\"481\" \/>\n\t<meta property=\"og:image:height\" content=\"407\" \/>\n\t<meta property=\"og:image:type\" content=\"image\/webp\" \/>\n<meta name=\"twitter:card\" content=\"summary_large_image\" \/>\n<meta name=\"twitter:label1\" content=\"Est. reading time\" \/>\n\t<meta name=\"twitter:data1\" content=\"2 minutes\" \/>\n<script type=\"application\/ld+json\" class=\"yoast-schema-graph\">{\"@context\":\"https:\\\/\\\/schema.org\",\"@graph\":[{\"@type\":[\"WebPage\",\"MedicalWebPage\"],\"@id\":\"https:\\\/\\\/global-medica.com\\\/producto\\\/elite-miniview\\\/\",\"url\":\"https:\\\/\\\/global-medica.com\\\/producto\\\/elite-miniview\\\/\",\"name\":\"Elite MiniView - mini arco en C\",\"isPartOf\":{\"@id\":\"https:\\\/\\\/global-medica.com\\\/#website\"},\"primaryImageOfPage\":{\"@id\":\"https:\\\/\\\/global-medica.com\\\/producto\\\/elite-miniview\\\/#primaryimage\"},\"image\":{\"@id\":\"https:\\\/\\\/global-medica.com\\\/producto\\\/elite-miniview\\\/#primaryimage\"},\"thumbnailUrl\":\"https:\\\/\\\/global-medica.com\\\/wp-content\\\/uploads\\\/2024\\\/10\\\/OEC-Miniview-copy.webp\",\"datePublished\":\"2024-10-01T22:35:34+00:00\",\"dateModified\":\"2026-03-28T18:55:18+00:00\",\"description\":\"El Elite MiniView Mini Arco en C puede mejorar su experiencia permiti\u00e9ndole manejar su mini arco en C con una sola mano con velocidad y facilidad\",\"breadcrumb\":{\"@id\":\"https:\\\/\\\/global-medica.com\\\/producto\\\/elite-miniview\\\/#breadcrumb\"},\"inLanguage\":\"en-US\",\"potentialAction\":[{\"@type\":\"ReadAction\",\"target\":[\"https:\\\/\\\/global-medica.com\\\/producto\\\/elite-miniview\\\/\"]}]},{\"@type\":\"ImageObject\",\"inLanguage\":\"en-US\",\"@id\":\"https:\\\/\\\/global-medica.com\\\/producto\\\/elite-miniview\\\/#primaryimage\",\"url\":\"https:\\\/\\\/global-medica.com\\\/wp-content\\\/uploads\\\/2024\\\/10\\\/OEC-Miniview-copy.webp\",\"contentUrl\":\"https:\\\/\\\/global-medica.com\\\/wp-content\\\/uploads\\\/2024\\\/10\\\/OEC-Miniview-copy.webp\",\"width\":481,\"height\":407,\"caption\":\"Elite MiniView - mini arco en C\"},{\"@type\":\"BreadcrumbList\",\"@id\":\"https:\\\/\\\/global-medica.com\\\/producto\\\/elite-miniview\\\/#breadcrumb\",\"itemListElement\":[{\"@type\":\"ListItem\",\"position\":1,\"name\":\"Home\",\"item\":\"https:\\\/\\\/global-medica.com\\\/\"},{\"@type\":\"ListItem\",\"position\":2,\"name\":\"Productos\",\"item\":\"https:\\\/\\\/global-medica.com\\\/shop\\\/\"},{\"@type\":\"ListItem\",\"position\":3,\"name\":\"Elite MiniView &#8211; mini arco en C\"}]},{\"@type\":\"WebSite\",\"@id\":\"https:\\\/\\\/global-medica.com\\\/#website\",\"url\":\"https:\\\/\\\/global-medica.com\\\/\",\"name\":\"Global Medica\",\"description\":\"Global Medica\",\"publisher\":{\"@id\":\"https:\\\/\\\/global-medica.com\\\/#organization\"},\"inLanguage\":\"en-US\"},{\"@type\":\"Organization\",\"@id\":\"https:\\\/\\\/global-medica.com\\\/#organization\",\"name\":\"Global Medica\",\"url\":\"https:\\\/\\\/global-medica.com\\\/\",\"logo\":{\"@type\":\"ImageObject\",\"inLanguage\":\"en-US\",\"@id\":\"https:\\\/\\\/global-medica.com\\\/#\\\/schema\\\/logo\\\/image\\\/\",\"url\":\"https:\\\/\\\/global-medica.com\\\/wp-content\\\/uploads\\\/2024\\\/04\\\/global-logo.png\",\"contentUrl\":\"https:\\\/\\\/global-medica.com\\\/wp-content\\\/uploads\\\/2024\\\/04\\\/global-logo.png\",\"width\":312,\"height\":84,\"caption\":\"Global Medica\"},\"image\":{\"@id\":\"https:\\\/\\\/global-medica.com\\\/#\\\/schema\\\/logo\\\/image\\\/\"},\"sameAs\":[\"https:\\\/\\\/www.facebook.com\\\/gmglobalmedica\",\"https:\\\/\\\/www.instagram.com\\\/globalmedica\\\/\",\"https:\\\/\\\/www.linkedin.com\\\/company\\\/67924728\",\"https:\\\/\\\/www.youtube.com\\\/channel\\\/UCWT2KUVVms56vwB0N9r8qKQ\\\/\"]}]}<\/script>\n<!-- \/ Yoast SEO plugin. -->","yoast_head_json":{"title":"Elite MiniView - mini C-arm - Global Medica - Global M\u00e9dica DR","description":"The Elite MiniView Mini C-Bow can enhance your experience by allowing you to operate your mini C-Bow one-handed with speed and ease.","robots":{"index":"index","follow":"follow","max-snippet":"max-snippet:-1","max-image-preview":"max-image-preview:large","max-video-preview":"max-video-preview:-1"},"canonical":"https:\/\/global-medica.com\/en\/product\/elite-miniview\/","og_locale":"en_US","og_type":"article","og_title":"Elite MiniView - mini C-arm - Global Medica - Global M\u00e9dica DR","og_description":"El OEC Elite MiniView puede mejorar su experiencia de mini arco en C permiti\u00e9ndole:Manejar su mini arco en C con una sola mano con velocidad y facilidadVer im\u00e1genes duales detalladas y de tama\u00f1o completo sin esfuerzoOptimizar la calidad de imagen y la dosisCuente con su mini C.\u00a0Fiabilidad del brazo para soportar una mayor productividad.","og_url":"https:\/\/global-medica.com\/en\/product\/elite-miniview\/","og_site_name":"Global Medica","article_publisher":"https:\/\/www.facebook.com\/gmglobalmedica","article_modified_time":"2026-03-28T18:55:18+00:00","og_image":[{"width":481,"height":407,"url":"https:\/\/global-medica.com\/wp-content\/uploads\/2024\/10\/OEC-Miniview-copy.webp","type":"image\/webp"}],"twitter_card":"summary_large_image","twitter_misc":{"Est. reading time":"2 minutes"},"schema":{"@context":"https:\/\/schema.org","@graph":[{"@type":["WebPage","MedicalWebPage"],"@id":"https:\/\/global-medica.com\/producto\/elite-miniview\/","url":"https:\/\/global-medica.com\/producto\/elite-miniview\/","name":"Elite MiniView - mini C-arm","isPartOf":{"@id":"https:\/\/global-medica.com\/#website"},"primaryImageOfPage":{"@id":"https:\/\/global-medica.com\/producto\/elite-miniview\/#primaryimage"},"image":{"@id":"https:\/\/global-medica.com\/producto\/elite-miniview\/#primaryimage"},"thumbnailUrl":"https:\/\/global-medica.com\/wp-content\/uploads\/2024\/10\/OEC-Miniview-copy.webp","datePublished":"2024-10-01T22:35:34+00:00","dateModified":"2026-03-28T18:55:18+00:00","description":"The Elite MiniView Mini C-Bow can enhance your experience by allowing you to operate your mini C-Bow one-handed with speed and ease.","breadcrumb":{"@id":"https:\/\/global-medica.com\/producto\/elite-miniview\/#breadcrumb"},"inLanguage":"en-US","potentialAction":[{"@type":"ReadAction","target":["https:\/\/global-medica.com\/producto\/elite-miniview\/"]}]},{"@type":"ImageObject","inLanguage":"en-US","@id":"https:\/\/global-medica.com\/producto\/elite-miniview\/#primaryimage","url":"https:\/\/global-medica.com\/wp-content\/uploads\/2024\/10\/OEC-Miniview-copy.webp","contentUrl":"https:\/\/global-medica.com\/wp-content\/uploads\/2024\/10\/OEC-Miniview-copy.webp","width":481,"height":407,"caption":"Elite MiniView - mini arco en C"},{"@type":"BreadcrumbList","@id":"https:\/\/global-medica.com\/producto\/elite-miniview\/#breadcrumb","itemListElement":[{"@type":"ListItem","position":1,"name":"Home","item":"https:\/\/global-medica.com\/"},{"@type":"ListItem","position":2,"name":"Productos","item":"https:\/\/global-medica.com\/shop\/"},{"@type":"ListItem","position":3,"name":"Elite MiniView &#8211; mini arco en C"}]},{"@type":"WebSite","@id":"https:\/\/global-medica.com\/#website","url":"https:\/\/global-medica.com\/","name":"Global Medica","description":"Global Medica","publisher":{"@id":"https:\/\/global-medica.com\/#organization"},"inLanguage":"en-US"},{"@type":"Organization","@id":"https:\/\/global-medica.com\/#organization","name":"Global Medica","url":"https:\/\/global-medica.com\/","logo":{"@type":"ImageObject","inLanguage":"en-US","@id":"https:\/\/global-medica.com\/#\/schema\/logo\/image\/","url":"https:\/\/global-medica.com\/wp-content\/uploads\/2024\/04\/global-logo.png","contentUrl":"https:\/\/global-medica.com\/wp-content\/uploads\/2024\/04\/global-logo.png","width":312,"height":84,"caption":"Global Medica"},"image":{"@id":"https:\/\/global-medica.com\/#\/schema\/logo\/image\/"},"sameAs":["https:\/\/www.facebook.com\/gmglobalmedica","https:\/\/www.instagram.com\/globalmedica\/","https:\/\/www.linkedin.com\/company\/67924728","https:\/\/www.youtube.com\/channel\/UCWT2KUVVms56vwB0N9r8qKQ\/"]}]}},"_links":{"self":[{"href":"https:\/\/global-medica.com\/en\/wp-json\/wp\/v2\/product\/2626","targetHints":{"allow":["GET"]}}],"collection":[{"href":"https:\/\/global-medica.com\/en\/wp-json\/wp\/v2\/product"}],"about":[{"href":"https:\/\/global-medica.com\/en\/wp-json\/wp\/v2\/types\/product"}],"replies":[{"embeddable":true,"href":"https:\/\/global-medica.com\/en\/wp-json\/wp\/v2\/comments?post=2626"}],"wp:featuredmedia":[{"embeddable":true,"href":"https:\/\/global-medica.com\/en\/wp-json\/wp\/v2\/media\/2627"}],"wp:attachment":[{"href":"https:\/\/global-medica.com\/en\/wp-json\/wp\/v2\/media?parent=2626"}],"wp:term":[{"taxonomy":"product_brand","embeddable":true,"href":"https:\/\/global-medica.com\/en\/wp-json\/wp\/v2\/product_brand?post=2626"},{"taxonomy":"product_cat","embeddable":true,"href":"https:\/\/global-medica.com\/en\/wp-json\/wp\/v2\/product_cat?post=2626"},{"taxonomy":"product_tag","embeddable":true,"href":"https:\/\/global-medica.com\/en\/wp-json\/wp\/v2\/product_tag?post=2626"}],"curies":[{"name":"wp","href":"https:\/\/api.w.org\/{rel}","templated":true}]}}