{"id":2615,"date":"2024-10-01T12:52:00","date_gmt":"2024-10-01T12:52:00","guid":{"rendered":"https:\/\/global-medica.com\/?post_type=product&#038;p=2615"},"modified":"2026-03-26T20:29:06","modified_gmt":"2026-03-26T20:29:06","slug":"pet-ct-discovery-iq-2","status":"publish","type":"product","link":"https:\/\/global-medica.com\/en\/product\/pet-ct-discovery-iq-2\/","title":{"rendered":"Discovery IQ PET\/CT"},"content":{"rendered":"<h3>Discovery IQ system is the PET \/ CT most widely used and trusted by doctors around the world.<\/h3>\n<p>It was designed and manufactured to be a diagnostic system for high performance and scalable with the ability to produce exceptional image quality with less dose.<\/p>\n<p>The most important thing is that it is created on a platform designed to meet and exceed their clinical needs as they grow.<\/p>\n<p>To continue with this momentum, we present the Discovery IQ Gen 2. The next generation in performance of PET \/ CT dedicated to improving their clinical outcomes, productivity and profitability.<\/p>\n<h2><span data-sheets-root=\"1\">The Discovery IQ PET\/CT <\/span><\/h2>\n<p><span data-sheets-root=\"1\">It is an innovative system of medical imaging, designed to deliver accurate diagnoses and efficient in the evaluation of oncological diseases and other clinical conditions. <\/span><\/p>\n<p><span data-sheets-root=\"1\">This team combines positron emission tomography (PET) with computed tomography (CT), providing images of high resolution and sensitivity. <\/span><\/p>\n<p><span data-sheets-root=\"1\">Thanks to its advanced technology, the Discovery IQ allows better visualization of tumour lesions, facilitating the early detection and monitoring of treatment in patients.<\/span><\/p>\n<p>Its ergonomic design and its intuitive interface optimize the flow of work in clinical settings, enhancing the experience for both the physicians and the patients.<\/p>\n<p><span data-sheets-root=\"1\">In addition, the Discovery IQ PET\/CT is highlighted by your ability to perform imaging studies quickly, resulting in a significant reduction of the waiting time for the patients.<\/span><\/p>\n<p>In the Dominican Republic and the Caribbean, we offer the sale and export of this cutting-edge equipment for the diagnosis and treatment of diseases.<\/p>\n<h2><span data-sheets-root=\"1\">Invest in the Discovery IQ PET\/CT <\/span><\/h2>\n<p><span data-sheets-root=\"1\">Is to ensure a high standard of medical care, supporting health professionals in their mission to provide diagnoses and effective treatments. <\/span><\/p>\n<p><span data-sheets-root=\"1\">For more information on pricing and availability, contact us and discover how this system can transform your medical practice.<\/span><\/p>\n<p>&nbsp;<\/p>\n<p><a class=\"elboton\" href=\"https:\/\/www.gehealthcare.com\/products\/molecular-imaging\/pet-ct\/discovery-iq-gen-2\" target=\"_blank\" rel=\"noopener\">Link to the brand<\/a><\/p>","protected":false},"excerpt":{"rendered":"<p>Discovery IQ system is the PET \/ CT most widely used and trusted by doctors around the world.<\/p>","protected":false},"featured_media":2613,"comment_status":"open","ping_status":"closed","template":"","meta":[],"product_brand":[],"product_cat":[62],"product_tag":[],"class_list":{"0":"post-2615","1":"product","2":"type-product","3":"status-publish","4":"has-post-thumbnail","6":"product_cat-imagen-molecular","8":"first","9":"instock","10":"shipping-taxable","11":"product-type-simple"},"yoast_head":"<!-- This site is optimized with the Yoast SEO plugin v25.7 - https:\/\/yoast.com\/wordpress\/plugins\/seo\/ -->\n<title>Discovery IQ PET\/CT<\/title>\n<meta name=\"description\" content=\"Discovery IQ es el sistema PET\/CT m\u00e1s utilizado y confiable entre los m\u00e9dicos de todo el mundo, dise\u00f1ado para diagn\u00f3sticos escalables y de alto rendimiento\" \/>\n<meta name=\"robots\" content=\"index, follow, max-snippet:-1, max-image-preview:large, max-video-preview:-1\" \/>\n<link rel=\"canonical\" href=\"https:\/\/global-medica.com\/en\/product\/pet-ct-discovery-iq-2\/\" \/>\n<meta property=\"og:locale\" content=\"en_US\" \/>\n<meta property=\"og:type\" content=\"article\" \/>\n<meta property=\"og:title\" content=\"Discovery IQ\" \/>\n<meta property=\"og:description\" content=\"Discovery IQ es el sistema PET \/ CT m\u00e1s utilizado y confiable entre los m\u00e9dicos de todo el mundo. Fue dise\u00f1ado y fabricado para ser un sistema de diagn\u00f3stico escalable y de alto rendimiento con la capacidad de producir una calidad de imagen excepcional con menos dosis.\" \/>\n<meta property=\"og:url\" content=\"https:\/\/global-medica.com\/en\/product\/pet-ct-discovery-iq-2\/\" \/>\n<meta property=\"og:site_name\" content=\"Global Medica\" \/>\n<meta property=\"article:publisher\" content=\"https:\/\/www.facebook.com\/gmglobalmedica\" \/>\n<meta property=\"article:modified_time\" content=\"2026-03-26T20:29:06+00:00\" \/>\n<meta property=\"og:image\" content=\"https:\/\/global-medica.com\/wp-content\/uploads\/2024\/10\/pet-discovery.webp\" \/>\n\t<meta property=\"og:image:width\" content=\"481\" \/>\n\t<meta property=\"og:image:height\" content=\"406\" \/>\n\t<meta property=\"og:image:type\" content=\"image\/webp\" \/>\n<meta name=\"twitter:card\" content=\"summary_large_image\" \/>\n<meta name=\"twitter:label1\" content=\"Est. reading time\" \/>\n\t<meta name=\"twitter:data1\" content=\"2 minutes\" \/>\n<script type=\"application\/ld+json\" class=\"yoast-schema-graph\">{\"@context\":\"https:\/\/schema.org\",\"@graph\":[{\"@type\":\"WebPage\",\"@id\":\"https:\/\/global-medica.com\/producto\/pet-ct-discovery-iq-2\/\",\"url\":\"https:\/\/global-medica.com\/producto\/pet-ct-discovery-iq-2\/\",\"name\":\"Discovery IQ PET\/CT\",\"isPartOf\":{\"@id\":\"https:\/\/global-medica.com\/#website\"},\"primaryImageOfPage\":{\"@id\":\"https:\/\/global-medica.com\/producto\/pet-ct-discovery-iq-2\/#primaryimage\"},\"image\":{\"@id\":\"https:\/\/global-medica.com\/producto\/pet-ct-discovery-iq-2\/#primaryimage\"},\"thumbnailUrl\":\"https:\/\/global-medica.com\/wp-content\/uploads\/2024\/10\/pet-discovery.webp\",\"datePublished\":\"2024-10-01T12:52:00+00:00\",\"dateModified\":\"2026-03-26T20:29:06+00:00\",\"description\":\"Discovery IQ es el sistema PET\/CT m\u00e1s utilizado y confiable entre los m\u00e9dicos de todo el mundo, dise\u00f1ado para diagn\u00f3sticos escalables y de alto rendimiento\",\"breadcrumb\":{\"@id\":\"https:\/\/global-medica.com\/producto\/pet-ct-discovery-iq-2\/#breadcrumb\"},\"inLanguage\":\"en-US\",\"potentialAction\":[{\"@type\":\"ReadAction\",\"target\":[\"https:\/\/global-medica.com\/producto\/pet-ct-discovery-iq-2\/\"]}]},{\"@type\":\"ImageObject\",\"inLanguage\":\"en-US\",\"@id\":\"https:\/\/global-medica.com\/producto\/pet-ct-discovery-iq-2\/#primaryimage\",\"url\":\"https:\/\/global-medica.com\/wp-content\/uploads\/2024\/10\/pet-discovery.webp\",\"contentUrl\":\"https:\/\/global-medica.com\/wp-content\/uploads\/2024\/10\/pet-discovery.webp\",\"width\":481,\"height\":406,\"caption\":\"Discovery IQ\"},{\"@type\":\"BreadcrumbList\",\"@id\":\"https:\/\/global-medica.com\/producto\/pet-ct-discovery-iq-2\/#breadcrumb\",\"itemListElement\":[{\"@type\":\"ListItem\",\"position\":1,\"name\":\"Home\",\"item\":\"https:\/\/global-medica.com\/\"},{\"@type\":\"ListItem\",\"position\":2,\"name\":\"Productos\",\"item\":\"https:\/\/global-medica.com\/shop\/\"},{\"@type\":\"ListItem\",\"position\":3,\"name\":\"Discovery IQ PET\/CT\"}]},{\"@type\":\"WebSite\",\"@id\":\"https:\/\/global-medica.com\/#website\",\"url\":\"https:\/\/global-medica.com\/\",\"name\":\"Global Medica\",\"description\":\"Global Medica\",\"publisher\":{\"@id\":\"https:\/\/global-medica.com\/#organization\"},\"potentialAction\":[{\"@type\":\"SearchAction\",\"target\":{\"@type\":\"EntryPoint\",\"urlTemplate\":\"https:\/\/global-medica.com\/?s={search_term_string}\"},\"query-input\":{\"@type\":\"PropertyValueSpecification\",\"valueRequired\":true,\"valueName\":\"search_term_string\"}}],\"inLanguage\":\"en-US\"},{\"@type\":\"Organization\",\"@id\":\"https:\/\/global-medica.com\/#organization\",\"name\":\"Global Medica\",\"url\":\"https:\/\/global-medica.com\/\",\"logo\":{\"@type\":\"ImageObject\",\"inLanguage\":\"en-US\",\"@id\":\"https:\/\/global-medica.com\/#\/schema\/logo\/image\/\",\"url\":\"https:\/\/global-medica.com\/wp-content\/uploads\/2024\/04\/global-logo.png\",\"contentUrl\":\"https:\/\/global-medica.com\/wp-content\/uploads\/2024\/04\/global-logo.png\",\"width\":312,\"height\":84,\"caption\":\"Global Medica\"},\"image\":{\"@id\":\"https:\/\/global-medica.com\/#\/schema\/logo\/image\/\"},\"sameAs\":[\"https:\/\/www.facebook.com\/gmglobalmedica\",\"https:\/\/www.instagram.com\/globalmedica\/\",\"https:\/\/www.linkedin.com\/company\/67924728\",\"https:\/\/www.youtube.com\/channel\/UCWT2KUVVms56vwB0N9r8qKQ\/\"]}]}<\/script>\n<!-- \/ Yoast SEO plugin. -->","yoast_head_json":{"title":"Discovery IQ PET\/CT","description":"Discovery IQ is the most used and trusted PET\/CT system among clinicians worldwide, designed for high-throughput, scalable diagnostics.","robots":{"index":"index","follow":"follow","max-snippet":"max-snippet:-1","max-image-preview":"max-image-preview:large","max-video-preview":"max-video-preview:-1"},"canonical":"https:\/\/global-medica.com\/en\/product\/pet-ct-discovery-iq-2\/","og_locale":"en_US","og_type":"article","og_title":"Discovery IQ","og_description":"Discovery IQ es el sistema PET \/ CT m\u00e1s utilizado y confiable entre los m\u00e9dicos de todo el mundo. Fue dise\u00f1ado y fabricado para ser un sistema de diagn\u00f3stico escalable y de alto rendimiento con la capacidad de producir una calidad de imagen excepcional con menos dosis.","og_url":"https:\/\/global-medica.com\/en\/product\/pet-ct-discovery-iq-2\/","og_site_name":"Global Medica","article_publisher":"https:\/\/www.facebook.com\/gmglobalmedica","article_modified_time":"2026-03-26T20:29:06+00:00","og_image":[{"width":481,"height":406,"url":"https:\/\/global-medica.com\/wp-content\/uploads\/2024\/10\/pet-discovery.webp","type":"image\/webp"}],"twitter_card":"summary_large_image","twitter_misc":{"Est. reading time":"2 minutes"},"schema":{"@context":"https:\/\/schema.org","@graph":[{"@type":"WebPage","@id":"https:\/\/global-medica.com\/producto\/pet-ct-discovery-iq-2\/","url":"https:\/\/global-medica.com\/producto\/pet-ct-discovery-iq-2\/","name":"Discovery IQ PET\/CT","isPartOf":{"@id":"https:\/\/global-medica.com\/#website"},"primaryImageOfPage":{"@id":"https:\/\/global-medica.com\/producto\/pet-ct-discovery-iq-2\/#primaryimage"},"image":{"@id":"https:\/\/global-medica.com\/producto\/pet-ct-discovery-iq-2\/#primaryimage"},"thumbnailUrl":"https:\/\/global-medica.com\/wp-content\/uploads\/2024\/10\/pet-discovery.webp","datePublished":"2024-10-01T12:52:00+00:00","dateModified":"2026-03-26T20:29:06+00:00","description":"Discovery IQ is the most used and trusted PET\/CT system among clinicians worldwide, designed for high-throughput, scalable diagnostics.","breadcrumb":{"@id":"https:\/\/global-medica.com\/producto\/pet-ct-discovery-iq-2\/#breadcrumb"},"inLanguage":"en-US","potentialAction":[{"@type":"ReadAction","target":["https:\/\/global-medica.com\/producto\/pet-ct-discovery-iq-2\/"]}]},{"@type":"ImageObject","inLanguage":"en-US","@id":"https:\/\/global-medica.com\/producto\/pet-ct-discovery-iq-2\/#primaryimage","url":"https:\/\/global-medica.com\/wp-content\/uploads\/2024\/10\/pet-discovery.webp","contentUrl":"https:\/\/global-medica.com\/wp-content\/uploads\/2024\/10\/pet-discovery.webp","width":481,"height":406,"caption":"Discovery IQ"},{"@type":"BreadcrumbList","@id":"https:\/\/global-medica.com\/producto\/pet-ct-discovery-iq-2\/#breadcrumb","itemListElement":[{"@type":"ListItem","position":1,"name":"Home","item":"https:\/\/global-medica.com\/"},{"@type":"ListItem","position":2,"name":"Productos","item":"https:\/\/global-medica.com\/shop\/"},{"@type":"ListItem","position":3,"name":"Discovery IQ PET\/CT"}]},{"@type":"WebSite","@id":"https:\/\/global-medica.com\/#website","url":"https:\/\/global-medica.com\/","name":"Global Medica","description":"Global Medica","publisher":{"@id":"https:\/\/global-medica.com\/#organization"},"potentialAction":[{"@type":"SearchAction","target":{"@type":"EntryPoint","urlTemplate":"https:\/\/global-medica.com\/?s={search_term_string}"},"query-input":{"@type":"PropertyValueSpecification","valueRequired":true,"valueName":"search_term_string"}}],"inLanguage":"en-US"},{"@type":"Organization","@id":"https:\/\/global-medica.com\/#organization","name":"Global Medica","url":"https:\/\/global-medica.com\/","logo":{"@type":"ImageObject","inLanguage":"en-US","@id":"https:\/\/global-medica.com\/#\/schema\/logo\/image\/","url":"https:\/\/global-medica.com\/wp-content\/uploads\/2024\/04\/global-logo.png","contentUrl":"https:\/\/global-medica.com\/wp-content\/uploads\/2024\/04\/global-logo.png","width":312,"height":84,"caption":"Global Medica"},"image":{"@id":"https:\/\/global-medica.com\/#\/schema\/logo\/image\/"},"sameAs":["https:\/\/www.facebook.com\/gmglobalmedica","https:\/\/www.instagram.com\/globalmedica\/","https:\/\/www.linkedin.com\/company\/67924728","https:\/\/www.youtube.com\/channel\/UCWT2KUVVms56vwB0N9r8qKQ\/"]}]}},"_links":{"self":[{"href":"https:\/\/global-medica.com\/en\/wp-json\/wp\/v2\/product\/2615","targetHints":{"allow":["GET"]}}],"collection":[{"href":"https:\/\/global-medica.com\/en\/wp-json\/wp\/v2\/product"}],"about":[{"href":"https:\/\/global-medica.com\/en\/wp-json\/wp\/v2\/types\/product"}],"replies":[{"embeddable":true,"href":"https:\/\/global-medica.com\/en\/wp-json\/wp\/v2\/comments?post=2615"}],"wp:featuredmedia":[{"embeddable":true,"href":"https:\/\/global-medica.com\/en\/wp-json\/wp\/v2\/media\/2613"}],"wp:attachment":[{"href":"https:\/\/global-medica.com\/en\/wp-json\/wp\/v2\/media?parent=2615"}],"wp:term":[{"taxonomy":"product_brand","embeddable":true,"href":"https:\/\/global-medica.com\/en\/wp-json\/wp\/v2\/product_brand?post=2615"},{"taxonomy":"product_cat","embeddable":true,"href":"https:\/\/global-medica.com\/en\/wp-json\/wp\/v2\/product_cat?post=2615"},{"taxonomy":"product_tag","embeddable":true,"href":"https:\/\/global-medica.com\/en\/wp-json\/wp\/v2\/product_tag?post=2615"}],"curies":[{"name":"wp","href":"https:\/\/api.w.org\/{rel}","templated":true}]}}