{"id":2612,"date":"2024-10-01T12:48:17","date_gmt":"2024-10-01T12:48:17","guid":{"rendered":"https:\/\/global-medica.com\/?post_type=product&#038;p=2612"},"modified":"2026-03-26T20:27:37","modified_gmt":"2026-03-26T20:27:37","slug":"cyclotron","status":"publish","type":"product","link":"https:\/\/global-medica.com\/en\/product\/cyclotron\/","title":{"rendered":"Cyclotron"},"content":{"rendered":"<h2>Cyclotron<\/h2>\n<p>Because the half-lives relatively short radioisotopes than PET, it is a race against time to produce a radioactive isotope, to summarize it in a radiopharmaceutical and take it to the patient.<\/p>\n<p>To go in search of true discovery with PET, it is necessary to have access to a Cyclotron and, however, considered to be the most difficult part and sophisticated installing a PET.<\/p>\n<p>Our cyclotrons are also completely automated, so that the production of isotopes does not require more than five simple steps from beginning to end.<\/p>\n<p>As a result, a technician trained hospital can perform the routine operation, which significantly simplifies the initial setup and daily operation of a facility.<\/p>\n<h2>Cyclotron is a device essential<\/h2>\n<p>In the field of nuclear medicine, used for the production of radioactive isotopes that are fundamental in the diagnosis and treatment of cancer.<\/p>\n<p>In our store, specialized in sales and export of medical equipment in the Dominican Republic and the Caribbean, we offer Cyclotrons of the latest generation, designed to maximize efficiency and safety in the production of radionuclides.<\/p>\n<p>These devices allow the synthesis of isotopes such as fluorine-18, used in positron emission tomography (PET), improving the accuracy in the detection of diseases.<\/p>\n<p>Our Cyclotrons are equipped with advanced technology that ensures optimal performance and reduced maintenance, resulting in a long-term investment to healthcare institutions.<\/p>\n<p>In addition, we have a team of experts that offer technical advice and after sales support, ensuring that their Cyclotron to work perfectly.<\/p>\n<p>When you choose our products, not only takes on a team of high quality, but also contributes to the advancement of medicine in the region, providing access to more accurate diagnoses and effective treatments.<\/p>\n<p>Discover how the Cyclotron can transform your medical practice and improve outcomes in their patients.<\/p>\n<p>Contact us for more information about our products and services in the Dominican Republic and the Caribbean.<\/p>\n<p>&nbsp;<\/p>\n<p><a class=\"elboton\" href=\"https:\/\/www.gehealthcare.com\/products\/molecular-imaging\/nuclear-medicine\/nm-800\" target=\"_blank\" rel=\"noopener\">Link to the brand<\/a><\/p>","protected":false},"excerpt":{"rendered":"<p>The production of tracers and PET \/ CT go hand in hand.<\/p>","protected":false},"featured_media":2614,"comment_status":"open","ping_status":"closed","template":"","meta":[],"product_brand":[],"product_cat":[62],"product_tag":[],"class_list":{"0":"post-2612","1":"product","2":"type-product","3":"status-publish","4":"has-post-thumbnail","6":"product_cat-imagen-molecular","8":"first","9":"instock","10":"shipping-taxable","11":"product-type-simple"},"yoast_head":"<!-- This site is optimized with the Yoast SEO plugin v25.7 - https:\/\/yoast.com\/wordpress\/plugins\/seo\/ -->\n<title>cyclotron - Global Medica<\/title>\n<meta name=\"description\" content=\"Nuestro Cyclotron completamente automatizado no requiere m\u00e1s de cinco pasos simples de principio a fin para la producci\u00f3n de is\u00f3topos\" \/>\n<meta name=\"robots\" content=\"index, follow, max-snippet:-1, max-image-preview:large, max-video-preview:-1\" \/>\n<link rel=\"canonical\" href=\"https:\/\/global-medica.com\/en\/product\/cyclotron\/\" \/>\n<meta property=\"og:locale\" content=\"en_US\" \/>\n<meta property=\"og:type\" content=\"article\" \/>\n<meta property=\"og:title\" content=\"Cyclotron\" \/>\n<meta property=\"og:description\" content=\"Nuestros ciclotrones est\u00e1n completamente automatizados, por lo que la producci\u00f3n de is\u00f3topos no requiere m\u00e1s de cinco pasos simples de principio a fin. Como resultado, un t\u00e9cnico hospitalario capacitado puede realizar la operaci\u00f3n de rutina, lo que simplifica significativamente la configuraci\u00f3n inicial y la operaci\u00f3n diaria de una instalaci\u00f3n.\" \/>\n<meta property=\"og:url\" content=\"https:\/\/global-medica.com\/en\/product\/cyclotron\/\" \/>\n<meta property=\"og:site_name\" content=\"Global Medica\" \/>\n<meta property=\"article:publisher\" content=\"https:\/\/www.facebook.com\/gmglobalmedica\" \/>\n<meta property=\"article:modified_time\" content=\"2026-03-26T20:27:37+00:00\" \/>\n<meta property=\"og:image\" content=\"https:\/\/global-medica.com\/wp-content\/uploads\/2024\/10\/ciclotron.webp\" \/>\n\t<meta property=\"og:image:width\" content=\"481\" \/>\n\t<meta property=\"og:image:height\" content=\"406\" \/>\n\t<meta property=\"og:image:type\" content=\"image\/webp\" \/>\n<meta name=\"twitter:card\" content=\"summary_large_image\" \/>\n<meta name=\"twitter:label1\" content=\"Est. reading time\" \/>\n\t<meta name=\"twitter:data1\" content=\"2 minutes\" \/>\n<script type=\"application\/ld+json\" class=\"yoast-schema-graph\">{\"@context\":\"https:\/\/schema.org\",\"@graph\":[{\"@type\":[\"WebPage\",\"MedicalWebPage\"],\"@id\":\"https:\/\/global-medica.com\/producto\/cyclotron\/\",\"url\":\"https:\/\/global-medica.com\/producto\/cyclotron\/\",\"name\":\"cyclotron - Global Medica\",\"isPartOf\":{\"@id\":\"https:\/\/global-medica.com\/#website\"},\"primaryImageOfPage\":{\"@id\":\"https:\/\/global-medica.com\/producto\/cyclotron\/#primaryimage\"},\"image\":{\"@id\":\"https:\/\/global-medica.com\/producto\/cyclotron\/#primaryimage\"},\"thumbnailUrl\":\"https:\/\/global-medica.com\/wp-content\/uploads\/2024\/10\/ciclotron.webp\",\"datePublished\":\"2024-10-01T12:48:17+00:00\",\"dateModified\":\"2026-03-26T20:27:37+00:00\",\"description\":\"Nuestro Cyclotron completamente automatizado no requiere m\u00e1s de cinco pasos simples de principio a fin para la producci\u00f3n de is\u00f3topos\",\"breadcrumb\":{\"@id\":\"https:\/\/global-medica.com\/producto\/cyclotron\/#breadcrumb\"},\"inLanguage\":\"en-US\",\"potentialAction\":[{\"@type\":\"ReadAction\",\"target\":[\"https:\/\/global-medica.com\/producto\/cyclotron\/\"]}]},{\"@type\":\"ImageObject\",\"inLanguage\":\"en-US\",\"@id\":\"https:\/\/global-medica.com\/producto\/cyclotron\/#primaryimage\",\"url\":\"https:\/\/global-medica.com\/wp-content\/uploads\/2024\/10\/ciclotron.webp\",\"contentUrl\":\"https:\/\/global-medica.com\/wp-content\/uploads\/2024\/10\/ciclotron.webp\",\"width\":481,\"height\":406,\"caption\":\"Cyclotron\"},{\"@type\":\"BreadcrumbList\",\"@id\":\"https:\/\/global-medica.com\/producto\/cyclotron\/#breadcrumb\",\"itemListElement\":[{\"@type\":\"ListItem\",\"position\":1,\"name\":\"Home\",\"item\":\"https:\/\/global-medica.com\/\"},{\"@type\":\"ListItem\",\"position\":2,\"name\":\"Productos\",\"item\":\"https:\/\/global-medica.com\/shop\/\"},{\"@type\":\"ListItem\",\"position\":3,\"name\":\"Cyclotron\"}]},{\"@type\":\"WebSite\",\"@id\":\"https:\/\/global-medica.com\/#website\",\"url\":\"https:\/\/global-medica.com\/\",\"name\":\"Global Medica\",\"description\":\"Global Medica\",\"publisher\":{\"@id\":\"https:\/\/global-medica.com\/#organization\"},\"potentialAction\":[{\"@type\":\"SearchAction\",\"target\":{\"@type\":\"EntryPoint\",\"urlTemplate\":\"https:\/\/global-medica.com\/?s={search_term_string}\"},\"query-input\":{\"@type\":\"PropertyValueSpecification\",\"valueRequired\":true,\"valueName\":\"search_term_string\"}}],\"inLanguage\":\"en-US\"},{\"@type\":\"Organization\",\"@id\":\"https:\/\/global-medica.com\/#organization\",\"name\":\"Global Medica\",\"url\":\"https:\/\/global-medica.com\/\",\"logo\":{\"@type\":\"ImageObject\",\"inLanguage\":\"en-US\",\"@id\":\"https:\/\/global-medica.com\/#\/schema\/logo\/image\/\",\"url\":\"https:\/\/global-medica.com\/wp-content\/uploads\/2024\/04\/global-logo.png\",\"contentUrl\":\"https:\/\/global-medica.com\/wp-content\/uploads\/2024\/04\/global-logo.png\",\"width\":312,\"height\":84,\"caption\":\"Global Medica\"},\"image\":{\"@id\":\"https:\/\/global-medica.com\/#\/schema\/logo\/image\/\"},\"sameAs\":[\"https:\/\/www.facebook.com\/gmglobalmedica\",\"https:\/\/www.instagram.com\/globalmedica\/\",\"https:\/\/www.linkedin.com\/company\/67924728\",\"https:\/\/www.youtube.com\/channel\/UCWT2KUVVms56vwB0N9r8qKQ\/\"]}]}<\/script>\n<!-- \/ Yoast SEO plugin. -->","yoast_head_json":{"title":"cyclotron - Global Medica","description":"Nuestro Cyclotron completamente automatizado no requiere m\u00e1s de cinco pasos simples de principio a fin para la producci\u00f3n de is\u00f3topos","robots":{"index":"index","follow":"follow","max-snippet":"max-snippet:-1","max-image-preview":"max-image-preview:large","max-video-preview":"max-video-preview:-1"},"canonical":"https:\/\/global-medica.com\/en\/product\/cyclotron\/","og_locale":"en_US","og_type":"article","og_title":"Cyclotron","og_description":"Nuestros ciclotrones est\u00e1n completamente automatizados, por lo que la producci\u00f3n de is\u00f3topos no requiere m\u00e1s de cinco pasos simples de principio a fin. Como resultado, un t\u00e9cnico hospitalario capacitado puede realizar la operaci\u00f3n de rutina, lo que simplifica significativamente la configuraci\u00f3n inicial y la operaci\u00f3n diaria de una instalaci\u00f3n.","og_url":"https:\/\/global-medica.com\/en\/product\/cyclotron\/","og_site_name":"Global Medica","article_publisher":"https:\/\/www.facebook.com\/gmglobalmedica","article_modified_time":"2026-03-26T20:27:37+00:00","og_image":[{"width":481,"height":406,"url":"https:\/\/global-medica.com\/wp-content\/uploads\/2024\/10\/ciclotron.webp","type":"image\/webp"}],"twitter_card":"summary_large_image","twitter_misc":{"Est. reading time":"2 minutes"},"schema":{"@context":"https:\/\/schema.org","@graph":[{"@type":["WebPage","MedicalWebPage"],"@id":"https:\/\/global-medica.com\/producto\/cyclotron\/","url":"https:\/\/global-medica.com\/producto\/cyclotron\/","name":"cyclotron - Global Medica","isPartOf":{"@id":"https:\/\/global-medica.com\/#website"},"primaryImageOfPage":{"@id":"https:\/\/global-medica.com\/producto\/cyclotron\/#primaryimage"},"image":{"@id":"https:\/\/global-medica.com\/producto\/cyclotron\/#primaryimage"},"thumbnailUrl":"https:\/\/global-medica.com\/wp-content\/uploads\/2024\/10\/ciclotron.webp","datePublished":"2024-10-01T12:48:17+00:00","dateModified":"2026-03-26T20:27:37+00:00","description":"Nuestro Cyclotron completamente automatizado no requiere m\u00e1s de cinco pasos simples de principio a fin para la producci\u00f3n de is\u00f3topos","breadcrumb":{"@id":"https:\/\/global-medica.com\/producto\/cyclotron\/#breadcrumb"},"inLanguage":"en-US","potentialAction":[{"@type":"ReadAction","target":["https:\/\/global-medica.com\/producto\/cyclotron\/"]}]},{"@type":"ImageObject","inLanguage":"en-US","@id":"https:\/\/global-medica.com\/producto\/cyclotron\/#primaryimage","url":"https:\/\/global-medica.com\/wp-content\/uploads\/2024\/10\/ciclotron.webp","contentUrl":"https:\/\/global-medica.com\/wp-content\/uploads\/2024\/10\/ciclotron.webp","width":481,"height":406,"caption":"Cyclotron"},{"@type":"BreadcrumbList","@id":"https:\/\/global-medica.com\/producto\/cyclotron\/#breadcrumb","itemListElement":[{"@type":"ListItem","position":1,"name":"Home","item":"https:\/\/global-medica.com\/"},{"@type":"ListItem","position":2,"name":"Productos","item":"https:\/\/global-medica.com\/shop\/"},{"@type":"ListItem","position":3,"name":"Cyclotron"}]},{"@type":"WebSite","@id":"https:\/\/global-medica.com\/#website","url":"https:\/\/global-medica.com\/","name":"Global Medica","description":"Global Medica","publisher":{"@id":"https:\/\/global-medica.com\/#organization"},"potentialAction":[{"@type":"SearchAction","target":{"@type":"EntryPoint","urlTemplate":"https:\/\/global-medica.com\/?s={search_term_string}"},"query-input":{"@type":"PropertyValueSpecification","valueRequired":true,"valueName":"search_term_string"}}],"inLanguage":"en-US"},{"@type":"Organization","@id":"https:\/\/global-medica.com\/#organization","name":"Global Medica","url":"https:\/\/global-medica.com\/","logo":{"@type":"ImageObject","inLanguage":"en-US","@id":"https:\/\/global-medica.com\/#\/schema\/logo\/image\/","url":"https:\/\/global-medica.com\/wp-content\/uploads\/2024\/04\/global-logo.png","contentUrl":"https:\/\/global-medica.com\/wp-content\/uploads\/2024\/04\/global-logo.png","width":312,"height":84,"caption":"Global Medica"},"image":{"@id":"https:\/\/global-medica.com\/#\/schema\/logo\/image\/"},"sameAs":["https:\/\/www.facebook.com\/gmglobalmedica","https:\/\/www.instagram.com\/globalmedica\/","https:\/\/www.linkedin.com\/company\/67924728","https:\/\/www.youtube.com\/channel\/UCWT2KUVVms56vwB0N9r8qKQ\/"]}]}},"_links":{"self":[{"href":"https:\/\/global-medica.com\/en\/wp-json\/wp\/v2\/product\/2612","targetHints":{"allow":["GET"]}}],"collection":[{"href":"https:\/\/global-medica.com\/en\/wp-json\/wp\/v2\/product"}],"about":[{"href":"https:\/\/global-medica.com\/en\/wp-json\/wp\/v2\/types\/product"}],"replies":[{"embeddable":true,"href":"https:\/\/global-medica.com\/en\/wp-json\/wp\/v2\/comments?post=2612"}],"wp:featuredmedia":[{"embeddable":true,"href":"https:\/\/global-medica.com\/en\/wp-json\/wp\/v2\/media\/2614"}],"wp:attachment":[{"href":"https:\/\/global-medica.com\/en\/wp-json\/wp\/v2\/media?parent=2612"}],"wp:term":[{"taxonomy":"product_brand","embeddable":true,"href":"https:\/\/global-medica.com\/en\/wp-json\/wp\/v2\/product_brand?post=2612"},{"taxonomy":"product_cat","embeddable":true,"href":"https:\/\/global-medica.com\/en\/wp-json\/wp\/v2\/product_cat?post=2612"},{"taxonomy":"product_tag","embeddable":true,"href":"https:\/\/global-medica.com\/en\/wp-json\/wp\/v2\/product_tag?post=2612"}],"curies":[{"name":"wp","href":"https:\/\/api.w.org\/{rel}","templated":true}]}}