{"id":2158,"date":"2024-07-05T00:03:47","date_gmt":"2024-07-05T00:03:47","guid":{"rendered":"https:\/\/global-medica.com\/product\/accesorios-de-proteccion-radiologica\/"},"modified":"2025-02-03T09:19:03","modified_gmt":"2025-02-03T09:19:03","slug":"accesorios-de-proteccion-radiologica","status":"publish","type":"product","link":"https:\/\/global-medica.com\/en\/product\/accesorios-de-proteccion-radiologica\/","title":{"rendered":"Radiation protection accessories"},"content":{"rendered":"<ul>\n<li>Ergonomics and comfort<\/li>\n<li>Certified radiation protection<\/li>\n<li>Style and customization<\/li>\n<\/ul>\n<p>&nbsp;<\/p>\n<h3 class=\"elementor-heading-title elementor-size-default\">Radiation Protection Products and Accessories<\/h3>\n<p>We offer a wide portfolio of clothing and accessories for protection against the adverse effects of radiation. Brand products\u00a0<b>KIRAN\u00ae<\/b> They are the result of extensive research and development in cutting-edge materials that offer high radiation attenuation with ergonomic, comfortable and stylish designs.<\/p>\n<h3>Aprons<\/h3>\n<p>Find in our portfolio garments for women, men, children and adults of different styles, with patented materials designed for each specific application.<\/p>\n<h3>Glasses<\/h3>\n<p>Eye protectors made from high-quality European glass that absorbs 99% of scattered radiation, while the lightweight frames allow for comfortable use for long periods of time.<\/p>\n<h3>Gloves<\/h3>\n<p>Lead-free, environmentally friendly disposable gloves that provide maximum radiation protection for your hands.<\/p>\n<h3>Other Protectors<\/h3>\n<p>Find a variety of protectors with a specific purpose for different areas of the body (head, thyroid, gonads and others).<\/p>\n<h2 class=\"mkdf-st-title\">Proprietary base materials<\/h2>\n<h3 class=\"mkdf-st-text\">Maximum protection against scattered radiation with equivalents of between 0.25mm and 1.00mm of lead.<\/h3>\n<p>The exceptional base materials of our products\u00a0<strong>KIRAN\u00ae<\/strong>\u00a0Radiation protection solutions exist thanks to cutting-edge research in materials and particle engineering, offering maximum protection against scattered radiation with equivalents of between 0.25mm and 1.00mm of lead.<\/p>\n<p>It includes a range of fabrics infused with silver nanoparticles that impart antimicrobial properties to the fabric, thereby preventing microbial growth while offering a super soft satin feel that makes it very comfortable to wear for long periods of time.<\/p>\n<h3 class=\"elementor-heading-title elementor-size-default\">Radiation protection accessories<\/h3>\n<ul>\n<li class=\"mkdf-il-text\">Protective skirts and curtains<\/li>\n<li class=\"mkdf-il-text\">Interventionism protection shield<\/li>\n<li class=\"mkdf-il-text\">Apron racks<\/li>\n<\/ul>","protected":false},"excerpt":{"rendered":"<p>Accesorios de protecci\u00f3n &#8211; Expertos en protecci\u00f3n radiol\u00f3gica personal<\/p>","protected":false},"featured_media":2238,"comment_status":"open","ping_status":"closed","template":"","meta":[],"product_brand":[],"product_cat":[25],"product_tag":[],"class_list":{"0":"post-2158","1":"product","2":"type-product","3":"status-publish","4":"has-post-thumbnail","6":"product_cat-diagnostico-por-imagenes","8":"first","9":"instock","10":"shipping-taxable","11":"purchasable","12":"product-type-simple"},"yoast_head":"<!-- This site is optimized with the Yoast SEO plugin v25.7 - https:\/\/yoast.com\/wordpress\/plugins\/seo\/ -->\n<title>Accesorios de protecci\u00f3n radiol\u00f3gica - Global Medica<\/title>\n<meta name=\"description\" content=\"Amplio portafolio de Accesorios de protecci\u00f3n contra los efectos adversos de la radiaci\u00f3n, resultado de amplia investigaci\u00f3n de punta en ingenier\u00eda\" \/>\n<meta name=\"robots\" content=\"index, follow, max-snippet:-1, max-image-preview:large, max-video-preview:-1\" \/>\n<link rel=\"canonical\" href=\"https:\/\/global-medica.com\/en\/product\/accesorios-de-proteccion-radiologica\/\" \/>\n<meta property=\"og:locale\" content=\"en_US\" \/>\n<meta property=\"og:type\" content=\"article\" \/>\n<meta property=\"og:title\" content=\"Accesorios de protecci\u00f3n radiol\u00f3gica\" \/>\n<meta property=\"og:description\" content=\"Ofrecemos un amplio portafolio de prendas de vestir y accesorios para protecci\u00f3n contra los efectos adversos de la radiaci\u00f3n. Los productos marca\u00a0KIRAN\u00ae son el resultado de amplia investigaci\u00f3n y desarrollo en materiales de \u00faltima generaci\u00f3n que ofrecen una alta atenuaci\u00f3n de la radiaci\u00f3n con dise\u00f1os ergon\u00f3micos, c\u00f3modos y con estilo.\" \/>\n<meta property=\"og:url\" content=\"https:\/\/global-medica.com\/en\/product\/accesorios-de-proteccion-radiologica\/\" \/>\n<meta property=\"og:site_name\" content=\"Global Medica\" \/>\n<meta property=\"article:publisher\" content=\"https:\/\/www.facebook.com\/gmglobalmedica\" \/>\n<meta property=\"article:modified_time\" content=\"2025-02-03T09:19:03+00:00\" \/>\n<meta property=\"og:image\" content=\"https:\/\/global-medica.com\/wp-content\/uploads\/2024\/07\/PR-00089-min.webp\" \/>\n\t<meta property=\"og:image:width\" content=\"1024\" \/>\n\t<meta property=\"og:image:height\" content=\"494\" \/>\n\t<meta property=\"og:image:type\" content=\"image\/webp\" \/>\n<meta name=\"twitter:card\" content=\"summary_large_image\" \/>\n<meta name=\"twitter:label1\" content=\"Est. reading time\" \/>\n\t<meta name=\"twitter:data1\" content=\"2 minutes\" \/>\n<script type=\"application\/ld+json\" class=\"yoast-schema-graph\">{\"@context\":\"https:\/\/schema.org\",\"@graph\":[{\"@type\":[\"WebPage\",\"MedicalWebPage\"],\"@id\":\"https:\/\/global-medica.com\/producto\/accesorios-de-proteccion-radiologica\/\",\"url\":\"https:\/\/global-medica.com\/producto\/accesorios-de-proteccion-radiologica\/\",\"name\":\"Accesorios de protecci\u00f3n radiol\u00f3gica - Global Medica\",\"isPartOf\":{\"@id\":\"https:\/\/global-medica.com\/#website\"},\"primaryImageOfPage\":{\"@id\":\"https:\/\/global-medica.com\/producto\/accesorios-de-proteccion-radiologica\/#primaryimage\"},\"image\":{\"@id\":\"https:\/\/global-medica.com\/producto\/accesorios-de-proteccion-radiologica\/#primaryimage\"},\"thumbnailUrl\":\"https:\/\/global-medica.com\/wp-content\/uploads\/2024\/07\/PR-00089-min.webp\",\"datePublished\":\"2024-07-05T00:03:47+00:00\",\"dateModified\":\"2025-02-03T09:19:03+00:00\",\"description\":\"Amplio portafolio de Accesorios de protecci\u00f3n contra los efectos adversos de la radiaci\u00f3n, resultado de amplia investigaci\u00f3n de punta en ingenier\u00eda\",\"breadcrumb\":{\"@id\":\"https:\/\/global-medica.com\/producto\/accesorios-de-proteccion-radiologica\/#breadcrumb\"},\"inLanguage\":\"en-US\",\"potentialAction\":[{\"@type\":\"ReadAction\",\"target\":[\"https:\/\/global-medica.com\/producto\/accesorios-de-proteccion-radiologica\/\"]}]},{\"@type\":\"ImageObject\",\"inLanguage\":\"en-US\",\"@id\":\"https:\/\/global-medica.com\/producto\/accesorios-de-proteccion-radiologica\/#primaryimage\",\"url\":\"https:\/\/global-medica.com\/wp-content\/uploads\/2024\/07\/PR-00089-min.webp\",\"contentUrl\":\"https:\/\/global-medica.com\/wp-content\/uploads\/2024\/07\/PR-00089-min.webp\",\"width\":1024,\"height\":494,\"caption\":\"Accesorios de protecci\u00f3n\"},{\"@type\":\"BreadcrumbList\",\"@id\":\"https:\/\/global-medica.com\/producto\/accesorios-de-proteccion-radiologica\/#breadcrumb\",\"itemListElement\":[{\"@type\":\"ListItem\",\"position\":1,\"name\":\"Home\",\"item\":\"https:\/\/global-medica.com\/\"},{\"@type\":\"ListItem\",\"position\":2,\"name\":\"Productos\",\"item\":\"https:\/\/global-medica.com\/shop\/\"},{\"@type\":\"ListItem\",\"position\":3,\"name\":\"Accesorios de protecci\u00f3n radiol\u00f3gica\"}]},{\"@type\":\"WebSite\",\"@id\":\"https:\/\/global-medica.com\/#website\",\"url\":\"https:\/\/global-medica.com\/\",\"name\":\"Global Medica\",\"description\":\"Global Medica\",\"publisher\":{\"@id\":\"https:\/\/global-medica.com\/#organization\"},\"potentialAction\":[{\"@type\":\"SearchAction\",\"target\":{\"@type\":\"EntryPoint\",\"urlTemplate\":\"https:\/\/global-medica.com\/?s={search_term_string}\"},\"query-input\":{\"@type\":\"PropertyValueSpecification\",\"valueRequired\":true,\"valueName\":\"search_term_string\"}}],\"inLanguage\":\"en-US\"},{\"@type\":\"Organization\",\"@id\":\"https:\/\/global-medica.com\/#organization\",\"name\":\"Global Medica\",\"url\":\"https:\/\/global-medica.com\/\",\"logo\":{\"@type\":\"ImageObject\",\"inLanguage\":\"en-US\",\"@id\":\"https:\/\/global-medica.com\/#\/schema\/logo\/image\/\",\"url\":\"https:\/\/global-medica.com\/wp-content\/uploads\/2024\/04\/global-logo.png\",\"contentUrl\":\"https:\/\/global-medica.com\/wp-content\/uploads\/2024\/04\/global-logo.png\",\"width\":312,\"height\":84,\"caption\":\"Global Medica\"},\"image\":{\"@id\":\"https:\/\/global-medica.com\/#\/schema\/logo\/image\/\"},\"sameAs\":[\"https:\/\/www.facebook.com\/gmglobalmedica\",\"https:\/\/www.instagram.com\/globalmedica\/\",\"https:\/\/www.linkedin.com\/company\/67924728\",\"https:\/\/www.youtube.com\/channel\/UCWT2KUVVms56vwB0N9r8qKQ\/\"]}]}<\/script>\n<!-- \/ Yoast SEO plugin. -->","yoast_head_json":{"title":"Accesorios de protecci\u00f3n radiol\u00f3gica - Global Medica","description":"Broad portfolio of protective accessories against the adverse effects of radiation, the result of extensive cutting-edge research in engineering","robots":{"index":"index","follow":"follow","max-snippet":"max-snippet:-1","max-image-preview":"max-image-preview:large","max-video-preview":"max-video-preview:-1"},"canonical":"https:\/\/global-medica.com\/en\/product\/accesorios-de-proteccion-radiologica\/","og_locale":"en_US","og_type":"article","og_title":"Accesorios de protecci\u00f3n radiol\u00f3gica","og_description":"Ofrecemos un amplio portafolio de prendas de vestir y accesorios para protecci\u00f3n contra los efectos adversos de la radiaci\u00f3n. Los productos marca\u00a0KIRAN\u00ae son el resultado de amplia investigaci\u00f3n y desarrollo en materiales de \u00faltima generaci\u00f3n que ofrecen una alta atenuaci\u00f3n de la radiaci\u00f3n con dise\u00f1os ergon\u00f3micos, c\u00f3modos y con estilo.","og_url":"https:\/\/global-medica.com\/en\/product\/accesorios-de-proteccion-radiologica\/","og_site_name":"Global Medica","article_publisher":"https:\/\/www.facebook.com\/gmglobalmedica","article_modified_time":"2025-02-03T09:19:03+00:00","og_image":[{"width":1024,"height":494,"url":"https:\/\/global-medica.com\/wp-content\/uploads\/2024\/07\/PR-00089-min.webp","type":"image\/webp"}],"twitter_card":"summary_large_image","twitter_misc":{"Est. reading time":"2 minutes"},"schema":{"@context":"https:\/\/schema.org","@graph":[{"@type":["WebPage","MedicalWebPage"],"@id":"https:\/\/global-medica.com\/producto\/accesorios-de-proteccion-radiologica\/","url":"https:\/\/global-medica.com\/producto\/accesorios-de-proteccion-radiologica\/","name":"Accesorios de protecci\u00f3n radiol\u00f3gica - Global Medica","isPartOf":{"@id":"https:\/\/global-medica.com\/#website"},"primaryImageOfPage":{"@id":"https:\/\/global-medica.com\/producto\/accesorios-de-proteccion-radiologica\/#primaryimage"},"image":{"@id":"https:\/\/global-medica.com\/producto\/accesorios-de-proteccion-radiologica\/#primaryimage"},"thumbnailUrl":"https:\/\/global-medica.com\/wp-content\/uploads\/2024\/07\/PR-00089-min.webp","datePublished":"2024-07-05T00:03:47+00:00","dateModified":"2025-02-03T09:19:03+00:00","description":"Broad portfolio of protective accessories against the adverse effects of radiation, the result of extensive cutting-edge research in engineering","breadcrumb":{"@id":"https:\/\/global-medica.com\/producto\/accesorios-de-proteccion-radiologica\/#breadcrumb"},"inLanguage":"en-US","potentialAction":[{"@type":"ReadAction","target":["https:\/\/global-medica.com\/producto\/accesorios-de-proteccion-radiologica\/"]}]},{"@type":"ImageObject","inLanguage":"en-US","@id":"https:\/\/global-medica.com\/producto\/accesorios-de-proteccion-radiologica\/#primaryimage","url":"https:\/\/global-medica.com\/wp-content\/uploads\/2024\/07\/PR-00089-min.webp","contentUrl":"https:\/\/global-medica.com\/wp-content\/uploads\/2024\/07\/PR-00089-min.webp","width":1024,"height":494,"caption":"Accesorios de protecci\u00f3n"},{"@type":"BreadcrumbList","@id":"https:\/\/global-medica.com\/producto\/accesorios-de-proteccion-radiologica\/#breadcrumb","itemListElement":[{"@type":"ListItem","position":1,"name":"Home","item":"https:\/\/global-medica.com\/"},{"@type":"ListItem","position":2,"name":"Productos","item":"https:\/\/global-medica.com\/shop\/"},{"@type":"ListItem","position":3,"name":"Accesorios de protecci\u00f3n radiol\u00f3gica"}]},{"@type":"WebSite","@id":"https:\/\/global-medica.com\/#website","url":"https:\/\/global-medica.com\/","name":"Global Medica","description":"Global Medica","publisher":{"@id":"https:\/\/global-medica.com\/#organization"},"potentialAction":[{"@type":"SearchAction","target":{"@type":"EntryPoint","urlTemplate":"https:\/\/global-medica.com\/?s={search_term_string}"},"query-input":{"@type":"PropertyValueSpecification","valueRequired":true,"valueName":"search_term_string"}}],"inLanguage":"en-US"},{"@type":"Organization","@id":"https:\/\/global-medica.com\/#organization","name":"Global Medica","url":"https:\/\/global-medica.com\/","logo":{"@type":"ImageObject","inLanguage":"en-US","@id":"https:\/\/global-medica.com\/#\/schema\/logo\/image\/","url":"https:\/\/global-medica.com\/wp-content\/uploads\/2024\/04\/global-logo.png","contentUrl":"https:\/\/global-medica.com\/wp-content\/uploads\/2024\/04\/global-logo.png","width":312,"height":84,"caption":"Global Medica"},"image":{"@id":"https:\/\/global-medica.com\/#\/schema\/logo\/image\/"},"sameAs":["https:\/\/www.facebook.com\/gmglobalmedica","https:\/\/www.instagram.com\/globalmedica\/","https:\/\/www.linkedin.com\/company\/67924728","https:\/\/www.youtube.com\/channel\/UCWT2KUVVms56vwB0N9r8qKQ\/"]}]}},"_links":{"self":[{"href":"https:\/\/global-medica.com\/en\/wp-json\/wp\/v2\/product\/2158","targetHints":{"allow":["GET"]}}],"collection":[{"href":"https:\/\/global-medica.com\/en\/wp-json\/wp\/v2\/product"}],"about":[{"href":"https:\/\/global-medica.com\/en\/wp-json\/wp\/v2\/types\/product"}],"replies":[{"embeddable":true,"href":"https:\/\/global-medica.com\/en\/wp-json\/wp\/v2\/comments?post=2158"}],"wp:featuredmedia":[{"embeddable":true,"href":"https:\/\/global-medica.com\/en\/wp-json\/wp\/v2\/media\/2238"}],"wp:attachment":[{"href":"https:\/\/global-medica.com\/en\/wp-json\/wp\/v2\/media?parent=2158"}],"wp:term":[{"taxonomy":"product_brand","embeddable":true,"href":"https:\/\/global-medica.com\/en\/wp-json\/wp\/v2\/product_brand?post=2158"},{"taxonomy":"product_cat","embeddable":true,"href":"https:\/\/global-medica.com\/en\/wp-json\/wp\/v2\/product_cat?post=2158"},{"taxonomy":"product_tag","embeddable":true,"href":"https:\/\/global-medica.com\/en\/wp-json\/wp\/v2\/product_tag?post=2158"}],"curies":[{"name":"wp","href":"https:\/\/api.w.org\/{rel}","templated":true}]}}