{"id":2156,"date":"2024-07-05T00:03:46","date_gmt":"2024-07-05T00:03:46","guid":{"rendered":"https:\/\/global-medica.com\/product\/accesorios-de-posicionamiento\/"},"modified":"2025-04-13T16:31:04","modified_gmt":"2025-04-13T16:31:04","slug":"care-smarter","status":"publish","type":"product","link":"https:\/\/global-medica.com\/en\/product\/care-smarter\/","title":{"rendered":"CARE SMARTER"},"content":{"rendered":"<p>Our Care Quotient is what makes CQ Medical the global leader in patient radiotherapy positioning and healthcare innovations that advance human care.<\/p>\n<h2 class=\"header\">CARE SMARTER<\/h2>\n<div class=\"content\">Everything, from the way we do business to the way we develop and design products, must have that vital and special combination of medical intellect and patient empathy. It\u2019s how we at CQ care smarter than anyone. And care smarter for everyone.<\/div>\n<p>We make treatment more precise<\/p>\n<p>We make technologies more effective<\/p>\n<p>We make the genius minds of medicine more brilliant<\/p>\n<h2 class=\"header\">EXCELLENCE<\/h2>\n<div class=\"description\">WE ARE EMPATHETIC INNOVATORS<\/div>\n<ul>\n<li>Caring<\/li>\n<li>Brilliant<\/li>\n<li>Passionate<\/li>\n<li>Dependable<\/li>\n<li>Trusted partner<\/li>\n<li>Groundbreaking<\/li>\n<li>Proactive<\/li>\n<li>Leaders<\/li>\n<\/ul>","protected":false},"excerpt":{"rendered":"<p>Formerly CIVCO RT\u2122 &amp; Qfix\u00ae<\/p>\n<p>Great care comes from our hearts and our minds. It\u2019s what allows us to be emotionally in tune with patients\u2019 needs, and to innovate in ways others cannot. It is this blending of emotion and intellect which is our unique skill and promise.<\/p>","protected":false},"featured_media":2237,"comment_status":"open","ping_status":"closed","template":"","meta":[],"product_brand":[],"product_cat":[65],"product_tag":[],"class_list":{"0":"post-2156","1":"product","2":"type-product","3":"status-publish","4":"has-post-thumbnail","6":"product_cat-accesorios-y-control-de-calidad-en-radioterapia","8":"first","9":"instock","10":"shipping-taxable","11":"purchasable","12":"product-type-simple"},"yoast_head":"<!-- This site is optimized with the Yoast SEO plugin v27.3 - https:\/\/yoast.com\/product\/yoast-seo-wordpress\/ -->\n<title>CARE SMARTER - Global Medica - Global M\u00e9dica DR<\/title>\n<meta name=\"description\" content=\"Cuidado integral basado en empat\u00eda e innovaci\u00f3n: combinamos emoci\u00f3n e intelecto para atender las necesidades de los pacientes y ofrecer soluciones m\u00e9dicas \u00fanicas.\" \/>\n<meta name=\"robots\" content=\"index, follow, max-snippet:-1, max-image-preview:large, max-video-preview:-1\" \/>\n<link rel=\"canonical\" href=\"https:\/\/global-medica.com\/en\/product\/care-smarter\/\" \/>\n<meta property=\"og:locale\" content=\"en_US\" \/>\n<meta property=\"og:type\" content=\"article\" \/>\n<meta property=\"og:title\" content=\"CARE SMARTER - Global Medica - Global M\u00e9dica DR\" \/>\n<meta property=\"og:description\" content=\"Cuidado integral basado en empat\u00eda e innovaci\u00f3n: combinamos emoci\u00f3n e intelecto para atender las necesidades de los pacientes y ofrecer soluciones m\u00e9dicas \u00fanicas.\" \/>\n<meta property=\"og:url\" content=\"https:\/\/global-medica.com\/en\/product\/care-smarter\/\" \/>\n<meta property=\"og:site_name\" content=\"Global Medica\" \/>\n<meta property=\"article:publisher\" content=\"https:\/\/www.facebook.com\/gmglobalmedica\" \/>\n<meta property=\"article:modified_time\" content=\"2025-04-13T16:31:04+00:00\" \/>\n<meta property=\"og:image\" content=\"https:\/\/global-medica.com\/wp-content\/uploads\/2024\/07\/PR-00087-min.webp\" \/>\n\t<meta property=\"og:image:width\" content=\"1881\" \/>\n\t<meta property=\"og:image:height\" content=\"945\" \/>\n\t<meta property=\"og:image:type\" content=\"image\/webp\" \/>\n<meta name=\"twitter:card\" content=\"summary_large_image\" \/>\n<meta name=\"twitter:label1\" content=\"Est. reading time\" \/>\n\t<meta name=\"twitter:data1\" content=\"1 minute\" \/>\n<script type=\"application\/ld+json\" class=\"yoast-schema-graph\">{\"@context\":\"https:\\\/\\\/schema.org\",\"@graph\":[{\"@type\":\"WebPage\",\"@id\":\"https:\\\/\\\/global-medica.com\\\/producto\\\/care-smarter\\\/\",\"url\":\"https:\\\/\\\/global-medica.com\\\/producto\\\/care-smarter\\\/\",\"name\":\"Care Smarter\",\"isPartOf\":{\"@id\":\"https:\\\/\\\/global-medica.com\\\/#website\"},\"primaryImageOfPage\":{\"@id\":\"https:\\\/\\\/global-medica.com\\\/producto\\\/care-smarter\\\/#primaryimage\"},\"image\":{\"@id\":\"https:\\\/\\\/global-medica.com\\\/producto\\\/care-smarter\\\/#primaryimage\"},\"thumbnailUrl\":\"https:\\\/\\\/global-medica.com\\\/wp-content\\\/uploads\\\/2024\\\/07\\\/PR-00087-min.webp\",\"datePublished\":\"2024-07-05T00:03:46+00:00\",\"dateModified\":\"2025-04-13T16:31:04+00:00\",\"description\":\"Cuidado integral basado en empat\u00eda e innovaci\u00f3n: combinamos emoci\u00f3n e intelecto para atender las necesidades de los pacientes y ofrecer soluciones m\u00e9dicas \u00fanicas.\",\"breadcrumb\":{\"@id\":\"https:\\\/\\\/global-medica.com\\\/producto\\\/care-smarter\\\/#breadcrumb\"},\"inLanguage\":\"en-US\",\"potentialAction\":[{\"@type\":\"ReadAction\",\"target\":[\"https:\\\/\\\/global-medica.com\\\/producto\\\/care-smarter\\\/\"]}]},{\"@type\":\"ImageObject\",\"inLanguage\":\"en-US\",\"@id\":\"https:\\\/\\\/global-medica.com\\\/producto\\\/care-smarter\\\/#primaryimage\",\"url\":\"https:\\\/\\\/global-medica.com\\\/wp-content\\\/uploads\\\/2024\\\/07\\\/PR-00087-min.webp\",\"contentUrl\":\"https:\\\/\\\/global-medica.com\\\/wp-content\\\/uploads\\\/2024\\\/07\\\/PR-00087-min.webp\",\"width\":1881,\"height\":945,\"caption\":\"Care Smarter\"},{\"@type\":\"BreadcrumbList\",\"@id\":\"https:\\\/\\\/global-medica.com\\\/producto\\\/care-smarter\\\/#breadcrumb\",\"itemListElement\":[{\"@type\":\"ListItem\",\"position\":1,\"name\":\"Home\",\"item\":\"https:\\\/\\\/global-medica.com\\\/\"},{\"@type\":\"ListItem\",\"position\":2,\"name\":\"Productos\",\"item\":\"https:\\\/\\\/global-medica.com\\\/shop\\\/\"},{\"@type\":\"ListItem\",\"position\":3,\"name\":\"CARE SMARTER\"}]},{\"@type\":\"WebSite\",\"@id\":\"https:\\\/\\\/global-medica.com\\\/#website\",\"url\":\"https:\\\/\\\/global-medica.com\\\/\",\"name\":\"Global Medica\",\"description\":\"Global Medica\",\"publisher\":{\"@id\":\"https:\\\/\\\/global-medica.com\\\/#organization\"},\"inLanguage\":\"en-US\"},{\"@type\":\"Organization\",\"@id\":\"https:\\\/\\\/global-medica.com\\\/#organization\",\"name\":\"Global Medica\",\"url\":\"https:\\\/\\\/global-medica.com\\\/\",\"logo\":{\"@type\":\"ImageObject\",\"inLanguage\":\"en-US\",\"@id\":\"https:\\\/\\\/global-medica.com\\\/#\\\/schema\\\/logo\\\/image\\\/\",\"url\":\"https:\\\/\\\/global-medica.com\\\/wp-content\\\/uploads\\\/2024\\\/04\\\/global-logo.png\",\"contentUrl\":\"https:\\\/\\\/global-medica.com\\\/wp-content\\\/uploads\\\/2024\\\/04\\\/global-logo.png\",\"width\":312,\"height\":84,\"caption\":\"Global Medica\"},\"image\":{\"@id\":\"https:\\\/\\\/global-medica.com\\\/#\\\/schema\\\/logo\\\/image\\\/\"},\"sameAs\":[\"https:\\\/\\\/www.facebook.com\\\/gmglobalmedica\",\"https:\\\/\\\/www.instagram.com\\\/globalmedica\\\/\",\"https:\\\/\\\/www.linkedin.com\\\/company\\\/67924728\",\"https:\\\/\\\/www.youtube.com\\\/channel\\\/UCWT2KUVVms56vwB0N9r8qKQ\\\/\"]}]}<\/script>\n<!-- \/ Yoast SEO plugin. -->","yoast_head_json":{"title":"CARE SMARTER - Global Medica - Global M\u00e9dica DR","description":"Cuidado integral basado en empat\u00eda e innovaci\u00f3n: combinamos emoci\u00f3n e intelecto para atender las necesidades de los pacientes y ofrecer soluciones m\u00e9dicas \u00fanicas.","robots":{"index":"index","follow":"follow","max-snippet":"max-snippet:-1","max-image-preview":"max-image-preview:large","max-video-preview":"max-video-preview:-1"},"canonical":"https:\/\/global-medica.com\/en\/product\/care-smarter\/","og_locale":"en_US","og_type":"article","og_title":"CARE SMARTER - Global Medica - Global M\u00e9dica DR","og_description":"Cuidado integral basado en empat\u00eda e innovaci\u00f3n: combinamos emoci\u00f3n e intelecto para atender las necesidades de los pacientes y ofrecer soluciones m\u00e9dicas \u00fanicas.","og_url":"https:\/\/global-medica.com\/en\/product\/care-smarter\/","og_site_name":"Global Medica","article_publisher":"https:\/\/www.facebook.com\/gmglobalmedica","article_modified_time":"2025-04-13T16:31:04+00:00","og_image":[{"width":1881,"height":945,"url":"https:\/\/global-medica.com\/wp-content\/uploads\/2024\/07\/PR-00087-min.webp","type":"image\/webp"}],"twitter_card":"summary_large_image","twitter_misc":{"Est. reading time":"1 minute"},"schema":{"@context":"https:\/\/schema.org","@graph":[{"@type":"WebPage","@id":"https:\/\/global-medica.com\/producto\/care-smarter\/","url":"https:\/\/global-medica.com\/producto\/care-smarter\/","name":"Care Smarter","isPartOf":{"@id":"https:\/\/global-medica.com\/#website"},"primaryImageOfPage":{"@id":"https:\/\/global-medica.com\/producto\/care-smarter\/#primaryimage"},"image":{"@id":"https:\/\/global-medica.com\/producto\/care-smarter\/#primaryimage"},"thumbnailUrl":"https:\/\/global-medica.com\/wp-content\/uploads\/2024\/07\/PR-00087-min.webp","datePublished":"2024-07-05T00:03:46+00:00","dateModified":"2025-04-13T16:31:04+00:00","description":"Cuidado integral basado en empat\u00eda e innovaci\u00f3n: combinamos emoci\u00f3n e intelecto para atender las necesidades de los pacientes y ofrecer soluciones m\u00e9dicas \u00fanicas.","breadcrumb":{"@id":"https:\/\/global-medica.com\/producto\/care-smarter\/#breadcrumb"},"inLanguage":"en-US","potentialAction":[{"@type":"ReadAction","target":["https:\/\/global-medica.com\/producto\/care-smarter\/"]}]},{"@type":"ImageObject","inLanguage":"en-US","@id":"https:\/\/global-medica.com\/producto\/care-smarter\/#primaryimage","url":"https:\/\/global-medica.com\/wp-content\/uploads\/2024\/07\/PR-00087-min.webp","contentUrl":"https:\/\/global-medica.com\/wp-content\/uploads\/2024\/07\/PR-00087-min.webp","width":1881,"height":945,"caption":"Care Smarter"},{"@type":"BreadcrumbList","@id":"https:\/\/global-medica.com\/producto\/care-smarter\/#breadcrumb","itemListElement":[{"@type":"ListItem","position":1,"name":"Home","item":"https:\/\/global-medica.com\/"},{"@type":"ListItem","position":2,"name":"Productos","item":"https:\/\/global-medica.com\/shop\/"},{"@type":"ListItem","position":3,"name":"CARE SMARTER"}]},{"@type":"WebSite","@id":"https:\/\/global-medica.com\/#website","url":"https:\/\/global-medica.com\/","name":"Global Medica","description":"Global Medica","publisher":{"@id":"https:\/\/global-medica.com\/#organization"},"inLanguage":"en-US"},{"@type":"Organization","@id":"https:\/\/global-medica.com\/#organization","name":"Global Medica","url":"https:\/\/global-medica.com\/","logo":{"@type":"ImageObject","inLanguage":"en-US","@id":"https:\/\/global-medica.com\/#\/schema\/logo\/image\/","url":"https:\/\/global-medica.com\/wp-content\/uploads\/2024\/04\/global-logo.png","contentUrl":"https:\/\/global-medica.com\/wp-content\/uploads\/2024\/04\/global-logo.png","width":312,"height":84,"caption":"Global Medica"},"image":{"@id":"https:\/\/global-medica.com\/#\/schema\/logo\/image\/"},"sameAs":["https:\/\/www.facebook.com\/gmglobalmedica","https:\/\/www.instagram.com\/globalmedica\/","https:\/\/www.linkedin.com\/company\/67924728","https:\/\/www.youtube.com\/channel\/UCWT2KUVVms56vwB0N9r8qKQ\/"]}]}},"_links":{"self":[{"href":"https:\/\/global-medica.com\/en\/wp-json\/wp\/v2\/product\/2156","targetHints":{"allow":["GET"]}}],"collection":[{"href":"https:\/\/global-medica.com\/en\/wp-json\/wp\/v2\/product"}],"about":[{"href":"https:\/\/global-medica.com\/en\/wp-json\/wp\/v2\/types\/product"}],"replies":[{"embeddable":true,"href":"https:\/\/global-medica.com\/en\/wp-json\/wp\/v2\/comments?post=2156"}],"wp:featuredmedia":[{"embeddable":true,"href":"https:\/\/global-medica.com\/en\/wp-json\/wp\/v2\/media\/2237"}],"wp:attachment":[{"href":"https:\/\/global-medica.com\/en\/wp-json\/wp\/v2\/media?parent=2156"}],"wp:term":[{"taxonomy":"product_brand","embeddable":true,"href":"https:\/\/global-medica.com\/en\/wp-json\/wp\/v2\/product_brand?post=2156"},{"taxonomy":"product_cat","embeddable":true,"href":"https:\/\/global-medica.com\/en\/wp-json\/wp\/v2\/product_cat?post=2156"},{"taxonomy":"product_tag","embeddable":true,"href":"https:\/\/global-medica.com\/en\/wp-json\/wp\/v2\/product_tag?post=2156"}],"curies":[{"name":"wp","href":"https:\/\/api.w.org\/{rel}","templated":true}]}}