{"id":2155,"date":"2024-07-05T00:03:46","date_gmt":"2024-07-05T00:03:46","guid":{"rendered":"https:\/\/global-medica.com\/product\/mri-audio\/"},"modified":"2025-04-16T13:11:41","modified_gmt":"2025-04-16T13:11:41","slug":"mri-audio","status":"publish","type":"product","link":"https:\/\/global-medica.com\/en\/product\/mri-audio\/","title":{"rendered":"MRI Audio"},"content":{"rendered":"<div class=\"vc_row wpb_row vc_row-fluid vc_row_visible\">\n<div class=\"wpb_column vc_column_container vc_col-sm-12 text-center\">\n<div class=\"vc_column-inner\">\n<div class=\"wpb_wrapper\">\n<div id=\"el1652121570832-37bcee48-ca4e\" class=\"mb-3 text-center vc_custom_1652207610177\">\n<p><span style=\"font-weight: 400;\">MRI Audio, we propose to reinvent the experience of the patient during the mri.<\/span><\/p>\n<h2>\u00a0Listen &amp; Relax During MRI Scans<\/h2>\n<p><span style=\"font-weight: 400;\">Our MRI audio systems are instrumental in improving the patient experience.<\/span><\/p>\n<p><span style=\"font-weight: 400;\"> The headphones we offer have advanced 29-decibel noise cancellation technology, allowing patients to enjoy high-quality music. <\/span><\/p>\n<p><span style=\"font-weight: 400;\">This combination of auditory distraction helps reduce the stress and anxiety associated with scanning, especially in closed environments that can lead to feelings of claustrophobia.<\/span><\/p>\n<h2>MRI Audio is an innovative system<\/h2>\n<p>Designed to improve the patient experience during MRI studies.<\/p>\n<p>This device allows for high-quality audio transmission, facilitating relaxation and reducing the anxiety that many patients feel when undergoing these types of procedures.<\/p>\n<p>Thanks to its advanced technology, MRI Audio integrates perfectly into MRI equipment, ensuring clear and effective communication between medical staff and patient.<\/p>\n<p>In our store, we offer state-of-the-art MRI Audio, ideal for hospitals and clinics in the Dominican Republic and the Caribbean.<\/p>\n<p>This equipment not only improves the patient experience, but also optimizes workflow in the clinical environment.<\/p>\n<p>Its installation is simple and its maintenance is minimal, making it a valuable investment for any health institution.<\/p>\n<p>Additionally, the equipment is designed to meet the most demanding standards of the medical industry, ensuring patient safety and well-being.<\/p>\n<p>By choosing our product, you not only purchase quality equipment, but also contribute to a more humane approach to healthcare.<\/p>\n<p>Contact us today to learn more about MRI Audio and find out how we can help your institution improve care.<\/p>\n<p>Improve your patient experience and optimize your medical practice with this advanced solution.<\/p>\n<h3 class=\"mb-32 pix-sliding-headline-2 font-weight-bold secondary-font pix-waiting pix-animate pix-sliding-text animated\" data-anim-type=\"pix-sliding-text\" data-class=\"secondary-font text-heading-default\"><\/h3>\n<\/div>\n<\/div>\n<\/div>\n<\/div>\n<\/div>","protected":false},"excerpt":{"rendered":"<p>Con MRI Audio, proponemos reinventar la experiencia del paciente durante las resonancias magn\u00e9ticas. \u00a0Escuchar &amp;\u00a0 Relajarse con MRI Audio Nuestros sistemas de audio para resonancias magn\u00e9ticas son fundamentales para mejorar la experiencia del paciente. Los auriculares que ofrecemos cuentan con una avanzada tecnolog\u00eda de cancelaci\u00f3n de ruido de 29 decibelios, permitiendo a los pacientes disfrutar [&hellip;]<\/p>\n","protected":false},"featured_media":2236,"comment_status":"open","ping_status":"closed","template":"","meta":[],"product_brand":[],"product_cat":[55],"product_tag":[],"class_list":{"0":"post-2155","1":"product","2":"type-product","3":"status-publish","4":"has-post-thumbnail","6":"product_cat-accesorios-para-resonancia-magnetica","8":"first","9":"instock","10":"shipping-taxable","11":"purchasable","12":"product-type-simple"},"yoast_head":"<!-- This site is optimized with the Yoast SEO plugin v27.3 - https:\/\/yoast.com\/product\/yoast-seo-wordpress\/ -->\n<title>MRI Audio - Global Medica - Global M\u00e9dica DR<\/title>\n<meta name=\"description\" content=\"MRI Audio sound system for MRI scans are critical to improving the patient experience, with noise cancellation technology\" \/>\n<meta name=\"robots\" content=\"index, follow, max-snippet:-1, max-image-preview:large, max-video-preview:-1\" \/>\n<link rel=\"canonical\" href=\"https:\/\/global-medica.com\/en\/product\/mri-audio\/\" \/>\n<meta property=\"og:locale\" content=\"en_US\" \/>\n<meta property=\"og:type\" content=\"article\" \/>\n<meta property=\"og:title\" content=\"MRI Audio - Global Medica - Global M\u00e9dica DR\" \/>\n<meta property=\"og:description\" content=\"MRI Audio sound system for MRI scans are critical to improving the patient experience, with noise cancellation technology\" \/>\n<meta property=\"og:url\" content=\"https:\/\/global-medica.com\/en\/product\/mri-audio\/\" \/>\n<meta property=\"og:site_name\" content=\"Global Medica\" \/>\n<meta property=\"article:publisher\" content=\"https:\/\/www.facebook.com\/gmglobalmedica\" \/>\n<meta property=\"article:modified_time\" content=\"2025-04-16T13:11:41+00:00\" \/>\n<meta property=\"og:image\" content=\"https:\/\/global-medica.com\/wp-content\/uploads\/2024\/07\/PR-00086-min.webp\" \/>\n\t<meta property=\"og:image:width\" content=\"715\" \/>\n\t<meta property=\"og:image:height\" content=\"497\" \/>\n\t<meta property=\"og:image:type\" content=\"image\/webp\" \/>\n<meta name=\"twitter:card\" content=\"summary_large_image\" \/>\n<meta name=\"twitter:label1\" content=\"Est. reading time\" \/>\n\t<meta name=\"twitter:data1\" content=\"2 minutes\" \/>\n<script type=\"application\/ld+json\" class=\"yoast-schema-graph\">{\"@context\":\"https:\\\/\\\/schema.org\",\"@graph\":[{\"@type\":\"WebPage\",\"@id\":\"https:\\\/\\\/global-medica.com\\\/producto\\\/mri-audio\\\/\",\"url\":\"https:\\\/\\\/global-medica.com\\\/producto\\\/mri-audio\\\/\",\"name\":\"MRI Audio\",\"isPartOf\":{\"@id\":\"https:\\\/\\\/global-medica.com\\\/#website\"},\"primaryImageOfPage\":{\"@id\":\"https:\\\/\\\/global-medica.com\\\/producto\\\/mri-audio\\\/#primaryimage\"},\"image\":{\"@id\":\"https:\\\/\\\/global-medica.com\\\/producto\\\/mri-audio\\\/#primaryimage\"},\"thumbnailUrl\":\"https:\\\/\\\/global-medica.com\\\/wp-content\\\/uploads\\\/2024\\\/07\\\/PR-00086-min.webp\",\"datePublished\":\"2024-07-05T00:03:46+00:00\",\"dateModified\":\"2025-04-16T13:11:41+00:00\",\"description\":\"MRI Audio sistema de sonido para resonancias magn\u00e9ticas son fundamentales para mejorar la experiencia del paciente, con tecnolog\u00eda de cancelaci\u00f3n de ruido\",\"breadcrumb\":{\"@id\":\"https:\\\/\\\/global-medica.com\\\/producto\\\/mri-audio\\\/#breadcrumb\"},\"inLanguage\":\"en-US\",\"potentialAction\":[{\"@type\":\"ReadAction\",\"target\":[\"https:\\\/\\\/global-medica.com\\\/producto\\\/mri-audio\\\/\"]}]},{\"@type\":\"ImageObject\",\"inLanguage\":\"en-US\",\"@id\":\"https:\\\/\\\/global-medica.com\\\/producto\\\/mri-audio\\\/#primaryimage\",\"url\":\"https:\\\/\\\/global-medica.com\\\/wp-content\\\/uploads\\\/2024\\\/07\\\/PR-00086-min.webp\",\"contentUrl\":\"https:\\\/\\\/global-medica.com\\\/wp-content\\\/uploads\\\/2024\\\/07\\\/PR-00086-min.webp\",\"width\":715,\"height\":497},{\"@type\":\"BreadcrumbList\",\"@id\":\"https:\\\/\\\/global-medica.com\\\/producto\\\/mri-audio\\\/#breadcrumb\",\"itemListElement\":[{\"@type\":\"ListItem\",\"position\":1,\"name\":\"Home\",\"item\":\"https:\\\/\\\/global-medica.com\\\/\"},{\"@type\":\"ListItem\",\"position\":2,\"name\":\"Productos\",\"item\":\"https:\\\/\\\/global-medica.com\\\/shop\\\/\"},{\"@type\":\"ListItem\",\"position\":3,\"name\":\"MRI Audio\"}]},{\"@type\":\"WebSite\",\"@id\":\"https:\\\/\\\/global-medica.com\\\/#website\",\"url\":\"https:\\\/\\\/global-medica.com\\\/\",\"name\":\"Global Medica\",\"description\":\"Global Medica\",\"publisher\":{\"@id\":\"https:\\\/\\\/global-medica.com\\\/#organization\"},\"inLanguage\":\"en-US\"},{\"@type\":\"Organization\",\"@id\":\"https:\\\/\\\/global-medica.com\\\/#organization\",\"name\":\"Global Medica\",\"url\":\"https:\\\/\\\/global-medica.com\\\/\",\"logo\":{\"@type\":\"ImageObject\",\"inLanguage\":\"en-US\",\"@id\":\"https:\\\/\\\/global-medica.com\\\/#\\\/schema\\\/logo\\\/image\\\/\",\"url\":\"https:\\\/\\\/global-medica.com\\\/wp-content\\\/uploads\\\/2024\\\/04\\\/global-logo.png\",\"contentUrl\":\"https:\\\/\\\/global-medica.com\\\/wp-content\\\/uploads\\\/2024\\\/04\\\/global-logo.png\",\"width\":312,\"height\":84,\"caption\":\"Global Medica\"},\"image\":{\"@id\":\"https:\\\/\\\/global-medica.com\\\/#\\\/schema\\\/logo\\\/image\\\/\"},\"sameAs\":[\"https:\\\/\\\/www.facebook.com\\\/gmglobalmedica\",\"https:\\\/\\\/www.instagram.com\\\/globalmedica\\\/\",\"https:\\\/\\\/www.linkedin.com\\\/company\\\/67924728\",\"https:\\\/\\\/www.youtube.com\\\/channel\\\/UCWT2KUVVms56vwB0N9r8qKQ\\\/\"]}]}<\/script>\n<!-- \/ Yoast SEO plugin. -->","yoast_head_json":{"title":"MRI Audio - Global Medica - Global M\u00e9dica DR","description":"MRI Audio sound system for MRI scans are critical to improving the patient experience, with noise cancellation technology","robots":{"index":"index","follow":"follow","max-snippet":"max-snippet:-1","max-image-preview":"max-image-preview:large","max-video-preview":"max-video-preview:-1"},"canonical":"https:\/\/global-medica.com\/en\/product\/mri-audio\/","og_locale":"en_US","og_type":"article","og_title":"MRI Audio - Global Medica - Global M\u00e9dica DR","og_description":"MRI Audio sound system for MRI scans are critical to improving the patient experience, with noise cancellation technology","og_url":"https:\/\/global-medica.com\/en\/product\/mri-audio\/","og_site_name":"Global Medica","article_publisher":"https:\/\/www.facebook.com\/gmglobalmedica","article_modified_time":"2025-04-16T13:11:41+00:00","og_image":[{"width":715,"height":497,"url":"https:\/\/global-medica.com\/wp-content\/uploads\/2024\/07\/PR-00086-min.webp","type":"image\/webp"}],"twitter_card":"summary_large_image","twitter_misc":{"Est. reading time":"2 minutes"},"schema":{"@context":"https:\/\/schema.org","@graph":[{"@type":"WebPage","@id":"https:\/\/global-medica.com\/producto\/mri-audio\/","url":"https:\/\/global-medica.com\/producto\/mri-audio\/","name":"MRI Audio","isPartOf":{"@id":"https:\/\/global-medica.com\/#website"},"primaryImageOfPage":{"@id":"https:\/\/global-medica.com\/producto\/mri-audio\/#primaryimage"},"image":{"@id":"https:\/\/global-medica.com\/producto\/mri-audio\/#primaryimage"},"thumbnailUrl":"https:\/\/global-medica.com\/wp-content\/uploads\/2024\/07\/PR-00086-min.webp","datePublished":"2024-07-05T00:03:46+00:00","dateModified":"2025-04-16T13:11:41+00:00","description":"MRI Audio sound system for MRI scans are critical to improving the patient experience, with noise cancellation technology","breadcrumb":{"@id":"https:\/\/global-medica.com\/producto\/mri-audio\/#breadcrumb"},"inLanguage":"en-US","potentialAction":[{"@type":"ReadAction","target":["https:\/\/global-medica.com\/producto\/mri-audio\/"]}]},{"@type":"ImageObject","inLanguage":"en-US","@id":"https:\/\/global-medica.com\/producto\/mri-audio\/#primaryimage","url":"https:\/\/global-medica.com\/wp-content\/uploads\/2024\/07\/PR-00086-min.webp","contentUrl":"https:\/\/global-medica.com\/wp-content\/uploads\/2024\/07\/PR-00086-min.webp","width":715,"height":497},{"@type":"BreadcrumbList","@id":"https:\/\/global-medica.com\/producto\/mri-audio\/#breadcrumb","itemListElement":[{"@type":"ListItem","position":1,"name":"Home","item":"https:\/\/global-medica.com\/"},{"@type":"ListItem","position":2,"name":"Productos","item":"https:\/\/global-medica.com\/shop\/"},{"@type":"ListItem","position":3,"name":"MRI Audio"}]},{"@type":"WebSite","@id":"https:\/\/global-medica.com\/#website","url":"https:\/\/global-medica.com\/","name":"Global Medica","description":"Global Medica","publisher":{"@id":"https:\/\/global-medica.com\/#organization"},"inLanguage":"en-US"},{"@type":"Organization","@id":"https:\/\/global-medica.com\/#organization","name":"Global Medica","url":"https:\/\/global-medica.com\/","logo":{"@type":"ImageObject","inLanguage":"en-US","@id":"https:\/\/global-medica.com\/#\/schema\/logo\/image\/","url":"https:\/\/global-medica.com\/wp-content\/uploads\/2024\/04\/global-logo.png","contentUrl":"https:\/\/global-medica.com\/wp-content\/uploads\/2024\/04\/global-logo.png","width":312,"height":84,"caption":"Global Medica"},"image":{"@id":"https:\/\/global-medica.com\/#\/schema\/logo\/image\/"},"sameAs":["https:\/\/www.facebook.com\/gmglobalmedica","https:\/\/www.instagram.com\/globalmedica\/","https:\/\/www.linkedin.com\/company\/67924728","https:\/\/www.youtube.com\/channel\/UCWT2KUVVms56vwB0N9r8qKQ\/"]}]}},"_links":{"self":[{"href":"https:\/\/global-medica.com\/en\/wp-json\/wp\/v2\/product\/2155","targetHints":{"allow":["GET"]}}],"collection":[{"href":"https:\/\/global-medica.com\/en\/wp-json\/wp\/v2\/product"}],"about":[{"href":"https:\/\/global-medica.com\/en\/wp-json\/wp\/v2\/types\/product"}],"replies":[{"embeddable":true,"href":"https:\/\/global-medica.com\/en\/wp-json\/wp\/v2\/comments?post=2155"}],"wp:featuredmedia":[{"embeddable":true,"href":"https:\/\/global-medica.com\/en\/wp-json\/wp\/v2\/media\/2236"}],"wp:attachment":[{"href":"https:\/\/global-medica.com\/en\/wp-json\/wp\/v2\/media?parent=2155"}],"wp:term":[{"taxonomy":"product_brand","embeddable":true,"href":"https:\/\/global-medica.com\/en\/wp-json\/wp\/v2\/product_brand?post=2155"},{"taxonomy":"product_cat","embeddable":true,"href":"https:\/\/global-medica.com\/en\/wp-json\/wp\/v2\/product_cat?post=2155"},{"taxonomy":"product_tag","embeddable":true,"href":"https:\/\/global-medica.com\/en\/wp-json\/wp\/v2\/product_tag?post=2155"}],"curies":[{"name":"wp","href":"https:\/\/api.w.org\/{rel}","templated":true}]}}