{"id":2152,"date":"2024-07-05T00:03:45","date_gmt":"2024-07-05T00:03:45","guid":{"rendered":"https:\/\/global-medica.com\/product\/3880-monitor-de-signos-vitales-rm\/"},"modified":"2025-05-06T20:22:45","modified_gmt":"2025-05-06T20:22:45","slug":"3880-monitor-de-signos-vitales-rm","status":"publish","type":"product","link":"https:\/\/global-medica.com\/en\/product\/3880-monitor-de-signos-vitales-rm\/","title":{"rendered":"3880 MRI Vital Signs Monitor"},"content":{"rendered":"<p class=\"sqsrte-large preFlex flexIn\"><strong>MRI Patient Monitor<\/strong><\/p>\n<p class=\"sqsrte-small preFlex flexIn\">3885T Handheld Remote Tablet<\/p>\n<p>The non-magnetic wireless Remote Tablet has industry leading wireless technology that allows for remote monitoring that can go the distance inside the MRI control room.<\/p>\n<p class=\"sqsrte-large preFlex flexIn\"><strong>Extended Range Remote<\/strong><\/p>\n<p class=\"sqsrte-small preFlex flexIn\">3885B Wireless Control Room Base<\/p>\n<p>The Base Station is the control room communication hub that facilitates the printing and wireless communication through the MRI shielding between the Patient Monitor and the Tablet.<\/p>\n<p class=\"sqsrte-large preFlex flexIn\"><strong>Base Station Control<\/strong><\/p>\n<p class=\"sqsrte-small preFlex flexIn\">3881, 3882, 3883 Wireless PODs<\/p>\n<p>IRadimed non-magnetic PODs feature extended battery life lasting greater than 12 hours. This simplifies operation without the need for managing external battery chargers and batteries.<\/p>\n<p class=\"sqsrte-large preFlex flexIn\"><strong>Wireless ECG, SpO2, &amp; IBP<\/strong><\/p>\n<p class=\"sqsrte-small preFlex flexIn\">3886 Wireless Multi-gas Module<\/p>\n<p>The 3886 multigas module preserves patient mobility by residing on the anesthesia machine and wirelessly communicating gas information to the 3880 MRI monitor.<\/p>\n<p class=\"sqsrte-large preFlex flexIn\">The days of transferring a patient from traditional transport equipment to the MRI monitor &amp; MRI IV pump in the hallway outside of the MRI suite is now a thing of the past. IRadimed non-magnetic devices are small, lightweight, and easy to use and designed to travel with the patient between the MRI suite and their care unit. These unique transport attributes increase MRI efficiency while decreasing the amount of time critically ill patients are away from their care unit.<\/p>\n<p class=\"sqsrte-large preFlex flexIn\">Transferring the patient to the MRI monitor in the originating department such as an Intensive Care Unit, Emergency Department or Anesthesia induction room reduces the need for unnecessary equipment transfers providing the following benefits:<\/p>\n<ul data-rte-list=\"default\">\n<li style=\"list-style-type: none;\">\n<ul data-rte-list=\"default\">\n<li>\n<p class=\"sqsrte-large preFlex flexIn\">Reduction in Time Critical Patients are \u2018Off Unit\u2019<\/p>\n<\/li>\n<li>\n<p class=\"sqsrte-large preFlex flexIn\">\u2018Continuity of Care\u2019 During Inter-Departmental Transports<\/p>\n<\/li>\n<li>\n<p class=\"sqsrte-large preFlex flexIn\">Efficient Use of the MRI Scanner and Increased Patient Throughput<\/p>\n<\/li>\n<li>\n<p class=\"sqsrte-large preFlex flexIn\">Expedited MRI Diagnosis<\/p>\n<\/li>\n<\/ul>\n<\/li>\n<\/ul>\n<h2 class=\"preFlex flexIn\"><span class=\"sqsrte-text-color--darkAccent\">MRI Care Cycle<\/span><\/h2>\n<h3 class=\"preFlex flexIn\"><span class=\"sqsrte-text-color--darkAccent\"><strong>1. Pre MRI Set-Up<\/strong><\/span><\/h3>\n<p>Connecting the non-magnetic MRI patient monitor and MRI IV pump to the patient within the \u2018safety-net\u2019 of their care unit maintains patient stability prior to their MRI appointment.<\/p>\n<h3 class=\"preFlex flexIn\"><span class=\"sqsrte-text-color--darkAccent\"><strong>2. Transport to MRI<\/strong><\/span><\/h3>\n<p>IRadimed&#8217;s lightweight devices allow a single staff member to easily transport the patient to the MRI department without the need to transfer monitors again once they arrive.<\/p>\n<h3 class=\"preFlex flexIn\"><span class=\"sqsrte-text-color--darkAccent\"><strong>3. MRI Exam<\/strong><\/span><\/h3>\n<p>With their non-magnetic rating and small footprint, clinicians have the freedom to position the MRI monitor &amp; IV pump where it best enhances patient care for the required procedure.<\/p>\n<h3 class=\"preFlex flexIn\"><span class=\"sqsrte-text-color--darkAccent\"><strong>4.Return Transport<\/strong><\/span><\/h3>\n<p>Using the 3880 MRI monitor for the entire care cycle helps streamline patient transitions and maintains patient care without a lapse in monitoring during equipment transfers.<\/p>\n<h3 class=\"preFlex flexIn\"><span class=\"sqsrte-text-color--darkAccent\"><strong>5. Post MRI Exam<\/strong><\/span><\/h3>\n<p>Whether it is the patient's originating department or a recovery area, IRadimed products are with you and your patient every step of the way to ensure continuity of care.<\/p>\n<h2 class=\"preFlex flexIn\"><span class=\"sqsrte-text-color--darkAccent\"><strong>Portable MRI Monitor Features<\/strong><\/span><\/h2>\n<p class=\"sqsrte-large preFlex flexIn\">The IRadimed 3880 non-magnetic patient monitoring system combines a legacy of proven performance with the ultimate fusion of both form and function.<\/p>\n<p class=\"preFlex flexIn\">Multicolor, severity-based dome lights are visible from all sides of the monitor.<\/p>\n<p class=\"preFlex flexIn\">Eight channel direct wireless communication allows simultaneous monitoring in both the MRI and control room.<\/p>\n<p class=\"preFlex flexIn\">Integrated POD charging bays eliminate the need to find space for external chargers and managing battery swaps.<\/p>\n<p class=\"preFlex flexIn\">Combining a simple, single level menu structure with an intuitive touch screen makes this one of the easiest monitors to use.<\/p>\n<p class=\"preFlex\">Trusted Masimo\u00ae based Perfusion Indicator provides confidence in patient assessment and setup.<\/p>\n<p class=\"preFlex\">Dynamic messaging system with color coded severity and user acknowledgment puts you in control of what messages to see.<\/p>\n<p class=\"preFlex\">Advanced anesthetic agent monitoring featuring continuous MAC and color coded gases.<\/p>\n<p class=\"preFlex\">Frequently used activities receive a physical activation button helping preserve the screen for patient information.<\/p>\n<p class=\"preFlex flexIn\">New EcQ-tek non-invasive blood pressure technology makes our monitor quieter and provides faster readings, including one minute blood pressure cycles.<\/p>\n<p class=\"preFlex flexIn\">Smart battery management system for the monitor, PODS and tablet provides full status of all system components.<\/p>\n<p class=\"preFlex flexIn\">Wireless ECG with IRadimed dynamic gradient filtering helps increase patient comfort and safety.<\/p>\n<p class=\"preFlex flexIn\">Wireless SpO2 monitoring feature industry trusted Masimo\u00ae algorithms.<\/p>\n<p class=\"preFlex\">Non-magnetic capnography with waveform fill ensure the magnetic field doesn't alter the accuracy or reliability.<\/p>\n<p class=\"preFlex\">Dynamic trend indicators instantly provide a visual representation of vital sign trends on the running screen.<\/p>\n<p class=\"preFlex\">Industry first non-magnetic blood pressure ensures accurate readings and long term reliability.<\/p>\n<p class=\"preFlex\">Fiber optic patient temperature measurements provide real time status of your anesthetized patients.<\/p>","protected":false},"excerpt":{"rendered":"<p>Slim, lightweight, with enough battery life to go the distance, this &#8216;point of care&#8217; monitor has been meticulously engineered to meet the needs of today\u2019s complex MRI workflow. From bedside through transport, the 3880 non-magnetic vital signs monitor is mountable anywhere: wall, roll-stand, bed rail, or anesthesia cart and can quickly be detached for immediate mobility. IRadimed 3880 provides MRI safety and full functionality in a compact, non-magnetic package.<\/p>","protected":false},"featured_media":2233,"comment_status":"open","ping_status":"closed","template":"","meta":[],"product_brand":[],"product_cat":[25],"product_tag":[],"class_list":{"0":"post-2152","1":"product","2":"type-product","3":"status-publish","4":"has-post-thumbnail","6":"product_cat-diagnostico-por-imagenes","8":"first","9":"instock","10":"shipping-taxable","11":"purchasable","12":"product-type-simple"},"yoast_head":"<!-- This site is optimized with the Yoast SEO plugin v25.7 - https:\/\/yoast.com\/wordpress\/plugins\/seo\/ -->\n<title>3880 Monitor de Signos Vitales RM - Global Medica<\/title>\n<meta name=\"description\" content=\"Monitor de Signos Vitales RM es un dispositivo m\u00e9dico avanzado dise\u00f1ado para la monitorizaci\u00f3n continua y precisa de los signos vitales.\" \/>\n<meta name=\"robots\" content=\"index, follow, max-snippet:-1, max-image-preview:large, max-video-preview:-1\" \/>\n<link rel=\"canonical\" href=\"https:\/\/global-medica.com\/en\/product\/3880-monitor-de-signos-vitales-rm\/\" \/>\n<meta property=\"og:locale\" content=\"en_US\" \/>\n<meta property=\"og:type\" content=\"article\" \/>\n<meta property=\"og:title\" content=\"3880 Monitor de Signos Vitales RM - Global Medica\" \/>\n<meta property=\"og:description\" content=\"Monitor de Signos Vitales RM es un dispositivo m\u00e9dico avanzado dise\u00f1ado para la monitorizaci\u00f3n continua y precisa de los signos vitales.\" \/>\n<meta property=\"og:url\" content=\"https:\/\/global-medica.com\/en\/product\/3880-monitor-de-signos-vitales-rm\/\" \/>\n<meta property=\"og:site_name\" content=\"Global Medica\" \/>\n<meta property=\"article:publisher\" content=\"https:\/\/www.facebook.com\/gmglobalmedica\" \/>\n<meta property=\"article:modified_time\" content=\"2025-05-06T20:22:45+00:00\" \/>\n<meta property=\"og:image\" content=\"https:\/\/global-medica.com\/wp-content\/uploads\/2024\/07\/PR-00083-min.webp\" \/>\n\t<meta property=\"og:image:width\" content=\"841\" \/>\n\t<meta property=\"og:image:height\" content=\"614\" \/>\n\t<meta property=\"og:image:type\" content=\"image\/webp\" \/>\n<meta name=\"twitter:card\" content=\"summary_large_image\" \/>\n<meta name=\"twitter:label1\" content=\"Est. reading time\" \/>\n\t<meta name=\"twitter:data1\" content=\"4 minutes\" \/>\n<script type=\"application\/ld+json\" class=\"yoast-schema-graph\">{\"@context\":\"https:\/\/schema.org\",\"@graph\":[{\"@type\":\"WebPage\",\"@id\":\"https:\/\/global-medica.com\/producto\/3880-monitor-de-signos-vitales-rm\/\",\"url\":\"https:\/\/global-medica.com\/producto\/3880-monitor-de-signos-vitales-rm\/\",\"name\":\"3880 Monitor de Signos Vitales RM - Global Medica\",\"isPartOf\":{\"@id\":\"https:\/\/global-medica.com\/#website\"},\"primaryImageOfPage\":{\"@id\":\"https:\/\/global-medica.com\/producto\/3880-monitor-de-signos-vitales-rm\/#primaryimage\"},\"image\":{\"@id\":\"https:\/\/global-medica.com\/producto\/3880-monitor-de-signos-vitales-rm\/#primaryimage\"},\"thumbnailUrl\":\"https:\/\/global-medica.com\/wp-content\/uploads\/2024\/07\/PR-00083-min.webp\",\"datePublished\":\"2024-07-05T00:03:45+00:00\",\"dateModified\":\"2025-05-06T20:22:45+00:00\",\"description\":\"Monitor de Signos Vitales RM es un dispositivo m\u00e9dico avanzado dise\u00f1ado para la monitorizaci\u00f3n continua y precisa de los signos vitales.\",\"breadcrumb\":{\"@id\":\"https:\/\/global-medica.com\/producto\/3880-monitor-de-signos-vitales-rm\/#breadcrumb\"},\"inLanguage\":\"en-US\",\"potentialAction\":[{\"@type\":\"ReadAction\",\"target\":[\"https:\/\/global-medica.com\/producto\/3880-monitor-de-signos-vitales-rm\/\"]}]},{\"@type\":\"ImageObject\",\"inLanguage\":\"en-US\",\"@id\":\"https:\/\/global-medica.com\/producto\/3880-monitor-de-signos-vitales-rm\/#primaryimage\",\"url\":\"https:\/\/global-medica.com\/wp-content\/uploads\/2024\/07\/PR-00083-min.webp\",\"contentUrl\":\"https:\/\/global-medica.com\/wp-content\/uploads\/2024\/07\/PR-00083-min.webp\",\"width\":841,\"height\":614,\"caption\":\"3880 Monitor de Signos Vitales RM\"},{\"@type\":\"BreadcrumbList\",\"@id\":\"https:\/\/global-medica.com\/producto\/3880-monitor-de-signos-vitales-rm\/#breadcrumb\",\"itemListElement\":[{\"@type\":\"ListItem\",\"position\":1,\"name\":\"Home\",\"item\":\"https:\/\/global-medica.com\/\"},{\"@type\":\"ListItem\",\"position\":2,\"name\":\"Productos\",\"item\":\"https:\/\/global-medica.com\/shop\/\"},{\"@type\":\"ListItem\",\"position\":3,\"name\":\"3880 Monitor de Signos Vitales RM\"}]},{\"@type\":\"WebSite\",\"@id\":\"https:\/\/global-medica.com\/#website\",\"url\":\"https:\/\/global-medica.com\/\",\"name\":\"Global Medica\",\"description\":\"Global Medica\",\"publisher\":{\"@id\":\"https:\/\/global-medica.com\/#organization\"},\"potentialAction\":[{\"@type\":\"SearchAction\",\"target\":{\"@type\":\"EntryPoint\",\"urlTemplate\":\"https:\/\/global-medica.com\/?s={search_term_string}\"},\"query-input\":{\"@type\":\"PropertyValueSpecification\",\"valueRequired\":true,\"valueName\":\"search_term_string\"}}],\"inLanguage\":\"en-US\"},{\"@type\":\"Organization\",\"@id\":\"https:\/\/global-medica.com\/#organization\",\"name\":\"Global Medica\",\"url\":\"https:\/\/global-medica.com\/\",\"logo\":{\"@type\":\"ImageObject\",\"inLanguage\":\"en-US\",\"@id\":\"https:\/\/global-medica.com\/#\/schema\/logo\/image\/\",\"url\":\"https:\/\/global-medica.com\/wp-content\/uploads\/2024\/04\/global-logo.png\",\"contentUrl\":\"https:\/\/global-medica.com\/wp-content\/uploads\/2024\/04\/global-logo.png\",\"width\":312,\"height\":84,\"caption\":\"Global Medica\"},\"image\":{\"@id\":\"https:\/\/global-medica.com\/#\/schema\/logo\/image\/\"},\"sameAs\":[\"https:\/\/www.facebook.com\/gmglobalmedica\",\"https:\/\/www.instagram.com\/globalmedica\/\",\"https:\/\/www.linkedin.com\/company\/67924728\",\"https:\/\/www.youtube.com\/channel\/UCWT2KUVVms56vwB0N9r8qKQ\/\"]}]}<\/script>\n<!-- \/ Yoast SEO plugin. -->","yoast_head_json":{"title":"3880 MRI Vital Signs Monitor - Global Medica","description":"RM Vital Signs Monitor is an advanced medical device designed for continuous and accurate monitoring of vital signs.","robots":{"index":"index","follow":"follow","max-snippet":"max-snippet:-1","max-image-preview":"max-image-preview:large","max-video-preview":"max-video-preview:-1"},"canonical":"https:\/\/global-medica.com\/en\/product\/3880-monitor-de-signos-vitales-rm\/","og_locale":"en_US","og_type":"article","og_title":"3880 Monitor de Signos Vitales RM - Global Medica","og_description":"Monitor de Signos Vitales RM es un dispositivo m\u00e9dico avanzado dise\u00f1ado para la monitorizaci\u00f3n continua y precisa de los signos vitales.","og_url":"https:\/\/global-medica.com\/en\/product\/3880-monitor-de-signos-vitales-rm\/","og_site_name":"Global Medica","article_publisher":"https:\/\/www.facebook.com\/gmglobalmedica","article_modified_time":"2025-05-06T20:22:45+00:00","og_image":[{"width":841,"height":614,"url":"https:\/\/global-medica.com\/wp-content\/uploads\/2024\/07\/PR-00083-min.webp","type":"image\/webp"}],"twitter_card":"summary_large_image","twitter_misc":{"Est. reading time":"4 minutes"},"schema":{"@context":"https:\/\/schema.org","@graph":[{"@type":"WebPage","@id":"https:\/\/global-medica.com\/producto\/3880-monitor-de-signos-vitales-rm\/","url":"https:\/\/global-medica.com\/producto\/3880-monitor-de-signos-vitales-rm\/","name":"3880 MRI Vital Signs Monitor - Global Medica","isPartOf":{"@id":"https:\/\/global-medica.com\/#website"},"primaryImageOfPage":{"@id":"https:\/\/global-medica.com\/producto\/3880-monitor-de-signos-vitales-rm\/#primaryimage"},"image":{"@id":"https:\/\/global-medica.com\/producto\/3880-monitor-de-signos-vitales-rm\/#primaryimage"},"thumbnailUrl":"https:\/\/global-medica.com\/wp-content\/uploads\/2024\/07\/PR-00083-min.webp","datePublished":"2024-07-05T00:03:45+00:00","dateModified":"2025-05-06T20:22:45+00:00","description":"RM Vital Signs Monitor is an advanced medical device designed for continuous and accurate monitoring of vital signs.","breadcrumb":{"@id":"https:\/\/global-medica.com\/producto\/3880-monitor-de-signos-vitales-rm\/#breadcrumb"},"inLanguage":"en-US","potentialAction":[{"@type":"ReadAction","target":["https:\/\/global-medica.com\/producto\/3880-monitor-de-signos-vitales-rm\/"]}]},{"@type":"ImageObject","inLanguage":"en-US","@id":"https:\/\/global-medica.com\/producto\/3880-monitor-de-signos-vitales-rm\/#primaryimage","url":"https:\/\/global-medica.com\/wp-content\/uploads\/2024\/07\/PR-00083-min.webp","contentUrl":"https:\/\/global-medica.com\/wp-content\/uploads\/2024\/07\/PR-00083-min.webp","width":841,"height":614,"caption":"3880 Monitor de Signos Vitales RM"},{"@type":"BreadcrumbList","@id":"https:\/\/global-medica.com\/producto\/3880-monitor-de-signos-vitales-rm\/#breadcrumb","itemListElement":[{"@type":"ListItem","position":1,"name":"Home","item":"https:\/\/global-medica.com\/"},{"@type":"ListItem","position":2,"name":"Productos","item":"https:\/\/global-medica.com\/shop\/"},{"@type":"ListItem","position":3,"name":"3880 Monitor de Signos Vitales RM"}]},{"@type":"WebSite","@id":"https:\/\/global-medica.com\/#website","url":"https:\/\/global-medica.com\/","name":"Global Medica","description":"Global Medica","publisher":{"@id":"https:\/\/global-medica.com\/#organization"},"potentialAction":[{"@type":"SearchAction","target":{"@type":"EntryPoint","urlTemplate":"https:\/\/global-medica.com\/?s={search_term_string}"},"query-input":{"@type":"PropertyValueSpecification","valueRequired":true,"valueName":"search_term_string"}}],"inLanguage":"en-US"},{"@type":"Organization","@id":"https:\/\/global-medica.com\/#organization","name":"Global Medica","url":"https:\/\/global-medica.com\/","logo":{"@type":"ImageObject","inLanguage":"en-US","@id":"https:\/\/global-medica.com\/#\/schema\/logo\/image\/","url":"https:\/\/global-medica.com\/wp-content\/uploads\/2024\/04\/global-logo.png","contentUrl":"https:\/\/global-medica.com\/wp-content\/uploads\/2024\/04\/global-logo.png","width":312,"height":84,"caption":"Global Medica"},"image":{"@id":"https:\/\/global-medica.com\/#\/schema\/logo\/image\/"},"sameAs":["https:\/\/www.facebook.com\/gmglobalmedica","https:\/\/www.instagram.com\/globalmedica\/","https:\/\/www.linkedin.com\/company\/67924728","https:\/\/www.youtube.com\/channel\/UCWT2KUVVms56vwB0N9r8qKQ\/"]}]}},"_links":{"self":[{"href":"https:\/\/global-medica.com\/en\/wp-json\/wp\/v2\/product\/2152","targetHints":{"allow":["GET"]}}],"collection":[{"href":"https:\/\/global-medica.com\/en\/wp-json\/wp\/v2\/product"}],"about":[{"href":"https:\/\/global-medica.com\/en\/wp-json\/wp\/v2\/types\/product"}],"replies":[{"embeddable":true,"href":"https:\/\/global-medica.com\/en\/wp-json\/wp\/v2\/comments?post=2152"}],"wp:featuredmedia":[{"embeddable":true,"href":"https:\/\/global-medica.com\/en\/wp-json\/wp\/v2\/media\/2233"}],"wp:attachment":[{"href":"https:\/\/global-medica.com\/en\/wp-json\/wp\/v2\/media?parent=2152"}],"wp:term":[{"taxonomy":"product_brand","embeddable":true,"href":"https:\/\/global-medica.com\/en\/wp-json\/wp\/v2\/product_brand?post=2152"},{"taxonomy":"product_cat","embeddable":true,"href":"https:\/\/global-medica.com\/en\/wp-json\/wp\/v2\/product_cat?post=2152"},{"taxonomy":"product_tag","embeddable":true,"href":"https:\/\/global-medica.com\/en\/wp-json\/wp\/v2\/product_tag?post=2152"}],"curies":[{"name":"wp","href":"https:\/\/api.w.org\/{rel}","templated":true}]}}