{"id":2147,"date":"2024-07-05T00:03:45","date_gmt":"2024-07-05T00:03:45","guid":{"rendered":"https:\/\/global-medica.com\/product\/mr-dual-sonic-shot-7\/"},"modified":"2025-02-03T09:25:10","modified_gmt":"2025-02-03T09:25:10","slug":"mr-dual-sonic-shot-7","status":"publish","type":"product","link":"https:\/\/global-medica.com\/en\/product\/mr-dual-sonic-shot-7\/","title":{"rendered":"MR \u2013 Dual Sonic Shot 7"},"content":{"rendered":"<p><span style=\"font-weight: 400;\">Enlargement of the functions of injection of Sonic Shot GX protocols calculated from the body weight, new design, more ergonomic, user interface updated.<\/span><\/p>","protected":false},"excerpt":{"rendered":"<p><span style=\"font-weight: 400;\">The MR \u2013 Dual Sonic Shot 7 is the newest contrast media injection platform for MRI, building on the successful features of the Sonic Shot GX.<\/span><\/p>","protected":false},"featured_media":2232,"comment_status":"open","ping_status":"closed","template":"","meta":[],"product_brand":[],"product_cat":[53],"product_tag":[],"class_list":{"0":"post-2147","1":"product","2":"type-product","3":"status-publish","4":"has-post-thumbnail","6":"product_cat-inyectores","8":"first","9":"instock","10":"shipping-taxable","11":"purchasable","12":"product-type-simple"},"yoast_head":"<!-- This site is optimized with the Yoast SEO plugin v27.3 - https:\/\/yoast.com\/product\/yoast-seo-wordpress\/ -->\n<title>MR \u2013 Dual Sonic Shot 7 - Global Medica - Global M\u00e9dica DR<\/title>\n<meta name=\"description\" content=\"Dual Sonic Shot 7, Expansion of the injection functions of Sonic Shot GX with protocols calculated from body weight, new more ergonomic design\" \/>\n<meta name=\"robots\" content=\"index, follow, max-snippet:-1, max-image-preview:large, max-video-preview:-1\" \/>\n<link rel=\"canonical\" href=\"https:\/\/global-medica.com\/en\/product\/mr-dual-sonic-shot-7\/\" \/>\n<meta property=\"og:locale\" content=\"en_US\" \/>\n<meta property=\"og:type\" content=\"article\" \/>\n<meta property=\"og:title\" content=\"MR \u2013 Dual Sonic Shot 7 - Global Medica - Global M\u00e9dica DR\" \/>\n<meta property=\"og:description\" content=\"Dual Sonic Shot 7, Expansion of the injection functions of Sonic Shot GX with protocols calculated from body weight, new more ergonomic design\" \/>\n<meta property=\"og:url\" content=\"https:\/\/global-medica.com\/en\/product\/mr-dual-sonic-shot-7\/\" \/>\n<meta property=\"og:site_name\" content=\"Global Medica\" \/>\n<meta property=\"article:publisher\" content=\"https:\/\/www.facebook.com\/gmglobalmedica\" \/>\n<meta property=\"article:modified_time\" content=\"2025-02-03T09:25:10+00:00\" \/>\n<meta property=\"og:image\" content=\"https:\/\/global-medica.com\/wp-content\/uploads\/2024\/07\/PR-00078-min.webp\" \/>\n\t<meta property=\"og:image:width\" content=\"533\" \/>\n\t<meta property=\"og:image:height\" content=\"680\" \/>\n\t<meta property=\"og:image:type\" content=\"image\/webp\" \/>\n<meta name=\"twitter:card\" content=\"summary_large_image\" \/>\n<meta name=\"twitter:label1\" content=\"Est. reading time\" \/>\n\t<meta name=\"twitter:data1\" content=\"1 minute\" \/>\n<script type=\"application\/ld+json\" class=\"yoast-schema-graph\">{\"@context\":\"https:\\\/\\\/schema.org\",\"@graph\":[{\"@type\":\"WebPage\",\"@id\":\"https:\\\/\\\/global-medica.com\\\/producto\\\/mr-dual-sonic-shot-7\\\/\",\"url\":\"https:\\\/\\\/global-medica.com\\\/producto\\\/mr-dual-sonic-shot-7\\\/\",\"name\":\"MR \u2013 Dual Sonic Shot 7\",\"isPartOf\":{\"@id\":\"https:\\\/\\\/global-medica.com\\\/#website\"},\"primaryImageOfPage\":{\"@id\":\"https:\\\/\\\/global-medica.com\\\/producto\\\/mr-dual-sonic-shot-7\\\/#primaryimage\"},\"image\":{\"@id\":\"https:\\\/\\\/global-medica.com\\\/producto\\\/mr-dual-sonic-shot-7\\\/#primaryimage\"},\"thumbnailUrl\":\"https:\\\/\\\/global-medica.com\\\/wp-content\\\/uploads\\\/2024\\\/07\\\/PR-00078-min.webp\",\"datePublished\":\"2024-07-05T00:03:45+00:00\",\"dateModified\":\"2025-02-03T09:25:10+00:00\",\"description\":\"Dual Sonic Shot 7, Ampliaci\u00f3n de las funciones de inyecci\u00f3n de Sonic Shot GX con protocolos calculados del peso corporal, nuevo dise\u00f1o m\u00e1s ergon\u00f3mico\",\"breadcrumb\":{\"@id\":\"https:\\\/\\\/global-medica.com\\\/producto\\\/mr-dual-sonic-shot-7\\\/#breadcrumb\"},\"inLanguage\":\"en-US\",\"potentialAction\":[{\"@type\":\"ReadAction\",\"target\":[\"https:\\\/\\\/global-medica.com\\\/producto\\\/mr-dual-sonic-shot-7\\\/\"]}]},{\"@type\":\"ImageObject\",\"inLanguage\":\"en-US\",\"@id\":\"https:\\\/\\\/global-medica.com\\\/producto\\\/mr-dual-sonic-shot-7\\\/#primaryimage\",\"url\":\"https:\\\/\\\/global-medica.com\\\/wp-content\\\/uploads\\\/2024\\\/07\\\/PR-00078-min.webp\",\"contentUrl\":\"https:\\\/\\\/global-medica.com\\\/wp-content\\\/uploads\\\/2024\\\/07\\\/PR-00078-min.webp\",\"width\":533,\"height\":680},{\"@type\":\"BreadcrumbList\",\"@id\":\"https:\\\/\\\/global-medica.com\\\/producto\\\/mr-dual-sonic-shot-7\\\/#breadcrumb\",\"itemListElement\":[{\"@type\":\"ListItem\",\"position\":1,\"name\":\"Home\",\"item\":\"https:\\\/\\\/global-medica.com\\\/\"},{\"@type\":\"ListItem\",\"position\":2,\"name\":\"Productos\",\"item\":\"https:\\\/\\\/global-medica.com\\\/shop\\\/\"},{\"@type\":\"ListItem\",\"position\":3,\"name\":\"MR &#8211; Dual Sonic Shot 7\"}]},{\"@type\":\"WebSite\",\"@id\":\"https:\\\/\\\/global-medica.com\\\/#website\",\"url\":\"https:\\\/\\\/global-medica.com\\\/\",\"name\":\"Global Medica\",\"description\":\"Global Medica\",\"publisher\":{\"@id\":\"https:\\\/\\\/global-medica.com\\\/#organization\"},\"inLanguage\":\"en-US\"},{\"@type\":\"Organization\",\"@id\":\"https:\\\/\\\/global-medica.com\\\/#organization\",\"name\":\"Global Medica\",\"url\":\"https:\\\/\\\/global-medica.com\\\/\",\"logo\":{\"@type\":\"ImageObject\",\"inLanguage\":\"en-US\",\"@id\":\"https:\\\/\\\/global-medica.com\\\/#\\\/schema\\\/logo\\\/image\\\/\",\"url\":\"https:\\\/\\\/global-medica.com\\\/wp-content\\\/uploads\\\/2024\\\/04\\\/global-logo.png\",\"contentUrl\":\"https:\\\/\\\/global-medica.com\\\/wp-content\\\/uploads\\\/2024\\\/04\\\/global-logo.png\",\"width\":312,\"height\":84,\"caption\":\"Global Medica\"},\"image\":{\"@id\":\"https:\\\/\\\/global-medica.com\\\/#\\\/schema\\\/logo\\\/image\\\/\"},\"sameAs\":[\"https:\\\/\\\/www.facebook.com\\\/gmglobalmedica\",\"https:\\\/\\\/www.instagram.com\\\/globalmedica\\\/\",\"https:\\\/\\\/www.linkedin.com\\\/company\\\/67924728\",\"https:\\\/\\\/www.youtube.com\\\/channel\\\/UCWT2KUVVms56vwB0N9r8qKQ\\\/\"]}]}<\/script>\n<!-- \/ Yoast SEO plugin. -->","yoast_head_json":{"title":"MR \u2013 Dual Sonic Shot 7 - Global Medica - Global M\u00e9dica DR","description":"Dual Sonic Shot 7, Expansion of the injection functions of Sonic Shot GX with protocols calculated from body weight, new more ergonomic design","robots":{"index":"index","follow":"follow","max-snippet":"max-snippet:-1","max-image-preview":"max-image-preview:large","max-video-preview":"max-video-preview:-1"},"canonical":"https:\/\/global-medica.com\/en\/product\/mr-dual-sonic-shot-7\/","og_locale":"en_US","og_type":"article","og_title":"MR \u2013 Dual Sonic Shot 7 - Global Medica - Global M\u00e9dica DR","og_description":"Dual Sonic Shot 7, Expansion of the injection functions of Sonic Shot GX with protocols calculated from body weight, new more ergonomic design","og_url":"https:\/\/global-medica.com\/en\/product\/mr-dual-sonic-shot-7\/","og_site_name":"Global Medica","article_publisher":"https:\/\/www.facebook.com\/gmglobalmedica","article_modified_time":"2025-02-03T09:25:10+00:00","og_image":[{"width":533,"height":680,"url":"https:\/\/global-medica.com\/wp-content\/uploads\/2024\/07\/PR-00078-min.webp","type":"image\/webp"}],"twitter_card":"summary_large_image","twitter_misc":{"Est. reading time":"1 minute"},"schema":{"@context":"https:\/\/schema.org","@graph":[{"@type":"WebPage","@id":"https:\/\/global-medica.com\/producto\/mr-dual-sonic-shot-7\/","url":"https:\/\/global-medica.com\/producto\/mr-dual-sonic-shot-7\/","name":"MR \u2013 Dual Sonic Shot 7","isPartOf":{"@id":"https:\/\/global-medica.com\/#website"},"primaryImageOfPage":{"@id":"https:\/\/global-medica.com\/producto\/mr-dual-sonic-shot-7\/#primaryimage"},"image":{"@id":"https:\/\/global-medica.com\/producto\/mr-dual-sonic-shot-7\/#primaryimage"},"thumbnailUrl":"https:\/\/global-medica.com\/wp-content\/uploads\/2024\/07\/PR-00078-min.webp","datePublished":"2024-07-05T00:03:45+00:00","dateModified":"2025-02-03T09:25:10+00:00","description":"Dual Sonic Shot 7, Expansion of the injection functions of Sonic Shot GX with protocols calculated from body weight, new more ergonomic design","breadcrumb":{"@id":"https:\/\/global-medica.com\/producto\/mr-dual-sonic-shot-7\/#breadcrumb"},"inLanguage":"en-US","potentialAction":[{"@type":"ReadAction","target":["https:\/\/global-medica.com\/producto\/mr-dual-sonic-shot-7\/"]}]},{"@type":"ImageObject","inLanguage":"en-US","@id":"https:\/\/global-medica.com\/producto\/mr-dual-sonic-shot-7\/#primaryimage","url":"https:\/\/global-medica.com\/wp-content\/uploads\/2024\/07\/PR-00078-min.webp","contentUrl":"https:\/\/global-medica.com\/wp-content\/uploads\/2024\/07\/PR-00078-min.webp","width":533,"height":680},{"@type":"BreadcrumbList","@id":"https:\/\/global-medica.com\/producto\/mr-dual-sonic-shot-7\/#breadcrumb","itemListElement":[{"@type":"ListItem","position":1,"name":"Home","item":"https:\/\/global-medica.com\/"},{"@type":"ListItem","position":2,"name":"Productos","item":"https:\/\/global-medica.com\/shop\/"},{"@type":"ListItem","position":3,"name":"MR &#8211; Dual Sonic Shot 7"}]},{"@type":"WebSite","@id":"https:\/\/global-medica.com\/#website","url":"https:\/\/global-medica.com\/","name":"Global Medica","description":"Global Medica","publisher":{"@id":"https:\/\/global-medica.com\/#organization"},"inLanguage":"en-US"},{"@type":"Organization","@id":"https:\/\/global-medica.com\/#organization","name":"Global Medica","url":"https:\/\/global-medica.com\/","logo":{"@type":"ImageObject","inLanguage":"en-US","@id":"https:\/\/global-medica.com\/#\/schema\/logo\/image\/","url":"https:\/\/global-medica.com\/wp-content\/uploads\/2024\/04\/global-logo.png","contentUrl":"https:\/\/global-medica.com\/wp-content\/uploads\/2024\/04\/global-logo.png","width":312,"height":84,"caption":"Global Medica"},"image":{"@id":"https:\/\/global-medica.com\/#\/schema\/logo\/image\/"},"sameAs":["https:\/\/www.facebook.com\/gmglobalmedica","https:\/\/www.instagram.com\/globalmedica\/","https:\/\/www.linkedin.com\/company\/67924728","https:\/\/www.youtube.com\/channel\/UCWT2KUVVms56vwB0N9r8qKQ\/"]}]}},"_links":{"self":[{"href":"https:\/\/global-medica.com\/en\/wp-json\/wp\/v2\/product\/2147","targetHints":{"allow":["GET"]}}],"collection":[{"href":"https:\/\/global-medica.com\/en\/wp-json\/wp\/v2\/product"}],"about":[{"href":"https:\/\/global-medica.com\/en\/wp-json\/wp\/v2\/types\/product"}],"replies":[{"embeddable":true,"href":"https:\/\/global-medica.com\/en\/wp-json\/wp\/v2\/comments?post=2147"}],"wp:featuredmedia":[{"embeddable":true,"href":"https:\/\/global-medica.com\/en\/wp-json\/wp\/v2\/media\/2232"}],"wp:attachment":[{"href":"https:\/\/global-medica.com\/en\/wp-json\/wp\/v2\/media?parent=2147"}],"wp:term":[{"taxonomy":"product_brand","embeddable":true,"href":"https:\/\/global-medica.com\/en\/wp-json\/wp\/v2\/product_brand?post=2147"},{"taxonomy":"product_cat","embeddable":true,"href":"https:\/\/global-medica.com\/en\/wp-json\/wp\/v2\/product_cat?post=2147"},{"taxonomy":"product_tag","embeddable":true,"href":"https:\/\/global-medica.com\/en\/wp-json\/wp\/v2\/product_tag?post=2147"}],"curies":[{"name":"wp","href":"https:\/\/api.w.org\/{rel}","templated":true}]}}