{"id":2144,"date":"2024-07-05T00:03:44","date_gmt":"2024-07-05T00:03:44","guid":{"rendered":"https:\/\/global-medica.com\/product\/clariscan\/"},"modified":"2025-02-18T21:24:08","modified_gmt":"2025-02-18T21:24:08","slug":"clariscan","status":"publish","type":"product","link":"https:\/\/global-medica.com\/en\/product\/clariscan\/","title":{"rendered":"Clariscan \u2013 MRI Contrast Agent"},"content":{"rendered":"<section id=\"pdp-glance\" class=\"pdp-glance theme-grey-100 gehc-padding-top-48 gehc-padding-bottom-48\">\n<div class=\"mdc-layout-grid eds-grid\">\n<div class=\"mdc-layout-grid__inner\">\n<div class=\"mdc-layout-grid__cell mdc-layout-grid__cell--span-3-desktop mdc-layout-grid__cell--span-4-tablet mdc-layout-grid__cell--span-2-phone\">\n<div class=\"pdp-glance-item\">\n<p><span style=\"font-weight: 400;\">Clariscan (gadoterate meglumine) is a macrocyclic, gadolinium-based contrast agent developed with the expertise and quality of <\/span><b>GE HealthCare<\/b><span style=\"font-weight: 400;\">. Designed to enhance the visualization of tissues during magnetic resonance imaging (MRI), Clariscan delivers consistent, high-quality images across a wide range of clinical indications.<\/span><\/p>\n<\/div>\n<\/div>\n<\/div>\n<\/div>\n<\/section>","protected":false},"excerpt":{"rendered":"<p>Clariscan (gadoterato de meglumina) es un agente de contraste macroc\u00edclico a base de gadolinio, desarrollado con la experiencia y calidad de GE HealthCare. Dise\u00f1ado para optimizar la visualizaci\u00f3n en procedimientos de resonancia magn\u00e9tica, Clariscan\u2122 ofrece resultados confiables y precisos en una amplia variedad de indicaciones cl\u00ednicas.<\/p>","protected":false},"featured_media":2830,"comment_status":"open","ping_status":"closed","template":"","meta":[],"product_brand":[66],"product_cat":[52],"product_tag":[],"class_list":{"0":"post-2144","1":"product","2":"type-product","3":"status-publish","4":"has-post-thumbnail","6":"product_brand-general-electric","7":"product_cat-medios-de-contraste","9":"first","10":"instock","11":"shipping-taxable","12":"purchasable","13":"product-type-simple"},"yoast_head":"<!-- This site is optimized with the Yoast SEO plugin v25.7 - https:\/\/yoast.com\/wordpress\/plugins\/seo\/ -->\n<title>Clariscan - Agente de Contraste para Resonancia Magn\u00e9tica - Global Medica<\/title>\n<meta name=\"description\" content=\"Clariscan (gadoterato de meglumina) es un agente de contraste macroc\u00edclico a base de gadolinio, desarrollado con la experiencia y calidad de GE HealthCare\" \/>\n<meta name=\"robots\" content=\"index, follow, max-snippet:-1, max-image-preview:large, max-video-preview:-1\" \/>\n<link rel=\"canonical\" href=\"https:\/\/global-medica.com\/en\/product\/clariscan\/\" \/>\n<meta property=\"og:locale\" content=\"en_US\" \/>\n<meta property=\"og:type\" content=\"article\" \/>\n<meta property=\"og:title\" content=\"Clariscan - Agente de Contraste para Resonancia Magn\u00e9tica - Global Medica\" \/>\n<meta property=\"og:description\" content=\"Clariscan (gadoterato de meglumina) es un agente de contraste macroc\u00edclico a base de gadolinio, desarrollado con la experiencia y calidad de GE HealthCare\" \/>\n<meta property=\"og:url\" content=\"https:\/\/global-medica.com\/en\/product\/clariscan\/\" \/>\n<meta property=\"og:site_name\" content=\"Global Medica\" \/>\n<meta property=\"article:publisher\" content=\"https:\/\/www.facebook.com\/gmglobalmedica\" \/>\n<meta property=\"article:modified_time\" content=\"2025-02-18T21:24:08+00:00\" \/>\n<meta property=\"og:image\" content=\"https:\/\/global-medica.com\/wp-content\/uploads\/2024\/07\/download-11.webp\" \/>\n\t<meta property=\"og:image:width\" content=\"481\" \/>\n\t<meta property=\"og:image:height\" content=\"406\" \/>\n\t<meta property=\"og:image:type\" content=\"image\/webp\" \/>\n<meta name=\"twitter:card\" content=\"summary_large_image\" \/>\n<meta name=\"twitter:label1\" content=\"Est. reading time\" \/>\n\t<meta name=\"twitter:data1\" content=\"1 minute\" \/>\n<script type=\"application\/ld+json\" class=\"yoast-schema-graph\">{\"@context\":\"https:\/\/schema.org\",\"@graph\":[{\"@type\":\"WebPage\",\"@id\":\"https:\/\/global-medica.com\/producto\/clariscan\/\",\"url\":\"https:\/\/global-medica.com\/producto\/clariscan\/\",\"name\":\"Clariscan - Agente de Contraste para Resonancia Magn\u00e9tica - Global Medica\",\"isPartOf\":{\"@id\":\"https:\/\/global-medica.com\/#website\"},\"primaryImageOfPage\":{\"@id\":\"https:\/\/global-medica.com\/producto\/clariscan\/#primaryimage\"},\"image\":{\"@id\":\"https:\/\/global-medica.com\/producto\/clariscan\/#primaryimage\"},\"thumbnailUrl\":\"https:\/\/global-medica.com\/wp-content\/uploads\/2024\/07\/download-11.webp\",\"datePublished\":\"2024-07-05T00:03:44+00:00\",\"dateModified\":\"2025-02-18T21:24:08+00:00\",\"description\":\"Clariscan (gadoterato de meglumina) es un agente de contraste macroc\u00edclico a base de gadolinio, desarrollado con la experiencia y calidad de GE HealthCare\",\"breadcrumb\":{\"@id\":\"https:\/\/global-medica.com\/producto\/clariscan\/#breadcrumb\"},\"inLanguage\":\"en-US\",\"potentialAction\":[{\"@type\":\"ReadAction\",\"target\":[\"https:\/\/global-medica.com\/producto\/clariscan\/\"]}]},{\"@type\":\"ImageObject\",\"inLanguage\":\"en-US\",\"@id\":\"https:\/\/global-medica.com\/producto\/clariscan\/#primaryimage\",\"url\":\"https:\/\/global-medica.com\/wp-content\/uploads\/2024\/07\/download-11.webp\",\"contentUrl\":\"https:\/\/global-medica.com\/wp-content\/uploads\/2024\/07\/download-11.webp\",\"width\":481,\"height\":406},{\"@type\":\"BreadcrumbList\",\"@id\":\"https:\/\/global-medica.com\/producto\/clariscan\/#breadcrumb\",\"itemListElement\":[{\"@type\":\"ListItem\",\"position\":1,\"name\":\"Home\",\"item\":\"https:\/\/global-medica.com\/\"},{\"@type\":\"ListItem\",\"position\":2,\"name\":\"Productos\",\"item\":\"https:\/\/global-medica.com\/shop\/\"},{\"@type\":\"ListItem\",\"position\":3,\"name\":\"Clariscan &#8211; Agente de Contraste para Resonancia Magn\u00e9tica\"}]},{\"@type\":\"WebSite\",\"@id\":\"https:\/\/global-medica.com\/#website\",\"url\":\"https:\/\/global-medica.com\/\",\"name\":\"Global Medica\",\"description\":\"Global Medica\",\"publisher\":{\"@id\":\"https:\/\/global-medica.com\/#organization\"},\"potentialAction\":[{\"@type\":\"SearchAction\",\"target\":{\"@type\":\"EntryPoint\",\"urlTemplate\":\"https:\/\/global-medica.com\/?s={search_term_string}\"},\"query-input\":{\"@type\":\"PropertyValueSpecification\",\"valueRequired\":true,\"valueName\":\"search_term_string\"}}],\"inLanguage\":\"en-US\"},{\"@type\":\"Organization\",\"@id\":\"https:\/\/global-medica.com\/#organization\",\"name\":\"Global Medica\",\"url\":\"https:\/\/global-medica.com\/\",\"logo\":{\"@type\":\"ImageObject\",\"inLanguage\":\"en-US\",\"@id\":\"https:\/\/global-medica.com\/#\/schema\/logo\/image\/\",\"url\":\"https:\/\/global-medica.com\/wp-content\/uploads\/2024\/04\/global-logo.png\",\"contentUrl\":\"https:\/\/global-medica.com\/wp-content\/uploads\/2024\/04\/global-logo.png\",\"width\":312,\"height\":84,\"caption\":\"Global Medica\"},\"image\":{\"@id\":\"https:\/\/global-medica.com\/#\/schema\/logo\/image\/\"},\"sameAs\":[\"https:\/\/www.facebook.com\/gmglobalmedica\",\"https:\/\/www.instagram.com\/globalmedica\/\",\"https:\/\/www.linkedin.com\/company\/67924728\",\"https:\/\/www.youtube.com\/channel\/UCWT2KUVVms56vwB0N9r8qKQ\/\"]}]}<\/script>\n<!-- \/ Yoast SEO plugin. -->","yoast_head_json":{"title":"Clariscan - Agente de Contraste para Resonancia Magn\u00e9tica - Global Medica","description":"Clariscan (gadoterate meglumine) is a gadolinium-based macrocyclic contrast agent, developed with the expertise and quality of GE HealthCare","robots":{"index":"index","follow":"follow","max-snippet":"max-snippet:-1","max-image-preview":"max-image-preview:large","max-video-preview":"max-video-preview:-1"},"canonical":"https:\/\/global-medica.com\/en\/product\/clariscan\/","og_locale":"en_US","og_type":"article","og_title":"Clariscan - Agente de Contraste para Resonancia Magn\u00e9tica - Global Medica","og_description":"Clariscan (gadoterato de meglumina) es un agente de contraste macroc\u00edclico a base de gadolinio, desarrollado con la experiencia y calidad de GE HealthCare","og_url":"https:\/\/global-medica.com\/en\/product\/clariscan\/","og_site_name":"Global Medica","article_publisher":"https:\/\/www.facebook.com\/gmglobalmedica","article_modified_time":"2025-02-18T21:24:08+00:00","og_image":[{"width":481,"height":406,"url":"https:\/\/global-medica.com\/wp-content\/uploads\/2024\/07\/download-11.webp","type":"image\/webp"}],"twitter_card":"summary_large_image","twitter_misc":{"Est. reading time":"1 minute"},"schema":{"@context":"https:\/\/schema.org","@graph":[{"@type":"WebPage","@id":"https:\/\/global-medica.com\/producto\/clariscan\/","url":"https:\/\/global-medica.com\/producto\/clariscan\/","name":"Clariscan - Agente de Contraste para Resonancia Magn\u00e9tica - Global Medica","isPartOf":{"@id":"https:\/\/global-medica.com\/#website"},"primaryImageOfPage":{"@id":"https:\/\/global-medica.com\/producto\/clariscan\/#primaryimage"},"image":{"@id":"https:\/\/global-medica.com\/producto\/clariscan\/#primaryimage"},"thumbnailUrl":"https:\/\/global-medica.com\/wp-content\/uploads\/2024\/07\/download-11.webp","datePublished":"2024-07-05T00:03:44+00:00","dateModified":"2025-02-18T21:24:08+00:00","description":"Clariscan (gadoterate meglumine) is a gadolinium-based macrocyclic contrast agent, developed with the expertise and quality of GE HealthCare","breadcrumb":{"@id":"https:\/\/global-medica.com\/producto\/clariscan\/#breadcrumb"},"inLanguage":"en-US","potentialAction":[{"@type":"ReadAction","target":["https:\/\/global-medica.com\/producto\/clariscan\/"]}]},{"@type":"ImageObject","inLanguage":"en-US","@id":"https:\/\/global-medica.com\/producto\/clariscan\/#primaryimage","url":"https:\/\/global-medica.com\/wp-content\/uploads\/2024\/07\/download-11.webp","contentUrl":"https:\/\/global-medica.com\/wp-content\/uploads\/2024\/07\/download-11.webp","width":481,"height":406},{"@type":"BreadcrumbList","@id":"https:\/\/global-medica.com\/producto\/clariscan\/#breadcrumb","itemListElement":[{"@type":"ListItem","position":1,"name":"Home","item":"https:\/\/global-medica.com\/"},{"@type":"ListItem","position":2,"name":"Productos","item":"https:\/\/global-medica.com\/shop\/"},{"@type":"ListItem","position":3,"name":"Clariscan &#8211; Agente de Contraste para Resonancia Magn\u00e9tica"}]},{"@type":"WebSite","@id":"https:\/\/global-medica.com\/#website","url":"https:\/\/global-medica.com\/","name":"Global Medica","description":"Global Medica","publisher":{"@id":"https:\/\/global-medica.com\/#organization"},"potentialAction":[{"@type":"SearchAction","target":{"@type":"EntryPoint","urlTemplate":"https:\/\/global-medica.com\/?s={search_term_string}"},"query-input":{"@type":"PropertyValueSpecification","valueRequired":true,"valueName":"search_term_string"}}],"inLanguage":"en-US"},{"@type":"Organization","@id":"https:\/\/global-medica.com\/#organization","name":"Global Medica","url":"https:\/\/global-medica.com\/","logo":{"@type":"ImageObject","inLanguage":"en-US","@id":"https:\/\/global-medica.com\/#\/schema\/logo\/image\/","url":"https:\/\/global-medica.com\/wp-content\/uploads\/2024\/04\/global-logo.png","contentUrl":"https:\/\/global-medica.com\/wp-content\/uploads\/2024\/04\/global-logo.png","width":312,"height":84,"caption":"Global Medica"},"image":{"@id":"https:\/\/global-medica.com\/#\/schema\/logo\/image\/"},"sameAs":["https:\/\/www.facebook.com\/gmglobalmedica","https:\/\/www.instagram.com\/globalmedica\/","https:\/\/www.linkedin.com\/company\/67924728","https:\/\/www.youtube.com\/channel\/UCWT2KUVVms56vwB0N9r8qKQ\/"]}]}},"_links":{"self":[{"href":"https:\/\/global-medica.com\/en\/wp-json\/wp\/v2\/product\/2144","targetHints":{"allow":["GET"]}}],"collection":[{"href":"https:\/\/global-medica.com\/en\/wp-json\/wp\/v2\/product"}],"about":[{"href":"https:\/\/global-medica.com\/en\/wp-json\/wp\/v2\/types\/product"}],"replies":[{"embeddable":true,"href":"https:\/\/global-medica.com\/en\/wp-json\/wp\/v2\/comments?post=2144"}],"wp:featuredmedia":[{"embeddable":true,"href":"https:\/\/global-medica.com\/en\/wp-json\/wp\/v2\/media\/2830"}],"wp:attachment":[{"href":"https:\/\/global-medica.com\/en\/wp-json\/wp\/v2\/media?parent=2144"}],"wp:term":[{"taxonomy":"product_brand","embeddable":true,"href":"https:\/\/global-medica.com\/en\/wp-json\/wp\/v2\/product_brand?post=2144"},{"taxonomy":"product_cat","embeddable":true,"href":"https:\/\/global-medica.com\/en\/wp-json\/wp\/v2\/product_cat?post=2144"},{"taxonomy":"product_tag","embeddable":true,"href":"https:\/\/global-medica.com\/en\/wp-json\/wp\/v2\/product_tag?post=2144"}],"curies":[{"name":"wp","href":"https:\/\/api.w.org\/{rel}","templated":true}]}}