{"id":2143,"date":"2024-07-05T00:03:44","date_gmt":"2024-07-05T00:03:44","guid":{"rendered":"https:\/\/global-medica.com\/product\/omniscan\/"},"modified":"2025-04-16T14:03:16","modified_gmt":"2025-04-16T14:03:16","slug":"omniscan","status":"publish","type":"product","link":"https:\/\/global-medica.com\/en\/product\/omniscan\/","title":{"rendered":"Omniscan"},"content":{"rendered":"<p><span style=\"font-weight: 400;\">OMNISCAN is a gadolinium-based contrast agent that improves the quality of magnetic resonance imaging (MRI).\u00a0<\/span><\/p>\n<p><span style=\"font-weight: 400;\">It is administered intravenously to enhance the visualization of lesions with abnormal vascularity across a range of anatomical areas:<\/span><\/p>\n<ul>\n<li aria-level=\"1\"><b>Brain, spine and tissues associated<\/b><\/li>\n<\/ul>\n<ul>\n<li aria-level=\"1\"><b>Cavities thoracic, abdominal, pelvic and retroperitoneal<\/b><\/li>\n<\/ul>\n<h2><span data-sheets-root=\"1\">Omniscan is a high-quality contrast medium <\/span><\/h2>\n<p><span data-sheets-root=\"1\">Used in imaging studies, especially magnetic resonance imaging (MRI). <\/span><\/p>\n<p><span data-sheets-root=\"1\">This product stands out for its ability to improve the visualization of anatomical structures, facilitating accurate diagnoses in various pathologies. <\/span><\/p>\n<p><span data-sheets-root=\"1\">Its gadolinium-based formulation allows excellent differentiation between tissues, which is crucial in the evaluation of tumors, vascular diseases and neurological disorders.<\/p>\n<p>In the Dominican Republic and the Caribbean, Omniscan has become an indispensable ally for hospitals and clinics seeking to offer a cutting-edge imaging service. <\/span><\/p>\n<p><span data-sheets-root=\"1\">The safety and effectiveness of this contrast medium are supported by multiple clinical studies, making it a reliable option for radiologists and medical specialists.<\/p>\n<p>Additionally, Omniscan is easy to administer and has a favorable safety profile, minimizing the risk of adverse reactions in patients. <\/span><\/p>\n<p><span data-sheets-root=\"1\">Its availability in our store ensures that healthcare professionals in the region can access this product quickly and efficiently, thus supporting continuous improvement in healthcare.<\/p>\n<p>Opting for Omniscan not only means choosing a quality product, but also contributing to the advancement of medical technology in the region. <\/span><\/p>\n<p><span data-sheets-root=\"1\">Contact us for more information about purchasing and exporting Omniscan in the Dominican Republic and the Caribbean.<\/span><\/p>","protected":false},"excerpt":{"rendered":"<p>OMNISCAN, a base de gadolinio, mejora la calidad de las im\u00e1genes en resonancia magn\u00e9tica (RM).\u00a0 Est\u00e1 indicado para uso intravenoso en la visualizaci\u00f3n de lesiones con vascularidad anormal en: Cerebro, columna y tejidos asociados Cavidades tor\u00e1cica, abdominal, p\u00e9lvica y retroperitoneal Omniscan es un medio de contraste de alta calidad Utilizado en estudios de imagenolog\u00eda, especialmente [&hellip;]<\/p>","protected":false},"featured_media":2831,"comment_status":"open","ping_status":"closed","template":"","meta":[],"product_brand":[],"product_cat":[52],"product_tag":[],"class_list":{"0":"post-2143","1":"product","2":"type-product","3":"status-publish","4":"has-post-thumbnail","6":"product_cat-medios-de-contraste","8":"first","9":"instock","10":"shipping-taxable","11":"purchasable","12":"product-type-simple"},"yoast_head":"<!-- This site is optimized with the Yoast SEO plugin v25.7 - https:\/\/yoast.com\/wordpress\/plugins\/seo\/ -->\n<title>Omniscan - Global Medica<\/title>\n<meta name=\"description\" content=\"OMNISCAN, a base de gadolinio, mejora la calidad de las im\u00e1genes en resonancia magn\u00e9tica (RM).\u00a0Es un medio de contraste de alta calidad.\" \/>\n<meta name=\"robots\" content=\"index, follow, max-snippet:-1, max-image-preview:large, max-video-preview:-1\" \/>\n<link rel=\"canonical\" href=\"https:\/\/global-medica.com\/en\/product\/omniscan\/\" \/>\n<meta property=\"og:locale\" content=\"en_US\" \/>\n<meta property=\"og:type\" content=\"article\" \/>\n<meta property=\"og:title\" content=\"Omniscan - Global Medica\" \/>\n<meta property=\"og:description\" content=\"OMNISCAN, a base de gadolinio, mejora la calidad de las im\u00e1genes en resonancia magn\u00e9tica (RM).\u00a0Es un medio de contraste de alta calidad.\" \/>\n<meta property=\"og:url\" content=\"https:\/\/global-medica.com\/en\/product\/omniscan\/\" \/>\n<meta property=\"og:site_name\" content=\"Global Medica\" \/>\n<meta property=\"article:publisher\" content=\"https:\/\/www.facebook.com\/gmglobalmedica\" \/>\n<meta property=\"article:modified_time\" content=\"2025-04-16T14:03:16+00:00\" \/>\n<meta property=\"og:image\" content=\"https:\/\/global-medica.com\/wp-content\/uploads\/2024\/07\/download-12.webp\" \/>\n\t<meta property=\"og:image:width\" content=\"481\" \/>\n\t<meta property=\"og:image:height\" content=\"406\" \/>\n\t<meta property=\"og:image:type\" content=\"image\/webp\" \/>\n<meta name=\"twitter:card\" content=\"summary_large_image\" \/>\n<meta name=\"twitter:label1\" content=\"Est. reading time\" \/>\n\t<meta name=\"twitter:data1\" content=\"2 minutes\" \/>\n<script type=\"application\/ld+json\" class=\"yoast-schema-graph\">{\"@context\":\"https:\/\/schema.org\",\"@graph\":[{\"@type\":\"WebPage\",\"@id\":\"https:\/\/global-medica.com\/producto\/omniscan\/\",\"url\":\"https:\/\/global-medica.com\/producto\/omniscan\/\",\"name\":\"Omniscan - Global Medica\",\"isPartOf\":{\"@id\":\"https:\/\/global-medica.com\/#website\"},\"primaryImageOfPage\":{\"@id\":\"https:\/\/global-medica.com\/producto\/omniscan\/#primaryimage\"},\"image\":{\"@id\":\"https:\/\/global-medica.com\/producto\/omniscan\/#primaryimage\"},\"thumbnailUrl\":\"https:\/\/global-medica.com\/wp-content\/uploads\/2024\/07\/download-12.webp\",\"datePublished\":\"2024-07-05T00:03:44+00:00\",\"dateModified\":\"2025-04-16T14:03:16+00:00\",\"description\":\"OMNISCAN, a base de gadolinio, mejora la calidad de las im\u00e1genes en resonancia magn\u00e9tica (RM).\u00a0Es un medio de contraste de alta calidad.\",\"breadcrumb\":{\"@id\":\"https:\/\/global-medica.com\/producto\/omniscan\/#breadcrumb\"},\"inLanguage\":\"en-US\",\"potentialAction\":[{\"@type\":\"ReadAction\",\"target\":[\"https:\/\/global-medica.com\/producto\/omniscan\/\"]}]},{\"@type\":\"ImageObject\",\"inLanguage\":\"en-US\",\"@id\":\"https:\/\/global-medica.com\/producto\/omniscan\/#primaryimage\",\"url\":\"https:\/\/global-medica.com\/wp-content\/uploads\/2024\/07\/download-12.webp\",\"contentUrl\":\"https:\/\/global-medica.com\/wp-content\/uploads\/2024\/07\/download-12.webp\",\"width\":481,\"height\":406,\"caption\":\"omniscan\"},{\"@type\":\"BreadcrumbList\",\"@id\":\"https:\/\/global-medica.com\/producto\/omniscan\/#breadcrumb\",\"itemListElement\":[{\"@type\":\"ListItem\",\"position\":1,\"name\":\"Home\",\"item\":\"https:\/\/global-medica.com\/\"},{\"@type\":\"ListItem\",\"position\":2,\"name\":\"Productos\",\"item\":\"https:\/\/global-medica.com\/shop\/\"},{\"@type\":\"ListItem\",\"position\":3,\"name\":\"Omniscan\"}]},{\"@type\":\"WebSite\",\"@id\":\"https:\/\/global-medica.com\/#website\",\"url\":\"https:\/\/global-medica.com\/\",\"name\":\"Global Medica\",\"description\":\"Global Medica\",\"publisher\":{\"@id\":\"https:\/\/global-medica.com\/#organization\"},\"potentialAction\":[{\"@type\":\"SearchAction\",\"target\":{\"@type\":\"EntryPoint\",\"urlTemplate\":\"https:\/\/global-medica.com\/?s={search_term_string}\"},\"query-input\":{\"@type\":\"PropertyValueSpecification\",\"valueRequired\":true,\"valueName\":\"search_term_string\"}}],\"inLanguage\":\"en-US\"},{\"@type\":\"Organization\",\"@id\":\"https:\/\/global-medica.com\/#organization\",\"name\":\"Global Medica\",\"url\":\"https:\/\/global-medica.com\/\",\"logo\":{\"@type\":\"ImageObject\",\"inLanguage\":\"en-US\",\"@id\":\"https:\/\/global-medica.com\/#\/schema\/logo\/image\/\",\"url\":\"https:\/\/global-medica.com\/wp-content\/uploads\/2024\/04\/global-logo.png\",\"contentUrl\":\"https:\/\/global-medica.com\/wp-content\/uploads\/2024\/04\/global-logo.png\",\"width\":312,\"height\":84,\"caption\":\"Global Medica\"},\"image\":{\"@id\":\"https:\/\/global-medica.com\/#\/schema\/logo\/image\/\"},\"sameAs\":[\"https:\/\/www.facebook.com\/gmglobalmedica\",\"https:\/\/www.instagram.com\/globalmedica\/\",\"https:\/\/www.linkedin.com\/company\/67924728\",\"https:\/\/www.youtube.com\/channel\/UCWT2KUVVms56vwB0N9r8qKQ\/\"]}]}<\/script>\n<!-- \/ Yoast SEO plugin. -->","yoast_head_json":{"title":"Omniscan - Global Medica","description":"OMNISCAN, based on gadolinium, improves the quality of magnetic resonance (MR) images.\u00a0It is a high quality contrast medium.","robots":{"index":"index","follow":"follow","max-snippet":"max-snippet:-1","max-image-preview":"max-image-preview:large","max-video-preview":"max-video-preview:-1"},"canonical":"https:\/\/global-medica.com\/en\/product\/omniscan\/","og_locale":"en_US","og_type":"article","og_title":"Omniscan - Global Medica","og_description":"OMNISCAN, a base de gadolinio, mejora la calidad de las im\u00e1genes en resonancia magn\u00e9tica (RM).\u00a0Es un medio de contraste de alta calidad.","og_url":"https:\/\/global-medica.com\/en\/product\/omniscan\/","og_site_name":"Global Medica","article_publisher":"https:\/\/www.facebook.com\/gmglobalmedica","article_modified_time":"2025-04-16T14:03:16+00:00","og_image":[{"width":481,"height":406,"url":"https:\/\/global-medica.com\/wp-content\/uploads\/2024\/07\/download-12.webp","type":"image\/webp"}],"twitter_card":"summary_large_image","twitter_misc":{"Est. reading time":"2 minutes"},"schema":{"@context":"https:\/\/schema.org","@graph":[{"@type":"WebPage","@id":"https:\/\/global-medica.com\/producto\/omniscan\/","url":"https:\/\/global-medica.com\/producto\/omniscan\/","name":"Omniscan - Global Medica","isPartOf":{"@id":"https:\/\/global-medica.com\/#website"},"primaryImageOfPage":{"@id":"https:\/\/global-medica.com\/producto\/omniscan\/#primaryimage"},"image":{"@id":"https:\/\/global-medica.com\/producto\/omniscan\/#primaryimage"},"thumbnailUrl":"https:\/\/global-medica.com\/wp-content\/uploads\/2024\/07\/download-12.webp","datePublished":"2024-07-05T00:03:44+00:00","dateModified":"2025-04-16T14:03:16+00:00","description":"OMNISCAN, based on gadolinium, improves the quality of magnetic resonance (MR) images.\u00a0It is a high quality contrast medium.","breadcrumb":{"@id":"https:\/\/global-medica.com\/producto\/omniscan\/#breadcrumb"},"inLanguage":"en-US","potentialAction":[{"@type":"ReadAction","target":["https:\/\/global-medica.com\/producto\/omniscan\/"]}]},{"@type":"ImageObject","inLanguage":"en-US","@id":"https:\/\/global-medica.com\/producto\/omniscan\/#primaryimage","url":"https:\/\/global-medica.com\/wp-content\/uploads\/2024\/07\/download-12.webp","contentUrl":"https:\/\/global-medica.com\/wp-content\/uploads\/2024\/07\/download-12.webp","width":481,"height":406,"caption":"omniscan"},{"@type":"BreadcrumbList","@id":"https:\/\/global-medica.com\/producto\/omniscan\/#breadcrumb","itemListElement":[{"@type":"ListItem","position":1,"name":"Home","item":"https:\/\/global-medica.com\/"},{"@type":"ListItem","position":2,"name":"Productos","item":"https:\/\/global-medica.com\/shop\/"},{"@type":"ListItem","position":3,"name":"Omniscan"}]},{"@type":"WebSite","@id":"https:\/\/global-medica.com\/#website","url":"https:\/\/global-medica.com\/","name":"Global Medica","description":"Global Medica","publisher":{"@id":"https:\/\/global-medica.com\/#organization"},"potentialAction":[{"@type":"SearchAction","target":{"@type":"EntryPoint","urlTemplate":"https:\/\/global-medica.com\/?s={search_term_string}"},"query-input":{"@type":"PropertyValueSpecification","valueRequired":true,"valueName":"search_term_string"}}],"inLanguage":"en-US"},{"@type":"Organization","@id":"https:\/\/global-medica.com\/#organization","name":"Global Medica","url":"https:\/\/global-medica.com\/","logo":{"@type":"ImageObject","inLanguage":"en-US","@id":"https:\/\/global-medica.com\/#\/schema\/logo\/image\/","url":"https:\/\/global-medica.com\/wp-content\/uploads\/2024\/04\/global-logo.png","contentUrl":"https:\/\/global-medica.com\/wp-content\/uploads\/2024\/04\/global-logo.png","width":312,"height":84,"caption":"Global Medica"},"image":{"@id":"https:\/\/global-medica.com\/#\/schema\/logo\/image\/"},"sameAs":["https:\/\/www.facebook.com\/gmglobalmedica","https:\/\/www.instagram.com\/globalmedica\/","https:\/\/www.linkedin.com\/company\/67924728","https:\/\/www.youtube.com\/channel\/UCWT2KUVVms56vwB0N9r8qKQ\/"]}]}},"_links":{"self":[{"href":"https:\/\/global-medica.com\/en\/wp-json\/wp\/v2\/product\/2143","targetHints":{"allow":["GET"]}}],"collection":[{"href":"https:\/\/global-medica.com\/en\/wp-json\/wp\/v2\/product"}],"about":[{"href":"https:\/\/global-medica.com\/en\/wp-json\/wp\/v2\/types\/product"}],"replies":[{"embeddable":true,"href":"https:\/\/global-medica.com\/en\/wp-json\/wp\/v2\/comments?post=2143"}],"wp:featuredmedia":[{"embeddable":true,"href":"https:\/\/global-medica.com\/en\/wp-json\/wp\/v2\/media\/2831"}],"wp:attachment":[{"href":"https:\/\/global-medica.com\/en\/wp-json\/wp\/v2\/media?parent=2143"}],"wp:term":[{"taxonomy":"product_brand","embeddable":true,"href":"https:\/\/global-medica.com\/en\/wp-json\/wp\/v2\/product_brand?post=2143"},{"taxonomy":"product_cat","embeddable":true,"href":"https:\/\/global-medica.com\/en\/wp-json\/wp\/v2\/product_cat?post=2143"},{"taxonomy":"product_tag","embeddable":true,"href":"https:\/\/global-medica.com\/en\/wp-json\/wp\/v2\/product_tag?post=2143"}],"curies":[{"name":"wp","href":"https:\/\/api.w.org\/{rel}","templated":true}]}}