{"id":2142,"date":"2024-07-05T00:03:44","date_gmt":"2024-07-05T00:03:44","guid":{"rendered":"https:\/\/global-medica.com\/product\/visipaque\/"},"modified":"2025-04-16T15:09:23","modified_gmt":"2025-04-16T15:09:23","slug":"visipaque","status":"publish","type":"product","link":"https:\/\/global-medica.com\/en\/product\/visipaque\/","title":{"rendered":"Visipaque (Iodixanol)"},"content":{"rendered":"<p><span style=\"font-weight: 400;\">Visipaque (Iodixanol) is a radiological contrast medium for diagnostic use, isosmolar (osmolality equal to blood), non-ionic, iodinated, dimeric and water-soluble, which can be used in radiology and hemodynamics.<\/span><\/p>\n<p><span data-sheets-root=\"1\">It is non-ionic used in medical imaging procedures, especially in CT scans and angiographic studies.<\/span><\/p>\n<h2><span data-sheets-root=\"1\">Unique composition of Visipaque (Iodixanol)<\/span><\/h2>\n<p><span data-sheets-root=\"1\">Includes iodide, it provides excellent visibility of vascular structures and soft tissues, allowing for more accurate diagnoses. <\/span><\/p>\n<p><span data-sheets-root=\"1\">This product is ideal for patients at risk of adverse reactions, as its low osmolality minimizes discomfort and side effects.<\/p>\n<p>In our store, we offer high quality Visipaque (Iodixanol), ensuring its effectiveness and safety for use in various clinical applications. <\/span><\/p>\n<p><span data-sheets-root=\"1\">Our commitment is to provide healthcare professionals in the Dominican Republic and the Caribbean with reliable access to essential medical products.\u00a0<\/span><\/p>\n<h2><span data-sheets-root=\"1\">Export of (Iodixanol) <\/span><\/h2>\n<p><span data-sheets-root=\"1\">It is made under strict quality standards, ensuring that each batch complies with international regulations. <\/span><\/p>\n<p><span data-sheets-root=\"1\">Also, with a focus on customer service, we offer specialized advice to assist in the selection and proper use of this contrast medium.<\/p>\n<p>Opting for Visipaque (Iodixanol) means choosing a product that improves the quality of diagnoses and patient care. <\/span><\/p>\n<p><span data-sheets-root=\"1\">Contact us for more information on availability and pricing, and find out how we can meet your medical needs with efficiency and professionalism.<\/span><\/p>","protected":false},"excerpt":{"rendered":"<p>Visipaque (Iodixanol) es un medio de contraste radiol\u00f3gico para uso diagn\u00f3stico, isosmolar (osmolalidad igual a la sangre), no i\u00f3nico, yodado, dim\u00e9rico y soluble en agua, que puede ser utilizado en la radiolog\u00eda y en la hemodin\u00e1mica. Es no i\u00f3nico utilizado en procedimientos de imagenolog\u00eda m\u00e9dica, especialmente en tomograf\u00edas computarizadas y estudios angiogr\u00e1ficos. Composici\u00f3n \u00fanica de [&hellip;]<\/p>","protected":false},"featured_media":2829,"comment_status":"open","ping_status":"closed","template":"","meta":[],"product_brand":[],"product_cat":[52],"product_tag":[],"class_list":{"0":"post-2142","1":"product","2":"type-product","3":"status-publish","4":"has-post-thumbnail","6":"product_cat-medios-de-contraste","8":"first","9":"instock","10":"shipping-taxable","11":"purchasable","12":"product-type-simple"},"yoast_head":"<!-- This site is optimized with the Yoast SEO plugin v25.7 - https:\/\/yoast.com\/wordpress\/plugins\/seo\/ -->\n<title>Visipaque (Iodixanol) - Global Medica<\/title>\n<meta name=\"description\" content=\"Visipaque, un medio de contraste radiol\u00f3gico para uso diagn\u00f3stico, isosmolar (osmolalidad igual a la sangre), no i\u00f3nico, yodado, dim\u00e9rico y soluble en agua\" \/>\n<meta name=\"robots\" content=\"index, follow, max-snippet:-1, max-image-preview:large, max-video-preview:-1\" \/>\n<link rel=\"canonical\" href=\"https:\/\/global-medica.com\/en\/product\/visipaque\/\" \/>\n<meta property=\"og:locale\" content=\"en_US\" \/>\n<meta property=\"og:type\" content=\"article\" \/>\n<meta property=\"og:title\" content=\"Visipaque (Iodixanol) - Global Medica\" \/>\n<meta property=\"og:description\" content=\"Visipaque, un medio de contraste radiol\u00f3gico para uso diagn\u00f3stico, isosmolar (osmolalidad igual a la sangre), no i\u00f3nico, yodado, dim\u00e9rico y soluble en agua\" \/>\n<meta property=\"og:url\" content=\"https:\/\/global-medica.com\/en\/product\/visipaque\/\" \/>\n<meta property=\"og:site_name\" content=\"Global Medica\" \/>\n<meta property=\"article:publisher\" content=\"https:\/\/www.facebook.com\/gmglobalmedica\" \/>\n<meta property=\"article:modified_time\" content=\"2025-04-16T15:09:23+00:00\" \/>\n<meta property=\"og:image\" content=\"https:\/\/global-medica.com\/wp-content\/uploads\/2024\/07\/download-10.webp\" \/>\n\t<meta property=\"og:image:width\" content=\"481\" \/>\n\t<meta property=\"og:image:height\" content=\"406\" \/>\n\t<meta property=\"og:image:type\" content=\"image\/webp\" \/>\n<meta name=\"twitter:card\" content=\"summary_large_image\" \/>\n<meta name=\"twitter:label1\" content=\"Est. reading time\" \/>\n\t<meta name=\"twitter:data1\" content=\"2 minutes\" \/>\n<script type=\"application\/ld+json\" class=\"yoast-schema-graph\">{\"@context\":\"https:\/\/schema.org\",\"@graph\":[{\"@type\":\"WebPage\",\"@id\":\"https:\/\/global-medica.com\/producto\/visipaque\/\",\"url\":\"https:\/\/global-medica.com\/producto\/visipaque\/\",\"name\":\"Visipaque (Iodixanol) - Global Medica\",\"isPartOf\":{\"@id\":\"https:\/\/global-medica.com\/#website\"},\"primaryImageOfPage\":{\"@id\":\"https:\/\/global-medica.com\/producto\/visipaque\/#primaryimage\"},\"image\":{\"@id\":\"https:\/\/global-medica.com\/producto\/visipaque\/#primaryimage\"},\"thumbnailUrl\":\"https:\/\/global-medica.com\/wp-content\/uploads\/2024\/07\/download-10.webp\",\"datePublished\":\"2024-07-05T00:03:44+00:00\",\"dateModified\":\"2025-04-16T15:09:23+00:00\",\"description\":\"Visipaque, un medio de contraste radiol\u00f3gico para uso diagn\u00f3stico, isosmolar (osmolalidad igual a la sangre), no i\u00f3nico, yodado, dim\u00e9rico y soluble en agua\",\"breadcrumb\":{\"@id\":\"https:\/\/global-medica.com\/producto\/visipaque\/#breadcrumb\"},\"inLanguage\":\"en-US\",\"potentialAction\":[{\"@type\":\"ReadAction\",\"target\":[\"https:\/\/global-medica.com\/producto\/visipaque\/\"]}]},{\"@type\":\"ImageObject\",\"inLanguage\":\"en-US\",\"@id\":\"https:\/\/global-medica.com\/producto\/visipaque\/#primaryimage\",\"url\":\"https:\/\/global-medica.com\/wp-content\/uploads\/2024\/07\/download-10.webp\",\"contentUrl\":\"https:\/\/global-medica.com\/wp-content\/uploads\/2024\/07\/download-10.webp\",\"width\":481,\"height\":406,\"caption\":\"Visipaque\"},{\"@type\":\"BreadcrumbList\",\"@id\":\"https:\/\/global-medica.com\/producto\/visipaque\/#breadcrumb\",\"itemListElement\":[{\"@type\":\"ListItem\",\"position\":1,\"name\":\"Home\",\"item\":\"https:\/\/global-medica.com\/\"},{\"@type\":\"ListItem\",\"position\":2,\"name\":\"Productos\",\"item\":\"https:\/\/global-medica.com\/shop\/\"},{\"@type\":\"ListItem\",\"position\":3,\"name\":\"Visipaque (Iodixanol)\"}]},{\"@type\":\"WebSite\",\"@id\":\"https:\/\/global-medica.com\/#website\",\"url\":\"https:\/\/global-medica.com\/\",\"name\":\"Global Medica\",\"description\":\"Global Medica\",\"publisher\":{\"@id\":\"https:\/\/global-medica.com\/#organization\"},\"potentialAction\":[{\"@type\":\"SearchAction\",\"target\":{\"@type\":\"EntryPoint\",\"urlTemplate\":\"https:\/\/global-medica.com\/?s={search_term_string}\"},\"query-input\":{\"@type\":\"PropertyValueSpecification\",\"valueRequired\":true,\"valueName\":\"search_term_string\"}}],\"inLanguage\":\"en-US\"},{\"@type\":\"Organization\",\"@id\":\"https:\/\/global-medica.com\/#organization\",\"name\":\"Global Medica\",\"url\":\"https:\/\/global-medica.com\/\",\"logo\":{\"@type\":\"ImageObject\",\"inLanguage\":\"en-US\",\"@id\":\"https:\/\/global-medica.com\/#\/schema\/logo\/image\/\",\"url\":\"https:\/\/global-medica.com\/wp-content\/uploads\/2024\/04\/global-logo.png\",\"contentUrl\":\"https:\/\/global-medica.com\/wp-content\/uploads\/2024\/04\/global-logo.png\",\"width\":312,\"height\":84,\"caption\":\"Global Medica\"},\"image\":{\"@id\":\"https:\/\/global-medica.com\/#\/schema\/logo\/image\/\"},\"sameAs\":[\"https:\/\/www.facebook.com\/gmglobalmedica\",\"https:\/\/www.instagram.com\/globalmedica\/\",\"https:\/\/www.linkedin.com\/company\/67924728\",\"https:\/\/www.youtube.com\/channel\/UCWT2KUVVms56vwB0N9r8qKQ\/\"]}]}<\/script>\n<!-- \/ Yoast SEO plugin. -->","yoast_head_json":{"title":"Visipaque (Iodixanol) - Global Medica","description":"Visipaque, a radiological contrast medium for diagnostic use, isosmolar (osmolality equal to blood), non-ionic, iodinated, dimeric and water-soluble","robots":{"index":"index","follow":"follow","max-snippet":"max-snippet:-1","max-image-preview":"max-image-preview:large","max-video-preview":"max-video-preview:-1"},"canonical":"https:\/\/global-medica.com\/en\/product\/visipaque\/","og_locale":"en_US","og_type":"article","og_title":"Visipaque (Iodixanol) - Global Medica","og_description":"Visipaque, un medio de contraste radiol\u00f3gico para uso diagn\u00f3stico, isosmolar (osmolalidad igual a la sangre), no i\u00f3nico, yodado, dim\u00e9rico y soluble en agua","og_url":"https:\/\/global-medica.com\/en\/product\/visipaque\/","og_site_name":"Global Medica","article_publisher":"https:\/\/www.facebook.com\/gmglobalmedica","article_modified_time":"2025-04-16T15:09:23+00:00","og_image":[{"width":481,"height":406,"url":"https:\/\/global-medica.com\/wp-content\/uploads\/2024\/07\/download-10.webp","type":"image\/webp"}],"twitter_card":"summary_large_image","twitter_misc":{"Est. reading time":"2 minutes"},"schema":{"@context":"https:\/\/schema.org","@graph":[{"@type":"WebPage","@id":"https:\/\/global-medica.com\/producto\/visipaque\/","url":"https:\/\/global-medica.com\/producto\/visipaque\/","name":"Visipaque (Iodixanol) - Global Medica","isPartOf":{"@id":"https:\/\/global-medica.com\/#website"},"primaryImageOfPage":{"@id":"https:\/\/global-medica.com\/producto\/visipaque\/#primaryimage"},"image":{"@id":"https:\/\/global-medica.com\/producto\/visipaque\/#primaryimage"},"thumbnailUrl":"https:\/\/global-medica.com\/wp-content\/uploads\/2024\/07\/download-10.webp","datePublished":"2024-07-05T00:03:44+00:00","dateModified":"2025-04-16T15:09:23+00:00","description":"Visipaque, a radiological contrast medium for diagnostic use, isosmolar (osmolality equal to blood), non-ionic, iodinated, dimeric and water-soluble","breadcrumb":{"@id":"https:\/\/global-medica.com\/producto\/visipaque\/#breadcrumb"},"inLanguage":"en-US","potentialAction":[{"@type":"ReadAction","target":["https:\/\/global-medica.com\/producto\/visipaque\/"]}]},{"@type":"ImageObject","inLanguage":"en-US","@id":"https:\/\/global-medica.com\/producto\/visipaque\/#primaryimage","url":"https:\/\/global-medica.com\/wp-content\/uploads\/2024\/07\/download-10.webp","contentUrl":"https:\/\/global-medica.com\/wp-content\/uploads\/2024\/07\/download-10.webp","width":481,"height":406,"caption":"Visipaque"},{"@type":"BreadcrumbList","@id":"https:\/\/global-medica.com\/producto\/visipaque\/#breadcrumb","itemListElement":[{"@type":"ListItem","position":1,"name":"Home","item":"https:\/\/global-medica.com\/"},{"@type":"ListItem","position":2,"name":"Productos","item":"https:\/\/global-medica.com\/shop\/"},{"@type":"ListItem","position":3,"name":"Visipaque (Iodixanol)"}]},{"@type":"WebSite","@id":"https:\/\/global-medica.com\/#website","url":"https:\/\/global-medica.com\/","name":"Global Medica","description":"Global Medica","publisher":{"@id":"https:\/\/global-medica.com\/#organization"},"potentialAction":[{"@type":"SearchAction","target":{"@type":"EntryPoint","urlTemplate":"https:\/\/global-medica.com\/?s={search_term_string}"},"query-input":{"@type":"PropertyValueSpecification","valueRequired":true,"valueName":"search_term_string"}}],"inLanguage":"en-US"},{"@type":"Organization","@id":"https:\/\/global-medica.com\/#organization","name":"Global Medica","url":"https:\/\/global-medica.com\/","logo":{"@type":"ImageObject","inLanguage":"en-US","@id":"https:\/\/global-medica.com\/#\/schema\/logo\/image\/","url":"https:\/\/global-medica.com\/wp-content\/uploads\/2024\/04\/global-logo.png","contentUrl":"https:\/\/global-medica.com\/wp-content\/uploads\/2024\/04\/global-logo.png","width":312,"height":84,"caption":"Global Medica"},"image":{"@id":"https:\/\/global-medica.com\/#\/schema\/logo\/image\/"},"sameAs":["https:\/\/www.facebook.com\/gmglobalmedica","https:\/\/www.instagram.com\/globalmedica\/","https:\/\/www.linkedin.com\/company\/67924728","https:\/\/www.youtube.com\/channel\/UCWT2KUVVms56vwB0N9r8qKQ\/"]}]}},"_links":{"self":[{"href":"https:\/\/global-medica.com\/en\/wp-json\/wp\/v2\/product\/2142","targetHints":{"allow":["GET"]}}],"collection":[{"href":"https:\/\/global-medica.com\/en\/wp-json\/wp\/v2\/product"}],"about":[{"href":"https:\/\/global-medica.com\/en\/wp-json\/wp\/v2\/types\/product"}],"replies":[{"embeddable":true,"href":"https:\/\/global-medica.com\/en\/wp-json\/wp\/v2\/comments?post=2142"}],"wp:featuredmedia":[{"embeddable":true,"href":"https:\/\/global-medica.com\/en\/wp-json\/wp\/v2\/media\/2829"}],"wp:attachment":[{"href":"https:\/\/global-medica.com\/en\/wp-json\/wp\/v2\/media?parent=2142"}],"wp:term":[{"taxonomy":"product_brand","embeddable":true,"href":"https:\/\/global-medica.com\/en\/wp-json\/wp\/v2\/product_brand?post=2142"},{"taxonomy":"product_cat","embeddable":true,"href":"https:\/\/global-medica.com\/en\/wp-json\/wp\/v2\/product_cat?post=2142"},{"taxonomy":"product_tag","embeddable":true,"href":"https:\/\/global-medica.com\/en\/wp-json\/wp\/v2\/product_tag?post=2142"}],"curies":[{"name":"wp","href":"https:\/\/api.w.org\/{rel}","templated":true}]}}