{"id":2140,"date":"2024-07-05T00:03:44","date_gmt":"2024-07-05T00:03:44","guid":{"rendered":"https:\/\/global-medica.com\/product\/infosalud\/"},"modified":"2025-04-16T19:26:03","modified_gmt":"2025-04-16T19:26:03","slug":"infosalud","status":"publish","type":"product","link":"https:\/\/global-medica.com\/en\/product\/infosalud\/","title":{"rendered":"Infosalud"},"content":{"rendered":"<div id=\"comp-kf31ipw7\" class=\"comp-kf31ipw7 YzqVVZ wixui-column-strip__column\">\n<div class=\"\" data-mesh-id=\"comp-kf31ipw7inlineContent\" data-testid=\"inline-content\">\n<div data-mesh-id=\"comp-kf31ipw7inlineContent-gridContainer\" data-testid=\"mesh-container-content\">\n<div id=\"comp-kf31ipwc\" class=\"HcOXKn SxM0TO QxJLC3 comp-kf31ipwc wixui-rich-text\" data-testid=\"richTextElement\" data-motion-enter=\"done\">\n<p><span data-sheets-root=\"1\">Infosalud is a comprehensive platform designed to optimize health management in the Dominican Republic and the Caribbean.<\/span><\/p>\n<h2 class=\"font_2 wixui-rich-text__text\"><span style=\"font-size: 16px;\">INFOSALUD (Hospital Information System)<\/span><\/h2>\n<p class=\"font_2 wixui-rich-text__text\"><span style=\"font-size: 16px;\">It is designed to manage all the functional areas of the hospital in order to improve patient care. <\/span><\/p>\n<p class=\"font_2 wixui-rich-text__text\"><span style=\"font-size: 16px;\">This software records all the processes of patient care in the areas of administrative and medical incorporating an Electronic Medical Record EMESALUD. <\/span><\/p>\n<p class=\"font_2 wixui-rich-text__text\"><span style=\"font-size: 16px;\">Enables integrated management of all the services, maintain a centralized and accessible to all medical information and administrative management of a patient. <\/span><\/p>\n<h2 class=\"font_2 wixui-rich-text__text\"><span style=\"font-size: 16px;\">Optimizes the resources and the processes hospital <\/span><\/h2>\n<p class=\"font_2 wixui-rich-text__text\"><span style=\"font-size: 16px;\">Adhered to the norms mexican NOM004-SSA3-2012, and NOM024-SSA3-2012 on Electronic health records.<\/span><\/p>\n<\/div>\n<p><span data-sheets-root=\"1\">With a focus on advanced medical technology, Infosalud offers innovative tools that facilitate the management of data and treatment of patients.<\/span><\/p>\n<p>Our solution is tailored to the needs of hospitals, clinics, and health professionals, providing access to updated information<\/p>\n<p><span data-sheets-root=\"1\">With the implementation of Infosalud, professionals can access electronic medical records, schedule appointments and manage inventories efficiently.<\/span><\/p>\n<p>In addition, Infosalud is noted for its export capacity, allowing health institutions in the region access to products and services of international quality.<\/p>\n<p><span data-sheets-root=\"1\">Our platform not only improves medical care, but also contributes to the development of the health sector in the Caribbean, promoting evidence-based practices and international standards.<\/span><\/p>\n<p>The commitment of Infosalud with innovation and quality in health care makes it an indispensable tool for the future of medicine in the region.<\/p>\n<p><span data-sheets-root=\"1\">Discover how to Infosalud can transform your medical practice and optimize patient care today.<\/span><\/p>\n<\/div>\n<\/div>\n<\/div>\n<div id=\"comp-kf31ipww\" class=\"comp-kf31ipww YzqVVZ wixui-column-strip__column\">\n<p id=\"bgLayers_comp-kf31ipww\" class=\"MW5IWV\" data-hook=\"bgLayers\" data-motion-part=\"BG_LAYER\">\n<\/div>","protected":false},"excerpt":{"rendered":"<p>CRM<\/p>","protected":false},"featured_media":2225,"comment_status":"open","ping_status":"closed","template":"","meta":[],"product_brand":[],"product_cat":[51],"product_tag":[],"class_list":{"0":"post-2140","1":"product","2":"type-product","3":"status-publish","4":"has-post-thumbnail","6":"product_cat-sistema-de-informacion-hospitalaria","8":"first","9":"instock","10":"shipping-taxable","11":"purchasable","12":"product-type-simple"},"yoast_head":"<!-- This site is optimized with the Yoast SEO plugin v25.7 - https:\/\/yoast.com\/wordpress\/plugins\/seo\/ -->\n<title>Infosalud - Global Medica<\/title>\n<meta name=\"description\" content=\"Sistema de Informaci\u00f3n Hospitalaria Infosalud est\u00e1 dise\u00f1ado para gestionar todas las \u00e1reas funcionales del hospital con el fin de mejorar la atenci\u00f3n\" \/>\n<meta name=\"robots\" content=\"index, follow, max-snippet:-1, max-image-preview:large, max-video-preview:-1\" \/>\n<link rel=\"canonical\" href=\"https:\/\/global-medica.com\/en\/product\/infosalud\/\" \/>\n<meta property=\"og:locale\" content=\"en_US\" \/>\n<meta property=\"og:type\" content=\"article\" \/>\n<meta property=\"og:title\" content=\"Infosalud - Global Medica\" \/>\n<meta property=\"og:description\" content=\"Sistema de Informaci\u00f3n Hospitalaria Infosalud est\u00e1 dise\u00f1ado para gestionar todas las \u00e1reas funcionales del hospital con el fin de mejorar la atenci\u00f3n\" \/>\n<meta property=\"og:url\" content=\"https:\/\/global-medica.com\/en\/product\/infosalud\/\" \/>\n<meta property=\"og:site_name\" content=\"Global Medica\" \/>\n<meta property=\"article:publisher\" content=\"https:\/\/www.facebook.com\/gmglobalmedica\" \/>\n<meta property=\"article:modified_time\" content=\"2025-04-16T19:26:03+00:00\" \/>\n<meta property=\"og:image\" content=\"https:\/\/global-medica.com\/wp-content\/uploads\/2024\/07\/PR-00071-min.webp\" \/>\n\t<meta property=\"og:image:width\" content=\"1210\" \/>\n\t<meta property=\"og:image:height\" content=\"707\" \/>\n\t<meta property=\"og:image:type\" content=\"image\/webp\" \/>\n<meta name=\"twitter:card\" content=\"summary_large_image\" \/>\n<meta name=\"twitter:label1\" content=\"Est. reading time\" \/>\n\t<meta name=\"twitter:data1\" content=\"2 minutes\" \/>\n<script type=\"application\/ld+json\" class=\"yoast-schema-graph\">{\"@context\":\"https:\/\/schema.org\",\"@graph\":[{\"@type\":\"WebPage\",\"@id\":\"https:\/\/global-medica.com\/producto\/infosalud\/\",\"url\":\"https:\/\/global-medica.com\/producto\/infosalud\/\",\"name\":\"Infosalud - Global Medica\",\"isPartOf\":{\"@id\":\"https:\/\/global-medica.com\/#website\"},\"primaryImageOfPage\":{\"@id\":\"https:\/\/global-medica.com\/producto\/infosalud\/#primaryimage\"},\"image\":{\"@id\":\"https:\/\/global-medica.com\/producto\/infosalud\/#primaryimage\"},\"thumbnailUrl\":\"https:\/\/global-medica.com\/wp-content\/uploads\/2024\/07\/PR-00071-min.webp\",\"datePublished\":\"2024-07-05T00:03:44+00:00\",\"dateModified\":\"2025-04-16T19:26:03+00:00\",\"description\":\"Sistema de Informaci\u00f3n Hospitalaria Infosalud est\u00e1 dise\u00f1ado para gestionar todas las \u00e1reas funcionales del hospital con el fin de mejorar la atenci\u00f3n\",\"breadcrumb\":{\"@id\":\"https:\/\/global-medica.com\/producto\/infosalud\/#breadcrumb\"},\"inLanguage\":\"en-US\",\"potentialAction\":[{\"@type\":\"ReadAction\",\"target\":[\"https:\/\/global-medica.com\/producto\/infosalud\/\"]}]},{\"@type\":\"ImageObject\",\"inLanguage\":\"en-US\",\"@id\":\"https:\/\/global-medica.com\/producto\/infosalud\/#primaryimage\",\"url\":\"https:\/\/global-medica.com\/wp-content\/uploads\/2024\/07\/PR-00071-min.webp\",\"contentUrl\":\"https:\/\/global-medica.com\/wp-content\/uploads\/2024\/07\/PR-00071-min.webp\",\"width\":1210,\"height\":707,\"caption\":\"Infosalud\"},{\"@type\":\"BreadcrumbList\",\"@id\":\"https:\/\/global-medica.com\/producto\/infosalud\/#breadcrumb\",\"itemListElement\":[{\"@type\":\"ListItem\",\"position\":1,\"name\":\"Home\",\"item\":\"https:\/\/global-medica.com\/\"},{\"@type\":\"ListItem\",\"position\":2,\"name\":\"Productos\",\"item\":\"https:\/\/global-medica.com\/shop\/\"},{\"@type\":\"ListItem\",\"position\":3,\"name\":\"Infosalud\"}]},{\"@type\":\"WebSite\",\"@id\":\"https:\/\/global-medica.com\/#website\",\"url\":\"https:\/\/global-medica.com\/\",\"name\":\"Global Medica\",\"description\":\"Global Medica\",\"publisher\":{\"@id\":\"https:\/\/global-medica.com\/#organization\"},\"potentialAction\":[{\"@type\":\"SearchAction\",\"target\":{\"@type\":\"EntryPoint\",\"urlTemplate\":\"https:\/\/global-medica.com\/?s={search_term_string}\"},\"query-input\":{\"@type\":\"PropertyValueSpecification\",\"valueRequired\":true,\"valueName\":\"search_term_string\"}}],\"inLanguage\":\"en-US\"},{\"@type\":\"Organization\",\"@id\":\"https:\/\/global-medica.com\/#organization\",\"name\":\"Global Medica\",\"url\":\"https:\/\/global-medica.com\/\",\"logo\":{\"@type\":\"ImageObject\",\"inLanguage\":\"en-US\",\"@id\":\"https:\/\/global-medica.com\/#\/schema\/logo\/image\/\",\"url\":\"https:\/\/global-medica.com\/wp-content\/uploads\/2024\/04\/global-logo.png\",\"contentUrl\":\"https:\/\/global-medica.com\/wp-content\/uploads\/2024\/04\/global-logo.png\",\"width\":312,\"height\":84,\"caption\":\"Global Medica\"},\"image\":{\"@id\":\"https:\/\/global-medica.com\/#\/schema\/logo\/image\/\"},\"sameAs\":[\"https:\/\/www.facebook.com\/gmglobalmedica\",\"https:\/\/www.instagram.com\/globalmedica\/\",\"https:\/\/www.linkedin.com\/company\/67924728\",\"https:\/\/www.youtube.com\/channel\/UCWT2KUVVms56vwB0N9r8qKQ\/\"]}]}<\/script>\n<!-- \/ Yoast SEO plugin. -->","yoast_head_json":{"title":"Infosalud - Global Medica","description":"Infosalud Hospital Information System is designed to manage all functional areas of the hospital in order to improve care","robots":{"index":"index","follow":"follow","max-snippet":"max-snippet:-1","max-image-preview":"max-image-preview:large","max-video-preview":"max-video-preview:-1"},"canonical":"https:\/\/global-medica.com\/en\/product\/infosalud\/","og_locale":"en_US","og_type":"article","og_title":"Infosalud - Global Medica","og_description":"Sistema de Informaci\u00f3n Hospitalaria Infosalud est\u00e1 dise\u00f1ado para gestionar todas las \u00e1reas funcionales del hospital con el fin de mejorar la atenci\u00f3n","og_url":"https:\/\/global-medica.com\/en\/product\/infosalud\/","og_site_name":"Global Medica","article_publisher":"https:\/\/www.facebook.com\/gmglobalmedica","article_modified_time":"2025-04-16T19:26:03+00:00","og_image":[{"width":1210,"height":707,"url":"https:\/\/global-medica.com\/wp-content\/uploads\/2024\/07\/PR-00071-min.webp","type":"image\/webp"}],"twitter_card":"summary_large_image","twitter_misc":{"Est. reading time":"2 minutes"},"schema":{"@context":"https:\/\/schema.org","@graph":[{"@type":"WebPage","@id":"https:\/\/global-medica.com\/producto\/infosalud\/","url":"https:\/\/global-medica.com\/producto\/infosalud\/","name":"Infosalud - Global Medica","isPartOf":{"@id":"https:\/\/global-medica.com\/#website"},"primaryImageOfPage":{"@id":"https:\/\/global-medica.com\/producto\/infosalud\/#primaryimage"},"image":{"@id":"https:\/\/global-medica.com\/producto\/infosalud\/#primaryimage"},"thumbnailUrl":"https:\/\/global-medica.com\/wp-content\/uploads\/2024\/07\/PR-00071-min.webp","datePublished":"2024-07-05T00:03:44+00:00","dateModified":"2025-04-16T19:26:03+00:00","description":"Infosalud Hospital Information System is designed to manage all functional areas of the hospital in order to improve care","breadcrumb":{"@id":"https:\/\/global-medica.com\/producto\/infosalud\/#breadcrumb"},"inLanguage":"en-US","potentialAction":[{"@type":"ReadAction","target":["https:\/\/global-medica.com\/producto\/infosalud\/"]}]},{"@type":"ImageObject","inLanguage":"en-US","@id":"https:\/\/global-medica.com\/producto\/infosalud\/#primaryimage","url":"https:\/\/global-medica.com\/wp-content\/uploads\/2024\/07\/PR-00071-min.webp","contentUrl":"https:\/\/global-medica.com\/wp-content\/uploads\/2024\/07\/PR-00071-min.webp","width":1210,"height":707,"caption":"Infosalud"},{"@type":"BreadcrumbList","@id":"https:\/\/global-medica.com\/producto\/infosalud\/#breadcrumb","itemListElement":[{"@type":"ListItem","position":1,"name":"Home","item":"https:\/\/global-medica.com\/"},{"@type":"ListItem","position":2,"name":"Productos","item":"https:\/\/global-medica.com\/shop\/"},{"@type":"ListItem","position":3,"name":"Infosalud"}]},{"@type":"WebSite","@id":"https:\/\/global-medica.com\/#website","url":"https:\/\/global-medica.com\/","name":"Global Medica","description":"Global Medica","publisher":{"@id":"https:\/\/global-medica.com\/#organization"},"potentialAction":[{"@type":"SearchAction","target":{"@type":"EntryPoint","urlTemplate":"https:\/\/global-medica.com\/?s={search_term_string}"},"query-input":{"@type":"PropertyValueSpecification","valueRequired":true,"valueName":"search_term_string"}}],"inLanguage":"en-US"},{"@type":"Organization","@id":"https:\/\/global-medica.com\/#organization","name":"Global Medica","url":"https:\/\/global-medica.com\/","logo":{"@type":"ImageObject","inLanguage":"en-US","@id":"https:\/\/global-medica.com\/#\/schema\/logo\/image\/","url":"https:\/\/global-medica.com\/wp-content\/uploads\/2024\/04\/global-logo.png","contentUrl":"https:\/\/global-medica.com\/wp-content\/uploads\/2024\/04\/global-logo.png","width":312,"height":84,"caption":"Global Medica"},"image":{"@id":"https:\/\/global-medica.com\/#\/schema\/logo\/image\/"},"sameAs":["https:\/\/www.facebook.com\/gmglobalmedica","https:\/\/www.instagram.com\/globalmedica\/","https:\/\/www.linkedin.com\/company\/67924728","https:\/\/www.youtube.com\/channel\/UCWT2KUVVms56vwB0N9r8qKQ\/"]}]}},"_links":{"self":[{"href":"https:\/\/global-medica.com\/en\/wp-json\/wp\/v2\/product\/2140","targetHints":{"allow":["GET"]}}],"collection":[{"href":"https:\/\/global-medica.com\/en\/wp-json\/wp\/v2\/product"}],"about":[{"href":"https:\/\/global-medica.com\/en\/wp-json\/wp\/v2\/types\/product"}],"replies":[{"embeddable":true,"href":"https:\/\/global-medica.com\/en\/wp-json\/wp\/v2\/comments?post=2140"}],"wp:featuredmedia":[{"embeddable":true,"href":"https:\/\/global-medica.com\/en\/wp-json\/wp\/v2\/media\/2225"}],"wp:attachment":[{"href":"https:\/\/global-medica.com\/en\/wp-json\/wp\/v2\/media?parent=2140"}],"wp:term":[{"taxonomy":"product_brand","embeddable":true,"href":"https:\/\/global-medica.com\/en\/wp-json\/wp\/v2\/product_brand?post=2140"},{"taxonomy":"product_cat","embeddable":true,"href":"https:\/\/global-medica.com\/en\/wp-json\/wp\/v2\/product_cat?post=2140"},{"taxonomy":"product_tag","embeddable":true,"href":"https:\/\/global-medica.com\/en\/wp-json\/wp\/v2\/product_tag?post=2140"}],"curies":[{"name":"wp","href":"https:\/\/api.w.org\/{rel}","templated":true}]}}