{"id":2136,"date":"2024-07-05T00:03:43","date_gmt":"2024-07-05T00:03:43","guid":{"rendered":"https:\/\/global-medica.com\/product\/bkspecto-pelvic-floor\/"},"modified":"2025-04-13T17:54:46","modified_gmt":"2025-04-13T17:54:46","slug":"bkspecto-pelvic-floor","status":"publish","type":"product","link":"https:\/\/global-medica.com\/en\/product\/bkspecto-pelvic-floor\/","title":{"rendered":"bkSpecto \u2013 Pelvic Floor"},"content":{"rendered":"<div id=\"panel-13717-0-0-1\" class=\"so-panel widget widget_sow-editor\" data-index=\"1\">\n<div class=\"panel-widget-style panel-widget-style-for-13717-0-0-1\">\n<div class=\"so-widget-sow-editor so-widget-sow-editor-base\">\n<div class=\"siteorigin-widget-tinymce textwidget\">\n<h3>See The Details You Need<\/h3>\n<p>bkSpecto offers excellent image quality to help you achieve dynamic, real-time examination during squeeze and Valsalva maneuvers and excellent visualization of tapes and meshes.<\/p>\n<h3>Advanced 3D Architecture<\/h3>\n<p>With high-definition, detailed images and an enhanced, streamlined workflow, bkSpecto\u2019s advanced 3D architecture brings you new tools and features, helping you to easily manipulate, label, save, and compare 3D datasets. Learn more about our\u00a0 <a href=\"https:\/\/www.bkmedical.com\/3d-architecture\">3D architecture for anorectal imaging here.<\/a><\/p>\n<h3>Custom Workflow<\/h3>\n<p>bkSpecto has an intuitive, rapid, touch-based workflow that enables quicker training and faster procedures. The all-glass interface allows for easy cleaning and disinfection.<\/p>\n<h3>Custom -Fit Clinical Design<\/h3>\n<p>bkSpecto is designed for your workspace. Adjust monitor (portrait or landscape), interface angle, and system height to suit your needs. An integrated battery also allows for more than 1-hour of plug-free imaging.<\/p>\n<h3>BK's Advanced Transducer Portfolio<\/h3>\n<p>With bkSpecto, you will have access to BK Medical\u2019s sterilizable, high-performance transducers for pelvic floor examinations.<\/p>\n<\/div>\n<\/div>\n<\/div>\n<\/div>\n<div class=\"so-widget-sow-button so-widget-sow-button-wire-aaafb44273d4-13717\"><\/div>\n<div><\/div>","protected":false},"excerpt":{"rendered":"<p>Vea los Detalles que Necesita bkSpecto ofrece una excelente calidad de imagen para ayudarle a lograr un examen din\u00e1mico en tiempo real durante maniobras de contracci\u00f3n y Valsalva, y una excelente visualizaci\u00f3n de cintas y mallas. Arquitectura 3D Avanzada Con im\u00e1genes detalladas de alta definici\u00f3n y un flujo de trabajo mejorado y simplificado, la arquitectura [&hellip;]<\/p>\n","protected":false},"featured_media":2221,"comment_status":"open","ping_status":"closed","template":"","meta":[],"product_brand":[],"product_cat":[47],"product_tag":[],"class_list":{"0":"post-2136","1":"product","2":"type-product","3":"status-publish","4":"has-post-thumbnail","6":"product_cat-bk-medical","8":"first","9":"instock","10":"shipping-taxable","11":"purchasable","12":"product-type-simple"},"yoast_head":"<!-- This site is optimized with the Yoast SEO plugin v27.3 - https:\/\/yoast.com\/product\/yoast-seo-wordpress\/ -->\n<title>bkSpecto \u2013 Suelo P\u00e9lvico - Global Medica - Global M\u00e9dica DR<\/title>\n<meta name=\"description\" content=\"bkSpecto - Pelvic Floor offers excellent image quality to help you achieve dynamic, real-time examination during squeeze and Valsalva maneuvers\" \/>\n<meta name=\"robots\" content=\"index, follow, max-snippet:-1, max-image-preview:large, max-video-preview:-1\" \/>\n<link rel=\"canonical\" href=\"https:\/\/global-medica.com\/en\/product\/bkspecto-pelvic-floor\/\" \/>\n<meta property=\"og:locale\" content=\"en_US\" \/>\n<meta property=\"og:type\" content=\"article\" \/>\n<meta property=\"og:title\" content=\"bkSpecto - Pelvic Floor - Global Medica - Global M\u00e9dica DR\" \/>\n<meta property=\"og:description\" content=\"bkSpecto - Pelvic Floor offers excellent image quality to help you achieve dynamic, real-time examination during squeeze and Valsalva maneuvers\" \/>\n<meta property=\"og:url\" content=\"https:\/\/global-medica.com\/en\/product\/bkspecto-pelvic-floor\/\" \/>\n<meta property=\"og:site_name\" content=\"Global Medica\" \/>\n<meta property=\"article:publisher\" content=\"https:\/\/www.facebook.com\/gmglobalmedica\" \/>\n<meta property=\"article:modified_time\" content=\"2025-04-13T17:54:46+00:00\" \/>\n<meta property=\"og:image\" content=\"https:\/\/global-medica.com\/wp-content\/uploads\/2024\/07\/PR-00067-min.webp\" \/>\n\t<meta property=\"og:image:width\" content=\"498\" \/>\n\t<meta property=\"og:image:height\" content=\"947\" \/>\n\t<meta property=\"og:image:type\" content=\"image\/webp\" \/>\n<meta name=\"twitter:card\" content=\"summary_large_image\" \/>\n<meta name=\"twitter:label1\" content=\"Est. reading time\" \/>\n\t<meta name=\"twitter:data1\" content=\"2 minutes\" \/>\n<script type=\"application\/ld+json\" class=\"yoast-schema-graph\">{\"@context\":\"https:\\\/\\\/schema.org\",\"@graph\":[{\"@type\":\"WebPage\",\"@id\":\"https:\\\/\\\/global-medica.com\\\/producto\\\/bkspecto-pelvic-floor\\\/\",\"url\":\"https:\\\/\\\/global-medica.com\\\/producto\\\/bkspecto-pelvic-floor\\\/\",\"name\":\"bkSpecto \u2013 Suelo P\u00e9lvico\",\"isPartOf\":{\"@id\":\"https:\\\/\\\/global-medica.com\\\/#website\"},\"primaryImageOfPage\":{\"@id\":\"https:\\\/\\\/global-medica.com\\\/producto\\\/bkspecto-pelvic-floor\\\/#primaryimage\"},\"image\":{\"@id\":\"https:\\\/\\\/global-medica.com\\\/producto\\\/bkspecto-pelvic-floor\\\/#primaryimage\"},\"thumbnailUrl\":\"https:\\\/\\\/global-medica.com\\\/wp-content\\\/uploads\\\/2024\\\/07\\\/PR-00067-min.webp\",\"datePublished\":\"2024-07-05T00:03:43+00:00\",\"dateModified\":\"2025-04-13T17:54:46+00:00\",\"description\":\"bkSpecto - Pelvic Floor offers excellent image quality to help you achieve dynamic, real-time examination during squeeze and Valsalva maneuvers\",\"breadcrumb\":{\"@id\":\"https:\\\/\\\/global-medica.com\\\/producto\\\/bkspecto-pelvic-floor\\\/#breadcrumb\"},\"inLanguage\":\"en-US\",\"potentialAction\":[{\"@type\":\"ReadAction\",\"target\":[\"https:\\\/\\\/global-medica.com\\\/producto\\\/bkspecto-pelvic-floor\\\/\"]}]},{\"@type\":\"ImageObject\",\"inLanguage\":\"en-US\",\"@id\":\"https:\\\/\\\/global-medica.com\\\/producto\\\/bkspecto-pelvic-floor\\\/#primaryimage\",\"url\":\"https:\\\/\\\/global-medica.com\\\/wp-content\\\/uploads\\\/2024\\\/07\\\/PR-00067-min.webp\",\"contentUrl\":\"https:\\\/\\\/global-medica.com\\\/wp-content\\\/uploads\\\/2024\\\/07\\\/PR-00067-min.webp\",\"width\":498,\"height\":947},{\"@type\":\"BreadcrumbList\",\"@id\":\"https:\\\/\\\/global-medica.com\\\/producto\\\/bkspecto-pelvic-floor\\\/#breadcrumb\",\"itemListElement\":[{\"@type\":\"ListItem\",\"position\":1,\"name\":\"Home\",\"item\":\"https:\\\/\\\/global-medica.com\\\/\"},{\"@type\":\"ListItem\",\"position\":2,\"name\":\"Productos\",\"item\":\"https:\\\/\\\/global-medica.com\\\/shop\\\/\"},{\"@type\":\"ListItem\",\"position\":3,\"name\":\"bkSpecto &#8211; Suelo P\u00e9lvico\"}]},{\"@type\":\"WebSite\",\"@id\":\"https:\\\/\\\/global-medica.com\\\/#website\",\"url\":\"https:\\\/\\\/global-medica.com\\\/\",\"name\":\"Global Medica\",\"description\":\"Global Medica\",\"publisher\":{\"@id\":\"https:\\\/\\\/global-medica.com\\\/#organization\"},\"inLanguage\":\"en-US\"},{\"@type\":\"Organization\",\"@id\":\"https:\\\/\\\/global-medica.com\\\/#organization\",\"name\":\"Global Medica\",\"url\":\"https:\\\/\\\/global-medica.com\\\/\",\"logo\":{\"@type\":\"ImageObject\",\"inLanguage\":\"en-US\",\"@id\":\"https:\\\/\\\/global-medica.com\\\/#\\\/schema\\\/logo\\\/image\\\/\",\"url\":\"https:\\\/\\\/global-medica.com\\\/wp-content\\\/uploads\\\/2024\\\/04\\\/global-logo.png\",\"contentUrl\":\"https:\\\/\\\/global-medica.com\\\/wp-content\\\/uploads\\\/2024\\\/04\\\/global-logo.png\",\"width\":312,\"height\":84,\"caption\":\"Global Medica\"},\"image\":{\"@id\":\"https:\\\/\\\/global-medica.com\\\/#\\\/schema\\\/logo\\\/image\\\/\"},\"sameAs\":[\"https:\\\/\\\/www.facebook.com\\\/gmglobalmedica\",\"https:\\\/\\\/www.instagram.com\\\/globalmedica\\\/\",\"https:\\\/\\\/www.linkedin.com\\\/company\\\/67924728\",\"https:\\\/\\\/www.youtube.com\\\/channel\\\/UCWT2KUVVms56vwB0N9r8qKQ\\\/\"]}]}<\/script>\n<!-- \/ Yoast SEO plugin. -->","yoast_head_json":{"title":"bkSpecto \u2013 Suelo P\u00e9lvico - Global Medica - Global M\u00e9dica DR","description":"bkSpecto - Pelvic Floor offers excellent image quality to help you achieve dynamic, real-time examination during squeeze and Valsalva maneuvers","robots":{"index":"index","follow":"follow","max-snippet":"max-snippet:-1","max-image-preview":"max-image-preview:large","max-video-preview":"max-video-preview:-1"},"canonical":"https:\/\/global-medica.com\/en\/product\/bkspecto-pelvic-floor\/","og_locale":"en_US","og_type":"article","og_title":"bkSpecto - Pelvic Floor - Global Medica - Global M\u00e9dica DR","og_description":"bkSpecto - Pelvic Floor offers excellent image quality to help you achieve dynamic, real-time examination during squeeze and Valsalva maneuvers","og_url":"https:\/\/global-medica.com\/en\/product\/bkspecto-pelvic-floor\/","og_site_name":"Global Medica","article_publisher":"https:\/\/www.facebook.com\/gmglobalmedica","article_modified_time":"2025-04-13T17:54:46+00:00","og_image":[{"width":498,"height":947,"url":"https:\/\/global-medica.com\/wp-content\/uploads\/2024\/07\/PR-00067-min.webp","type":"image\/webp"}],"twitter_card":"summary_large_image","twitter_misc":{"Est. reading time":"2 minutes"},"schema":{"@context":"https:\/\/schema.org","@graph":[{"@type":"WebPage","@id":"https:\/\/global-medica.com\/producto\/bkspecto-pelvic-floor\/","url":"https:\/\/global-medica.com\/producto\/bkspecto-pelvic-floor\/","name":"bkSpecto \u2013 Suelo P\u00e9lvico","isPartOf":{"@id":"https:\/\/global-medica.com\/#website"},"primaryImageOfPage":{"@id":"https:\/\/global-medica.com\/producto\/bkspecto-pelvic-floor\/#primaryimage"},"image":{"@id":"https:\/\/global-medica.com\/producto\/bkspecto-pelvic-floor\/#primaryimage"},"thumbnailUrl":"https:\/\/global-medica.com\/wp-content\/uploads\/2024\/07\/PR-00067-min.webp","datePublished":"2024-07-05T00:03:43+00:00","dateModified":"2025-04-13T17:54:46+00:00","description":"bkSpecto - Pelvic Floor offers excellent image quality to help you achieve dynamic, real-time examination during squeeze and Valsalva maneuvers","breadcrumb":{"@id":"https:\/\/global-medica.com\/producto\/bkspecto-pelvic-floor\/#breadcrumb"},"inLanguage":"en-US","potentialAction":[{"@type":"ReadAction","target":["https:\/\/global-medica.com\/producto\/bkspecto-pelvic-floor\/"]}]},{"@type":"ImageObject","inLanguage":"en-US","@id":"https:\/\/global-medica.com\/producto\/bkspecto-pelvic-floor\/#primaryimage","url":"https:\/\/global-medica.com\/wp-content\/uploads\/2024\/07\/PR-00067-min.webp","contentUrl":"https:\/\/global-medica.com\/wp-content\/uploads\/2024\/07\/PR-00067-min.webp","width":498,"height":947},{"@type":"BreadcrumbList","@id":"https:\/\/global-medica.com\/producto\/bkspecto-pelvic-floor\/#breadcrumb","itemListElement":[{"@type":"ListItem","position":1,"name":"Home","item":"https:\/\/global-medica.com\/"},{"@type":"ListItem","position":2,"name":"Productos","item":"https:\/\/global-medica.com\/shop\/"},{"@type":"ListItem","position":3,"name":"bkSpecto &#8211; Suelo P\u00e9lvico"}]},{"@type":"WebSite","@id":"https:\/\/global-medica.com\/#website","url":"https:\/\/global-medica.com\/","name":"Global Medica","description":"Global Medica","publisher":{"@id":"https:\/\/global-medica.com\/#organization"},"inLanguage":"en-US"},{"@type":"Organization","@id":"https:\/\/global-medica.com\/#organization","name":"Global Medica","url":"https:\/\/global-medica.com\/","logo":{"@type":"ImageObject","inLanguage":"en-US","@id":"https:\/\/global-medica.com\/#\/schema\/logo\/image\/","url":"https:\/\/global-medica.com\/wp-content\/uploads\/2024\/04\/global-logo.png","contentUrl":"https:\/\/global-medica.com\/wp-content\/uploads\/2024\/04\/global-logo.png","width":312,"height":84,"caption":"Global Medica"},"image":{"@id":"https:\/\/global-medica.com\/#\/schema\/logo\/image\/"},"sameAs":["https:\/\/www.facebook.com\/gmglobalmedica","https:\/\/www.instagram.com\/globalmedica\/","https:\/\/www.linkedin.com\/company\/67924728","https:\/\/www.youtube.com\/channel\/UCWT2KUVVms56vwB0N9r8qKQ\/"]}]}},"_links":{"self":[{"href":"https:\/\/global-medica.com\/en\/wp-json\/wp\/v2\/product\/2136","targetHints":{"allow":["GET"]}}],"collection":[{"href":"https:\/\/global-medica.com\/en\/wp-json\/wp\/v2\/product"}],"about":[{"href":"https:\/\/global-medica.com\/en\/wp-json\/wp\/v2\/types\/product"}],"replies":[{"embeddable":true,"href":"https:\/\/global-medica.com\/en\/wp-json\/wp\/v2\/comments?post=2136"}],"wp:featuredmedia":[{"embeddable":true,"href":"https:\/\/global-medica.com\/en\/wp-json\/wp\/v2\/media\/2221"}],"wp:attachment":[{"href":"https:\/\/global-medica.com\/en\/wp-json\/wp\/v2\/media?parent=2136"}],"wp:term":[{"taxonomy":"product_brand","embeddable":true,"href":"https:\/\/global-medica.com\/en\/wp-json\/wp\/v2\/product_brand?post=2136"},{"taxonomy":"product_cat","embeddable":true,"href":"https:\/\/global-medica.com\/en\/wp-json\/wp\/v2\/product_cat?post=2136"},{"taxonomy":"product_tag","embeddable":true,"href":"https:\/\/global-medica.com\/en\/wp-json\/wp\/v2\/product_tag?post=2136"}],"curies":[{"name":"wp","href":"https:\/\/api.w.org\/{rel}","templated":true}]}}