{"id":2134,"date":"2024-07-05T00:03:43","date_gmt":"2024-07-05T00:03:43","guid":{"rendered":"https:\/\/global-medica.com\/product\/bkspecto-urology\/"},"modified":"2025-04-13T17:55:56","modified_gmt":"2025-04-13T17:55:56","slug":"bkspecto-urology","status":"publish","type":"product","link":"https:\/\/global-medica.com\/en\/product\/bkspecto-urology\/","title":{"rendered":"bkSpecto \u2013 Urology"},"content":{"rendered":"<h2>Expert Ultrasound Guidance for Your Procedures<\/h2>\n<h3>Excellent Image Quality<\/h3>\n<p>High-resolution images with superb anatomical details for visualization of structures and performing confident procedures.<\/p>\n<h3>Custom Workflow<\/h3>\n<p>Featuring a sealed glass interface that enables \u2018sightless navigation\u2019 via Tru-Sense technology, bkSpecto has an intuitive, rapid, touch-based workflow that will enable quicker training and faster procedures.<\/p>\n<h3>Custom -Fit Clinical Design<\/h3>\n<p>bkSpecto is designed for your workspace, allowing you to work faster. Adjust monitor (portrait or landscape), interface angle, and system height to suit your needs. An integrated battery also allows for more than 1-hour of plug-free imaging.<\/p>\n<h3>BK's Advanced Transducer Portfolio<\/h3>\n<p>With bkSpecto, you will have access to a wide range of BK Medical's high performance and sterilizable transducers in the areas of urology, anesthesia, musculoskeletal, breast, thyroid, and women's health.<\/p>\n<div class=\"row-wrapper\">\n<div class=\"views-field views-field-title\"><span class=\"field-content\"><a href=\"https:\/\/www.bkmedical.com\/transducers\/e11c3b\/\">E11C3b (9008) High-resolution biplane Transducer<\/a><\/span><\/div>\n<div class=\"views-field views-field-field-more-images\">\n<div class=\"field-content\"><\/div>\n<\/div>\n<div class=\"views-field views-field-field-trans-app\">\n<div class=\"field-content\">\n<div class=\"transducer__applications\">Applications: Transrectal<\/div>\n<\/div>\n<\/div>\n<div><\/div>\n<\/div>\n<div class=\"row-wrapper\">\n<div class=\"views-field views-field-field-transducer-image\">\n<div class=\"field-content\">\n<div class=\"trans_abs\"><\/div>\n<\/div>\n<\/div>\n<div class=\"views-field views-field-title\"><span class=\"field-content\"><a href=\"https:\/\/www.bkmedical.com\/transducers\/14l3e\/\">14L3e (9086) Linear Transducer<\/a><\/span><\/div>\n<div class=\"views-field views-field-field-more-images\">\n<div class=\"field-content\"><\/div>\n<\/div>\n<div class=\"views-field views-field-field-trans-app\">\n<div class=\"field-content\">\n<div class=\"transducer__applications\">Applications: Small Parts<\/div>\n<\/div>\n<\/div>\n<div><\/div>\n<\/div>\n<div class=\"row-wrapper\">\n<div class=\"views-field views-field-field-transducer-image\">\n<div class=\"field-content\">\n<div class=\"trans_abs\"><\/div>\n<\/div>\n<\/div>\n<div class=\"views-field views-field-title\"><span class=\"field-content\"><a href=\"https:\/\/www.bkmedical.com\/transducers\/e14c4t-prostate-triplane\/\">E14C4t (9018) Prostate Triplane Transducer<\/a><\/span><\/div>\n<div class=\"views-field views-field-field-more-images\">\n<div class=\"field-content\"><\/div>\n<\/div>\n<div class=\"views-field views-field-field-trans-app\">\n<div class=\"field-content\">\n<div class=\"transducer__applications\">Applications: Transrectal, Urology<\/div>\n<\/div>\n<\/div>\n<div><\/div>\n<\/div>\n<div class=\"row-wrapper\">\n<div class=\"views-field views-field-field-transducer-image\">\n<div class=\"field-content\">\n<div class=\"trans_abs\"><\/div>\n<\/div>\n<\/div>\n<div class=\"views-field views-field-title\"><span class=\"field-content\"><a href=\"https:\/\/www.bkmedical.com\/transducers\/e13c2\/\">E13C2 (9029) High-res. Broad Bandwidth, Endfire Transducer<\/a><\/span><\/div>\n<div class=\"views-field views-field-field-more-images\">\n<div class=\"field-content\"><\/div>\n<\/div>\n<div class=\"views-field views-field-field-trans-app\">\n<div class=\"field-content\">\n<div class=\"transducer__applications\">Applications: Transrectal, Transvaginal, Urology<\/div>\n<\/div>\n<\/div>\n<div><\/div>\n<\/div>\n<div class=\"row-wrapper\">\n<div class=\"views-field views-field-field-transducer-image\">\n<div class=\"field-content\">\n<div class=\"trans_abs\"><\/div>\n<\/div>\n<\/div>\n<div class=\"views-field views-field-title\"><span class=\"field-content\"><a href=\"https:\/\/www.bkmedical.com\/transducers\/e14cl4b-endocavity-biplane\/\">E14CL4b (9048) Endocavity Biplane Transducer<\/a><\/span><\/div>\n<div class=\"views-field views-field-field-more-images\">\n<div class=\"field-content\"><\/div>\n<\/div>\n<div class=\"views-field views-field-field-trans-app\">\n<div class=\"field-content\">\n<div class=\"transducer__applications\">Applications: Transrectal, Transvaginal, Urology<\/div>\n<\/div>\n<\/div>\n<div><\/div>\n<\/div>\n<div class=\"row-wrapper\">\n<div class=\"views-field views-field-field-transducer-image\">\n<div class=\"field-content\">\n<div class=\"trans_abs\"><\/div>\n<\/div>\n<\/div>\n<div class=\"views-field views-field-title\"><span class=\"field-content\"><a href=\"https:\/\/www.bkmedical.com\/transducers\/e10c4-endocavity\/\">E10C4 (9019) Endocavity Transducer<\/a><\/span><\/div>\n<div class=\"views-field views-field-field-more-images\">\n<div class=\"field-content\"><\/div>\n<\/div>\n<div class=\"views-field views-field-field-trans-app\">\n<div class=\"field-content\">\n<div class=\"transducer__applications\">Applications: Fetal, Transrectal, Transvaginal, Urology<\/div>\n<\/div>\n<\/div>\n<div><\/div>\n<\/div>\n<div class=\"row-wrapper\">\n<div class=\"views-field views-field-field-transducer-image\">\n<div class=\"field-content\">\n<div class=\"trans_abs\"><\/div>\n<\/div>\n<\/div>\n<div class=\"views-field views-field-title\"><span class=\"field-content\"><a href=\"https:\/\/www.bkmedical.com\/transducers\/14l3-linear\/\">14L3 (9051) Linear Array Transducer<\/a><\/span><\/div>\n<div class=\"views-field views-field-field-more-images\">\n<div class=\"field-content\"><\/div>\n<\/div>\n<div class=\"views-field views-field-field-trans-app\">\n<div class=\"field-content\">\n<div class=\"transducer__applications\">Applications: Musculoskeletal, Pediatric, Peripheral Vascular, Small Parts, Urology<\/div>\n<\/div>\n<\/div>\n<div><\/div>\n<\/div>\n<div class=\"row-wrapper\">\n<div class=\"views-field views-field-field-transducer-image\">\n<div class=\"field-content\">\n<div class=\"trans_abs\"><\/div>\n<\/div>\n<\/div>\n<div class=\"views-field views-field-title\"><span class=\"field-content\"><a href=\"https:\/\/www.bkmedical.com\/transducers\/18l5-high-frequency-linear\/\">18L5 (9070) High Frequency Linear Transducer<\/a><\/span><\/div>\n<div class=\"views-field views-field-field-more-images\">\n<div class=\"field-content\"><\/div>\n<\/div>\n<div class=\"views-field views-field-field-trans-app\">\n<div class=\"field-content\">\n<div class=\"transducer__applications\">Applications: Musculoskeletal, Peripheral Vascular, Small Parts, Urology<\/div>\n<\/div>\n<\/div>\n<div><\/div>\n<\/div>\n<div class=\"row-wrapper\">\n<div class=\"views-field views-field-field-transducer-image\">\n<div class=\"field-content\">\n<div class=\"trans_abs\"><\/div>\n<\/div>\n<\/div>\n<div class=\"views-field views-field-title\"><span class=\"field-content\"><a href=\"https:\/\/www.bkmedical.com\/transducers\/13l4w-wide-linear\/\">13L4w (9011) Wide Linear Array Transducer<\/a><\/span><\/div>\n<div class=\"views-field views-field-field-more-images\">\n<div class=\"field-content\"><\/div>\n<\/div>\n<div class=\"views-field views-field-field-trans-app\">\n<div class=\"field-content\">\n<div class=\"transducer__applications\">Applications: Musculoskeletal, Pediatric, Peripheral Vascular, Small Parts, Urology<\/div>\n<\/div>\n<\/div>\n<div><\/div>\n<\/div>\n<div class=\"row-wrapper\">\n<div class=\"views-field views-field-field-transducer-image\">\n<div class=\"field-content\">\n<div class=\"trans_abs\"><\/div>\n<\/div>\n<\/div>\n<div class=\"views-field views-field-title\"><span class=\"field-content\"><a href=\"https:\/\/www.bkmedical.com\/transducers\/9c2-curved\/\">9C2 (9002) High Frequency Curved Array Transducer<\/a><\/span><\/div>\n<div class=\"views-field views-field-field-more-images\">\n<div class=\"field-content\"><\/div>\n<\/div>\n<div class=\"views-field views-field-field-trans-app\">\n<div class=\"field-content\">\n<div class=\"transducer__applications\">Applications: Abdominal, Fetal, Musculoskeletal, Pediatric, Peripheral Vascular, Urology<\/div>\n<\/div>\n<\/div>\n<div><\/div>\n<\/div>\n<div class=\"row-wrapper\">\n<div class=\"views-field views-field-field-transducer-image\">\n<div class=\"field-content\">\n<div class=\"trans_abs\"><\/div>\n<\/div>\n<\/div>\n<div class=\"views-field views-field-title\"><span class=\"field-content\"><a href=\"https:\/\/www.bkmedical.com\/transducers\/5c1e-curved-array\/\">5C1e (9085) Curved Array Transducer<\/a><\/span><\/div>\n<div class=\"views-field views-field-field-more-images\">\n<div class=\"field-content\"><\/div>\n<\/div>\n<div class=\"views-field views-field-field-trans-app\">\n<div class=\"field-content\">\n<div class=\"transducer__applications\">Applications: Abdominal, Fetal, Musculoskeletal, Obstetrics, Urology<\/div>\n<\/div>\n<\/div>\n<div><\/div>\n<\/div>\n<div class=\"row-wrapper\">\n<div class=\"views-field views-field-field-transducer-image\">\n<div class=\"field-content\">\n<div class=\"trans_abs\"><\/div>\n<\/div>\n<\/div>\n<div class=\"views-field views-field-title\"><span class=\"field-content\"><a href=\"https:\/\/www.bkmedical.com\/transducers\/6c2-curved\/\">6C2 (9040) Curved Array Transducer<\/a><\/span><\/div>\n<div class=\"views-field views-field-field-more-images\">\n<div class=\"field-content\"><\/div>\n<\/div>\n<div class=\"views-field views-field-field-trans-app\">\n<div class=\"field-content\">\n<div class=\"transducer__applications\">Applications: Abdominal, Fetal, Musculoskeletal, Obstetrics, Urology<\/div>\n<\/div>\n<\/div>\n<div><\/div>\n<\/div>\n<div class=\"row-wrapper\">\n<div class=\"views-field views-field-field-transducer-image\">\n<div class=\"field-content\">\n<div class=\"trans_abs\"><\/div>\n<\/div>\n<\/div>\n<div class=\"views-field views-field-title\"><span class=\"field-content\"><a href=\"https:\/\/www.bkmedical.com\/?post_type=transducers&amp;p=1385\">6C2s (9023) Small Curved Array Transducer<\/a><\/span><\/div>\n<div class=\"views-field views-field-field-more-images\">\n<div class=\"field-content\"><\/div>\n<\/div>\n<div class=\"views-field views-field-field-trans-app\">\n<div class=\"field-content\">\n<div class=\"transducer__applications\">Applications: Abdominal, Fetal, Pediatric, Urology<\/div>\n<\/div>\n<\/div>\n<div><\/div>\n<\/div>\n<div class=\"row-wrapper\">\n<div class=\"views-field views-field-field-transducer-image\">\n<div class=\"field-content\">\n<div class=\"trans_abs\"><\/div>\n<\/div>\n<\/div>\n<div class=\"views-field views-field-title\"><span class=\"field-content\"><a href=\"https:\/\/www.bkmedical.com\/transducers\/8l2-linear\/\">8L2 (9032) Linear Array Transducer<\/a><\/span><\/div>\n<div class=\"views-field views-field-field-more-images\">\n<div class=\"field-content\"><\/div>\n<\/div>\n<div class=\"views-field views-field-field-trans-app\">\n<div class=\"field-content\">\n<div class=\"transducer__applications\">Applications: Musculoskeletal, Pediatric, Peripheral Vascular, Small Parts, Urology<\/div>\n<\/div>\n<\/div>\n<div><\/div>\n<\/div>\n<div class=\"row-wrapper\">\n<div class=\"views-field views-field-field-transducer-image\">\n<div class=\"field-content\">\n<div class=\"trans_abs\"><\/div>\n<\/div>\n<\/div>\n<div class=\"views-field views-field-title\"><span class=\"field-content\"><a href=\"https:\/\/www.bkmedical.com\/transducers\/18l5s-linear\/\">18L5s (9081) Small High-Frequency Linear Transducer<\/a><\/span><\/div>\n<div class=\"views-field views-field-field-more-images\">\n<div class=\"field-content\"><\/div>\n<\/div>\n<div class=\"views-field views-field-field-trans-app\">\n<div class=\"field-content\">\n<div class=\"transducer__applications\">Applications: Musculoskeletal, Pediatric, Peripheral Vascular, Small Parts, Urology<\/div>\n<\/div>\n<\/div>\n<div><\/div>\n<\/div>\n<div class=\"row-wrapper\">\n<div class=\"views-field views-field-field-transducer-image\">\n<div class=\"field-content\">\n<div class=\"trans_abs\"><\/div>\n<\/div>\n<\/div>\n<div class=\"views-field views-field-title\"><span class=\"field-content\"><a href=\"https:\/\/www.bkmedical.com\/transducers\/x18l5s-hockey-stick-poc\/\">X18L5s (9009) Hockey Stick Transducer<\/a><\/span><\/div>\n<div class=\"views-field views-field-field-more-images\">\n<div class=\"field-content\"><\/div>\n<\/div>\n<div class=\"views-field views-field-field-trans-app\">\n<div class=\"field-content\">\n<div class=\"transducer__applications\">Applications: Intraoperative (neuro), Intraoperative Imaging, Musculoskeletal, Neurosurgery, Peripheral Vascular, Small Parts<\/div>\n<\/div>\n<\/div>\n<div><\/div>\n<\/div>\n<div class=\"row-wrapper\">\n<div class=\"views-field views-field-field-transducer-image\">\n<div class=\"field-content\">\n<div class=\"trans_abs\"><\/div>\n<\/div>\n<\/div>\n<div class=\"views-field views-field-title\"><span class=\"field-content\"><a href=\"https:\/\/www.bkmedical.com\/transducers\/transducer-5p1e-phased-array\/\">5P1e (9087) Phased Array Transducer<\/a><\/span><\/div>\n<div class=\"views-field views-field-field-more-images\">\n<div class=\"field-content\"><\/div>\n<\/div>\n<div class=\"views-field views-field-field-trans-app\">\n<div class=\"field-content\">\n<div class=\"transducer__applications\">Applications: Abdominal, Adolescents, Cardiac<\/div>\n<\/div>\n<\/div>\n<\/div>","protected":false},"excerpt":{"rendered":"<p>GU\u00cdA DE ULTRASONIDO EXPERTA PARA SUS PROCEDIMIENTOS Excelente Calidad de Imagen Im\u00e1genes de alta resoluci\u00f3n con extraordinarios detalles anat\u00f3micos para la visualizaci\u00f3n de estructuras y la realizaci\u00f3n de procedimientos con confianza. Flujo de Trabajo Personalizado Con una interfaz de vidrio sellada que permite la &#8216;navegaci\u00f3n sin vista&#8217; a trav\u00e9s de la tecnolog\u00eda Tru-Sense, bkSpecto tiene [&hellip;]<\/p>\n","protected":false},"featured_media":2219,"comment_status":"open","ping_status":"closed","template":"","meta":[],"product_brand":[],"product_cat":[47],"product_tag":[],"class_list":{"0":"post-2134","1":"product","2":"type-product","3":"status-publish","4":"has-post-thumbnail","6":"product_cat-bk-medical","8":"first","9":"instock","10":"shipping-taxable","11":"purchasable","12":"product-type-simple"},"yoast_head":"<!-- This site is optimized with the Yoast SEO plugin v27.3 - https:\/\/yoast.com\/product\/yoast-seo-wordpress\/ -->\n<title>bkSpecto \u2013 Urolog\u00eda - Global Medica - Global M\u00e9dica DR<\/title>\n<meta name=\"description\" content=\"bkspecto urology, High-resolution images with superb anatomical details for visualization of structures and performing confident procedures.\" \/>\n<meta name=\"robots\" content=\"index, follow, max-snippet:-1, max-image-preview:large, max-video-preview:-1\" \/>\n<link rel=\"canonical\" href=\"https:\/\/global-medica.com\/en\/product\/bkspecto-urology\/\" \/>\n<meta property=\"og:locale\" content=\"en_US\" \/>\n<meta property=\"og:type\" content=\"article\" \/>\n<meta property=\"og:title\" content=\"bkSpecto Urology - Global Medica - Global M\u00e9dica DR\" \/>\n<meta property=\"og:description\" content=\"bkspecto urology, High-resolution images with superb anatomical details for visualization of structures and performing confident procedures.\" \/>\n<meta property=\"og:url\" content=\"https:\/\/global-medica.com\/en\/product\/bkspecto-urology\/\" \/>\n<meta property=\"og:site_name\" content=\"Global Medica\" \/>\n<meta property=\"article:publisher\" content=\"https:\/\/www.facebook.com\/gmglobalmedica\" \/>\n<meta property=\"article:modified_time\" content=\"2025-04-13T17:55:56+00:00\" \/>\n<meta property=\"og:image\" content=\"https:\/\/global-medica.com\/wp-content\/uploads\/2024\/07\/PR-00065-min.webp\" \/>\n\t<meta property=\"og:image:width\" content=\"492\" \/>\n\t<meta property=\"og:image:height\" content=\"827\" \/>\n\t<meta property=\"og:image:type\" content=\"image\/webp\" \/>\n<meta name=\"twitter:card\" content=\"summary_large_image\" \/>\n<meta name=\"twitter:label1\" content=\"Est. reading time\" \/>\n\t<meta name=\"twitter:data1\" content=\"2 minutes\" \/>\n<script type=\"application\/ld+json\" class=\"yoast-schema-graph\">{\"@context\":\"https:\\\/\\\/schema.org\",\"@graph\":[{\"@type\":[\"WebPage\",\"MedicalWebPage\"],\"@id\":\"https:\\\/\\\/global-medica.com\\\/producto\\\/bkspecto-urology\\\/\",\"url\":\"https:\\\/\\\/global-medica.com\\\/producto\\\/bkspecto-urology\\\/\",\"name\":\"bkSpecto \u2013 Urolog\u00eda\",\"isPartOf\":{\"@id\":\"https:\\\/\\\/global-medica.com\\\/#website\"},\"primaryImageOfPage\":{\"@id\":\"https:\\\/\\\/global-medica.com\\\/producto\\\/bkspecto-urology\\\/#primaryimage\"},\"image\":{\"@id\":\"https:\\\/\\\/global-medica.com\\\/producto\\\/bkspecto-urology\\\/#primaryimage\"},\"thumbnailUrl\":\"https:\\\/\\\/global-medica.com\\\/wp-content\\\/uploads\\\/2024\\\/07\\\/PR-00065-min.webp\",\"datePublished\":\"2024-07-05T00:03:43+00:00\",\"dateModified\":\"2025-04-13T17:55:56+00:00\",\"description\":\"bkspecto urology, High-resolution images with superb anatomical details for visualization of structures and performing confident procedures.\",\"breadcrumb\":{\"@id\":\"https:\\\/\\\/global-medica.com\\\/producto\\\/bkspecto-urology\\\/#breadcrumb\"},\"inLanguage\":\"en-US\",\"potentialAction\":[{\"@type\":\"ReadAction\",\"target\":[\"https:\\\/\\\/global-medica.com\\\/producto\\\/bkspecto-urology\\\/\"]}]},{\"@type\":\"ImageObject\",\"inLanguage\":\"en-US\",\"@id\":\"https:\\\/\\\/global-medica.com\\\/producto\\\/bkspecto-urology\\\/#primaryimage\",\"url\":\"https:\\\/\\\/global-medica.com\\\/wp-content\\\/uploads\\\/2024\\\/07\\\/PR-00065-min.webp\",\"contentUrl\":\"https:\\\/\\\/global-medica.com\\\/wp-content\\\/uploads\\\/2024\\\/07\\\/PR-00065-min.webp\",\"width\":492,\"height\":827},{\"@type\":\"BreadcrumbList\",\"@id\":\"https:\\\/\\\/global-medica.com\\\/producto\\\/bkspecto-urology\\\/#breadcrumb\",\"itemListElement\":[{\"@type\":\"ListItem\",\"position\":1,\"name\":\"Home\",\"item\":\"https:\\\/\\\/global-medica.com\\\/\"},{\"@type\":\"ListItem\",\"position\":2,\"name\":\"Productos\",\"item\":\"https:\\\/\\\/global-medica.com\\\/shop\\\/\"},{\"@type\":\"ListItem\",\"position\":3,\"name\":\"bkSpecto &#8211; Urolog\u00eda\"}]},{\"@type\":\"WebSite\",\"@id\":\"https:\\\/\\\/global-medica.com\\\/#website\",\"url\":\"https:\\\/\\\/global-medica.com\\\/\",\"name\":\"Global Medica\",\"description\":\"Global Medica\",\"publisher\":{\"@id\":\"https:\\\/\\\/global-medica.com\\\/#organization\"},\"inLanguage\":\"en-US\"},{\"@type\":\"Organization\",\"@id\":\"https:\\\/\\\/global-medica.com\\\/#organization\",\"name\":\"Global Medica\",\"url\":\"https:\\\/\\\/global-medica.com\\\/\",\"logo\":{\"@type\":\"ImageObject\",\"inLanguage\":\"en-US\",\"@id\":\"https:\\\/\\\/global-medica.com\\\/#\\\/schema\\\/logo\\\/image\\\/\",\"url\":\"https:\\\/\\\/global-medica.com\\\/wp-content\\\/uploads\\\/2024\\\/04\\\/global-logo.png\",\"contentUrl\":\"https:\\\/\\\/global-medica.com\\\/wp-content\\\/uploads\\\/2024\\\/04\\\/global-logo.png\",\"width\":312,\"height\":84,\"caption\":\"Global Medica\"},\"image\":{\"@id\":\"https:\\\/\\\/global-medica.com\\\/#\\\/schema\\\/logo\\\/image\\\/\"},\"sameAs\":[\"https:\\\/\\\/www.facebook.com\\\/gmglobalmedica\",\"https:\\\/\\\/www.instagram.com\\\/globalmedica\\\/\",\"https:\\\/\\\/www.linkedin.com\\\/company\\\/67924728\",\"https:\\\/\\\/www.youtube.com\\\/channel\\\/UCWT2KUVVms56vwB0N9r8qKQ\\\/\"]}]}<\/script>\n<!-- \/ Yoast SEO plugin. -->","yoast_head_json":{"title":"bkSpecto \u2013 Urolog\u00eda - Global Medica - Global M\u00e9dica DR","description":"bkspecto urology, High-resolution images with superb anatomical details for visualization of structures and performing confident procedures.","robots":{"index":"index","follow":"follow","max-snippet":"max-snippet:-1","max-image-preview":"max-image-preview:large","max-video-preview":"max-video-preview:-1"},"canonical":"https:\/\/global-medica.com\/en\/product\/bkspecto-urology\/","og_locale":"en_US","og_type":"article","og_title":"bkSpecto Urology - Global Medica - Global M\u00e9dica DR","og_description":"bkspecto urology, High-resolution images with superb anatomical details for visualization of structures and performing confident procedures.","og_url":"https:\/\/global-medica.com\/en\/product\/bkspecto-urology\/","og_site_name":"Global Medica","article_publisher":"https:\/\/www.facebook.com\/gmglobalmedica","article_modified_time":"2025-04-13T17:55:56+00:00","og_image":[{"width":492,"height":827,"url":"https:\/\/global-medica.com\/wp-content\/uploads\/2024\/07\/PR-00065-min.webp","type":"image\/webp"}],"twitter_card":"summary_large_image","twitter_misc":{"Est. reading time":"2 minutes"},"schema":{"@context":"https:\/\/schema.org","@graph":[{"@type":["WebPage","MedicalWebPage"],"@id":"https:\/\/global-medica.com\/producto\/bkspecto-urology\/","url":"https:\/\/global-medica.com\/producto\/bkspecto-urology\/","name":"bkSpecto \u2013 Urolog\u00eda","isPartOf":{"@id":"https:\/\/global-medica.com\/#website"},"primaryImageOfPage":{"@id":"https:\/\/global-medica.com\/producto\/bkspecto-urology\/#primaryimage"},"image":{"@id":"https:\/\/global-medica.com\/producto\/bkspecto-urology\/#primaryimage"},"thumbnailUrl":"https:\/\/global-medica.com\/wp-content\/uploads\/2024\/07\/PR-00065-min.webp","datePublished":"2024-07-05T00:03:43+00:00","dateModified":"2025-04-13T17:55:56+00:00","description":"bkspecto urology, High-resolution images with superb anatomical details for visualization of structures and performing confident procedures.","breadcrumb":{"@id":"https:\/\/global-medica.com\/producto\/bkspecto-urology\/#breadcrumb"},"inLanguage":"en-US","potentialAction":[{"@type":"ReadAction","target":["https:\/\/global-medica.com\/producto\/bkspecto-urology\/"]}]},{"@type":"ImageObject","inLanguage":"en-US","@id":"https:\/\/global-medica.com\/producto\/bkspecto-urology\/#primaryimage","url":"https:\/\/global-medica.com\/wp-content\/uploads\/2024\/07\/PR-00065-min.webp","contentUrl":"https:\/\/global-medica.com\/wp-content\/uploads\/2024\/07\/PR-00065-min.webp","width":492,"height":827},{"@type":"BreadcrumbList","@id":"https:\/\/global-medica.com\/producto\/bkspecto-urology\/#breadcrumb","itemListElement":[{"@type":"ListItem","position":1,"name":"Home","item":"https:\/\/global-medica.com\/"},{"@type":"ListItem","position":2,"name":"Productos","item":"https:\/\/global-medica.com\/shop\/"},{"@type":"ListItem","position":3,"name":"bkSpecto &#8211; Urolog\u00eda"}]},{"@type":"WebSite","@id":"https:\/\/global-medica.com\/#website","url":"https:\/\/global-medica.com\/","name":"Global Medica","description":"Global Medica","publisher":{"@id":"https:\/\/global-medica.com\/#organization"},"inLanguage":"en-US"},{"@type":"Organization","@id":"https:\/\/global-medica.com\/#organization","name":"Global Medica","url":"https:\/\/global-medica.com\/","logo":{"@type":"ImageObject","inLanguage":"en-US","@id":"https:\/\/global-medica.com\/#\/schema\/logo\/image\/","url":"https:\/\/global-medica.com\/wp-content\/uploads\/2024\/04\/global-logo.png","contentUrl":"https:\/\/global-medica.com\/wp-content\/uploads\/2024\/04\/global-logo.png","width":312,"height":84,"caption":"Global Medica"},"image":{"@id":"https:\/\/global-medica.com\/#\/schema\/logo\/image\/"},"sameAs":["https:\/\/www.facebook.com\/gmglobalmedica","https:\/\/www.instagram.com\/globalmedica\/","https:\/\/www.linkedin.com\/company\/67924728","https:\/\/www.youtube.com\/channel\/UCWT2KUVVms56vwB0N9r8qKQ\/"]}]}},"_links":{"self":[{"href":"https:\/\/global-medica.com\/en\/wp-json\/wp\/v2\/product\/2134","targetHints":{"allow":["GET"]}}],"collection":[{"href":"https:\/\/global-medica.com\/en\/wp-json\/wp\/v2\/product"}],"about":[{"href":"https:\/\/global-medica.com\/en\/wp-json\/wp\/v2\/types\/product"}],"replies":[{"embeddable":true,"href":"https:\/\/global-medica.com\/en\/wp-json\/wp\/v2\/comments?post=2134"}],"wp:featuredmedia":[{"embeddable":true,"href":"https:\/\/global-medica.com\/en\/wp-json\/wp\/v2\/media\/2219"}],"wp:attachment":[{"href":"https:\/\/global-medica.com\/en\/wp-json\/wp\/v2\/media?parent=2134"}],"wp:term":[{"taxonomy":"product_brand","embeddable":true,"href":"https:\/\/global-medica.com\/en\/wp-json\/wp\/v2\/product_brand?post=2134"},{"taxonomy":"product_cat","embeddable":true,"href":"https:\/\/global-medica.com\/en\/wp-json\/wp\/v2\/product_cat?post=2134"},{"taxonomy":"product_tag","embeddable":true,"href":"https:\/\/global-medica.com\/en\/wp-json\/wp\/v2\/product_tag?post=2134"}],"curies":[{"name":"wp","href":"https:\/\/api.w.org\/{rel}","templated":true}]}}