{"id":2130,"date":"2024-07-05T00:03:42","date_gmt":"2024-07-05T00:03:42","guid":{"rendered":"https:\/\/global-medica.com\/product\/bk5000-robotic-assisted-surgery\/"},"modified":"2025-04-13T19:26:48","modified_gmt":"2025-04-13T19:26:48","slug":"bk5000-robotic-assisted-surgery","status":"publish","type":"product","link":"https:\/\/global-medica.com\/en\/product\/bk5000-robotic-assisted-surgery\/","title":{"rendered":"bk5000 \u2013 Robotic-Assisted Surgery"},"content":{"rendered":"<h2>A New Level Of Precision And Access During Robotic-Assisted Procedures<\/h2>\n<p>Ultrasound helps surgeons locate and visualize tumor margins, key arteries and other anatomical structures quickly and with greater precision during robotic-assisted surgeries.The bk5000 ultrasound system\u2019s advanced technology can deliver exceptional images with very high contrast and spatial resolution, giving you the information you need to make critical decisions during surgery.<\/p>\n<h3>Take Control Of Intraoperative Imaging<\/h3>\n<p>The bk5000 ultrasound system is uniquely designed to be a member of your OR team, and help you to focus uninterrupted on the procedure. You have full control of the ultrasound imaging as the system can be operated directly from the surgeon\u2019s console. Very high contrast resolution images can be obtained immediately with minimal adjustment, allowing you to quickly get the information you need. The system is mobile and maneuverable with easy plug-and-play DVI for seamless integration of images with TilePro\u2122 multi-input display*.<\/p>\n<h3>Superb Color Doppler And Unique 3D Visualization<\/h3>\n<p>Extremely sensitive color Doppler with superb spatial resolution identifies arterial and venous blood supply to the tumor. This is especially important in procedures where selective clampingis needed. Unsurpassed 3D imaging enables easier identification of key anatomical landmarks and dissection planes.<\/p>\n<div class=\"system-cta\">\n<p>The unique Drop-In transducer enables access and visualization of complex organs and difficult-to-access anatomy in real-time. For example, in kidney navigation and difficult-to-access endophytic and exophytic tumors, the small, compact, curved linear array Drop-In transducer enables a wider field of view for faster examinations. The specially-designed fin grasped by the robotic arm ensures maximum control and organ contact so you can get the information you need.<\/p>\n<\/div>","protected":false},"excerpt":{"rendered":"<p>Un nuevo nivel de precisi\u00f3n y acceso durante procedimientos asistidos por rob\u00f3tica El ultrasonido permite a los cirujanos localizar y visualizar m\u00e1rgenes tumorales, arterias clave y otras estructuras anat\u00f3micas de forma r\u00e1pida y con mayor precisi\u00f3n durante cirug\u00edas asistidas por rob\u00f3tica. El sistema de ultrasonido bk5000 incorpora tecnolog\u00eda avanzada capaz de generar im\u00e1genes excepcionales con [&hellip;]<\/p>\n","protected":false},"featured_media":2215,"comment_status":"open","ping_status":"closed","template":"","meta":[],"product_brand":[],"product_cat":[47],"product_tag":[],"class_list":{"0":"post-2130","1":"product","2":"type-product","3":"status-publish","4":"has-post-thumbnail","6":"product_cat-bk-medical","8":"first","9":"instock","10":"shipping-taxable","11":"purchasable","12":"product-type-simple"},"yoast_head":"<!-- This site is optimized with the Yoast SEO plugin v27.3 - https:\/\/yoast.com\/product\/yoast-seo-wordpress\/ -->\n<title>bk5000 \u2013 Cirug\u00eda Asistida por Rob\u00f3tica - Global Medica - Global M\u00e9dica DR<\/title>\n<meta name=\"description\" content=\"Robotic-Assisted Surgery, advanced technology can deliver exceptional images with very high contrast and spatial resolution\" \/>\n<meta name=\"robots\" content=\"index, follow, max-snippet:-1, max-image-preview:large, max-video-preview:-1\" \/>\n<link rel=\"canonical\" href=\"https:\/\/global-medica.com\/en\/product\/bk5000-robotic-assisted-surgery\/\" \/>\n<meta property=\"og:locale\" content=\"en_US\" \/>\n<meta property=\"og:type\" content=\"article\" \/>\n<meta property=\"og:title\" content=\"bk5000 - Robotic-Assisted Surgery - Global Medica - Global M\u00e9dica DR\" \/>\n<meta property=\"og:description\" content=\"Advanced technology can deliver exceptional images with very high contrast and spatial resolution, giving you the information you need to make critical decisions during surgery\" \/>\n<meta property=\"og:url\" content=\"https:\/\/global-medica.com\/en\/product\/bk5000-robotic-assisted-surgery\/\" \/>\n<meta property=\"og:site_name\" content=\"Global Medica\" \/>\n<meta property=\"article:publisher\" content=\"https:\/\/www.facebook.com\/gmglobalmedica\" \/>\n<meta property=\"article:modified_time\" content=\"2025-04-13T19:26:48+00:00\" \/>\n<meta property=\"og:image\" content=\"https:\/\/global-medica.com\/wp-content\/uploads\/2024\/07\/PR-00061-min.webp\" \/>\n\t<meta property=\"og:image:width\" content=\"487\" \/>\n\t<meta property=\"og:image:height\" content=\"763\" \/>\n\t<meta property=\"og:image:type\" content=\"image\/webp\" \/>\n<meta name=\"twitter:card\" content=\"summary_large_image\" \/>\n<meta name=\"twitter:label1\" content=\"Est. reading time\" \/>\n\t<meta name=\"twitter:data1\" content=\"2 minutes\" \/>\n<script type=\"application\/ld+json\" class=\"yoast-schema-graph\">{\"@context\":\"https:\\\/\\\/schema.org\",\"@graph\":[{\"@type\":[\"WebPage\",\"MedicalWebPage\"],\"@id\":\"https:\\\/\\\/global-medica.com\\\/producto\\\/bk5000-robotic-assisted-surgery\\\/\",\"url\":\"https:\\\/\\\/global-medica.com\\\/producto\\\/bk5000-robotic-assisted-surgery\\\/\",\"name\":\"bk5000 \u2013 Cirug\u00eda Asistida por Rob\u00f3tica\",\"isPartOf\":{\"@id\":\"https:\\\/\\\/global-medica.com\\\/#website\"},\"primaryImageOfPage\":{\"@id\":\"https:\\\/\\\/global-medica.com\\\/producto\\\/bk5000-robotic-assisted-surgery\\\/#primaryimage\"},\"image\":{\"@id\":\"https:\\\/\\\/global-medica.com\\\/producto\\\/bk5000-robotic-assisted-surgery\\\/#primaryimage\"},\"thumbnailUrl\":\"https:\\\/\\\/global-medica.com\\\/wp-content\\\/uploads\\\/2024\\\/07\\\/PR-00061-min.webp\",\"datePublished\":\"2024-07-05T00:03:42+00:00\",\"dateModified\":\"2025-04-13T19:26:48+00:00\",\"description\":\"Robotic-Assisted Surgery, advanced technology can deliver exceptional images with very high contrast and spatial resolution\",\"breadcrumb\":{\"@id\":\"https:\\\/\\\/global-medica.com\\\/producto\\\/bk5000-robotic-assisted-surgery\\\/#breadcrumb\"},\"inLanguage\":\"en-US\",\"potentialAction\":[{\"@type\":\"ReadAction\",\"target\":[\"https:\\\/\\\/global-medica.com\\\/producto\\\/bk5000-robotic-assisted-surgery\\\/\"]}]},{\"@type\":\"ImageObject\",\"inLanguage\":\"en-US\",\"@id\":\"https:\\\/\\\/global-medica.com\\\/producto\\\/bk5000-robotic-assisted-surgery\\\/#primaryimage\",\"url\":\"https:\\\/\\\/global-medica.com\\\/wp-content\\\/uploads\\\/2024\\\/07\\\/PR-00061-min.webp\",\"contentUrl\":\"https:\\\/\\\/global-medica.com\\\/wp-content\\\/uploads\\\/2024\\\/07\\\/PR-00061-min.webp\",\"width\":487,\"height\":763},{\"@type\":\"BreadcrumbList\",\"@id\":\"https:\\\/\\\/global-medica.com\\\/producto\\\/bk5000-robotic-assisted-surgery\\\/#breadcrumb\",\"itemListElement\":[{\"@type\":\"ListItem\",\"position\":1,\"name\":\"Home\",\"item\":\"https:\\\/\\\/global-medica.com\\\/\"},{\"@type\":\"ListItem\",\"position\":2,\"name\":\"Productos\",\"item\":\"https:\\\/\\\/global-medica.com\\\/shop\\\/\"},{\"@type\":\"ListItem\",\"position\":3,\"name\":\"bk5000 &#8211; Cirug\u00eda Asistida por Rob\u00f3tica\"}]},{\"@type\":\"WebSite\",\"@id\":\"https:\\\/\\\/global-medica.com\\\/#website\",\"url\":\"https:\\\/\\\/global-medica.com\\\/\",\"name\":\"Global Medica\",\"description\":\"Global Medica\",\"publisher\":{\"@id\":\"https:\\\/\\\/global-medica.com\\\/#organization\"},\"inLanguage\":\"en-US\"},{\"@type\":\"Organization\",\"@id\":\"https:\\\/\\\/global-medica.com\\\/#organization\",\"name\":\"Global Medica\",\"url\":\"https:\\\/\\\/global-medica.com\\\/\",\"logo\":{\"@type\":\"ImageObject\",\"inLanguage\":\"en-US\",\"@id\":\"https:\\\/\\\/global-medica.com\\\/#\\\/schema\\\/logo\\\/image\\\/\",\"url\":\"https:\\\/\\\/global-medica.com\\\/wp-content\\\/uploads\\\/2024\\\/04\\\/global-logo.png\",\"contentUrl\":\"https:\\\/\\\/global-medica.com\\\/wp-content\\\/uploads\\\/2024\\\/04\\\/global-logo.png\",\"width\":312,\"height\":84,\"caption\":\"Global Medica\"},\"image\":{\"@id\":\"https:\\\/\\\/global-medica.com\\\/#\\\/schema\\\/logo\\\/image\\\/\"},\"sameAs\":[\"https:\\\/\\\/www.facebook.com\\\/gmglobalmedica\",\"https:\\\/\\\/www.instagram.com\\\/globalmedica\\\/\",\"https:\\\/\\\/www.linkedin.com\\\/company\\\/67924728\",\"https:\\\/\\\/www.youtube.com\\\/channel\\\/UCWT2KUVVms56vwB0N9r8qKQ\\\/\"]}]}<\/script>\n<!-- \/ Yoast SEO plugin. -->","yoast_head_json":{"title":"bk5000 \u2013 Cirug\u00eda Asistida por Rob\u00f3tica - Global Medica - Global M\u00e9dica DR","description":"Robotic-Assisted Surgery, advanced technology can deliver exceptional images with very high contrast and spatial resolution","robots":{"index":"index","follow":"follow","max-snippet":"max-snippet:-1","max-image-preview":"max-image-preview:large","max-video-preview":"max-video-preview:-1"},"canonical":"https:\/\/global-medica.com\/en\/product\/bk5000-robotic-assisted-surgery\/","og_locale":"en_US","og_type":"article","og_title":"bk5000 - Robotic-Assisted Surgery - Global Medica - Global M\u00e9dica DR","og_description":"Advanced technology can deliver exceptional images with very high contrast and spatial resolution, giving you the information you need to make critical decisions during surgery","og_url":"https:\/\/global-medica.com\/en\/product\/bk5000-robotic-assisted-surgery\/","og_site_name":"Global Medica","article_publisher":"https:\/\/www.facebook.com\/gmglobalmedica","article_modified_time":"2025-04-13T19:26:48+00:00","og_image":[{"width":487,"height":763,"url":"https:\/\/global-medica.com\/wp-content\/uploads\/2024\/07\/PR-00061-min.webp","type":"image\/webp"}],"twitter_card":"summary_large_image","twitter_misc":{"Est. reading time":"2 minutes"},"schema":{"@context":"https:\/\/schema.org","@graph":[{"@type":["WebPage","MedicalWebPage"],"@id":"https:\/\/global-medica.com\/producto\/bk5000-robotic-assisted-surgery\/","url":"https:\/\/global-medica.com\/producto\/bk5000-robotic-assisted-surgery\/","name":"bk5000 \u2013 Cirug\u00eda Asistida por Rob\u00f3tica","isPartOf":{"@id":"https:\/\/global-medica.com\/#website"},"primaryImageOfPage":{"@id":"https:\/\/global-medica.com\/producto\/bk5000-robotic-assisted-surgery\/#primaryimage"},"image":{"@id":"https:\/\/global-medica.com\/producto\/bk5000-robotic-assisted-surgery\/#primaryimage"},"thumbnailUrl":"https:\/\/global-medica.com\/wp-content\/uploads\/2024\/07\/PR-00061-min.webp","datePublished":"2024-07-05T00:03:42+00:00","dateModified":"2025-04-13T19:26:48+00:00","description":"Robotic-Assisted Surgery, advanced technology can deliver exceptional images with very high contrast and spatial resolution","breadcrumb":{"@id":"https:\/\/global-medica.com\/producto\/bk5000-robotic-assisted-surgery\/#breadcrumb"},"inLanguage":"en-US","potentialAction":[{"@type":"ReadAction","target":["https:\/\/global-medica.com\/producto\/bk5000-robotic-assisted-surgery\/"]}]},{"@type":"ImageObject","inLanguage":"en-US","@id":"https:\/\/global-medica.com\/producto\/bk5000-robotic-assisted-surgery\/#primaryimage","url":"https:\/\/global-medica.com\/wp-content\/uploads\/2024\/07\/PR-00061-min.webp","contentUrl":"https:\/\/global-medica.com\/wp-content\/uploads\/2024\/07\/PR-00061-min.webp","width":487,"height":763},{"@type":"BreadcrumbList","@id":"https:\/\/global-medica.com\/producto\/bk5000-robotic-assisted-surgery\/#breadcrumb","itemListElement":[{"@type":"ListItem","position":1,"name":"Home","item":"https:\/\/global-medica.com\/"},{"@type":"ListItem","position":2,"name":"Productos","item":"https:\/\/global-medica.com\/shop\/"},{"@type":"ListItem","position":3,"name":"bk5000 &#8211; Cirug\u00eda Asistida por Rob\u00f3tica"}]},{"@type":"WebSite","@id":"https:\/\/global-medica.com\/#website","url":"https:\/\/global-medica.com\/","name":"Global Medica","description":"Global Medica","publisher":{"@id":"https:\/\/global-medica.com\/#organization"},"inLanguage":"en-US"},{"@type":"Organization","@id":"https:\/\/global-medica.com\/#organization","name":"Global Medica","url":"https:\/\/global-medica.com\/","logo":{"@type":"ImageObject","inLanguage":"en-US","@id":"https:\/\/global-medica.com\/#\/schema\/logo\/image\/","url":"https:\/\/global-medica.com\/wp-content\/uploads\/2024\/04\/global-logo.png","contentUrl":"https:\/\/global-medica.com\/wp-content\/uploads\/2024\/04\/global-logo.png","width":312,"height":84,"caption":"Global Medica"},"image":{"@id":"https:\/\/global-medica.com\/#\/schema\/logo\/image\/"},"sameAs":["https:\/\/www.facebook.com\/gmglobalmedica","https:\/\/www.instagram.com\/globalmedica\/","https:\/\/www.linkedin.com\/company\/67924728","https:\/\/www.youtube.com\/channel\/UCWT2KUVVms56vwB0N9r8qKQ\/"]}]}},"_links":{"self":[{"href":"https:\/\/global-medica.com\/en\/wp-json\/wp\/v2\/product\/2130","targetHints":{"allow":["GET"]}}],"collection":[{"href":"https:\/\/global-medica.com\/en\/wp-json\/wp\/v2\/product"}],"about":[{"href":"https:\/\/global-medica.com\/en\/wp-json\/wp\/v2\/types\/product"}],"replies":[{"embeddable":true,"href":"https:\/\/global-medica.com\/en\/wp-json\/wp\/v2\/comments?post=2130"}],"wp:featuredmedia":[{"embeddable":true,"href":"https:\/\/global-medica.com\/en\/wp-json\/wp\/v2\/media\/2215"}],"wp:attachment":[{"href":"https:\/\/global-medica.com\/en\/wp-json\/wp\/v2\/media?parent=2130"}],"wp:term":[{"taxonomy":"product_brand","embeddable":true,"href":"https:\/\/global-medica.com\/en\/wp-json\/wp\/v2\/product_brand?post=2130"},{"taxonomy":"product_cat","embeddable":true,"href":"https:\/\/global-medica.com\/en\/wp-json\/wp\/v2\/product_cat?post=2130"},{"taxonomy":"product_tag","embeddable":true,"href":"https:\/\/global-medica.com\/en\/wp-json\/wp\/v2\/product_tag?post=2130"}],"curies":[{"name":"wp","href":"https:\/\/api.w.org\/{rel}","templated":true}]}}