{"id":2128,"date":"2024-07-05T00:03:37","date_gmt":"2024-07-05T00:03:37","guid":{"rendered":"https:\/\/global-medica.com\/product\/bk5000-general-surgery\/"},"modified":"2025-05-06T21:15:13","modified_gmt":"2025-05-06T21:15:13","slug":"bk5000-general-surgery","status":"publish","type":"product","link":"https:\/\/global-medica.com\/en\/product\/bk5000-general-surgery\/","title":{"rendered":"bk5000 \u2013 General Surgery"},"content":{"rendered":"<div class=\"content-inner content-inner--no-padding\">\n<section id=\"main-content\">\n<div id=\"content_top\" class=\"region\">\n<div class=\"region region-content-top\">\n<div class=\"region-inner clearfix\">\n<div id=\"block-views-8e45e9558947a36a223cafde8ee9b6c3\" class=\"block block-views no-title\">\n<div class=\"block-inner clearfix\">\n<div class=\"block-content content\">\n<div class=\"view view-bk-overview view-id-bk_overview view-display-id-products_overview_block view-dom-id-f50094ef9fc2534ac35bccab39db5e94\">\n<div class=\"view-content\">\n<div class=\"product-container\">\n<div class=\"product-content\">\n<h2>bk5000 Designed to surgery<\/h2>\n<p>The bk5000 surgical system provides the highest quality images that allow you to clearly see the margins of a lesion and to determine the best course of action. Using advanced graphics processing technology, this powerful system provides immediate, auto-optimized images that allow you to see the information you need, faster.<\/p>\n<p>Ultrasound can advance intraoperative surgical procedures by helping you navigate and identify lesions and anatomical structures in real-time. This is particularly important as the data obtained from a preoperative CT or MRI scan can be outdated at the time of surgery.<\/p>\n<p>Sterilizable remote control for convenient control of the system in the sterile field.<\/p>\n<\/div>\n<p>By choosing the bk5000, healthcare institutions in the Dominican Republic and the Caribbean not only invest in cutting-edge technology, but also improve their competitiveness in the medical sector. This robotic system represents an opportunity to raise surgical standards and offer superior quality treatments, positioning health professionals as leaders in medical innovation in the region.<\/p>\n<\/div>\n<\/div>\n<\/div>\n<\/div>\n<\/div>\n<\/div>\n<\/div>\n<\/div>\n<\/div>\n<div id=\"content\" class=\"region\">\n<div id=\"block-system-main\" class=\"block block-system no-title\">\n<div class=\"field field-name-field-clinical-images field-type-image field-label-hidden view-mode-full field-wrapper swipe\">\n<div class=\"field-items\">\n<div class=\"field-slideshow-wrapper\">\n<div class=\"field-slideshow effect-fade timeout-0 with-pager with-controls field-slideshow-processed\" data-total-slides=\"9\">\n<div class=\"field-slideshow-slide\" data-slide-id=\"8\"><\/div>\n<\/div>\n<div class=\"item-list\">\n<div class=\"views-field views-field-title\"><span class=\"field-content\"><a href=\"https:\/\/www.bkmedical.com\/transducers\/i14c5i-intraoperative\/\">I14C5I (9015) Intraoperative Transducer<\/a><\/span><\/div>\n<div class=\"views-field views-field-field-more-images\">\n<div class=\"field-content\"><\/div>\n<\/div>\n<div class=\"views-field views-field-field-trans-app\">\n<div class=\"field-content\">\n<div class=\"transducer__applications\">Applications: Intraoperative, Pediatric<\/div>\n<\/div>\n<\/div>\n<div><\/div>\n<\/div>\n<\/div>\n<\/div>\n<\/div>\n<\/div>\n<div id=\"block-views-bk-transducer-block\" class=\"block block-views transducer-list-block no-title\" data-total-transducers=\"6\">\n<div class=\"view view-bk-transducer view-id-bk_transducer view-display-id-block view-dom-id-b909b13d4a819a9c0ffbba0e43999843\">\n<div class=\"view-content\">\n<div class=\"views-form\">\n<div class=\"item-list\">\n<div class=\"row-wrapper\">\n<div class=\"views-field views-field-field-transducer-image\">\n<div class=\"field-content\">\n<div class=\"trans_abs\"><\/div>\n<\/div>\n<\/div>\n<div class=\"views-field views-field-title\"><span class=\"field-content\"><a href=\"https:\/\/www.bkmedical.com\/transducers\/i14c5t-t-shaped-intraoperative\/\">I14C5T (9016) T-Shaped Intraoperative Transducer<\/a><\/span><\/div>\n<div class=\"views-field views-field-field-more-images\">\n<div class=\"field-content\"><\/div>\n<\/div>\n<div class=\"views-field views-field-field-trans-app\">\n<div class=\"field-content\">\n<div class=\"transducer__applications\">Applications: Abdominal, Intraoperative<\/div>\n<\/div>\n<\/div>\n<div><\/div>\n<div class=\"views-field views-field-field-transducer-image\">\n<div class=\"field-content\">\n<div class=\"trans_abs\"><\/div>\n<\/div>\n<\/div>\n<div class=\"views-field views-field-title\"><span class=\"field-content\"><a href=\"https:\/\/www.bkmedical.com\/transducers\/i12c5-mini-t-transducer\/\">I12C5 (9034) Mini-T Intraoperative Transducer<\/a><\/span><\/div>\n<div class=\"views-field views-field-field-more-images\">\n<div class=\"field-content\"><\/div>\n<\/div>\n<div class=\"views-field views-field-field-trans-app\">\n<div class=\"field-content\">\n<div class=\"transducer__applications\">Applications: Intraoperative, Musculoskeletal, Small Parts<\/div>\n<\/div>\n<\/div>\n<div><\/div>\n<div class=\"views-field views-field-field-transducer-image\">\n<div class=\"field-content\">\n<div class=\"trans_abs\"><\/div>\n<\/div>\n<\/div>\n<div class=\"views-field views-field-title\"><span class=\"field-content\"><a href=\"https:\/\/www.bkmedical.com\/transducers\/i12c4f-4-way-laparoscopic\/\">I12C4f (9066) 4-Way Laparoscopic Transducer<\/a><\/span><\/div>\n<div class=\"views-field views-field-field-more-images\">\n<div class=\"field-content\"><\/div>\n<\/div>\n<div class=\"views-field views-field-field-trans-app\">\n<div class=\"field-content\">\n<div class=\"transducer__applications\">Applications: Intraoperative<\/div>\n<\/div>\n<\/div>\n<div><\/div>\n<div class=\"views-field views-field-field-transducer-image\">\n<div class=\"field-content\">\n<div class=\"trans_abs\"><\/div>\n<\/div>\n<\/div>\n<div class=\"views-field views-field-title\"><span class=\"field-content\"><a href=\"https:\/\/www.bkmedical.com\/transducers\/i12c5b-biplane\/\">I12C5b (9024) Intraoperative Biplane Transducer<\/a><\/span><\/div>\n<div class=\"views-field views-field-field-more-images\">\n<div class=\"field-content\"><\/div>\n<\/div>\n<div class=\"views-field views-field-field-trans-app\">\n<div class=\"field-content\">\n<div class=\"transducer__applications\">Applications: Intraoperative, Musculoskeletal, Peripheral Vascular<\/div>\n<\/div>\n<\/div>\n<div><\/div>\n<div class=\"views-field views-field-field-transducer-image\">\n<div class=\"field-content\">\n<div class=\"trans_abs\"><\/div>\n<\/div>\n<\/div>\n<div class=\"views-field views-field-title\"><span class=\"field-content\"><a href=\"https:\/\/www.bkmedical.com\/transducers\/x18l5s-hockey-stick-poc\/\">X18L5s (9009) Hockey Stick Transducer<\/a><\/span><\/div>\n<div class=\"views-field views-field-field-more-images\">\n<div class=\"field-content\"><\/div>\n<\/div>\n<div class=\"views-field views-field-field-trans-app\">\n<div class=\"field-content\">\n<div class=\"transducer__applications\">Applications: Intraoperative (neuro), Intraoperative Imaging, Musculoskeletal, Neurosurgery, Peripheral Vascular, Small Parts<\/div>\n<\/div>\n<\/div>\n<\/div>\n<\/div>\n<\/div>\n<\/div>\n<\/div>\n<\/div>\n<\/div>\n<\/section>\n<\/div>\n<div class=\"flex-banner__header\"><\/div>\n<p>&nbsp;<\/p>\n<p>&nbsp;<\/p>\n<p><a class=\"elboton\" href=\"https:\/\/www.bkmedical.com\/systems\/bk5000-intraoperative-surgery-ultrasound-machine\/\" target=\"_blank\" rel=\"noopener\">Link to the brand<\/a><\/p>","protected":false},"excerpt":{"rendered":"<p>bk5000 Dise\u00f1ado para cirug\u00eda El sistema quir\u00fargico bk5000 ofrece im\u00e1genes de la m\u00e1s alta calidad, permiti\u00e9ndote visualizar con claridad los m\u00e1rgenes de una lesi\u00f3n y determinar el mejor curso de acci\u00f3n. Gracias a su avanzada tecnolog\u00eda de procesamiento gr\u00e1fico, este sistema potente proporciona im\u00e1genes optimizadas autom\u00e1ticamente y de forma inmediata, brind\u00e1ndote la informaci\u00f3n que necesitas, [&hellip;]<\/p>\n","protected":false},"featured_media":2213,"comment_status":"open","ping_status":"closed","template":"","meta":[],"product_brand":[],"product_cat":[47],"product_tag":[],"class_list":{"0":"post-2128","1":"product","2":"type-product","3":"status-publish","4":"has-post-thumbnail","6":"product_cat-bk-medical","8":"first","9":"instock","10":"shipping-taxable","11":"purchasable","12":"product-type-simple"},"yoast_head":"<!-- This site is optimized with the Yoast SEO plugin v27.3 - https:\/\/yoast.com\/product\/yoast-seo-wordpress\/ -->\n<title>bk5000 Designed for Surgery - Global Medica - Global M\u00e9dica DR<\/title>\n<meta name=\"description\" content=\"bk5000 is the surgical system that offers images of the highest quality, allowing you to clearly visualize the margins of a lesion.\" \/>\n<meta name=\"robots\" content=\"index, follow, max-snippet:-1, max-image-preview:large, max-video-preview:-1\" \/>\n<link rel=\"canonical\" href=\"https:\/\/global-medica.com\/en\/product\/bk5000-general-surgery\/\" \/>\n<meta property=\"og:locale\" content=\"en_US\" \/>\n<meta property=\"og:type\" content=\"article\" \/>\n<meta property=\"og:title\" content=\"bk5000 Designed for Surgery - Global Medica - Global M\u00e9dica DR\" \/>\n<meta property=\"og:description\" content=\"bk5000 is the surgical system that offers images of the highest quality, allowing you to clearly visualize the margins of a lesion.\" \/>\n<meta property=\"og:url\" content=\"https:\/\/global-medica.com\/en\/product\/bk5000-general-surgery\/\" \/>\n<meta property=\"og:site_name\" content=\"Global Medica\" \/>\n<meta property=\"article:publisher\" content=\"https:\/\/www.facebook.com\/gmglobalmedica\" \/>\n<meta property=\"article:modified_time\" content=\"2025-05-06T21:15:13+00:00\" \/>\n<meta property=\"og:image\" content=\"https:\/\/global-medica.com\/wp-content\/uploads\/2024\/07\/PR-00059-min.webp\" \/>\n\t<meta property=\"og:image:width\" content=\"500\" \/>\n\t<meta property=\"og:image:height\" content=\"784\" \/>\n\t<meta property=\"og:image:type\" content=\"image\/webp\" \/>\n<meta name=\"twitter:card\" content=\"summary_large_image\" \/>\n<meta name=\"twitter:label1\" content=\"Est. reading time\" \/>\n\t<meta name=\"twitter:data1\" content=\"2 minutes\" \/>\n<script type=\"application\/ld+json\" class=\"yoast-schema-graph\">{\"@context\":\"https:\\\/\\\/schema.org\",\"@graph\":[{\"@type\":\"WebPage\",\"@id\":\"https:\\\/\\\/global-medica.com\\\/producto\\\/bk5000-general-surgery\\\/\",\"url\":\"https:\\\/\\\/global-medica.com\\\/producto\\\/bk5000-general-surgery\\\/\",\"name\":\"bk5000 Dise\u00f1ado para Cirug\u00eda\",\"isPartOf\":{\"@id\":\"https:\\\/\\\/global-medica.com\\\/#website\"},\"primaryImageOfPage\":{\"@id\":\"https:\\\/\\\/global-medica.com\\\/producto\\\/bk5000-general-surgery\\\/#primaryimage\"},\"image\":{\"@id\":\"https:\\\/\\\/global-medica.com\\\/producto\\\/bk5000-general-surgery\\\/#primaryimage\"},\"thumbnailUrl\":\"https:\\\/\\\/global-medica.com\\\/wp-content\\\/uploads\\\/2024\\\/07\\\/PR-00059-min.webp\",\"datePublished\":\"2024-07-05T00:03:37+00:00\",\"dateModified\":\"2025-05-06T21:15:13+00:00\",\"description\":\"bk5000 es el sistema quir\u00fargico que ofrece im\u00e1genes de la m\u00e1s alta calidad, permiti\u00e9ndote visualizar con claridad los m\u00e1rgenes de una lesi\u00f3n.\",\"breadcrumb\":{\"@id\":\"https:\\\/\\\/global-medica.com\\\/producto\\\/bk5000-general-surgery\\\/#breadcrumb\"},\"inLanguage\":\"en-US\",\"potentialAction\":[{\"@type\":\"ReadAction\",\"target\":[\"https:\\\/\\\/global-medica.com\\\/producto\\\/bk5000-general-surgery\\\/\"]}]},{\"@type\":\"ImageObject\",\"inLanguage\":\"en-US\",\"@id\":\"https:\\\/\\\/global-medica.com\\\/producto\\\/bk5000-general-surgery\\\/#primaryimage\",\"url\":\"https:\\\/\\\/global-medica.com\\\/wp-content\\\/uploads\\\/2024\\\/07\\\/PR-00059-min.webp\",\"contentUrl\":\"https:\\\/\\\/global-medica.com\\\/wp-content\\\/uploads\\\/2024\\\/07\\\/PR-00059-min.webp\",\"width\":500,\"height\":784,\"caption\":\"bk5000 Dise\u00f1ado para Cirug\u00eda\"},{\"@type\":\"BreadcrumbList\",\"@id\":\"https:\\\/\\\/global-medica.com\\\/producto\\\/bk5000-general-surgery\\\/#breadcrumb\",\"itemListElement\":[{\"@type\":\"ListItem\",\"position\":1,\"name\":\"Home\",\"item\":\"https:\\\/\\\/global-medica.com\\\/\"},{\"@type\":\"ListItem\",\"position\":2,\"name\":\"Productos\",\"item\":\"https:\\\/\\\/global-medica.com\\\/shop\\\/\"},{\"@type\":\"ListItem\",\"position\":3,\"name\":\"bk5000 &#8211; Cirug\u00eda General\"}]},{\"@type\":\"WebSite\",\"@id\":\"https:\\\/\\\/global-medica.com\\\/#website\",\"url\":\"https:\\\/\\\/global-medica.com\\\/\",\"name\":\"Global Medica\",\"description\":\"Global Medica\",\"publisher\":{\"@id\":\"https:\\\/\\\/global-medica.com\\\/#organization\"},\"inLanguage\":\"en-US\"},{\"@type\":\"Organization\",\"@id\":\"https:\\\/\\\/global-medica.com\\\/#organization\",\"name\":\"Global Medica\",\"url\":\"https:\\\/\\\/global-medica.com\\\/\",\"logo\":{\"@type\":\"ImageObject\",\"inLanguage\":\"en-US\",\"@id\":\"https:\\\/\\\/global-medica.com\\\/#\\\/schema\\\/logo\\\/image\\\/\",\"url\":\"https:\\\/\\\/global-medica.com\\\/wp-content\\\/uploads\\\/2024\\\/04\\\/global-logo.png\",\"contentUrl\":\"https:\\\/\\\/global-medica.com\\\/wp-content\\\/uploads\\\/2024\\\/04\\\/global-logo.png\",\"width\":312,\"height\":84,\"caption\":\"Global Medica\"},\"image\":{\"@id\":\"https:\\\/\\\/global-medica.com\\\/#\\\/schema\\\/logo\\\/image\\\/\"},\"sameAs\":[\"https:\\\/\\\/www.facebook.com\\\/gmglobalmedica\",\"https:\\\/\\\/www.instagram.com\\\/globalmedica\\\/\",\"https:\\\/\\\/www.linkedin.com\\\/company\\\/67924728\",\"https:\\\/\\\/www.youtube.com\\\/channel\\\/UCWT2KUVVms56vwB0N9r8qKQ\\\/\"]}]}<\/script>\n<!-- \/ Yoast SEO plugin. -->","yoast_head_json":{"title":"bk5000 Designed for Surgery - Global Medica - Global M\u00e9dica DR","description":"bk5000 is the surgical system that offers images of the highest quality, allowing you to clearly visualize the margins of a lesion.","robots":{"index":"index","follow":"follow","max-snippet":"max-snippet:-1","max-image-preview":"max-image-preview:large","max-video-preview":"max-video-preview:-1"},"canonical":"https:\/\/global-medica.com\/en\/product\/bk5000-general-surgery\/","og_locale":"en_US","og_type":"article","og_title":"bk5000 Designed for Surgery - Global Medica - Global M\u00e9dica DR","og_description":"bk5000 is the surgical system that offers images of the highest quality, allowing you to clearly visualize the margins of a lesion.","og_url":"https:\/\/global-medica.com\/en\/product\/bk5000-general-surgery\/","og_site_name":"Global Medica","article_publisher":"https:\/\/www.facebook.com\/gmglobalmedica","article_modified_time":"2025-05-06T21:15:13+00:00","og_image":[{"width":500,"height":784,"url":"https:\/\/global-medica.com\/wp-content\/uploads\/2024\/07\/PR-00059-min.webp","type":"image\/webp"}],"twitter_card":"summary_large_image","twitter_misc":{"Est. reading time":"2 minutes"},"schema":{"@context":"https:\/\/schema.org","@graph":[{"@type":"WebPage","@id":"https:\/\/global-medica.com\/producto\/bk5000-general-surgery\/","url":"https:\/\/global-medica.com\/producto\/bk5000-general-surgery\/","name":"bk5000 Designed for Surgery","isPartOf":{"@id":"https:\/\/global-medica.com\/#website"},"primaryImageOfPage":{"@id":"https:\/\/global-medica.com\/producto\/bk5000-general-surgery\/#primaryimage"},"image":{"@id":"https:\/\/global-medica.com\/producto\/bk5000-general-surgery\/#primaryimage"},"thumbnailUrl":"https:\/\/global-medica.com\/wp-content\/uploads\/2024\/07\/PR-00059-min.webp","datePublished":"2024-07-05T00:03:37+00:00","dateModified":"2025-05-06T21:15:13+00:00","description":"bk5000 is the surgical system that offers images of the highest quality, allowing you to clearly visualize the margins of a lesion.","breadcrumb":{"@id":"https:\/\/global-medica.com\/producto\/bk5000-general-surgery\/#breadcrumb"},"inLanguage":"en-US","potentialAction":[{"@type":"ReadAction","target":["https:\/\/global-medica.com\/producto\/bk5000-general-surgery\/"]}]},{"@type":"ImageObject","inLanguage":"en-US","@id":"https:\/\/global-medica.com\/producto\/bk5000-general-surgery\/#primaryimage","url":"https:\/\/global-medica.com\/wp-content\/uploads\/2024\/07\/PR-00059-min.webp","contentUrl":"https:\/\/global-medica.com\/wp-content\/uploads\/2024\/07\/PR-00059-min.webp","width":500,"height":784,"caption":"bk5000 Dise\u00f1ado para Cirug\u00eda"},{"@type":"BreadcrumbList","@id":"https:\/\/global-medica.com\/producto\/bk5000-general-surgery\/#breadcrumb","itemListElement":[{"@type":"ListItem","position":1,"name":"Home","item":"https:\/\/global-medica.com\/"},{"@type":"ListItem","position":2,"name":"Productos","item":"https:\/\/global-medica.com\/shop\/"},{"@type":"ListItem","position":3,"name":"bk5000 &#8211; Cirug\u00eda General"}]},{"@type":"WebSite","@id":"https:\/\/global-medica.com\/#website","url":"https:\/\/global-medica.com\/","name":"Global Medica","description":"Global Medica","publisher":{"@id":"https:\/\/global-medica.com\/#organization"},"inLanguage":"en-US"},{"@type":"Organization","@id":"https:\/\/global-medica.com\/#organization","name":"Global Medica","url":"https:\/\/global-medica.com\/","logo":{"@type":"ImageObject","inLanguage":"en-US","@id":"https:\/\/global-medica.com\/#\/schema\/logo\/image\/","url":"https:\/\/global-medica.com\/wp-content\/uploads\/2024\/04\/global-logo.png","contentUrl":"https:\/\/global-medica.com\/wp-content\/uploads\/2024\/04\/global-logo.png","width":312,"height":84,"caption":"Global Medica"},"image":{"@id":"https:\/\/global-medica.com\/#\/schema\/logo\/image\/"},"sameAs":["https:\/\/www.facebook.com\/gmglobalmedica","https:\/\/www.instagram.com\/globalmedica\/","https:\/\/www.linkedin.com\/company\/67924728","https:\/\/www.youtube.com\/channel\/UCWT2KUVVms56vwB0N9r8qKQ\/"]}]}},"_links":{"self":[{"href":"https:\/\/global-medica.com\/en\/wp-json\/wp\/v2\/product\/2128","targetHints":{"allow":["GET"]}}],"collection":[{"href":"https:\/\/global-medica.com\/en\/wp-json\/wp\/v2\/product"}],"about":[{"href":"https:\/\/global-medica.com\/en\/wp-json\/wp\/v2\/types\/product"}],"replies":[{"embeddable":true,"href":"https:\/\/global-medica.com\/en\/wp-json\/wp\/v2\/comments?post=2128"}],"wp:featuredmedia":[{"embeddable":true,"href":"https:\/\/global-medica.com\/en\/wp-json\/wp\/v2\/media\/2213"}],"wp:attachment":[{"href":"https:\/\/global-medica.com\/en\/wp-json\/wp\/v2\/media?parent=2128"}],"wp:term":[{"taxonomy":"product_brand","embeddable":true,"href":"https:\/\/global-medica.com\/en\/wp-json\/wp\/v2\/product_brand?post=2128"},{"taxonomy":"product_cat","embeddable":true,"href":"https:\/\/global-medica.com\/en\/wp-json\/wp\/v2\/product_cat?post=2128"},{"taxonomy":"product_tag","embeddable":true,"href":"https:\/\/global-medica.com\/en\/wp-json\/wp\/v2\/product_tag?post=2128"}],"curies":[{"name":"wp","href":"https:\/\/api.w.org\/{rel}","templated":true}]}}