{"id":2127,"date":"2024-07-05T00:03:37","date_gmt":"2024-07-05T00:03:37","guid":{"rendered":"https:\/\/global-medica.com\/product\/bkactiv-pelvic-floor\/"},"modified":"2025-04-13T18:47:10","modified_gmt":"2025-04-13T18:47:10","slug":"bkactiv-pelvic-floor","status":"publish","type":"product","link":"https:\/\/global-medica.com\/en\/product\/bkactiv-pelvic-floor\/","title":{"rendered":"bkActiv \u2013 Pelvic  Floor"},"content":{"rendered":"<h3>High-Definition Image Resolution\u200b<\/h3>\n<p>Enhanced image resolution on bkActiv helps you\u00a0achieve dynamic, real-time\u00a0examination during squeeze and Valsalva\u00a0maneuvers and helps you visualize tapes and meshes.<\/p>\n<h3>Advanced 3D Architecture<\/h3>\n<p>bkActiv features advanced 3D architecture for pelvic floor imaging which supports easy review of 3D datasets.<\/p>\n<h3>Tailored to the Exam Workspace<\/h3>\n<p>bkActiv's simple, customizable user interface, featuring Tru-Sense\u2122 touch, helps you evaluate your patient more efficiently and perform procedures with ease.<\/p>\n<p>Mounted on an extendable, flexible arm, the bkActiv monitor screen faces you\u00a0and can be adjusted to view images in portrait or landscape orientation.<\/p>\n<h3>Taking Diagnostic Planning to the Next Level\u200b<\/h3>\n<p>bkActiv's imaging platform helps you perform confident procedures by providing the high-resolution details needed to plan treatment and confirm results.<\/p>\n<h3>BK's Advanced Transducer Portfolio<span class=\"EOP SCXP75722910 BCX0\">\u200b<\/span><\/h3>\n<p>With bkActiv, you will have access to BK Medical\u2019s sterilizable, high-performance transducers for pelvic floor examinations.<\/p>\n<p>&nbsp;<\/p>\n<div class=\"content-inner content-inner--no-padding\">\n<section id=\"main-content\">\n<div id=\"content\" class=\"region\">\n<div id=\"block-views-bk-transducer-block\" class=\"block block-views transducer-list-block no-title\" data-total-transducers=\"3\">\n<div class=\"view view-bk-transducer view-id-bk_transducer view-display-id-block view-dom-id-b909b13d4a819a9c0ffbba0e43999843\">\n<div class=\"view-content\">\n<div class=\"views-form\">\n<div class=\"item-list\">\n<div class=\"row-wrapper\">\n<div class=\"views-field views-field-title\"><span class=\"field-content\"><a href=\"https:\/\/www.bkmedical.com\/transducers\/endocavity-3d-x14l4\/\">3D X14L4 (9038) Endocavity Transducer<\/a><\/span><\/div>\n<div class=\"views-field views-field-field-more-images\">\n<div class=\"field-content\"><\/div>\n<\/div>\n<div class=\"views-field views-field-field-trans-app\">\n<div class=\"field-content\">\n<div class=\"transducer__applications\">Applications: Transrectal, Transvaginal<\/div>\n<\/div>\n<\/div>\n<div><\/div>\n<div class=\"views-field views-field-field-transducer-image\">\n<div class=\"field-content\">\n<div class=\"trans_abs\"><\/div>\n<\/div>\n<\/div>\n<div class=\"views-field views-field-title\"><span class=\"field-content\"><a href=\"https:\/\/www.bkmedical.com\/transducers\/anorectal-3d-20r3\/\">3D 20R3 (9052) Anorectal Transducer<\/a><\/span><\/div>\n<div class=\"views-field views-field-field-more-images\">\n<div class=\"field-content\"><\/div>\n<\/div>\n<div class=\"views-field views-field-field-trans-app\">\n<div class=\"field-content\">\n<div class=\"transducer__applications\">Applications: Transrectal, Transvaginal, Urology<\/div>\n<\/div>\n<\/div>\n<div><\/div>\n<div class=\"views-field views-field-field-transducer-image\">\n<div class=\"field-content\">\n<div class=\"trans_abs\"><\/div>\n<\/div>\n<\/div>\n<div class=\"views-field views-field-title\"><span class=\"field-content\"><a href=\"https:\/\/www.bkmedical.com\/transducers\/9c2-curved\/\">9C2 (9002) High Frequency Curved Array Transducer<\/a><\/span><\/div>\n<div class=\"views-field views-field-field-more-images\">\n<div class=\"field-content\"><\/div>\n<\/div>\n<div class=\"views-field views-field-field-trans-app\">\n<div class=\"field-content\">\n<div class=\"transducer__applications\">Applications: Abdominal, Fetal, Musculoskeletal, Pediatric, Peripheral Vascular, Urology<\/div>\n<\/div>\n<\/div>\n<div><\/div>\n<\/div>\n<\/div>\n<\/div>\n<\/div>\n<\/div>\n<\/div>\n<\/div>\n<\/section>\n<\/div>\n<div class=\"content-inner\">\n<div class=\"field-collection-view clearfix view-mode-full\">\n<div class=\"entity entity-field-collection-item field-collection-item-field-product-line clearfix\">\n<div class=\"content\">\n<div class=\"field field-name-field-content field-type-text-with-summary field-label-hidden view-mode-full field-wrapper\">\n<div class=\"field-items\">\n<div class=\"field-item\">\n<h1><\/h1>\n<\/div>\n<\/div>\n<\/div>\n<\/div>\n<\/div>\n<\/div>\n<\/div>\n<p>&nbsp;<\/p>\n<p><a class=\"elboton\" href=\"https:\/\/www.bkmedical.com\/systems\/bkactiv-pelvic-floor\/\" target=\"_blank\" rel=\"noopener\">Link to the brand<\/a><\/p>","protected":false},"excerpt":{"rendered":"<p>Alta Resoluci\u00f3n de Imagen en Alta Definici\u00f3n La resoluci\u00f3n de imagen mejorada en bkActiv le ayuda a lograr un examen din\u00e1mico en tiempo real durante maniobras de contracci\u00f3n y Valsalva y le ayuda a visualizar cintas y mallas. Arquitectura 3D Avanzada bkActiv cuenta con una arquitectura 3D avanzada para im\u00e1genes de suelo p\u00e9lvico que facilita [&hellip;]<\/p>\n","protected":false},"featured_media":2212,"comment_status":"open","ping_status":"closed","template":"","meta":[],"product_brand":[],"product_cat":[47],"product_tag":[],"class_list":{"0":"post-2127","1":"product","2":"type-product","3":"status-publish","4":"has-post-thumbnail","6":"product_cat-bk-medical","8":"first","9":"instock","10":"shipping-taxable","11":"purchasable","12":"product-type-simple"},"yoast_head":"<!-- This site is optimized with the Yoast SEO plugin v27.3 - https:\/\/yoast.com\/product\/yoast-seo-wordpress\/ -->\n<title>bkActiv \u2013 Suelo P\u00e9lvico - Global Medica - Global M\u00e9dica DR<\/title>\n<meta name=\"description\" content=\"bkActiv, enhanced image resolution on bkActiv helps you\u00a0achieve dynamic, real-time\u00a0examination during squeeze and Valsalva\u00a0maneuvers\" \/>\n<meta name=\"robots\" content=\"index, follow, max-snippet:-1, max-image-preview:large, max-video-preview:-1\" \/>\n<link rel=\"canonical\" href=\"https:\/\/global-medica.com\/en\/product\/bkactiv-pelvic-floor\/\" \/>\n<meta property=\"og:locale\" content=\"en_US\" \/>\n<meta property=\"og:type\" content=\"article\" \/>\n<meta property=\"og:title\" content=\"bkActiv - Pelvic Floor - Global Medica - Global M\u00e9dica DR\" \/>\n<meta property=\"og:description\" content=\"Enhanced image resolution on bkActiv helps you\u00a0achieve dynamic, real-time\u00a0examination during squeeze and Valsalva\u00a0maneuvers and helps you visualize tapes and meshes.\" \/>\n<meta property=\"og:url\" content=\"https:\/\/global-medica.com\/en\/product\/bkactiv-pelvic-floor\/\" \/>\n<meta property=\"og:site_name\" content=\"Global Medica\" \/>\n<meta property=\"article:publisher\" content=\"https:\/\/www.facebook.com\/gmglobalmedica\" \/>\n<meta property=\"article:modified_time\" content=\"2025-04-13T18:47:10+00:00\" \/>\n<meta property=\"og:image\" content=\"https:\/\/global-medica.com\/wp-content\/uploads\/2024\/07\/PR-00058-min.webp\" \/>\n\t<meta property=\"og:image:width\" content=\"461\" \/>\n\t<meta property=\"og:image:height\" content=\"927\" \/>\n\t<meta property=\"og:image:type\" content=\"image\/webp\" \/>\n<meta name=\"twitter:card\" content=\"summary_large_image\" \/>\n<meta name=\"twitter:label1\" content=\"Est. reading time\" \/>\n\t<meta name=\"twitter:data1\" content=\"2 minutes\" \/>\n<script type=\"application\/ld+json\" class=\"yoast-schema-graph\">{\"@context\":\"https:\\\/\\\/schema.org\",\"@graph\":[{\"@type\":[\"WebPage\",\"MedicalWebPage\"],\"@id\":\"https:\\\/\\\/global-medica.com\\\/producto\\\/bkactiv-pelvic-floor\\\/\",\"url\":\"https:\\\/\\\/global-medica.com\\\/producto\\\/bkactiv-pelvic-floor\\\/\",\"name\":\"bkActiv \u2013 Suelo P\u00e9lvico\",\"isPartOf\":{\"@id\":\"https:\\\/\\\/global-medica.com\\\/#website\"},\"primaryImageOfPage\":{\"@id\":\"https:\\\/\\\/global-medica.com\\\/producto\\\/bkactiv-pelvic-floor\\\/#primaryimage\"},\"image\":{\"@id\":\"https:\\\/\\\/global-medica.com\\\/producto\\\/bkactiv-pelvic-floor\\\/#primaryimage\"},\"thumbnailUrl\":\"https:\\\/\\\/global-medica.com\\\/wp-content\\\/uploads\\\/2024\\\/07\\\/PR-00058-min.webp\",\"datePublished\":\"2024-07-05T00:03:37+00:00\",\"dateModified\":\"2025-04-13T18:47:10+00:00\",\"description\":\"bkActiv, enhanced image resolution on bkActiv helps you\u00a0achieve dynamic, real-time\u00a0examination during squeeze and Valsalva\u00a0maneuvers\",\"breadcrumb\":{\"@id\":\"https:\\\/\\\/global-medica.com\\\/producto\\\/bkactiv-pelvic-floor\\\/#breadcrumb\"},\"inLanguage\":\"en-US\",\"potentialAction\":[{\"@type\":\"ReadAction\",\"target\":[\"https:\\\/\\\/global-medica.com\\\/producto\\\/bkactiv-pelvic-floor\\\/\"]}]},{\"@type\":\"ImageObject\",\"inLanguage\":\"en-US\",\"@id\":\"https:\\\/\\\/global-medica.com\\\/producto\\\/bkactiv-pelvic-floor\\\/#primaryimage\",\"url\":\"https:\\\/\\\/global-medica.com\\\/wp-content\\\/uploads\\\/2024\\\/07\\\/PR-00058-min.webp\",\"contentUrl\":\"https:\\\/\\\/global-medica.com\\\/wp-content\\\/uploads\\\/2024\\\/07\\\/PR-00058-min.webp\",\"width\":461,\"height\":927},{\"@type\":\"BreadcrumbList\",\"@id\":\"https:\\\/\\\/global-medica.com\\\/producto\\\/bkactiv-pelvic-floor\\\/#breadcrumb\",\"itemListElement\":[{\"@type\":\"ListItem\",\"position\":1,\"name\":\"Home\",\"item\":\"https:\\\/\\\/global-medica.com\\\/\"},{\"@type\":\"ListItem\",\"position\":2,\"name\":\"Productos\",\"item\":\"https:\\\/\\\/global-medica.com\\\/shop\\\/\"},{\"@type\":\"ListItem\",\"position\":3,\"name\":\"bkActiv &#8211; Suelo P\u00e9lvico\"}]},{\"@type\":\"WebSite\",\"@id\":\"https:\\\/\\\/global-medica.com\\\/#website\",\"url\":\"https:\\\/\\\/global-medica.com\\\/\",\"name\":\"Global Medica\",\"description\":\"Global Medica\",\"publisher\":{\"@id\":\"https:\\\/\\\/global-medica.com\\\/#organization\"},\"inLanguage\":\"en-US\"},{\"@type\":\"Organization\",\"@id\":\"https:\\\/\\\/global-medica.com\\\/#organization\",\"name\":\"Global Medica\",\"url\":\"https:\\\/\\\/global-medica.com\\\/\",\"logo\":{\"@type\":\"ImageObject\",\"inLanguage\":\"en-US\",\"@id\":\"https:\\\/\\\/global-medica.com\\\/#\\\/schema\\\/logo\\\/image\\\/\",\"url\":\"https:\\\/\\\/global-medica.com\\\/wp-content\\\/uploads\\\/2024\\\/04\\\/global-logo.png\",\"contentUrl\":\"https:\\\/\\\/global-medica.com\\\/wp-content\\\/uploads\\\/2024\\\/04\\\/global-logo.png\",\"width\":312,\"height\":84,\"caption\":\"Global Medica\"},\"image\":{\"@id\":\"https:\\\/\\\/global-medica.com\\\/#\\\/schema\\\/logo\\\/image\\\/\"},\"sameAs\":[\"https:\\\/\\\/www.facebook.com\\\/gmglobalmedica\",\"https:\\\/\\\/www.instagram.com\\\/globalmedica\\\/\",\"https:\\\/\\\/www.linkedin.com\\\/company\\\/67924728\",\"https:\\\/\\\/www.youtube.com\\\/channel\\\/UCWT2KUVVms56vwB0N9r8qKQ\\\/\"]}]}<\/script>\n<!-- \/ Yoast SEO plugin. -->","yoast_head_json":{"title":"bkActiv \u2013 Suelo P\u00e9lvico - Global Medica - Global M\u00e9dica DR","description":"bkActiv, enhanced image resolution on bkActiv helps you\u00a0achieve dynamic, real-time\u00a0examination during squeeze and Valsalva\u00a0maneuvers","robots":{"index":"index","follow":"follow","max-snippet":"max-snippet:-1","max-image-preview":"max-image-preview:large","max-video-preview":"max-video-preview:-1"},"canonical":"https:\/\/global-medica.com\/en\/product\/bkactiv-pelvic-floor\/","og_locale":"en_US","og_type":"article","og_title":"bkActiv - Pelvic Floor - Global Medica - Global M\u00e9dica DR","og_description":"Enhanced image resolution on bkActiv helps you\u00a0achieve dynamic, real-time\u00a0examination during squeeze and Valsalva\u00a0maneuvers and helps you visualize tapes and meshes.","og_url":"https:\/\/global-medica.com\/en\/product\/bkactiv-pelvic-floor\/","og_site_name":"Global Medica","article_publisher":"https:\/\/www.facebook.com\/gmglobalmedica","article_modified_time":"2025-04-13T18:47:10+00:00","og_image":[{"width":461,"height":927,"url":"https:\/\/global-medica.com\/wp-content\/uploads\/2024\/07\/PR-00058-min.webp","type":"image\/webp"}],"twitter_card":"summary_large_image","twitter_misc":{"Est. reading time":"2 minutes"},"schema":{"@context":"https:\/\/schema.org","@graph":[{"@type":["WebPage","MedicalWebPage"],"@id":"https:\/\/global-medica.com\/producto\/bkactiv-pelvic-floor\/","url":"https:\/\/global-medica.com\/producto\/bkactiv-pelvic-floor\/","name":"bkActiv \u2013 Suelo P\u00e9lvico","isPartOf":{"@id":"https:\/\/global-medica.com\/#website"},"primaryImageOfPage":{"@id":"https:\/\/global-medica.com\/producto\/bkactiv-pelvic-floor\/#primaryimage"},"image":{"@id":"https:\/\/global-medica.com\/producto\/bkactiv-pelvic-floor\/#primaryimage"},"thumbnailUrl":"https:\/\/global-medica.com\/wp-content\/uploads\/2024\/07\/PR-00058-min.webp","datePublished":"2024-07-05T00:03:37+00:00","dateModified":"2025-04-13T18:47:10+00:00","description":"bkActiv, enhanced image resolution on bkActiv helps you\u00a0achieve dynamic, real-time\u00a0examination during squeeze and Valsalva\u00a0maneuvers","breadcrumb":{"@id":"https:\/\/global-medica.com\/producto\/bkactiv-pelvic-floor\/#breadcrumb"},"inLanguage":"en-US","potentialAction":[{"@type":"ReadAction","target":["https:\/\/global-medica.com\/producto\/bkactiv-pelvic-floor\/"]}]},{"@type":"ImageObject","inLanguage":"en-US","@id":"https:\/\/global-medica.com\/producto\/bkactiv-pelvic-floor\/#primaryimage","url":"https:\/\/global-medica.com\/wp-content\/uploads\/2024\/07\/PR-00058-min.webp","contentUrl":"https:\/\/global-medica.com\/wp-content\/uploads\/2024\/07\/PR-00058-min.webp","width":461,"height":927},{"@type":"BreadcrumbList","@id":"https:\/\/global-medica.com\/producto\/bkactiv-pelvic-floor\/#breadcrumb","itemListElement":[{"@type":"ListItem","position":1,"name":"Home","item":"https:\/\/global-medica.com\/"},{"@type":"ListItem","position":2,"name":"Productos","item":"https:\/\/global-medica.com\/shop\/"},{"@type":"ListItem","position":3,"name":"bkActiv &#8211; Suelo P\u00e9lvico"}]},{"@type":"WebSite","@id":"https:\/\/global-medica.com\/#website","url":"https:\/\/global-medica.com\/","name":"Global Medica","description":"Global Medica","publisher":{"@id":"https:\/\/global-medica.com\/#organization"},"inLanguage":"en-US"},{"@type":"Organization","@id":"https:\/\/global-medica.com\/#organization","name":"Global Medica","url":"https:\/\/global-medica.com\/","logo":{"@type":"ImageObject","inLanguage":"en-US","@id":"https:\/\/global-medica.com\/#\/schema\/logo\/image\/","url":"https:\/\/global-medica.com\/wp-content\/uploads\/2024\/04\/global-logo.png","contentUrl":"https:\/\/global-medica.com\/wp-content\/uploads\/2024\/04\/global-logo.png","width":312,"height":84,"caption":"Global Medica"},"image":{"@id":"https:\/\/global-medica.com\/#\/schema\/logo\/image\/"},"sameAs":["https:\/\/www.facebook.com\/gmglobalmedica","https:\/\/www.instagram.com\/globalmedica\/","https:\/\/www.linkedin.com\/company\/67924728","https:\/\/www.youtube.com\/channel\/UCWT2KUVVms56vwB0N9r8qKQ\/"]}]}},"_links":{"self":[{"href":"https:\/\/global-medica.com\/en\/wp-json\/wp\/v2\/product\/2127","targetHints":{"allow":["GET"]}}],"collection":[{"href":"https:\/\/global-medica.com\/en\/wp-json\/wp\/v2\/product"}],"about":[{"href":"https:\/\/global-medica.com\/en\/wp-json\/wp\/v2\/types\/product"}],"replies":[{"embeddable":true,"href":"https:\/\/global-medica.com\/en\/wp-json\/wp\/v2\/comments?post=2127"}],"wp:featuredmedia":[{"embeddable":true,"href":"https:\/\/global-medica.com\/en\/wp-json\/wp\/v2\/media\/2212"}],"wp:attachment":[{"href":"https:\/\/global-medica.com\/en\/wp-json\/wp\/v2\/media?parent=2127"}],"wp:term":[{"taxonomy":"product_brand","embeddable":true,"href":"https:\/\/global-medica.com\/en\/wp-json\/wp\/v2\/product_brand?post=2127"},{"taxonomy":"product_cat","embeddable":true,"href":"https:\/\/global-medica.com\/en\/wp-json\/wp\/v2\/product_cat?post=2127"},{"taxonomy":"product_tag","embeddable":true,"href":"https:\/\/global-medica.com\/en\/wp-json\/wp\/v2\/product_tag?post=2127"}],"curies":[{"name":"wp","href":"https:\/\/api.w.org\/{rel}","templated":true}]}}