{"id":2114,"date":"2024-07-05T00:03:34","date_gmt":"2024-07-05T00:03:34","guid":{"rendered":"https:\/\/global-medica.com\/product\/venue-go\/"},"modified":"2025-05-01T19:17:52","modified_gmt":"2025-05-01T19:17:52","slug":"venue-go","status":"publish","type":"product","link":"https:\/\/global-medica.com\/en\/product\/venue-go\/","title":{"rendered":"Venue\u2122 Go\u2122"},"content":{"rendered":"<section id=\"lo-apoyamos-en-la-lucha-contra\" class=\"ge-module ge-content-module theme-black\">\n<div class=\"ge-module__container\">\n<h2 class=\"ge-h2 ge-content-module__title\" role=\"heading\">What we support in the fight against COVID-19<\/h2>\n<div class=\"ge-content-module__teaser\">While navigating through the uncharted waters of the pandemic COVID-19, we are here to support you with information and training. Below is a compilation of resources to help you in the battle against COVID-19.<\/div>\n<div class=\"ge-content-module__cta-container\"><\/div>\n<\/div>\n<\/section>\n<section id=\"lista-de-materiales-de-apoyo\" class=\"ge-module ge-supporting-materials\">\n<div class=\"ge-supporting-materials__container\">\n<h2 class=\"ge-h2 ge-module__title\" role=\"heading\">Designed for point-of-care<\/h2>\n<div class=\"tabbed-product-module__tabs-wrapper\">\n<div class=\"tabbed-product-module__tabs\">\n<section id=\"aplicaciones\" class=\"ge-module ge-content-module theme-black\">\n<div class=\"ge-module__container\">\n<h2 class=\"ge-h2 ge-content-module__title\" role=\"heading\">Automatic tools for many applications.<\/h2>\n<div class=\"ge-content-module__teaser\">To simplify and speed up the assessment of patients with automatic tools with AI-enabled, available exclusively in the systems of the family Venue, including Venue Go. Using patented algorithms, we summarize the data of numerous patients to ensure accurate calculations in order to ensure the confidence clinic.<\/div>\n<\/div>\n<\/section>\n<\/div>\n<\/div>\n<\/div>\n<\/section>\n<section id=\"\" class=\"ge-module ge-content-module theme-white\">\n<div class=\"ge-module__container\">\n<h2 class=\"ge-h2 ge-content-module__title\" role=\"heading\">See the difference right at the point of care<\/h2>\n<div class=\"ge-content-module__teaser\">Using advanced algorithms and acquisition of high-quality images, Venue Go allows for the precise differentiation of the tissues, the visualization of the needles and the acquisition of clear images, even in patients with complicated, which helps healthcare professionals to make rapid assessments and to make safe decisions in environments that are often unpredictable and chaotic.<\/div>\n<\/div>\n<\/section>\n<section id=\"02---m\u00f3dulo-curva-en-s\" class=\"ge-s-curve\" data-analytics-link-type=\"S-Curve Module\">\n<div class=\"ge-module__container ge-s-curve__container\">\n<div class=\"ge-s-curve__content\">\n<div>\n<div class=\"rah-static rah-static--height-auto ge-s-curve__title-description-wrapper ge-s-curve__title-description-wrapper--expanded\" aria-hidden=\"false\">\n<div>\n<div>\n<h4 class=\"ge-s-curve__item-title -text--bold\">Adaptive design<\/h4>\n<div class=\"ge-rtf-module ge-s-curve__description\">\n<div>\n<p>Venue Go is tailored to the specific needs of various spaces clinicians, from the emergency department to the ICU and the operating room. Its small size, its compact 15&#034; touch screen, and its stylish and ergonomic design, making it a system that you can carry anywhere.<\/p>\n<\/div>\n<\/div>\n<\/div>\n<\/div>\n<\/div>\n<\/div>\n<\/div>\n<\/div>\n<div class=\"ge-module__container ge-s-curve__container\">\n<div class=\"ge-s-curve__content\">\n<div>\n<div class=\"rah-static rah-static--height-auto ge-s-curve__title-description-wrapper ge-s-curve__title-description-wrapper--expanded\" aria-hidden=\"false\">\n<div>\n<div>\n<h4 class=\"ge-s-curve__item-title -text--bold\">A shared platform<\/h4>\n<div class=\"ge-rtf-module ge-s-curve__description\">\n<div>\n<p>A common platform shared among Venue to Go and Venue offers users the same experience regardless of which system you use, and allows installations to simplify its protocols of training.<\/p>\n<\/div>\n<\/div>\n<\/div>\n<\/div>\n<\/div>\n<\/div>\n<\/div>\n<\/div>\n<div class=\"ge-module__container ge-s-curve__container\">\n<div class=\"ge-s-curve__content\">\n<div>\n<div class=\"rah-static rah-static--height-auto ge-s-curve__title-description-wrapper ge-s-curve__title-description-wrapper--expanded\" aria-hidden=\"false\">\n<div>\n<div>\n<h4 class=\"ge-s-curve__item-title -text--bold\">Easy to use<\/h4>\n<div class=\"ge-rtf-module ge-s-curve__description\">\n<div>Venue Go help doctors to quickly start the acquisition of images with features such as graphical documentation simple, gesture control, and quick selection of transducers that help to improve the efficiency.<\/div>\n<\/div>\n<\/div>\n<\/div>\n<\/div>\n<\/div>\n<\/div>\n<\/div>\n<div class=\"ge-module__container ge-s-curve__container\">\n<div class=\"ge-s-curve__content\">\n<div>\n<div class=\"rah-static rah-static--height-auto ge-s-curve__title-description-wrapper ge-s-curve__title-description-wrapper--expanded\" aria-hidden=\"false\">\n<div>\n<div>\n<h4 class=\"ge-s-curve__item-title -text--bold\">Supports the efforts of infection control<\/h4>\n<div class=\"ge-rtf-module ge-s-curve__description\">\n<div>A flat-screen seamless (no knobs, no keyboards, or other surfaces with cracks) can help to reduce nosocomial infections.<\/div>\n<\/div>\n<\/div>\n<\/div>\n<\/div>\n<\/div>\n<\/div>\n<\/div>\n<\/section>\n<p>&nbsp;<\/p>\n<p>&nbsp;<\/p>\n<p><a class=\"elboton\" href=\"https:\/\/latam.gehealthcare.com\/products\/ultrasound\/point-of-care-ultrasound\/venuego\" target=\"_blank\" rel=\"noopener\">Link to the brand<\/a><\/p>","protected":false},"excerpt":{"rendered":"<p>Simplify assessments and provide effective care with Venue Go\u2122. With an adaptive design only one that is going in the carriage to the table and the wall, Venue Go is compatible with the medication at the point of care for all clinical needs, and physical spaces, from the emergency department to the ICU and the operating room.<\/p>","protected":false},"featured_media":2199,"comment_status":"open","ping_status":"closed","template":"","meta":[],"product_brand":[],"product_cat":[44],"product_tag":[],"class_list":{"0":"post-2114","1":"product","2":"type-product","3":"status-publish","4":"has-post-thumbnail","6":"product_cat-punto-de-atencion","8":"first","9":"instock","10":"shipping-taxable","11":"purchasable","12":"product-type-simple"},"yoast_head":"<!-- This site is optimized with the Yoast SEO plugin v27.3 - https:\/\/yoast.com\/product\/yoast-seo-wordpress\/ -->\n<title>Venue Go \u2122 - Global Medica - Global M\u00e9dica DR<\/title>\n<meta name=\"description\" content=\"Venue \u2122 Go \u2122 la soluci\u00f3n avanzada para la gesti\u00f3n de eventos m\u00e9dicos y cl\u00ednicos. Dise\u00f1ado para optimizar la planificaci\u00f3n garantizando un flujo eficiente.\" \/>\n<meta name=\"robots\" content=\"index, follow, max-snippet:-1, max-image-preview:large, max-video-preview:-1\" \/>\n<link rel=\"canonical\" href=\"https:\/\/global-medica.com\/en\/product\/venue-go\/\" \/>\n<meta property=\"og:locale\" content=\"en_US\" \/>\n<meta property=\"og:type\" content=\"article\" \/>\n<meta property=\"og:title\" content=\"Venue Go \u2122 - Global Medica - Global M\u00e9dica DR\" \/>\n<meta property=\"og:description\" content=\"Venue \u2122 Go \u2122 la soluci\u00f3n avanzada para la gesti\u00f3n de eventos m\u00e9dicos y cl\u00ednicos. Dise\u00f1ado para optimizar la planificaci\u00f3n garantizando un flujo eficiente.\" \/>\n<meta property=\"og:url\" content=\"https:\/\/global-medica.com\/en\/product\/venue-go\/\" \/>\n<meta property=\"og:site_name\" content=\"Global Medica\" \/>\n<meta property=\"article:publisher\" content=\"https:\/\/www.facebook.com\/gmglobalmedica\" \/>\n<meta property=\"article:modified_time\" content=\"2025-05-01T19:17:52+00:00\" \/>\n<meta property=\"og:image\" content=\"https:\/\/global-medica.com\/wp-content\/uploads\/2024\/07\/PR-00045-min.webp\" \/>\n\t<meta property=\"og:image:width\" content=\"937\" \/>\n\t<meta property=\"og:image:height\" content=\"400\" \/>\n\t<meta property=\"og:image:type\" content=\"image\/webp\" \/>\n<meta name=\"twitter:card\" content=\"summary_large_image\" \/>\n<meta name=\"twitter:label1\" content=\"Est. reading time\" \/>\n\t<meta name=\"twitter:data1\" content=\"2 minutes\" \/>\n<script type=\"application\/ld+json\" class=\"yoast-schema-graph\">{\"@context\":\"https:\\\/\\\/schema.org\",\"@graph\":[{\"@type\":\"WebPage\",\"@id\":\"https:\\\/\\\/global-medica.com\\\/producto\\\/venue-go\\\/\",\"url\":\"https:\\\/\\\/global-medica.com\\\/producto\\\/venue-go\\\/\",\"name\":\"Venue Go \u2122\",\"isPartOf\":{\"@id\":\"https:\\\/\\\/global-medica.com\\\/#website\"},\"primaryImageOfPage\":{\"@id\":\"https:\\\/\\\/global-medica.com\\\/producto\\\/venue-go\\\/#primaryimage\"},\"image\":{\"@id\":\"https:\\\/\\\/global-medica.com\\\/producto\\\/venue-go\\\/#primaryimage\"},\"thumbnailUrl\":\"https:\\\/\\\/global-medica.com\\\/wp-content\\\/uploads\\\/2024\\\/07\\\/PR-00045-min.webp\",\"datePublished\":\"2024-07-05T00:03:34+00:00\",\"dateModified\":\"2025-05-01T19:17:52+00:00\",\"description\":\"Venue \u2122 Go \u2122 la soluci\u00f3n avanzada para la gesti\u00f3n de eventos m\u00e9dicos y cl\u00ednicos. Dise\u00f1ado para optimizar la planificaci\u00f3n garantizando un flujo eficiente.\",\"breadcrumb\":{\"@id\":\"https:\\\/\\\/global-medica.com\\\/producto\\\/venue-go\\\/#breadcrumb\"},\"inLanguage\":\"en-US\",\"potentialAction\":[{\"@type\":\"ReadAction\",\"target\":[\"https:\\\/\\\/global-medica.com\\\/producto\\\/venue-go\\\/\"]}]},{\"@type\":\"ImageObject\",\"inLanguage\":\"en-US\",\"@id\":\"https:\\\/\\\/global-medica.com\\\/producto\\\/venue-go\\\/#primaryimage\",\"url\":\"https:\\\/\\\/global-medica.com\\\/wp-content\\\/uploads\\\/2024\\\/07\\\/PR-00045-min.webp\",\"contentUrl\":\"https:\\\/\\\/global-medica.com\\\/wp-content\\\/uploads\\\/2024\\\/07\\\/PR-00045-min.webp\",\"width\":937,\"height\":400,\"caption\":\"Venue \u2122 Go\u2122\"},{\"@type\":\"BreadcrumbList\",\"@id\":\"https:\\\/\\\/global-medica.com\\\/producto\\\/venue-go\\\/#breadcrumb\",\"itemListElement\":[{\"@type\":\"ListItem\",\"position\":1,\"name\":\"Home\",\"item\":\"https:\\\/\\\/global-medica.com\\\/\"},{\"@type\":\"ListItem\",\"position\":2,\"name\":\"Productos\",\"item\":\"https:\\\/\\\/global-medica.com\\\/shop\\\/\"},{\"@type\":\"ListItem\",\"position\":3,\"name\":\"Venue\u2122 Go\u2122\"}]},{\"@type\":\"WebSite\",\"@id\":\"https:\\\/\\\/global-medica.com\\\/#website\",\"url\":\"https:\\\/\\\/global-medica.com\\\/\",\"name\":\"Global Medica\",\"description\":\"Global Medica\",\"publisher\":{\"@id\":\"https:\\\/\\\/global-medica.com\\\/#organization\"},\"inLanguage\":\"en-US\"},{\"@type\":\"Organization\",\"@id\":\"https:\\\/\\\/global-medica.com\\\/#organization\",\"name\":\"Global Medica\",\"url\":\"https:\\\/\\\/global-medica.com\\\/\",\"logo\":{\"@type\":\"ImageObject\",\"inLanguage\":\"en-US\",\"@id\":\"https:\\\/\\\/global-medica.com\\\/#\\\/schema\\\/logo\\\/image\\\/\",\"url\":\"https:\\\/\\\/global-medica.com\\\/wp-content\\\/uploads\\\/2024\\\/04\\\/global-logo.png\",\"contentUrl\":\"https:\\\/\\\/global-medica.com\\\/wp-content\\\/uploads\\\/2024\\\/04\\\/global-logo.png\",\"width\":312,\"height\":84,\"caption\":\"Global Medica\"},\"image\":{\"@id\":\"https:\\\/\\\/global-medica.com\\\/#\\\/schema\\\/logo\\\/image\\\/\"},\"sameAs\":[\"https:\\\/\\\/www.facebook.com\\\/gmglobalmedica\",\"https:\\\/\\\/www.instagram.com\\\/globalmedica\\\/\",\"https:\\\/\\\/www.linkedin.com\\\/company\\\/67924728\",\"https:\\\/\\\/www.youtube.com\\\/channel\\\/UCWT2KUVVms56vwB0N9r8qKQ\\\/\"]}]}<\/script>\n<!-- \/ Yoast SEO plugin. -->","yoast_head_json":{"title":"Venue Go \u2122 - Global Medica - Global M\u00e9dica DR","description":"Venue \u2122 Go \u2122 la soluci\u00f3n avanzada para la gesti\u00f3n de eventos m\u00e9dicos y cl\u00ednicos. Dise\u00f1ado para optimizar la planificaci\u00f3n garantizando un flujo eficiente.","robots":{"index":"index","follow":"follow","max-snippet":"max-snippet:-1","max-image-preview":"max-image-preview:large","max-video-preview":"max-video-preview:-1"},"canonical":"https:\/\/global-medica.com\/en\/product\/venue-go\/","og_locale":"en_US","og_type":"article","og_title":"Venue Go \u2122 - Global Medica - Global M\u00e9dica DR","og_description":"Venue \u2122 Go \u2122 la soluci\u00f3n avanzada para la gesti\u00f3n de eventos m\u00e9dicos y cl\u00ednicos. Dise\u00f1ado para optimizar la planificaci\u00f3n garantizando un flujo eficiente.","og_url":"https:\/\/global-medica.com\/en\/product\/venue-go\/","og_site_name":"Global Medica","article_publisher":"https:\/\/www.facebook.com\/gmglobalmedica","article_modified_time":"2025-05-01T19:17:52+00:00","og_image":[{"width":937,"height":400,"url":"https:\/\/global-medica.com\/wp-content\/uploads\/2024\/07\/PR-00045-min.webp","type":"image\/webp"}],"twitter_card":"summary_large_image","twitter_misc":{"Est. reading time":"2 minutes"},"schema":{"@context":"https:\/\/schema.org","@graph":[{"@type":"WebPage","@id":"https:\/\/global-medica.com\/producto\/venue-go\/","url":"https:\/\/global-medica.com\/producto\/venue-go\/","name":"Venue Go \u2122","isPartOf":{"@id":"https:\/\/global-medica.com\/#website"},"primaryImageOfPage":{"@id":"https:\/\/global-medica.com\/producto\/venue-go\/#primaryimage"},"image":{"@id":"https:\/\/global-medica.com\/producto\/venue-go\/#primaryimage"},"thumbnailUrl":"https:\/\/global-medica.com\/wp-content\/uploads\/2024\/07\/PR-00045-min.webp","datePublished":"2024-07-05T00:03:34+00:00","dateModified":"2025-05-01T19:17:52+00:00","description":"Venue \u2122 Go \u2122 la soluci\u00f3n avanzada para la gesti\u00f3n de eventos m\u00e9dicos y cl\u00ednicos. Dise\u00f1ado para optimizar la planificaci\u00f3n garantizando un flujo eficiente.","breadcrumb":{"@id":"https:\/\/global-medica.com\/producto\/venue-go\/#breadcrumb"},"inLanguage":"en-US","potentialAction":[{"@type":"ReadAction","target":["https:\/\/global-medica.com\/producto\/venue-go\/"]}]},{"@type":"ImageObject","inLanguage":"en-US","@id":"https:\/\/global-medica.com\/producto\/venue-go\/#primaryimage","url":"https:\/\/global-medica.com\/wp-content\/uploads\/2024\/07\/PR-00045-min.webp","contentUrl":"https:\/\/global-medica.com\/wp-content\/uploads\/2024\/07\/PR-00045-min.webp","width":937,"height":400,"caption":"Venue \u2122 Go\u2122"},{"@type":"BreadcrumbList","@id":"https:\/\/global-medica.com\/producto\/venue-go\/#breadcrumb","itemListElement":[{"@type":"ListItem","position":1,"name":"Home","item":"https:\/\/global-medica.com\/"},{"@type":"ListItem","position":2,"name":"Productos","item":"https:\/\/global-medica.com\/shop\/"},{"@type":"ListItem","position":3,"name":"Venue\u2122 Go\u2122"}]},{"@type":"WebSite","@id":"https:\/\/global-medica.com\/#website","url":"https:\/\/global-medica.com\/","name":"Global Medica","description":"Global Medica","publisher":{"@id":"https:\/\/global-medica.com\/#organization"},"inLanguage":"en-US"},{"@type":"Organization","@id":"https:\/\/global-medica.com\/#organization","name":"Global Medica","url":"https:\/\/global-medica.com\/","logo":{"@type":"ImageObject","inLanguage":"en-US","@id":"https:\/\/global-medica.com\/#\/schema\/logo\/image\/","url":"https:\/\/global-medica.com\/wp-content\/uploads\/2024\/04\/global-logo.png","contentUrl":"https:\/\/global-medica.com\/wp-content\/uploads\/2024\/04\/global-logo.png","width":312,"height":84,"caption":"Global Medica"},"image":{"@id":"https:\/\/global-medica.com\/#\/schema\/logo\/image\/"},"sameAs":["https:\/\/www.facebook.com\/gmglobalmedica","https:\/\/www.instagram.com\/globalmedica\/","https:\/\/www.linkedin.com\/company\/67924728","https:\/\/www.youtube.com\/channel\/UCWT2KUVVms56vwB0N9r8qKQ\/"]}]}},"_links":{"self":[{"href":"https:\/\/global-medica.com\/en\/wp-json\/wp\/v2\/product\/2114","targetHints":{"allow":["GET"]}}],"collection":[{"href":"https:\/\/global-medica.com\/en\/wp-json\/wp\/v2\/product"}],"about":[{"href":"https:\/\/global-medica.com\/en\/wp-json\/wp\/v2\/types\/product"}],"replies":[{"embeddable":true,"href":"https:\/\/global-medica.com\/en\/wp-json\/wp\/v2\/comments?post=2114"}],"wp:featuredmedia":[{"embeddable":true,"href":"https:\/\/global-medica.com\/en\/wp-json\/wp\/v2\/media\/2199"}],"wp:attachment":[{"href":"https:\/\/global-medica.com\/en\/wp-json\/wp\/v2\/media?parent=2114"}],"wp:term":[{"taxonomy":"product_brand","embeddable":true,"href":"https:\/\/global-medica.com\/en\/wp-json\/wp\/v2\/product_brand?post=2114"},{"taxonomy":"product_cat","embeddable":true,"href":"https:\/\/global-medica.com\/en\/wp-json\/wp\/v2\/product_cat?post=2114"},{"taxonomy":"product_tag","embeddable":true,"href":"https:\/\/global-medica.com\/en\/wp-json\/wp\/v2\/product_tag?post=2114"}],"curies":[{"name":"wp","href":"https:\/\/api.w.org\/{rel}","templated":true}]}}