{"id":2113,"date":"2024-07-05T00:03:34","date_gmt":"2024-07-05T00:03:34","guid":{"rendered":"https:\/\/global-medica.com\/product\/venue\/"},"modified":"2025-05-01T19:36:31","modified_gmt":"2025-05-01T19:36:31","slug":"venue","status":"publish","type":"product","link":"https:\/\/global-medica.com\/en\/product\/venue\/","title":{"rendered":"Venue\u2122"},"content":{"rendered":"<div class=\"tabbed-product-module__tabs-wrapper\">\n<div class=\"tabbed-product-module__tabs\">\n<section id=\"aplicaciones\" class=\"ge-module ge-content-module theme-grey\">\n<div class=\"ge-module__container\">\n<h2>A design that is based on the details<\/h2>\n<div class=\"ge-content-module__teaser\">Venue \u2122 allows using patented algorithms, we summarize the data of numerous patients to ensure accurate calculations in order to ensure the confidence clinic.<\/div>\n<div><\/div>\n<div class=\"ge-content-module__teaser\">To simplify and speed up the complex evaluations of patients with the automatic tools with AI enabled that are available in the tool.<\/div>\n<\/div>\n<\/section>\n<\/div>\n<\/div>\n<div>\n<h3 class=\"ge-s-curve__item-title -text--bold\">We present to the family Venue \u2122<\/h3>\n<div class=\"ge-rtf-module ge-s-curve__description\">\n<div>\n<p>The family Venue\u2122 is the first family of ultrasound systems point-of-care with AI-enabled. Formed by Venue\u2122 and Venue Go\u2122 family of systems, the Venue operates on a common platform, so that the doctors can take advantage of the same user interface, interchangeable probes**, strict measures of cyber-security and software updates consistent.<\/p>\n<\/div>\n<\/div>\n<\/div>\n<div class=\"tabbed-product-module__tabs-wrapper\">\n<div class=\"tabbed-product-module__tabs\">\n<section id=\"aplicaciones\" class=\"ge-module ge-content-module theme-grey\">\n<div class=\"ge-module__container\">\n<div class=\"ge-content-module__cta-container\">\n<div class=\"ge-generic-module-content\" data-analytics-link-name=\"Investigaci\u00f3n con GE Healthcare\">\n<div>\n<h2 class=\"ge-h2 ge-generic-module-content__title\" role=\"heading\">Research with GE Healthcare<\/h2>\n<div class=\"ge-generic-module-content__description\">\n<div class=\"ge-rtf__columnize\">\n<div class=\"column\">\n<p>Do you have any interest of research specific to the use of ultrasound at the point of care? Call us at 866.281.7545, or click the button to send e-mail to us to contact you in connection with your research proposal.<\/p>\n<\/div>\n<\/div>\n<\/div>\n<\/div>\n<\/div>\n<\/div>\n<\/div>\n<\/section>\n<\/div>\n<\/div>\n<p>When you choose Venue\u2122, you&#039;re not only investing in a quality product, but also an ally to improve the health of your patients. Take advantage of the opportunity to acquire the Venue\u2122 in our store, where we offer export options efficient and safe for the entire region. Visit us and find out how Venue\u2122 can transform medical care in your practice.<\/p>\n<p>&nbsp;<\/p>\n<p><a class=\"elboton\" href=\"https:\/\/latam.gehealthcare.com\/es-pa\/products\/ultrasound\/point-of-care-ultrasound\/venue\" target=\"_blank\" rel=\"noopener\">Link to the brand<\/a><\/p>","protected":false},"excerpt":{"rendered":"<p>Ultrasound is simple, fast and accurate every time.<\/p>\n<p>In times in which every second counts, it is essential to have tools that allow them to act quickly and deliver precise attention. Venue\u2122 is designed to help you do exactly that. As the best solution of the family Venue\u2122 ultrasound systems point-of-care with AI enabled, the Venue offers a simple, rapid and accurate way of assessing the medical status of a patient at the point of care.<\/p>","protected":false},"featured_media":2198,"comment_status":"open","ping_status":"closed","template":"","meta":[],"product_brand":[],"product_cat":[44],"product_tag":[],"class_list":{"0":"post-2113","1":"product","2":"type-product","3":"status-publish","4":"has-post-thumbnail","6":"product_cat-punto-de-atencion","8":"first","9":"instock","10":"shipping-taxable","11":"purchasable","12":"product-type-simple"},"yoast_head":"<!-- This site is optimized with the Yoast SEO plugin v27.3 - https:\/\/yoast.com\/product\/yoast-seo-wordpress\/ -->\n<title>Venue \u2122 - Global Medica - Global M\u00e9dica DR<\/title>\n<meta name=\"description\" content=\"Venue \u2122 se presenta como una herramienta esencial en la pr\u00e1ctica m\u00e9dica, facilitando diagn\u00f3sticos precisos y tratamientos personalizados.\" \/>\n<meta name=\"robots\" content=\"index, follow, max-snippet:-1, max-image-preview:large, max-video-preview:-1\" \/>\n<link rel=\"canonical\" href=\"https:\/\/global-medica.com\/en\/product\/venue\/\" \/>\n<meta property=\"og:locale\" content=\"en_US\" \/>\n<meta property=\"og:type\" content=\"article\" \/>\n<meta property=\"og:title\" content=\"Venue \u2122 - Global Medica - Global M\u00e9dica DR\" \/>\n<meta property=\"og:description\" content=\"Venue \u2122 se presenta como una herramienta esencial en la pr\u00e1ctica m\u00e9dica, facilitando diagn\u00f3sticos precisos y tratamientos personalizados.\" \/>\n<meta property=\"og:url\" content=\"https:\/\/global-medica.com\/en\/product\/venue\/\" \/>\n<meta property=\"og:site_name\" content=\"Global Medica\" \/>\n<meta property=\"article:publisher\" content=\"https:\/\/www.facebook.com\/gmglobalmedica\" \/>\n<meta property=\"article:modified_time\" content=\"2025-05-01T19:36:31+00:00\" \/>\n<meta property=\"og:image\" content=\"https:\/\/global-medica.com\/wp-content\/uploads\/2024\/07\/PR-00044-min.webp\" \/>\n\t<meta property=\"og:image:width\" content=\"1920\" \/>\n\t<meta property=\"og:image:height\" content=\"1080\" \/>\n\t<meta property=\"og:image:type\" content=\"image\/webp\" \/>\n<meta name=\"twitter:card\" content=\"summary_large_image\" \/>\n<meta name=\"twitter:label1\" content=\"Est. reading time\" \/>\n\t<meta name=\"twitter:data1\" content=\"2 minutes\" \/>\n<script type=\"application\/ld+json\" class=\"yoast-schema-graph\">{\"@context\":\"https:\\\/\\\/schema.org\",\"@graph\":[{\"@type\":\"WebPage\",\"@id\":\"https:\\\/\\\/global-medica.com\\\/producto\\\/venue\\\/\",\"url\":\"https:\\\/\\\/global-medica.com\\\/producto\\\/venue\\\/\",\"name\":\"Venue \u2122\",\"isPartOf\":{\"@id\":\"https:\\\/\\\/global-medica.com\\\/#website\"},\"primaryImageOfPage\":{\"@id\":\"https:\\\/\\\/global-medica.com\\\/producto\\\/venue\\\/#primaryimage\"},\"image\":{\"@id\":\"https:\\\/\\\/global-medica.com\\\/producto\\\/venue\\\/#primaryimage\"},\"thumbnailUrl\":\"https:\\\/\\\/global-medica.com\\\/wp-content\\\/uploads\\\/2024\\\/07\\\/PR-00044-min.webp\",\"datePublished\":\"2024-07-05T00:03:34+00:00\",\"dateModified\":\"2025-05-01T19:36:31+00:00\",\"description\":\"Venue \u2122 se presenta como una herramienta esencial en la pr\u00e1ctica m\u00e9dica, facilitando diagn\u00f3sticos precisos y tratamientos personalizados.\",\"breadcrumb\":{\"@id\":\"https:\\\/\\\/global-medica.com\\\/producto\\\/venue\\\/#breadcrumb\"},\"inLanguage\":\"en-US\",\"potentialAction\":[{\"@type\":\"ReadAction\",\"target\":[\"https:\\\/\\\/global-medica.com\\\/producto\\\/venue\\\/\"]}]},{\"@type\":\"ImageObject\",\"inLanguage\":\"en-US\",\"@id\":\"https:\\\/\\\/global-medica.com\\\/producto\\\/venue\\\/#primaryimage\",\"url\":\"https:\\\/\\\/global-medica.com\\\/wp-content\\\/uploads\\\/2024\\\/07\\\/PR-00044-min.webp\",\"contentUrl\":\"https:\\\/\\\/global-medica.com\\\/wp-content\\\/uploads\\\/2024\\\/07\\\/PR-00044-min.webp\",\"width\":1920,\"height\":1080,\"caption\":\"Venue\"},{\"@type\":\"BreadcrumbList\",\"@id\":\"https:\\\/\\\/global-medica.com\\\/producto\\\/venue\\\/#breadcrumb\",\"itemListElement\":[{\"@type\":\"ListItem\",\"position\":1,\"name\":\"Home\",\"item\":\"https:\\\/\\\/global-medica.com\\\/\"},{\"@type\":\"ListItem\",\"position\":2,\"name\":\"Productos\",\"item\":\"https:\\\/\\\/global-medica.com\\\/shop\\\/\"},{\"@type\":\"ListItem\",\"position\":3,\"name\":\"Venue\u2122\"}]},{\"@type\":\"WebSite\",\"@id\":\"https:\\\/\\\/global-medica.com\\\/#website\",\"url\":\"https:\\\/\\\/global-medica.com\\\/\",\"name\":\"Global Medica\",\"description\":\"Global Medica\",\"publisher\":{\"@id\":\"https:\\\/\\\/global-medica.com\\\/#organization\"},\"inLanguage\":\"en-US\"},{\"@type\":\"Organization\",\"@id\":\"https:\\\/\\\/global-medica.com\\\/#organization\",\"name\":\"Global Medica\",\"url\":\"https:\\\/\\\/global-medica.com\\\/\",\"logo\":{\"@type\":\"ImageObject\",\"inLanguage\":\"en-US\",\"@id\":\"https:\\\/\\\/global-medica.com\\\/#\\\/schema\\\/logo\\\/image\\\/\",\"url\":\"https:\\\/\\\/global-medica.com\\\/wp-content\\\/uploads\\\/2024\\\/04\\\/global-logo.png\",\"contentUrl\":\"https:\\\/\\\/global-medica.com\\\/wp-content\\\/uploads\\\/2024\\\/04\\\/global-logo.png\",\"width\":312,\"height\":84,\"caption\":\"Global Medica\"},\"image\":{\"@id\":\"https:\\\/\\\/global-medica.com\\\/#\\\/schema\\\/logo\\\/image\\\/\"},\"sameAs\":[\"https:\\\/\\\/www.facebook.com\\\/gmglobalmedica\",\"https:\\\/\\\/www.instagram.com\\\/globalmedica\\\/\",\"https:\\\/\\\/www.linkedin.com\\\/company\\\/67924728\",\"https:\\\/\\\/www.youtube.com\\\/channel\\\/UCWT2KUVVms56vwB0N9r8qKQ\\\/\"]}]}<\/script>\n<!-- \/ Yoast SEO plugin. -->","yoast_head_json":{"title":"Venue \u2122 - Global Medica - Global M\u00e9dica DR","description":"Venue \u2122 se presenta como una herramienta esencial en la pr\u00e1ctica m\u00e9dica, facilitando diagn\u00f3sticos precisos y tratamientos personalizados.","robots":{"index":"index","follow":"follow","max-snippet":"max-snippet:-1","max-image-preview":"max-image-preview:large","max-video-preview":"max-video-preview:-1"},"canonical":"https:\/\/global-medica.com\/en\/product\/venue\/","og_locale":"en_US","og_type":"article","og_title":"Venue \u2122 - Global Medica - Global M\u00e9dica DR","og_description":"Venue \u2122 se presenta como una herramienta esencial en la pr\u00e1ctica m\u00e9dica, facilitando diagn\u00f3sticos precisos y tratamientos personalizados.","og_url":"https:\/\/global-medica.com\/en\/product\/venue\/","og_site_name":"Global Medica","article_publisher":"https:\/\/www.facebook.com\/gmglobalmedica","article_modified_time":"2025-05-01T19:36:31+00:00","og_image":[{"width":1920,"height":1080,"url":"https:\/\/global-medica.com\/wp-content\/uploads\/2024\/07\/PR-00044-min.webp","type":"image\/webp"}],"twitter_card":"summary_large_image","twitter_misc":{"Est. reading time":"2 minutes"},"schema":{"@context":"https:\/\/schema.org","@graph":[{"@type":"WebPage","@id":"https:\/\/global-medica.com\/producto\/venue\/","url":"https:\/\/global-medica.com\/producto\/venue\/","name":"Venue \u2122","isPartOf":{"@id":"https:\/\/global-medica.com\/#website"},"primaryImageOfPage":{"@id":"https:\/\/global-medica.com\/producto\/venue\/#primaryimage"},"image":{"@id":"https:\/\/global-medica.com\/producto\/venue\/#primaryimage"},"thumbnailUrl":"https:\/\/global-medica.com\/wp-content\/uploads\/2024\/07\/PR-00044-min.webp","datePublished":"2024-07-05T00:03:34+00:00","dateModified":"2025-05-01T19:36:31+00:00","description":"Venue \u2122 se presenta como una herramienta esencial en la pr\u00e1ctica m\u00e9dica, facilitando diagn\u00f3sticos precisos y tratamientos personalizados.","breadcrumb":{"@id":"https:\/\/global-medica.com\/producto\/venue\/#breadcrumb"},"inLanguage":"en-US","potentialAction":[{"@type":"ReadAction","target":["https:\/\/global-medica.com\/producto\/venue\/"]}]},{"@type":"ImageObject","inLanguage":"en-US","@id":"https:\/\/global-medica.com\/producto\/venue\/#primaryimage","url":"https:\/\/global-medica.com\/wp-content\/uploads\/2024\/07\/PR-00044-min.webp","contentUrl":"https:\/\/global-medica.com\/wp-content\/uploads\/2024\/07\/PR-00044-min.webp","width":1920,"height":1080,"caption":"Venue"},{"@type":"BreadcrumbList","@id":"https:\/\/global-medica.com\/producto\/venue\/#breadcrumb","itemListElement":[{"@type":"ListItem","position":1,"name":"Home","item":"https:\/\/global-medica.com\/"},{"@type":"ListItem","position":2,"name":"Productos","item":"https:\/\/global-medica.com\/shop\/"},{"@type":"ListItem","position":3,"name":"Venue\u2122"}]},{"@type":"WebSite","@id":"https:\/\/global-medica.com\/#website","url":"https:\/\/global-medica.com\/","name":"Global Medica","description":"Global Medica","publisher":{"@id":"https:\/\/global-medica.com\/#organization"},"inLanguage":"en-US"},{"@type":"Organization","@id":"https:\/\/global-medica.com\/#organization","name":"Global Medica","url":"https:\/\/global-medica.com\/","logo":{"@type":"ImageObject","inLanguage":"en-US","@id":"https:\/\/global-medica.com\/#\/schema\/logo\/image\/","url":"https:\/\/global-medica.com\/wp-content\/uploads\/2024\/04\/global-logo.png","contentUrl":"https:\/\/global-medica.com\/wp-content\/uploads\/2024\/04\/global-logo.png","width":312,"height":84,"caption":"Global Medica"},"image":{"@id":"https:\/\/global-medica.com\/#\/schema\/logo\/image\/"},"sameAs":["https:\/\/www.facebook.com\/gmglobalmedica","https:\/\/www.instagram.com\/globalmedica\/","https:\/\/www.linkedin.com\/company\/67924728","https:\/\/www.youtube.com\/channel\/UCWT2KUVVms56vwB0N9r8qKQ\/"]}]}},"_links":{"self":[{"href":"https:\/\/global-medica.com\/en\/wp-json\/wp\/v2\/product\/2113","targetHints":{"allow":["GET"]}}],"collection":[{"href":"https:\/\/global-medica.com\/en\/wp-json\/wp\/v2\/product"}],"about":[{"href":"https:\/\/global-medica.com\/en\/wp-json\/wp\/v2\/types\/product"}],"replies":[{"embeddable":true,"href":"https:\/\/global-medica.com\/en\/wp-json\/wp\/v2\/comments?post=2113"}],"wp:featuredmedia":[{"embeddable":true,"href":"https:\/\/global-medica.com\/en\/wp-json\/wp\/v2\/media\/2198"}],"wp:attachment":[{"href":"https:\/\/global-medica.com\/en\/wp-json\/wp\/v2\/media?parent=2113"}],"wp:term":[{"taxonomy":"product_brand","embeddable":true,"href":"https:\/\/global-medica.com\/en\/wp-json\/wp\/v2\/product_brand?post=2113"},{"taxonomy":"product_cat","embeddable":true,"href":"https:\/\/global-medica.com\/en\/wp-json\/wp\/v2\/product_cat?post=2113"},{"taxonomy":"product_tag","embeddable":true,"href":"https:\/\/global-medica.com\/en\/wp-json\/wp\/v2\/product_tag?post=2113"}],"curies":[{"name":"wp","href":"https:\/\/api.w.org\/{rel}","templated":true}]}}