{"id":2108,"date":"2024-07-05T00:03:33","date_gmt":"2024-07-05T00:03:33","guid":{"rendered":"https:\/\/global-medica.com\/product\/vivid-e95\/"},"modified":"2025-05-01T20:09:00","modified_gmt":"2025-05-01T20:09:00","slug":"vivid-e95","status":"publish","type":"product","link":"https:\/\/global-medica.com\/en\/product\/vivid-e95\/","title":{"rendered":"Vivid E95"},"content":{"rendered":"<p>The Vivid E95 is a next-generation device designed for medical monitoring and diagnosis in clinical settings. This equipment, recognized for its high precision and reliability, is ideal for health professionals in the Dominican Republic and the Caribbean.<\/p>\n<h2>Advanced technology<\/h2>\n<p>The Vivid E95 allows you to perform echocardiograms of high-resolution, facilitating the cardiac evaluation and diagnosis of various cardiovascular pathologies.<\/p>\n<p>Its intuitive interface and ergonomic design ensure an efficient, reducing the time of training of medical personnel.<\/p>\n<p>Thanks to its ability to export images and data in formats supported, the device is easily integrated into the management systems of hospital information, optimizing the flow of clinical work.<\/p>\n<p>In addition, its portability allows it to be used in different environments, from hospitals to outpatient clinics, which makes it a versatile tool for health care.<\/p>\n<p>The durability and the low maintenance of the Vivid E95 guarantee a long-term investment for the health institutions in the region. When choosing the Vivid E95, medical professionals not only get a high-tech equipment, but also as an ally in the improvement of patient care and the management of cardiovascular health.<\/p>\n<h3>YOUR TIME IS VERY IMPORTANT. SAVE TIME.<\/h3>\n<p>Vivid E95 Ultra Edition introduces a new technology based on artificial intelligence to help reduce tedious tasks and improve the flow of work.\u00a0<sup>1<\/sup><\/p>\n<h3>THE POWER OF AI, EMPOWERED BY YOU<\/h3>\n<p>Take advantage of the benefits extended to artificial intelligence and to perform tests accurate, reproducible<sup>1<\/sup>\u00a0and high quality quickly and easily.<\/p>\n<p>&nbsp;<\/p>\n<p>&nbsp;<\/p>\n<p><a class=\"elboton\" href=\"https:\/\/www.gehealthcare.es\/products\/ultrasound\/vivid\/vivid-e95\" target=\"_blank\" rel=\"noopener\">Link to the brand<\/a><\/p>","protected":false},"excerpt":{"rendered":"<p>Vivid E95 Ultra Edition is engineered to deliver optimal image quality, advanced visualization, and effortless measurements in both 2D and 4D\u2014making it the ideal solution for managing the most complex cardiac patients.<\/p>","protected":false},"featured_media":2195,"comment_status":"open","ping_status":"closed","template":"","meta":[],"product_brand":[],"product_cat":[42],"product_tag":[],"class_list":{"0":"post-2108","1":"product","2":"type-product","3":"status-publish","4":"has-post-thumbnail","6":"product_cat-ecocardiografia","8":"first","9":"instock","10":"shipping-taxable","11":"purchasable","12":"product-type-simple"},"yoast_head":"<!-- This site is optimized with the Yoast SEO plugin v27.3 - https:\/\/yoast.com\/product\/yoast-seo-wordpress\/ -->\n<title>VIVID E95 - Global Medica - Global M\u00e9dica DR<\/title>\n<meta name=\"description\" content=\"Vivid E95 allows high-resolution echocardiograms to be performed, facilitating cardiac evaluation and diagnosis of various cardiovascular pathologies\" \/>\n<meta name=\"robots\" content=\"index, follow, max-snippet:-1, max-image-preview:large, max-video-preview:-1\" \/>\n<link rel=\"canonical\" href=\"https:\/\/global-medica.com\/en\/product\/vivid-e95\/\" \/>\n<meta property=\"og:locale\" content=\"en_US\" \/>\n<meta property=\"og:type\" content=\"article\" \/>\n<meta property=\"og:title\" content=\"VIVID E95 - Global Medica - Global M\u00e9dica DR\" \/>\n<meta property=\"og:description\" content=\"Vivid E95 allows high-resolution echocardiograms to be performed, facilitating cardiac evaluation and diagnosis of various cardiovascular pathologies\" \/>\n<meta property=\"og:url\" content=\"https:\/\/global-medica.com\/en\/product\/vivid-e95\/\" \/>\n<meta property=\"og:site_name\" content=\"Global Medica\" \/>\n<meta property=\"article:publisher\" content=\"https:\/\/www.facebook.com\/gmglobalmedica\" \/>\n<meta property=\"article:modified_time\" content=\"2025-05-01T20:09:00+00:00\" \/>\n<meta property=\"og:image\" content=\"https:\/\/global-medica.com\/wp-content\/uploads\/2024\/07\/PR-00039-min.webp\" \/>\n\t<meta property=\"og:image:width\" content=\"470\" \/>\n\t<meta property=\"og:image:height\" content=\"353\" \/>\n\t<meta property=\"og:image:type\" content=\"image\/webp\" \/>\n<meta name=\"twitter:card\" content=\"summary_large_image\" \/>\n<meta name=\"twitter:label1\" content=\"Est. reading time\" \/>\n\t<meta name=\"twitter:data1\" content=\"2 minutes\" \/>\n<script type=\"application\/ld+json\" class=\"yoast-schema-graph\">{\"@context\":\"https:\\\/\\\/schema.org\",\"@graph\":[{\"@type\":\"WebPage\",\"@id\":\"https:\\\/\\\/global-medica.com\\\/producto\\\/vivid-e95\\\/\",\"url\":\"https:\\\/\\\/global-medica.com\\\/producto\\\/vivid-e95\\\/\",\"name\":\"Vivid E95\",\"isPartOf\":{\"@id\":\"https:\\\/\\\/global-medica.com\\\/#website\"},\"primaryImageOfPage\":{\"@id\":\"https:\\\/\\\/global-medica.com\\\/producto\\\/vivid-e95\\\/#primaryimage\"},\"image\":{\"@id\":\"https:\\\/\\\/global-medica.com\\\/producto\\\/vivid-e95\\\/#primaryimage\"},\"thumbnailUrl\":\"https:\\\/\\\/global-medica.com\\\/wp-content\\\/uploads\\\/2024\\\/07\\\/PR-00039-min.webp\",\"datePublished\":\"2024-07-05T00:03:33+00:00\",\"dateModified\":\"2025-05-01T20:09:00+00:00\",\"description\":\"Vivid E95 permite realizar ecocardiogramas de alta resoluci\u00f3n, facilitando la evaluaci\u00f3n card\u00edaca y el diagn\u00f3stico de diversas patolog\u00edas cardiovasculares\",\"breadcrumb\":{\"@id\":\"https:\\\/\\\/global-medica.com\\\/producto\\\/vivid-e95\\\/#breadcrumb\"},\"inLanguage\":\"en-US\",\"potentialAction\":[{\"@type\":\"ReadAction\",\"target\":[\"https:\\\/\\\/global-medica.com\\\/producto\\\/vivid-e95\\\/\"]}]},{\"@type\":\"ImageObject\",\"inLanguage\":\"en-US\",\"@id\":\"https:\\\/\\\/global-medica.com\\\/producto\\\/vivid-e95\\\/#primaryimage\",\"url\":\"https:\\\/\\\/global-medica.com\\\/wp-content\\\/uploads\\\/2024\\\/07\\\/PR-00039-min.webp\",\"contentUrl\":\"https:\\\/\\\/global-medica.com\\\/wp-content\\\/uploads\\\/2024\\\/07\\\/PR-00039-min.webp\",\"width\":470,\"height\":353,\"caption\":\"Vivid E95\"},{\"@type\":\"BreadcrumbList\",\"@id\":\"https:\\\/\\\/global-medica.com\\\/producto\\\/vivid-e95\\\/#breadcrumb\",\"itemListElement\":[{\"@type\":\"ListItem\",\"position\":1,\"name\":\"Home\",\"item\":\"https:\\\/\\\/global-medica.com\\\/\"},{\"@type\":\"ListItem\",\"position\":2,\"name\":\"Productos\",\"item\":\"https:\\\/\\\/global-medica.com\\\/shop\\\/\"},{\"@type\":\"ListItem\",\"position\":3,\"name\":\"Vivid E95\"}]},{\"@type\":\"WebSite\",\"@id\":\"https:\\\/\\\/global-medica.com\\\/#website\",\"url\":\"https:\\\/\\\/global-medica.com\\\/\",\"name\":\"Global Medica\",\"description\":\"Global Medica\",\"publisher\":{\"@id\":\"https:\\\/\\\/global-medica.com\\\/#organization\"},\"inLanguage\":\"en-US\"},{\"@type\":\"Organization\",\"@id\":\"https:\\\/\\\/global-medica.com\\\/#organization\",\"name\":\"Global Medica\",\"url\":\"https:\\\/\\\/global-medica.com\\\/\",\"logo\":{\"@type\":\"ImageObject\",\"inLanguage\":\"en-US\",\"@id\":\"https:\\\/\\\/global-medica.com\\\/#\\\/schema\\\/logo\\\/image\\\/\",\"url\":\"https:\\\/\\\/global-medica.com\\\/wp-content\\\/uploads\\\/2024\\\/04\\\/global-logo.png\",\"contentUrl\":\"https:\\\/\\\/global-medica.com\\\/wp-content\\\/uploads\\\/2024\\\/04\\\/global-logo.png\",\"width\":312,\"height\":84,\"caption\":\"Global Medica\"},\"image\":{\"@id\":\"https:\\\/\\\/global-medica.com\\\/#\\\/schema\\\/logo\\\/image\\\/\"},\"sameAs\":[\"https:\\\/\\\/www.facebook.com\\\/gmglobalmedica\",\"https:\\\/\\\/www.instagram.com\\\/globalmedica\\\/\",\"https:\\\/\\\/www.linkedin.com\\\/company\\\/67924728\",\"https:\\\/\\\/www.youtube.com\\\/channel\\\/UCWT2KUVVms56vwB0N9r8qKQ\\\/\"]}]}<\/script>\n<!-- \/ Yoast SEO plugin. -->","yoast_head_json":{"title":"VIVID E95 - Global Medica - Global M\u00e9dica DR","description":"Vivid E95 allows high-resolution echocardiograms to be performed, facilitating cardiac evaluation and diagnosis of various cardiovascular pathologies","robots":{"index":"index","follow":"follow","max-snippet":"max-snippet:-1","max-image-preview":"max-image-preview:large","max-video-preview":"max-video-preview:-1"},"canonical":"https:\/\/global-medica.com\/en\/product\/vivid-e95\/","og_locale":"en_US","og_type":"article","og_title":"VIVID E95 - Global Medica - Global M\u00e9dica DR","og_description":"Vivid E95 allows high-resolution echocardiograms to be performed, facilitating cardiac evaluation and diagnosis of various cardiovascular pathologies","og_url":"https:\/\/global-medica.com\/en\/product\/vivid-e95\/","og_site_name":"Global Medica","article_publisher":"https:\/\/www.facebook.com\/gmglobalmedica","article_modified_time":"2025-05-01T20:09:00+00:00","og_image":[{"width":470,"height":353,"url":"https:\/\/global-medica.com\/wp-content\/uploads\/2024\/07\/PR-00039-min.webp","type":"image\/webp"}],"twitter_card":"summary_large_image","twitter_misc":{"Est. reading time":"2 minutes"},"schema":{"@context":"https:\/\/schema.org","@graph":[{"@type":"WebPage","@id":"https:\/\/global-medica.com\/producto\/vivid-e95\/","url":"https:\/\/global-medica.com\/producto\/vivid-e95\/","name":"Vivid E95","isPartOf":{"@id":"https:\/\/global-medica.com\/#website"},"primaryImageOfPage":{"@id":"https:\/\/global-medica.com\/producto\/vivid-e95\/#primaryimage"},"image":{"@id":"https:\/\/global-medica.com\/producto\/vivid-e95\/#primaryimage"},"thumbnailUrl":"https:\/\/global-medica.com\/wp-content\/uploads\/2024\/07\/PR-00039-min.webp","datePublished":"2024-07-05T00:03:33+00:00","dateModified":"2025-05-01T20:09:00+00:00","description":"Vivid E95 allows high-resolution echocardiograms to be performed, facilitating cardiac evaluation and diagnosis of various cardiovascular pathologies","breadcrumb":{"@id":"https:\/\/global-medica.com\/producto\/vivid-e95\/#breadcrumb"},"inLanguage":"en-US","potentialAction":[{"@type":"ReadAction","target":["https:\/\/global-medica.com\/producto\/vivid-e95\/"]}]},{"@type":"ImageObject","inLanguage":"en-US","@id":"https:\/\/global-medica.com\/producto\/vivid-e95\/#primaryimage","url":"https:\/\/global-medica.com\/wp-content\/uploads\/2024\/07\/PR-00039-min.webp","contentUrl":"https:\/\/global-medica.com\/wp-content\/uploads\/2024\/07\/PR-00039-min.webp","width":470,"height":353,"caption":"Vivid E95"},{"@type":"BreadcrumbList","@id":"https:\/\/global-medica.com\/producto\/vivid-e95\/#breadcrumb","itemListElement":[{"@type":"ListItem","position":1,"name":"Home","item":"https:\/\/global-medica.com\/"},{"@type":"ListItem","position":2,"name":"Productos","item":"https:\/\/global-medica.com\/shop\/"},{"@type":"ListItem","position":3,"name":"Vivid E95"}]},{"@type":"WebSite","@id":"https:\/\/global-medica.com\/#website","url":"https:\/\/global-medica.com\/","name":"Global Medica","description":"Global Medica","publisher":{"@id":"https:\/\/global-medica.com\/#organization"},"inLanguage":"en-US"},{"@type":"Organization","@id":"https:\/\/global-medica.com\/#organization","name":"Global Medica","url":"https:\/\/global-medica.com\/","logo":{"@type":"ImageObject","inLanguage":"en-US","@id":"https:\/\/global-medica.com\/#\/schema\/logo\/image\/","url":"https:\/\/global-medica.com\/wp-content\/uploads\/2024\/04\/global-logo.png","contentUrl":"https:\/\/global-medica.com\/wp-content\/uploads\/2024\/04\/global-logo.png","width":312,"height":84,"caption":"Global Medica"},"image":{"@id":"https:\/\/global-medica.com\/#\/schema\/logo\/image\/"},"sameAs":["https:\/\/www.facebook.com\/gmglobalmedica","https:\/\/www.instagram.com\/globalmedica\/","https:\/\/www.linkedin.com\/company\/67924728","https:\/\/www.youtube.com\/channel\/UCWT2KUVVms56vwB0N9r8qKQ\/"]}]}},"_links":{"self":[{"href":"https:\/\/global-medica.com\/en\/wp-json\/wp\/v2\/product\/2108","targetHints":{"allow":["GET"]}}],"collection":[{"href":"https:\/\/global-medica.com\/en\/wp-json\/wp\/v2\/product"}],"about":[{"href":"https:\/\/global-medica.com\/en\/wp-json\/wp\/v2\/types\/product"}],"replies":[{"embeddable":true,"href":"https:\/\/global-medica.com\/en\/wp-json\/wp\/v2\/comments?post=2108"}],"wp:featuredmedia":[{"embeddable":true,"href":"https:\/\/global-medica.com\/en\/wp-json\/wp\/v2\/media\/2195"}],"wp:attachment":[{"href":"https:\/\/global-medica.com\/en\/wp-json\/wp\/v2\/media?parent=2108"}],"wp:term":[{"taxonomy":"product_brand","embeddable":true,"href":"https:\/\/global-medica.com\/en\/wp-json\/wp\/v2\/product_brand?post=2108"},{"taxonomy":"product_cat","embeddable":true,"href":"https:\/\/global-medica.com\/en\/wp-json\/wp\/v2\/product_cat?post=2108"},{"taxonomy":"product_tag","embeddable":true,"href":"https:\/\/global-medica.com\/en\/wp-json\/wp\/v2\/product_tag?post=2108"}],"curies":[{"name":"wp","href":"https:\/\/api.w.org\/{rel}","templated":true}]}}