{"id":2105,"date":"2024-07-05T00:03:33","date_gmt":"2024-07-05T00:03:33","guid":{"rendered":"https:\/\/global-medica.com\/product\/vivid-s70\/"},"modified":"2025-05-06T20:31:32","modified_gmt":"2025-05-06T20:31:32","slug":"vivid-s70","status":"publish","type":"product","link":"https:\/\/global-medica.com\/en\/product\/vivid-s70\/","title":{"rendered":"Vivid S70"},"content":{"rendered":"<div>\n<div class=\"rah-static rah-static--height-auto ge-s-curve__title-description-wrapper ge-s-curve__title-description-wrapper--expanded\" aria-hidden=\"false\">\n<div>\n<div>\n<div class=\"ge-rtf-module ge-s-curve__description\">\n<div>\n<h2><strong>Vivid S70-N SAVE TIME\u00a0<\/strong><\/h2>\n<p>The system Vivid S70-N Ultra Edition is designed to help you overcome the clinical challenges of more demanding and introduces a new technology based on artificial intelligence that helps to reduce the tedious tasks and to improve the flow of work.<\/p>\n<h4><strong>THE POWER OF AI, EMPOWERED BY YOU<\/strong><\/h4>\n<p>Take advantage of the benefits extended to artificial intelligence and to perform tests accurate, reproducible and high quality quickly and easily.<sup>1<\/sup><\/p>\n<p>Expect a breathtaking experience.<\/p>\n<\/div>\n<\/div>\n<\/div>\n<\/div>\n<\/div>\n<\/div>\n<h3>With an intuitive touch screen and easy to use<\/h3>\n<p>The Vivid S70 facilitates the navigation and the access to multiple functions, optimizing the work flow of clinical settings. Its portability and compact design enable their use in various settings, from outpatient to procedures in the emergency room.<\/p>\n<h4 class=\"ge-s-curve__item-title -text--bold\">VIVID HEART APPLICATIONS<\/h4>\n<div class=\"ge-rtf-module ge-s-curve__description\">\n<div>Application solutions of Vivid Heart continues to expand to help you improve patient care. Artificial intelligence and other innovations to help you work more efficiently and quickly for the display and navigation, the quantification of the flow, the quantification of valve, the quantification of the camera and the acquisition of functional imaging AFI.<\/div>\n<\/div>\n<div>\n<div class=\"rah-static rah-static--height-auto ge-s-curve__title-description-wrapper ge-s-curve__title-description-wrapper--expanded\" aria-hidden=\"false\">\n<div>\n<div>\n<h4 class=\"ge-s-curve__item-title -text--bold\">Modern Ergonomics<\/h4>\n<div class=\"ge-rtf-module ge-s-curve__description\">\n<div>\n<p>To work efficiently and comfortably with designs family, modern and effective help to expedite the tests, also outside of the echocardiography lab.<\/p>\n<p>We invite you to take a tour through the new system Vivid S70N Ultra Edition.<\/p>\n<\/div>\n<\/div>\n<\/div>\n<\/div>\n<\/div>\n<\/div>\n<p>&nbsp;<\/p>\n<p>&nbsp;<\/p>\n<p><a class=\"elboton\" href=\"https:\/\/www.gehealthcare.es\/products\/ultrasound\/vivid\/vivid-s70n\" target=\"_blank\" rel=\"noopener\">Link to the brand<\/a><\/p>","protected":false},"excerpt":{"rendered":"<p>THE POWER OF AI, EMPOWERED BY YOU<\/p>\n<p>Vivid S70N Ultra Edition is a lightweight, transportable cardiovascular ultrasound system engineered to deliver uncompromised image quality, advanced visualization, and straightforward measurements\u2014while reducing tedious tasks and operator variability through AI-based features. 1<\/p>","protected":false},"featured_media":2193,"comment_status":"open","ping_status":"closed","template":"","meta":[],"product_brand":[],"product_cat":[42],"product_tag":[],"class_list":{"0":"post-2105","1":"product","2":"type-product","3":"status-publish","4":"has-post-thumbnail","6":"product_cat-ecocardiografia","8":"first","9":"instock","10":"shipping-taxable","11":"purchasable","12":"product-type-simple"},"yoast_head":"<!-- This site is optimized with the Yoast SEO plugin v27.3 - https:\/\/yoast.com\/product\/yoast-seo-wordpress\/ -->\n<title>Vivid S70-N Ultra Edition - Global Medica - Global M\u00e9dica DR<\/title>\n<meta name=\"description\" content=\"Vivid S70-N Ultra Edition est\u00e1 dise\u00f1ado para ayudarle a superar los retos cl\u00ednicos m\u00e1s exigentes ayuda a reducir las tareas y a mejorar el flujo de trabajo.\" \/>\n<meta name=\"robots\" content=\"index, follow, max-snippet:-1, max-image-preview:large, max-video-preview:-1\" \/>\n<link rel=\"canonical\" href=\"https:\/\/global-medica.com\/en\/product\/vivid-s70\/\" \/>\n<meta property=\"og:locale\" content=\"en_US\" \/>\n<meta property=\"og:type\" content=\"article\" \/>\n<meta property=\"og:title\" content=\"Vivid S70-N Ultra Edition - Global Medica - Global M\u00e9dica DR\" \/>\n<meta property=\"og:description\" content=\"Vivid S70-N Ultra Edition est\u00e1 dise\u00f1ado para ayudarle a superar los retos cl\u00ednicos m\u00e1s exigentes ayuda a reducir las tareas y a mejorar el flujo de trabajo.\" \/>\n<meta property=\"og:url\" content=\"https:\/\/global-medica.com\/en\/product\/vivid-s70\/\" \/>\n<meta property=\"og:site_name\" content=\"Global Medica\" \/>\n<meta property=\"article:publisher\" content=\"https:\/\/www.facebook.com\/gmglobalmedica\" \/>\n<meta property=\"article:modified_time\" content=\"2025-05-06T20:31:32+00:00\" \/>\n<meta property=\"og:image\" content=\"https:\/\/global-medica.com\/wp-content\/uploads\/2024\/07\/PR-00036-min.webp\" \/>\n\t<meta property=\"og:image:width\" content=\"470\" \/>\n\t<meta property=\"og:image:height\" content=\"433\" \/>\n\t<meta property=\"og:image:type\" content=\"image\/webp\" \/>\n<meta name=\"twitter:card\" content=\"summary_large_image\" \/>\n<meta name=\"twitter:label1\" content=\"Est. reading time\" \/>\n\t<meta name=\"twitter:data1\" content=\"2 minutes\" \/>\n<script type=\"application\/ld+json\" class=\"yoast-schema-graph\">{\"@context\":\"https:\\\/\\\/schema.org\",\"@graph\":[{\"@type\":\"WebPage\",\"@id\":\"https:\\\/\\\/global-medica.com\\\/producto\\\/vivid-s70\\\/\",\"url\":\"https:\\\/\\\/global-medica.com\\\/producto\\\/vivid-s70\\\/\",\"name\":\"Vivid S70-N Ultra Edition\",\"isPartOf\":{\"@id\":\"https:\\\/\\\/global-medica.com\\\/#website\"},\"primaryImageOfPage\":{\"@id\":\"https:\\\/\\\/global-medica.com\\\/producto\\\/vivid-s70\\\/#primaryimage\"},\"image\":{\"@id\":\"https:\\\/\\\/global-medica.com\\\/producto\\\/vivid-s70\\\/#primaryimage\"},\"thumbnailUrl\":\"https:\\\/\\\/global-medica.com\\\/wp-content\\\/uploads\\\/2024\\\/07\\\/PR-00036-min.webp\",\"datePublished\":\"2024-07-05T00:03:33+00:00\",\"dateModified\":\"2025-05-06T20:31:32+00:00\",\"description\":\"Vivid S70-N Ultra Edition est\u00e1 dise\u00f1ado para ayudarle a superar los retos cl\u00ednicos m\u00e1s exigentes ayuda a reducir las tareas y a mejorar el flujo de trabajo.\",\"breadcrumb\":{\"@id\":\"https:\\\/\\\/global-medica.com\\\/producto\\\/vivid-s70\\\/#breadcrumb\"},\"inLanguage\":\"en-US\",\"potentialAction\":[{\"@type\":\"ReadAction\",\"target\":[\"https:\\\/\\\/global-medica.com\\\/producto\\\/vivid-s70\\\/\"]}]},{\"@type\":\"ImageObject\",\"inLanguage\":\"en-US\",\"@id\":\"https:\\\/\\\/global-medica.com\\\/producto\\\/vivid-s70\\\/#primaryimage\",\"url\":\"https:\\\/\\\/global-medica.com\\\/wp-content\\\/uploads\\\/2024\\\/07\\\/PR-00036-min.webp\",\"contentUrl\":\"https:\\\/\\\/global-medica.com\\\/wp-content\\\/uploads\\\/2024\\\/07\\\/PR-00036-min.webp\",\"width\":470,\"height\":433,\"caption\":\"Vivid S70-N Ultra Edition\"},{\"@type\":\"BreadcrumbList\",\"@id\":\"https:\\\/\\\/global-medica.com\\\/producto\\\/vivid-s70\\\/#breadcrumb\",\"itemListElement\":[{\"@type\":\"ListItem\",\"position\":1,\"name\":\"Home\",\"item\":\"https:\\\/\\\/global-medica.com\\\/\"},{\"@type\":\"ListItem\",\"position\":2,\"name\":\"Productos\",\"item\":\"https:\\\/\\\/global-medica.com\\\/shop\\\/\"},{\"@type\":\"ListItem\",\"position\":3,\"name\":\"Vivid S70\"}]},{\"@type\":\"WebSite\",\"@id\":\"https:\\\/\\\/global-medica.com\\\/#website\",\"url\":\"https:\\\/\\\/global-medica.com\\\/\",\"name\":\"Global Medica\",\"description\":\"Global Medica\",\"publisher\":{\"@id\":\"https:\\\/\\\/global-medica.com\\\/#organization\"},\"inLanguage\":\"en-US\"},{\"@type\":\"Organization\",\"@id\":\"https:\\\/\\\/global-medica.com\\\/#organization\",\"name\":\"Global Medica\",\"url\":\"https:\\\/\\\/global-medica.com\\\/\",\"logo\":{\"@type\":\"ImageObject\",\"inLanguage\":\"en-US\",\"@id\":\"https:\\\/\\\/global-medica.com\\\/#\\\/schema\\\/logo\\\/image\\\/\",\"url\":\"https:\\\/\\\/global-medica.com\\\/wp-content\\\/uploads\\\/2024\\\/04\\\/global-logo.png\",\"contentUrl\":\"https:\\\/\\\/global-medica.com\\\/wp-content\\\/uploads\\\/2024\\\/04\\\/global-logo.png\",\"width\":312,\"height\":84,\"caption\":\"Global Medica\"},\"image\":{\"@id\":\"https:\\\/\\\/global-medica.com\\\/#\\\/schema\\\/logo\\\/image\\\/\"},\"sameAs\":[\"https:\\\/\\\/www.facebook.com\\\/gmglobalmedica\",\"https:\\\/\\\/www.instagram.com\\\/globalmedica\\\/\",\"https:\\\/\\\/www.linkedin.com\\\/company\\\/67924728\",\"https:\\\/\\\/www.youtube.com\\\/channel\\\/UCWT2KUVVms56vwB0N9r8qKQ\\\/\"]}]}<\/script>\n<!-- \/ Yoast SEO plugin. -->","yoast_head_json":{"title":"Vivid S70-N Ultra Edition - Global Medica - Global M\u00e9dica DR","description":"Vivid S70-N Ultra Edition est\u00e1 dise\u00f1ado para ayudarle a superar los retos cl\u00ednicos m\u00e1s exigentes ayuda a reducir las tareas y a mejorar el flujo de trabajo.","robots":{"index":"index","follow":"follow","max-snippet":"max-snippet:-1","max-image-preview":"max-image-preview:large","max-video-preview":"max-video-preview:-1"},"canonical":"https:\/\/global-medica.com\/en\/product\/vivid-s70\/","og_locale":"en_US","og_type":"article","og_title":"Vivid S70-N Ultra Edition - Global Medica - Global M\u00e9dica DR","og_description":"Vivid S70-N Ultra Edition est\u00e1 dise\u00f1ado para ayudarle a superar los retos cl\u00ednicos m\u00e1s exigentes ayuda a reducir las tareas y a mejorar el flujo de trabajo.","og_url":"https:\/\/global-medica.com\/en\/product\/vivid-s70\/","og_site_name":"Global Medica","article_publisher":"https:\/\/www.facebook.com\/gmglobalmedica","article_modified_time":"2025-05-06T20:31:32+00:00","og_image":[{"width":470,"height":433,"url":"https:\/\/global-medica.com\/wp-content\/uploads\/2024\/07\/PR-00036-min.webp","type":"image\/webp"}],"twitter_card":"summary_large_image","twitter_misc":{"Est. reading time":"2 minutes"},"schema":{"@context":"https:\/\/schema.org","@graph":[{"@type":"WebPage","@id":"https:\/\/global-medica.com\/producto\/vivid-s70\/","url":"https:\/\/global-medica.com\/producto\/vivid-s70\/","name":"Vivid S70-N Ultra Edition","isPartOf":{"@id":"https:\/\/global-medica.com\/#website"},"primaryImageOfPage":{"@id":"https:\/\/global-medica.com\/producto\/vivid-s70\/#primaryimage"},"image":{"@id":"https:\/\/global-medica.com\/producto\/vivid-s70\/#primaryimage"},"thumbnailUrl":"https:\/\/global-medica.com\/wp-content\/uploads\/2024\/07\/PR-00036-min.webp","datePublished":"2024-07-05T00:03:33+00:00","dateModified":"2025-05-06T20:31:32+00:00","description":"Vivid S70-N Ultra Edition est\u00e1 dise\u00f1ado para ayudarle a superar los retos cl\u00ednicos m\u00e1s exigentes ayuda a reducir las tareas y a mejorar el flujo de trabajo.","breadcrumb":{"@id":"https:\/\/global-medica.com\/producto\/vivid-s70\/#breadcrumb"},"inLanguage":"en-US","potentialAction":[{"@type":"ReadAction","target":["https:\/\/global-medica.com\/producto\/vivid-s70\/"]}]},{"@type":"ImageObject","inLanguage":"en-US","@id":"https:\/\/global-medica.com\/producto\/vivid-s70\/#primaryimage","url":"https:\/\/global-medica.com\/wp-content\/uploads\/2024\/07\/PR-00036-min.webp","contentUrl":"https:\/\/global-medica.com\/wp-content\/uploads\/2024\/07\/PR-00036-min.webp","width":470,"height":433,"caption":"Vivid S70-N Ultra Edition"},{"@type":"BreadcrumbList","@id":"https:\/\/global-medica.com\/producto\/vivid-s70\/#breadcrumb","itemListElement":[{"@type":"ListItem","position":1,"name":"Home","item":"https:\/\/global-medica.com\/"},{"@type":"ListItem","position":2,"name":"Productos","item":"https:\/\/global-medica.com\/shop\/"},{"@type":"ListItem","position":3,"name":"Vivid S70"}]},{"@type":"WebSite","@id":"https:\/\/global-medica.com\/#website","url":"https:\/\/global-medica.com\/","name":"Global Medica","description":"Global Medica","publisher":{"@id":"https:\/\/global-medica.com\/#organization"},"inLanguage":"en-US"},{"@type":"Organization","@id":"https:\/\/global-medica.com\/#organization","name":"Global Medica","url":"https:\/\/global-medica.com\/","logo":{"@type":"ImageObject","inLanguage":"en-US","@id":"https:\/\/global-medica.com\/#\/schema\/logo\/image\/","url":"https:\/\/global-medica.com\/wp-content\/uploads\/2024\/04\/global-logo.png","contentUrl":"https:\/\/global-medica.com\/wp-content\/uploads\/2024\/04\/global-logo.png","width":312,"height":84,"caption":"Global Medica"},"image":{"@id":"https:\/\/global-medica.com\/#\/schema\/logo\/image\/"},"sameAs":["https:\/\/www.facebook.com\/gmglobalmedica","https:\/\/www.instagram.com\/globalmedica\/","https:\/\/www.linkedin.com\/company\/67924728","https:\/\/www.youtube.com\/channel\/UCWT2KUVVms56vwB0N9r8qKQ\/"]}]}},"_links":{"self":[{"href":"https:\/\/global-medica.com\/en\/wp-json\/wp\/v2\/product\/2105","targetHints":{"allow":["GET"]}}],"collection":[{"href":"https:\/\/global-medica.com\/en\/wp-json\/wp\/v2\/product"}],"about":[{"href":"https:\/\/global-medica.com\/en\/wp-json\/wp\/v2\/types\/product"}],"replies":[{"embeddable":true,"href":"https:\/\/global-medica.com\/en\/wp-json\/wp\/v2\/comments?post=2105"}],"wp:featuredmedia":[{"embeddable":true,"href":"https:\/\/global-medica.com\/en\/wp-json\/wp\/v2\/media\/2193"}],"wp:attachment":[{"href":"https:\/\/global-medica.com\/en\/wp-json\/wp\/v2\/media?parent=2105"}],"wp:term":[{"taxonomy":"product_brand","embeddable":true,"href":"https:\/\/global-medica.com\/en\/wp-json\/wp\/v2\/product_brand?post=2105"},{"taxonomy":"product_cat","embeddable":true,"href":"https:\/\/global-medica.com\/en\/wp-json\/wp\/v2\/product_cat?post=2105"},{"taxonomy":"product_tag","embeddable":true,"href":"https:\/\/global-medica.com\/en\/wp-json\/wp\/v2\/product_tag?post=2105"}],"curies":[{"name":"wp","href":"https:\/\/api.w.org\/{rel}","templated":true}]}}