{"id":2103,"date":"2024-07-05T00:03:33","date_gmt":"2024-07-05T00:03:33","guid":{"rendered":"https:\/\/global-medica.com\/product\/voluson-s8t\/"},"modified":"2025-05-01T20:39:59","modified_gmt":"2025-05-01T20:39:59","slug":"voluson-s8t","status":"publish","type":"product","link":"https:\/\/global-medica.com\/en\/product\/voluson-s8t\/","title":{"rendered":"Voluson\u2122 S8T"},"content":{"rendered":"<h2 class=\"ptags-small pdp-glance-item-headline\">Voluson \u2122 S8T Simple acquisition of images<\/h2>\n<p>Quickly capture images with minimal manipulation\u2014just position the transducer and begin scanning.<\/p>\n<p class=\"ptags-small pdp-glance-item-headline\">Exceptional Color Sensitivity<\/p>\n<div class=\"ptags-small pdp-glance-item-body\">Offers a new standard of color Doppler sensitivity for easy, fast visualization of even the smallest vessels, delivering a more dynamic, almost 3D-like appearance of fetal heart borders.<\/div>\n<p class=\"ptags-small pdp-glance-item-headline\">Automated Efficiency with AI<\/p>\n<div class=\"ptags-small pdp-glance-item-body\">Our advanced tools of automation and AI, in combination with the easy and intuitive operation of the system, allow you to work with greater ease and efficiency.<\/div>\n<p class=\"ptags-small pdp-glance-item-headline\">Enhanced Flexibility &amp; Ergonomics<\/p>\n<div class=\"ptags-small pdp-glance-item-body\">Thanks to its ergonomics and advanced features focused on their clinical specialty, the Voluson S8t offers comfort and options at an affordable price.<\/div>\n<h2 class=\"ge-product-carousel__componentTitle title-m\">Gallery of Voluson S8t<\/h2>\n<h2 class=\"FadeInVideoComponent__heading themev2-purple-1000\"><em>Radiantflow\u00a0<\/em>\u2122<\/h2>\n<p class=\"FadeInVideoComponent__description themev2-purple-1000\">Achieve a new standard of color Doppler with Radiant<em>flow<\/em>\u2122 that will allow you to get a visualization for fast and easy even the glasses more tiny.<\/p>\n<h3 class=\"ge-SCurveModuleV2__grid__grid-row__text-content__heading title-s themev2-purple-1000\">SonoCNS<\/h3>\n<p class=\"ge-SCurveModuleV2__grid__grid-row__text-content__description ptags-small themev2-purple-1000\">This Edison-powered deep-learning application automatically aligns and displays recommended fetal brain views and measurements.<\/p>\n<h3 class=\"ge-SCurveModuleV2__grid__grid-row__text-content__heading title-s themev2-purple-1000\">Uterine Trace<\/h3>\n<p class=\"ge-SCurveModuleV2__grid__grid-row__text-content__description ptags-small themev2-purple-1000\">From a standard view, trace the endometrium to automatically acquire a volume and generate the essential coronal view\u2014quickly and accurately.<\/p>\n<p class=\"FadeInVideoComponent__description themev2-purple-1000\">Use a combination of advanced lighting techniques, and darkening of the skin to display images with a depth and clarity that is unprecedented.<\/p>\n<h3 class=\"ge-SCurveModuleV2__grid__grid-row__text-content__heading title-s themev2-purple-1000\">SonoAVC\u2122follicle and SonoAVCantral<\/h3>\n<p class=\"ge-SCurveModuleV2__grid__grid-row__text-content__description ptags-small themev2-purple-1000\">Automatically calculates the number, dimensions, and volume of hypoechoic structures for follicle monitoring or antral follicle counts.<\/p>\n<h3 class=\"ge-SCurveModuleV2__grid__grid-row__text-content__heading title-s themev2-purple-1000\">Volume Imaging (VCI)<\/h3>\n<p class=\"ge-SCurveModuleV2__grid__grid-row__text-content__description ptags-small themev2-purple-1000\">Improves contrast resolution in 3D or 4D by optimizing tissue and bone rendering techniques.<\/p>\n<h3 class=\"ge-SCurveModuleV2__grid__grid-row__text-content__heading title-s themev2-purple-1000\">Scan Assistant<\/h3>\n<p class=\"ge-SCurveModuleV2__grid__grid-row__text-content__description ptags-small themev2-purple-1000\">This scan protocol flexible and customizable contributes to reduce the time required to develop and document the results to guide you through the exploration of more efficient and help you to make annotations, measurements, and generate reports.<\/p>\n<h3 class=\"ge-generic-content-v2-container__heading title-s\">Voluson Probe Technology<\/h3>\n<p>The extraordinary quality of the image starts with the technology of the probe is advanced. Based on feedback from physicians and sonographers, we have improved the probes Voluson to help you meet your ergonomic needs and we have included innovations and advanced technologies for the applications of attention to the woman.<\/p>\n<p>&nbsp;<\/p>\n<p>&nbsp;<\/p>\n<p><a class=\"elboton\" href=\"https:\/\/latam.gehealthcare.com\/products\/ultrasound\/voluson\/voluson-s8-with-touch-panel\" target=\"_blank\" rel=\"noopener\">Link to the brand<\/a><\/p>","protected":false},"excerpt":{"rendered":"<p>Stay Ahead with Remarkable Imaging.<\/p>\n<p>Voluson\u2122 S8T is engineered to boost your daily productivity by reducing common clinical hurdles. With automated tools, AI-driven features, and a user-friendly interface, the Voluson S8T allows you to work more efficiently\u2014while delivering the high-quality care your patients expect.<\/p>","protected":false},"featured_media":2191,"comment_status":"open","ping_status":"closed","template":"","meta":[],"product_brand":[],"product_cat":[41],"product_tag":[],"class_list":{"0":"post-2103","1":"product","2":"type-product","3":"status-publish","4":"has-post-thumbnail","6":"product_cat-imagenologia-de-la-mujer","8":"first","9":"instock","10":"shipping-taxable","11":"purchasable","12":"product-type-simple"},"yoast_head":"<!-- This site is optimized with the Yoast SEO plugin v25.7 - https:\/\/yoast.com\/wordpress\/plugins\/seo\/ -->\n<title>Voluson S8T Global Medica<\/title>\n<meta name=\"description\" content=\"Voluson \u2122 S8T optimiza el flujo de trabajo cl\u00ednico, permitiendo a los profesionales de la salud realizar ex\u00e1menes de manera m\u00e1s r\u00e1pida y efectiva.\" \/>\n<meta name=\"robots\" content=\"index, follow, max-snippet:-1, max-image-preview:large, max-video-preview:-1\" \/>\n<link rel=\"canonical\" href=\"https:\/\/global-medica.com\/en\/product\/voluson-s8t\/\" \/>\n<meta property=\"og:locale\" content=\"en_US\" \/>\n<meta property=\"og:type\" content=\"article\" \/>\n<meta property=\"og:title\" content=\"Voluson S8T Global Medica\" \/>\n<meta property=\"og:description\" content=\"Voluson \u2122 S8T optimiza el flujo de trabajo cl\u00ednico, permitiendo a los profesionales de la salud realizar ex\u00e1menes de manera m\u00e1s r\u00e1pida y efectiva.\" \/>\n<meta property=\"og:url\" content=\"https:\/\/global-medica.com\/en\/product\/voluson-s8t\/\" \/>\n<meta property=\"og:site_name\" content=\"Global Medica\" \/>\n<meta property=\"article:publisher\" content=\"https:\/\/www.facebook.com\/gmglobalmedica\" \/>\n<meta property=\"article:modified_time\" content=\"2025-05-01T20:39:59+00:00\" \/>\n<meta property=\"og:image\" content=\"https:\/\/global-medica.com\/wp-content\/uploads\/2024\/07\/PR-00034-min.webp\" \/>\n\t<meta property=\"og:image:width\" content=\"899\" \/>\n\t<meta property=\"og:image:height\" content=\"648\" \/>\n\t<meta property=\"og:image:type\" content=\"image\/webp\" \/>\n<meta name=\"twitter:card\" content=\"summary_large_image\" \/>\n<meta name=\"twitter:label1\" content=\"Est. reading time\" \/>\n\t<meta name=\"twitter:data1\" content=\"3 minutes\" \/>\n<script type=\"application\/ld+json\" class=\"yoast-schema-graph\">{\"@context\":\"https:\/\/schema.org\",\"@graph\":[{\"@type\":\"WebPage\",\"@id\":\"https:\/\/global-medica.com\/producto\/voluson-s8t\/\",\"url\":\"https:\/\/global-medica.com\/producto\/voluson-s8t\/\",\"name\":\"Voluson S8T Global Medica\",\"isPartOf\":{\"@id\":\"https:\/\/global-medica.com\/#website\"},\"primaryImageOfPage\":{\"@id\":\"https:\/\/global-medica.com\/producto\/voluson-s8t\/#primaryimage\"},\"image\":{\"@id\":\"https:\/\/global-medica.com\/producto\/voluson-s8t\/#primaryimage\"},\"thumbnailUrl\":\"https:\/\/global-medica.com\/wp-content\/uploads\/2024\/07\/PR-00034-min.webp\",\"datePublished\":\"2024-07-05T00:03:33+00:00\",\"dateModified\":\"2025-05-01T20:39:59+00:00\",\"description\":\"Voluson \u2122 S8T optimiza el flujo de trabajo cl\u00ednico, permitiendo a los profesionales de la salud realizar ex\u00e1menes de manera m\u00e1s r\u00e1pida y efectiva.\",\"breadcrumb\":{\"@id\":\"https:\/\/global-medica.com\/producto\/voluson-s8t\/#breadcrumb\"},\"inLanguage\":\"en-US\",\"potentialAction\":[{\"@type\":\"ReadAction\",\"target\":[\"https:\/\/global-medica.com\/producto\/voluson-s8t\/\"]}]},{\"@type\":\"ImageObject\",\"inLanguage\":\"en-US\",\"@id\":\"https:\/\/global-medica.com\/producto\/voluson-s8t\/#primaryimage\",\"url\":\"https:\/\/global-medica.com\/wp-content\/uploads\/2024\/07\/PR-00034-min.webp\",\"contentUrl\":\"https:\/\/global-medica.com\/wp-content\/uploads\/2024\/07\/PR-00034-min.webp\",\"width\":899,\"height\":648,\"caption\":\"Voluson S8T Global Medica\"},{\"@type\":\"BreadcrumbList\",\"@id\":\"https:\/\/global-medica.com\/producto\/voluson-s8t\/#breadcrumb\",\"itemListElement\":[{\"@type\":\"ListItem\",\"position\":1,\"name\":\"Home\",\"item\":\"https:\/\/global-medica.com\/\"},{\"@type\":\"ListItem\",\"position\":2,\"name\":\"Productos\",\"item\":\"https:\/\/global-medica.com\/shop\/\"},{\"@type\":\"ListItem\",\"position\":3,\"name\":\"Voluson\u2122 S8T\"}]},{\"@type\":\"WebSite\",\"@id\":\"https:\/\/global-medica.com\/#website\",\"url\":\"https:\/\/global-medica.com\/\",\"name\":\"Global Medica\",\"description\":\"Global Medica\",\"publisher\":{\"@id\":\"https:\/\/global-medica.com\/#organization\"},\"potentialAction\":[{\"@type\":\"SearchAction\",\"target\":{\"@type\":\"EntryPoint\",\"urlTemplate\":\"https:\/\/global-medica.com\/?s={search_term_string}\"},\"query-input\":{\"@type\":\"PropertyValueSpecification\",\"valueRequired\":true,\"valueName\":\"search_term_string\"}}],\"inLanguage\":\"en-US\"},{\"@type\":\"Organization\",\"@id\":\"https:\/\/global-medica.com\/#organization\",\"name\":\"Global Medica\",\"url\":\"https:\/\/global-medica.com\/\",\"logo\":{\"@type\":\"ImageObject\",\"inLanguage\":\"en-US\",\"@id\":\"https:\/\/global-medica.com\/#\/schema\/logo\/image\/\",\"url\":\"https:\/\/global-medica.com\/wp-content\/uploads\/2024\/04\/global-logo.png\",\"contentUrl\":\"https:\/\/global-medica.com\/wp-content\/uploads\/2024\/04\/global-logo.png\",\"width\":312,\"height\":84,\"caption\":\"Global Medica\"},\"image\":{\"@id\":\"https:\/\/global-medica.com\/#\/schema\/logo\/image\/\"},\"sameAs\":[\"https:\/\/www.facebook.com\/gmglobalmedica\",\"https:\/\/www.instagram.com\/globalmedica\/\",\"https:\/\/www.linkedin.com\/company\/67924728\",\"https:\/\/www.youtube.com\/channel\/UCWT2KUVVms56vwB0N9r8qKQ\/\"]}]}<\/script>\n<!-- \/ Yoast SEO plugin. -->","yoast_head_json":{"title":"Voluson S8T Global Medica","description":"Voluson \u2122 S8T optimiza el flujo de trabajo cl\u00ednico, permitiendo a los profesionales de la salud realizar ex\u00e1menes de manera m\u00e1s r\u00e1pida y efectiva.","robots":{"index":"index","follow":"follow","max-snippet":"max-snippet:-1","max-image-preview":"max-image-preview:large","max-video-preview":"max-video-preview:-1"},"canonical":"https:\/\/global-medica.com\/en\/product\/voluson-s8t\/","og_locale":"en_US","og_type":"article","og_title":"Voluson S8T Global Medica","og_description":"Voluson \u2122 S8T optimiza el flujo de trabajo cl\u00ednico, permitiendo a los profesionales de la salud realizar ex\u00e1menes de manera m\u00e1s r\u00e1pida y efectiva.","og_url":"https:\/\/global-medica.com\/en\/product\/voluson-s8t\/","og_site_name":"Global Medica","article_publisher":"https:\/\/www.facebook.com\/gmglobalmedica","article_modified_time":"2025-05-01T20:39:59+00:00","og_image":[{"width":899,"height":648,"url":"https:\/\/global-medica.com\/wp-content\/uploads\/2024\/07\/PR-00034-min.webp","type":"image\/webp"}],"twitter_card":"summary_large_image","twitter_misc":{"Est. reading time":"3 minutes"},"schema":{"@context":"https:\/\/schema.org","@graph":[{"@type":"WebPage","@id":"https:\/\/global-medica.com\/producto\/voluson-s8t\/","url":"https:\/\/global-medica.com\/producto\/voluson-s8t\/","name":"Voluson S8T Global Medica","isPartOf":{"@id":"https:\/\/global-medica.com\/#website"},"primaryImageOfPage":{"@id":"https:\/\/global-medica.com\/producto\/voluson-s8t\/#primaryimage"},"image":{"@id":"https:\/\/global-medica.com\/producto\/voluson-s8t\/#primaryimage"},"thumbnailUrl":"https:\/\/global-medica.com\/wp-content\/uploads\/2024\/07\/PR-00034-min.webp","datePublished":"2024-07-05T00:03:33+00:00","dateModified":"2025-05-01T20:39:59+00:00","description":"Voluson \u2122 S8T optimiza el flujo de trabajo cl\u00ednico, permitiendo a los profesionales de la salud realizar ex\u00e1menes de manera m\u00e1s r\u00e1pida y efectiva.","breadcrumb":{"@id":"https:\/\/global-medica.com\/producto\/voluson-s8t\/#breadcrumb"},"inLanguage":"en-US","potentialAction":[{"@type":"ReadAction","target":["https:\/\/global-medica.com\/producto\/voluson-s8t\/"]}]},{"@type":"ImageObject","inLanguage":"en-US","@id":"https:\/\/global-medica.com\/producto\/voluson-s8t\/#primaryimage","url":"https:\/\/global-medica.com\/wp-content\/uploads\/2024\/07\/PR-00034-min.webp","contentUrl":"https:\/\/global-medica.com\/wp-content\/uploads\/2024\/07\/PR-00034-min.webp","width":899,"height":648,"caption":"Voluson S8T Global Medica"},{"@type":"BreadcrumbList","@id":"https:\/\/global-medica.com\/producto\/voluson-s8t\/#breadcrumb","itemListElement":[{"@type":"ListItem","position":1,"name":"Home","item":"https:\/\/global-medica.com\/"},{"@type":"ListItem","position":2,"name":"Productos","item":"https:\/\/global-medica.com\/shop\/"},{"@type":"ListItem","position":3,"name":"Voluson\u2122 S8T"}]},{"@type":"WebSite","@id":"https:\/\/global-medica.com\/#website","url":"https:\/\/global-medica.com\/","name":"Global Medica","description":"Global Medica","publisher":{"@id":"https:\/\/global-medica.com\/#organization"},"potentialAction":[{"@type":"SearchAction","target":{"@type":"EntryPoint","urlTemplate":"https:\/\/global-medica.com\/?s={search_term_string}"},"query-input":{"@type":"PropertyValueSpecification","valueRequired":true,"valueName":"search_term_string"}}],"inLanguage":"en-US"},{"@type":"Organization","@id":"https:\/\/global-medica.com\/#organization","name":"Global Medica","url":"https:\/\/global-medica.com\/","logo":{"@type":"ImageObject","inLanguage":"en-US","@id":"https:\/\/global-medica.com\/#\/schema\/logo\/image\/","url":"https:\/\/global-medica.com\/wp-content\/uploads\/2024\/04\/global-logo.png","contentUrl":"https:\/\/global-medica.com\/wp-content\/uploads\/2024\/04\/global-logo.png","width":312,"height":84,"caption":"Global Medica"},"image":{"@id":"https:\/\/global-medica.com\/#\/schema\/logo\/image\/"},"sameAs":["https:\/\/www.facebook.com\/gmglobalmedica","https:\/\/www.instagram.com\/globalmedica\/","https:\/\/www.linkedin.com\/company\/67924728","https:\/\/www.youtube.com\/channel\/UCWT2KUVVms56vwB0N9r8qKQ\/"]}]}},"_links":{"self":[{"href":"https:\/\/global-medica.com\/en\/wp-json\/wp\/v2\/product\/2103","targetHints":{"allow":["GET"]}}],"collection":[{"href":"https:\/\/global-medica.com\/en\/wp-json\/wp\/v2\/product"}],"about":[{"href":"https:\/\/global-medica.com\/en\/wp-json\/wp\/v2\/types\/product"}],"replies":[{"embeddable":true,"href":"https:\/\/global-medica.com\/en\/wp-json\/wp\/v2\/comments?post=2103"}],"wp:featuredmedia":[{"embeddable":true,"href":"https:\/\/global-medica.com\/en\/wp-json\/wp\/v2\/media\/2191"}],"wp:attachment":[{"href":"https:\/\/global-medica.com\/en\/wp-json\/wp\/v2\/media?parent=2103"}],"wp:term":[{"taxonomy":"product_brand","embeddable":true,"href":"https:\/\/global-medica.com\/en\/wp-json\/wp\/v2\/product_brand?post=2103"},{"taxonomy":"product_cat","embeddable":true,"href":"https:\/\/global-medica.com\/en\/wp-json\/wp\/v2\/product_cat?post=2103"},{"taxonomy":"product_tag","embeddable":true,"href":"https:\/\/global-medica.com\/en\/wp-json\/wp\/v2\/product_tag?post=2103"}],"curies":[{"name":"wp","href":"https:\/\/api.w.org\/{rel}","templated":true}]}}