{"id":2102,"date":"2024-07-05T00:03:32","date_gmt":"2024-07-05T00:03:32","guid":{"rendered":"https:\/\/global-medica.com\/product\/voluson-expert-22\/"},"modified":"2025-05-02T15:04:24","modified_gmt":"2025-05-02T15:04:24","slug":"voluson-expert-22","status":"publish","type":"product","link":"https:\/\/global-medica.com\/en\/product\/voluson-expert-22\/","title":{"rendered":"Voluson\u2122 Expert 22"},"content":{"rendered":"<section id=\"superposici\u00f3n-destacada-de-la-campa\u00f1a\" class=\"ge-featured-highlight themev2-purple-1000 gehc-padding-top-48 gehc-padding-bottom-48\" aria-label=\"Feature Highlight\">\n<div class=\"mdc-layout-grid eds-grid\">\n<div class=\"mdc-layout-grid__inner\">\n<div class=\"mdc-layout-grid__cell mdc-layout-grid__cell--span-5-desktop mdc-layout-grid__cell--span-4-tablet mdc-layout-grid__cell--span-4-phone\">\n<div class=\"feature-highlight_content-wrapper\">\n<h3 class=\"title-s feature-highlight_title\">The Voluson Expert 22 is here: join the launch event<\/h3>\n<div class=\"ptags feature-highlight_bodyCopy\">The more recent innovation of Voluson, Voluson Expert 22, is already here, and you have a front-row seat. This event, the first of its kind, is led by Dr Alfred Abuhamad and Prof. Rabih Chaoui, and delves into the features, functions, and unique abilities of this innovative technology.<\/div>\n<\/div>\n<\/div>\n<\/div>\n<\/div>\n<\/section>\n<section id=\"m\u00f3dulo-de-video-multimedia-de-ancho-completo-v2\" class=\"geFullWidthVideoV2\">\n<div class=\"geFullWidthVideoV2_container\">\n<div class=\"mdc-layout-grid eds-grid geFullWidthVideoV2_grid\">\n<div class=\"mdc-layout-grid__inner\">\n<div class=\"mdc-layout-grid__cell mdc-layout-grid__cell--span-8-desktop mdc-layout-grid__cell--span-6-tablet mdc-layout-grid__cell--span-4-phone\">\n<h5 class=\"geFullWidthVideoV2_grid_sectionTitle\">ULTRASOUND FOR WOMEN&#039;S HEALTH<\/h5>\n<\/div>\n<\/div>\n<div class=\"mdc-layout-grid__inner\">\n<div class=\"mdc-layout-grid__cell mdc-layout-grid__cell--span-8-desktop mdc-layout-grid__cell--span-6-tablet mdc-layout-grid__cell--span-3-phone\">\n<h2 class=\"geFullWidthVideoV2_grid_heading\">For pioneers like you<\/h2>\n<\/div>\n<\/div>\n<div class=\"mdc-layout-grid__inner\">\n<div class=\"mdc-layout-grid__cell mdc-layout-grid__cell--span-8-desktop mdc-layout-grid__cell--span-6-tablet mdc-layout-grid__cell--span-4-phone\">\n<p class=\"geFullWidthVideoV2_grid_description\">The health of the woman is her life and his legacy. His focus is now, but it&#039;s already imagining what follows: find answers to complex questions that have yet to be formulated. That is why we created the Voluson Expert 22. For the pioneers. For the innovators. Because like you, we not only look forward to a healthier future for women. We insist on it.<\/p>\n<\/div>\n<\/div>\n<\/div>\n<\/div>\n<\/section>\n<section id=\"$name\" class=\"ge-medium-testimonial gehc-padding-top-48 gehc-padding-bottom-48 themev2-purple-700\">\n<div class=\"mdc-layout-grid eds-grid ge-medium-testimonial_grid\">\n<div class=\"mdc-layout-grid__inner ge-medium-testimonial_grid_row\">\n<div class=\"mdc-layout-grid__cell mdc-layout-grid__cell--span-9-desktop mdc-layout-grid__cell--span-7-tablet mdc-layout-grid__cell--span-4-phone\">\n<p class=\"ge-medium-testimonial_grid__quote quotes\">&#034;The Voluson Expert 22 is a masterpiece of engineering that gets the best 2D image of thin patients to patients of exploration difficult. This machine also has the best ergonomics and is the most customizable ever produced. It is the best ultrasound machine that I&#039;ve used.&#034;<\/p>\n<p class=\"ge-medium-testimonial_grid__speaker\">Prof. Rabih Chaoui<\/p>\n<p class=\"ge-medium-testimonial_grid__jobTitle caption\">Center of prenatal diagnosis and human genetics, Berlin<\/p>\n<\/div>\n<\/div>\n<div class=\"mdc-layout-grid__inner\"><\/div>\n<\/div>\n<\/section>\n<section id=\"$name\" class=\"FadeInVideoComponent gehc-padding-top-48 gehc-padding-bottom-48 themev2-purple-1000\">\n<div class=\"mdc-layout-grid eds-grid FadeInVideoComponent__grid\">\n<div class=\"mdc-layout-grid__inner FadeInVideoComponent__grid-row\">\n<div class=\"mdc-layout-grid__cell mdc-layout-grid__cell--span-8-desktop mdc-layout-grid__cell--span-6-tablet mdc-layout-grid__cell--span-4-phone\">\n<h5 class=\"FadeInVideoComponent__title themev2-purple-1000\">IMAGE ACQUISITION<\/h5>\n<h2 class=\"FadeInVideoComponent__heading themev2-purple-1000\">Revealing the invisible<\/h2>\n<p class=\"FadeInVideoComponent__description themev2-purple-1000\">Our powerful architecture adaptable, combined with a technology probe-exclusive, it will show you more of what you ever thought possible to get the answers you and your patients are looking for, while providing diagnostics life-changing, and opens doors to the future you continue creating.<\/p>\n<\/div>\n<\/div>\n<\/div>\n<\/section>\n<section id=\"$name\" class=\"FadeInVideoComponent gehc-padding-top-48 gehc-padding-bottom-48 themev2-purple-1000\">\n<div class=\"mdc-layout-grid eds-grid FadeInVideoComponent__grid\">\n<div class=\"mdc-layout-grid__inner FadeInVideoComponent__grid-row\">\n<div class=\"mdc-layout-grid__cell mdc-layout-grid__cell--span-8-desktop mdc-layout-grid__cell--span-6-tablet mdc-layout-grid__cell--span-4-phone\">\n<h5 class=\"FadeInVideoComponent__title themev2-purple-1000\">EARLY DETECTION<\/h5>\n<h2 class=\"FadeInVideoComponent__heading themev2-purple-1000\">To detect the undetectable<\/h2>\n<p class=\"FadeInVideoComponent__description themev2-purple-1000\">With our unique features, you will be able to find the answers fundamental advance in discovering the key information and simplify the complex cases to speed up the assessment, detection, and diagnosis<\/p>\n<p>WORKFLOW EFFICIENCY<\/p>\n<\/div>\n<\/div>\n<\/div>\n<\/section>\n<section id=\"$name\" class=\"FadeInVideoComponent gehc-padding-top-48 gehc-padding-bottom-48 themev2-purple-1000\">\n<div class=\"mdc-layout-grid eds-grid FadeInVideoComponent__grid\">\n<div class=\"mdc-layout-grid__inner FadeInVideoComponent__grid-row\">\n<div class=\"mdc-layout-grid__cell mdc-layout-grid__cell--span-8-desktop mdc-layout-grid__cell--span-6-tablet mdc-layout-grid__cell--span-4-phone\">\n<h2 class=\"FadeInVideoComponent__heading themev2-purple-1000\">Achieve the impossible<\/h2>\n<p class=\"FadeInVideoComponent__description themev2-purple-1000\">Take advantage of the innovative tools, including artificial intelligence and automation, with the aim to remove the obstacles and boost the efficiency of the daily image acquisition to transform your day-to-day, so that you can keep challenging the limits of what is possible.<\/p>\n<\/div>\n<\/div>\n<\/div>\n<\/section>\n<section id=\"superposici\u00f3n-destacada\" class=\"ge-featured-highlight themev2-purple-1000 gehc-padding-top-48 gehc-padding-bottom-48\" aria-label=\"Feature Highlight\">\n<div class=\"mdc-layout-grid eds-grid\">\n<div class=\"mdc-layout-grid__inner\">\n<div class=\"mdc-layout-grid__cell mdc-layout-grid__cell--span-5-desktop mdc-layout-grid__cell--span-4-tablet mdc-layout-grid__cell--span-4-phone\">\n<div class=\"feature-highlight_content-wrapper\">\n<h6 class=\"eyebrow feature-highlight_eyebrow\">EXCELLENCE IN SUPPORT<\/h6>\n<h3 class=\"title-s feature-highlight_title\">Expect the unexpected<\/h3>\n<div class=\"ptags feature-highlight_bodyCopy\">Experience more. More services, assistance and solutions focused on the future. Finally, an association that will not leave you wanting for more.<\/div>\n<\/div>\n<\/div>\n<\/div>\n<\/div>\n<\/section>\n<section id=\"comun\u00edquese-con-nosotros:-m\u00f3dulo-de-video-multimedia-de-ancho-completo-v2\" class=\"geFullWidthVideoV2\">\n<div class=\"geFullWidthVideoV2_container\">\n<div class=\"mdc-layout-grid eds-grid geFullWidthVideoV2_grid\">\n<div class=\"mdc-layout-grid__inner\">\n<div class=\"mdc-layout-grid__cell mdc-layout-grid__cell--span-8-desktop mdc-layout-grid__cell--span-6-tablet mdc-layout-grid__cell--span-4-phone\">\n<h5 class=\"geFullWidthVideoV2_grid_sectionTitle\">CONNECT WITH US<\/h5>\n<\/div>\n<\/div>\n<div class=\"mdc-layout-grid__inner\">\n<div class=\"mdc-layout-grid__cell mdc-layout-grid__cell--span-8-desktop mdc-layout-grid__cell--span-6-tablet mdc-layout-grid__cell--span-3-phone\">\n<h2 class=\"geFullWidthVideoV2_grid_heading\">Your time is valuable. That&#039;s why our sales process is efficient and adapts to your needs.<\/h2>\n<\/div>\n<\/div>\n<div class=\"mdc-layout-grid__inner\">\n<div class=\"mdc-layout-grid__cell mdc-layout-grid__cell--span-8-desktop mdc-layout-grid__cell--span-6-tablet mdc-layout-grid__cell--span-4-phone\">\n<p class=\"geFullWidthVideoV2_grid_description\">Do you want an estimate of the price, a quote or a demonstration? Our experts in sales will give you all the information you need for your decision making process.<\/p>\n<\/div>\n<\/div>\n<\/div>\n<\/div>\n<\/section>\n<p>&nbsp;<\/p>\n<p><a class=\"elboton\" href=\"https:\/\/latam.gehealthcare.com\/products\/ultrasound\/voluson\/voluson-expert22\" target=\"_blank\" rel=\"noopener\">Link to the brand<\/a><\/p>","protected":false},"excerpt":{"rendered":"<p>You set the limits. It is more than you ever thought possible. And, in their hands, there is a potential infinity.<\/p>\n<p>&nbsp;<\/p>","protected":false},"featured_media":2190,"comment_status":"open","ping_status":"closed","template":"","meta":[],"product_brand":[],"product_cat":[41],"product_tag":[],"class_list":{"0":"post-2102","1":"product","2":"type-product","3":"status-publish","4":"has-post-thumbnail","6":"product_cat-imagenologia-de-la-mujer","8":"first","9":"instock","10":"shipping-taxable","11":"purchasable","12":"product-type-simple"},"yoast_head":"<!-- This site is optimized with the Yoast SEO plugin v25.7 - https:\/\/yoast.com\/wordpress\/plugins\/seo\/ -->\n<title>Voluson \u2122 Expert 22<\/title>\n<meta name=\"description\" content=\"Voluson Expert 22 es una opci\u00f3n ideal para cl\u00ednicas y hospitales en la RD y el Caribe, donde la demanda de tecnolog\u00eda m\u00e9dica de vanguardia est\u00e1 en aumento.\" \/>\n<meta name=\"robots\" content=\"index, follow, max-snippet:-1, max-image-preview:large, max-video-preview:-1\" \/>\n<link rel=\"canonical\" href=\"https:\/\/global-medica.com\/en\/product\/voluson-expert-22\/\" \/>\n<meta property=\"og:locale\" content=\"en_US\" \/>\n<meta property=\"og:type\" content=\"article\" \/>\n<meta property=\"og:title\" content=\"Voluson \u2122 Expert 22\" \/>\n<meta property=\"og:description\" content=\"Voluson Expert 22 es una opci\u00f3n ideal para cl\u00ednicas y hospitales en la RD y el Caribe, donde la demanda de tecnolog\u00eda m\u00e9dica de vanguardia est\u00e1 en aumento.\" \/>\n<meta property=\"og:url\" content=\"https:\/\/global-medica.com\/en\/product\/voluson-expert-22\/\" \/>\n<meta property=\"og:site_name\" content=\"Global Medica\" \/>\n<meta property=\"article:publisher\" content=\"https:\/\/www.facebook.com\/gmglobalmedica\" \/>\n<meta property=\"article:modified_time\" content=\"2025-05-02T15:04:24+00:00\" \/>\n<meta property=\"og:image\" content=\"https:\/\/global-medica.com\/wp-content\/uploads\/2024\/07\/PR-00033-min.webp\" \/>\n\t<meta property=\"og:image:width\" content=\"1113\" \/>\n\t<meta property=\"og:image:height\" content=\"799\" \/>\n\t<meta property=\"og:image:type\" content=\"image\/webp\" \/>\n<meta name=\"twitter:card\" content=\"summary_large_image\" \/>\n<meta name=\"twitter:label1\" content=\"Est. reading time\" \/>\n\t<meta name=\"twitter:data1\" content=\"3 minutes\" \/>\n<script type=\"application\/ld+json\" class=\"yoast-schema-graph\">{\"@context\":\"https:\/\/schema.org\",\"@graph\":[{\"@type\":\"WebPage\",\"@id\":\"https:\/\/global-medica.com\/producto\/voluson-expert-22\/\",\"url\":\"https:\/\/global-medica.com\/producto\/voluson-expert-22\/\",\"name\":\"Voluson \u2122 Expert 22\",\"isPartOf\":{\"@id\":\"https:\/\/global-medica.com\/#website\"},\"primaryImageOfPage\":{\"@id\":\"https:\/\/global-medica.com\/producto\/voluson-expert-22\/#primaryimage\"},\"image\":{\"@id\":\"https:\/\/global-medica.com\/producto\/voluson-expert-22\/#primaryimage\"},\"thumbnailUrl\":\"https:\/\/global-medica.com\/wp-content\/uploads\/2024\/07\/PR-00033-min.webp\",\"datePublished\":\"2024-07-05T00:03:32+00:00\",\"dateModified\":\"2025-05-02T15:04:24+00:00\",\"description\":\"Voluson Expert 22 es una opci\u00f3n ideal para cl\u00ednicas y hospitales en la RD y el Caribe, donde la demanda de tecnolog\u00eda m\u00e9dica de vanguardia est\u00e1 en aumento.\",\"breadcrumb\":{\"@id\":\"https:\/\/global-medica.com\/producto\/voluson-expert-22\/#breadcrumb\"},\"inLanguage\":\"en-US\",\"potentialAction\":[{\"@type\":\"ReadAction\",\"target\":[\"https:\/\/global-medica.com\/producto\/voluson-expert-22\/\"]}]},{\"@type\":\"ImageObject\",\"inLanguage\":\"en-US\",\"@id\":\"https:\/\/global-medica.com\/producto\/voluson-expert-22\/#primaryimage\",\"url\":\"https:\/\/global-medica.com\/wp-content\/uploads\/2024\/07\/PR-00033-min.webp\",\"contentUrl\":\"https:\/\/global-medica.com\/wp-content\/uploads\/2024\/07\/PR-00033-min.webp\",\"width\":1113,\"height\":799},{\"@type\":\"BreadcrumbList\",\"@id\":\"https:\/\/global-medica.com\/producto\/voluson-expert-22\/#breadcrumb\",\"itemListElement\":[{\"@type\":\"ListItem\",\"position\":1,\"name\":\"Home\",\"item\":\"https:\/\/global-medica.com\/\"},{\"@type\":\"ListItem\",\"position\":2,\"name\":\"Productos\",\"item\":\"https:\/\/global-medica.com\/shop\/\"},{\"@type\":\"ListItem\",\"position\":3,\"name\":\"Voluson\u2122 Expert 22\"}]},{\"@type\":\"WebSite\",\"@id\":\"https:\/\/global-medica.com\/#website\",\"url\":\"https:\/\/global-medica.com\/\",\"name\":\"Global Medica\",\"description\":\"Global Medica\",\"publisher\":{\"@id\":\"https:\/\/global-medica.com\/#organization\"},\"potentialAction\":[{\"@type\":\"SearchAction\",\"target\":{\"@type\":\"EntryPoint\",\"urlTemplate\":\"https:\/\/global-medica.com\/?s={search_term_string}\"},\"query-input\":{\"@type\":\"PropertyValueSpecification\",\"valueRequired\":true,\"valueName\":\"search_term_string\"}}],\"inLanguage\":\"en-US\"},{\"@type\":\"Organization\",\"@id\":\"https:\/\/global-medica.com\/#organization\",\"name\":\"Global Medica\",\"url\":\"https:\/\/global-medica.com\/\",\"logo\":{\"@type\":\"ImageObject\",\"inLanguage\":\"en-US\",\"@id\":\"https:\/\/global-medica.com\/#\/schema\/logo\/image\/\",\"url\":\"https:\/\/global-medica.com\/wp-content\/uploads\/2024\/04\/global-logo.png\",\"contentUrl\":\"https:\/\/global-medica.com\/wp-content\/uploads\/2024\/04\/global-logo.png\",\"width\":312,\"height\":84,\"caption\":\"Global Medica\"},\"image\":{\"@id\":\"https:\/\/global-medica.com\/#\/schema\/logo\/image\/\"},\"sameAs\":[\"https:\/\/www.facebook.com\/gmglobalmedica\",\"https:\/\/www.instagram.com\/globalmedica\/\",\"https:\/\/www.linkedin.com\/company\/67924728\",\"https:\/\/www.youtube.com\/channel\/UCWT2KUVVms56vwB0N9r8qKQ\/\"]}]}<\/script>\n<!-- \/ Yoast SEO plugin. -->","yoast_head_json":{"title":"Voluson \u2122 Expert 22","description":"Voluson Expert 22 es una opci\u00f3n ideal para cl\u00ednicas y hospitales en la RD y el Caribe, donde la demanda de tecnolog\u00eda m\u00e9dica de vanguardia est\u00e1 en aumento.","robots":{"index":"index","follow":"follow","max-snippet":"max-snippet:-1","max-image-preview":"max-image-preview:large","max-video-preview":"max-video-preview:-1"},"canonical":"https:\/\/global-medica.com\/en\/product\/voluson-expert-22\/","og_locale":"en_US","og_type":"article","og_title":"Voluson \u2122 Expert 22","og_description":"Voluson Expert 22 es una opci\u00f3n ideal para cl\u00ednicas y hospitales en la RD y el Caribe, donde la demanda de tecnolog\u00eda m\u00e9dica de vanguardia est\u00e1 en aumento.","og_url":"https:\/\/global-medica.com\/en\/product\/voluson-expert-22\/","og_site_name":"Global Medica","article_publisher":"https:\/\/www.facebook.com\/gmglobalmedica","article_modified_time":"2025-05-02T15:04:24+00:00","og_image":[{"width":1113,"height":799,"url":"https:\/\/global-medica.com\/wp-content\/uploads\/2024\/07\/PR-00033-min.webp","type":"image\/webp"}],"twitter_card":"summary_large_image","twitter_misc":{"Est. reading time":"3 minutes"},"schema":{"@context":"https:\/\/schema.org","@graph":[{"@type":"WebPage","@id":"https:\/\/global-medica.com\/producto\/voluson-expert-22\/","url":"https:\/\/global-medica.com\/producto\/voluson-expert-22\/","name":"Voluson \u2122 Expert 22","isPartOf":{"@id":"https:\/\/global-medica.com\/#website"},"primaryImageOfPage":{"@id":"https:\/\/global-medica.com\/producto\/voluson-expert-22\/#primaryimage"},"image":{"@id":"https:\/\/global-medica.com\/producto\/voluson-expert-22\/#primaryimage"},"thumbnailUrl":"https:\/\/global-medica.com\/wp-content\/uploads\/2024\/07\/PR-00033-min.webp","datePublished":"2024-07-05T00:03:32+00:00","dateModified":"2025-05-02T15:04:24+00:00","description":"Voluson Expert 22 es una opci\u00f3n ideal para cl\u00ednicas y hospitales en la RD y el Caribe, donde la demanda de tecnolog\u00eda m\u00e9dica de vanguardia est\u00e1 en aumento.","breadcrumb":{"@id":"https:\/\/global-medica.com\/producto\/voluson-expert-22\/#breadcrumb"},"inLanguage":"en-US","potentialAction":[{"@type":"ReadAction","target":["https:\/\/global-medica.com\/producto\/voluson-expert-22\/"]}]},{"@type":"ImageObject","inLanguage":"en-US","@id":"https:\/\/global-medica.com\/producto\/voluson-expert-22\/#primaryimage","url":"https:\/\/global-medica.com\/wp-content\/uploads\/2024\/07\/PR-00033-min.webp","contentUrl":"https:\/\/global-medica.com\/wp-content\/uploads\/2024\/07\/PR-00033-min.webp","width":1113,"height":799},{"@type":"BreadcrumbList","@id":"https:\/\/global-medica.com\/producto\/voluson-expert-22\/#breadcrumb","itemListElement":[{"@type":"ListItem","position":1,"name":"Home","item":"https:\/\/global-medica.com\/"},{"@type":"ListItem","position":2,"name":"Productos","item":"https:\/\/global-medica.com\/shop\/"},{"@type":"ListItem","position":3,"name":"Voluson\u2122 Expert 22"}]},{"@type":"WebSite","@id":"https:\/\/global-medica.com\/#website","url":"https:\/\/global-medica.com\/","name":"Global Medica","description":"Global Medica","publisher":{"@id":"https:\/\/global-medica.com\/#organization"},"potentialAction":[{"@type":"SearchAction","target":{"@type":"EntryPoint","urlTemplate":"https:\/\/global-medica.com\/?s={search_term_string}"},"query-input":{"@type":"PropertyValueSpecification","valueRequired":true,"valueName":"search_term_string"}}],"inLanguage":"en-US"},{"@type":"Organization","@id":"https:\/\/global-medica.com\/#organization","name":"Global Medica","url":"https:\/\/global-medica.com\/","logo":{"@type":"ImageObject","inLanguage":"en-US","@id":"https:\/\/global-medica.com\/#\/schema\/logo\/image\/","url":"https:\/\/global-medica.com\/wp-content\/uploads\/2024\/04\/global-logo.png","contentUrl":"https:\/\/global-medica.com\/wp-content\/uploads\/2024\/04\/global-logo.png","width":312,"height":84,"caption":"Global Medica"},"image":{"@id":"https:\/\/global-medica.com\/#\/schema\/logo\/image\/"},"sameAs":["https:\/\/www.facebook.com\/gmglobalmedica","https:\/\/www.instagram.com\/globalmedica\/","https:\/\/www.linkedin.com\/company\/67924728","https:\/\/www.youtube.com\/channel\/UCWT2KUVVms56vwB0N9r8qKQ\/"]}]}},"_links":{"self":[{"href":"https:\/\/global-medica.com\/en\/wp-json\/wp\/v2\/product\/2102","targetHints":{"allow":["GET"]}}],"collection":[{"href":"https:\/\/global-medica.com\/en\/wp-json\/wp\/v2\/product"}],"about":[{"href":"https:\/\/global-medica.com\/en\/wp-json\/wp\/v2\/types\/product"}],"replies":[{"embeddable":true,"href":"https:\/\/global-medica.com\/en\/wp-json\/wp\/v2\/comments?post=2102"}],"wp:featuredmedia":[{"embeddable":true,"href":"https:\/\/global-medica.com\/en\/wp-json\/wp\/v2\/media\/2190"}],"wp:attachment":[{"href":"https:\/\/global-medica.com\/en\/wp-json\/wp\/v2\/media?parent=2102"}],"wp:term":[{"taxonomy":"product_brand","embeddable":true,"href":"https:\/\/global-medica.com\/en\/wp-json\/wp\/v2\/product_brand?post=2102"},{"taxonomy":"product_cat","embeddable":true,"href":"https:\/\/global-medica.com\/en\/wp-json\/wp\/v2\/product_cat?post=2102"},{"taxonomy":"product_tag","embeddable":true,"href":"https:\/\/global-medica.com\/en\/wp-json\/wp\/v2\/product_tag?post=2102"}],"curies":[{"name":"wp","href":"https:\/\/api.w.org\/{rel}","templated":true}]}}