{"id":2101,"date":"2024-07-05T00:03:32","date_gmt":"2024-07-05T00:03:32","guid":{"rendered":"https:\/\/global-medica.com\/product\/voluson-e10\/"},"modified":"2025-05-01T21:14:27","modified_gmt":"2025-05-01T21:14:27","slug":"voluson-e10","status":"publish","type":"product","link":"https:\/\/global-medica.com\/en\/product\/voluson-e10\/","title":{"rendered":"Voluson\u2122 E10"},"content":{"rendered":"<section id=\"feature-list\" class=\"ge-products-feature-list ge-module\">\n<div class=\"ge-module__container\">\n<h2 class=\"ge-products-feature-list__title\">Important data on the Voluson E10<\/h2>\n<div class=\"ge-products-feature-list__description\">\n<h4>Radiance System Architecture<\/h4>\n<p>Offers 6 times more data and 2 times the processing power compared to previous versions, ensuring rapid, high-quality image acquisition.<\/p>\n<\/div>\n<div class=\"ge-products-feature-list__description\">\n<h4 class=\"translation-block\"><em>e<\/em>M6C Transducer<\/h4>\n<p>Delivers up to 29 times higher 4D volume rates and over 15% more 2D frame rate, reducing artifacts and significantly enhancing image quality.<\/p>\n<\/div>\n<div class=\"ge-products-feature-list__description\">\n<h4>Proven Workflow Efficiency<\/h4>\n<p>Combines a familiar, user-friendly interface with automated functions and intuitive design to streamline your workflow.<\/p>\n<\/div>\n<div class=\"ge-products-feature-list__description\">\n<h4>Edison AI \u2013 SonoCNS<\/h4>\n<p>Utilizes advanced AI to reduce keystrokes by up to 80% during fetal brain exams, improving both speed and consistency.<\/p>\n<\/div>\n<\/div>\n<\/section>\n<h2 class=\"ge-h2 ge-content-module__title\" role=\"heading\">Transducer technology Voluson E10<\/h2>\n<div class=\"ge-content-module__teaser\">The outstanding image quality starts with the technology of transducers advanced. Based on feedback from physicians and sonographers.<\/div>\n<div><\/div>\n<div class=\"ge-content-module__teaser\">The transducers Voluson have evolved to help meet their needs of ergonomics and include innovations and advanced technology for applications in the health of the woman.<\/div>\n<div class=\"rah-static rah-static--height-auto\" aria-hidden=\"false\">\n<div class=\"ge-rtf ge-rtf-module ge-content-module__description-wrapper\">\n<div class=\"ge-rtf__columnize\">\n<div class=\"column\">\n<h3><em>e<\/em>M6C \u2013 Electronic Matrix Transducer<\/h3>\n<p>To achieve a resolution brighter and rates of volume up to 29 more high transducers with mechanical technology, compared with the transducer 4D Matrix-mail curved.<\/p>\n<p>The eM6C offers speeds of volume ultra-fast, formats, flexible images and an excellent resolution in routine tests, and echocardiography fetal complex<\/p>\n<\/div>\n<div class=\"column\">\n<h3>XDClear RM7C \u2013 Volumetric Matrix Transducer<\/h3>\n<p>The transducer volumetric RM7C sets new standards in performance and image quality. The technology XDclear provides an exceptional resolution 2D, 3D and 4D and in bright color.<\/p>\n<\/div>\n<\/div>\n<div class=\"ge-rtf__columnize\">\n<div class=\"column\">\n<h3>RAB6-D \u2013 Ultralight 4D Transducer<\/h3>\n<p>The Transducer 4D ultra-light, it is 40% lighter than the previous version, it features an ergonomic grip and a cable, thin and light that allows for easy image acquisition.<\/p>\n<\/div>\n<div class=\"column\">\n<h3>RIC6-12 \u2013 High-Frequency Transvaginal Transducer<\/h3>\n<p>Gives you the ability to explore images of fetal with confidence from the earliest stages of pregnancy, RIC6-12-D helps you to detect the finer details from the first quarter.<\/p>\n<\/div>\n<\/div>\n<div class=\"ge-rtf__columnize\">\n<div class=\"column\">\n<h3>XDclear Technology for Transducers<\/h3>\n<p>To achieve a resolution of tissue and exceptional detail with the technology XDclear C2-9-D, and C1-6-D.<\/p>\n<p>The combination of technology of Single Crystal, amplification, noise and cooling system of the head provides 2D images of extraordinary even with difficult patients to scanning.<\/p>\n<\/div>\n<\/div>\n<\/div>\n<\/div>\n<p>&nbsp;<\/p>\n<p>&nbsp;<\/p>\n<p><a class=\"elboton\" href=\"https:\/\/latam.gehealthcare.com\/products\/ultrasound\/voluson\/voluson-e10\" target=\"_blank\" rel=\"noopener\">Link to the brand<\/a><\/p>","protected":false},"excerpt":{"rendered":"<p>In the query of women&#039;s health where complex cases are the rule, not the exception.<\/p>\n<p>Where patients require experience and rely on you to get answers. With the Voluson \u2122 E10 you can deliver care truly exceptional, with confidence and efficiency at all times, keeping it at the forefront of the medical care of the woman.<\/p>\n<p>The Voluson E10 encompasses the functions of image&#039;s most advanced combined with features of efficiency and security to help provide reliable answers to the patient, faster.<\/p>","protected":false},"featured_media":2189,"comment_status":"open","ping_status":"closed","template":"","meta":[],"product_brand":[],"product_cat":[41],"product_tag":[],"class_list":{"0":"post-2101","1":"product","2":"type-product","3":"status-publish","4":"has-post-thumbnail","6":"product_cat-imagenologia-de-la-mujer","8":"first","9":"instock","10":"shipping-taxable","11":"purchasable","12":"product-type-simple"},"yoast_head":"<!-- This site is optimized with the Yoast SEO plugin v25.7 - https:\/\/yoast.com\/wordpress\/plugins\/seo\/ -->\n<title>Voluson E10 - Global Medica<\/title>\n<meta name=\"description\" content=\"Voluson \u2122 E10 con herramientas innovadoras como el software de an\u00e1lisis de flujos sangu\u00edneos y la capacidad de realizar estudios de elastograf\u00eda,\" \/>\n<meta name=\"robots\" content=\"index, follow, max-snippet:-1, max-image-preview:large, max-video-preview:-1\" \/>\n<link rel=\"canonical\" href=\"https:\/\/global-medica.com\/en\/product\/voluson-e10\/\" \/>\n<meta property=\"og:locale\" content=\"en_US\" \/>\n<meta property=\"og:type\" content=\"article\" \/>\n<meta property=\"og:title\" content=\"Voluson E10 - Global Medica\" \/>\n<meta property=\"og:description\" content=\"Voluson \u2122 E10 con herramientas innovadoras como el software de an\u00e1lisis de flujos sangu\u00edneos y la capacidad de realizar estudios de elastograf\u00eda,\" \/>\n<meta property=\"og:url\" content=\"https:\/\/global-medica.com\/en\/product\/voluson-e10\/\" \/>\n<meta property=\"og:site_name\" content=\"Global Medica\" \/>\n<meta property=\"article:publisher\" content=\"https:\/\/www.facebook.com\/gmglobalmedica\" \/>\n<meta property=\"article:modified_time\" content=\"2025-05-01T21:14:27+00:00\" \/>\n<meta property=\"og:image\" content=\"https:\/\/global-medica.com\/wp-content\/uploads\/2024\/07\/PR-00032-min.webp\" \/>\n\t<meta property=\"og:image:width\" content=\"778\" \/>\n\t<meta property=\"og:image:height\" content=\"398\" \/>\n\t<meta property=\"og:image:type\" content=\"image\/webp\" \/>\n<meta name=\"twitter:card\" content=\"summary_large_image\" \/>\n<meta name=\"twitter:label1\" content=\"Est. reading time\" \/>\n\t<meta name=\"twitter:data1\" content=\"2 minutes\" \/>\n<script type=\"application\/ld+json\" class=\"yoast-schema-graph\">{\"@context\":\"https:\/\/schema.org\",\"@graph\":[{\"@type\":\"WebPage\",\"@id\":\"https:\/\/global-medica.com\/producto\/voluson-e10\/\",\"url\":\"https:\/\/global-medica.com\/producto\/voluson-e10\/\",\"name\":\"Voluson E10 - Global Medica\",\"isPartOf\":{\"@id\":\"https:\/\/global-medica.com\/#website\"},\"primaryImageOfPage\":{\"@id\":\"https:\/\/global-medica.com\/producto\/voluson-e10\/#primaryimage\"},\"image\":{\"@id\":\"https:\/\/global-medica.com\/producto\/voluson-e10\/#primaryimage\"},\"thumbnailUrl\":\"https:\/\/global-medica.com\/wp-content\/uploads\/2024\/07\/PR-00032-min.webp\",\"datePublished\":\"2024-07-05T00:03:32+00:00\",\"dateModified\":\"2025-05-01T21:14:27+00:00\",\"description\":\"Voluson \u2122 E10 con herramientas innovadoras como el software de an\u00e1lisis de flujos sangu\u00edneos y la capacidad de realizar estudios de elastograf\u00eda,\",\"breadcrumb\":{\"@id\":\"https:\/\/global-medica.com\/producto\/voluson-e10\/#breadcrumb\"},\"inLanguage\":\"en-US\",\"potentialAction\":[{\"@type\":\"ReadAction\",\"target\":[\"https:\/\/global-medica.com\/producto\/voluson-e10\/\"]}]},{\"@type\":\"ImageObject\",\"inLanguage\":\"en-US\",\"@id\":\"https:\/\/global-medica.com\/producto\/voluson-e10\/#primaryimage\",\"url\":\"https:\/\/global-medica.com\/wp-content\/uploads\/2024\/07\/PR-00032-min.webp\",\"contentUrl\":\"https:\/\/global-medica.com\/wp-content\/uploads\/2024\/07\/PR-00032-min.webp\",\"width\":778,\"height\":398,\"caption\":\"Voluson \u2122 E10\"},{\"@type\":\"BreadcrumbList\",\"@id\":\"https:\/\/global-medica.com\/producto\/voluson-e10\/#breadcrumb\",\"itemListElement\":[{\"@type\":\"ListItem\",\"position\":1,\"name\":\"Home\",\"item\":\"https:\/\/global-medica.com\/\"},{\"@type\":\"ListItem\",\"position\":2,\"name\":\"Productos\",\"item\":\"https:\/\/global-medica.com\/shop\/\"},{\"@type\":\"ListItem\",\"position\":3,\"name\":\"Voluson\u2122 E10\"}]},{\"@type\":\"WebSite\",\"@id\":\"https:\/\/global-medica.com\/#website\",\"url\":\"https:\/\/global-medica.com\/\",\"name\":\"Global Medica\",\"description\":\"Global Medica\",\"publisher\":{\"@id\":\"https:\/\/global-medica.com\/#organization\"},\"potentialAction\":[{\"@type\":\"SearchAction\",\"target\":{\"@type\":\"EntryPoint\",\"urlTemplate\":\"https:\/\/global-medica.com\/?s={search_term_string}\"},\"query-input\":{\"@type\":\"PropertyValueSpecification\",\"valueRequired\":true,\"valueName\":\"search_term_string\"}}],\"inLanguage\":\"en-US\"},{\"@type\":\"Organization\",\"@id\":\"https:\/\/global-medica.com\/#organization\",\"name\":\"Global Medica\",\"url\":\"https:\/\/global-medica.com\/\",\"logo\":{\"@type\":\"ImageObject\",\"inLanguage\":\"en-US\",\"@id\":\"https:\/\/global-medica.com\/#\/schema\/logo\/image\/\",\"url\":\"https:\/\/global-medica.com\/wp-content\/uploads\/2024\/04\/global-logo.png\",\"contentUrl\":\"https:\/\/global-medica.com\/wp-content\/uploads\/2024\/04\/global-logo.png\",\"width\":312,\"height\":84,\"caption\":\"Global Medica\"},\"image\":{\"@id\":\"https:\/\/global-medica.com\/#\/schema\/logo\/image\/\"},\"sameAs\":[\"https:\/\/www.facebook.com\/gmglobalmedica\",\"https:\/\/www.instagram.com\/globalmedica\/\",\"https:\/\/www.linkedin.com\/company\/67924728\",\"https:\/\/www.youtube.com\/channel\/UCWT2KUVVms56vwB0N9r8qKQ\/\"]}]}<\/script>\n<!-- \/ Yoast SEO plugin. -->","yoast_head_json":{"title":"Voluson E10 - Global Medica","description":"Voluson \u2122 E10 con herramientas innovadoras como el software de an\u00e1lisis de flujos sangu\u00edneos y la capacidad de realizar estudios de elastograf\u00eda,","robots":{"index":"index","follow":"follow","max-snippet":"max-snippet:-1","max-image-preview":"max-image-preview:large","max-video-preview":"max-video-preview:-1"},"canonical":"https:\/\/global-medica.com\/en\/product\/voluson-e10\/","og_locale":"en_US","og_type":"article","og_title":"Voluson E10 - Global Medica","og_description":"Voluson \u2122 E10 con herramientas innovadoras como el software de an\u00e1lisis de flujos sangu\u00edneos y la capacidad de realizar estudios de elastograf\u00eda,","og_url":"https:\/\/global-medica.com\/en\/product\/voluson-e10\/","og_site_name":"Global Medica","article_publisher":"https:\/\/www.facebook.com\/gmglobalmedica","article_modified_time":"2025-05-01T21:14:27+00:00","og_image":[{"width":778,"height":398,"url":"https:\/\/global-medica.com\/wp-content\/uploads\/2024\/07\/PR-00032-min.webp","type":"image\/webp"}],"twitter_card":"summary_large_image","twitter_misc":{"Est. reading time":"2 minutes"},"schema":{"@context":"https:\/\/schema.org","@graph":[{"@type":"WebPage","@id":"https:\/\/global-medica.com\/producto\/voluson-e10\/","url":"https:\/\/global-medica.com\/producto\/voluson-e10\/","name":"Voluson E10 - Global Medica","isPartOf":{"@id":"https:\/\/global-medica.com\/#website"},"primaryImageOfPage":{"@id":"https:\/\/global-medica.com\/producto\/voluson-e10\/#primaryimage"},"image":{"@id":"https:\/\/global-medica.com\/producto\/voluson-e10\/#primaryimage"},"thumbnailUrl":"https:\/\/global-medica.com\/wp-content\/uploads\/2024\/07\/PR-00032-min.webp","datePublished":"2024-07-05T00:03:32+00:00","dateModified":"2025-05-01T21:14:27+00:00","description":"Voluson \u2122 E10 con herramientas innovadoras como el software de an\u00e1lisis de flujos sangu\u00edneos y la capacidad de realizar estudios de elastograf\u00eda,","breadcrumb":{"@id":"https:\/\/global-medica.com\/producto\/voluson-e10\/#breadcrumb"},"inLanguage":"en-US","potentialAction":[{"@type":"ReadAction","target":["https:\/\/global-medica.com\/producto\/voluson-e10\/"]}]},{"@type":"ImageObject","inLanguage":"en-US","@id":"https:\/\/global-medica.com\/producto\/voluson-e10\/#primaryimage","url":"https:\/\/global-medica.com\/wp-content\/uploads\/2024\/07\/PR-00032-min.webp","contentUrl":"https:\/\/global-medica.com\/wp-content\/uploads\/2024\/07\/PR-00032-min.webp","width":778,"height":398,"caption":"Voluson \u2122 E10"},{"@type":"BreadcrumbList","@id":"https:\/\/global-medica.com\/producto\/voluson-e10\/#breadcrumb","itemListElement":[{"@type":"ListItem","position":1,"name":"Home","item":"https:\/\/global-medica.com\/"},{"@type":"ListItem","position":2,"name":"Productos","item":"https:\/\/global-medica.com\/shop\/"},{"@type":"ListItem","position":3,"name":"Voluson\u2122 E10"}]},{"@type":"WebSite","@id":"https:\/\/global-medica.com\/#website","url":"https:\/\/global-medica.com\/","name":"Global Medica","description":"Global Medica","publisher":{"@id":"https:\/\/global-medica.com\/#organization"},"potentialAction":[{"@type":"SearchAction","target":{"@type":"EntryPoint","urlTemplate":"https:\/\/global-medica.com\/?s={search_term_string}"},"query-input":{"@type":"PropertyValueSpecification","valueRequired":true,"valueName":"search_term_string"}}],"inLanguage":"en-US"},{"@type":"Organization","@id":"https:\/\/global-medica.com\/#organization","name":"Global Medica","url":"https:\/\/global-medica.com\/","logo":{"@type":"ImageObject","inLanguage":"en-US","@id":"https:\/\/global-medica.com\/#\/schema\/logo\/image\/","url":"https:\/\/global-medica.com\/wp-content\/uploads\/2024\/04\/global-logo.png","contentUrl":"https:\/\/global-medica.com\/wp-content\/uploads\/2024\/04\/global-logo.png","width":312,"height":84,"caption":"Global Medica"},"image":{"@id":"https:\/\/global-medica.com\/#\/schema\/logo\/image\/"},"sameAs":["https:\/\/www.facebook.com\/gmglobalmedica","https:\/\/www.instagram.com\/globalmedica\/","https:\/\/www.linkedin.com\/company\/67924728","https:\/\/www.youtube.com\/channel\/UCWT2KUVVms56vwB0N9r8qKQ\/"]}]}},"_links":{"self":[{"href":"https:\/\/global-medica.com\/en\/wp-json\/wp\/v2\/product\/2101","targetHints":{"allow":["GET"]}}],"collection":[{"href":"https:\/\/global-medica.com\/en\/wp-json\/wp\/v2\/product"}],"about":[{"href":"https:\/\/global-medica.com\/en\/wp-json\/wp\/v2\/types\/product"}],"replies":[{"embeddable":true,"href":"https:\/\/global-medica.com\/en\/wp-json\/wp\/v2\/comments?post=2101"}],"wp:featuredmedia":[{"embeddable":true,"href":"https:\/\/global-medica.com\/en\/wp-json\/wp\/v2\/media\/2189"}],"wp:attachment":[{"href":"https:\/\/global-medica.com\/en\/wp-json\/wp\/v2\/media?parent=2101"}],"wp:term":[{"taxonomy":"product_brand","embeddable":true,"href":"https:\/\/global-medica.com\/en\/wp-json\/wp\/v2\/product_brand?post=2101"},{"taxonomy":"product_cat","embeddable":true,"href":"https:\/\/global-medica.com\/en\/wp-json\/wp\/v2\/product_cat?post=2101"},{"taxonomy":"product_tag","embeddable":true,"href":"https:\/\/global-medica.com\/en\/wp-json\/wp\/v2\/product_tag?post=2101"}],"curies":[{"name":"wp","href":"https:\/\/api.w.org\/{rel}","templated":true}]}}