{"id":2099,"date":"2024-07-05T00:03:27","date_gmt":"2024-07-05T00:03:27","guid":{"rendered":"https:\/\/global-medica.com\/product\/voluson-swift\/"},"modified":"2025-05-02T15:33:45","modified_gmt":"2025-05-02T15:33:45","slug":"voluson-swift","status":"publish","type":"product","link":"https:\/\/global-medica.com\/en\/product\/voluson-swift\/","title":{"rendered":"Voluson\u2122 Swift"},"content":{"rendered":"<div id=\"contenido-gen\u00e9rico-v2\">\n<section id=\"contenido-gen\u00e9rico-v2\" class=\"ge-generic-content-v2-container gehc-padding-top-48 gehc-padding-bottom-48 theme-grey-100\">\n<div class=\"mdc-layout-grid eds-grid\">\n<div class=\"mdc-layout-grid__inner\">\n<div class=\"mdc-layout-grid__cell mdc-layout-grid__cell--span-8-desktop mdc-layout-grid__cell--span-8-tablet mdc-layout-grid__cell--span-4-phone\">\n<h3 class=\"ge-generic-content-v2-container__heading title-s\">This changes everything<\/h3>\n<\/div>\n<\/div>\n<div class=\"mdc-layout-grid__inner\">\n<div class=\"mdc-layout-grid__cell mdc-layout-grid__cell--span-8-desktop mdc-layout-grid__cell--span-8-tablet mdc-layout-grid__cell--span-4-phone\">\n<div class=\"ge-generic-content-v2-container__body ptag\">We have recreated the user experience with this console intuitive and customizable to achieve a new level of simplicity and efficiency. Radically different in appearance and style, the system is designed to simplify every interaction. Thanks to its artificial intelligence and automated tools that expand their skills and inspire confidence, it will work as an experienced user from the beginning.<\/div>\n<\/div>\n<\/div>\n<\/div>\n<\/section>\n<\/div>\n<section id=\"vista-pdp\" class=\"pdp-glance themev2-white gehc-padding-top-48 gehc-padding-bottom-48\">\n<div class=\"mdc-layout-grid eds-grid\">\n<div class=\"mdc-layout-grid__cell mdc-layout-grid__cell--span-3-desktop mdc-layout-grid__cell--span-4-tablet mdc-layout-grid__cell--span-2-phone\">\n<div class=\"pdp-glance-item\">\n<p class=\"ptags-small pdp-glance-item-headline\">This is simplicity<\/p>\n<div class=\"ptags-small pdp-glance-item-body\">With a wide touch screen and a select group of keys that you use often, the Voluson SWIFT incorporates the same functionality of the devices that we use daily.<\/div>\n<\/div>\n<\/div>\n<div class=\"mdc-layout-grid__cell mdc-layout-grid__cell--span-3-desktop mdc-layout-grid__cell--span-4-tablet mdc-layout-grid__cell--span-2-phone\">\n<div class=\"pdp-glance-item\">\n<p class=\"ptags-small pdp-glance-item-headline\">This is adaptability<\/p>\n<div class=\"ptags-small pdp-glance-item-body\">Designed to help eliminate some of the obstacles that slow you down procedures constantly. Optimize your workflow by using the power of AI and automation.<\/div>\n<\/div>\n<\/div>\n<div class=\"mdc-layout-grid__cell mdc-layout-grid__cell--span-3-desktop mdc-layout-grid__cell--span-4-tablet mdc-layout-grid__cell--span-2-phone\">\n<div class=\"pdp-glance-item\">\n<p class=\"ptags-small pdp-glance-item-headline\">This is efficiency<\/p>\n<div class=\"ptags-small pdp-glance-item-body\">Highly customizable and designed to simplify every interaction, customize the menu, the workflow and the presets, individualized to suit your preferences.<\/div>\n<\/div>\n<\/div>\n<div class=\"mdc-layout-grid__cell mdc-layout-grid__cell--span-3-desktop mdc-layout-grid__cell--span-4-tablet mdc-layout-grid__cell--span-2-phone\">\n<div class=\"pdp-glance-item\">\n<p class=\"ptags-small pdp-glance-item-headline\">This is the characteristic value<\/p>\n<div class=\"ptags-small pdp-glance-item-body\">Expect more from your system. More services, support and collaboration. Voluson SWIFT is a platform technologically advanced was created for the future.<\/div>\n<\/div>\n<\/div>\n<\/div>\n<\/section>\n<h3 class=\"title-s feature-highlight_title\">Learn about the webinars from experts<\/h3>\n<div class=\"ptags feature-highlight_bodyCopy\">Discover how technologies Voluson can benefit from the exercise of their profession.<\/div>\n<div><\/div>\n<div>\n<div id=\"01-carrusel-de-historias\">\n<section id=\"01-carrusel-de-historias\" class=\"ge-generic-content-v2-container gehc-padding-top-48 gehc-padding-bottom-48 themev2-white\">\n<div class=\"mdc-layout-grid eds-grid\">\n<div class=\"mdc-layout-grid__inner\">\n<div class=\"mdc-layout-grid__cell mdc-layout-grid__cell--span-8-desktop mdc-layout-grid__cell--span-8-tablet mdc-layout-grid__cell--span-4-phone\">\n<h3 class=\"ge-generic-content-v2-container__heading title-s\">Technology that changes everything<\/h3>\n<\/div>\n<\/div>\n<div class=\"mdc-layout-grid__inner\">\n<div class=\"mdc-layout-grid__cell mdc-layout-grid__cell--span-8-desktop mdc-layout-grid__cell--span-8-tablet mdc-layout-grid__cell--span-4-phone\">\n<div class=\"ge-generic-content-v2-container__body ptag\">In Voluson, we innovate continuously to improve the quality of the image and create tools specialized clinics that help you see more anatomical details with greater certainty, which will allow you to provide the best possible care to the patient.<\/div>\n<\/div>\n<\/div>\n<\/div>\n<\/section>\n<\/div>\n<div id=\"02-carruseldehistorias\">\n<section id=\"story-313ab7cf-94be-4a05-a03d-5e4832332360\" class=\"story-carousel theme-dark gehc-padding-top-48 gehc-padding-bottom-48\">\n<div class=\"mdc-layout-grid eds-grid\">\n<div class=\"mdc-layout-grid__inner\">\n<div class=\"mdc-layout-grid__cell mdc-layout-grid__cell--span-12-desktop mdc-layout-grid__cell--span-8-tablet mdc-layout-grid__cell--span-4-phone\"><\/div>\n<div class=\"mdc-layout-grid__cell mdc-layout-grid__cell--span-12-desktop mdc-layout-grid__cell--span-8-tablet mdc-layout-grid__cell--span-4-phone\">\n<div class=\"story-tabs\">\n<div class=\"tab-item\" data-analytics-tracking-event=\"link_click\" data-analytics-link-type=\"Story Carousel\" data-analytics-link-name=\"El poder de la IA\" data-analytics-link-title=\"\" data-analytics-tag=\"\">\n<section id=\"carrusel-de-im\u00e1genes-cl\u00ednicas_obstetricia\" class=\"ge-product-carousel themev2-purple-1000\" aria-label=\"Product Carousel\">\n<div id=\"product-carousel__0131da9f-8405-43c3-aa42-6ed54ee3a1a2\" class=\"ge-product-carousel__gradiant-space\">\n<div class=\"ge-product-carousel__top-container\">\n<div class=\"mdc-layout-grid eds-grid ge-product-carousel__top-grid\">\n<div class=\"mdc-layout-grid__inner\">\n<div class=\"mdc-layout-grid__cell mdc-layout-grid__cell--span-8-desktop mdc-layout-grid__cell--span-6-tablet mdc-layout-grid__cell--span-4-phone\">\n<div class=\"ge-product-carousel__container\">\n<h2 class=\"ge-product-carousel__componentTitle title-m\">Ob<\/h2>\n<p class=\"ge-product-carousel__bodyCopy ptags\">From the early stages of pregnancy until birth, the health of the mother and the fetus is their top priority. That is why our priority is to ensure an image acquisition extraordinary in all stages of pregnancy to confidently explore the anatomy of the fetus and detect anomalies faster than ever before.<\/p>\n<section id=\"carrusel-de-im\u00e1genes-cl\u00ednicas_ginecolog\u00eda\" class=\"ge-product-carousel themev2-purple-1000\" aria-label=\"Product Carousel\">\n<div id=\"product-carousel__3ae80972-9438-4cf9-835b-a6631e37a596\" class=\"ge-product-carousel__gradiant-space\">\n<div class=\"ge-product-carousel__top-container\">\n<div class=\"mdc-layout-grid eds-grid ge-product-carousel__top-grid\">\n<div class=\"mdc-layout-grid__inner\">\n<div class=\"mdc-layout-grid__cell mdc-layout-grid__cell--span-8-desktop mdc-layout-grid__cell--span-6-tablet mdc-layout-grid__cell--span-4-phone\">\n<div class=\"ge-product-carousel__container\">\n<h2 class=\"ge-product-carousel__componentTitle title-m\">Gynecology<\/h2>\n<p class=\"ge-product-carousel__bodyCopy ptags\">Often, ultrasound is the first line of defense to diagnose gynecological conditions. The pelvic pain, bleeding postmenop\u00e1usico dysfunction, genitourinary, and infertility can be confusing symptoms and concern for their patients. They need answers and they rely on their experience to get a diagnosis and accurate treatment.<\/p>\n<\/div>\n<\/div>\n<\/div>\n<\/div>\n<\/div>\n<\/div>\n<\/section>\n<\/div>\n<\/div>\n<\/div>\n<\/div>\n<\/div>\n<\/div>\n<\/section>\n<\/div>\n<\/div>\n<\/div>\n<\/div>\n<\/div>\n<\/section>\n<\/div>\n<\/div>\n<div><\/div>\n<p>&nbsp;<\/p>\n<p><a class=\"elboton\" href=\"https:\/\/latam.gehealthcare.com\/products\/ultrasound\/voluson\/voluson-swift\" target=\"_blank\" rel=\"noopener\">Link to the brand<\/a><\/p>","protected":false},"excerpt":{"rendered":"<p>We welcome you to an experience of ultrasound significantly different. Transform the way you work with Voluson SWIFT.<\/p>","protected":false},"featured_media":2187,"comment_status":"open","ping_status":"closed","template":"","meta":[],"product_brand":[],"product_cat":[41],"product_tag":[],"class_list":{"0":"post-2099","1":"product","2":"type-product","3":"status-publish","4":"has-post-thumbnail","6":"product_cat-imagenologia-de-la-mujer","8":"first","9":"instock","10":"shipping-taxable","11":"purchasable","12":"product-type-simple"},"yoast_head":"<!-- This site is optimized with the Yoast SEO plugin v25.7 - https:\/\/yoast.com\/wordpress\/plugins\/seo\/ -->\n<title>Voluson Swift - Global Medica<\/title>\n<meta name=\"description\" content=\"Voluson \u2122 Swift es perfecto para la evaluaci\u00f3n de embarazos, as\u00ed como para estudios ginecol\u00f3gicos con im\u00e1genes tridimensionales y en tiempo real.\" \/>\n<meta name=\"robots\" content=\"index, follow, max-snippet:-1, max-image-preview:large, max-video-preview:-1\" \/>\n<link rel=\"canonical\" href=\"https:\/\/global-medica.com\/en\/product\/voluson-swift\/\" \/>\n<meta property=\"og:locale\" content=\"en_US\" \/>\n<meta property=\"og:type\" content=\"article\" \/>\n<meta property=\"og:title\" content=\"Voluson Swift - Global Medica\" \/>\n<meta property=\"og:description\" content=\"Voluson \u2122 Swift es perfecto para la evaluaci\u00f3n de embarazos, as\u00ed como para estudios ginecol\u00f3gicos con im\u00e1genes tridimensionales y en tiempo real.\" \/>\n<meta property=\"og:url\" content=\"https:\/\/global-medica.com\/en\/product\/voluson-swift\/\" \/>\n<meta property=\"og:site_name\" content=\"Global Medica\" \/>\n<meta property=\"article:publisher\" content=\"https:\/\/www.facebook.com\/gmglobalmedica\" \/>\n<meta property=\"article:modified_time\" content=\"2025-05-02T15:33:45+00:00\" \/>\n<meta property=\"og:image\" content=\"https:\/\/global-medica.com\/wp-content\/uploads\/2024\/07\/PR-00030-min.webp\" \/>\n\t<meta property=\"og:image:width\" content=\"1055\" \/>\n\t<meta property=\"og:image:height\" content=\"645\" \/>\n\t<meta property=\"og:image:type\" content=\"image\/webp\" \/>\n<meta name=\"twitter:card\" content=\"summary_large_image\" \/>\n<meta name=\"twitter:label1\" content=\"Est. reading time\" \/>\n\t<meta name=\"twitter:data1\" content=\"2 minutes\" \/>\n<script type=\"application\/ld+json\" class=\"yoast-schema-graph\">{\"@context\":\"https:\/\/schema.org\",\"@graph\":[{\"@type\":\"WebPage\",\"@id\":\"https:\/\/global-medica.com\/producto\/voluson-swift\/\",\"url\":\"https:\/\/global-medica.com\/producto\/voluson-swift\/\",\"name\":\"Voluson Swift - Global Medica\",\"isPartOf\":{\"@id\":\"https:\/\/global-medica.com\/#website\"},\"primaryImageOfPage\":{\"@id\":\"https:\/\/global-medica.com\/producto\/voluson-swift\/#primaryimage\"},\"image\":{\"@id\":\"https:\/\/global-medica.com\/producto\/voluson-swift\/#primaryimage\"},\"thumbnailUrl\":\"https:\/\/global-medica.com\/wp-content\/uploads\/2024\/07\/PR-00030-min.webp\",\"datePublished\":\"2024-07-05T00:03:27+00:00\",\"dateModified\":\"2025-05-02T15:33:45+00:00\",\"description\":\"Voluson \u2122 Swift es perfecto para la evaluaci\u00f3n de embarazos, as\u00ed como para estudios ginecol\u00f3gicos con im\u00e1genes tridimensionales y en tiempo real.\",\"breadcrumb\":{\"@id\":\"https:\/\/global-medica.com\/producto\/voluson-swift\/#breadcrumb\"},\"inLanguage\":\"en-US\",\"potentialAction\":[{\"@type\":\"ReadAction\",\"target\":[\"https:\/\/global-medica.com\/producto\/voluson-swift\/\"]}]},{\"@type\":\"ImageObject\",\"inLanguage\":\"en-US\",\"@id\":\"https:\/\/global-medica.com\/producto\/voluson-swift\/#primaryimage\",\"url\":\"https:\/\/global-medica.com\/wp-content\/uploads\/2024\/07\/PR-00030-min.webp\",\"contentUrl\":\"https:\/\/global-medica.com\/wp-content\/uploads\/2024\/07\/PR-00030-min.webp\",\"width\":1055,\"height\":645,\"caption\":\"Voluson Swif - Global Medica\"},{\"@type\":\"BreadcrumbList\",\"@id\":\"https:\/\/global-medica.com\/producto\/voluson-swift\/#breadcrumb\",\"itemListElement\":[{\"@type\":\"ListItem\",\"position\":1,\"name\":\"Home\",\"item\":\"https:\/\/global-medica.com\/\"},{\"@type\":\"ListItem\",\"position\":2,\"name\":\"Productos\",\"item\":\"https:\/\/global-medica.com\/shop\/\"},{\"@type\":\"ListItem\",\"position\":3,\"name\":\"Voluson\u2122 Swift\"}]},{\"@type\":\"WebSite\",\"@id\":\"https:\/\/global-medica.com\/#website\",\"url\":\"https:\/\/global-medica.com\/\",\"name\":\"Global Medica\",\"description\":\"Global Medica\",\"publisher\":{\"@id\":\"https:\/\/global-medica.com\/#organization\"},\"potentialAction\":[{\"@type\":\"SearchAction\",\"target\":{\"@type\":\"EntryPoint\",\"urlTemplate\":\"https:\/\/global-medica.com\/?s={search_term_string}\"},\"query-input\":{\"@type\":\"PropertyValueSpecification\",\"valueRequired\":true,\"valueName\":\"search_term_string\"}}],\"inLanguage\":\"en-US\"},{\"@type\":\"Organization\",\"@id\":\"https:\/\/global-medica.com\/#organization\",\"name\":\"Global Medica\",\"url\":\"https:\/\/global-medica.com\/\",\"logo\":{\"@type\":\"ImageObject\",\"inLanguage\":\"en-US\",\"@id\":\"https:\/\/global-medica.com\/#\/schema\/logo\/image\/\",\"url\":\"https:\/\/global-medica.com\/wp-content\/uploads\/2024\/04\/global-logo.png\",\"contentUrl\":\"https:\/\/global-medica.com\/wp-content\/uploads\/2024\/04\/global-logo.png\",\"width\":312,\"height\":84,\"caption\":\"Global Medica\"},\"image\":{\"@id\":\"https:\/\/global-medica.com\/#\/schema\/logo\/image\/\"},\"sameAs\":[\"https:\/\/www.facebook.com\/gmglobalmedica\",\"https:\/\/www.instagram.com\/globalmedica\/\",\"https:\/\/www.linkedin.com\/company\/67924728\",\"https:\/\/www.youtube.com\/channel\/UCWT2KUVVms56vwB0N9r8qKQ\/\"]}]}<\/script>\n<!-- \/ Yoast SEO plugin. -->","yoast_head_json":{"title":"Voluson Swift - Global Medica","description":"Voluson \u2122 Swift es perfecto para la evaluaci\u00f3n de embarazos, as\u00ed como para estudios ginecol\u00f3gicos con im\u00e1genes tridimensionales y en tiempo real.","robots":{"index":"index","follow":"follow","max-snippet":"max-snippet:-1","max-image-preview":"max-image-preview:large","max-video-preview":"max-video-preview:-1"},"canonical":"https:\/\/global-medica.com\/en\/product\/voluson-swift\/","og_locale":"en_US","og_type":"article","og_title":"Voluson Swift - Global Medica","og_description":"Voluson \u2122 Swift es perfecto para la evaluaci\u00f3n de embarazos, as\u00ed como para estudios ginecol\u00f3gicos con im\u00e1genes tridimensionales y en tiempo real.","og_url":"https:\/\/global-medica.com\/en\/product\/voluson-swift\/","og_site_name":"Global Medica","article_publisher":"https:\/\/www.facebook.com\/gmglobalmedica","article_modified_time":"2025-05-02T15:33:45+00:00","og_image":[{"width":1055,"height":645,"url":"https:\/\/global-medica.com\/wp-content\/uploads\/2024\/07\/PR-00030-min.webp","type":"image\/webp"}],"twitter_card":"summary_large_image","twitter_misc":{"Est. reading time":"2 minutes"},"schema":{"@context":"https:\/\/schema.org","@graph":[{"@type":"WebPage","@id":"https:\/\/global-medica.com\/producto\/voluson-swift\/","url":"https:\/\/global-medica.com\/producto\/voluson-swift\/","name":"Voluson Swift - Global Medica","isPartOf":{"@id":"https:\/\/global-medica.com\/#website"},"primaryImageOfPage":{"@id":"https:\/\/global-medica.com\/producto\/voluson-swift\/#primaryimage"},"image":{"@id":"https:\/\/global-medica.com\/producto\/voluson-swift\/#primaryimage"},"thumbnailUrl":"https:\/\/global-medica.com\/wp-content\/uploads\/2024\/07\/PR-00030-min.webp","datePublished":"2024-07-05T00:03:27+00:00","dateModified":"2025-05-02T15:33:45+00:00","description":"Voluson \u2122 Swift es perfecto para la evaluaci\u00f3n de embarazos, as\u00ed como para estudios ginecol\u00f3gicos con im\u00e1genes tridimensionales y en tiempo real.","breadcrumb":{"@id":"https:\/\/global-medica.com\/producto\/voluson-swift\/#breadcrumb"},"inLanguage":"en-US","potentialAction":[{"@type":"ReadAction","target":["https:\/\/global-medica.com\/producto\/voluson-swift\/"]}]},{"@type":"ImageObject","inLanguage":"en-US","@id":"https:\/\/global-medica.com\/producto\/voluson-swift\/#primaryimage","url":"https:\/\/global-medica.com\/wp-content\/uploads\/2024\/07\/PR-00030-min.webp","contentUrl":"https:\/\/global-medica.com\/wp-content\/uploads\/2024\/07\/PR-00030-min.webp","width":1055,"height":645,"caption":"Voluson Swif - Global Medica"},{"@type":"BreadcrumbList","@id":"https:\/\/global-medica.com\/producto\/voluson-swift\/#breadcrumb","itemListElement":[{"@type":"ListItem","position":1,"name":"Home","item":"https:\/\/global-medica.com\/"},{"@type":"ListItem","position":2,"name":"Productos","item":"https:\/\/global-medica.com\/shop\/"},{"@type":"ListItem","position":3,"name":"Voluson\u2122 Swift"}]},{"@type":"WebSite","@id":"https:\/\/global-medica.com\/#website","url":"https:\/\/global-medica.com\/","name":"Global Medica","description":"Global Medica","publisher":{"@id":"https:\/\/global-medica.com\/#organization"},"potentialAction":[{"@type":"SearchAction","target":{"@type":"EntryPoint","urlTemplate":"https:\/\/global-medica.com\/?s={search_term_string}"},"query-input":{"@type":"PropertyValueSpecification","valueRequired":true,"valueName":"search_term_string"}}],"inLanguage":"en-US"},{"@type":"Organization","@id":"https:\/\/global-medica.com\/#organization","name":"Global Medica","url":"https:\/\/global-medica.com\/","logo":{"@type":"ImageObject","inLanguage":"en-US","@id":"https:\/\/global-medica.com\/#\/schema\/logo\/image\/","url":"https:\/\/global-medica.com\/wp-content\/uploads\/2024\/04\/global-logo.png","contentUrl":"https:\/\/global-medica.com\/wp-content\/uploads\/2024\/04\/global-logo.png","width":312,"height":84,"caption":"Global Medica"},"image":{"@id":"https:\/\/global-medica.com\/#\/schema\/logo\/image\/"},"sameAs":["https:\/\/www.facebook.com\/gmglobalmedica","https:\/\/www.instagram.com\/globalmedica\/","https:\/\/www.linkedin.com\/company\/67924728","https:\/\/www.youtube.com\/channel\/UCWT2KUVVms56vwB0N9r8qKQ\/"]}]}},"_links":{"self":[{"href":"https:\/\/global-medica.com\/en\/wp-json\/wp\/v2\/product\/2099","targetHints":{"allow":["GET"]}}],"collection":[{"href":"https:\/\/global-medica.com\/en\/wp-json\/wp\/v2\/product"}],"about":[{"href":"https:\/\/global-medica.com\/en\/wp-json\/wp\/v2\/types\/product"}],"replies":[{"embeddable":true,"href":"https:\/\/global-medica.com\/en\/wp-json\/wp\/v2\/comments?post=2099"}],"wp:featuredmedia":[{"embeddable":true,"href":"https:\/\/global-medica.com\/en\/wp-json\/wp\/v2\/media\/2187"}],"wp:attachment":[{"href":"https:\/\/global-medica.com\/en\/wp-json\/wp\/v2\/media?parent=2099"}],"wp:term":[{"taxonomy":"product_brand","embeddable":true,"href":"https:\/\/global-medica.com\/en\/wp-json\/wp\/v2\/product_brand?post=2099"},{"taxonomy":"product_cat","embeddable":true,"href":"https:\/\/global-medica.com\/en\/wp-json\/wp\/v2\/product_cat?post=2099"},{"taxonomy":"product_tag","embeddable":true,"href":"https:\/\/global-medica.com\/en\/wp-json\/wp\/v2\/product_tag?post=2099"}],"curies":[{"name":"wp","href":"https:\/\/api.w.org\/{rel}","templated":true}]}}