{"id":2097,"date":"2024-07-05T00:03:26","date_gmt":"2024-07-05T00:03:26","guid":{"rendered":"https:\/\/global-medica.com\/product\/logiq-fortis\/"},"modified":"2025-05-02T20:44:52","modified_gmt":"2025-05-02T20:44:52","slug":"logiq-fortis","status":"publish","type":"product","link":"https:\/\/global-medica.com\/en\/product\/logiq-fortis\/","title":{"rendered":"LOGIQ\u2122 Fortis\u2122"},"content":{"rendered":"<h2 class=\"ge-product-carousel__componentTitle title-m\">LOGIQ Fortis at work<\/h2>\n<div class=\"mdc-layout-grid eds-grid feature-hero-module-wrapper\">\n<div class=\"mdc-layout-grid__inner\">\n<div class=\"mdc-layout-grid__cell mdc-layout-grid__cell--span-9-desktop mdc-layout-grid__cell--span-8-tablet\">\n<h2 class=\"feature-hero-module-title feature-hero-themeV2-white-title\">Everything you expect from a system LOGIQ: simplicity and power<\/h2>\n<div class=\"feature-hero-module-copy feature-hero-themeV2-white-body-copy\">The new LOGIQ Fortis is a solution of ultrasound &#034;all in one&#034; high-throughput that can be easily expanded to suit your specific needs.<\/div>\n<\/div>\n<\/div>\n<\/div>\n<div>\n<div class=\"feature-hero-wrapper feature-hero-wrapper-card\">\n<div class=\"feature-hero-container\">\n<div id=\"feature-e8eb2a10-923b-4f45-a585-6ac4e379bc38\" class=\"mdc-layout-grid__cell feature-hero-left-container mdc-layout-grid__cell--span-12-desktop mdc-layout-grid__cell--span-8-tablet\">\n<div class=\"mdc-layout-grid__cell mdc-layout-grid__cell--span-12-desktop mdc-layout-grid__cell--span-8-tablet\">\n<h3 class=\"feature-hero-module-featureHeading feature-hero-themeV2-white-title\">Expectations clinics: overcome<\/h3>\n<\/div>\n<div class=\"mdc-layout-grid__cell mdc-layout-grid__cell--span-12-desktop mdc-layout-grid__cell--span-8-tablet\">\n<div class=\"feature-hero-module-featureBody ptags-small feature-hero-themeV2-white-body-copy\">The new LOGIQ Fortis is your solution of ultrasound for the acquisition of images of the entire body. It is equipped with technologies of acquisition of images of the latest generation.<\/div>\n<div><\/div>\n<div class=\"feature-hero-module-featureBody ptags-small feature-hero-themeV2-white-body-copy\">Our architecture cSound combines the transducers XDclear\u2122, the Imageformer cSound\u2122 and the new and advanced technology of image acquisition with reduced granularity (SRI) to increase the processing power and improve the performance of the data.<\/div>\n<div><\/div>\n<div class=\"feature-hero-module-featureBody ptags-small feature-hero-themeV2-white-body-copy\">Ultimately, it provides a level of image quality, clarity and confidence clinic exceptional in a wide variety of clinical applications.<\/div>\n<div><\/div>\n<div class=\"feature-hero-module-featureBody ptags-small feature-hero-themeV2-white-body-copy\">Tools such as elastography shear wave in 2D, Measure Assistant and Radiantflow\u2122 help reduce the need for invasive procedures and provide valuable information for decision making.<\/div>\n<\/div>\n<\/div>\n<\/div>\n<\/div>\n<\/div>\n<div class=\"mdc-layout-grid__cell mdc-layout-grid__cell--span-12-desktop mdc-layout-grid__cell--span-8-tablet\">\n<div class=\"feature-hero-wrapper feature-hero-wrapper-card\">\n<div class=\"feature-hero-container\">\n<div id=\"feature-76ec3139-c2c9-4293-91d5-15b955eef180\" class=\"mdc-layout-grid__cell feature-hero-left-container mdc-layout-grid__cell--span-12-desktop mdc-layout-grid__cell--span-8-tablet\">\n<div class=\"mdc-layout-grid__cell mdc-layout-grid__cell--span-12-desktop mdc-layout-grid__cell--span-8-tablet\">\n<h3 class=\"feature-hero-module-featureHeading feature-hero-themeV2-white-title\">Productivity and workflow-optimized<\/h3>\n<\/div>\n<div class=\"mdc-layout-grid__cell mdc-layout-grid__cell--span-12-desktop mdc-layout-grid__cell--span-8-tablet\">\n<div class=\"feature-hero-module-featureBody ptags-small feature-hero-themeV2-white-body-copy\">LOGIQ Fortis is equipped with powerful tools to perform a wide variety of tests and procedures. Improve the speed, ease, and comfort with tools of artificial intelligence that enable users to achieve exceptional image quality.<\/div>\n<div><\/div>\n<div class=\"feature-hero-module-featureBody ptags-small feature-hero-themeV2-white-body-copy\">Applications LOGIQ add a higher-level context to the photos and allow users to control LOGIQ Fortis remotely.<\/div>\n<div><\/div>\n<div class=\"feature-hero-module-featureBody ptags-small feature-hero-themeV2-white-body-copy\">The battery for exploration allows you to perform tests and procedures at any place, while the acquisition of images EZ reduces the actions on the keyboard.<\/div>\n<div><\/div>\n<div class=\"feature-hero-module-featureBody ptags-small feature-hero-themeV2-white-body-copy\">In addition, our capabilities of raw data allow you to make modifications to the images after the exam. With premium features and a stylish design.<\/div>\n<div><\/div>\n<div class=\"feature-hero-module-featureBody ptags-small feature-hero-themeV2-white-body-copy\">LOGIQ Fortis is your solution of ultrasound for any patient: from head to feet, since people with high or low BMI, infants or elderly people in any of its facilities.<\/div>\n<\/div>\n<div class=\"mdc-layout-grid__cell mdc-layout-grid__cell--span-12-desktop mdc-layout-grid__cell--span-8-tablet\"><\/div>\n<\/div>\n<\/div>\n<\/div>\n<\/div>\n<div class=\"mdc-layout-grid__cell mdc-layout-grid__cell--span-12-desktop mdc-layout-grid__cell--span-8-tablet\">\n<div class=\"mdc-layout-grid__cell feature-hero-content-container mdc-layout-grid__cell--span-6-desktop mdc-layout-grid__cell--span-8-tablet\">\n<div class=\"feature-hero-wrapper feature-hero-wrapper-card\">\n<div class=\"feature-hero-container\">\n<div id=\"feature-8a136ff8-f16f-40fd-b152-59dad34df5c9\" class=\"mdc-layout-grid__cell feature-hero-left-container mdc-layout-grid__cell--span-12-desktop mdc-layout-grid__cell--span-8-tablet\">\n<div class=\"mdc-layout-grid__cell mdc-layout-grid__cell--span-12-desktop mdc-layout-grid__cell--span-8-tablet\">\n<h3 class=\"feature-hero-module-featureHeading feature-hero-themeV2-white-title\">Your investment: maximized<\/h3>\n<\/div>\n<div class=\"mdc-layout-grid__cell mdc-layout-grid__cell--span-12-desktop mdc-layout-grid__cell--span-8-tablet\">\n<div class=\"feature-hero-module-featureBody ptags-small feature-hero-themeV2-white-body-copy\">The acquisition of an ultrasound system is an investment in their facilities, their doctors and their patients. With robust solutions for the life-cycle of LOGIQ Fortis, such as remote assistance InSite\u2122 and the performance analysis of iCenter\u2122, you can optimize the experience as the owner.<\/div>\n<div><\/div>\n<div class=\"feature-hero-module-featureBody ptags-small feature-hero-themeV2-white-body-copy\">To maintain the consistency in their facilities or health systems with AVURI\u2122, our solution for remote management of devices to view, backup, and deploy configurations to devices.<\/div>\n<div><\/div>\n<div class=\"feature-hero-module-featureBody ptags-small feature-hero-themeV2-white-body-copy\">Created for the present and for the future, the digital platform To to To allows you to add cutting-edge features, while SonoDefense offers protection 24\/7 against cyber threats and unauthorized access.<\/div>\n<\/div>\n<\/div>\n<\/div>\n<\/div>\n<\/div>\n<\/div>\n<div>\n<h2 class=\"full-width-media-desktop__heading title-s theme-grey-250\">The solution of LOGIQ<\/h2>\n<p class=\"full-width-media-desktop__heading title-s theme-grey-250\">scan ergonomic increases the efficiency and coherence, in addition to reducing the time spent in actions on the keyboard in a 32 %*<\/p>\n<p class=\"full-width-media-desktop__description ptags-small theme-grey-250\">Thanks to the default settings of the probe and customizable to a touch panel simplified, the image acquisition EZ improves the workflow by reducing the interaction of the operator and the time of configuration. For users, this resulted in a 38 % less total shares on the keyboard and a rating of overall satisfaction of 4.9 out of 5.<\/p>\n<\/div>\n<div id=\"01-contenido-gen\u00e9rico-v2\">\n<section id=\"01-contenido-gen\u00e9rico-v2\" class=\"ge-generic-content-v2-container gehc-padding-top-48 gehc-padding-bottom-48 theme-grey-100\">\n<div class=\"mdc-layout-grid eds-grid\">\n<div class=\"mdc-layout-grid__inner\">\n<div class=\"mdc-layout-grid__cell mdc-layout-grid__cell--span-8-desktop mdc-layout-grid__cell--span-8-tablet mdc-layout-grid__cell--span-4-phone\">\n<h3 class=\"ge-generic-content-v2-container__heading title-s\">Get to know the opinion of people on the acquisition of images EZ<\/h3>\n<\/div>\n<\/div>\n<div class=\"mdc-layout-grid__inner\">\n<div class=\"mdc-layout-grid__cell mdc-layout-grid__cell--span-8-desktop mdc-layout-grid__cell--span-8-tablet mdc-layout-grid__cell--span-4-phone\">\n<div class=\"ge-generic-content-v2-container__body ptag\">\n<p><em>You didn&#039;t have to adjust any of the controls, which was positive. Barely made it necessary to make manual adjustments.<\/em>Staff sonographer (outpatient clinic MFM), 12 years of experience<\/p>\n<p><em>\u00a0For current users of the LOGIQ it would be easy to learn and, once you are done with the transition, it would be less steps, which would help with the performance.<\/em>Director general of ultrasound (vascular, ob\/gyn), 30 years of experience<\/p>\n<p><em>It is much easier with the touch screen and the changes that don&#039;t have to give to the probe, or to another tab.<\/em>Staff sonographer service (radiology), 11 years of experience<\/p>\n<p><em>It&#039;s more intuitive, saves a lot of time and manual settings. The result will be a workflow more fluid and faster with less keystrokes to it, much more enjoyable.<\/em>Sonographer-advanced (hospital and clinic ob\/gyn), 28 years of experience<\/p>\n<\/div>\n<\/div>\n<\/div>\n<\/div>\n<\/section>\n<\/div>\n<div class=\"mdc-layout-grid__cell mdc-layout-grid__cell--span-8-desktop mdc-layout-grid__cell--span-8-tablet mdc-layout-grid__cell--span-4-phone\">\n<div id=\"contenido-gen\u00e9rico-v2\">\n<section id=\"contenido-gen\u00e9rico-v2\" class=\"ge-generic-content-v2-container gehc-padding-top-48 gehc-padding-bottom-48 themev2-white\">\n<div class=\"mdc-layout-grid eds-grid\">\n<div class=\"mdc-layout-grid__inner\">\n<div class=\"mdc-layout-grid__cell mdc-layout-grid__cell--span-8-desktop mdc-layout-grid__cell--span-8-tablet mdc-layout-grid__cell--span-4-phone\">\n<div class=\"ge-generic-content-v2-container__body ptag\">\n<h2>Designed for the acquisition of whole-body imaging<\/h2>\n<\/div>\n<\/div>\n<\/div>\n<\/div>\n<\/section>\n<\/div>\n<section id=\"carrusel-de-publicidad-del-producto\" class=\"ge-product-media-carousel--section gehc-padding-top-48 gehc-padding-bottom-48\">\n<div class=\"slick-slider ge-product-media-carousel center slick-initialized\" dir=\"ltr\">\n<div class=\"mdc-layout-grid__inner feature-cards-module-container\">\n<div class=\"mdc-layout-grid__cell mdc-layout-grid__cell--span-12-desktop mdc-layout-grid__cell--span-8-tablet mdc-layout-grid__cell--span-4-phone\">\n<div class=\"mdc-layout-grid eds-grid feature-cards-module-section\">\n<div class=\"mdc-layout-grid__inner\">\n<div class=\"mdc-layout-grid__cell mdc-layout-grid__cell--span-9-desktop mdc-layout-grid__cell--span-8-tablet\">\n<h2 class=\"feature-cards-module-moduleTitle title-m feature-cards-theme-grey-100-title feature-cards-theme-grey-100-main-title\">Your partner trusted for all body types<\/h2>\n<p class=\"feature-cards-module-body-copy feature-cards-theme-grey-100-body-copy feature-cards-theme-grey-100-main-body-copy\">LOGIQ Fortis is a solution of ultrasound &#034;all-in-one&#034; with an exceptional image quality to meet your needs in a wide variety of tests and procedures. It is characterized by its durability and offers the possibility of improving their clinical features and increase productivity exponentially.<\/p>\n<\/div>\n<\/div>\n<\/div>\n<\/div>\n<\/div>\n<div class=\"mdc-layout-grid eds-grid feature-cards-container\">\n<div class=\"mdc-layout-grid__inner feature-cards-card-section\">\n<div class=\"mdc-layout-grid__cell feature-cards-theme-grey-100-old-feature feature-cards-image feature-cards-full-image mdc-layout-grid__cell--span-12-desktop mdc-layout-grid__cell--span-8-tablet\">\n<div class=\"feature-card-parent__theme-grey-100\">\n<div class=\"feature-cards-content feature-cards-full-width-content\">\n<div class=\"mdc-layout-grid__inner\">\n<div class=\"mdc-layout-grid__cell mdc-layout-grid__cell--span-12-desktop mdc-layout-grid__cell--span-8-tablet\">\n<h3 class=\"feature-cards-title title-s feature-cards-theme-grey-100-title\">Always ready. Always next to you.<\/h3>\n<\/div>\n<\/div>\n<div class=\"mdc-layout-grid__inner\">\n<div class=\"mdc-layout-grid__cell mdc-layout-grid__cell--span-12-desktop mdc-layout-grid__cell--span-8-tablet\">\n<p class=\"feature-cards-body ptags-small feature-cards-themev2-white-body-copy\">The solutions of ultrasound LOGIQ help you to enhance your experience with the latest innovations and clinical excellence in various areas of care. You can trust in reliable diagnostics through the use of tools, and achieve new references of workflow.<\/p>\n<h2>Productivity tools AI<\/h2>\n<p>Use the power of AI to improve productivity and confidence clinic<\/p>\n<h3>Elastography shear wave in 2D<\/h3>\n<p>Quantitative measurement of the elasticity of the tissue shown in elastograms with color codes<\/p>\n<h3>SonoDefense for protection<\/h3>\n<p>Approach multi-layer cybersecurity and data privacy of the patients<\/p>\n<h3>Digital platform To to To<\/h3>\n<p>Plan for the future with the possibility of adding new features and advances<\/p>\n<\/div>\n<\/div>\n<\/div>\n<\/div>\n<\/div>\n<\/div>\n<\/div>\n<\/div>\n<\/section>\n<\/div>\n<p><a class=\"elboton\" href=\"https:\/\/www.gehealthcare.es\/products\/ultrasound\/logiq\/fortis\" target=\"_blank\" rel=\"noopener\">Link to the brand<\/a><\/p>","protected":false},"excerpt":{"rendered":"<p>Ultrasound system LOGIQ Fortis\u2122 provides to its patients comprehensive care with a solution moderna and compact to perform a wide variety of tests and procedures in almost any space<\/p>","protected":false},"featured_media":2185,"comment_status":"open","ping_status":"closed","template":"","meta":[],"product_brand":[],"product_cat":[40],"product_tag":[],"class_list":{"0":"post-2097","1":"product","2":"type-product","3":"status-publish","4":"has-post-thumbnail","6":"product_cat-imagenologia-general","8":"first","9":"instock","10":"shipping-taxable","11":"purchasable","12":"product-type-simple"},"yoast_head":"<!-- This site is optimized with the Yoast SEO plugin v25.7 - https:\/\/yoast.com\/wordpress\/plugins\/seo\/ -->\n<title>LOGIQ Fortis \u2122 - Global Medica<\/title>\n<meta name=\"description\" content=\"LOGIQ Fortis \u2122 proporciona visualizaciones detalladas en tiempo real, facilitando la evaluaci\u00f3n de condiciones card\u00edacas, abdominales y obst\u00e9tricas.\" \/>\n<meta name=\"robots\" content=\"index, follow, max-snippet:-1, max-image-preview:large, max-video-preview:-1\" \/>\n<link rel=\"canonical\" href=\"https:\/\/global-medica.com\/en\/product\/logiq-fortis\/\" \/>\n<meta property=\"og:locale\" content=\"en_US\" \/>\n<meta property=\"og:type\" content=\"article\" \/>\n<meta property=\"og:title\" content=\"LOGIQ Fortis \u2122 - Global Medica\" \/>\n<meta property=\"og:description\" content=\"LOGIQ Fortis \u2122 proporciona visualizaciones detalladas en tiempo real, facilitando la evaluaci\u00f3n de condiciones card\u00edacas, abdominales y obst\u00e9tricas.\" \/>\n<meta property=\"og:url\" content=\"https:\/\/global-medica.com\/en\/product\/logiq-fortis\/\" \/>\n<meta property=\"og:site_name\" content=\"Global Medica\" \/>\n<meta property=\"article:publisher\" content=\"https:\/\/www.facebook.com\/gmglobalmedica\" \/>\n<meta property=\"article:modified_time\" content=\"2025-05-02T20:44:52+00:00\" \/>\n<meta property=\"og:image\" content=\"https:\/\/global-medica.com\/wp-content\/uploads\/2024\/07\/PR-00028-min.webp\" \/>\n\t<meta property=\"og:image:width\" content=\"1056\" \/>\n\t<meta property=\"og:image:height\" content=\"645\" \/>\n\t<meta property=\"og:image:type\" content=\"image\/webp\" \/>\n<meta name=\"twitter:card\" content=\"summary_large_image\" \/>\n<meta name=\"twitter:label1\" content=\"Est. reading time\" \/>\n\t<meta name=\"twitter:data1\" content=\"5 minutes\" \/>\n<script type=\"application\/ld+json\" class=\"yoast-schema-graph\">{\"@context\":\"https:\/\/schema.org\",\"@graph\":[{\"@type\":\"WebPage\",\"@id\":\"https:\/\/global-medica.com\/producto\/logiq-fortis\/\",\"url\":\"https:\/\/global-medica.com\/producto\/logiq-fortis\/\",\"name\":\"LOGIQ Fortis \u2122 - Global Medica\",\"isPartOf\":{\"@id\":\"https:\/\/global-medica.com\/#website\"},\"primaryImageOfPage\":{\"@id\":\"https:\/\/global-medica.com\/producto\/logiq-fortis\/#primaryimage\"},\"image\":{\"@id\":\"https:\/\/global-medica.com\/producto\/logiq-fortis\/#primaryimage\"},\"thumbnailUrl\":\"https:\/\/global-medica.com\/wp-content\/uploads\/2024\/07\/PR-00028-min.webp\",\"datePublished\":\"2024-07-05T00:03:26+00:00\",\"dateModified\":\"2025-05-02T20:44:52+00:00\",\"description\":\"LOGIQ Fortis \u2122 proporciona visualizaciones detalladas en tiempo real, facilitando la evaluaci\u00f3n de condiciones card\u00edacas, abdominales y obst\u00e9tricas.\",\"breadcrumb\":{\"@id\":\"https:\/\/global-medica.com\/producto\/logiq-fortis\/#breadcrumb\"},\"inLanguage\":\"en-US\",\"potentialAction\":[{\"@type\":\"ReadAction\",\"target\":[\"https:\/\/global-medica.com\/producto\/logiq-fortis\/\"]}]},{\"@type\":\"ImageObject\",\"inLanguage\":\"en-US\",\"@id\":\"https:\/\/global-medica.com\/producto\/logiq-fortis\/#primaryimage\",\"url\":\"https:\/\/global-medica.com\/wp-content\/uploads\/2024\/07\/PR-00028-min.webp\",\"contentUrl\":\"https:\/\/global-medica.com\/wp-content\/uploads\/2024\/07\/PR-00028-min.webp\",\"width\":1056,\"height\":645,\"caption\":\"LOGIQ Fortis\"},{\"@type\":\"BreadcrumbList\",\"@id\":\"https:\/\/global-medica.com\/producto\/logiq-fortis\/#breadcrumb\",\"itemListElement\":[{\"@type\":\"ListItem\",\"position\":1,\"name\":\"Home\",\"item\":\"https:\/\/global-medica.com\/\"},{\"@type\":\"ListItem\",\"position\":2,\"name\":\"Productos\",\"item\":\"https:\/\/global-medica.com\/shop\/\"},{\"@type\":\"ListItem\",\"position\":3,\"name\":\"LOGIQ\u2122 Fortis\u2122\"}]},{\"@type\":\"WebSite\",\"@id\":\"https:\/\/global-medica.com\/#website\",\"url\":\"https:\/\/global-medica.com\/\",\"name\":\"Global Medica\",\"description\":\"Global Medica\",\"publisher\":{\"@id\":\"https:\/\/global-medica.com\/#organization\"},\"potentialAction\":[{\"@type\":\"SearchAction\",\"target\":{\"@type\":\"EntryPoint\",\"urlTemplate\":\"https:\/\/global-medica.com\/?s={search_term_string}\"},\"query-input\":{\"@type\":\"PropertyValueSpecification\",\"valueRequired\":true,\"valueName\":\"search_term_string\"}}],\"inLanguage\":\"en-US\"},{\"@type\":\"Organization\",\"@id\":\"https:\/\/global-medica.com\/#organization\",\"name\":\"Global Medica\",\"url\":\"https:\/\/global-medica.com\/\",\"logo\":{\"@type\":\"ImageObject\",\"inLanguage\":\"en-US\",\"@id\":\"https:\/\/global-medica.com\/#\/schema\/logo\/image\/\",\"url\":\"https:\/\/global-medica.com\/wp-content\/uploads\/2024\/04\/global-logo.png\",\"contentUrl\":\"https:\/\/global-medica.com\/wp-content\/uploads\/2024\/04\/global-logo.png\",\"width\":312,\"height\":84,\"caption\":\"Global Medica\"},\"image\":{\"@id\":\"https:\/\/global-medica.com\/#\/schema\/logo\/image\/\"},\"sameAs\":[\"https:\/\/www.facebook.com\/gmglobalmedica\",\"https:\/\/www.instagram.com\/globalmedica\/\",\"https:\/\/www.linkedin.com\/company\/67924728\",\"https:\/\/www.youtube.com\/channel\/UCWT2KUVVms56vwB0N9r8qKQ\/\"]}]}<\/script>\n<!-- \/ Yoast SEO plugin. -->","yoast_head_json":{"title":"LOGIQ Fortis \u2122 - Global Medica","description":"LOGIQ Fortis \u2122 proporciona visualizaciones detalladas en tiempo real, facilitando la evaluaci\u00f3n de condiciones card\u00edacas, abdominales y obst\u00e9tricas.","robots":{"index":"index","follow":"follow","max-snippet":"max-snippet:-1","max-image-preview":"max-image-preview:large","max-video-preview":"max-video-preview:-1"},"canonical":"https:\/\/global-medica.com\/en\/product\/logiq-fortis\/","og_locale":"en_US","og_type":"article","og_title":"LOGIQ Fortis \u2122 - Global Medica","og_description":"LOGIQ Fortis \u2122 proporciona visualizaciones detalladas en tiempo real, facilitando la evaluaci\u00f3n de condiciones card\u00edacas, abdominales y obst\u00e9tricas.","og_url":"https:\/\/global-medica.com\/en\/product\/logiq-fortis\/","og_site_name":"Global Medica","article_publisher":"https:\/\/www.facebook.com\/gmglobalmedica","article_modified_time":"2025-05-02T20:44:52+00:00","og_image":[{"width":1056,"height":645,"url":"https:\/\/global-medica.com\/wp-content\/uploads\/2024\/07\/PR-00028-min.webp","type":"image\/webp"}],"twitter_card":"summary_large_image","twitter_misc":{"Est. reading time":"5 minutes"},"schema":{"@context":"https:\/\/schema.org","@graph":[{"@type":"WebPage","@id":"https:\/\/global-medica.com\/producto\/logiq-fortis\/","url":"https:\/\/global-medica.com\/producto\/logiq-fortis\/","name":"LOGIQ Fortis \u2122 - Global Medica","isPartOf":{"@id":"https:\/\/global-medica.com\/#website"},"primaryImageOfPage":{"@id":"https:\/\/global-medica.com\/producto\/logiq-fortis\/#primaryimage"},"image":{"@id":"https:\/\/global-medica.com\/producto\/logiq-fortis\/#primaryimage"},"thumbnailUrl":"https:\/\/global-medica.com\/wp-content\/uploads\/2024\/07\/PR-00028-min.webp","datePublished":"2024-07-05T00:03:26+00:00","dateModified":"2025-05-02T20:44:52+00:00","description":"LOGIQ Fortis \u2122 proporciona visualizaciones detalladas en tiempo real, facilitando la evaluaci\u00f3n de condiciones card\u00edacas, abdominales y obst\u00e9tricas.","breadcrumb":{"@id":"https:\/\/global-medica.com\/producto\/logiq-fortis\/#breadcrumb"},"inLanguage":"en-US","potentialAction":[{"@type":"ReadAction","target":["https:\/\/global-medica.com\/producto\/logiq-fortis\/"]}]},{"@type":"ImageObject","inLanguage":"en-US","@id":"https:\/\/global-medica.com\/producto\/logiq-fortis\/#primaryimage","url":"https:\/\/global-medica.com\/wp-content\/uploads\/2024\/07\/PR-00028-min.webp","contentUrl":"https:\/\/global-medica.com\/wp-content\/uploads\/2024\/07\/PR-00028-min.webp","width":1056,"height":645,"caption":"LOGIQ Fortis"},{"@type":"BreadcrumbList","@id":"https:\/\/global-medica.com\/producto\/logiq-fortis\/#breadcrumb","itemListElement":[{"@type":"ListItem","position":1,"name":"Home","item":"https:\/\/global-medica.com\/"},{"@type":"ListItem","position":2,"name":"Productos","item":"https:\/\/global-medica.com\/shop\/"},{"@type":"ListItem","position":3,"name":"LOGIQ\u2122 Fortis\u2122"}]},{"@type":"WebSite","@id":"https:\/\/global-medica.com\/#website","url":"https:\/\/global-medica.com\/","name":"Global Medica","description":"Global Medica","publisher":{"@id":"https:\/\/global-medica.com\/#organization"},"potentialAction":[{"@type":"SearchAction","target":{"@type":"EntryPoint","urlTemplate":"https:\/\/global-medica.com\/?s={search_term_string}"},"query-input":{"@type":"PropertyValueSpecification","valueRequired":true,"valueName":"search_term_string"}}],"inLanguage":"en-US"},{"@type":"Organization","@id":"https:\/\/global-medica.com\/#organization","name":"Global Medica","url":"https:\/\/global-medica.com\/","logo":{"@type":"ImageObject","inLanguage":"en-US","@id":"https:\/\/global-medica.com\/#\/schema\/logo\/image\/","url":"https:\/\/global-medica.com\/wp-content\/uploads\/2024\/04\/global-logo.png","contentUrl":"https:\/\/global-medica.com\/wp-content\/uploads\/2024\/04\/global-logo.png","width":312,"height":84,"caption":"Global Medica"},"image":{"@id":"https:\/\/global-medica.com\/#\/schema\/logo\/image\/"},"sameAs":["https:\/\/www.facebook.com\/gmglobalmedica","https:\/\/www.instagram.com\/globalmedica\/","https:\/\/www.linkedin.com\/company\/67924728","https:\/\/www.youtube.com\/channel\/UCWT2KUVVms56vwB0N9r8qKQ\/"]}]}},"_links":{"self":[{"href":"https:\/\/global-medica.com\/en\/wp-json\/wp\/v2\/product\/2097","targetHints":{"allow":["GET"]}}],"collection":[{"href":"https:\/\/global-medica.com\/en\/wp-json\/wp\/v2\/product"}],"about":[{"href":"https:\/\/global-medica.com\/en\/wp-json\/wp\/v2\/types\/product"}],"replies":[{"embeddable":true,"href":"https:\/\/global-medica.com\/en\/wp-json\/wp\/v2\/comments?post=2097"}],"wp:featuredmedia":[{"embeddable":true,"href":"https:\/\/global-medica.com\/en\/wp-json\/wp\/v2\/media\/2185"}],"wp:attachment":[{"href":"https:\/\/global-medica.com\/en\/wp-json\/wp\/v2\/media?parent=2097"}],"wp:term":[{"taxonomy":"product_brand","embeddable":true,"href":"https:\/\/global-medica.com\/en\/wp-json\/wp\/v2\/product_brand?post=2097"},{"taxonomy":"product_cat","embeddable":true,"href":"https:\/\/global-medica.com\/en\/wp-json\/wp\/v2\/product_cat?post=2097"},{"taxonomy":"product_tag","embeddable":true,"href":"https:\/\/global-medica.com\/en\/wp-json\/wp\/v2\/product_tag?post=2097"}],"curies":[{"name":"wp","href":"https:\/\/api.w.org\/{rel}","templated":true}]}}