{"id":2096,"date":"2024-07-05T00:03:26","date_gmt":"2024-07-05T00:03:26","guid":{"rendered":"https:\/\/global-medica.com\/product\/logiq-p10-xdclear\/"},"modified":"2025-05-02T16:13:39","modified_gmt":"2025-05-02T16:13:39","slug":"logiq-p10-xdclear","status":"publish","type":"product","link":"https:\/\/global-medica.com\/en\/product\/logiq-p10-xdclear\/","title":{"rendered":"LOGIQ\u2122 P10 XDclear\u2122"},"content":{"rendered":"<h3 class=\"ge-s-curve__item-title -text--bold\">LOGIQ \u2122 P10 XDclear\u2122 Assistance for COVID-19 and ultrasound<\/h3>\n<div class=\"ge-rtf-module ge-s-curve__description\">\n<div>\n<div class=\"column-wrapper\">\n<div class=\"column\">The following resources will help you deal with the issues arising from the pandemic and caring for their patients. High-level disinfection of probes has never been more important.<\/div>\n<\/div>\n<\/div>\n<\/div>\n<div class=\"column-wrapper\"><\/div>\n<div>\n<section id=\"m\u00f3dulo-de-lista-de-funciones\" class=\"ge-products-feature-list ge-module\">\n<div class=\"ge-module__container\">\n<h2 class=\"ge-products-feature-list__title\">Advances that improve efficiency and safety<\/h2>\n<div class=\"ge-products-feature-list__description\">\n<p><strong><em>Power Assistant with battery autonomy prolonged<\/em><\/strong><br \/>\nUp to an hour of exploration without connection<\/p>\n<\/div>\n<div class=\"ge-products-feature-list__description\">\n<p><strong><em>Photo Assistant App<\/em><\/strong><br \/>\nBuy and send pictures of anatomy relevant from an Android\u2122 device to document and compare after a procedure<\/p>\n<\/div>\n<div class=\"ge-products-feature-list__description\">\n<p><strong><em>Remote control app<\/em><\/strong><br \/>\nUse the system from a tablet or an Android phone<\/p>\n<\/div>\n<div class=\"ge-products-feature-list__description\">\n<p><strong><em>My Preset<\/em><\/strong> Customize your own default settings for each probe<\/p>\n<\/div>\n<div class=\"ge-products-feature-list__description\">\n<p>Tools based on\u00a0<strong><em>IA<\/em><\/strong><br \/>\nIncluded automatic Segmentation of lesions, Wizard of measurement OB and Assistant automatic Doppler<\/p>\n<\/div>\n<div class=\"ge-products-feature-list__description\">\n<p><strong><em>Elastography shear wave in 2D<\/em><\/strong><br \/>\nQuantitative measurement of tissue elasticity displayed on elastograms color coded Indicator of quality, and Reports the anatomical site<\/p>\n<\/div>\n<div class=\"ge-products-feature-list__description\">\n<p><strong><em>SonoDefense Security<\/em><\/strong><br \/>\nProtect your system against cyber-threats and safeguard patient data from unauthorized access<\/p>\n<\/div>\n<\/div>\n<\/section>\n<\/div>\n<div class=\"product-gallery__tabs\"><\/div>\n<div>\n<h2 class=\"ge-h2 ge-s-curve__title\" role=\"heading\">LOGIQ \u2122 P10 XDclear\u2122 is Designed to optimize each scan<\/h2>\n<\/div>\n<div>\n<div class=\"ge-module__container ge-s-curve__container\">\n<div class=\"ge-s-curve__content\">\n<div>\n<div class=\"rah-static rah-static--height-auto ge-s-curve__title-description-wrapper ge-s-curve__title-description-wrapper--expanded\" aria-hidden=\"false\">\n<div>\n<div>\n<h3 class=\"ge-s-curve__item-title -text--bold\">Photo Assistant<\/h3>\n<div class=\"ge-rtf-module ge-s-curve__description\">\n<div>A picture is worth a thousand words. Shoot the anatomy relevant, such as ulcers, or tumors, with an Android\u2122 device, and to include in the report the photographs with the clinical images for documentation and comparison after one procedure.<\/div>\n<\/div>\n<\/div>\n<\/div>\n<\/div>\n<\/div>\n<\/div>\n<\/div>\n<\/div>\n<div>\n<div class=\"ge-module__container ge-s-curve__container\">\n<div class=\"ge-s-curve__content\">\n<div>\n<div class=\"rah-static rah-static--height-auto ge-s-curve__title-description-wrapper ge-s-curve__title-description-wrapper--expanded\" aria-hidden=\"false\">\n<div>\n<div>\n<h3 class=\"ge-s-curve__item-title -text--bold\">Usability of the brand LOGIQ \u2122<\/h3>\n<div class=\"ge-rtf-module ge-s-curve__description\">\n<div>\n<p>The redesigned user interface with customizable keys offers the simplicity and ease of use that you expect from the systems LOGIQ.<\/p>\n<\/div>\n<\/div>\n<\/div>\n<\/div>\n<\/div>\n<\/div>\n<\/div>\n<\/div>\n<\/div>\n<div class=\"ge-module__container ge-s-curve__container\">\n<div class=\"ge-s-curve__content\">\n<div>\n<div class=\"rah-static rah-static--height-auto ge-s-curve__title-description-wrapper ge-s-curve__title-description-wrapper--expanded\" aria-hidden=\"false\">\n<div>\n<div>\n<h3 class=\"ge-s-curve__item-title -text--bold\">Import of navigation volume<\/h3>\n<div class=\"ge-rtf-module ge-s-curve__description\">\n<div>Easily retrieve a set of data from an ultrasound, mammography, CT or MRI above, scroll down and visual\u00edcela with a current image in a split screen in real-time on the monitor.<\/div>\n<\/div>\n<\/div>\n<\/div>\n<\/div>\n<\/div>\n<\/div>\n<\/div>\n<div class=\"ge-module__container ge-s-curve__container\">\n<div class=\"ge-s-curve__media-wrapper\">\n<div class=\"ge-module__container ge-s-curve__container\">\n<div class=\"ge-s-curve__content\">\n<div>\n<div class=\"rah-static rah-static--height-auto ge-s-curve__title-description-wrapper ge-s-curve__title-description-wrapper--expanded\" aria-hidden=\"false\">\n<div>\n<div>\n<h3 class=\"ge-s-curve__item-title -text--bold\">Remote Control<\/h3>\n<div class=\"ge-rtf-module ge-s-curve__description\">\n<div>Increase the speed and efficiency of the exploration using the system from a tablet or phone with the application LOGIQ Smart. The remote control is especially useful in interventional procedures to help improve the effectiveness and the patient experience.<\/div>\n<\/div>\n<\/div>\n<\/div>\n<\/div>\n<\/div>\n<\/div>\n<\/div>\n<\/div>\n<\/div>\n<div>\n<section id=\"dise\u00f1ado-para-optimizar\" class=\"ge-s-curve\" data-analytics-link-type=\"S-Curve Module\">\n<div class=\"ge-module__container ge-s-curve__container\">\n<div class=\"ge-s-curve__content\">\n<div>\n<div class=\"rah-static rah-static--height-auto ge-s-curve__title-description-wrapper ge-s-curve__title-description-wrapper--expanded\" aria-hidden=\"false\">\n<div>\n<div>\n<h3 class=\"ge-s-curve__item-title -text--bold\">Power Assistant<\/h3>\n<div class=\"ge-rtf-module ge-s-curve__description\">\n<div>The battery Power Assistant optional) provides energy during the transportation to be able to scan immediately next to the patient&#039;s bedside, without the need to waste time restarting. You can even scan with the power of the battery.<\/div>\n<\/div>\n<\/div>\n<\/div>\n<\/div>\n<\/div>\n<\/div>\n<\/div>\n<\/section>\n<section id=\"paciente-ampliado\" class=\"ge-s-curve\" data-analytics-link-type=\"S-Curve Module\"><\/section>\n<\/div>\n<h2 class=\"ge-h2 ge-s-curve__title\" role=\"heading\">Benefits of expanded diagnostics patient-focused for greater flexibility<\/h2>\n<div class=\"ge-s-curve__media-wrapper\">\n<div class=\"rah-static rah-static--height-auto ge-s-curve__title-description-wrapper ge-s-curve__title-description-wrapper--expanded\" aria-hidden=\"false\">\n<div>\n<div>\n<h4 class=\"ge-s-curve__item-title -text--bold\">Skills multi-tasking to a treatment of diverse cases<\/h4>\n<div class=\"ge-rtf-module ge-s-curve__description\">\n<div>\n<p>Systems LOGIQ P10 XDclear provide the flexibility and skills multi-tasking required to perform a wide range of explorations in several specialties:<\/p>\n<ul>\n<li>Liver<\/li>\n<li>Heart<\/li>\n<li>OB\/GYN<\/li>\n<li>Vascular<\/li>\n<li>Breast<\/li>\n<li>Thyroid<\/li>\n<li>Musculoskeletal<\/li>\n<li>Urology<\/li>\n<li>Pediatrics<\/li>\n<\/ul>\n<\/div>\n<\/div>\n<\/div>\n<\/div>\n<\/div>\n<\/div>\n<div class=\"ge-module__container ge-s-curve__container\">\n<div class=\"ge-s-curve__content\">\n<div>\n<div class=\"rah-static rah-static--height-auto ge-s-curve__title-description-wrapper ge-s-curve__title-description-wrapper--expanded\" aria-hidden=\"false\">\n<div>\n<div>\n<h4 class=\"ge-s-curve__item-title -text--bold\">Parameter attenuation ultrasound-guided (UGAP)<\/h4>\n<div class=\"ge-rtf-module ge-s-curve__description\">\n<div>\n<p>The prevalence of fatty liver disease non-alcoholic steatohepatitis (NASH) increases in all the world, with the increase in obesity. This method of image-guided real-time measured the fat content in the liver tissue of a metric is valuable in the assessment of NAFLD.<\/p>\n<\/div>\n<\/div>\n<\/div>\n<\/div>\n<\/div>\n<\/div>\n<\/div>\n<\/div>\n<div>\n<section id=\"paciente-ampliado\" class=\"ge-s-curve\" data-analytics-link-type=\"S-Curve Module\">\n<div class=\"ge-module__container ge-s-curve__container\">\n<div class=\"ge-s-curve__content\">\n<div>\n<div class=\"rah-static rah-static--height-auto ge-s-curve__title-description-wrapper ge-s-curve__title-description-wrapper--expanded\" aria-hidden=\"false\">\n<div>\n<div>\n<h4 class=\"ge-s-curve__item-title -text--bold\">Elastography shear wave in 2D<\/h4>\n<div class=\"ge-rtf-module ge-s-curve__description\">\n<div>\n<p>Provides a quantitative measurement of tissue elasticity displayed on elastograms color-coded. It can be a valuable tool in the management of patients with chronic liver disease. Now available in multiple probes and with a Quality indicator of the elastography shear wave.<\/p>\n<\/div>\n<\/div>\n<\/div>\n<\/div>\n<\/div>\n<\/div>\n<\/div>\n<\/div>\n<\/section>\n<section id=\"s\u00f3lida-asistencia\" class=\"ge-s-curve\" data-analytics-link-type=\"S-Curve Module\">\n<h2 class=\"ge-h2 ge-s-curve__title\" role=\"heading\">Solid assistance it provides long-term value<\/h2>\n<div class=\"ge-module__container ge-s-curve__container\">\n<div class=\"ge-s-curve__content\">\n<div>\n<div class=\"rah-static rah-static--height-auto ge-s-curve__title-description-wrapper ge-s-curve__title-description-wrapper--expanded\" aria-hidden=\"false\">\n<div>\n<div>\n<h4 class=\"ge-s-curve__item-title -text--bold\">Tools of data management<\/h4>\n<div class=\"ge-rtf-module ge-s-curve__description\">\n<div>\n<p>Easy migration of data thanks to DICOM\u00ae and collection of images based on the cloud with anonymization.<\/p>\n<\/div>\n<\/div>\n<\/div>\n<\/div>\n<\/div>\n<\/div>\n<\/div>\n<\/div>\n<div class=\"ge-module__container ge-s-curve__container\">\n<div class=\"ge-s-curve__content\">\n<div class=\"rah-static rah-static--height-specific ge-s-curve__title-description-wrapper\" aria-hidden=\"false\">\n<h4 class=\"ge-s-curve__item-title -text--bold\">Protection with the security of SonoDefense<\/h4>\n<div class=\"ge-rtf-module ge-s-curve__description\">\n<p>Have SonoDefense, our strategy is multi-layered cybersecurity and the protection of the privacy of the data that is used to protect the operation of your system and patient data against cyber threats and unauthorized access.<\/p>\n<ul>\n<li>Keep the device functional against cyber threats<\/li>\n<li>To protect against the unauthorized access to the data of the patient on the device<\/li>\n<li>Implement HIPAA and security policies efficiently, and manage the daily workflow<\/li>\n<\/ul>\n<\/div>\n<\/div>\n<\/div>\n<\/div>\n<div class=\"ge-module__container ge-s-curve__container\">\n<div class=\"ge-s-curve__content\">\n<div>\n<div class=\"rah-static rah-static--height-auto ge-s-curve__title-description-wrapper ge-s-curve__title-description-wrapper--expanded\" aria-hidden=\"false\">\n<div>\n<div>\n<h4 class=\"ge-s-curve__item-title -text--bold\">My Trainer<\/h4>\n<div class=\"ge-rtf-module ge-s-curve__description\">\n<div>\n<p>Modules of self-training available on-board, online or in the app to help new users to learn easily and can give you support, regardless of their degree of knowledge, to develop their skills and confidence.<\/p>\n<\/div>\n<\/div>\n<\/div>\n<\/div>\n<\/div>\n<\/div>\n<\/div>\n<\/div>\n<\/section>\n<\/div>\n<p>&nbsp;<\/p>\n<p><a class=\"elboton\" href=\"https:\/\/www.gehealthcare.es\/products\/logiq-p10-xdclear\" target=\"_blank\" rel=\"noopener\">Link to the brand<\/a><\/p>","protected":false},"excerpt":{"rendered":"<p>Make It Simple, Make It Yours<\/p>\n<p>&nbsp;<\/p>","protected":false},"featured_media":2184,"comment_status":"open","ping_status":"closed","template":"","meta":[],"product_brand":[],"product_cat":[40],"product_tag":[],"class_list":{"0":"post-2096","1":"product","2":"type-product","3":"status-publish","4":"has-post-thumbnail","6":"product_cat-imagenologia-general","8":"first","9":"instock","10":"shipping-taxable","11":"purchasable","12":"product-type-simple"},"yoast_head":"<!-- This site is optimized with the Yoast SEO plugin v25.7 - https:\/\/yoast.com\/wordpress\/plugins\/seo\/ -->\n<title>LOGIQ P10 XDclear\u2122<\/title>\n<meta name=\"description\" content=\"El LOGIQ P10 XDclear no solo cumple con los est\u00e1ndares internacionales de calidad, sino que tambi\u00e9n est\u00e1 respaldado por un servicio t\u00e9cnico confiable.\" \/>\n<meta name=\"robots\" content=\"index, follow, max-snippet:-1, max-image-preview:large, max-video-preview:-1\" \/>\n<link rel=\"canonical\" href=\"https:\/\/global-medica.com\/en\/product\/logiq-p10-xdclear\/\" \/>\n<meta property=\"og:locale\" content=\"en_US\" \/>\n<meta property=\"og:type\" content=\"article\" \/>\n<meta property=\"og:title\" content=\"LOGIQ P10 XDclear\u2122\" \/>\n<meta property=\"og:description\" content=\"El LOGIQ P10 XDclear no solo cumple con los est\u00e1ndares internacionales de calidad, sino que tambi\u00e9n est\u00e1 respaldado por un servicio t\u00e9cnico confiable.\" \/>\n<meta property=\"og:url\" content=\"https:\/\/global-medica.com\/en\/product\/logiq-p10-xdclear\/\" \/>\n<meta property=\"og:site_name\" content=\"Global Medica\" \/>\n<meta property=\"article:publisher\" content=\"https:\/\/www.facebook.com\/gmglobalmedica\" \/>\n<meta property=\"article:modified_time\" content=\"2025-05-02T16:13:39+00:00\" \/>\n<meta property=\"og:image\" content=\"https:\/\/global-medica.com\/wp-content\/uploads\/2024\/07\/PR-00027-min.webp\" \/>\n\t<meta property=\"og:image:width\" content=\"650\" \/>\n\t<meta property=\"og:image:height\" content=\"395\" \/>\n\t<meta property=\"og:image:type\" content=\"image\/webp\" \/>\n<meta name=\"twitter:card\" content=\"summary_large_image\" \/>\n<meta name=\"twitter:label1\" content=\"Est. reading time\" \/>\n\t<meta name=\"twitter:data1\" content=\"4 minutes\" \/>\n<script type=\"application\/ld+json\" class=\"yoast-schema-graph\">{\"@context\":\"https:\/\/schema.org\",\"@graph\":[{\"@type\":\"WebPage\",\"@id\":\"https:\/\/global-medica.com\/producto\/logiq-p10-xdclear\/\",\"url\":\"https:\/\/global-medica.com\/producto\/logiq-p10-xdclear\/\",\"name\":\"LOGIQ P10 XDclear\u2122\",\"isPartOf\":{\"@id\":\"https:\/\/global-medica.com\/#website\"},\"primaryImageOfPage\":{\"@id\":\"https:\/\/global-medica.com\/producto\/logiq-p10-xdclear\/#primaryimage\"},\"image\":{\"@id\":\"https:\/\/global-medica.com\/producto\/logiq-p10-xdclear\/#primaryimage\"},\"thumbnailUrl\":\"https:\/\/global-medica.com\/wp-content\/uploads\/2024\/07\/PR-00027-min.webp\",\"datePublished\":\"2024-07-05T00:03:26+00:00\",\"dateModified\":\"2025-05-02T16:13:39+00:00\",\"description\":\"El LOGIQ P10 XDclear no solo cumple con los est\u00e1ndares internacionales de calidad, sino que tambi\u00e9n est\u00e1 respaldado por un servicio t\u00e9cnico confiable.\",\"breadcrumb\":{\"@id\":\"https:\/\/global-medica.com\/producto\/logiq-p10-xdclear\/#breadcrumb\"},\"inLanguage\":\"en-US\",\"potentialAction\":[{\"@type\":\"ReadAction\",\"target\":[\"https:\/\/global-medica.com\/producto\/logiq-p10-xdclear\/\"]}]},{\"@type\":\"ImageObject\",\"inLanguage\":\"en-US\",\"@id\":\"https:\/\/global-medica.com\/producto\/logiq-p10-xdclear\/#primaryimage\",\"url\":\"https:\/\/global-medica.com\/wp-content\/uploads\/2024\/07\/PR-00027-min.webp\",\"contentUrl\":\"https:\/\/global-medica.com\/wp-content\/uploads\/2024\/07\/PR-00027-min.webp\",\"width\":650,\"height\":395,\"caption\":\"LOGIQ P10 XDclear\"},{\"@type\":\"BreadcrumbList\",\"@id\":\"https:\/\/global-medica.com\/producto\/logiq-p10-xdclear\/#breadcrumb\",\"itemListElement\":[{\"@type\":\"ListItem\",\"position\":1,\"name\":\"Home\",\"item\":\"https:\/\/global-medica.com\/\"},{\"@type\":\"ListItem\",\"position\":2,\"name\":\"Productos\",\"item\":\"https:\/\/global-medica.com\/shop\/\"},{\"@type\":\"ListItem\",\"position\":3,\"name\":\"LOGIQ\u2122 P10 XDclear\u2122\"}]},{\"@type\":\"WebSite\",\"@id\":\"https:\/\/global-medica.com\/#website\",\"url\":\"https:\/\/global-medica.com\/\",\"name\":\"Global Medica\",\"description\":\"Global Medica\",\"publisher\":{\"@id\":\"https:\/\/global-medica.com\/#organization\"},\"potentialAction\":[{\"@type\":\"SearchAction\",\"target\":{\"@type\":\"EntryPoint\",\"urlTemplate\":\"https:\/\/global-medica.com\/?s={search_term_string}\"},\"query-input\":{\"@type\":\"PropertyValueSpecification\",\"valueRequired\":true,\"valueName\":\"search_term_string\"}}],\"inLanguage\":\"en-US\"},{\"@type\":\"Organization\",\"@id\":\"https:\/\/global-medica.com\/#organization\",\"name\":\"Global Medica\",\"url\":\"https:\/\/global-medica.com\/\",\"logo\":{\"@type\":\"ImageObject\",\"inLanguage\":\"en-US\",\"@id\":\"https:\/\/global-medica.com\/#\/schema\/logo\/image\/\",\"url\":\"https:\/\/global-medica.com\/wp-content\/uploads\/2024\/04\/global-logo.png\",\"contentUrl\":\"https:\/\/global-medica.com\/wp-content\/uploads\/2024\/04\/global-logo.png\",\"width\":312,\"height\":84,\"caption\":\"Global Medica\"},\"image\":{\"@id\":\"https:\/\/global-medica.com\/#\/schema\/logo\/image\/\"},\"sameAs\":[\"https:\/\/www.facebook.com\/gmglobalmedica\",\"https:\/\/www.instagram.com\/globalmedica\/\",\"https:\/\/www.linkedin.com\/company\/67924728\",\"https:\/\/www.youtube.com\/channel\/UCWT2KUVVms56vwB0N9r8qKQ\/\"]}]}<\/script>\n<!-- \/ Yoast SEO plugin. -->","yoast_head_json":{"title":"LOGIQ P10 XDclear\u2122","description":"El LOGIQ P10 XDclear no solo cumple con los est\u00e1ndares internacionales de calidad, sino que tambi\u00e9n est\u00e1 respaldado por un servicio t\u00e9cnico confiable.","robots":{"index":"index","follow":"follow","max-snippet":"max-snippet:-1","max-image-preview":"max-image-preview:large","max-video-preview":"max-video-preview:-1"},"canonical":"https:\/\/global-medica.com\/en\/product\/logiq-p10-xdclear\/","og_locale":"en_US","og_type":"article","og_title":"LOGIQ P10 XDclear\u2122","og_description":"El LOGIQ P10 XDclear no solo cumple con los est\u00e1ndares internacionales de calidad, sino que tambi\u00e9n est\u00e1 respaldado por un servicio t\u00e9cnico confiable.","og_url":"https:\/\/global-medica.com\/en\/product\/logiq-p10-xdclear\/","og_site_name":"Global Medica","article_publisher":"https:\/\/www.facebook.com\/gmglobalmedica","article_modified_time":"2025-05-02T16:13:39+00:00","og_image":[{"width":650,"height":395,"url":"https:\/\/global-medica.com\/wp-content\/uploads\/2024\/07\/PR-00027-min.webp","type":"image\/webp"}],"twitter_card":"summary_large_image","twitter_misc":{"Est. reading time":"4 minutes"},"schema":{"@context":"https:\/\/schema.org","@graph":[{"@type":"WebPage","@id":"https:\/\/global-medica.com\/producto\/logiq-p10-xdclear\/","url":"https:\/\/global-medica.com\/producto\/logiq-p10-xdclear\/","name":"LOGIQ P10 XDclear\u2122","isPartOf":{"@id":"https:\/\/global-medica.com\/#website"},"primaryImageOfPage":{"@id":"https:\/\/global-medica.com\/producto\/logiq-p10-xdclear\/#primaryimage"},"image":{"@id":"https:\/\/global-medica.com\/producto\/logiq-p10-xdclear\/#primaryimage"},"thumbnailUrl":"https:\/\/global-medica.com\/wp-content\/uploads\/2024\/07\/PR-00027-min.webp","datePublished":"2024-07-05T00:03:26+00:00","dateModified":"2025-05-02T16:13:39+00:00","description":"El LOGIQ P10 XDclear no solo cumple con los est\u00e1ndares internacionales de calidad, sino que tambi\u00e9n est\u00e1 respaldado por un servicio t\u00e9cnico confiable.","breadcrumb":{"@id":"https:\/\/global-medica.com\/producto\/logiq-p10-xdclear\/#breadcrumb"},"inLanguage":"en-US","potentialAction":[{"@type":"ReadAction","target":["https:\/\/global-medica.com\/producto\/logiq-p10-xdclear\/"]}]},{"@type":"ImageObject","inLanguage":"en-US","@id":"https:\/\/global-medica.com\/producto\/logiq-p10-xdclear\/#primaryimage","url":"https:\/\/global-medica.com\/wp-content\/uploads\/2024\/07\/PR-00027-min.webp","contentUrl":"https:\/\/global-medica.com\/wp-content\/uploads\/2024\/07\/PR-00027-min.webp","width":650,"height":395,"caption":"LOGIQ P10 XDclear"},{"@type":"BreadcrumbList","@id":"https:\/\/global-medica.com\/producto\/logiq-p10-xdclear\/#breadcrumb","itemListElement":[{"@type":"ListItem","position":1,"name":"Home","item":"https:\/\/global-medica.com\/"},{"@type":"ListItem","position":2,"name":"Productos","item":"https:\/\/global-medica.com\/shop\/"},{"@type":"ListItem","position":3,"name":"LOGIQ\u2122 P10 XDclear\u2122"}]},{"@type":"WebSite","@id":"https:\/\/global-medica.com\/#website","url":"https:\/\/global-medica.com\/","name":"Global Medica","description":"Global Medica","publisher":{"@id":"https:\/\/global-medica.com\/#organization"},"potentialAction":[{"@type":"SearchAction","target":{"@type":"EntryPoint","urlTemplate":"https:\/\/global-medica.com\/?s={search_term_string}"},"query-input":{"@type":"PropertyValueSpecification","valueRequired":true,"valueName":"search_term_string"}}],"inLanguage":"en-US"},{"@type":"Organization","@id":"https:\/\/global-medica.com\/#organization","name":"Global Medica","url":"https:\/\/global-medica.com\/","logo":{"@type":"ImageObject","inLanguage":"en-US","@id":"https:\/\/global-medica.com\/#\/schema\/logo\/image\/","url":"https:\/\/global-medica.com\/wp-content\/uploads\/2024\/04\/global-logo.png","contentUrl":"https:\/\/global-medica.com\/wp-content\/uploads\/2024\/04\/global-logo.png","width":312,"height":84,"caption":"Global Medica"},"image":{"@id":"https:\/\/global-medica.com\/#\/schema\/logo\/image\/"},"sameAs":["https:\/\/www.facebook.com\/gmglobalmedica","https:\/\/www.instagram.com\/globalmedica\/","https:\/\/www.linkedin.com\/company\/67924728","https:\/\/www.youtube.com\/channel\/UCWT2KUVVms56vwB0N9r8qKQ\/"]}]}},"_links":{"self":[{"href":"https:\/\/global-medica.com\/en\/wp-json\/wp\/v2\/product\/2096","targetHints":{"allow":["GET"]}}],"collection":[{"href":"https:\/\/global-medica.com\/en\/wp-json\/wp\/v2\/product"}],"about":[{"href":"https:\/\/global-medica.com\/en\/wp-json\/wp\/v2\/types\/product"}],"replies":[{"embeddable":true,"href":"https:\/\/global-medica.com\/en\/wp-json\/wp\/v2\/comments?post=2096"}],"wp:featuredmedia":[{"embeddable":true,"href":"https:\/\/global-medica.com\/en\/wp-json\/wp\/v2\/media\/2184"}],"wp:attachment":[{"href":"https:\/\/global-medica.com\/en\/wp-json\/wp\/v2\/media?parent=2096"}],"wp:term":[{"taxonomy":"product_brand","embeddable":true,"href":"https:\/\/global-medica.com\/en\/wp-json\/wp\/v2\/product_brand?post=2096"},{"taxonomy":"product_cat","embeddable":true,"href":"https:\/\/global-medica.com\/en\/wp-json\/wp\/v2\/product_cat?post=2096"},{"taxonomy":"product_tag","embeddable":true,"href":"https:\/\/global-medica.com\/en\/wp-json\/wp\/v2\/product_tag?post=2096"}],"curies":[{"name":"wp","href":"https:\/\/api.w.org\/{rel}","templated":true}]}}