{"id":2095,"date":"2024-07-05T00:03:26","date_gmt":"2024-07-05T00:03:26","guid":{"rendered":"https:\/\/global-medica.com\/product\/optima-ct520\/"},"modified":"2025-05-02T18:26:08","modified_gmt":"2025-05-02T18:26:08","slug":"optima-ct520","status":"publish","type":"product","link":"https:\/\/global-medica.com\/en\/product\/optima-ct520\/","title":{"rendered":"Optima CT520"},"content":{"rendered":"<section id=\"hero-product-content-module\" class=\"ge-module ge-content-module theme-white\">\n<div class=\"ge-module__container\">\n<p><strong class=\"ge-content-module__pre-title\">CHANGE THE WAY YOU SEE CT<\/strong><\/p>\n<div class=\"rah-static rah-static--height-auto\" aria-hidden=\"false\">\n<div class=\"ge-rtf ge-rtf-module ge-content-module__description-wrapper\">\n<div class=\"ge-rtf ge-rtf-module ge-content-module__description-wrapper\">\n<p>In many CT scans, an efficient workflow with\u00a0<strong>IQ technology Enhance<\/strong>\u00a0proven to help increase the coverage helical at the same speed of coverage that a ct scan of 50 cuts.<\/p>\n<p>In cancer imaging of high-quality, optimized workflow, the speed of rapid acquisition and dose optimization can help to detect and evaluate small lesions and track them over time, or provide a detailed assessment of the extent of the tumor.<\/p>\n<h2><strong>Optima CT520 New perspective<\/strong><\/h2>\n<p><strong>SmartView Fluoro*\u00a0<\/strong>for visualization techniques advanced intervention with reconstruction and visualization in real-time. The generated images are displayed on only to 0.20 seconds, which provides the confidence and the speed required for the interventions guided by CT.<\/p>\n<\/div>\n<\/div>\n<\/div>\n<div class=\"ge-content-module__cta-container\"><\/div>\n<\/div>\n<\/section>\n<section id=\"technology\" class=\"ge-module ge-content-module theme-white\">\n<div class=\"ge-module__container\">\n<p><strong class=\"ge-content-module__pre-title\">TECHNOLOGIES<\/strong><\/p>\n<h2 class=\"ge-h2 ge-content-module__title\" role=\"heading\">Optimize with Optima<\/h2>\n<div class=\"rah-static rah-static--height-auto\" aria-hidden=\"false\">\n<div>\n<div class=\"ge-rtf ge-rtf-module ge-content-module__description-wrapper\">\n<div class=\"ge-rtf ge-rtf-module ge-content-module__description-wrapper\">\n<p>Advanced technologies of reduction of dose (Optidosis, VISR, Grab*) for tests of low-dose without compromising diagnostic information contained in the images.<\/p>\n<ul>\n<li>Grab * offers up to a 40% reduction<\/li>\n<\/ul>\n<p><strong>Get a better workflow<\/strong><\/p>\n<p>Innovations for a better flow of work:<\/p>\n<ul>\n<li>Emergency mode \u2013 test of the emergency rapid.<\/li>\n<li>Smart start - up of follow-up of contrast in real-time.<\/li>\n<li>Xtream Injector \u2013 scan acquisition and contrast injection, minimizing the potential user errors.<\/li>\n<li>Real-time Scout \u2013 save time and dose.<\/li>\n<\/ul>\n<p><strong>Seamless workflow<\/strong><\/p>\n<ul>\n<li>Optimize your day-to-day, from which it acquires its image to the reporting of results.<\/li>\n<li>Linking devices, imaging, clinical applications, and YOU, so that you can access to visualization tools, advanced modes and areas of service from where you are.<\/li>\n<\/ul>\n<\/div>\n<\/div>\n<\/div>\n<\/div>\n<div class=\"ge-content-module__cta-container\"><\/div>\n<\/div>\n<\/section>\n<section id=\"benefits\" class=\"ge-module ge-content-module theme-white\">\n<div class=\"ge-module__container\">\n<p><strong class=\"ge-content-module__pre-title\">BENEFITS<\/strong><\/p>\n<div class=\"rah-static rah-static--height-auto\" aria-hidden=\"false\">\n<div>\n<div class=\"ge-rtf ge-rtf-module ge-content-module__description-wrapper\">\n<div class=\"ge-rtf ge-rtf-module ge-content-module__description-wrapper\">Designed to help health professionals deliver the best care to the patient with improvements inspired by customer, including:<\/p>\n<ul>\n<li>Excellent image quality<\/li>\n<li>Advanced features of optimization of dose<\/li>\n<li>Simplified workflow<\/li>\n<li>Technological innovations<\/li>\n<\/ul>\n<p>Built with proven technology and reliable, the Optima CT520 combines clinical competency with advanced robustness.<\/p>\n<\/div>\n<\/div>\n<\/div>\n<\/div>\n<\/div>\n<\/section>\n<p>&nbsp;<\/p>\n<p>&nbsp;<\/p>\n<p><a class=\"elboton\" href=\"https:\/\/latam.gehealthcare.com\/products\/computed-tomography\/optima-ct520\" target=\"_blank\" rel=\"noopener\">Link to the brand<\/a><\/p>","protected":false},"excerpt":{"rendered":"<p>Get a deeper view. Technology optimized to exceed your expectations<br \/>\nChange the way you see the ct scans. Built with proven technology and reliable, the Optima CT520 combines clinical competency with advanced robustness of the system<\/p>","protected":false},"featured_media":2182,"comment_status":"open","ping_status":"closed","template":"","meta":[],"product_brand":[],"product_cat":[30],"product_tag":[],"class_list":{"0":"post-2095","1":"product","2":"type-product","3":"status-publish","4":"has-post-thumbnail","6":"product_cat-tomografia","8":"first","9":"instock","10":"shipping-taxable","11":"purchasable","12":"product-type-simple"},"yoast_head":"<!-- This site is optimized with the Yoast SEO plugin v27.3 - https:\/\/yoast.com\/product\/yoast-seo-wordpress\/ -->\n<title>Optima CT520 - Global Medica - Global M\u00e9dica DR<\/title>\n<meta name=\"description\" content=\"Optima CT520 es un innovador dispositivo m\u00e9dico con un sistema de visualizaci\u00f3n de im\u00e1genes de alta definici\u00f3n y capacidades de an\u00e1lisis en tiempo real.\" \/>\n<meta name=\"robots\" content=\"index, follow, max-snippet:-1, max-image-preview:large, max-video-preview:-1\" \/>\n<link rel=\"canonical\" href=\"https:\/\/global-medica.com\/en\/product\/optima-ct520\/\" \/>\n<meta property=\"og:locale\" content=\"en_US\" \/>\n<meta property=\"og:type\" content=\"article\" \/>\n<meta property=\"og:title\" content=\"Optima CT520 - Global Medica - Global M\u00e9dica DR\" \/>\n<meta property=\"og:description\" content=\"Optima CT520 es un innovador dispositivo m\u00e9dico con un sistema de visualizaci\u00f3n de im\u00e1genes de alta definici\u00f3n y capacidades de an\u00e1lisis en tiempo real.\" \/>\n<meta property=\"og:url\" content=\"https:\/\/global-medica.com\/en\/product\/optima-ct520\/\" \/>\n<meta property=\"og:site_name\" content=\"Global Medica\" \/>\n<meta property=\"article:publisher\" content=\"https:\/\/www.facebook.com\/gmglobalmedica\" \/>\n<meta property=\"article:modified_time\" content=\"2025-05-02T18:26:08+00:00\" \/>\n<meta property=\"og:image\" content=\"https:\/\/global-medica.com\/wp-content\/uploads\/2024\/07\/PR-00025-min.webp\" \/>\n\t<meta property=\"og:image:width\" content=\"647\" \/>\n\t<meta property=\"og:image:height\" content=\"388\" \/>\n\t<meta property=\"og:image:type\" content=\"image\/webp\" \/>\n<meta name=\"twitter:card\" content=\"summary_large_image\" \/>\n<meta name=\"twitter:label1\" content=\"Est. reading time\" \/>\n\t<meta name=\"twitter:data1\" content=\"2 minutes\" \/>\n<script type=\"application\/ld+json\" class=\"yoast-schema-graph\">{\"@context\":\"https:\\\/\\\/schema.org\",\"@graph\":[{\"@type\":\"WebPage\",\"@id\":\"https:\\\/\\\/global-medica.com\\\/producto\\\/optima-ct520\\\/\",\"url\":\"https:\\\/\\\/global-medica.com\\\/producto\\\/optima-ct520\\\/\",\"name\":\"Optima CT520\",\"isPartOf\":{\"@id\":\"https:\\\/\\\/global-medica.com\\\/#website\"},\"primaryImageOfPage\":{\"@id\":\"https:\\\/\\\/global-medica.com\\\/producto\\\/optima-ct520\\\/#primaryimage\"},\"image\":{\"@id\":\"https:\\\/\\\/global-medica.com\\\/producto\\\/optima-ct520\\\/#primaryimage\"},\"thumbnailUrl\":\"https:\\\/\\\/global-medica.com\\\/wp-content\\\/uploads\\\/2024\\\/07\\\/PR-00025-min.webp\",\"datePublished\":\"2024-07-05T00:03:26+00:00\",\"dateModified\":\"2025-05-02T18:26:08+00:00\",\"description\":\"Optima CT520 es un innovador dispositivo m\u00e9dico con un sistema de visualizaci\u00f3n de im\u00e1genes de alta definici\u00f3n y capacidades de an\u00e1lisis en tiempo real.\",\"breadcrumb\":{\"@id\":\"https:\\\/\\\/global-medica.com\\\/producto\\\/optima-ct520\\\/#breadcrumb\"},\"inLanguage\":\"en-US\",\"potentialAction\":[{\"@type\":\"ReadAction\",\"target\":[\"https:\\\/\\\/global-medica.com\\\/producto\\\/optima-ct520\\\/\"]}]},{\"@type\":\"ImageObject\",\"inLanguage\":\"en-US\",\"@id\":\"https:\\\/\\\/global-medica.com\\\/producto\\\/optima-ct520\\\/#primaryimage\",\"url\":\"https:\\\/\\\/global-medica.com\\\/wp-content\\\/uploads\\\/2024\\\/07\\\/PR-00025-min.webp\",\"contentUrl\":\"https:\\\/\\\/global-medica.com\\\/wp-content\\\/uploads\\\/2024\\\/07\\\/PR-00025-min.webp\",\"width\":647,\"height\":388,\"caption\":\"Optima CT520\"},{\"@type\":\"BreadcrumbList\",\"@id\":\"https:\\\/\\\/global-medica.com\\\/producto\\\/optima-ct520\\\/#breadcrumb\",\"itemListElement\":[{\"@type\":\"ListItem\",\"position\":1,\"name\":\"Home\",\"item\":\"https:\\\/\\\/global-medica.com\\\/\"},{\"@type\":\"ListItem\",\"position\":2,\"name\":\"Productos\",\"item\":\"https:\\\/\\\/global-medica.com\\\/shop\\\/\"},{\"@type\":\"ListItem\",\"position\":3,\"name\":\"Optima CT520\"}]},{\"@type\":\"WebSite\",\"@id\":\"https:\\\/\\\/global-medica.com\\\/#website\",\"url\":\"https:\\\/\\\/global-medica.com\\\/\",\"name\":\"Global Medica\",\"description\":\"Global Medica\",\"publisher\":{\"@id\":\"https:\\\/\\\/global-medica.com\\\/#organization\"},\"inLanguage\":\"en-US\"},{\"@type\":\"Organization\",\"@id\":\"https:\\\/\\\/global-medica.com\\\/#organization\",\"name\":\"Global Medica\",\"url\":\"https:\\\/\\\/global-medica.com\\\/\",\"logo\":{\"@type\":\"ImageObject\",\"inLanguage\":\"en-US\",\"@id\":\"https:\\\/\\\/global-medica.com\\\/#\\\/schema\\\/logo\\\/image\\\/\",\"url\":\"https:\\\/\\\/global-medica.com\\\/wp-content\\\/uploads\\\/2024\\\/04\\\/global-logo.png\",\"contentUrl\":\"https:\\\/\\\/global-medica.com\\\/wp-content\\\/uploads\\\/2024\\\/04\\\/global-logo.png\",\"width\":312,\"height\":84,\"caption\":\"Global Medica\"},\"image\":{\"@id\":\"https:\\\/\\\/global-medica.com\\\/#\\\/schema\\\/logo\\\/image\\\/\"},\"sameAs\":[\"https:\\\/\\\/www.facebook.com\\\/gmglobalmedica\",\"https:\\\/\\\/www.instagram.com\\\/globalmedica\\\/\",\"https:\\\/\\\/www.linkedin.com\\\/company\\\/67924728\",\"https:\\\/\\\/www.youtube.com\\\/channel\\\/UCWT2KUVVms56vwB0N9r8qKQ\\\/\"]}]}<\/script>\n<!-- \/ Yoast SEO plugin. -->","yoast_head_json":{"title":"Optima CT520 - Global Medica - Global M\u00e9dica DR","description":"Optima CT520 es un innovador dispositivo m\u00e9dico con un sistema de visualizaci\u00f3n de im\u00e1genes de alta definici\u00f3n y capacidades de an\u00e1lisis en tiempo real.","robots":{"index":"index","follow":"follow","max-snippet":"max-snippet:-1","max-image-preview":"max-image-preview:large","max-video-preview":"max-video-preview:-1"},"canonical":"https:\/\/global-medica.com\/en\/product\/optima-ct520\/","og_locale":"en_US","og_type":"article","og_title":"Optima CT520 - Global Medica - Global M\u00e9dica DR","og_description":"Optima CT520 es un innovador dispositivo m\u00e9dico con un sistema de visualizaci\u00f3n de im\u00e1genes de alta definici\u00f3n y capacidades de an\u00e1lisis en tiempo real.","og_url":"https:\/\/global-medica.com\/en\/product\/optima-ct520\/","og_site_name":"Global Medica","article_publisher":"https:\/\/www.facebook.com\/gmglobalmedica","article_modified_time":"2025-05-02T18:26:08+00:00","og_image":[{"width":647,"height":388,"url":"https:\/\/global-medica.com\/wp-content\/uploads\/2024\/07\/PR-00025-min.webp","type":"image\/webp"}],"twitter_card":"summary_large_image","twitter_misc":{"Est. reading time":"2 minutes"},"schema":{"@context":"https:\/\/schema.org","@graph":[{"@type":"WebPage","@id":"https:\/\/global-medica.com\/producto\/optima-ct520\/","url":"https:\/\/global-medica.com\/producto\/optima-ct520\/","name":"Optima CT520","isPartOf":{"@id":"https:\/\/global-medica.com\/#website"},"primaryImageOfPage":{"@id":"https:\/\/global-medica.com\/producto\/optima-ct520\/#primaryimage"},"image":{"@id":"https:\/\/global-medica.com\/producto\/optima-ct520\/#primaryimage"},"thumbnailUrl":"https:\/\/global-medica.com\/wp-content\/uploads\/2024\/07\/PR-00025-min.webp","datePublished":"2024-07-05T00:03:26+00:00","dateModified":"2025-05-02T18:26:08+00:00","description":"Optima CT520 es un innovador dispositivo m\u00e9dico con un sistema de visualizaci\u00f3n de im\u00e1genes de alta definici\u00f3n y capacidades de an\u00e1lisis en tiempo real.","breadcrumb":{"@id":"https:\/\/global-medica.com\/producto\/optima-ct520\/#breadcrumb"},"inLanguage":"en-US","potentialAction":[{"@type":"ReadAction","target":["https:\/\/global-medica.com\/producto\/optima-ct520\/"]}]},{"@type":"ImageObject","inLanguage":"en-US","@id":"https:\/\/global-medica.com\/producto\/optima-ct520\/#primaryimage","url":"https:\/\/global-medica.com\/wp-content\/uploads\/2024\/07\/PR-00025-min.webp","contentUrl":"https:\/\/global-medica.com\/wp-content\/uploads\/2024\/07\/PR-00025-min.webp","width":647,"height":388,"caption":"Optima CT520"},{"@type":"BreadcrumbList","@id":"https:\/\/global-medica.com\/producto\/optima-ct520\/#breadcrumb","itemListElement":[{"@type":"ListItem","position":1,"name":"Home","item":"https:\/\/global-medica.com\/"},{"@type":"ListItem","position":2,"name":"Productos","item":"https:\/\/global-medica.com\/shop\/"},{"@type":"ListItem","position":3,"name":"Optima CT520"}]},{"@type":"WebSite","@id":"https:\/\/global-medica.com\/#website","url":"https:\/\/global-medica.com\/","name":"Global Medica","description":"Global Medica","publisher":{"@id":"https:\/\/global-medica.com\/#organization"},"inLanguage":"en-US"},{"@type":"Organization","@id":"https:\/\/global-medica.com\/#organization","name":"Global Medica","url":"https:\/\/global-medica.com\/","logo":{"@type":"ImageObject","inLanguage":"en-US","@id":"https:\/\/global-medica.com\/#\/schema\/logo\/image\/","url":"https:\/\/global-medica.com\/wp-content\/uploads\/2024\/04\/global-logo.png","contentUrl":"https:\/\/global-medica.com\/wp-content\/uploads\/2024\/04\/global-logo.png","width":312,"height":84,"caption":"Global Medica"},"image":{"@id":"https:\/\/global-medica.com\/#\/schema\/logo\/image\/"},"sameAs":["https:\/\/www.facebook.com\/gmglobalmedica","https:\/\/www.instagram.com\/globalmedica\/","https:\/\/www.linkedin.com\/company\/67924728","https:\/\/www.youtube.com\/channel\/UCWT2KUVVms56vwB0N9r8qKQ\/"]}]}},"_links":{"self":[{"href":"https:\/\/global-medica.com\/en\/wp-json\/wp\/v2\/product\/2095","targetHints":{"allow":["GET"]}}],"collection":[{"href":"https:\/\/global-medica.com\/en\/wp-json\/wp\/v2\/product"}],"about":[{"href":"https:\/\/global-medica.com\/en\/wp-json\/wp\/v2\/types\/product"}],"replies":[{"embeddable":true,"href":"https:\/\/global-medica.com\/en\/wp-json\/wp\/v2\/comments?post=2095"}],"wp:featuredmedia":[{"embeddable":true,"href":"https:\/\/global-medica.com\/en\/wp-json\/wp\/v2\/media\/2182"}],"wp:attachment":[{"href":"https:\/\/global-medica.com\/en\/wp-json\/wp\/v2\/media?parent=2095"}],"wp:term":[{"taxonomy":"product_brand","embeddable":true,"href":"https:\/\/global-medica.com\/en\/wp-json\/wp\/v2\/product_brand?post=2095"},{"taxonomy":"product_cat","embeddable":true,"href":"https:\/\/global-medica.com\/en\/wp-json\/wp\/v2\/product_cat?post=2095"},{"taxonomy":"product_tag","embeddable":true,"href":"https:\/\/global-medica.com\/en\/wp-json\/wp\/v2\/product_tag?post=2095"}],"curies":[{"name":"wp","href":"https:\/\/api.w.org\/{rel}","templated":true}]}}