{"id":2090,"date":"2024-07-05T00:03:25","date_gmt":"2024-07-05T00:03:25","guid":{"rendered":"https:\/\/global-medica.com\/product\/arco-en-c-elite-cfd\/"},"modified":"2026-03-28T18:50:55","modified_gmt":"2026-03-28T18:50:55","slug":"elite-cfd","status":"publish","type":"product","link":"https:\/\/global-medica.com\/en\/product\/elite-cfd\/","title":{"rendered":"OEC Elite CFD"},"content":{"rendered":"<div class=\"mdc-layout-grid__cell mdc-layout-grid__cell--span-4-desktop mdc-layout-grid__cell--span-4-tablet mdc-layout-grid__cell--span-2-phone\">\n<h2 class=\"pdp-glance-item\">OEC Elite provides an improved experience<\/h2>\n<div class=\"pdp-glance-item\">With the C-arm mobile phone that allows you to:<\/div>\n<\/div>\n<div>\n<div id=\"contenido-gen\u00e9rico-v2\">\n<section id=\"contenido-gen\u00e9rico-v2\" class=\"ge-generic-content-v2-container gehc-padding-top-48 gehc-padding-bottom-48 themev2-white\">\n<div class=\"mdc-layout-grid eds-grid\">\n<div class=\"mdc-layout-grid__inner\">\n<div class=\"mdc-layout-grid__cell mdc-layout-grid__cell--span-8-desktop mdc-layout-grid__cell--span-8-tablet mdc-layout-grid__cell--span-4-phone\">\n<div class=\"ge-generic-content-v2-container__body ptag\">\n<div>\u2022 Experience an extraordinary quality of image<\/div>\n<p>\u2022 Administer the dose profiles of imaging and automatic control modes dose<\/p>\n<p>\u2022 Work with greater ease and efficiency<\/p>\n<h3>The system is suitable for a wide variety of surgical needs<\/h3>\n<p>Among these applications, orthopedic, gastrointestinal, endoscopic, urologic, neurologic, intensive care and vascular procedures.<\/p>\n<div class=\"mdc-layout-grid__cell mdc-layout-grid__cell--span-4-desktop mdc-layout-grid__cell--span-4-tablet mdc-layout-grid__cell--span-2-phone\">\n<div class=\"pdp-glance-item\">\n<h3 class=\"ptags-small pdp-glance-item-headline\">Versatility<\/h3>\n<div class=\"ptags-small pdp-glance-item-body\">Image processing CAB, and profiles of image acquisition, pre-defined from general procedures to vascular<\/div>\n<\/div>\n<\/div>\n<div class=\"mdc-layout-grid__cell mdc-layout-grid__cell--span-4-desktop mdc-layout-grid__cell--span-4-tablet mdc-layout-grid__cell--span-2-phone\">\n<div class=\"pdp-glance-item\">\n<h3 class=\"ptags-small pdp-glance-item-headline\">FOV<\/h3>\n<div class=\"ptags-small pdp-glance-item-body\">You may see a 20 %<sup>1<\/sup> most of the anatomical zone with less adjustment of the table<\/div>\n<\/div>\n<\/div>\n<div class=\"mdc-layout-grid__cell mdc-layout-grid__cell--span-4-desktop mdc-layout-grid__cell--span-4-tablet mdc-layout-grid__cell--span-2-phone\">\n<div class=\"pdp-glance-item\">\n<h3 class=\"ptags-small pdp-glance-item-headline\">Reliability<\/h3>\n<div class=\"ptags-small pdp-glance-item-body\">Power-optimized and easy-to-use<\/div>\n<\/div>\n<\/div>\n<\/div>\n<\/div>\n<\/div>\n<\/div>\n<\/section>\n<\/div>\n<\/div>\n<div class=\"mdc-layout-grid eds-grid feature-hero-module-wrapper\">\n<div class=\"mdc-layout-grid__inner\">\n<div class=\"mdc-layout-grid__cell mdc-layout-grid__cell--span-9-desktop mdc-layout-grid__cell--span-8-tablet\">\n<h2 class=\"feature-hero-module-title\">Innovative features and image quality<\/h2>\n<div class=\"feature-hero-module-copy\">The functions of OEC Elite allow surgical teams to adapt to changes to capture images rich in clarity and detail.<\/div>\n<\/div>\n<\/div>\n<\/div>\n<div>\n<div class=\"feature-hero-wrapper feature-hero-wrapper-card\">\n<div class=\"feature-hero-container\">\n<div id=\"feature-a4a26475-92f8-40a8-babb-399fecd0f5d4\" class=\"mdc-layout-grid__cell feature-hero-left-container mdc-layout-grid__cell--span-12-desktop mdc-layout-grid__cell--span-8-tablet\">\n<div class=\"mdc-layout-grid__cell mdc-layout-grid__cell--span-12-desktop mdc-layout-grid__cell--span-8-tablet\">\n<h3 class=\"feature-hero-module-featureHeading\">Extraordinary image acquisition<\/h3>\n<\/div>\n<div class=\"mdc-layout-grid__cell mdc-layout-grid__cell--span-12-desktop mdc-layout-grid__cell--span-8-tablet\">\n<div class=\"feature-hero-module-featureBody ptags-small\">\n<p>View the details and minimize the dose with Live Zoom, the digital pen and pre-defined profiles, including options for pediatric patients, HD general and follow-up of bolus optional.<\/p>\n<div>\n<p>You will see up to 22% more anatomical zone with the arcs in C block, with a closer placement of the probe to the patient&#039;s anatomy.<\/p>\n<p>View details and larger images on a screen 4K that you can zoom in or adjust to the surgeon the viewing of most convenient way.<\/p>\n<\/div>\n<\/div>\n<\/div>\n<\/div>\n<\/div>\n<\/div>\n<\/div>\n<div>\n<div class=\"mdc-layout-grid__cell feature-hero-content-container mdc-layout-grid__cell--span-6-desktop mdc-layout-grid__cell--span-8-tablet\">\n<div class=\"feature-hero-wrapper feature-hero-wrapper-card\">\n<div class=\"feature-hero-container\">\n<div id=\"feature-2bd2499b-f448-422b-994e-268a277f8cb5\" class=\"mdc-layout-grid__cell feature-hero-left-container mdc-layout-grid__cell--span-12-desktop mdc-layout-grid__cell--span-8-tablet\">\n<div class=\"mdc-layout-grid__cell mdc-layout-grid__cell--span-12-desktop mdc-layout-grid__cell--span-8-tablet\">\n<h3 class=\"feature-hero-module-featureHeading\">Efficiency of image acquisition<\/h3>\n<\/div>\n<div class=\"mdc-layout-grid__cell mdc-layout-grid__cell--span-12-desktop mdc-layout-grid__cell--span-8-tablet\">\n<div class=\"feature-hero-module-featureBody ptags-small\">\n<p>It stays cool during the most demanding procedures with an excellent speed enfriamientoy a component of X-rays designed to minimize the accumulation of heat.<\/p>\n<div>Optimize your workflow with a user experience that is intuitive and an interface OEC recognizable to achieve a rapid acquisition of images and less interruptions during surgical procedures.<\/div>\n<div><\/div>\n<div>Ergonomically designed to easily place the detector around the patient table in angles of difficult-to-reach heights of table low.<\/div>\n<\/div>\n<\/div>\n<\/div>\n<\/div>\n<\/div>\n<\/div>\n<\/div>\n<div>\n<div id=\"modelos-de-arco-en-c-y-mesa-lateral-t\u00e1ctil-oec\">\n<div class=\"related-content gehc-padding-top-48 gehc-padding-bottom-48 theme-grey-100\" aria-label=\"Related Content\">\n<div class=\"mdc-layout-grid eds-grid\">\n<div class=\"mdc-layout-grid__inner\">\n<div class=\"mdc-layout-grid__cell mdc-layout-grid__cell--span-9-desktop mdc-layout-grid__cell--span-8-tablet mdc-layout-grid__cell--span-4-phone\">\n<h2 class=\"related-content__section__text title-m\">Models of arc and C-side table touch OEC<\/h2>\n<\/div>\n<\/div>\n<div class=\"mdc-layout-grid__inner related-content-gridgap\">\n<div class=\"mdc-layout-grid__cell related-content__container mdc-layout-grid__cell--span-4-desktop mdc-layout-grid__cell--span-4-tablet mdc-layout-grid__cell--span-4-phone\">\n<div class=\"related-content-app-product-cards\" data-analytics-tracking-event=\"link_click\" data-analytics-link-type=\"Related Content\" data-analytics-link-name=\"Arco en C est\u00e1ndar\" data-analytics-link-title=\"Modelos de arco en C y mesa lateral t\u00e1ctil OEC\">\n<div class=\"related-content-app-product-cards__content\">\n<h3 class=\"related-content-app-product-cards__titletext ptags\">Standard C-Arm<\/h3>\n<p class=\"related-content-app-product-cards__metadata caption\">\u2022 25\u00b0 overscan and 90\u00b0 underscan<br \/>\n\u2022 SmartView with 90\u00b0\/180\u00b0 pivot<br \/>\n\u2022 Side height low<br \/>\n\u2022 Slight AP\/lateral offset<br \/>\n\u2022 30 % less force to lead*<br \/>\n\u2022 9\" or 12\" detector options<\/p>\n<\/div>\n<\/div>\n<\/div>\n<div class=\"mdc-layout-grid__cell related-content__container mdc-layout-grid__cell--span-4-desktop mdc-layout-grid__cell--span-4-tablet mdc-layout-grid__cell--span-4-phone\">\n<div class=\"related-content-app-product-cards\" data-analytics-tracking-event=\"link_click\" data-analytics-link-type=\"Related Content\" data-analytics-link-name=\"Arco en C s\u00faper\" data-analytics-link-title=\"Modelos de arco en C y mesa lateral t\u00e1ctil OEC\">\n<div class=\"related-content-app-product-cards__content\">\n<h3 class=\"related-content-app-product-cards__titletext ptags\">Super C-Arm<\/h3>\n<p class=\"related-content-app-product-cards__metadata caption\">\u2022 55\u00b0 overscan and 90\u00b0 underscan<br \/>\n\u2022 33\" arc depth for improved coverage<br \/>\n\u2022 Low side height<br \/>\n\u2022 Radial dial brakes for easy locking<br \/>\n\u2022 30 % less force to lead*<br \/>\n\u2022 9\" detector option<\/p>\n<\/div>\n<\/div>\n<\/div>\n<div class=\"mdc-layout-grid__cell related-content__container mdc-layout-grid__cell--span-4-desktop mdc-layout-grid__cell--span-4-tablet mdc-layout-grid__cell--span-4-phone\">\n<div class=\"related-content-app-product-cards\" data-analytics-tracking-event=\"link_click\" data-analytics-link-type=\"Related Content\" data-analytics-link-name=\"Mesa lateral t\u00e1ctil OEC\" data-analytics-link-title=\"Modelos de arco en C y mesa lateral t\u00e1ctil OEC\">\n<div class=\"related-content-app-product-cards__content\">\n<h3 class=\"related-content-app-product-cards__titletext ptags\">Side table touch OEC<\/h3>\n<p class=\"related-content-app-product-cards__metadata caption\">\u2022 Moves easily to the desired location<br \/>\n\u2022 Panel control OEC Touch mobile<br \/>\n\u2022 Height and tilt adjustable screen<\/p>\n<\/div>\n<\/div>\n<\/div>\n<\/div>\n<\/div>\n<\/div>\n<\/div>\n<\/div>\n<div>\n<div id=\"modelos-de-arco-en-c-y-mesa-lateral-t\u00e1ctil-oec\">\n<div class=\"related-content gehc-padding-top-48 gehc-padding-bottom-48 theme-grey-100\" aria-label=\"Related Content\">\n<div class=\"mdc-layout-grid eds-grid\">\n<div class=\"mdc-layout-grid__inner related-content-gridgap\">\n<div class=\"mdc-layout-grid__cell related-content__container mdc-layout-grid__cell--span-4-desktop mdc-layout-grid__cell--span-4-tablet mdc-layout-grid__cell--span-4-phone\">\n<div class=\"related-content-app-product-cards\" data-analytics-tracking-event=\"link_click\" data-analytics-link-type=\"Related Content\" data-analytics-link-name=\"Mesa lateral t\u00e1ctil OEC\" data-analytics-link-title=\"Modelos de arco en C y mesa lateral t\u00e1ctil OEC\">\n<\/div>\n<\/div>\n<\/div>\n<\/div>\n<\/div>\n<\/div>\n<\/div>\n<p><a class=\"elboton\" href=\"https:\/\/latam.gehealthcare.com\/products\/surgical-imaging\/oec-elite-cfd\" target=\"_blank\" rel=\"noopener\">Link to the brand<\/a><\/p>","protected":false},"excerpt":{"rendered":"<div class=\"mdc-layout-grid__inner product-heroV2-container__row\">\n<div class=\"mdc-layout-grid__cell mdc-layout-grid__cell--span-5-desktop mdc-layout-grid__cell--span-4-tablet mdc-layout-grid__cell--span-4-phone\">\n<div class=\"product-heroV2-container__subtitle ptags\">Exceptional Image Quality with Ease and Efficiency<\/div>\n<\/div>\n<\/div>\n<div class=\"mdc-layout-grid__inner product-heroV2-container__row\">\n<div class=\"mdc-layout-grid__cell product-heroV2-container__button-cell mdc-layout-grid__cell--span-5-desktop mdc-layout-grid__cell--span-5-tablet mdc-layout-grid__cell--span-4-phone\"><\/div>\n<\/div>","protected":false},"featured_media":2625,"comment_status":"open","ping_status":"closed","template":"","meta":[],"product_brand":[],"product_cat":[29],"product_tag":[],"class_list":{"0":"post-2090","1":"product","2":"type-product","3":"status-publish","4":"has-post-thumbnail","6":"product_cat-arco-en-c","8":"first","9":"instock","10":"shipping-taxable","11":"purchasable","12":"product-type-simple"},"yoast_head":"<!-- This site is optimized with the Yoast SEO plugin v27.3 - https:\/\/yoast.com\/product\/yoast-seo-wordpress\/ -->\n<title>OEC Elite CFD Arco en C - Global Medica - Global M\u00e9dica DR<\/title>\n<meta name=\"description\" content=\"OEC Elite CFD permite a los m\u00e9dicos personalizar configuraciones de imagen y acceder a herramientas avanzadas de an\u00e1lisis\" \/>\n<meta name=\"robots\" content=\"index, follow, max-snippet:-1, max-image-preview:large, max-video-preview:-1\" \/>\n<link rel=\"canonical\" href=\"https:\/\/global-medica.com\/en\/product\/elite-cfd\/\" \/>\n<meta property=\"og:locale\" content=\"en_US\" \/>\n<meta property=\"og:type\" content=\"article\" \/>\n<meta property=\"og:title\" content=\"OEC Elite CFD Arco en C - Global Medica - Global M\u00e9dica DR\" \/>\n<meta property=\"og:description\" content=\"OEC Elite CFD permite a los m\u00e9dicos personalizar configuraciones de imagen y acceder a herramientas avanzadas de an\u00e1lisis\" \/>\n<meta property=\"og:url\" content=\"https:\/\/global-medica.com\/en\/product\/elite-cfd\/\" \/>\n<meta property=\"og:site_name\" content=\"Global Medica\" \/>\n<meta property=\"article:publisher\" content=\"https:\/\/www.facebook.com\/gmglobalmedica\" \/>\n<meta property=\"article:modified_time\" content=\"2026-03-28T18:50:55+00:00\" \/>\n<meta property=\"og:image\" content=\"https:\/\/global-medica.com\/wp-content\/uploads\/2024\/07\/OEC-Elite-CFD-copy.webp\" \/>\n\t<meta property=\"og:image:width\" content=\"481\" \/>\n\t<meta property=\"og:image:height\" content=\"407\" \/>\n\t<meta property=\"og:image:type\" content=\"image\/webp\" \/>\n<meta name=\"twitter:card\" content=\"summary_large_image\" \/>\n<meta name=\"twitter:label1\" content=\"Est. reading time\" \/>\n\t<meta name=\"twitter:data1\" content=\"3 minutes\" \/>\n<script type=\"application\/ld+json\" class=\"yoast-schema-graph\">{\"@context\":\"https:\\\/\\\/schema.org\",\"@graph\":[{\"@type\":\"WebPage\",\"@id\":\"https:\\\/\\\/global-medica.com\\\/producto\\\/elite-cfd\\\/\",\"url\":\"https:\\\/\\\/global-medica.com\\\/producto\\\/elite-cfd\\\/\",\"name\":\"OEC Elite CFD Arco en C\",\"isPartOf\":{\"@id\":\"https:\\\/\\\/global-medica.com\\\/#website\"},\"primaryImageOfPage\":{\"@id\":\"https:\\\/\\\/global-medica.com\\\/producto\\\/elite-cfd\\\/#primaryimage\"},\"image\":{\"@id\":\"https:\\\/\\\/global-medica.com\\\/producto\\\/elite-cfd\\\/#primaryimage\"},\"thumbnailUrl\":\"https:\\\/\\\/global-medica.com\\\/wp-content\\\/uploads\\\/2024\\\/07\\\/OEC-Elite-CFD-copy.webp\",\"datePublished\":\"2024-07-05T00:03:25+00:00\",\"dateModified\":\"2026-03-28T18:50:55+00:00\",\"description\":\"OEC Elite CFD permite a los m\u00e9dicos personalizar configuraciones de imagen y acceder a herramientas avanzadas de an\u00e1lisis\",\"breadcrumb\":{\"@id\":\"https:\\\/\\\/global-medica.com\\\/producto\\\/elite-cfd\\\/#breadcrumb\"},\"inLanguage\":\"en-US\",\"potentialAction\":[{\"@type\":\"ReadAction\",\"target\":[\"https:\\\/\\\/global-medica.com\\\/producto\\\/elite-cfd\\\/\"]}]},{\"@type\":\"ImageObject\",\"inLanguage\":\"en-US\",\"@id\":\"https:\\\/\\\/global-medica.com\\\/producto\\\/elite-cfd\\\/#primaryimage\",\"url\":\"https:\\\/\\\/global-medica.com\\\/wp-content\\\/uploads\\\/2024\\\/07\\\/OEC-Elite-CFD-copy.webp\",\"contentUrl\":\"https:\\\/\\\/global-medica.com\\\/wp-content\\\/uploads\\\/2024\\\/07\\\/OEC-Elite-CFD-copy.webp\",\"width\":481,\"height\":407,\"caption\":\"Arco en C: Equipos m\u00e9dicos de calidad en RD y Caribe\"},{\"@type\":\"BreadcrumbList\",\"@id\":\"https:\\\/\\\/global-medica.com\\\/producto\\\/elite-cfd\\\/#breadcrumb\",\"itemListElement\":[{\"@type\":\"ListItem\",\"position\":1,\"name\":\"Home\",\"item\":\"https:\\\/\\\/global-medica.com\\\/\"},{\"@type\":\"ListItem\",\"position\":2,\"name\":\"Productos\",\"item\":\"https:\\\/\\\/global-medica.com\\\/shop\\\/\"},{\"@type\":\"ListItem\",\"position\":3,\"name\":\"OEC Elite CFD\"}]},{\"@type\":\"WebSite\",\"@id\":\"https:\\\/\\\/global-medica.com\\\/#website\",\"url\":\"https:\\\/\\\/global-medica.com\\\/\",\"name\":\"Global Medica\",\"description\":\"Global Medica\",\"publisher\":{\"@id\":\"https:\\\/\\\/global-medica.com\\\/#organization\"},\"inLanguage\":\"en-US\"},{\"@type\":\"Organization\",\"@id\":\"https:\\\/\\\/global-medica.com\\\/#organization\",\"name\":\"Global Medica\",\"url\":\"https:\\\/\\\/global-medica.com\\\/\",\"logo\":{\"@type\":\"ImageObject\",\"inLanguage\":\"en-US\",\"@id\":\"https:\\\/\\\/global-medica.com\\\/#\\\/schema\\\/logo\\\/image\\\/\",\"url\":\"https:\\\/\\\/global-medica.com\\\/wp-content\\\/uploads\\\/2024\\\/04\\\/global-logo.png\",\"contentUrl\":\"https:\\\/\\\/global-medica.com\\\/wp-content\\\/uploads\\\/2024\\\/04\\\/global-logo.png\",\"width\":312,\"height\":84,\"caption\":\"Global Medica\"},\"image\":{\"@id\":\"https:\\\/\\\/global-medica.com\\\/#\\\/schema\\\/logo\\\/image\\\/\"},\"sameAs\":[\"https:\\\/\\\/www.facebook.com\\\/gmglobalmedica\",\"https:\\\/\\\/www.instagram.com\\\/globalmedica\\\/\",\"https:\\\/\\\/www.linkedin.com\\\/company\\\/67924728\",\"https:\\\/\\\/www.youtube.com\\\/channel\\\/UCWT2KUVVms56vwB0N9r8qKQ\\\/\"]}]}<\/script>\n<!-- \/ Yoast SEO plugin. -->","yoast_head_json":{"title":"OEC Elite CFD Arco en C - Global Medica - Global M\u00e9dica DR","description":"OEC Elite CFD permite a los m\u00e9dicos personalizar configuraciones de imagen y acceder a herramientas avanzadas de an\u00e1lisis","robots":{"index":"index","follow":"follow","max-snippet":"max-snippet:-1","max-image-preview":"max-image-preview:large","max-video-preview":"max-video-preview:-1"},"canonical":"https:\/\/global-medica.com\/en\/product\/elite-cfd\/","og_locale":"en_US","og_type":"article","og_title":"OEC Elite CFD Arco en C - Global Medica - Global M\u00e9dica DR","og_description":"OEC Elite CFD permite a los m\u00e9dicos personalizar configuraciones de imagen y acceder a herramientas avanzadas de an\u00e1lisis","og_url":"https:\/\/global-medica.com\/en\/product\/elite-cfd\/","og_site_name":"Global Medica","article_publisher":"https:\/\/www.facebook.com\/gmglobalmedica","article_modified_time":"2026-03-28T18:50:55+00:00","og_image":[{"width":481,"height":407,"url":"https:\/\/global-medica.com\/wp-content\/uploads\/2024\/07\/OEC-Elite-CFD-copy.webp","type":"image\/webp"}],"twitter_card":"summary_large_image","twitter_misc":{"Est. reading time":"3 minutes"},"schema":{"@context":"https:\/\/schema.org","@graph":[{"@type":"WebPage","@id":"https:\/\/global-medica.com\/producto\/elite-cfd\/","url":"https:\/\/global-medica.com\/producto\/elite-cfd\/","name":"OEC Elite CFD Arco en C","isPartOf":{"@id":"https:\/\/global-medica.com\/#website"},"primaryImageOfPage":{"@id":"https:\/\/global-medica.com\/producto\/elite-cfd\/#primaryimage"},"image":{"@id":"https:\/\/global-medica.com\/producto\/elite-cfd\/#primaryimage"},"thumbnailUrl":"https:\/\/global-medica.com\/wp-content\/uploads\/2024\/07\/OEC-Elite-CFD-copy.webp","datePublished":"2024-07-05T00:03:25+00:00","dateModified":"2026-03-28T18:50:55+00:00","description":"OEC Elite CFD permite a los m\u00e9dicos personalizar configuraciones de imagen y acceder a herramientas avanzadas de an\u00e1lisis","breadcrumb":{"@id":"https:\/\/global-medica.com\/producto\/elite-cfd\/#breadcrumb"},"inLanguage":"en-US","potentialAction":[{"@type":"ReadAction","target":["https:\/\/global-medica.com\/producto\/elite-cfd\/"]}]},{"@type":"ImageObject","inLanguage":"en-US","@id":"https:\/\/global-medica.com\/producto\/elite-cfd\/#primaryimage","url":"https:\/\/global-medica.com\/wp-content\/uploads\/2024\/07\/OEC-Elite-CFD-copy.webp","contentUrl":"https:\/\/global-medica.com\/wp-content\/uploads\/2024\/07\/OEC-Elite-CFD-copy.webp","width":481,"height":407,"caption":"Arco en C: Equipos m\u00e9dicos de calidad en RD y Caribe"},{"@type":"BreadcrumbList","@id":"https:\/\/global-medica.com\/producto\/elite-cfd\/#breadcrumb","itemListElement":[{"@type":"ListItem","position":1,"name":"Home","item":"https:\/\/global-medica.com\/"},{"@type":"ListItem","position":2,"name":"Productos","item":"https:\/\/global-medica.com\/shop\/"},{"@type":"ListItem","position":3,"name":"OEC Elite CFD"}]},{"@type":"WebSite","@id":"https:\/\/global-medica.com\/#website","url":"https:\/\/global-medica.com\/","name":"Global Medica","description":"Global Medica","publisher":{"@id":"https:\/\/global-medica.com\/#organization"},"inLanguage":"en-US"},{"@type":"Organization","@id":"https:\/\/global-medica.com\/#organization","name":"Global Medica","url":"https:\/\/global-medica.com\/","logo":{"@type":"ImageObject","inLanguage":"en-US","@id":"https:\/\/global-medica.com\/#\/schema\/logo\/image\/","url":"https:\/\/global-medica.com\/wp-content\/uploads\/2024\/04\/global-logo.png","contentUrl":"https:\/\/global-medica.com\/wp-content\/uploads\/2024\/04\/global-logo.png","width":312,"height":84,"caption":"Global Medica"},"image":{"@id":"https:\/\/global-medica.com\/#\/schema\/logo\/image\/"},"sameAs":["https:\/\/www.facebook.com\/gmglobalmedica","https:\/\/www.instagram.com\/globalmedica\/","https:\/\/www.linkedin.com\/company\/67924728","https:\/\/www.youtube.com\/channel\/UCWT2KUVVms56vwB0N9r8qKQ\/"]}]}},"_links":{"self":[{"href":"https:\/\/global-medica.com\/en\/wp-json\/wp\/v2\/product\/2090","targetHints":{"allow":["GET"]}}],"collection":[{"href":"https:\/\/global-medica.com\/en\/wp-json\/wp\/v2\/product"}],"about":[{"href":"https:\/\/global-medica.com\/en\/wp-json\/wp\/v2\/types\/product"}],"replies":[{"embeddable":true,"href":"https:\/\/global-medica.com\/en\/wp-json\/wp\/v2\/comments?post=2090"}],"wp:featuredmedia":[{"embeddable":true,"href":"https:\/\/global-medica.com\/en\/wp-json\/wp\/v2\/media\/2625"}],"wp:attachment":[{"href":"https:\/\/global-medica.com\/en\/wp-json\/wp\/v2\/media?parent=2090"}],"wp:term":[{"taxonomy":"product_brand","embeddable":true,"href":"https:\/\/global-medica.com\/en\/wp-json\/wp\/v2\/product_brand?post=2090"},{"taxonomy":"product_cat","embeddable":true,"href":"https:\/\/global-medica.com\/en\/wp-json\/wp\/v2\/product_cat?post=2090"},{"taxonomy":"product_tag","embeddable":true,"href":"https:\/\/global-medica.com\/en\/wp-json\/wp\/v2\/product_tag?post=2090"}],"curies":[{"name":"wp","href":"https:\/\/api.w.org\/{rel}","templated":true}]}}