{"id":2089,"date":"2024-07-05T00:03:25","date_gmt":"2024-07-05T00:03:25","guid":{"rendered":"https:\/\/global-medica.com\/product\/arco-en-c-oec-one\/"},"modified":"2026-03-28T05:05:27","modified_gmt":"2026-03-28T05:05:27","slug":"oec-one","status":"publish","type":"product","link":"https:\/\/global-medica.com\/en\/product\/oec-one\/","title":{"rendered":"OEC One Elite CFD"},"content":{"rendered":"<p>The <strong>OEC One Elite CFD<\/strong> provides a clear visualization and accurate, which makes the clinical decision-making informed. The intuitive interface and customization options allow users to tailor the system to your specific needs, to improve the patient experience and clinical outcomes.<\/p>\n<h3>Proximity<\/h3>\n<p>Bring the images of the surgical field thanks to the arch, articulated, and extensible screen OEC One<\/p>\n<h3>Clear<\/h3>\n<p>See reference images crisp, clear, in real time on the large screen resolution of 27&#034;<\/p>\n<h3>Affordable<\/h3>\n<p>Ready when needed with power of 5 minutes in standby<\/p>\n<div id=\"contenido-gen\u00e9rico-v2\">\n<section id=\"contenido-gen\u00e9rico-v2\" class=\"ge-generic-content-v2-container gehc-padding-top-48 gehc-padding-bottom-48 themev2-white\">\n<div class=\"mdc-layout-grid eds-grid\">\n<div class=\"mdc-layout-grid__inner\">\n<div class=\"mdc-layout-grid__cell mdc-layout-grid__cell--span-8-desktop mdc-layout-grid__cell--span-8-tablet mdc-layout-grid__cell--span-4-phone\">\n<h3 class=\"ge-generic-content-v2-container__heading title-s\">Detailed images when you need them<\/h3>\n<\/div>\n<\/div>\n<div class=\"mdc-layout-grid__inner\">\n<div class=\"mdc-layout-grid__cell mdc-layout-grid__cell--span-8-desktop mdc-layout-grid__cell--span-8-tablet mdc-layout-grid__cell--span-4-phone\">\n<div class=\"ge-generic-content-v2-container__body ptag\">The C-arm mobile all-in-one CAB One offers great features for image acquisition that have been made more accessible to a wide variety of procedures, from the treatment of the pain until the procedures, peripheral vascular. Enjoy processing advances in crystal-clear images and detailed.<\/div>\n<\/div>\n<\/div>\n<\/div>\n<\/section>\n<\/div>\n<div class=\"mdc-layout-grid eds-grid feature-hero-module-wrapper\">\n<div class=\"mdc-layout-grid__inner\">\n<div class=\"mdc-layout-grid__cell mdc-layout-grid__cell--span-9-desktop mdc-layout-grid__cell--span-8-tablet\">\n<h2 class=\"feature-hero-module-title\">A clear vision, when and where necessary<\/h2>\n<div class=\"feature-hero-module-copy\">The C-arm mobile all-in-one CAB One goes beyond to provide exceptional image quality you expect from OEC: OEC One offers the images you need; where, when and as required, in all types of procedures<\/div>\n<\/div>\n<\/div>\n<\/div>\n<div>\n<section id=\"caracter\u00edstica-principal\" class=\"feature-hero\">\n<div class=\"mdc-layout-grid eds-grid feature-hero-content-wrapper\">\n<div class=\"mdc-layout-grid__inner\">\n<div class=\"mdc-layout-grid__cell feature-hero-content-container mdc-layout-grid__cell--span-6-desktop mdc-layout-grid__cell--span-8-tablet\">\n<div class=\"feature-hero-wrapper feature-hero-wrapper-card\">\n<div class=\"feature-hero-container\">\n<div id=\"feature-d4845a37-75ef-445d-b411-ce89da90fb5c\" class=\"mdc-layout-grid__cell feature-hero-left-container mdc-layout-grid__cell--span-12-desktop mdc-layout-grid__cell--span-8-tablet\">\n<div class=\"mdc-layout-grid__cell mdc-layout-grid__cell--span-12-desktop mdc-layout-grid__cell--span-8-tablet\">\n<h3 class=\"feature-hero-module-featureHeading\">Clear line of sight<\/h3>\n<\/div>\n<div class=\"mdc-layout-grid__cell mdc-layout-grid__cell--span-12-desktop mdc-layout-grid__cell--span-8-tablet\">\n<div class=\"feature-hero-module-featureBody ptags-small\">\n<p>Whether it is to the right and to the left of the arc in C, standing or sitting, you will be able to get the line of vision of the images that you need, thanks to the articulated arm to the display of images.<\/p>\n<p>Place the screen near the surgical field, even just on the edge of the table, with the broad spectrum of movement of the image screen OEC One.<\/p>\n<\/div>\n<\/div>\n<\/div>\n<\/div>\n<\/div>\n<div class=\"feature-hero-wrapper feature-hero-wrapper-card\">\n<div class=\"feature-hero-container\">\n<div id=\"feature-92c74f98-3dc9-46ce-aef0-c7bc1b4f7382\" class=\"mdc-layout-grid__cell feature-hero-left-container mdc-layout-grid__cell--span-12-desktop mdc-layout-grid__cell--span-8-tablet\">\n<div class=\"mdc-layout-grid__cell mdc-layout-grid__cell--span-12-desktop mdc-layout-grid__cell--span-8-tablet\">\n<h3 class=\"feature-hero-module-featureHeading\">Workflow synchronized<\/h3>\n<\/div>\n<div class=\"mdc-layout-grid__cell mdc-layout-grid__cell--span-12-desktop mdc-layout-grid__cell--span-8-tablet\">\n<div class=\"feature-hero-module-featureBody ptags-small\">\n<p>Thanks to the synchronised display of the live image, both on the monitor display of images primary as well as in the control panel OEC Touch, it promotes effective communication and timely delivery of the expectations clinics.<\/p>\n<p>Adjustments quickly in the generation of images, the display of images and the X-ray technique, from the control panel OEC Touch.<\/p>\n<\/div>\n<\/div>\n<\/div>\n<\/div>\n<\/div>\n<div class=\"feature-hero-wrapper feature-hero-wrapper-card\">\n<div class=\"feature-hero-container\">\n<div id=\"feature-16f43f18-d776-49e5-a21d-ec4a30463a83\" class=\"mdc-layout-grid__cell feature-hero-left-container mdc-layout-grid__cell--span-12-desktop mdc-layout-grid__cell--span-8-tablet\">\n<div class=\"mdc-layout-grid__cell mdc-layout-grid__cell--span-12-desktop mdc-layout-grid__cell--span-8-tablet\">\n<h3 class=\"feature-hero-module-featureHeading\">Simplicity of point-and-shoot&#034;<\/h3>\n<\/div>\n<div class=\"mdc-layout-grid__cell mdc-layout-grid__cell--span-12-desktop mdc-layout-grid__cell--span-8-tablet\">\n<div class=\"feature-hero-module-featureBody ptags-small\">\n<p>Get the pictures you need without adjust the system settings from the first to the last snapshot with the image processing software OEC.<br \/>\nOEC One uses intelligent software can automatically detect the anatomy and provide high image quality with optimal levels of mA and kV, even when the anatomy is not centered correctly in the field-of-view.<\/p>\n<\/div>\n<\/div>\n<\/div>\n<\/div>\n<\/div>\n<\/div>\n<\/div>\n<\/div>\n<\/section>\n<section id=\"enfoque-centrado-en-las-funciones\" class=\"ge-pdp-features-centered ge-pdp-features-centered-themev2-white gehc-padding-top-48 gehc-padding-bottom-48\">\n<div class=\"mdc-layout-grid eds-grid\">\n<div class=\"mdc-layout-grid__inner\">\n<div class=\"mdc-layout-grid__cell ge-pdp-features-centered__details-container mdc-layout-grid__cell--span-10-desktop mdc-layout-grid__cell--span-8-tablet mdc-layout-grid__cell--span-4-phone\">\n<h2 class=\"ge-pdp-features-centered__moduleTitle title-m\"><\/h2>\n<\/div>\n<\/div>\n<\/div>\n<\/section>\n<\/div>\n<p><a class=\"elboton\" href=\"https:\/\/www.gehealthcare.es\/products\/surgical-imaging\/oec--one\" target=\"_blank\" rel=\"noopener\">Link to the brand<\/a><\/p>","protected":false},"excerpt":{"rendered":"<div class=\"mdc-layout-grid__inner product-heroV2-container__row\">\n<div class=\"mdc-layout-grid__cell mdc-layout-grid__cell--span-5-desktop mdc-layout-grid__cell--span-4-tablet mdc-layout-grid__cell--span-4-phone\">\n<div class=\"product-heroV2-container__subtitle ptags\">C-arm mobile all-in-one<\/div>\n<\/div>\n<\/div>\n<div class=\"mdc-layout-grid__inner product-heroV2-container__row\">\n<div class=\"mdc-layout-grid__cell product-heroV2-container__button-cell mdc-layout-grid__cell--span-5-desktop mdc-layout-grid__cell--span-5-tablet mdc-layout-grid__cell--span-4-phone\"><\/div>\n<\/div>","protected":false},"featured_media":2638,"comment_status":"open","ping_status":"closed","template":"","meta":[],"product_brand":[],"product_cat":[29],"product_tag":[],"class_list":{"0":"post-2089","1":"product","2":"type-product","3":"status-publish","4":"has-post-thumbnail","6":"product_cat-arco-en-c","8":"first","9":"instock","10":"shipping-taxable","11":"purchasable","12":"product-type-simple"},"yoast_head":"<!-- This site is optimized with the Yoast SEO plugin v25.7 - https:\/\/yoast.com\/wordpress\/plugins\/seo\/ -->\n<title>OEC One Elite CFD - Global Medica<\/title>\n<meta name=\"description\" content=\"El OEC One Elite CFD es un sistema de fluoroscop\u00eda digital de \u00faltima generaci\u00f3n dise\u00f1ado para satisfacer las necesidades de los profesionales de la salud.\" \/>\n<meta name=\"robots\" content=\"index, follow, max-snippet:-1, max-image-preview:large, max-video-preview:-1\" \/>\n<link rel=\"canonical\" href=\"https:\/\/global-medica.com\/en\/product\/oec-one\/\" \/>\n<meta property=\"og:locale\" content=\"en_US\" \/>\n<meta property=\"og:type\" content=\"article\" \/>\n<meta property=\"og:title\" content=\"OEC One Elite CFD - Global Medica\" \/>\n<meta property=\"og:description\" content=\"El OEC One Elite CFD es un sistema de fluoroscop\u00eda digital de \u00faltima generaci\u00f3n dise\u00f1ado para satisfacer las necesidades de los profesionales de la salud.\" \/>\n<meta property=\"og:url\" content=\"https:\/\/global-medica.com\/en\/product\/oec-one\/\" \/>\n<meta property=\"og:site_name\" content=\"Global Medica\" \/>\n<meta property=\"article:publisher\" content=\"https:\/\/www.facebook.com\/gmglobalmedica\" \/>\n<meta property=\"article:modified_time\" content=\"2026-03-28T05:05:27+00:00\" \/>\n<meta property=\"og:image\" content=\"https:\/\/global-medica.com\/wp-content\/uploads\/2024\/07\/WhatsApp-Image-2024-10-09-at-3.34.51-PM-copy.webp\" \/>\n\t<meta property=\"og:image:width\" content=\"481\" \/>\n\t<meta property=\"og:image:height\" content=\"327\" \/>\n\t<meta property=\"og:image:type\" content=\"image\/webp\" \/>\n<meta name=\"twitter:card\" content=\"summary_large_image\" \/>\n<meta name=\"twitter:label1\" content=\"Est. reading time\" \/>\n\t<meta name=\"twitter:data1\" content=\"3 minutes\" \/>\n<script type=\"application\/ld+json\" class=\"yoast-schema-graph\">{\"@context\":\"https:\/\/schema.org\",\"@graph\":[{\"@type\":\"WebPage\",\"@id\":\"https:\/\/global-medica.com\/producto\/oec-one\/\",\"url\":\"https:\/\/global-medica.com\/producto\/oec-one\/\",\"name\":\"OEC One Elite CFD - Global Medica\",\"isPartOf\":{\"@id\":\"https:\/\/global-medica.com\/#website\"},\"primaryImageOfPage\":{\"@id\":\"https:\/\/global-medica.com\/producto\/oec-one\/#primaryimage\"},\"image\":{\"@id\":\"https:\/\/global-medica.com\/producto\/oec-one\/#primaryimage\"},\"thumbnailUrl\":\"https:\/\/global-medica.com\/wp-content\/uploads\/2024\/07\/WhatsApp-Image-2024-10-09-at-3.34.51-PM-copy.webp\",\"datePublished\":\"2024-07-05T00:03:25+00:00\",\"dateModified\":\"2026-03-28T05:05:27+00:00\",\"description\":\"El OEC One Elite CFD es un sistema de fluoroscop\u00eda digital de \u00faltima generaci\u00f3n dise\u00f1ado para satisfacer las necesidades de los profesionales de la salud.\",\"breadcrumb\":{\"@id\":\"https:\/\/global-medica.com\/producto\/oec-one\/#breadcrumb\"},\"inLanguage\":\"en-US\",\"potentialAction\":[{\"@type\":\"ReadAction\",\"target\":[\"https:\/\/global-medica.com\/producto\/oec-one\/\"]}]},{\"@type\":\"ImageObject\",\"inLanguage\":\"en-US\",\"@id\":\"https:\/\/global-medica.com\/producto\/oec-one\/#primaryimage\",\"url\":\"https:\/\/global-medica.com\/wp-content\/uploads\/2024\/07\/WhatsApp-Image-2024-10-09-at-3.34.51-PM-copy.webp\",\"contentUrl\":\"https:\/\/global-medica.com\/wp-content\/uploads\/2024\/07\/WhatsApp-Image-2024-10-09-at-3.34.51-PM-copy.webp\",\"width\":481,\"height\":327,\"caption\":\"OEC One Elite OEC Sistema de Fluoroscop\u00eda\"},{\"@type\":\"BreadcrumbList\",\"@id\":\"https:\/\/global-medica.com\/producto\/oec-one\/#breadcrumb\",\"itemListElement\":[{\"@type\":\"ListItem\",\"position\":1,\"name\":\"Home\",\"item\":\"https:\/\/global-medica.com\/\"},{\"@type\":\"ListItem\",\"position\":2,\"name\":\"Productos\",\"item\":\"https:\/\/global-medica.com\/shop\/\"},{\"@type\":\"ListItem\",\"position\":3,\"name\":\"OEC One Elite CFD\"}]},{\"@type\":\"WebSite\",\"@id\":\"https:\/\/global-medica.com\/#website\",\"url\":\"https:\/\/global-medica.com\/\",\"name\":\"Global Medica\",\"description\":\"Global Medica\",\"publisher\":{\"@id\":\"https:\/\/global-medica.com\/#organization\"},\"potentialAction\":[{\"@type\":\"SearchAction\",\"target\":{\"@type\":\"EntryPoint\",\"urlTemplate\":\"https:\/\/global-medica.com\/?s={search_term_string}\"},\"query-input\":{\"@type\":\"PropertyValueSpecification\",\"valueRequired\":true,\"valueName\":\"search_term_string\"}}],\"inLanguage\":\"en-US\"},{\"@type\":\"Organization\",\"@id\":\"https:\/\/global-medica.com\/#organization\",\"name\":\"Global Medica\",\"url\":\"https:\/\/global-medica.com\/\",\"logo\":{\"@type\":\"ImageObject\",\"inLanguage\":\"en-US\",\"@id\":\"https:\/\/global-medica.com\/#\/schema\/logo\/image\/\",\"url\":\"https:\/\/global-medica.com\/wp-content\/uploads\/2024\/04\/global-logo.png\",\"contentUrl\":\"https:\/\/global-medica.com\/wp-content\/uploads\/2024\/04\/global-logo.png\",\"width\":312,\"height\":84,\"caption\":\"Global Medica\"},\"image\":{\"@id\":\"https:\/\/global-medica.com\/#\/schema\/logo\/image\/\"},\"sameAs\":[\"https:\/\/www.facebook.com\/gmglobalmedica\",\"https:\/\/www.instagram.com\/globalmedica\/\",\"https:\/\/www.linkedin.com\/company\/67924728\",\"https:\/\/www.youtube.com\/channel\/UCWT2KUVVms56vwB0N9r8qKQ\/\"]}]}<\/script>\n<!-- \/ Yoast SEO plugin. -->","yoast_head_json":{"title":"OEC One Elite CFD - Global Medica","description":"El OEC One Elite CFD es un sistema de fluoroscop\u00eda digital de \u00faltima generaci\u00f3n dise\u00f1ado para satisfacer las necesidades de los profesionales de la salud.","robots":{"index":"index","follow":"follow","max-snippet":"max-snippet:-1","max-image-preview":"max-image-preview:large","max-video-preview":"max-video-preview:-1"},"canonical":"https:\/\/global-medica.com\/en\/product\/oec-one\/","og_locale":"en_US","og_type":"article","og_title":"OEC One Elite CFD - Global Medica","og_description":"El OEC One Elite CFD es un sistema de fluoroscop\u00eda digital de \u00faltima generaci\u00f3n dise\u00f1ado para satisfacer las necesidades de los profesionales de la salud.","og_url":"https:\/\/global-medica.com\/en\/product\/oec-one\/","og_site_name":"Global Medica","article_publisher":"https:\/\/www.facebook.com\/gmglobalmedica","article_modified_time":"2026-03-28T05:05:27+00:00","og_image":[{"width":481,"height":327,"url":"https:\/\/global-medica.com\/wp-content\/uploads\/2024\/07\/WhatsApp-Image-2024-10-09-at-3.34.51-PM-copy.webp","type":"image\/webp"}],"twitter_card":"summary_large_image","twitter_misc":{"Est. reading time":"3 minutes"},"schema":{"@context":"https:\/\/schema.org","@graph":[{"@type":"WebPage","@id":"https:\/\/global-medica.com\/producto\/oec-one\/","url":"https:\/\/global-medica.com\/producto\/oec-one\/","name":"OEC One Elite CFD - Global Medica","isPartOf":{"@id":"https:\/\/global-medica.com\/#website"},"primaryImageOfPage":{"@id":"https:\/\/global-medica.com\/producto\/oec-one\/#primaryimage"},"image":{"@id":"https:\/\/global-medica.com\/producto\/oec-one\/#primaryimage"},"thumbnailUrl":"https:\/\/global-medica.com\/wp-content\/uploads\/2024\/07\/WhatsApp-Image-2024-10-09-at-3.34.51-PM-copy.webp","datePublished":"2024-07-05T00:03:25+00:00","dateModified":"2026-03-28T05:05:27+00:00","description":"El OEC One Elite CFD es un sistema de fluoroscop\u00eda digital de \u00faltima generaci\u00f3n dise\u00f1ado para satisfacer las necesidades de los profesionales de la salud.","breadcrumb":{"@id":"https:\/\/global-medica.com\/producto\/oec-one\/#breadcrumb"},"inLanguage":"en-US","potentialAction":[{"@type":"ReadAction","target":["https:\/\/global-medica.com\/producto\/oec-one\/"]}]},{"@type":"ImageObject","inLanguage":"en-US","@id":"https:\/\/global-medica.com\/producto\/oec-one\/#primaryimage","url":"https:\/\/global-medica.com\/wp-content\/uploads\/2024\/07\/WhatsApp-Image-2024-10-09-at-3.34.51-PM-copy.webp","contentUrl":"https:\/\/global-medica.com\/wp-content\/uploads\/2024\/07\/WhatsApp-Image-2024-10-09-at-3.34.51-PM-copy.webp","width":481,"height":327,"caption":"OEC One Elite OEC Sistema de Fluoroscop\u00eda"},{"@type":"BreadcrumbList","@id":"https:\/\/global-medica.com\/producto\/oec-one\/#breadcrumb","itemListElement":[{"@type":"ListItem","position":1,"name":"Home","item":"https:\/\/global-medica.com\/"},{"@type":"ListItem","position":2,"name":"Productos","item":"https:\/\/global-medica.com\/shop\/"},{"@type":"ListItem","position":3,"name":"OEC One Elite CFD"}]},{"@type":"WebSite","@id":"https:\/\/global-medica.com\/#website","url":"https:\/\/global-medica.com\/","name":"Global Medica","description":"Global Medica","publisher":{"@id":"https:\/\/global-medica.com\/#organization"},"potentialAction":[{"@type":"SearchAction","target":{"@type":"EntryPoint","urlTemplate":"https:\/\/global-medica.com\/?s={search_term_string}"},"query-input":{"@type":"PropertyValueSpecification","valueRequired":true,"valueName":"search_term_string"}}],"inLanguage":"en-US"},{"@type":"Organization","@id":"https:\/\/global-medica.com\/#organization","name":"Global Medica","url":"https:\/\/global-medica.com\/","logo":{"@type":"ImageObject","inLanguage":"en-US","@id":"https:\/\/global-medica.com\/#\/schema\/logo\/image\/","url":"https:\/\/global-medica.com\/wp-content\/uploads\/2024\/04\/global-logo.png","contentUrl":"https:\/\/global-medica.com\/wp-content\/uploads\/2024\/04\/global-logo.png","width":312,"height":84,"caption":"Global Medica"},"image":{"@id":"https:\/\/global-medica.com\/#\/schema\/logo\/image\/"},"sameAs":["https:\/\/www.facebook.com\/gmglobalmedica","https:\/\/www.instagram.com\/globalmedica\/","https:\/\/www.linkedin.com\/company\/67924728","https:\/\/www.youtube.com\/channel\/UCWT2KUVVms56vwB0N9r8qKQ\/"]}]}},"_links":{"self":[{"href":"https:\/\/global-medica.com\/en\/wp-json\/wp\/v2\/product\/2089","targetHints":{"allow":["GET"]}}],"collection":[{"href":"https:\/\/global-medica.com\/en\/wp-json\/wp\/v2\/product"}],"about":[{"href":"https:\/\/global-medica.com\/en\/wp-json\/wp\/v2\/types\/product"}],"replies":[{"embeddable":true,"href":"https:\/\/global-medica.com\/en\/wp-json\/wp\/v2\/comments?post=2089"}],"wp:featuredmedia":[{"embeddable":true,"href":"https:\/\/global-medica.com\/en\/wp-json\/wp\/v2\/media\/2638"}],"wp:attachment":[{"href":"https:\/\/global-medica.com\/en\/wp-json\/wp\/v2\/media?parent=2089"}],"wp:term":[{"taxonomy":"product_brand","embeddable":true,"href":"https:\/\/global-medica.com\/en\/wp-json\/wp\/v2\/product_brand?post=2089"},{"taxonomy":"product_cat","embeddable":true,"href":"https:\/\/global-medica.com\/en\/wp-json\/wp\/v2\/product_cat?post=2089"},{"taxonomy":"product_tag","embeddable":true,"href":"https:\/\/global-medica.com\/en\/wp-json\/wp\/v2\/product_tag?post=2089"}],"curies":[{"name":"wp","href":"https:\/\/api.w.org\/{rel}","templated":true}]}}