{"id":2087,"date":"2024-07-05T00:03:24","date_gmt":"2024-07-05T00:03:24","guid":{"rendered":"https:\/\/global-medica.com\/product\/signa-champion\/"},"modified":"2026-03-28T18:55:18","modified_gmt":"2026-03-28T18:55:18","slug":"signa-champion","status":"publish","type":"product","link":"https:\/\/global-medica.com\/en\/product\/signa-champion\/","title":{"rendered":"SIGNA\u2122 Champion 1.5 T"},"content":{"rendered":"<p class=\"p1\">Join our effort to provide unrivaled access to exceptional diagnostic accuracy and uncompromising patient comfort\u2014wherever you may be. Equipped with advanced technologies like AIR\u2122 Recon DL and AIR\u2122 Coils, SIGNA Champion also supports natural patient positioning, even in the most challenging cases. These innovative features enhance not just the patient experience, but also workflows for physicians and technologists. Simply put, it\u2019s an MRI scanner built for everyone.<\/p>\n<h2 class=\"p1\"><b>Extraordinary Images for Every Patient<\/b><\/h2>\n<p class=\"p1\">AIR\u2122 Recon DL harnesses the power of deep learning to enhance MRI images and reduce scan times. This groundbreaking AI technology increases signal-to-noise ratio (SNR), resulting in sharper, clearer images for improved diagnostic confidence.<\/p>\n<h2 class=\"p1\"><b>Designed for Everyone<\/b><\/h2>\n<p class=\"p1\">We believe everyone deserves equal access to the best possible MRI experience\u2014one defined by a true wide-bore that\u2019s easy for patients, comfortable coils, minimized setup time, and exceptional image quality.<\/p>\n<h2 class=\"p1\"><b>A Wider Bore Makes a Huge Difference<\/b><\/h2>\n<p class=\"p1\">Every centimeter of clearance matters for patient comfort. As a truly wide-bore system, SIGNA\u2122 Champion provides generous headroom at the isocenter. A more comfortable patient may lead to fewer rescans and increased throughput for your imaging center.<\/p>\n<h2 class=\"p1\"><b>A Better Setup, Even for the Toughest Cases<\/b><\/h2>\n<p class=\"p1\">SIGNA\u2122 Champion gives you access to our AIR\u2122 Coils, designed like a flexible \u201cblanket\u201d that adapts to nearly any part of the human body. This coil concept offers greater comfort for your patients and lets you get closer to the anatomy you need to see.<\/p>\n<h2 class=\"p1\"><b>Efficient and Flexible for Every Clinical Priority<\/b><\/h2>\n<p class=\"p1\">SIGNA\u2122 Champion features a modular design with ready-to-use software and hardware options tailored to your clinical priorities. It includes fundamental scanning tools for advanced applications and high-quality imaging solutions like AIR\u2122 Recon DL and Sonic DL\u2122. These applications optimize routine studies and expand capabilities into neuro, MSK, cardiac, and oncology. Plus, SIGNA\u2122 Champion supports 32-, 48-, and 64-channel configurations, giving you the freedom to customize coil setups for specific anatomies and clinical cases.<\/p>\n<h2 class=\"p1\"><b>Get Up and Scan\u2014Green and Fast<\/b><\/h2>\n<p class=\"p1\">Introducing or expanding access to cutting-edge 1.5T MRI technology has never been easier, no matter your location. We offer flexible site installation, an eco-friendly magnet that requires 70% less helium, and scalable upgrade paths to tackle tomorrow\u2019s challenges. Whether you run a small practice or manage multiple imaging centers, SIGNA\u2122 Championensures a faster return on investment. It\u2019s our most compact 1.5T wide-bore system, requiring less space and less power, helping you manage rising real-estate and energy costs.<\/p>\n<h2 class=\"p1\"><b>AIR\u2122 Coils: Comfort and Coverage<\/b><\/h2>\n<p class=\"p1\">In addition to improving patient comfort, AIR\u2122 Coils conform to body contours and provide 360-degree coverage. This enhanced freedom of positioning and workflow efficiency benefits both patients and technologists alike.<\/p>\n<p>&nbsp;<\/p>\n<p><a class=\"elboton\" href=\"https:\/\/latam.gehealthcare.com\/products\/magnetic-resonance-imaging\/signa-champion-1-5t-mri-scanner\" target=\"_blank\" rel=\"noopener\">Link to the brand<\/a><\/p>","protected":false},"excerpt":{"rendered":"<p>SIGNA\u2122 Champion, our new wide-bore 1.5T MRI scanner, is designed to serve everyone.<\/p>","protected":false},"featured_media":2776,"comment_status":"open","ping_status":"closed","template":"","meta":[],"product_brand":[],"product_cat":[28],"product_tag":[],"class_list":{"0":"post-2087","1":"product","2":"type-product","3":"status-publish","4":"has-post-thumbnail","6":"product_cat-resonador","8":"first","9":"instock","10":"shipping-taxable","11":"purchasable","12":"product-type-simple"},"yoast_head":"<!-- This site is optimized with the Yoast SEO plugin v25.7 - https:\/\/yoast.com\/wordpress\/plugins\/seo\/ -->\n<title>SIGNA Champion 1.5T - Global Medica<\/title>\n<meta name=\"description\" content=\"SIGNA Champion, nuestro nuevo esc\u00e1ner de resonancia magn\u00e9tica de calibre ancho de 1,5 T, est\u00e1 aqu\u00ed para todos.\" \/>\n<meta name=\"robots\" content=\"index, follow, max-snippet:-1, max-image-preview:large, max-video-preview:-1\" \/>\n<link rel=\"canonical\" href=\"https:\/\/global-medica.com\/en\/product\/signa-champion\/\" \/>\n<meta property=\"og:locale\" content=\"en_US\" \/>\n<meta property=\"og:type\" content=\"article\" \/>\n<meta property=\"og:title\" content=\"SIGNA Champion\" \/>\n<meta property=\"og:description\" content=\"SIGNA Champion, nuestro nuevo esc\u00e1ner de resonancia magn\u00e9tica de calibre ancho de 1,5 T, est\u00e1 aqu\u00ed para todos.\" \/>\n<meta property=\"og:url\" content=\"https:\/\/global-medica.com\/en\/product\/signa-champion\/\" \/>\n<meta property=\"og:site_name\" content=\"Global Medica\" \/>\n<meta property=\"article:publisher\" content=\"https:\/\/www.facebook.com\/gmglobalmedica\" \/>\n<meta property=\"article:modified_time\" content=\"2026-03-28T18:55:18+00:00\" \/>\n<meta property=\"og:image\" content=\"https:\/\/global-medica.com\/wp-content\/uploads\/2024\/07\/Untitled-2.jpg\" \/>\n\t<meta property=\"og:image:width\" content=\"300\" \/>\n\t<meta property=\"og:image:height\" content=\"300\" \/>\n\t<meta property=\"og:image:type\" content=\"image\/jpeg\" \/>\n<meta name=\"twitter:card\" content=\"summary_large_image\" \/>\n<meta name=\"twitter:label1\" content=\"Est. reading time\" \/>\n\t<meta name=\"twitter:data1\" content=\"3 minutes\" \/>\n<script type=\"application\/ld+json\" class=\"yoast-schema-graph\">{\"@context\":\"https:\/\/schema.org\",\"@graph\":[{\"@type\":[\"WebPage\",\"MedicalWebPage\"],\"@id\":\"https:\/\/global-medica.com\/producto\/signa-champion\/\",\"url\":\"https:\/\/global-medica.com\/producto\/signa-champion\/\",\"name\":\"SIGNA Champion 1.5T - Global Medica\",\"isPartOf\":{\"@id\":\"https:\/\/global-medica.com\/#website\"},\"primaryImageOfPage\":{\"@id\":\"https:\/\/global-medica.com\/producto\/signa-champion\/#primaryimage\"},\"image\":{\"@id\":\"https:\/\/global-medica.com\/producto\/signa-champion\/#primaryimage\"},\"thumbnailUrl\":\"https:\/\/global-medica.com\/wp-content\/uploads\/2024\/07\/Untitled-2.jpg\",\"datePublished\":\"2024-07-05T00:03:24+00:00\",\"dateModified\":\"2026-03-28T18:55:18+00:00\",\"description\":\"SIGNA Champion, nuestro nuevo esc\u00e1ner de resonancia magn\u00e9tica de calibre ancho de 1,5 T, est\u00e1 aqu\u00ed para todos.\",\"breadcrumb\":{\"@id\":\"https:\/\/global-medica.com\/producto\/signa-champion\/#breadcrumb\"},\"inLanguage\":\"en-US\",\"potentialAction\":[{\"@type\":\"ReadAction\",\"target\":[\"https:\/\/global-medica.com\/producto\/signa-champion\/\"]}]},{\"@type\":\"ImageObject\",\"inLanguage\":\"en-US\",\"@id\":\"https:\/\/global-medica.com\/producto\/signa-champion\/#primaryimage\",\"url\":\"https:\/\/global-medica.com\/wp-content\/uploads\/2024\/07\/Untitled-2.jpg\",\"contentUrl\":\"https:\/\/global-medica.com\/wp-content\/uploads\/2024\/07\/Untitled-2.jpg\",\"width\":300,\"height\":300},{\"@type\":\"BreadcrumbList\",\"@id\":\"https:\/\/global-medica.com\/producto\/signa-champion\/#breadcrumb\",\"itemListElement\":[{\"@type\":\"ListItem\",\"position\":1,\"name\":\"Home\",\"item\":\"https:\/\/global-medica.com\/\"},{\"@type\":\"ListItem\",\"position\":2,\"name\":\"Productos\",\"item\":\"https:\/\/global-medica.com\/shop\/\"},{\"@type\":\"ListItem\",\"position\":3,\"name\":\"SIGNA Champion 1.5T\"}]},{\"@type\":\"WebSite\",\"@id\":\"https:\/\/global-medica.com\/#website\",\"url\":\"https:\/\/global-medica.com\/\",\"name\":\"Global Medica\",\"description\":\"Global Medica\",\"publisher\":{\"@id\":\"https:\/\/global-medica.com\/#organization\"},\"potentialAction\":[{\"@type\":\"SearchAction\",\"target\":{\"@type\":\"EntryPoint\",\"urlTemplate\":\"https:\/\/global-medica.com\/?s={search_term_string}\"},\"query-input\":{\"@type\":\"PropertyValueSpecification\",\"valueRequired\":true,\"valueName\":\"search_term_string\"}}],\"inLanguage\":\"en-US\"},{\"@type\":\"Organization\",\"@id\":\"https:\/\/global-medica.com\/#organization\",\"name\":\"Global Medica\",\"url\":\"https:\/\/global-medica.com\/\",\"logo\":{\"@type\":\"ImageObject\",\"inLanguage\":\"en-US\",\"@id\":\"https:\/\/global-medica.com\/#\/schema\/logo\/image\/\",\"url\":\"https:\/\/global-medica.com\/wp-content\/uploads\/2024\/04\/global-logo.png\",\"contentUrl\":\"https:\/\/global-medica.com\/wp-content\/uploads\/2024\/04\/global-logo.png\",\"width\":312,\"height\":84,\"caption\":\"Global Medica\"},\"image\":{\"@id\":\"https:\/\/global-medica.com\/#\/schema\/logo\/image\/\"},\"sameAs\":[\"https:\/\/www.facebook.com\/gmglobalmedica\",\"https:\/\/www.instagram.com\/globalmedica\/\",\"https:\/\/www.linkedin.com\/company\/67924728\",\"https:\/\/www.youtube.com\/channel\/UCWT2KUVVms56vwB0N9r8qKQ\/\"]}]}<\/script>\n<!-- \/ Yoast SEO plugin. -->","yoast_head_json":{"title":"SIGNA Champion 1.5T - Global Medica","description":"SIGNA\u2122 Champion, our new wide-bore 1.5T MRI scanner, is designed to serve everyone.","robots":{"index":"index","follow":"follow","max-snippet":"max-snippet:-1","max-image-preview":"max-image-preview:large","max-video-preview":"max-video-preview:-1"},"canonical":"https:\/\/global-medica.com\/en\/product\/signa-champion\/","og_locale":"en_US","og_type":"article","og_title":"SIGNA Champion","og_description":"SIGNA Champion, nuestro nuevo esc\u00e1ner de resonancia magn\u00e9tica de calibre ancho de 1,5 T, est\u00e1 aqu\u00ed para todos.","og_url":"https:\/\/global-medica.com\/en\/product\/signa-champion\/","og_site_name":"Global Medica","article_publisher":"https:\/\/www.facebook.com\/gmglobalmedica","article_modified_time":"2026-03-28T18:55:18+00:00","og_image":[{"width":300,"height":300,"url":"https:\/\/global-medica.com\/wp-content\/uploads\/2024\/07\/Untitled-2.jpg","type":"image\/jpeg"}],"twitter_card":"summary_large_image","twitter_misc":{"Est. reading time":"3 minutes"},"schema":{"@context":"https:\/\/schema.org","@graph":[{"@type":["WebPage","MedicalWebPage"],"@id":"https:\/\/global-medica.com\/producto\/signa-champion\/","url":"https:\/\/global-medica.com\/producto\/signa-champion\/","name":"SIGNA Champion 1.5T - Global Medica","isPartOf":{"@id":"https:\/\/global-medica.com\/#website"},"primaryImageOfPage":{"@id":"https:\/\/global-medica.com\/producto\/signa-champion\/#primaryimage"},"image":{"@id":"https:\/\/global-medica.com\/producto\/signa-champion\/#primaryimage"},"thumbnailUrl":"https:\/\/global-medica.com\/wp-content\/uploads\/2024\/07\/Untitled-2.jpg","datePublished":"2024-07-05T00:03:24+00:00","dateModified":"2026-03-28T18:55:18+00:00","description":"SIGNA\u2122 Champion, our new wide-bore 1.5T MRI scanner, is designed to serve everyone.","breadcrumb":{"@id":"https:\/\/global-medica.com\/producto\/signa-champion\/#breadcrumb"},"inLanguage":"en-US","potentialAction":[{"@type":"ReadAction","target":["https:\/\/global-medica.com\/producto\/signa-champion\/"]}]},{"@type":"ImageObject","inLanguage":"en-US","@id":"https:\/\/global-medica.com\/producto\/signa-champion\/#primaryimage","url":"https:\/\/global-medica.com\/wp-content\/uploads\/2024\/07\/Untitled-2.jpg","contentUrl":"https:\/\/global-medica.com\/wp-content\/uploads\/2024\/07\/Untitled-2.jpg","width":300,"height":300},{"@type":"BreadcrumbList","@id":"https:\/\/global-medica.com\/producto\/signa-champion\/#breadcrumb","itemListElement":[{"@type":"ListItem","position":1,"name":"Home","item":"https:\/\/global-medica.com\/"},{"@type":"ListItem","position":2,"name":"Productos","item":"https:\/\/global-medica.com\/shop\/"},{"@type":"ListItem","position":3,"name":"SIGNA Champion 1.5T"}]},{"@type":"WebSite","@id":"https:\/\/global-medica.com\/#website","url":"https:\/\/global-medica.com\/","name":"Global Medica","description":"Global Medica","publisher":{"@id":"https:\/\/global-medica.com\/#organization"},"potentialAction":[{"@type":"SearchAction","target":{"@type":"EntryPoint","urlTemplate":"https:\/\/global-medica.com\/?s={search_term_string}"},"query-input":{"@type":"PropertyValueSpecification","valueRequired":true,"valueName":"search_term_string"}}],"inLanguage":"en-US"},{"@type":"Organization","@id":"https:\/\/global-medica.com\/#organization","name":"Global Medica","url":"https:\/\/global-medica.com\/","logo":{"@type":"ImageObject","inLanguage":"en-US","@id":"https:\/\/global-medica.com\/#\/schema\/logo\/image\/","url":"https:\/\/global-medica.com\/wp-content\/uploads\/2024\/04\/global-logo.png","contentUrl":"https:\/\/global-medica.com\/wp-content\/uploads\/2024\/04\/global-logo.png","width":312,"height":84,"caption":"Global Medica"},"image":{"@id":"https:\/\/global-medica.com\/#\/schema\/logo\/image\/"},"sameAs":["https:\/\/www.facebook.com\/gmglobalmedica","https:\/\/www.instagram.com\/globalmedica\/","https:\/\/www.linkedin.com\/company\/67924728","https:\/\/www.youtube.com\/channel\/UCWT2KUVVms56vwB0N9r8qKQ\/"]}]}},"_links":{"self":[{"href":"https:\/\/global-medica.com\/en\/wp-json\/wp\/v2\/product\/2087","targetHints":{"allow":["GET"]}}],"collection":[{"href":"https:\/\/global-medica.com\/en\/wp-json\/wp\/v2\/product"}],"about":[{"href":"https:\/\/global-medica.com\/en\/wp-json\/wp\/v2\/types\/product"}],"replies":[{"embeddable":true,"href":"https:\/\/global-medica.com\/en\/wp-json\/wp\/v2\/comments?post=2087"}],"wp:featuredmedia":[{"embeddable":true,"href":"https:\/\/global-medica.com\/en\/wp-json\/wp\/v2\/media\/2776"}],"wp:attachment":[{"href":"https:\/\/global-medica.com\/en\/wp-json\/wp\/v2\/media?parent=2087"}],"wp:term":[{"taxonomy":"product_brand","embeddable":true,"href":"https:\/\/global-medica.com\/en\/wp-json\/wp\/v2\/product_brand?post=2087"},{"taxonomy":"product_cat","embeddable":true,"href":"https:\/\/global-medica.com\/en\/wp-json\/wp\/v2\/product_cat?post=2087"},{"taxonomy":"product_tag","embeddable":true,"href":"https:\/\/global-medica.com\/en\/wp-json\/wp\/v2\/product_tag?post=2087"}],"curies":[{"name":"wp","href":"https:\/\/api.w.org\/{rel}","templated":true}]}}