{"id":2085,"date":"2024-07-05T00:03:24","date_gmt":"2024-07-05T00:03:24","guid":{"rendered":"https:\/\/global-medica.com\/product\/signa-voyager\/"},"modified":"2025-05-02T21:46:11","modified_gmt":"2025-05-02T21:46:11","slug":"signa-voyager","status":"publish","type":"product","link":"https:\/\/global-medica.com\/en\/product\/signa-voyager\/","title":{"rendered":"Signa\u2122 Voyager"},"content":{"rendered":"<h2 class=\"ge-s-curve__item-title -text--bold\">MAGiC (Magnetic Resonance Image Compilation)<\/h2>\n<p>For the first time in this field, multiple image contrasts can be generated in a single\u00a0<strong>MRI scan, including T1-, T2-, STIR-, T1 FLAIR-, T2 FLAIR-, and proton density-weighted images<\/strong>\u00a0of the brain\u2014all from one acquisition.<\/p>\n<p>It\u2019s essentially multiple scans in half the time required for individual sequences, seamlessly integrated into a continuous workflow.<\/p>\n<p>* T2 FLAIR is recommended in addition to MAGiC.<\/p>\n<h2 class=\"ge-s-curve__item-title -text--bold\">MAGiC<\/h2>\n<h3>Full Flexibility for Contrast Adjustments<\/h3>\n<p>With MAGiC, you can modify image contrast by adjusting TR, TE, and TI even after the scan is complete and the patient has exited the MRI suite.\u00a0<strong>MAGiC processing\u00a0<\/strong>delivers any contrast you need and introduces new diagnostic capabilities.<\/p>\n<p><strong>MAGiC\u00a0<\/strong>also goes beyond standard MRI contrast by generating raw data for parametric T1, T2, and proton density maps.<\/p>\n<h2>A New Standard of Excellence<\/h2>\n<h3>Our new platform of productivity SIGNA\u2122Works<\/h3>\n<p>Redefines the concept of productivity in our main techniques of image acquisition with solutions.<\/p>\n<h3>Applications SIGNA\u2122Works<\/h3>\n<p>It is integrated by a wide range of functions of image acquisition, efficient and of high quality that will allow you to achieve your goals in all of their field of specialty.<\/p>\n<p>Increase amazingly your experience with the innovative applications SIGNA\u2122Works. The enhanced image quality, greater efficiency and greater workflow-optimized offer results that had never before enjoyed.<\/p>\n<h2>HyperWorks<\/h2>\n<p>HyperWorks is a synonym of hiperexploraci\u00f3n unmatched speed, which results in up to 8 times faster.<br \/>\n\u2022 HyperBand<br \/>\n\u2022 HyperSense<br \/>\n\u2022 HyperCube<\/p>\n<h3>ViosWorks<\/h3>\n<p>ViosWorks reduces the complexity and cost of acquiring images of the heart. You can catch the 7 dimensions in an exploration cardiovascular in 10 minutes or less.<\/p>\n<h3>SilentWorks<\/h3>\n<p>SilentWorks is GE\u2019s most advanced noise-reduction technology. Traditional MRI exams can be extremely loud, but SilentWorks lowers the acoustic noise level to a range only about 3 dB above the ambient noise of the scan room.<\/p>\n<h3>ImageWorks<\/h3>\n<p>ImageWorks enhances your overall MRI performance. READYView visualization and direct MAGiC scanning help ensure clear, consistent results every time.<\/p>\n<h2>Patient experience<\/h2>\n<div class=\"rah-static rah-static--height-auto\" aria-hidden=\"false\">\n<div>\n<div class=\"ge-rtf ge-rtf-module ge-content-module__description-wrapper\">\n<h3>Transform the patient experience with advanced applications<\/h3>\n<p>With SIGNA\u2122 Voyager, patients will discover a new level of MRI comfort.<\/p>\n<h3>SilentWorks<\/h3>\n<p>The exclusive technology SilentScan of GE significantly reduces the noise of the exploration of the roaring 91 dB at a range of 3 dB compared to the ambient noise of the scanning room.<\/p>\n<h3>Includes a Silent Neuro Package with Diffusion Weighted<\/h3>\n<p>Imaging for the acquisition of images in complete silence and a Silent function that also allows you to take images of the musculoskeletal and spine.<\/p>\n<h3>FreedomWorks<\/h3>\n<p>SIGNA\u2122 Voyager ensures a worry-free patient experience. Our wide Comfort Plus table with low table height and a 70 cm wide-bore design allows patients to lie comfortably while enabling easy access and ensuring a stress-free exam.<\/p>\n<ul>\n<li><strong>Free Breathing:\u00a0<\/strong>Patients can breathe normally thanks to our automatic navigator technology compatible with Turbo LAVA, Turbo LAVA Flex, and DISCO. This feature supports acquisitions without breath-holding.<\/li>\n<li><strong>Free movement:\u00a0<\/strong>Advanced 3D motion-correction technology, such as 3D PROMO for neuro imaging or PROPELLER\u2014GE\u2019s flagship 2D motion-correction solution\u2014helps reduce the need for absolute stillness. Less movement means reduced anxiety.<\/li>\n<li><strong>No Needles:\u00a0<\/strong>Our needle-free MRI functions allow contrast-free imaging, removing the pain of injections and the cost of contrast agents. Routine MR angiography studies with Inhance 2.0 Suite, advanced acquisitions like IDEAL IQ (for liver fat quantification), or 3D ASL (for brain perfusion) make it possible to complete MRI exams without contrast agents.<\/li>\n<\/ul>\n<p><strong>SIGNA\u2122 Voyager:\u00a0<\/strong>Increase patient comfort every step of the way<\/p>\n<p>&nbsp;<\/p>\n<p><a class=\"elboton\" href=\"https:\/\/latam.gehealthcare.com\/products\/magnetic-resonance-imaging\/1-5t\/signa-voyager\" target=\"_blank\" rel=\"noopener\">Link to the brand<\/a><\/p>\n<\/div>\n<\/div>\n<\/div>","protected":false},"excerpt":{"rendered":"<h3>A universe of possibilities in RM with SIGNA\u2122 Voyager.<\/h3>\n<ul>\n<li>This system is designed to maximize the productivity and the flow of work and exceptional comfort for the patient.<\/li>\n<li>It is the system with tunnel width of 1.5 T smaller and with less energy consumption on the market.<\/li>\n<li>Get ready to experience excellence in MRI as never before. SIGNA\u2122 Voyager: to Boost the performance of your RM.<\/li>\n<\/ul>","protected":false},"featured_media":2172,"comment_status":"open","ping_status":"closed","template":"","meta":[],"product_brand":[],"product_cat":[28],"product_tag":[],"class_list":{"0":"post-2085","1":"product","2":"type-product","3":"status-publish","4":"has-post-thumbnail","6":"product_cat-resonador","8":"first","9":"instock","10":"shipping-taxable","11":"purchasable","12":"product-type-simple"},"yoast_head":"<!-- This site is optimized with the Yoast SEO plugin v25.7 - https:\/\/yoast.com\/wordpress\/plugins\/seo\/ -->\n<title>Signa Voyager Global Medica<\/title>\n<meta name=\"description\" content=\"Signa Voyager integrada por una extensa oferta de funciones de adquisici\u00f3n de im\u00e1genes eficientes y de alta calidad que le permitir\u00e1n lograr sus objetivos.\" \/>\n<meta name=\"robots\" content=\"index, follow, max-snippet:-1, max-image-preview:large, max-video-preview:-1\" \/>\n<link rel=\"canonical\" href=\"https:\/\/global-medica.com\/en\/product\/signa-voyager\/\" \/>\n<meta property=\"og:locale\" content=\"en_US\" \/>\n<meta property=\"og:type\" content=\"article\" \/>\n<meta property=\"og:title\" content=\"Signa Voyager Global Medica\" \/>\n<meta property=\"og:description\" content=\"Signa Voyager integrada por una extensa oferta de funciones de adquisici\u00f3n de im\u00e1genes eficientes y de alta calidad que le permitir\u00e1n lograr sus objetivos.\" \/>\n<meta property=\"og:url\" content=\"https:\/\/global-medica.com\/en\/product\/signa-voyager\/\" \/>\n<meta property=\"og:site_name\" content=\"Global Medica\" \/>\n<meta property=\"article:publisher\" content=\"https:\/\/www.facebook.com\/gmglobalmedica\" \/>\n<meta property=\"article:modified_time\" content=\"2025-05-02T21:46:11+00:00\" \/>\n<meta property=\"og:image\" content=\"https:\/\/global-medica.com\/wp-content\/uploads\/2024\/07\/PR-00015-min.webp\" \/>\n\t<meta property=\"og:image:width\" content=\"588\" \/>\n\t<meta property=\"og:image:height\" content=\"397\" \/>\n\t<meta property=\"og:image:type\" content=\"image\/webp\" \/>\n<meta name=\"twitter:card\" content=\"summary_large_image\" \/>\n<meta name=\"twitter:label1\" content=\"Est. reading time\" \/>\n\t<meta name=\"twitter:data1\" content=\"4 minutes\" \/>\n<script type=\"application\/ld+json\" class=\"yoast-schema-graph\">{\"@context\":\"https:\/\/schema.org\",\"@graph\":[{\"@type\":\"WebPage\",\"@id\":\"https:\/\/global-medica.com\/producto\/signa-voyager\/\",\"url\":\"https:\/\/global-medica.com\/producto\/signa-voyager\/\",\"name\":\"Signa Voyager Global Medica\",\"isPartOf\":{\"@id\":\"https:\/\/global-medica.com\/#website\"},\"primaryImageOfPage\":{\"@id\":\"https:\/\/global-medica.com\/producto\/signa-voyager\/#primaryimage\"},\"image\":{\"@id\":\"https:\/\/global-medica.com\/producto\/signa-voyager\/#primaryimage\"},\"thumbnailUrl\":\"https:\/\/global-medica.com\/wp-content\/uploads\/2024\/07\/PR-00015-min.webp\",\"datePublished\":\"2024-07-05T00:03:24+00:00\",\"dateModified\":\"2025-05-02T21:46:11+00:00\",\"description\":\"Signa Voyager integrada por una extensa oferta de funciones de adquisici\u00f3n de im\u00e1genes eficientes y de alta calidad que le permitir\u00e1n lograr sus objetivos.\",\"breadcrumb\":{\"@id\":\"https:\/\/global-medica.com\/producto\/signa-voyager\/#breadcrumb\"},\"inLanguage\":\"en-US\",\"potentialAction\":[{\"@type\":\"ReadAction\",\"target\":[\"https:\/\/global-medica.com\/producto\/signa-voyager\/\"]}]},{\"@type\":\"ImageObject\",\"inLanguage\":\"en-US\",\"@id\":\"https:\/\/global-medica.com\/producto\/signa-voyager\/#primaryimage\",\"url\":\"https:\/\/global-medica.com\/wp-content\/uploads\/2024\/07\/PR-00015-min.webp\",\"contentUrl\":\"https:\/\/global-medica.com\/wp-content\/uploads\/2024\/07\/PR-00015-min.webp\",\"width\":588,\"height\":397,\"caption\":\"Signa Voyager Global Medica\"},{\"@type\":\"BreadcrumbList\",\"@id\":\"https:\/\/global-medica.com\/producto\/signa-voyager\/#breadcrumb\",\"itemListElement\":[{\"@type\":\"ListItem\",\"position\":1,\"name\":\"Home\",\"item\":\"https:\/\/global-medica.com\/\"},{\"@type\":\"ListItem\",\"position\":2,\"name\":\"Productos\",\"item\":\"https:\/\/global-medica.com\/shop\/\"},{\"@type\":\"ListItem\",\"position\":3,\"name\":\"Signa\u2122 Voyager\"}]},{\"@type\":\"WebSite\",\"@id\":\"https:\/\/global-medica.com\/#website\",\"url\":\"https:\/\/global-medica.com\/\",\"name\":\"Global Medica\",\"description\":\"Global Medica\",\"publisher\":{\"@id\":\"https:\/\/global-medica.com\/#organization\"},\"potentialAction\":[{\"@type\":\"SearchAction\",\"target\":{\"@type\":\"EntryPoint\",\"urlTemplate\":\"https:\/\/global-medica.com\/?s={search_term_string}\"},\"query-input\":{\"@type\":\"PropertyValueSpecification\",\"valueRequired\":true,\"valueName\":\"search_term_string\"}}],\"inLanguage\":\"en-US\"},{\"@type\":\"Organization\",\"@id\":\"https:\/\/global-medica.com\/#organization\",\"name\":\"Global Medica\",\"url\":\"https:\/\/global-medica.com\/\",\"logo\":{\"@type\":\"ImageObject\",\"inLanguage\":\"en-US\",\"@id\":\"https:\/\/global-medica.com\/#\/schema\/logo\/image\/\",\"url\":\"https:\/\/global-medica.com\/wp-content\/uploads\/2024\/04\/global-logo.png\",\"contentUrl\":\"https:\/\/global-medica.com\/wp-content\/uploads\/2024\/04\/global-logo.png\",\"width\":312,\"height\":84,\"caption\":\"Global Medica\"},\"image\":{\"@id\":\"https:\/\/global-medica.com\/#\/schema\/logo\/image\/\"},\"sameAs\":[\"https:\/\/www.facebook.com\/gmglobalmedica\",\"https:\/\/www.instagram.com\/globalmedica\/\",\"https:\/\/www.linkedin.com\/company\/67924728\",\"https:\/\/www.youtube.com\/channel\/UCWT2KUVVms56vwB0N9r8qKQ\/\"]}]}<\/script>\n<!-- \/ Yoast SEO plugin. -->","yoast_head_json":{"title":"Signa Voyager Global Medica","description":"Signa Voyager integrada por una extensa oferta de funciones de adquisici\u00f3n de im\u00e1genes eficientes y de alta calidad que le permitir\u00e1n lograr sus objetivos.","robots":{"index":"index","follow":"follow","max-snippet":"max-snippet:-1","max-image-preview":"max-image-preview:large","max-video-preview":"max-video-preview:-1"},"canonical":"https:\/\/global-medica.com\/en\/product\/signa-voyager\/","og_locale":"en_US","og_type":"article","og_title":"Signa Voyager Global Medica","og_description":"Signa Voyager integrada por una extensa oferta de funciones de adquisici\u00f3n de im\u00e1genes eficientes y de alta calidad que le permitir\u00e1n lograr sus objetivos.","og_url":"https:\/\/global-medica.com\/en\/product\/signa-voyager\/","og_site_name":"Global Medica","article_publisher":"https:\/\/www.facebook.com\/gmglobalmedica","article_modified_time":"2025-05-02T21:46:11+00:00","og_image":[{"width":588,"height":397,"url":"https:\/\/global-medica.com\/wp-content\/uploads\/2024\/07\/PR-00015-min.webp","type":"image\/webp"}],"twitter_card":"summary_large_image","twitter_misc":{"Est. reading time":"4 minutes"},"schema":{"@context":"https:\/\/schema.org","@graph":[{"@type":"WebPage","@id":"https:\/\/global-medica.com\/producto\/signa-voyager\/","url":"https:\/\/global-medica.com\/producto\/signa-voyager\/","name":"Signa Voyager Global Medica","isPartOf":{"@id":"https:\/\/global-medica.com\/#website"},"primaryImageOfPage":{"@id":"https:\/\/global-medica.com\/producto\/signa-voyager\/#primaryimage"},"image":{"@id":"https:\/\/global-medica.com\/producto\/signa-voyager\/#primaryimage"},"thumbnailUrl":"https:\/\/global-medica.com\/wp-content\/uploads\/2024\/07\/PR-00015-min.webp","datePublished":"2024-07-05T00:03:24+00:00","dateModified":"2025-05-02T21:46:11+00:00","description":"Signa Voyager integrada por una extensa oferta de funciones de adquisici\u00f3n de im\u00e1genes eficientes y de alta calidad que le permitir\u00e1n lograr sus objetivos.","breadcrumb":{"@id":"https:\/\/global-medica.com\/producto\/signa-voyager\/#breadcrumb"},"inLanguage":"en-US","potentialAction":[{"@type":"ReadAction","target":["https:\/\/global-medica.com\/producto\/signa-voyager\/"]}]},{"@type":"ImageObject","inLanguage":"en-US","@id":"https:\/\/global-medica.com\/producto\/signa-voyager\/#primaryimage","url":"https:\/\/global-medica.com\/wp-content\/uploads\/2024\/07\/PR-00015-min.webp","contentUrl":"https:\/\/global-medica.com\/wp-content\/uploads\/2024\/07\/PR-00015-min.webp","width":588,"height":397,"caption":"Signa Voyager Global Medica"},{"@type":"BreadcrumbList","@id":"https:\/\/global-medica.com\/producto\/signa-voyager\/#breadcrumb","itemListElement":[{"@type":"ListItem","position":1,"name":"Home","item":"https:\/\/global-medica.com\/"},{"@type":"ListItem","position":2,"name":"Productos","item":"https:\/\/global-medica.com\/shop\/"},{"@type":"ListItem","position":3,"name":"Signa\u2122 Voyager"}]},{"@type":"WebSite","@id":"https:\/\/global-medica.com\/#website","url":"https:\/\/global-medica.com\/","name":"Global Medica","description":"Global Medica","publisher":{"@id":"https:\/\/global-medica.com\/#organization"},"potentialAction":[{"@type":"SearchAction","target":{"@type":"EntryPoint","urlTemplate":"https:\/\/global-medica.com\/?s={search_term_string}"},"query-input":{"@type":"PropertyValueSpecification","valueRequired":true,"valueName":"search_term_string"}}],"inLanguage":"en-US"},{"@type":"Organization","@id":"https:\/\/global-medica.com\/#organization","name":"Global Medica","url":"https:\/\/global-medica.com\/","logo":{"@type":"ImageObject","inLanguage":"en-US","@id":"https:\/\/global-medica.com\/#\/schema\/logo\/image\/","url":"https:\/\/global-medica.com\/wp-content\/uploads\/2024\/04\/global-logo.png","contentUrl":"https:\/\/global-medica.com\/wp-content\/uploads\/2024\/04\/global-logo.png","width":312,"height":84,"caption":"Global Medica"},"image":{"@id":"https:\/\/global-medica.com\/#\/schema\/logo\/image\/"},"sameAs":["https:\/\/www.facebook.com\/gmglobalmedica","https:\/\/www.instagram.com\/globalmedica\/","https:\/\/www.linkedin.com\/company\/67924728","https:\/\/www.youtube.com\/channel\/UCWT2KUVVms56vwB0N9r8qKQ\/"]}]}},"_links":{"self":[{"href":"https:\/\/global-medica.com\/en\/wp-json\/wp\/v2\/product\/2085","targetHints":{"allow":["GET"]}}],"collection":[{"href":"https:\/\/global-medica.com\/en\/wp-json\/wp\/v2\/product"}],"about":[{"href":"https:\/\/global-medica.com\/en\/wp-json\/wp\/v2\/types\/product"}],"replies":[{"embeddable":true,"href":"https:\/\/global-medica.com\/en\/wp-json\/wp\/v2\/comments?post=2085"}],"wp:featuredmedia":[{"embeddable":true,"href":"https:\/\/global-medica.com\/en\/wp-json\/wp\/v2\/media\/2172"}],"wp:attachment":[{"href":"https:\/\/global-medica.com\/en\/wp-json\/wp\/v2\/media?parent=2085"}],"wp:term":[{"taxonomy":"product_brand","embeddable":true,"href":"https:\/\/global-medica.com\/en\/wp-json\/wp\/v2\/product_brand?post=2085"},{"taxonomy":"product_cat","embeddable":true,"href":"https:\/\/global-medica.com\/en\/wp-json\/wp\/v2\/product_cat?post=2085"},{"taxonomy":"product_tag","embeddable":true,"href":"https:\/\/global-medica.com\/en\/wp-json\/wp\/v2\/product_tag?post=2085"}],"curies":[{"name":"wp","href":"https:\/\/api.w.org\/{rel}","templated":true}]}}