{"id":2084,"date":"2024-07-05T00:03:23","date_gmt":"2024-07-05T00:03:23","guid":{"rendered":"https:\/\/global-medica.com\/product\/signa-prime\/"},"modified":"2026-03-28T18:55:18","modified_gmt":"2026-03-28T18:55:18","slug":"signa-prime","status":"publish","type":"product","link":"https:\/\/global-medica.com\/en\/product\/signa-prime\/","title":{"rendered":"Signa\u2122 Prime"},"content":{"rendered":"<h2 class=\"ge-h2 ge-content-module__title\" role=\"heading\">SIGNA Prime Is ready to RM?<\/h2>\n<p>SIGNA Prime makes the process of adoption of RM is simple and perfect. Exclusive functions, such as our new, intuitive user experience, make SIGNA\u2122 Prime is friendly to the inexperienced users and efficient for the day to day operations. SIGNA\u2122 Prime delivery in the fast and easy way of high-quality images consistent using technology imaging of the latest generation.<\/p>\n<h2 class=\"ge-h2 ge-content-module__title\" role=\"heading\">Green from Installation to Scan<\/h2>\n<p>SIGNA gives you all the tools you need for a perfect transition to RM. SIGNA\u2122 Prime is a grip reduced which facilitates its placement in a unit. Also you can install SIGNA\u2122 Prime in demanding conditions of access to energy, water, cooling and helium, which provides greater flexibility and installation time shorter. And we offer remote support so that you can quickly address any problem as long as you start.<\/p>\n<h2 class=\"ge-s-curve__item-title -text--bold\">What Is a \u201cGreen\u201d MRI?<\/h2>\n<div>Magnetic resonance imaging uses liquid helium as a coolant to give the magnet the superconducting properties needed to generate a strong magnetic field. Liquid helium is not only expensive and difficult to obtain, but it\u2019s also becoming scarce. That\u2019s why our engineers worked tirelessly to improve existing technology from the ground up to further reduce helium consumption. The result is our latest advanced cryogenics management technology, which preserves helium throughout installation, clinical operation, and intelligent services. This approach saves money and conserves this valuable natural resource\u2014what we call a \u201cgreen MRI.\u201d<\/div>\n<h2 class=\"ge-h2 ge-content-module__title\" role=\"heading\">SIGNA Prime What learning curve?<\/h2>\n<p>We\u2019ve leveled the MRI learning curve with our completely new user experience. It allows you to customize your MRI system with classic and express modes. It also offers a guided workflow with step-by-step instructions, along with simple protocol selection and planning to help ensure an error-free exam. To further simplify the process, you can monitor and scan your current patient while the system processes images from your previous patient.<\/p>\n<h2 class=\"ge-s-curve__item-title -text--bold\">Why Is UI Design So Important?<\/h2>\n<div>The user interface (UI) is the graphical interface you interact with to make a technology do what you want it to do. A good UI design is so intuitive that you can figure out how it works just by looking at it\u2014crucial for training staff who are new to MRI scanners.<\/div>\n<h2 class=\"ge-h2 ge-content-module__title\" role=\"heading\">AI is here to help<\/h2>\n<p>With SIGNA\u2122 Prime, you don\u2019t have to choose between affordability and quality. We\u2019ve equipped SIGNA\u2122 Prime with cutting-edge Total Digital Imaging (TDI) 2.0. We\u2019ve paired this with the latest AI technology to deliver images that are as easy to read as the system itself is to use. SIGNA\u2122 Prime includes AIR\u2122 Recon DL, the industry-leading deep-learning-based image reconstruction algorithm that works across all anatomies. AIR\u2122 Recon DL enhances fundamental image quality by leveraging raw data to remove noise and ring artifacts. It also increases SNR and sharpness, resulting in much shorter scan times.<\/p>\n<h3 class=\"ge-s-curve__item-title -text--bold\">How Does AI Make Images Easier to Read?<\/h3>\n<div class=\"ge-rtf-module ge-s-curve__description\">\n<div>MRI uses a reconstruction algorithm to capture raw image data and translate it into a final image. AIR\u2122 Recon DL is a deep-learning-based reconstruction algorithm. Deep learning, a type of artificial intelligence (AI), trains the algorithm to automatically identify and remove artifacts\u2014making images clearer, sharper, and easier to read, while also speeding up acquisition times.<\/div>\n<h2 class=\"ge-h2 ge-content-module__title\" role=\"heading\">We\u2019ll Make Sure Your First MRI Experience Is Excellent<\/h2>\n<div class=\"ge-rtf ge-rtf-module ge-content-module__description-wrapper\">It\u2019s time to change your perspective on magnetic resonance imaging. SIGNA\u2122 Prime is specifically designed to be as intuitive as any other imaging system you\u2019re already familiar with in your diagnostic imaging department. If you strive to provide top-quality healthcare to the community you serve, you\u2019re ready for MRI. And we\u2019re ready to help\u2014every step of the way\u2014from location selection to your first scan and all the scans that follow.<\/div>\n<\/div>\n<p>&nbsp;<\/p>\n<p><a class=\"elboton\" href=\"https:\/\/latam.gehealthcare.com\/products\/magnetic-resonance-imaging\/1-5t\/signa-prime\" target=\"_blank\" rel=\"noopener\">Link to the brand<\/a><\/p>","protected":false},"excerpt":{"rendered":"<p>With SIGNA\u2122 Prime, we have created a magnetic resonance imaging (MRI) scanner that almost anyone can operate because it\u2019s based on what you already know. If your facility has any type of diagnostic imaging in place, you\u2019re ready to take the next step into MRI technology. We\u2019ve leveraged our 40 years of experience in healthcare innovation to develop a system that is environmentally friendly, ingeniously simple, and future-ready. YOU\u2019RE READY FOR MRI.<\/p>","protected":false},"featured_media":2603,"comment_status":"open","ping_status":"closed","template":"","meta":[],"product_brand":[],"product_cat":[28],"product_tag":[],"class_list":{"0":"post-2084","1":"product","2":"type-product","3":"status-publish","4":"has-post-thumbnail","6":"product_cat-resonador","8":"first","9":"instock","10":"shipping-taxable","11":"purchasable","12":"product-type-simple"},"yoast_head":"<!-- This site is optimized with the Yoast SEO plugin v25.7 - https:\/\/yoast.com\/wordpress\/plugins\/seo\/ -->\n<title>SIGNA Prime - IA Est\u00e1 Aqu\u00ed Para Ayudar - Global Medica<\/title>\n<meta name=\"description\" content=\"SIGNA Prime utiliza helio l\u00edquido como refrigerante para darle al im\u00e1n las propiedades superconductoras que le permiten generar un campo magn\u00e9tico fuerte.\" \/>\n<meta name=\"robots\" content=\"index, follow, max-snippet:-1, max-image-preview:large, max-video-preview:-1\" \/>\n<link rel=\"canonical\" href=\"https:\/\/global-medica.com\/en\/product\/signa-prime\/\" \/>\n<meta property=\"og:locale\" content=\"en_US\" \/>\n<meta property=\"og:type\" content=\"article\" \/>\n<meta property=\"og:title\" content=\"SIGNA Prime - IA Est\u00e1 Aqu\u00ed Para Ayudar - Global Medica\" \/>\n<meta property=\"og:description\" content=\"SIGNA Prime utiliza helio l\u00edquido como refrigerante para darle al im\u00e1n las propiedades superconductoras que le permiten generar un campo magn\u00e9tico fuerte.\" \/>\n<meta property=\"og:url\" content=\"https:\/\/global-medica.com\/en\/product\/signa-prime\/\" \/>\n<meta property=\"og:site_name\" content=\"Global Medica\" \/>\n<meta property=\"article:publisher\" content=\"https:\/\/www.facebook.com\/gmglobalmedica\" \/>\n<meta property=\"article:modified_time\" content=\"2026-03-28T18:55:18+00:00\" \/>\n<meta property=\"og:image\" content=\"https:\/\/global-medica.com\/wp-content\/uploads\/2024\/07\/SIGNA-PRIME-PNG-.webp\" \/>\n\t<meta property=\"og:image:width\" content=\"800\" \/>\n\t<meta property=\"og:image:height\" content=\"675\" \/>\n\t<meta property=\"og:image:type\" content=\"image\/webp\" \/>\n<meta name=\"twitter:card\" content=\"summary_large_image\" \/>\n<meta name=\"twitter:label1\" content=\"Est. reading time\" \/>\n\t<meta name=\"twitter:data1\" content=\"4 minutes\" \/>\n<script type=\"application\/ld+json\" class=\"yoast-schema-graph\">{\"@context\":\"https:\/\/schema.org\",\"@graph\":[{\"@type\":\"WebPage\",\"@id\":\"https:\/\/global-medica.com\/producto\/signa-prime\/\",\"url\":\"https:\/\/global-medica.com\/producto\/signa-prime\/\",\"name\":\"SIGNA Prime - IA Est\u00e1 Aqu\u00ed Para Ayudar - Global Medica\",\"isPartOf\":{\"@id\":\"https:\/\/global-medica.com\/#website\"},\"primaryImageOfPage\":{\"@id\":\"https:\/\/global-medica.com\/producto\/signa-prime\/#primaryimage\"},\"image\":{\"@id\":\"https:\/\/global-medica.com\/producto\/signa-prime\/#primaryimage\"},\"thumbnailUrl\":\"https:\/\/global-medica.com\/wp-content\/uploads\/2024\/07\/SIGNA-PRIME-PNG-.webp\",\"datePublished\":\"2024-07-05T00:03:23+00:00\",\"dateModified\":\"2026-03-28T18:55:18+00:00\",\"description\":\"SIGNA Prime utiliza helio l\u00edquido como refrigerante para darle al im\u00e1n las propiedades superconductoras que le permiten generar un campo magn\u00e9tico fuerte.\",\"breadcrumb\":{\"@id\":\"https:\/\/global-medica.com\/producto\/signa-prime\/#breadcrumb\"},\"inLanguage\":\"en-US\",\"potentialAction\":[{\"@type\":\"ReadAction\",\"target\":[\"https:\/\/global-medica.com\/producto\/signa-prime\/\"]}]},{\"@type\":\"ImageObject\",\"inLanguage\":\"en-US\",\"@id\":\"https:\/\/global-medica.com\/producto\/signa-prime\/#primaryimage\",\"url\":\"https:\/\/global-medica.com\/wp-content\/uploads\/2024\/07\/SIGNA-PRIME-PNG-.webp\",\"contentUrl\":\"https:\/\/global-medica.com\/wp-content\/uploads\/2024\/07\/SIGNA-PRIME-PNG-.webp\",\"width\":800,\"height\":675,\"caption\":\"SIGNA Prime\"},{\"@type\":\"BreadcrumbList\",\"@id\":\"https:\/\/global-medica.com\/producto\/signa-prime\/#breadcrumb\",\"itemListElement\":[{\"@type\":\"ListItem\",\"position\":1,\"name\":\"Home\",\"item\":\"https:\/\/global-medica.com\/\"},{\"@type\":\"ListItem\",\"position\":2,\"name\":\"Productos\",\"item\":\"https:\/\/global-medica.com\/shop\/\"},{\"@type\":\"ListItem\",\"position\":3,\"name\":\"Signa\u2122 Prime\"}]},{\"@type\":\"WebSite\",\"@id\":\"https:\/\/global-medica.com\/#website\",\"url\":\"https:\/\/global-medica.com\/\",\"name\":\"Global Medica\",\"description\":\"Global Medica\",\"publisher\":{\"@id\":\"https:\/\/global-medica.com\/#organization\"},\"potentialAction\":[{\"@type\":\"SearchAction\",\"target\":{\"@type\":\"EntryPoint\",\"urlTemplate\":\"https:\/\/global-medica.com\/?s={search_term_string}\"},\"query-input\":{\"@type\":\"PropertyValueSpecification\",\"valueRequired\":true,\"valueName\":\"search_term_string\"}}],\"inLanguage\":\"en-US\"},{\"@type\":\"Organization\",\"@id\":\"https:\/\/global-medica.com\/#organization\",\"name\":\"Global Medica\",\"url\":\"https:\/\/global-medica.com\/\",\"logo\":{\"@type\":\"ImageObject\",\"inLanguage\":\"en-US\",\"@id\":\"https:\/\/global-medica.com\/#\/schema\/logo\/image\/\",\"url\":\"https:\/\/global-medica.com\/wp-content\/uploads\/2024\/04\/global-logo.png\",\"contentUrl\":\"https:\/\/global-medica.com\/wp-content\/uploads\/2024\/04\/global-logo.png\",\"width\":312,\"height\":84,\"caption\":\"Global Medica\"},\"image\":{\"@id\":\"https:\/\/global-medica.com\/#\/schema\/logo\/image\/\"},\"sameAs\":[\"https:\/\/www.facebook.com\/gmglobalmedica\",\"https:\/\/www.instagram.com\/globalmedica\/\",\"https:\/\/www.linkedin.com\/company\/67924728\",\"https:\/\/www.youtube.com\/channel\/UCWT2KUVVms56vwB0N9r8qKQ\/\"]}]}<\/script>\n<!-- \/ Yoast SEO plugin. -->","yoast_head_json":{"title":"SIGNA Prime - IA Est\u00e1 Aqu\u00ed Para Ayudar - Global Medica","description":"SIGNA Prime utiliza helio l\u00edquido como refrigerante para darle al im\u00e1n las propiedades superconductoras que le permiten generar un campo magn\u00e9tico fuerte.","robots":{"index":"index","follow":"follow","max-snippet":"max-snippet:-1","max-image-preview":"max-image-preview:large","max-video-preview":"max-video-preview:-1"},"canonical":"https:\/\/global-medica.com\/en\/product\/signa-prime\/","og_locale":"en_US","og_type":"article","og_title":"SIGNA Prime - IA Est\u00e1 Aqu\u00ed Para Ayudar - Global Medica","og_description":"SIGNA Prime utiliza helio l\u00edquido como refrigerante para darle al im\u00e1n las propiedades superconductoras que le permiten generar un campo magn\u00e9tico fuerte.","og_url":"https:\/\/global-medica.com\/en\/product\/signa-prime\/","og_site_name":"Global Medica","article_publisher":"https:\/\/www.facebook.com\/gmglobalmedica","article_modified_time":"2026-03-28T18:55:18+00:00","og_image":[{"width":800,"height":675,"url":"https:\/\/global-medica.com\/wp-content\/uploads\/2024\/07\/SIGNA-PRIME-PNG-.webp","type":"image\/webp"}],"twitter_card":"summary_large_image","twitter_misc":{"Est. reading time":"4 minutes"},"schema":{"@context":"https:\/\/schema.org","@graph":[{"@type":"WebPage","@id":"https:\/\/global-medica.com\/producto\/signa-prime\/","url":"https:\/\/global-medica.com\/producto\/signa-prime\/","name":"SIGNA Prime - IA Est\u00e1 Aqu\u00ed Para Ayudar - Global Medica","isPartOf":{"@id":"https:\/\/global-medica.com\/#website"},"primaryImageOfPage":{"@id":"https:\/\/global-medica.com\/producto\/signa-prime\/#primaryimage"},"image":{"@id":"https:\/\/global-medica.com\/producto\/signa-prime\/#primaryimage"},"thumbnailUrl":"https:\/\/global-medica.com\/wp-content\/uploads\/2024\/07\/SIGNA-PRIME-PNG-.webp","datePublished":"2024-07-05T00:03:23+00:00","dateModified":"2026-03-28T18:55:18+00:00","description":"SIGNA Prime utiliza helio l\u00edquido como refrigerante para darle al im\u00e1n las propiedades superconductoras que le permiten generar un campo magn\u00e9tico fuerte.","breadcrumb":{"@id":"https:\/\/global-medica.com\/producto\/signa-prime\/#breadcrumb"},"inLanguage":"en-US","potentialAction":[{"@type":"ReadAction","target":["https:\/\/global-medica.com\/producto\/signa-prime\/"]}]},{"@type":"ImageObject","inLanguage":"en-US","@id":"https:\/\/global-medica.com\/producto\/signa-prime\/#primaryimage","url":"https:\/\/global-medica.com\/wp-content\/uploads\/2024\/07\/SIGNA-PRIME-PNG-.webp","contentUrl":"https:\/\/global-medica.com\/wp-content\/uploads\/2024\/07\/SIGNA-PRIME-PNG-.webp","width":800,"height":675,"caption":"SIGNA Prime"},{"@type":"BreadcrumbList","@id":"https:\/\/global-medica.com\/producto\/signa-prime\/#breadcrumb","itemListElement":[{"@type":"ListItem","position":1,"name":"Home","item":"https:\/\/global-medica.com\/"},{"@type":"ListItem","position":2,"name":"Productos","item":"https:\/\/global-medica.com\/shop\/"},{"@type":"ListItem","position":3,"name":"Signa\u2122 Prime"}]},{"@type":"WebSite","@id":"https:\/\/global-medica.com\/#website","url":"https:\/\/global-medica.com\/","name":"Global Medica","description":"Global Medica","publisher":{"@id":"https:\/\/global-medica.com\/#organization"},"potentialAction":[{"@type":"SearchAction","target":{"@type":"EntryPoint","urlTemplate":"https:\/\/global-medica.com\/?s={search_term_string}"},"query-input":{"@type":"PropertyValueSpecification","valueRequired":true,"valueName":"search_term_string"}}],"inLanguage":"en-US"},{"@type":"Organization","@id":"https:\/\/global-medica.com\/#organization","name":"Global Medica","url":"https:\/\/global-medica.com\/","logo":{"@type":"ImageObject","inLanguage":"en-US","@id":"https:\/\/global-medica.com\/#\/schema\/logo\/image\/","url":"https:\/\/global-medica.com\/wp-content\/uploads\/2024\/04\/global-logo.png","contentUrl":"https:\/\/global-medica.com\/wp-content\/uploads\/2024\/04\/global-logo.png","width":312,"height":84,"caption":"Global Medica"},"image":{"@id":"https:\/\/global-medica.com\/#\/schema\/logo\/image\/"},"sameAs":["https:\/\/www.facebook.com\/gmglobalmedica","https:\/\/www.instagram.com\/globalmedica\/","https:\/\/www.linkedin.com\/company\/67924728","https:\/\/www.youtube.com\/channel\/UCWT2KUVVms56vwB0N9r8qKQ\/"]}]}},"_links":{"self":[{"href":"https:\/\/global-medica.com\/en\/wp-json\/wp\/v2\/product\/2084","targetHints":{"allow":["GET"]}}],"collection":[{"href":"https:\/\/global-medica.com\/en\/wp-json\/wp\/v2\/product"}],"about":[{"href":"https:\/\/global-medica.com\/en\/wp-json\/wp\/v2\/types\/product"}],"replies":[{"embeddable":true,"href":"https:\/\/global-medica.com\/en\/wp-json\/wp\/v2\/comments?post=2084"}],"wp:featuredmedia":[{"embeddable":true,"href":"https:\/\/global-medica.com\/en\/wp-json\/wp\/v2\/media\/2603"}],"wp:attachment":[{"href":"https:\/\/global-medica.com\/en\/wp-json\/wp\/v2\/media?parent=2084"}],"wp:term":[{"taxonomy":"product_brand","embeddable":true,"href":"https:\/\/global-medica.com\/en\/wp-json\/wp\/v2\/product_brand?post=2084"},{"taxonomy":"product_cat","embeddable":true,"href":"https:\/\/global-medica.com\/en\/wp-json\/wp\/v2\/product_cat?post=2084"},{"taxonomy":"product_tag","embeddable":true,"href":"https:\/\/global-medica.com\/en\/wp-json\/wp\/v2\/product_tag?post=2084"}],"curies":[{"name":"wp","href":"https:\/\/api.w.org\/{rel}","templated":true}]}}