{"id":2081,"date":"2024-07-05T00:03:23","date_gmt":"2024-07-05T00:03:23","guid":{"rendered":"https:\/\/global-medica.com\/product\/rf180\/"},"modified":"2026-03-28T18:55:18","modified_gmt":"2026-03-28T18:55:18","slug":"rf180","status":"publish","type":"product","link":"https:\/\/global-medica.com\/en\/product\/rf180\/","title":{"rendered":"RF180"},"content":{"rendered":"<h2 class=\"ge-product-banner__title\">Discovery RF180 A system designed for everyone.<\/h2>\n<p>Discover the Discovery RF180. This powerful system, remote image acquisition is asserted without effort. Simple and intuitive, it guarantees a clinical workflow optimized. Technicians love their simple automated configuration.<\/p>\n<p>The patients appreciate the short duration of the tests. And, of course, the doctors applaud the nitidiz of the images.<\/p>\n<p>When it comes to directors and managers, their compliments are directed to the productivity and versatility of the system. It is one of the few systems in the industry that can perform all kinds of tests.<\/p>\n<h3 class=\"ge-h2 ge-content-module__title\" role=\"heading\">Simple and intuitive, it makes the day to day work easier.<\/h3>\n<p>Today, the receipt of large volumes of patients highlights the need for a system of fluoroscopy simple with a workflow that&#039;s fast and automated.<\/p>\n<p>Therefore, the Discovery RF180 has been designed in a smart way. What is the goal? To increase the efficiency during the period prior to and subsequent to the exploration.<\/p>\n<h2 class=\"ge-h2 ge-generic-module-content__title\" role=\"heading\">Easy. Optimized. Agile. Productive.<\/h2>\n<h3>Discover the Discovery RF180.<\/h3>\n<p>This powerful system, remote image acquisition is asserted without effort. Simple and intuitive, it guarantees a clinical workflow optimized. Technicians love their simple automated configuration.<\/p>\n<h3>The patients appreciate the short duration of the tests.<\/h3>\n<p>And, of course, the doctors applaud the sharpness of the images. When it comes to directors and managers, their compliments are directed to the productivity and versatility of the system. It is one of the few systems in the industry that can do all type of exams.<\/p>\n<h2 class=\"ge-h2 ge-generic-module-content__title\" role=\"heading\">Performance amplified.<\/h2>\n<div class=\"ge-generic-module-content__description\">\n<p>If your system fluoroscopy is valued by the frequency with which you use it, the Discovery RF180 stands out with strength and clarity.<\/p>\n<p>Designed to meet all the needs of your X-ray department, this versatile workhorse you can perform tomosynthesis, paste, auto-image, DSA and scans for bariatric surgery.<\/p>\n<p>It also includes a SID variable so that you can perform tests in the chest without the need of additional equipment.<\/p>\n<p>If your patient population is diverse, this system adapts to it. The table supports up to 325 kg and, therefore, ensures that you can browse even the patients more heavy.<\/p>\n<p>In addition, with all this use, to help you keep pace day after day, the Discovery RF180 includes integrated access to one of the assistance systems in remote biggest in the sector. Get to know a new level of performance.<\/p>\n<p>To ensure a return on investment accelerated. We present the Discovery RF180.<\/p>\n<\/div>\n<p>&nbsp;<\/p>\n<p><a class=\"elboton\" href=\"https:\/\/latam.gehealthcare.com\/products\/discovery-rf180-radiography-and-fluoroscopy-system\" target=\"_blank\" rel=\"noopener\">Link to the brand<\/a><\/p>","protected":false},"excerpt":{"rendered":"<p>System of x-ray and fluoroscopy Discovery RF180 a system designed for everyone.<\/p>\n<p>Choose the system of fluoroscopy suitable for your center means finding one that offers benefits for all. In a nutshell, patients, technicians, doctors, and managers should be easy to praise the system for their positive impact on the experience of the x-rays.<\/p>","protected":false},"featured_media":2169,"comment_status":"open","ping_status":"closed","template":"","meta":[],"product_brand":[],"product_cat":[27],"product_tag":[],"class_list":{"0":"post-2081","1":"product","2":"type-product","3":"status-publish","4":"has-post-thumbnail","6":"product_cat-rayos-x","8":"first","9":"instock","10":"shipping-taxable","11":"purchasable","12":"product-type-simple"},"yoast_head":"<!-- This site is optimized with the Yoast SEO plugin v27.3 - https:\/\/yoast.com\/product\/yoast-seo-wordpress\/ -->\n<title>Discovery RF180 - Remote Image Acquisition System - Global Medica - Global M\u00e9dica DR<\/title>\n<meta name=\"description\" content=\"Discovery RF180 a powerful remote image acquisition system comes into its own effortlessly. Ensures optimized clinical workflow.\" \/>\n<meta name=\"robots\" content=\"index, follow, max-snippet:-1, max-image-preview:large, max-video-preview:-1\" \/>\n<link rel=\"canonical\" href=\"https:\/\/global-medica.com\/en\/product\/rf180\/\" \/>\n<meta property=\"og:locale\" content=\"en_US\" \/>\n<meta property=\"og:type\" content=\"article\" \/>\n<meta property=\"og:title\" content=\"Discovery RF180 - Remote Image Acquisition System - Global Medica - Global M\u00e9dica DR\" \/>\n<meta property=\"og:description\" content=\"Discovery RF180 a powerful remote image acquisition system comes into its own effortlessly. Ensures optimized clinical workflow.\" \/>\n<meta property=\"og:url\" content=\"https:\/\/global-medica.com\/en\/product\/rf180\/\" \/>\n<meta property=\"og:site_name\" content=\"Global Medica\" \/>\n<meta property=\"article:publisher\" content=\"https:\/\/www.facebook.com\/gmglobalmedica\" \/>\n<meta property=\"article:modified_time\" content=\"2026-03-28T18:55:18+00:00\" \/>\n<meta property=\"og:image\" content=\"https:\/\/global-medica.com\/wp-content\/uploads\/2024\/07\/PR-00011-min.webp\" \/>\n\t<meta property=\"og:image:width\" content=\"1025\" \/>\n\t<meta property=\"og:image:height\" content=\"619\" \/>\n\t<meta property=\"og:image:type\" content=\"image\/webp\" \/>\n<meta name=\"twitter:card\" content=\"summary_large_image\" \/>\n<meta name=\"twitter:label1\" content=\"Est. reading time\" \/>\n\t<meta name=\"twitter:data1\" content=\"3 minutes\" \/>\n<script type=\"application\/ld+json\" class=\"yoast-schema-graph\">{\"@context\":\"https:\\\/\\\/schema.org\",\"@graph\":[{\"@type\":\"WebPage\",\"@id\":\"https:\\\/\\\/global-medica.com\\\/producto\\\/rf180\\\/\",\"url\":\"https:\\\/\\\/global-medica.com\\\/producto\\\/rf180\\\/\",\"name\":\"Discovery RF180 - Sistema Remoto de Adquisici\u00f3n de Im\u00e1genes\",\"isPartOf\":{\"@id\":\"https:\\\/\\\/global-medica.com\\\/#website\"},\"primaryImageOfPage\":{\"@id\":\"https:\\\/\\\/global-medica.com\\\/producto\\\/rf180\\\/#primaryimage\"},\"image\":{\"@id\":\"https:\\\/\\\/global-medica.com\\\/producto\\\/rf180\\\/#primaryimage\"},\"thumbnailUrl\":\"https:\\\/\\\/global-medica.com\\\/wp-content\\\/uploads\\\/2024\\\/07\\\/PR-00011-min.webp\",\"datePublished\":\"2024-07-05T00:03:23+00:00\",\"dateModified\":\"2026-03-28T18:55:18+00:00\",\"description\":\"Discovery RF180 un potente sistema remoto de adquisici\u00f3n de im\u00e1genes se hace valer sin esfuerzo. Garantiza un flujo de trabajo cl\u00ednico optimizado.\",\"breadcrumb\":{\"@id\":\"https:\\\/\\\/global-medica.com\\\/producto\\\/rf180\\\/#breadcrumb\"},\"inLanguage\":\"en-US\",\"potentialAction\":[{\"@type\":\"ReadAction\",\"target\":[\"https:\\\/\\\/global-medica.com\\\/producto\\\/rf180\\\/\"]}]},{\"@type\":\"ImageObject\",\"inLanguage\":\"en-US\",\"@id\":\"https:\\\/\\\/global-medica.com\\\/producto\\\/rf180\\\/#primaryimage\",\"url\":\"https:\\\/\\\/global-medica.com\\\/wp-content\\\/uploads\\\/2024\\\/07\\\/PR-00011-min.webp\",\"contentUrl\":\"https:\\\/\\\/global-medica.com\\\/wp-content\\\/uploads\\\/2024\\\/07\\\/PR-00011-min.webp\",\"width\":1025,\"height\":619,\"caption\":\"Discovery RF180\"},{\"@type\":\"BreadcrumbList\",\"@id\":\"https:\\\/\\\/global-medica.com\\\/producto\\\/rf180\\\/#breadcrumb\",\"itemListElement\":[{\"@type\":\"ListItem\",\"position\":1,\"name\":\"Home\",\"item\":\"https:\\\/\\\/global-medica.com\\\/\"},{\"@type\":\"ListItem\",\"position\":2,\"name\":\"Productos\",\"item\":\"https:\\\/\\\/global-medica.com\\\/shop\\\/\"},{\"@type\":\"ListItem\",\"position\":3,\"name\":\"RF180\"}]},{\"@type\":\"WebSite\",\"@id\":\"https:\\\/\\\/global-medica.com\\\/#website\",\"url\":\"https:\\\/\\\/global-medica.com\\\/\",\"name\":\"Global Medica\",\"description\":\"Global Medica\",\"publisher\":{\"@id\":\"https:\\\/\\\/global-medica.com\\\/#organization\"},\"inLanguage\":\"en-US\"},{\"@type\":\"Organization\",\"@id\":\"https:\\\/\\\/global-medica.com\\\/#organization\",\"name\":\"Global Medica\",\"url\":\"https:\\\/\\\/global-medica.com\\\/\",\"logo\":{\"@type\":\"ImageObject\",\"inLanguage\":\"en-US\",\"@id\":\"https:\\\/\\\/global-medica.com\\\/#\\\/schema\\\/logo\\\/image\\\/\",\"url\":\"https:\\\/\\\/global-medica.com\\\/wp-content\\\/uploads\\\/2024\\\/04\\\/global-logo.png\",\"contentUrl\":\"https:\\\/\\\/global-medica.com\\\/wp-content\\\/uploads\\\/2024\\\/04\\\/global-logo.png\",\"width\":312,\"height\":84,\"caption\":\"Global Medica\"},\"image\":{\"@id\":\"https:\\\/\\\/global-medica.com\\\/#\\\/schema\\\/logo\\\/image\\\/\"},\"sameAs\":[\"https:\\\/\\\/www.facebook.com\\\/gmglobalmedica\",\"https:\\\/\\\/www.instagram.com\\\/globalmedica\\\/\",\"https:\\\/\\\/www.linkedin.com\\\/company\\\/67924728\",\"https:\\\/\\\/www.youtube.com\\\/channel\\\/UCWT2KUVVms56vwB0N9r8qKQ\\\/\"]}]}<\/script>\n<!-- \/ Yoast SEO plugin. -->","yoast_head_json":{"title":"Discovery RF180 - Remote Image Acquisition System - Global Medica - Global M\u00e9dica DR","description":"Discovery RF180 a powerful remote image acquisition system comes into its own effortlessly. Ensures optimized clinical workflow.","robots":{"index":"index","follow":"follow","max-snippet":"max-snippet:-1","max-image-preview":"max-image-preview:large","max-video-preview":"max-video-preview:-1"},"canonical":"https:\/\/global-medica.com\/en\/product\/rf180\/","og_locale":"en_US","og_type":"article","og_title":"Discovery RF180 - Remote Image Acquisition System - Global Medica - Global M\u00e9dica DR","og_description":"Discovery RF180 a powerful remote image acquisition system comes into its own effortlessly. Ensures optimized clinical workflow.","og_url":"https:\/\/global-medica.com\/en\/product\/rf180\/","og_site_name":"Global Medica","article_publisher":"https:\/\/www.facebook.com\/gmglobalmedica","article_modified_time":"2026-03-28T18:55:18+00:00","og_image":[{"width":1025,"height":619,"url":"https:\/\/global-medica.com\/wp-content\/uploads\/2024\/07\/PR-00011-min.webp","type":"image\/webp"}],"twitter_card":"summary_large_image","twitter_misc":{"Est. reading time":"3 minutes"},"schema":{"@context":"https:\/\/schema.org","@graph":[{"@type":"WebPage","@id":"https:\/\/global-medica.com\/producto\/rf180\/","url":"https:\/\/global-medica.com\/producto\/rf180\/","name":"Discovery RF180 - Remote Image Acquisition System","isPartOf":{"@id":"https:\/\/global-medica.com\/#website"},"primaryImageOfPage":{"@id":"https:\/\/global-medica.com\/producto\/rf180\/#primaryimage"},"image":{"@id":"https:\/\/global-medica.com\/producto\/rf180\/#primaryimage"},"thumbnailUrl":"https:\/\/global-medica.com\/wp-content\/uploads\/2024\/07\/PR-00011-min.webp","datePublished":"2024-07-05T00:03:23+00:00","dateModified":"2026-03-28T18:55:18+00:00","description":"Discovery RF180 a powerful remote image acquisition system comes into its own effortlessly. Ensures optimized clinical workflow.","breadcrumb":{"@id":"https:\/\/global-medica.com\/producto\/rf180\/#breadcrumb"},"inLanguage":"en-US","potentialAction":[{"@type":"ReadAction","target":["https:\/\/global-medica.com\/producto\/rf180\/"]}]},{"@type":"ImageObject","inLanguage":"en-US","@id":"https:\/\/global-medica.com\/producto\/rf180\/#primaryimage","url":"https:\/\/global-medica.com\/wp-content\/uploads\/2024\/07\/PR-00011-min.webp","contentUrl":"https:\/\/global-medica.com\/wp-content\/uploads\/2024\/07\/PR-00011-min.webp","width":1025,"height":619,"caption":"Discovery RF180"},{"@type":"BreadcrumbList","@id":"https:\/\/global-medica.com\/producto\/rf180\/#breadcrumb","itemListElement":[{"@type":"ListItem","position":1,"name":"Home","item":"https:\/\/global-medica.com\/"},{"@type":"ListItem","position":2,"name":"Productos","item":"https:\/\/global-medica.com\/shop\/"},{"@type":"ListItem","position":3,"name":"RF180"}]},{"@type":"WebSite","@id":"https:\/\/global-medica.com\/#website","url":"https:\/\/global-medica.com\/","name":"Global Medica","description":"Global Medica","publisher":{"@id":"https:\/\/global-medica.com\/#organization"},"inLanguage":"en-US"},{"@type":"Organization","@id":"https:\/\/global-medica.com\/#organization","name":"Global Medica","url":"https:\/\/global-medica.com\/","logo":{"@type":"ImageObject","inLanguage":"en-US","@id":"https:\/\/global-medica.com\/#\/schema\/logo\/image\/","url":"https:\/\/global-medica.com\/wp-content\/uploads\/2024\/04\/global-logo.png","contentUrl":"https:\/\/global-medica.com\/wp-content\/uploads\/2024\/04\/global-logo.png","width":312,"height":84,"caption":"Global Medica"},"image":{"@id":"https:\/\/global-medica.com\/#\/schema\/logo\/image\/"},"sameAs":["https:\/\/www.facebook.com\/gmglobalmedica","https:\/\/www.instagram.com\/globalmedica\/","https:\/\/www.linkedin.com\/company\/67924728","https:\/\/www.youtube.com\/channel\/UCWT2KUVVms56vwB0N9r8qKQ\/"]}]}},"_links":{"self":[{"href":"https:\/\/global-medica.com\/en\/wp-json\/wp\/v2\/product\/2081","targetHints":{"allow":["GET"]}}],"collection":[{"href":"https:\/\/global-medica.com\/en\/wp-json\/wp\/v2\/product"}],"about":[{"href":"https:\/\/global-medica.com\/en\/wp-json\/wp\/v2\/types\/product"}],"replies":[{"embeddable":true,"href":"https:\/\/global-medica.com\/en\/wp-json\/wp\/v2\/comments?post=2081"}],"wp:featuredmedia":[{"embeddable":true,"href":"https:\/\/global-medica.com\/en\/wp-json\/wp\/v2\/media\/2169"}],"wp:attachment":[{"href":"https:\/\/global-medica.com\/en\/wp-json\/wp\/v2\/media?parent=2081"}],"wp:term":[{"taxonomy":"product_brand","embeddable":true,"href":"https:\/\/global-medica.com\/en\/wp-json\/wp\/v2\/product_brand?post=2081"},{"taxonomy":"product_cat","embeddable":true,"href":"https:\/\/global-medica.com\/en\/wp-json\/wp\/v2\/product_cat?post=2081"},{"taxonomy":"product_tag","embeddable":true,"href":"https:\/\/global-medica.com\/en\/wp-json\/wp\/v2\/product_tag?post=2081"}],"curies":[{"name":"wp","href":"https:\/\/api.w.org\/{rel}","templated":true}]}}