{"id":2079,"date":"2024-07-05T00:03:22","date_gmt":"2024-07-05T00:03:22","guid":{"rendered":"https:\/\/global-medica.com\/product\/truebeam\/"},"modified":"2025-05-06T20:46:28","modified_gmt":"2025-05-06T20:46:28","slug":"truebeam","status":"publish","type":"product","link":"https:\/\/global-medica.com\/en\/product\/truebeam\/","title":{"rendered":"TrueBeam\u00ae"},"content":{"rendered":"<h2>TrueBeam treatment Options flexible<\/h2>\n<p>TrueBeam provides different treatment techniques, such as HyperArc and RapidArc, to cover a wide variety of cases of cancer.<\/p>\n<h3>Advanced Imaging Capabilities<\/h3>\n<p>Provides real-time radiographs synchronized with patient breathing.<\/p>\n<h3>High-Precision Dose Control<\/h3>\n<p>The accuracy submillimeter guarantees the conformity of the delivery.<\/p>\n<h3>More agile treatments<\/h3>\n<p>Guarantees precise dose delivery, ensuring optimal conformity and sparing of healthy tissues.<\/p>\n<h3>Safe and reliable<\/h3>\n<p>Incorporates robust safety mechanisms to help clinicians navigate the complexities of cancer treatment securely.<\/p>\n<h3>HyperSight in TrueBeam\u00ae<\/h3>\n<p>The acquisition enhanced imaging IGRT and CBCT for treatment planning extends its clinic versatility<\/p>\n<h3 class=\"center-text small-vertical-margin\">TrueBeam Treatment for cancer of high-precision<\/h3>\n<h3>Intuitive<\/h3>\n<p>The user-centered design facilitates the administration of the treatment and allows you to give priority to the patients.<\/p>\n<h3>Innovative<\/h3>\n<p>Facilitates innovation and collaboration that translates into new treatment options for patients, new oprotunidades to the clinic, and new advances in the fight against cancer.<\/p>\n<h3>Integrated<\/h3>\n<p>The integration of the technology allows clinicians to treat a greater variety of oncologic cases thanks to a wide range of radiation treatments.<\/p>\n<h2>Addons for TrueBeam\u00ae<\/h2>\n<div class=\"text-container center-vertically small-vertical-margin-top\">TrueBeam\u00ae works correctly with a wide variety of treatment planning programs and other tools. Integrate with these components to get the most out of the Varian systems.<\/div>","protected":false},"excerpt":{"rendered":"<p>TrueBeam\u00ae is a state-of-the-art radiotherapy system designed to deliver precise doses quickly while returning valuable time to patients. Tailored to treat cancer anywhere in the body, TrueBeam\u00ae offers unmatched flexibility with a range of treatment techniques, advanced imaging capabilities, and robust patient safety features\u2014all aimed at improving clinical outcomes and workflow efficiency.<\/p>","protected":false},"featured_media":2771,"comment_status":"open","ping_status":"closed","template":"","meta":[],"product_brand":[],"product_cat":[61],"product_tag":[],"class_list":{"0":"post-2079","1":"product","2":"type-product","3":"status-publish","4":"has-post-thumbnail","6":"product_cat-radioterapia","8":"first","9":"instock","10":"shipping-taxable","11":"purchasable","12":"product-type-simple"},"yoast_head":"<!-- This site is optimized with the Yoast SEO plugin v27.3 - https:\/\/yoast.com\/product\/yoast-seo-wordpress\/ -->\n<title>TrueBeam - Tratamiento Oncol\u00f3gico de Alta Precisi\u00f3n - Global Medica - Global M\u00e9dica DR<\/title>\n<meta name=\"description\" content=\"TrueBeam funciona correctamente con una amplia variedad programas de planificaci\u00f3n del tratamiento y otras herramientas. Int\u00e9grelo con los sistemas Varian.\" \/>\n<meta name=\"robots\" content=\"index, follow, max-snippet:-1, max-image-preview:large, max-video-preview:-1\" \/>\n<link rel=\"canonical\" href=\"https:\/\/global-medica.com\/en\/product\/truebeam\/\" \/>\n<meta property=\"og:locale\" content=\"en_US\" \/>\n<meta property=\"og:type\" content=\"article\" \/>\n<meta property=\"og:title\" content=\"TrueBeam - Tratamiento Oncol\u00f3gico de Alta Precisi\u00f3n - Global Medica - Global M\u00e9dica DR\" \/>\n<meta property=\"og:description\" content=\"TrueBeam funciona correctamente con una amplia variedad programas de planificaci\u00f3n del tratamiento y otras herramientas. Int\u00e9grelo con los sistemas Varian.\" \/>\n<meta property=\"og:url\" content=\"https:\/\/global-medica.com\/en\/product\/truebeam\/\" \/>\n<meta property=\"og:site_name\" content=\"Global Medica\" \/>\n<meta property=\"article:publisher\" content=\"https:\/\/www.facebook.com\/gmglobalmedica\" \/>\n<meta property=\"article:modified_time\" content=\"2025-05-06T20:46:28+00:00\" \/>\n<meta property=\"og:image\" content=\"https:\/\/global-medica.com\/wp-content\/uploads\/2024\/07\/PR-00009-min-300x300-1.jpg\" \/>\n\t<meta property=\"og:image:width\" content=\"300\" \/>\n\t<meta property=\"og:image:height\" content=\"300\" \/>\n\t<meta property=\"og:image:type\" content=\"image\/jpeg\" \/>\n<meta name=\"twitter:card\" content=\"summary_large_image\" \/>\n<meta name=\"twitter:label1\" content=\"Est. reading time\" \/>\n\t<meta name=\"twitter:data1\" content=\"2 minutes\" \/>\n<script type=\"application\/ld+json\" class=\"yoast-schema-graph\">{\"@context\":\"https:\\\/\\\/schema.org\",\"@graph\":[{\"@type\":\"WebPage\",\"@id\":\"https:\\\/\\\/global-medica.com\\\/producto\\\/truebeam\\\/\",\"url\":\"https:\\\/\\\/global-medica.com\\\/producto\\\/truebeam\\\/\",\"name\":\"TrueBeam - Tratamiento Oncol\u00f3gico de Alta Precisi\u00f3n\",\"isPartOf\":{\"@id\":\"https:\\\/\\\/global-medica.com\\\/#website\"},\"primaryImageOfPage\":{\"@id\":\"https:\\\/\\\/global-medica.com\\\/producto\\\/truebeam\\\/#primaryimage\"},\"image\":{\"@id\":\"https:\\\/\\\/global-medica.com\\\/producto\\\/truebeam\\\/#primaryimage\"},\"thumbnailUrl\":\"https:\\\/\\\/global-medica.com\\\/wp-content\\\/uploads\\\/2024\\\/07\\\/PR-00009-min-300x300-1.jpg\",\"datePublished\":\"2024-07-05T00:03:22+00:00\",\"dateModified\":\"2025-05-06T20:46:28+00:00\",\"description\":\"TrueBeam funciona correctamente con una amplia variedad programas de planificaci\u00f3n del tratamiento y otras herramientas. Int\u00e9grelo con los sistemas Varian.\",\"breadcrumb\":{\"@id\":\"https:\\\/\\\/global-medica.com\\\/producto\\\/truebeam\\\/#breadcrumb\"},\"inLanguage\":\"en-US\",\"potentialAction\":[{\"@type\":\"ReadAction\",\"target\":[\"https:\\\/\\\/global-medica.com\\\/producto\\\/truebeam\\\/\"]}]},{\"@type\":\"ImageObject\",\"inLanguage\":\"en-US\",\"@id\":\"https:\\\/\\\/global-medica.com\\\/producto\\\/truebeam\\\/#primaryimage\",\"url\":\"https:\\\/\\\/global-medica.com\\\/wp-content\\\/uploads\\\/2024\\\/07\\\/PR-00009-min-300x300-1.jpg\",\"contentUrl\":\"https:\\\/\\\/global-medica.com\\\/wp-content\\\/uploads\\\/2024\\\/07\\\/PR-00009-min-300x300-1.jpg\",\"width\":300,\"height\":300,\"caption\":\"TrueBeam - Tratamiento Oncol\u00f3gico de Alta Precisi\u00f3n\"},{\"@type\":\"BreadcrumbList\",\"@id\":\"https:\\\/\\\/global-medica.com\\\/producto\\\/truebeam\\\/#breadcrumb\",\"itemListElement\":[{\"@type\":\"ListItem\",\"position\":1,\"name\":\"Home\",\"item\":\"https:\\\/\\\/global-medica.com\\\/\"},{\"@type\":\"ListItem\",\"position\":2,\"name\":\"Productos\",\"item\":\"https:\\\/\\\/global-medica.com\\\/shop\\\/\"},{\"@type\":\"ListItem\",\"position\":3,\"name\":\"TrueBeam\u00ae\"}]},{\"@type\":\"WebSite\",\"@id\":\"https:\\\/\\\/global-medica.com\\\/#website\",\"url\":\"https:\\\/\\\/global-medica.com\\\/\",\"name\":\"Global Medica\",\"description\":\"Global Medica\",\"publisher\":{\"@id\":\"https:\\\/\\\/global-medica.com\\\/#organization\"},\"inLanguage\":\"en-US\"},{\"@type\":\"Organization\",\"@id\":\"https:\\\/\\\/global-medica.com\\\/#organization\",\"name\":\"Global Medica\",\"url\":\"https:\\\/\\\/global-medica.com\\\/\",\"logo\":{\"@type\":\"ImageObject\",\"inLanguage\":\"en-US\",\"@id\":\"https:\\\/\\\/global-medica.com\\\/#\\\/schema\\\/logo\\\/image\\\/\",\"url\":\"https:\\\/\\\/global-medica.com\\\/wp-content\\\/uploads\\\/2024\\\/04\\\/global-logo.png\",\"contentUrl\":\"https:\\\/\\\/global-medica.com\\\/wp-content\\\/uploads\\\/2024\\\/04\\\/global-logo.png\",\"width\":312,\"height\":84,\"caption\":\"Global Medica\"},\"image\":{\"@id\":\"https:\\\/\\\/global-medica.com\\\/#\\\/schema\\\/logo\\\/image\\\/\"},\"sameAs\":[\"https:\\\/\\\/www.facebook.com\\\/gmglobalmedica\",\"https:\\\/\\\/www.instagram.com\\\/globalmedica\\\/\",\"https:\\\/\\\/www.linkedin.com\\\/company\\\/67924728\",\"https:\\\/\\\/www.youtube.com\\\/channel\\\/UCWT2KUVVms56vwB0N9r8qKQ\\\/\"]}]}<\/script>\n<!-- \/ Yoast SEO plugin. -->","yoast_head_json":{"title":"TrueBeam - Tratamiento Oncol\u00f3gico de Alta Precisi\u00f3n - Global Medica - Global M\u00e9dica DR","description":"TrueBeam funciona correctamente con una amplia variedad programas de planificaci\u00f3n del tratamiento y otras herramientas. Int\u00e9grelo con los sistemas Varian.","robots":{"index":"index","follow":"follow","max-snippet":"max-snippet:-1","max-image-preview":"max-image-preview:large","max-video-preview":"max-video-preview:-1"},"canonical":"https:\/\/global-medica.com\/en\/product\/truebeam\/","og_locale":"en_US","og_type":"article","og_title":"TrueBeam - Tratamiento Oncol\u00f3gico de Alta Precisi\u00f3n - Global Medica - Global M\u00e9dica DR","og_description":"TrueBeam funciona correctamente con una amplia variedad programas de planificaci\u00f3n del tratamiento y otras herramientas. Int\u00e9grelo con los sistemas Varian.","og_url":"https:\/\/global-medica.com\/en\/product\/truebeam\/","og_site_name":"Global Medica","article_publisher":"https:\/\/www.facebook.com\/gmglobalmedica","article_modified_time":"2025-05-06T20:46:28+00:00","og_image":[{"width":300,"height":300,"url":"https:\/\/global-medica.com\/wp-content\/uploads\/2024\/07\/PR-00009-min-300x300-1.jpg","type":"image\/jpeg"}],"twitter_card":"summary_large_image","twitter_misc":{"Est. reading time":"2 minutes"},"schema":{"@context":"https:\/\/schema.org","@graph":[{"@type":"WebPage","@id":"https:\/\/global-medica.com\/producto\/truebeam\/","url":"https:\/\/global-medica.com\/producto\/truebeam\/","name":"TrueBeam - Tratamiento Oncol\u00f3gico de Alta Precisi\u00f3n","isPartOf":{"@id":"https:\/\/global-medica.com\/#website"},"primaryImageOfPage":{"@id":"https:\/\/global-medica.com\/producto\/truebeam\/#primaryimage"},"image":{"@id":"https:\/\/global-medica.com\/producto\/truebeam\/#primaryimage"},"thumbnailUrl":"https:\/\/global-medica.com\/wp-content\/uploads\/2024\/07\/PR-00009-min-300x300-1.jpg","datePublished":"2024-07-05T00:03:22+00:00","dateModified":"2025-05-06T20:46:28+00:00","description":"TrueBeam funciona correctamente con una amplia variedad programas de planificaci\u00f3n del tratamiento y otras herramientas. Int\u00e9grelo con los sistemas Varian.","breadcrumb":{"@id":"https:\/\/global-medica.com\/producto\/truebeam\/#breadcrumb"},"inLanguage":"en-US","potentialAction":[{"@type":"ReadAction","target":["https:\/\/global-medica.com\/producto\/truebeam\/"]}]},{"@type":"ImageObject","inLanguage":"en-US","@id":"https:\/\/global-medica.com\/producto\/truebeam\/#primaryimage","url":"https:\/\/global-medica.com\/wp-content\/uploads\/2024\/07\/PR-00009-min-300x300-1.jpg","contentUrl":"https:\/\/global-medica.com\/wp-content\/uploads\/2024\/07\/PR-00009-min-300x300-1.jpg","width":300,"height":300,"caption":"TrueBeam - Tratamiento Oncol\u00f3gico de Alta Precisi\u00f3n"},{"@type":"BreadcrumbList","@id":"https:\/\/global-medica.com\/producto\/truebeam\/#breadcrumb","itemListElement":[{"@type":"ListItem","position":1,"name":"Home","item":"https:\/\/global-medica.com\/"},{"@type":"ListItem","position":2,"name":"Productos","item":"https:\/\/global-medica.com\/shop\/"},{"@type":"ListItem","position":3,"name":"TrueBeam\u00ae"}]},{"@type":"WebSite","@id":"https:\/\/global-medica.com\/#website","url":"https:\/\/global-medica.com\/","name":"Global Medica","description":"Global Medica","publisher":{"@id":"https:\/\/global-medica.com\/#organization"},"inLanguage":"en-US"},{"@type":"Organization","@id":"https:\/\/global-medica.com\/#organization","name":"Global Medica","url":"https:\/\/global-medica.com\/","logo":{"@type":"ImageObject","inLanguage":"en-US","@id":"https:\/\/global-medica.com\/#\/schema\/logo\/image\/","url":"https:\/\/global-medica.com\/wp-content\/uploads\/2024\/04\/global-logo.png","contentUrl":"https:\/\/global-medica.com\/wp-content\/uploads\/2024\/04\/global-logo.png","width":312,"height":84,"caption":"Global Medica"},"image":{"@id":"https:\/\/global-medica.com\/#\/schema\/logo\/image\/"},"sameAs":["https:\/\/www.facebook.com\/gmglobalmedica","https:\/\/www.instagram.com\/globalmedica\/","https:\/\/www.linkedin.com\/company\/67924728","https:\/\/www.youtube.com\/channel\/UCWT2KUVVms56vwB0N9r8qKQ\/"]}]}},"_links":{"self":[{"href":"https:\/\/global-medica.com\/en\/wp-json\/wp\/v2\/product\/2079","targetHints":{"allow":["GET"]}}],"collection":[{"href":"https:\/\/global-medica.com\/en\/wp-json\/wp\/v2\/product"}],"about":[{"href":"https:\/\/global-medica.com\/en\/wp-json\/wp\/v2\/types\/product"}],"replies":[{"embeddable":true,"href":"https:\/\/global-medica.com\/en\/wp-json\/wp\/v2\/comments?post=2079"}],"wp:featuredmedia":[{"embeddable":true,"href":"https:\/\/global-medica.com\/en\/wp-json\/wp\/v2\/media\/2771"}],"wp:attachment":[{"href":"https:\/\/global-medica.com\/en\/wp-json\/wp\/v2\/media?parent=2079"}],"wp:term":[{"taxonomy":"product_brand","embeddable":true,"href":"https:\/\/global-medica.com\/en\/wp-json\/wp\/v2\/product_brand?post=2079"},{"taxonomy":"product_cat","embeddable":true,"href":"https:\/\/global-medica.com\/en\/wp-json\/wp\/v2\/product_cat?post=2079"},{"taxonomy":"product_tag","embeddable":true,"href":"https:\/\/global-medica.com\/en\/wp-json\/wp\/v2\/product_tag?post=2079"}],"curies":[{"name":"wp","href":"https:\/\/api.w.org\/{rel}","templated":true}]}}