{"id":2075,"date":"2024-07-05T00:03:21","date_gmt":"2024-07-05T00:03:21","guid":{"rendered":"https:\/\/global-medica.com\/product\/senographe-pristina\/"},"modified":"2026-03-28T18:55:18","modified_gmt":"2026-03-28T18:55:18","slug":"senographe-pristina","status":"publish","type":"product","link":"https:\/\/global-medica.com\/en\/product\/senographe-pristina\/","title":{"rendered":"Senographe Pristina\u2122"},"content":{"rendered":"<h2 class=\"feature-hero-module-title\">Senographe Pristina Designed for women by women<\/h2>\n<div class=\"feature-hero-module-copy\">Senographe Pristina the mammography system Pristina is designed by experts to improve their skills daily and make patients feel more comfortable.<\/div>\n<div><\/div>\n<ul>\n<li class=\"feature-hero-module-copy\">Designed for a better experience of the patient throughout the care process of the breast.<\/li>\n<li class=\"feature-hero-module-copy\">From detection and diagnosis to the planning and monitoring of treatment.<\/li>\n<\/ul>\n<div>\n<div class=\"mdc-layout-grid__cell mdc-layout-grid__cell--span-12-desktop mdc-layout-grid__cell--span-8-tablet\">\n<h3 class=\"feature-hero-module-featureHeading\">Low dose for diagnostic accuracy<\/h3>\n<\/div>\n<div class=\"mdc-layout-grid__cell mdc-layout-grid__cell--span-12-desktop mdc-layout-grid__cell--span-8-tablet\">\n<div class=\"feature-hero-module-featureBody ptags-small\">Senographe Pristina is the only mammogram 3D approved by the FDA that provides, at the same low dose 2D FFDM, the lowest dose for patients of all approved systems<sup>2<\/sup>\u00a0by the ADF2.<\/div>\n<div><\/div>\n<div class=\"feature-hero-module-featureBody ptags-small\">The platform can be upgraded to advanced applications, such as the mammogram and the biopsy by contrast.<\/div>\n<div>\n<div class=\"mdc-layout-grid__cell mdc-layout-grid__cell--span-12-desktop mdc-layout-grid__cell--span-8-tablet\">\n<h3 class=\"feature-hero-module-featureHeading\">Senographe Pristina image Quality and diagnostic accuracy<\/h3>\n<\/div>\n<div class=\"mdc-layout-grid__cell mdc-layout-grid__cell--span-12-desktop mdc-layout-grid__cell--span-8-tablet\">\n<p>Our engineering teams work with passion to develop solutions designed to achieve exceptional image quality:<\/p>\n<p><br class=\"yoast-text-mark\" \/><strong>2D eConstrast HD:<\/strong> the new processing improves the flow of reading work, reducing the need to manually show our images and the confidence of the radiologist in the quality of our 2D image.<\/p>\n<p><br class=\"yoast-text-mark\" \/><strong>3D with GRAB:<\/strong> the reconstruction provides technical management of artifacts that greatly reduce the spread of clips\/microcalcales, at the expense of computation time additional (Grab is longer than the reconstruction FBP.<\/p>\n<p><br class=\"yoast-text-mark\" \/><strong>CCEM with NIRA:<\/strong> Thanks to the new algorithm of recombination, the impact of the artifacts are reduced significantly to all the readers and may enhance the confidence of the diagnosis<\/p>\n<div>\n<div class=\"mdc-layout-grid__cell mdc-layout-grid__cell--span-12-desktop mdc-layout-grid__cell--span-8-tablet\">\n<h3 class=\"feature-hero-module-featureHeading\">To reduce risks for technologists<\/h3>\n<\/div>\n<div class=\"mdc-layout-grid__cell mdc-layout-grid__cell--span-12-desktop mdc-layout-grid__cell--span-8-tablet\">\n<div class=\"feature-hero-module-featureBody ptags-small\">With specific functions to facilitate the positioning of the patient, Senographe Pristina is designed to reduce the physical effort and help prevent work-related injuries.<\/div>\n<div><\/div>\n<div class=\"feature-hero-module-featureBody ptags-small\">The increased comfort of the patient during the test can also facilitate the positioning.<\/div>\n<div>\n<div class=\"mdc-layout-grid__cell mdc-layout-grid__cell--span-12-desktop mdc-layout-grid__cell--span-8-tablet\">\n<h3 class=\"feature-hero-module-featureHeading\">Pristina Duets puts patients in control<\/h3>\n<\/div>\n<div class=\"mdc-layout-grid__cell mdc-layout-grid__cell--span-12-desktop mdc-layout-grid__cell--span-8-tablet\">\n<div class=\"feature-hero-module-featureBody ptags-small\">Under the supervision and guidance of the radiologist, our technology allows patients to control the compression to a detection process more comfortable.<\/div>\n<\/div>\n<\/div>\n<\/div>\n<\/div>\n<\/div>\n<\/div>\n<\/div>\n<\/div>\n<p>&nbsp;<\/p>\n<p><a class=\"elboton\" href=\"https:\/\/latam.gehealthcare.com\/products\/mammography\/senographe-pristina\" target=\"_blank\" rel=\"noopener\">Link to the brand<\/a><\/p>","protected":false},"excerpt":{"rendered":"<p>Mammography system, Provides a diagnostic accuracy superior to the same low dose and a FFDM 2D, the lowest dose to the patient of all the systems of DBT approved by the FDA.<sup>1<\/sup><\/p>","protected":false},"featured_media":2649,"comment_status":"open","ping_status":"closed","template":"","meta":[],"product_brand":[],"product_cat":[24],"product_tag":[],"class_list":{"0":"post-2075","1":"product","2":"type-product","3":"status-publish","4":"has-post-thumbnail","6":"product_cat-mamografia","8":"first","9":"instock","10":"shipping-taxable","11":"purchasable","12":"product-type-simple"},"yoast_head":"<!-- This site is optimized with the Yoast SEO plugin v27.3 - https:\/\/yoast.com\/product\/yoast-seo-wordpress\/ -->\n<title>Senographe Pristina CCEM con NIRA - Global Medica - Global M\u00e9dica DR<\/title>\n<meta name=\"description\" content=\"Senographe Pristina est\u00e1 dise\u00f1ado para una mejor experiencia del paciente a lo largo de todo el proceso de cuidado de la mama.\" \/>\n<meta name=\"robots\" content=\"index, follow, max-snippet:-1, max-image-preview:large, max-video-preview:-1\" \/>\n<link rel=\"canonical\" href=\"https:\/\/global-medica.com\/en\/product\/senographe-pristina\/\" \/>\n<meta property=\"og:locale\" content=\"en_US\" \/>\n<meta property=\"og:type\" content=\"article\" \/>\n<meta property=\"og:title\" content=\"Senographe Pristina CCEM con NIRA - Global Medica - Global M\u00e9dica DR\" \/>\n<meta property=\"og:description\" content=\"Senographe Pristina est\u00e1 dise\u00f1ado para una mejor experiencia del paciente a lo largo de todo el proceso de cuidado de la mama.\" \/>\n<meta property=\"og:url\" content=\"https:\/\/global-medica.com\/en\/product\/senographe-pristina\/\" \/>\n<meta property=\"og:site_name\" content=\"Global Medica\" \/>\n<meta property=\"article:publisher\" content=\"https:\/\/www.facebook.com\/gmglobalmedica\" \/>\n<meta property=\"article:modified_time\" content=\"2026-03-28T18:55:18+00:00\" \/>\n<meta property=\"og:image\" content=\"https:\/\/global-medica.com\/wp-content\/uploads\/2024\/07\/pristine.jpg\" \/>\n\t<meta property=\"og:image:width\" content=\"481\" \/>\n\t<meta property=\"og:image:height\" content=\"406\" \/>\n\t<meta property=\"og:image:type\" content=\"image\/jpeg\" \/>\n<meta name=\"twitter:card\" content=\"summary_large_image\" \/>\n<meta name=\"twitter:label1\" content=\"Est. reading time\" \/>\n\t<meta name=\"twitter:data1\" content=\"2 minutes\" \/>\n<script type=\"application\/ld+json\" class=\"yoast-schema-graph\">{\"@context\":\"https:\\\/\\\/schema.org\",\"@graph\":[{\"@type\":\"WebPage\",\"@id\":\"https:\\\/\\\/global-medica.com\\\/producto\\\/senographe-pristina\\\/\",\"url\":\"https:\\\/\\\/global-medica.com\\\/producto\\\/senographe-pristina\\\/\",\"name\":\"Senographe Pristina CCEM con NIRA\",\"isPartOf\":{\"@id\":\"https:\\\/\\\/global-medica.com\\\/#website\"},\"primaryImageOfPage\":{\"@id\":\"https:\\\/\\\/global-medica.com\\\/producto\\\/senographe-pristina\\\/#primaryimage\"},\"image\":{\"@id\":\"https:\\\/\\\/global-medica.com\\\/producto\\\/senographe-pristina\\\/#primaryimage\"},\"thumbnailUrl\":\"https:\\\/\\\/global-medica.com\\\/wp-content\\\/uploads\\\/2024\\\/07\\\/pristine.jpg\",\"datePublished\":\"2024-07-05T00:03:21+00:00\",\"dateModified\":\"2026-03-28T18:55:18+00:00\",\"description\":\"Senographe Pristina est\u00e1 dise\u00f1ado para una mejor experiencia del paciente a lo largo de todo el proceso de cuidado de la mama.\",\"breadcrumb\":{\"@id\":\"https:\\\/\\\/global-medica.com\\\/producto\\\/senographe-pristina\\\/#breadcrumb\"},\"inLanguage\":\"en-US\",\"potentialAction\":[{\"@type\":\"ReadAction\",\"target\":[\"https:\\\/\\\/global-medica.com\\\/producto\\\/senographe-pristina\\\/\"]}]},{\"@type\":\"ImageObject\",\"inLanguage\":\"en-US\",\"@id\":\"https:\\\/\\\/global-medica.com\\\/producto\\\/senographe-pristina\\\/#primaryimage\",\"url\":\"https:\\\/\\\/global-medica.com\\\/wp-content\\\/uploads\\\/2024\\\/07\\\/pristine.jpg\",\"contentUrl\":\"https:\\\/\\\/global-medica.com\\\/wp-content\\\/uploads\\\/2024\\\/07\\\/pristine.jpg\",\"width\":481,\"height\":406},{\"@type\":\"BreadcrumbList\",\"@id\":\"https:\\\/\\\/global-medica.com\\\/producto\\\/senographe-pristina\\\/#breadcrumb\",\"itemListElement\":[{\"@type\":\"ListItem\",\"position\":1,\"name\":\"Home\",\"item\":\"https:\\\/\\\/global-medica.com\\\/\"},{\"@type\":\"ListItem\",\"position\":2,\"name\":\"Productos\",\"item\":\"https:\\\/\\\/global-medica.com\\\/shop\\\/\"},{\"@type\":\"ListItem\",\"position\":3,\"name\":\"Senographe Pristina\u2122\"}]},{\"@type\":\"WebSite\",\"@id\":\"https:\\\/\\\/global-medica.com\\\/#website\",\"url\":\"https:\\\/\\\/global-medica.com\\\/\",\"name\":\"Global Medica\",\"description\":\"Global Medica\",\"publisher\":{\"@id\":\"https:\\\/\\\/global-medica.com\\\/#organization\"},\"inLanguage\":\"en-US\"},{\"@type\":\"Organization\",\"@id\":\"https:\\\/\\\/global-medica.com\\\/#organization\",\"name\":\"Global Medica\",\"url\":\"https:\\\/\\\/global-medica.com\\\/\",\"logo\":{\"@type\":\"ImageObject\",\"inLanguage\":\"en-US\",\"@id\":\"https:\\\/\\\/global-medica.com\\\/#\\\/schema\\\/logo\\\/image\\\/\",\"url\":\"https:\\\/\\\/global-medica.com\\\/wp-content\\\/uploads\\\/2024\\\/04\\\/global-logo.png\",\"contentUrl\":\"https:\\\/\\\/global-medica.com\\\/wp-content\\\/uploads\\\/2024\\\/04\\\/global-logo.png\",\"width\":312,\"height\":84,\"caption\":\"Global Medica\"},\"image\":{\"@id\":\"https:\\\/\\\/global-medica.com\\\/#\\\/schema\\\/logo\\\/image\\\/\"},\"sameAs\":[\"https:\\\/\\\/www.facebook.com\\\/gmglobalmedica\",\"https:\\\/\\\/www.instagram.com\\\/globalmedica\\\/\",\"https:\\\/\\\/www.linkedin.com\\\/company\\\/67924728\",\"https:\\\/\\\/www.youtube.com\\\/channel\\\/UCWT2KUVVms56vwB0N9r8qKQ\\\/\"]}]}<\/script>\n<!-- \/ Yoast SEO plugin. -->","yoast_head_json":{"title":"Senographe Pristina CCEM con NIRA - Global Medica - Global M\u00e9dica DR","description":"Senographe Pristina est\u00e1 dise\u00f1ado para una mejor experiencia del paciente a lo largo de todo el proceso de cuidado de la mama.","robots":{"index":"index","follow":"follow","max-snippet":"max-snippet:-1","max-image-preview":"max-image-preview:large","max-video-preview":"max-video-preview:-1"},"canonical":"https:\/\/global-medica.com\/en\/product\/senographe-pristina\/","og_locale":"en_US","og_type":"article","og_title":"Senographe Pristina CCEM con NIRA - Global Medica - Global M\u00e9dica DR","og_description":"Senographe Pristina est\u00e1 dise\u00f1ado para una mejor experiencia del paciente a lo largo de todo el proceso de cuidado de la mama.","og_url":"https:\/\/global-medica.com\/en\/product\/senographe-pristina\/","og_site_name":"Global Medica","article_publisher":"https:\/\/www.facebook.com\/gmglobalmedica","article_modified_time":"2026-03-28T18:55:18+00:00","og_image":[{"width":481,"height":406,"url":"https:\/\/global-medica.com\/wp-content\/uploads\/2024\/07\/pristine.jpg","type":"image\/jpeg"}],"twitter_card":"summary_large_image","twitter_misc":{"Est. reading time":"2 minutes"},"schema":{"@context":"https:\/\/schema.org","@graph":[{"@type":"WebPage","@id":"https:\/\/global-medica.com\/producto\/senographe-pristina\/","url":"https:\/\/global-medica.com\/producto\/senographe-pristina\/","name":"Senographe Pristina CCEM con NIRA","isPartOf":{"@id":"https:\/\/global-medica.com\/#website"},"primaryImageOfPage":{"@id":"https:\/\/global-medica.com\/producto\/senographe-pristina\/#primaryimage"},"image":{"@id":"https:\/\/global-medica.com\/producto\/senographe-pristina\/#primaryimage"},"thumbnailUrl":"https:\/\/global-medica.com\/wp-content\/uploads\/2024\/07\/pristine.jpg","datePublished":"2024-07-05T00:03:21+00:00","dateModified":"2026-03-28T18:55:18+00:00","description":"Senographe Pristina est\u00e1 dise\u00f1ado para una mejor experiencia del paciente a lo largo de todo el proceso de cuidado de la mama.","breadcrumb":{"@id":"https:\/\/global-medica.com\/producto\/senographe-pristina\/#breadcrumb"},"inLanguage":"en-US","potentialAction":[{"@type":"ReadAction","target":["https:\/\/global-medica.com\/producto\/senographe-pristina\/"]}]},{"@type":"ImageObject","inLanguage":"en-US","@id":"https:\/\/global-medica.com\/producto\/senographe-pristina\/#primaryimage","url":"https:\/\/global-medica.com\/wp-content\/uploads\/2024\/07\/pristine.jpg","contentUrl":"https:\/\/global-medica.com\/wp-content\/uploads\/2024\/07\/pristine.jpg","width":481,"height":406},{"@type":"BreadcrumbList","@id":"https:\/\/global-medica.com\/producto\/senographe-pristina\/#breadcrumb","itemListElement":[{"@type":"ListItem","position":1,"name":"Home","item":"https:\/\/global-medica.com\/"},{"@type":"ListItem","position":2,"name":"Productos","item":"https:\/\/global-medica.com\/shop\/"},{"@type":"ListItem","position":3,"name":"Senographe Pristina\u2122"}]},{"@type":"WebSite","@id":"https:\/\/global-medica.com\/#website","url":"https:\/\/global-medica.com\/","name":"Global Medica","description":"Global Medica","publisher":{"@id":"https:\/\/global-medica.com\/#organization"},"inLanguage":"en-US"},{"@type":"Organization","@id":"https:\/\/global-medica.com\/#organization","name":"Global Medica","url":"https:\/\/global-medica.com\/","logo":{"@type":"ImageObject","inLanguage":"en-US","@id":"https:\/\/global-medica.com\/#\/schema\/logo\/image\/","url":"https:\/\/global-medica.com\/wp-content\/uploads\/2024\/04\/global-logo.png","contentUrl":"https:\/\/global-medica.com\/wp-content\/uploads\/2024\/04\/global-logo.png","width":312,"height":84,"caption":"Global Medica"},"image":{"@id":"https:\/\/global-medica.com\/#\/schema\/logo\/image\/"},"sameAs":["https:\/\/www.facebook.com\/gmglobalmedica","https:\/\/www.instagram.com\/globalmedica\/","https:\/\/www.linkedin.com\/company\/67924728","https:\/\/www.youtube.com\/channel\/UCWT2KUVVms56vwB0N9r8qKQ\/"]}]}},"_links":{"self":[{"href":"https:\/\/global-medica.com\/en\/wp-json\/wp\/v2\/product\/2075","targetHints":{"allow":["GET"]}}],"collection":[{"href":"https:\/\/global-medica.com\/en\/wp-json\/wp\/v2\/product"}],"about":[{"href":"https:\/\/global-medica.com\/en\/wp-json\/wp\/v2\/types\/product"}],"replies":[{"embeddable":true,"href":"https:\/\/global-medica.com\/en\/wp-json\/wp\/v2\/comments?post=2075"}],"wp:featuredmedia":[{"embeddable":true,"href":"https:\/\/global-medica.com\/en\/wp-json\/wp\/v2\/media\/2649"}],"wp:attachment":[{"href":"https:\/\/global-medica.com\/en\/wp-json\/wp\/v2\/media?parent=2075"}],"wp:term":[{"taxonomy":"product_brand","embeddable":true,"href":"https:\/\/global-medica.com\/en\/wp-json\/wp\/v2\/product_brand?post=2075"},{"taxonomy":"product_cat","embeddable":true,"href":"https:\/\/global-medica.com\/en\/wp-json\/wp\/v2\/product_cat?post=2075"},{"taxonomy":"product_tag","embeddable":true,"href":"https:\/\/global-medica.com\/en\/wp-json\/wp\/v2\/product_tag?post=2075"}],"curies":[{"name":"wp","href":"https:\/\/api.w.org\/{rel}","templated":true}]}}