{"id":2074,"date":"2024-07-05T00:03:21","date_gmt":"2024-07-05T00:03:21","guid":{"rendered":"https:\/\/global-medica.com\/product\/optima-igs-530\/"},"modified":"2026-03-26T20:26:05","modified_gmt":"2026-03-26T20:26:05","slug":"optima-igs-530","status":"publish","type":"product","link":"https:\/\/global-medica.com\/en\/product\/optima-igs-530\/","title":{"rendered":"Innova\u2122 IGS 5"},"content":{"rendered":"<h2>Innova IGS 5Flexible and powerful in equal parts<\/h2>\n<p>Thanks to its versatile digital detector with square panel and flat, 31 x 31 cm (12.2 inch), the Innova IGS 530 is a system multifunction fixed to the ground is designed to adapt to a multitude of procedures vascular interventional.<\/p>\n<p>Since scans, neurological examinations peripheral. Also, it is capable of taking angles ipronunciados, necessary to perform angiograms and coronary artery disease.<\/p>\n<p>The Innova IGS 530 is designed from the start thinking provide images with clarity and to help you at the same time to keep the dose as low as possible.<\/p>\n<p>Includes features such as Customization of the dosis1, which offers tools to choose from up to four preferences of exposure autom\u00e1tica2 to the system.<\/p>\n<p>You can also modify any of these preferences in any clinical protocol to adapt to various procedures or to multiple users and, therefore, contribute to the decision making fundadas3.<\/p>\n<p>With the new generation of software solutions acquisition, advanced imaging and interventional GE, ASSIST, you can increase its versatility clinic and to plan, guide and evaluate correctly procedures becoming more sophisticated with greater precision and efficacy of doses.<\/p>\n<h2>Advantages<\/h2>\n<h3>Panel size medium that provides versatility clinic<\/h3>\n<p>With a square area of 31 x 31 cm (12.2 inch), the detector digital flat panel Innova IGS 530 is designed for a wide variety of procedures of cardiovascular imaging and interventional. You can cover both legs simultaneously and continue to take sharp angles.<\/p>\n<div class=\"rah-static rah-static--height-auto ge-s-curve__title-description-wrapper ge-s-curve__title-description-wrapper--expanded\" aria-hidden=\"false\">\n<div>\n<div>\n<h4 class=\"ge-s-curve__item-title -text--bold\">Image quality is magnificent with high Efficiency quantum detection (DQE)<\/h4>\n<div class=\"ge-rtf-module ge-s-curve__description\">\n<div>The detector with a flat panel for angiography patented offers one of the highest rates of Effectiveness quantum detection of the sector, a parameter internationally recognized as index for assessing the performance of the detector in images with limitation of contrast and dose used in clinical studies. An index DQE high allows you to obtain images of higher quality with the same dose, or the same quality with a lower dose.<\/div>\n<\/div>\n<div>\n<div class=\"rah-static rah-static--height-auto ge-s-curve__title-description-wrapper ge-s-curve__title-description-wrapper--expanded\" aria-hidden=\"false\">\n<div>\n<div>\n<h4 class=\"ge-s-curve__item-title -text--bold\">Design with lower dose<\/h4>\n<div class=\"ge-rtf-module ge-s-curve__description\">\n<div>\n<ul>\n<li>GE designed its systems from the process chain, from image acquisition of GE&#039;s proven and reliable<\/li>\n<li>Optimized to provide the image clarity you need while maintaining the lowest possible dose.<\/li>\n<li>Our functions of dose reduction will allow to optimize and easily customize the settings of doses from your table<\/li>\n<li>To maintain the clinical details that you need to make informed decisions.<\/li>\n<\/ul>\n<p>However, the improvement of the management of dose requires a strategy, which we call the GE Blueprint, which includes technologies from acquisition of images with low doses for minimally invasive procedures, but also takes into account the people, the culture and the processes that surround them.<\/p>\n<div class=\"rah-static rah-static--height-auto ge-s-curve__title-description-wrapper ge-s-curve__title-description-wrapper--expanded\" aria-hidden=\"false\">\n<div>\n<div>\n<h4 class=\"ge-s-curve__item-title -text--bold\">Simple controls, centralized and automated<\/h4>\n<div class=\"ge-rtf-module ge-s-curve__description\">\n<div>\n<p>Handle your system and your images with built-in controls are intuitive and placed on your table. With a simple menu, the touch screen Central allows you to control most of the functions of your system.<\/p>\n<p>To configure the system, modify the parameters of image acquisition, control, monitor, large screen display, and manipulate advanced applications, all from your table.<\/p>\n<p>The wheel of control comfortable and easy to grip easy to perform panoramic views of the table, the placement of the gantry and the accomplishment of procedures.<\/p>\n<div class=\"rah-static rah-static--height-auto ge-s-curve__title-description-wrapper ge-s-curve__title-description-wrapper--expanded\" aria-hidden=\"false\">\n<div>\n<div>\n<h4 class=\"ge-s-curve__item-title -text--bold\">All-in-one monitor with large screen<\/h4>\n<div class=\"ge-rtf-module ge-s-curve__description\">\n<div>\n<p>The large screen full-color 8-megapixel, which is suitable for medical applications, allows you to view several images coming from different sources.<\/p>\n<p>Get up to 120 custom designs easily interchangeable from your table thanks to the Central touch-screen. Zoom the image with comfort without losing any detail or size to obtain a clinical focus that you need.<\/p>\n<p>&nbsp;<\/p>\n<p><a class=\"elboton\" href=\"https:\/\/www.gehealthcare.es\/products\/interventional-image-guided-systems\/igs-for-interventional-radiology-and-oncology\/innova-igs-530-for-radiology-and-oncology\" target=\"_blank\" rel=\"noopener\">Link to the brand<\/a><\/p>\n<\/div>\n<\/div>\n<\/div>\n<\/div>\n<\/div>\n<\/div>\n<\/div>\n<\/div>\n<\/div>\n<\/div>\n<\/div>\n<\/div>\n<\/div>\n<\/div>\n<\/div>\n<\/div>\n<\/div>\n<\/div>\n<\/div>","protected":false},"excerpt":{"rendered":"<p>Innova\u2122 IGS 530 is the guided system for images with size of panel is optimal (30 x 30) for the cardiovascular imaging and interventional.<\/p>","protected":false},"featured_media":2584,"comment_status":"open","ping_status":"closed","template":"","meta":[],"product_brand":[],"product_cat":[20],"product_tag":[],"class_list":{"0":"post-2074","1":"product","2":"type-product","3":"status-publish","4":"has-post-thumbnail","6":"product_cat-angiografia","8":"first","9":"instock","10":"shipping-taxable","11":"purchasable","12":"product-type-simple"},"yoast_head":"<!-- This site is optimized with the Yoast SEO plugin v25.7 - https:\/\/yoast.com\/wordpress\/plugins\/seo\/ -->\n<title>Innova IGS 5Flexible y Potente<\/title>\n<meta name=\"description\" content=\"Innova IGS con panel plano para angiograf\u00eda patentado ofrece una de las mayores tasas de Eficacia cu\u00e1ntica de detecci\u00f3n del sector.\" \/>\n<meta name=\"robots\" content=\"index, follow, max-snippet:-1, max-image-preview:large, max-video-preview:-1\" \/>\n<link rel=\"canonical\" href=\"https:\/\/global-medica.com\/en\/product\/optima-igs-530\/\" \/>\n<meta property=\"og:locale\" content=\"en_US\" \/>\n<meta property=\"og:type\" content=\"article\" \/>\n<meta property=\"og:title\" content=\"Innova IGS 5Flexible y Potente\" \/>\n<meta property=\"og:description\" content=\"Innova IGS con panel plano para angiograf\u00eda patentado ofrece una de las mayores tasas de Eficacia cu\u00e1ntica de detecci\u00f3n del sector.\" \/>\n<meta property=\"og:url\" content=\"https:\/\/global-medica.com\/en\/product\/optima-igs-530\/\" \/>\n<meta property=\"og:site_name\" content=\"Global Medica\" \/>\n<meta property=\"article:publisher\" content=\"https:\/\/www.facebook.com\/gmglobalmedica\" \/>\n<meta property=\"article:modified_time\" content=\"2026-03-26T20:26:05+00:00\" \/>\n<meta property=\"og:image\" content=\"https:\/\/global-medica.com\/wp-content\/uploads\/2024\/07\/ezgif-1-ed928bc3cb.webp\" \/>\n\t<meta property=\"og:image:width\" content=\"481\" \/>\n\t<meta property=\"og:image:height\" content=\"406\" \/>\n\t<meta property=\"og:image:type\" content=\"image\/webp\" \/>\n<meta name=\"twitter:card\" content=\"summary_large_image\" \/>\n<meta name=\"twitter:label1\" content=\"Est. reading time\" \/>\n\t<meta name=\"twitter:data1\" content=\"3 minutes\" \/>\n<script type=\"application\/ld+json\" class=\"yoast-schema-graph\">{\"@context\":\"https:\/\/schema.org\",\"@graph\":[{\"@type\":\"WebPage\",\"@id\":\"https:\/\/global-medica.com\/producto\/optima-igs-530\/\",\"url\":\"https:\/\/global-medica.com\/producto\/optima-igs-530\/\",\"name\":\"Innova IGS 5Flexible y Potente\",\"isPartOf\":{\"@id\":\"https:\/\/global-medica.com\/#website\"},\"primaryImageOfPage\":{\"@id\":\"https:\/\/global-medica.com\/producto\/optima-igs-530\/#primaryimage\"},\"image\":{\"@id\":\"https:\/\/global-medica.com\/producto\/optima-igs-530\/#primaryimage\"},\"thumbnailUrl\":\"https:\/\/global-medica.com\/wp-content\/uploads\/2024\/07\/ezgif-1-ed928bc3cb.webp\",\"datePublished\":\"2024-07-05T00:03:21+00:00\",\"dateModified\":\"2026-03-26T20:26:05+00:00\",\"description\":\"Innova IGS con panel plano para angiograf\u00eda patentado ofrece una de las mayores tasas de Eficacia cu\u00e1ntica de detecci\u00f3n del sector.\",\"breadcrumb\":{\"@id\":\"https:\/\/global-medica.com\/producto\/optima-igs-530\/#breadcrumb\"},\"inLanguage\":\"en-US\",\"potentialAction\":[{\"@type\":\"ReadAction\",\"target\":[\"https:\/\/global-medica.com\/producto\/optima-igs-530\/\"]}]},{\"@type\":\"ImageObject\",\"inLanguage\":\"en-US\",\"@id\":\"https:\/\/global-medica.com\/producto\/optima-igs-530\/#primaryimage\",\"url\":\"https:\/\/global-medica.com\/wp-content\/uploads\/2024\/07\/ezgif-1-ed928bc3cb.webp\",\"contentUrl\":\"https:\/\/global-medica.com\/wp-content\/uploads\/2024\/07\/ezgif-1-ed928bc3cb.webp\",\"width\":481,\"height\":406,\"caption\":\"Angiograf\u00eda: Equipos M\u00e9dicos Innovadores en RD y Caribe\"},{\"@type\":\"BreadcrumbList\",\"@id\":\"https:\/\/global-medica.com\/producto\/optima-igs-530\/#breadcrumb\",\"itemListElement\":[{\"@type\":\"ListItem\",\"position\":1,\"name\":\"Home\",\"item\":\"https:\/\/global-medica.com\/\"},{\"@type\":\"ListItem\",\"position\":2,\"name\":\"Productos\",\"item\":\"https:\/\/global-medica.com\/shop\/\"},{\"@type\":\"ListItem\",\"position\":3,\"name\":\"Innova\u2122 IGS 5\"}]},{\"@type\":\"WebSite\",\"@id\":\"https:\/\/global-medica.com\/#website\",\"url\":\"https:\/\/global-medica.com\/\",\"name\":\"Global Medica\",\"description\":\"Global Medica\",\"publisher\":{\"@id\":\"https:\/\/global-medica.com\/#organization\"},\"potentialAction\":[{\"@type\":\"SearchAction\",\"target\":{\"@type\":\"EntryPoint\",\"urlTemplate\":\"https:\/\/global-medica.com\/?s={search_term_string}\"},\"query-input\":{\"@type\":\"PropertyValueSpecification\",\"valueRequired\":true,\"valueName\":\"search_term_string\"}}],\"inLanguage\":\"en-US\"},{\"@type\":\"Organization\",\"@id\":\"https:\/\/global-medica.com\/#organization\",\"name\":\"Global Medica\",\"url\":\"https:\/\/global-medica.com\/\",\"logo\":{\"@type\":\"ImageObject\",\"inLanguage\":\"en-US\",\"@id\":\"https:\/\/global-medica.com\/#\/schema\/logo\/image\/\",\"url\":\"https:\/\/global-medica.com\/wp-content\/uploads\/2024\/04\/global-logo.png\",\"contentUrl\":\"https:\/\/global-medica.com\/wp-content\/uploads\/2024\/04\/global-logo.png\",\"width\":312,\"height\":84,\"caption\":\"Global Medica\"},\"image\":{\"@id\":\"https:\/\/global-medica.com\/#\/schema\/logo\/image\/\"},\"sameAs\":[\"https:\/\/www.facebook.com\/gmglobalmedica\",\"https:\/\/www.instagram.com\/globalmedica\/\",\"https:\/\/www.linkedin.com\/company\/67924728\",\"https:\/\/www.youtube.com\/channel\/UCWT2KUVVms56vwB0N9r8qKQ\/\"]}]}<\/script>\n<!-- \/ Yoast SEO plugin. -->","yoast_head_json":{"title":"Innova IGS 5Flexible y Potente","description":"Innova IGS con panel plano para angiograf\u00eda patentado ofrece una de las mayores tasas de Eficacia cu\u00e1ntica de detecci\u00f3n del sector.","robots":{"index":"index","follow":"follow","max-snippet":"max-snippet:-1","max-image-preview":"max-image-preview:large","max-video-preview":"max-video-preview:-1"},"canonical":"https:\/\/global-medica.com\/en\/product\/optima-igs-530\/","og_locale":"en_US","og_type":"article","og_title":"Innova IGS 5Flexible y Potente","og_description":"Innova IGS con panel plano para angiograf\u00eda patentado ofrece una de las mayores tasas de Eficacia cu\u00e1ntica de detecci\u00f3n del sector.","og_url":"https:\/\/global-medica.com\/en\/product\/optima-igs-530\/","og_site_name":"Global Medica","article_publisher":"https:\/\/www.facebook.com\/gmglobalmedica","article_modified_time":"2026-03-26T20:26:05+00:00","og_image":[{"width":481,"height":406,"url":"https:\/\/global-medica.com\/wp-content\/uploads\/2024\/07\/ezgif-1-ed928bc3cb.webp","type":"image\/webp"}],"twitter_card":"summary_large_image","twitter_misc":{"Est. reading time":"3 minutes"},"schema":{"@context":"https:\/\/schema.org","@graph":[{"@type":"WebPage","@id":"https:\/\/global-medica.com\/producto\/optima-igs-530\/","url":"https:\/\/global-medica.com\/producto\/optima-igs-530\/","name":"Innova IGS 5Flexible y Potente","isPartOf":{"@id":"https:\/\/global-medica.com\/#website"},"primaryImageOfPage":{"@id":"https:\/\/global-medica.com\/producto\/optima-igs-530\/#primaryimage"},"image":{"@id":"https:\/\/global-medica.com\/producto\/optima-igs-530\/#primaryimage"},"thumbnailUrl":"https:\/\/global-medica.com\/wp-content\/uploads\/2024\/07\/ezgif-1-ed928bc3cb.webp","datePublished":"2024-07-05T00:03:21+00:00","dateModified":"2026-03-26T20:26:05+00:00","description":"Innova IGS con panel plano para angiograf\u00eda patentado ofrece una de las mayores tasas de Eficacia cu\u00e1ntica de detecci\u00f3n del sector.","breadcrumb":{"@id":"https:\/\/global-medica.com\/producto\/optima-igs-530\/#breadcrumb"},"inLanguage":"en-US","potentialAction":[{"@type":"ReadAction","target":["https:\/\/global-medica.com\/producto\/optima-igs-530\/"]}]},{"@type":"ImageObject","inLanguage":"en-US","@id":"https:\/\/global-medica.com\/producto\/optima-igs-530\/#primaryimage","url":"https:\/\/global-medica.com\/wp-content\/uploads\/2024\/07\/ezgif-1-ed928bc3cb.webp","contentUrl":"https:\/\/global-medica.com\/wp-content\/uploads\/2024\/07\/ezgif-1-ed928bc3cb.webp","width":481,"height":406,"caption":"Angiograf\u00eda: Equipos M\u00e9dicos Innovadores en RD y Caribe"},{"@type":"BreadcrumbList","@id":"https:\/\/global-medica.com\/producto\/optima-igs-530\/#breadcrumb","itemListElement":[{"@type":"ListItem","position":1,"name":"Home","item":"https:\/\/global-medica.com\/"},{"@type":"ListItem","position":2,"name":"Productos","item":"https:\/\/global-medica.com\/shop\/"},{"@type":"ListItem","position":3,"name":"Innova\u2122 IGS 5"}]},{"@type":"WebSite","@id":"https:\/\/global-medica.com\/#website","url":"https:\/\/global-medica.com\/","name":"Global Medica","description":"Global Medica","publisher":{"@id":"https:\/\/global-medica.com\/#organization"},"potentialAction":[{"@type":"SearchAction","target":{"@type":"EntryPoint","urlTemplate":"https:\/\/global-medica.com\/?s={search_term_string}"},"query-input":{"@type":"PropertyValueSpecification","valueRequired":true,"valueName":"search_term_string"}}],"inLanguage":"en-US"},{"@type":"Organization","@id":"https:\/\/global-medica.com\/#organization","name":"Global Medica","url":"https:\/\/global-medica.com\/","logo":{"@type":"ImageObject","inLanguage":"en-US","@id":"https:\/\/global-medica.com\/#\/schema\/logo\/image\/","url":"https:\/\/global-medica.com\/wp-content\/uploads\/2024\/04\/global-logo.png","contentUrl":"https:\/\/global-medica.com\/wp-content\/uploads\/2024\/04\/global-logo.png","width":312,"height":84,"caption":"Global Medica"},"image":{"@id":"https:\/\/global-medica.com\/#\/schema\/logo\/image\/"},"sameAs":["https:\/\/www.facebook.com\/gmglobalmedica","https:\/\/www.instagram.com\/globalmedica\/","https:\/\/www.linkedin.com\/company\/67924728","https:\/\/www.youtube.com\/channel\/UCWT2KUVVms56vwB0N9r8qKQ\/"]}]}},"_links":{"self":[{"href":"https:\/\/global-medica.com\/en\/wp-json\/wp\/v2\/product\/2074","targetHints":{"allow":["GET"]}}],"collection":[{"href":"https:\/\/global-medica.com\/en\/wp-json\/wp\/v2\/product"}],"about":[{"href":"https:\/\/global-medica.com\/en\/wp-json\/wp\/v2\/types\/product"}],"replies":[{"embeddable":true,"href":"https:\/\/global-medica.com\/en\/wp-json\/wp\/v2\/comments?post=2074"}],"wp:featuredmedia":[{"embeddable":true,"href":"https:\/\/global-medica.com\/en\/wp-json\/wp\/v2\/media\/2584"}],"wp:attachment":[{"href":"https:\/\/global-medica.com\/en\/wp-json\/wp\/v2\/media?parent=2074"}],"wp:term":[{"taxonomy":"product_brand","embeddable":true,"href":"https:\/\/global-medica.com\/en\/wp-json\/wp\/v2\/product_brand?post=2074"},{"taxonomy":"product_cat","embeddable":true,"href":"https:\/\/global-medica.com\/en\/wp-json\/wp\/v2\/product_cat?post=2074"},{"taxonomy":"product_tag","embeddable":true,"href":"https:\/\/global-medica.com\/en\/wp-json\/wp\/v2\/product_tag?post=2074"}],"curies":[{"name":"wp","href":"https:\/\/api.w.org\/{rel}","templated":true}]}}