{"id":2073,"date":"2024-07-05T00:03:21","date_gmt":"2024-07-05T00:03:21","guid":{"rendered":"https:\/\/global-medica.com\/product\/cardiolab-sistema-de-grabacion-de-electrofisiologia\/"},"modified":"2026-03-28T18:55:18","modified_gmt":"2026-03-28T18:55:18","slug":"cardiolab-sistema-de-grabacion-de-electrofisiologia","status":"publish","type":"product","link":"https:\/\/global-medica.com\/en\/product\/cardiolab-sistema-de-grabacion-de-electrofisiologia\/","title":{"rendered":"CardioLab\u2122 Electrophysiology Recording System"},"content":{"rendered":"<div class=\"column\">\n<h2><strong>CardioLab is Integral<\/strong><\/h2>\n<p>CardioLab includes a data export HL7 improved that provides more data to the EHR and third-party solutions. The additional functions, including the documentation customizable through the level editable scales of pain and consciousness, a cursor flow reserve fractional (FFR) adjustable and an inclusive working space that provides access to the solutions of HCE and CVIT of ComboLab, optimize the flow of work and collaboration in the workplace.<\/p>\n<h2><strong>It Is Flexible<\/strong><\/h2>\n<p>With a user interface that is crisp, CardioLab it offers a consistent experience to the users feel comfortable. The flexible options of documentation and work flow to help meet the needs of both individual doctors as clinical staff. Start a study at any place of the network and continue with the documentation when the patient enters the lab. For registered users, the data migration provides a simple solution to present important data of the study of the patient.<\/p>\n<\/div>\n<div class=\"column\">\n<h2><strong>Is safe<\/strong><\/h2>\n<p>With the technology platforms Windows 10, Microsoft<sup>\u00ae<\/sup>\u00a0and Windows Server 2016, CardioLab protects patient information by using the advanced encryption of data both at rest and in motion and makes the login process more secure. There are solutions to software-only available to reduce the dependencies of hardware and allow a flexible integration in existing IT infrastructure.<\/p>\n<h4 class=\"ge-s-curve__item-title -text--bold\">Stay connected<\/h4>\n<div class=\"ge-rtf-module ge-s-curve__description\">\n<div>An environment interoperable allows communication and the exchange of information between different systems of information technology and software applications. This helps to improve the provision of medical services through transitions of data timely and without any problems to the doctors. Systems CardioLab provide this interoperability required across various functions.<\/div>\n<\/div>\n<\/div>\n<p>&nbsp;<\/p>\n<p><a class=\"elboton\" href=\"https:\/\/latam.gehealthcare.com\/products\/cardiolab\" target=\"_blank\" rel=\"noopener\">Link to the brand<\/a><\/p>","protected":false},"excerpt":{"rendered":"<p><strong>CardioLab\u2122<\/strong>is an integral part of a comprehensive electrophysiology (EP) lab workflow. It delivers exceptional signal quality and flexible data management, allowing you to focus on patient care rather than administrative tasks.<\/p>","protected":false},"featured_media":2620,"comment_status":"open","ping_status":"closed","template":"","meta":[],"product_brand":[],"product_cat":[20],"product_tag":[],"class_list":{"0":"post-2073","1":"product","2":"type-product","3":"status-publish","4":"has-post-thumbnail","6":"product_cat-angiografia","8":"first","9":"instock","10":"shipping-taxable","11":"purchasable","12":"product-type-simple"},"yoast_head":"<!-- This site is optimized with the Yoast SEO plugin v25.7 - https:\/\/yoast.com\/wordpress\/plugins\/seo\/ -->\n<title>Cardiolab Sistema de grabaci\u00f3n de Electrofisiolog\u00eda<\/title>\n<meta name=\"description\" content=\"CardioLab incluye una exportaci\u00f3n de datos HL7 mejorada que proporciona m\u00e1s datos a la HCE y a soluciones de terceros. Las funciones adicionales...\" \/>\n<meta name=\"robots\" content=\"index, follow, max-snippet:-1, max-image-preview:large, max-video-preview:-1\" \/>\n<link rel=\"canonical\" href=\"https:\/\/global-medica.com\/en\/product\/cardiolab-sistema-de-grabacion-de-electrofisiologia\/\" \/>\n<meta property=\"og:locale\" content=\"en_US\" \/>\n<meta property=\"og:type\" content=\"article\" \/>\n<meta property=\"og:title\" content=\"Cardiolab Sistema de grabaci\u00f3n de Electrofisiolog\u00eda\" \/>\n<meta property=\"og:description\" content=\"CardioLab incluye una exportaci\u00f3n de datos HL7 mejorada que proporciona m\u00e1s datos a la HCE y a soluciones de terceros. Las funciones adicionales...\" \/>\n<meta property=\"og:url\" content=\"https:\/\/global-medica.com\/en\/product\/cardiolab-sistema-de-grabacion-de-electrofisiologia\/\" \/>\n<meta property=\"og:site_name\" content=\"Global Medica\" \/>\n<meta property=\"article:publisher\" content=\"https:\/\/www.facebook.com\/gmglobalmedica\" \/>\n<meta property=\"article:modified_time\" content=\"2026-03-28T18:55:18+00:00\" \/>\n<meta property=\"og:image\" content=\"https:\/\/global-medica.com\/wp-content\/uploads\/2024\/07\/Cardiolab-1-copy.webp\" \/>\n\t<meta property=\"og:image:width\" content=\"481\" \/>\n\t<meta property=\"og:image:height\" content=\"405\" \/>\n\t<meta property=\"og:image:type\" content=\"image\/webp\" \/>\n<meta name=\"twitter:card\" content=\"summary_large_image\" \/>\n<meta name=\"twitter:label1\" content=\"Est. reading time\" \/>\n\t<meta name=\"twitter:data1\" content=\"2 minutes\" \/>\n<script type=\"application\/ld+json\" class=\"yoast-schema-graph\">{\"@context\":\"https:\/\/schema.org\",\"@graph\":[{\"@type\":\"WebPage\",\"@id\":\"https:\/\/global-medica.com\/producto\/cardiolab-sistema-de-grabacion-de-electrofisiologia\/\",\"url\":\"https:\/\/global-medica.com\/producto\/cardiolab-sistema-de-grabacion-de-electrofisiologia\/\",\"name\":\"Cardiolab Sistema de grabaci\u00f3n de Electrofisiolog\u00eda\",\"isPartOf\":{\"@id\":\"https:\/\/global-medica.com\/#website\"},\"primaryImageOfPage\":{\"@id\":\"https:\/\/global-medica.com\/producto\/cardiolab-sistema-de-grabacion-de-electrofisiologia\/#primaryimage\"},\"image\":{\"@id\":\"https:\/\/global-medica.com\/producto\/cardiolab-sistema-de-grabacion-de-electrofisiologia\/#primaryimage\"},\"thumbnailUrl\":\"https:\/\/global-medica.com\/wp-content\/uploads\/2024\/07\/Cardiolab-1-copy.webp\",\"datePublished\":\"2024-07-05T00:03:21+00:00\",\"dateModified\":\"2026-03-28T18:55:18+00:00\",\"description\":\"CardioLab incluye una exportaci\u00f3n de datos HL7 mejorada que proporciona m\u00e1s datos a la HCE y a soluciones de terceros. Las funciones adicionales...\",\"breadcrumb\":{\"@id\":\"https:\/\/global-medica.com\/producto\/cardiolab-sistema-de-grabacion-de-electrofisiologia\/#breadcrumb\"},\"inLanguage\":\"en-US\",\"potentialAction\":[{\"@type\":\"ReadAction\",\"target\":[\"https:\/\/global-medica.com\/producto\/cardiolab-sistema-de-grabacion-de-electrofisiologia\/\"]}]},{\"@type\":\"ImageObject\",\"inLanguage\":\"en-US\",\"@id\":\"https:\/\/global-medica.com\/producto\/cardiolab-sistema-de-grabacion-de-electrofisiologia\/#primaryimage\",\"url\":\"https:\/\/global-medica.com\/wp-content\/uploads\/2024\/07\/Cardiolab-1-copy.webp\",\"contentUrl\":\"https:\/\/global-medica.com\/wp-content\/uploads\/2024\/07\/Cardiolab-1-copy.webp\",\"width\":481,\"height\":405,\"caption\":\"Cardiolab Sistema de grabaci\u00f3n de Electrofisiolog\u00eda\"},{\"@type\":\"BreadcrumbList\",\"@id\":\"https:\/\/global-medica.com\/producto\/cardiolab-sistema-de-grabacion-de-electrofisiologia\/#breadcrumb\",\"itemListElement\":[{\"@type\":\"ListItem\",\"position\":1,\"name\":\"Home\",\"item\":\"https:\/\/global-medica.com\/\"},{\"@type\":\"ListItem\",\"position\":2,\"name\":\"Productos\",\"item\":\"https:\/\/global-medica.com\/shop\/\"},{\"@type\":\"ListItem\",\"position\":3,\"name\":\"Cardiolab\u2122 Sistema de grabaci\u00f3n de Electrofisiolog\u00eda\"}]},{\"@type\":\"WebSite\",\"@id\":\"https:\/\/global-medica.com\/#website\",\"url\":\"https:\/\/global-medica.com\/\",\"name\":\"Global Medica\",\"description\":\"Global Medica\",\"publisher\":{\"@id\":\"https:\/\/global-medica.com\/#organization\"},\"potentialAction\":[{\"@type\":\"SearchAction\",\"target\":{\"@type\":\"EntryPoint\",\"urlTemplate\":\"https:\/\/global-medica.com\/?s={search_term_string}\"},\"query-input\":{\"@type\":\"PropertyValueSpecification\",\"valueRequired\":true,\"valueName\":\"search_term_string\"}}],\"inLanguage\":\"en-US\"},{\"@type\":\"Organization\",\"@id\":\"https:\/\/global-medica.com\/#organization\",\"name\":\"Global Medica\",\"url\":\"https:\/\/global-medica.com\/\",\"logo\":{\"@type\":\"ImageObject\",\"inLanguage\":\"en-US\",\"@id\":\"https:\/\/global-medica.com\/#\/schema\/logo\/image\/\",\"url\":\"https:\/\/global-medica.com\/wp-content\/uploads\/2024\/04\/global-logo.png\",\"contentUrl\":\"https:\/\/global-medica.com\/wp-content\/uploads\/2024\/04\/global-logo.png\",\"width\":312,\"height\":84,\"caption\":\"Global Medica\"},\"image\":{\"@id\":\"https:\/\/global-medica.com\/#\/schema\/logo\/image\/\"},\"sameAs\":[\"https:\/\/www.facebook.com\/gmglobalmedica\",\"https:\/\/www.instagram.com\/globalmedica\/\",\"https:\/\/www.linkedin.com\/company\/67924728\",\"https:\/\/www.youtube.com\/channel\/UCWT2KUVVms56vwB0N9r8qKQ\/\"]}]}<\/script>\n<!-- \/ Yoast SEO plugin. -->","yoast_head_json":{"title":"Cardiolab Electrophysiology Recording System","description":"CardioLab includes an enhanced HL7 data export that provides more data to EHR and third-party solutions. Additional features...","robots":{"index":"index","follow":"follow","max-snippet":"max-snippet:-1","max-image-preview":"max-image-preview:large","max-video-preview":"max-video-preview:-1"},"canonical":"https:\/\/global-medica.com\/en\/product\/cardiolab-sistema-de-grabacion-de-electrofisiologia\/","og_locale":"en_US","og_type":"article","og_title":"Cardiolab Sistema de grabaci\u00f3n de Electrofisiolog\u00eda","og_description":"CardioLab incluye una exportaci\u00f3n de datos HL7 mejorada que proporciona m\u00e1s datos a la HCE y a soluciones de terceros. Las funciones adicionales...","og_url":"https:\/\/global-medica.com\/en\/product\/cardiolab-sistema-de-grabacion-de-electrofisiologia\/","og_site_name":"Global Medica","article_publisher":"https:\/\/www.facebook.com\/gmglobalmedica","article_modified_time":"2026-03-28T18:55:18+00:00","og_image":[{"width":481,"height":405,"url":"https:\/\/global-medica.com\/wp-content\/uploads\/2024\/07\/Cardiolab-1-copy.webp","type":"image\/webp"}],"twitter_card":"summary_large_image","twitter_misc":{"Est. reading time":"2 minutes"},"schema":{"@context":"https:\/\/schema.org","@graph":[{"@type":"WebPage","@id":"https:\/\/global-medica.com\/producto\/cardiolab-sistema-de-grabacion-de-electrofisiologia\/","url":"https:\/\/global-medica.com\/producto\/cardiolab-sistema-de-grabacion-de-electrofisiologia\/","name":"Cardiolab Electrophysiology Recording System","isPartOf":{"@id":"https:\/\/global-medica.com\/#website"},"primaryImageOfPage":{"@id":"https:\/\/global-medica.com\/producto\/cardiolab-sistema-de-grabacion-de-electrofisiologia\/#primaryimage"},"image":{"@id":"https:\/\/global-medica.com\/producto\/cardiolab-sistema-de-grabacion-de-electrofisiologia\/#primaryimage"},"thumbnailUrl":"https:\/\/global-medica.com\/wp-content\/uploads\/2024\/07\/Cardiolab-1-copy.webp","datePublished":"2024-07-05T00:03:21+00:00","dateModified":"2026-03-28T18:55:18+00:00","description":"CardioLab includes an enhanced HL7 data export that provides more data to EHR and third-party solutions. Additional features...","breadcrumb":{"@id":"https:\/\/global-medica.com\/producto\/cardiolab-sistema-de-grabacion-de-electrofisiologia\/#breadcrumb"},"inLanguage":"en-US","potentialAction":[{"@type":"ReadAction","target":["https:\/\/global-medica.com\/producto\/cardiolab-sistema-de-grabacion-de-electrofisiologia\/"]}]},{"@type":"ImageObject","inLanguage":"en-US","@id":"https:\/\/global-medica.com\/producto\/cardiolab-sistema-de-grabacion-de-electrofisiologia\/#primaryimage","url":"https:\/\/global-medica.com\/wp-content\/uploads\/2024\/07\/Cardiolab-1-copy.webp","contentUrl":"https:\/\/global-medica.com\/wp-content\/uploads\/2024\/07\/Cardiolab-1-copy.webp","width":481,"height":405,"caption":"Cardiolab Sistema de grabaci\u00f3n de Electrofisiolog\u00eda"},{"@type":"BreadcrumbList","@id":"https:\/\/global-medica.com\/producto\/cardiolab-sistema-de-grabacion-de-electrofisiologia\/#breadcrumb","itemListElement":[{"@type":"ListItem","position":1,"name":"Home","item":"https:\/\/global-medica.com\/"},{"@type":"ListItem","position":2,"name":"Productos","item":"https:\/\/global-medica.com\/shop\/"},{"@type":"ListItem","position":3,"name":"Cardiolab\u2122 Sistema de grabaci\u00f3n de Electrofisiolog\u00eda"}]},{"@type":"WebSite","@id":"https:\/\/global-medica.com\/#website","url":"https:\/\/global-medica.com\/","name":"Global Medica","description":"Global Medica","publisher":{"@id":"https:\/\/global-medica.com\/#organization"},"potentialAction":[{"@type":"SearchAction","target":{"@type":"EntryPoint","urlTemplate":"https:\/\/global-medica.com\/?s={search_term_string}"},"query-input":{"@type":"PropertyValueSpecification","valueRequired":true,"valueName":"search_term_string"}}],"inLanguage":"en-US"},{"@type":"Organization","@id":"https:\/\/global-medica.com\/#organization","name":"Global Medica","url":"https:\/\/global-medica.com\/","logo":{"@type":"ImageObject","inLanguage":"en-US","@id":"https:\/\/global-medica.com\/#\/schema\/logo\/image\/","url":"https:\/\/global-medica.com\/wp-content\/uploads\/2024\/04\/global-logo.png","contentUrl":"https:\/\/global-medica.com\/wp-content\/uploads\/2024\/04\/global-logo.png","width":312,"height":84,"caption":"Global Medica"},"image":{"@id":"https:\/\/global-medica.com\/#\/schema\/logo\/image\/"},"sameAs":["https:\/\/www.facebook.com\/gmglobalmedica","https:\/\/www.instagram.com\/globalmedica\/","https:\/\/www.linkedin.com\/company\/67924728","https:\/\/www.youtube.com\/channel\/UCWT2KUVVms56vwB0N9r8qKQ\/"]}]}},"_links":{"self":[{"href":"https:\/\/global-medica.com\/en\/wp-json\/wp\/v2\/product\/2073","targetHints":{"allow":["GET"]}}],"collection":[{"href":"https:\/\/global-medica.com\/en\/wp-json\/wp\/v2\/product"}],"about":[{"href":"https:\/\/global-medica.com\/en\/wp-json\/wp\/v2\/types\/product"}],"replies":[{"embeddable":true,"href":"https:\/\/global-medica.com\/en\/wp-json\/wp\/v2\/comments?post=2073"}],"wp:featuredmedia":[{"embeddable":true,"href":"https:\/\/global-medica.com\/en\/wp-json\/wp\/v2\/media\/2620"}],"wp:attachment":[{"href":"https:\/\/global-medica.com\/en\/wp-json\/wp\/v2\/media?parent=2073"}],"wp:term":[{"taxonomy":"product_brand","embeddable":true,"href":"https:\/\/global-medica.com\/en\/wp-json\/wp\/v2\/product_brand?post=2073"},{"taxonomy":"product_cat","embeddable":true,"href":"https:\/\/global-medica.com\/en\/wp-json\/wp\/v2\/product_cat?post=2073"},{"taxonomy":"product_tag","embeddable":true,"href":"https:\/\/global-medica.com\/en\/wp-json\/wp\/v2\/product_tag?post=2073"}],"curies":[{"name":"wp","href":"https:\/\/api.w.org\/{rel}","templated":true}]}}