{"id":1154,"date":"2024-05-24T10:49:26","date_gmt":"2024-05-24T10:49:26","guid":{"rendered":"https:\/\/global-medica.com\/?post_type=product&#038;p=1154"},"modified":"2026-03-28T18:55:18","modified_gmt":"2026-03-28T18:55:18","slug":"mac-lab-sistema-de-poligrafia-hemodinamica","status":"publish","type":"product","link":"https:\/\/global-medica.com\/en\/product\/mac-lab-sistema-de-poligrafia-hemodinamica\/","title":{"rendered":"MAC-Lab\u2122 Hemodynamic Recording System"},"content":{"rendered":"<div class=\"hero-wrapper\">\n<div class=\"rah-static rah-static--height-auto\" aria-hidden=\"false\">\n<div class=\"hero-teaser__description ge-rtf-module\">\n<h2 class=\"ge-h2 ge-content-module__title\" role=\"heading\">Advantages<\/h2>\n<div class=\"rah-static rah-static--height-auto\" aria-hidden=\"false\">\n<div>\n<div class=\"ge-rtf ge-rtf-module ge-content-module__description-wrapper\">\n<p>The system Mac-Lab\u2122 provides benefits of information technology to your cath lab. Mac-Lab\u2122 provides a speed and efficiency exceptional, from the clinical workflow to the creation of administrative reports. In essence: a set of integrated data that enables clinical features, administrative, and information technology. To the naked eye: a common user interface to record, collect, analyze, and store data and to generate reports.<\/p>\n<p>Polygraphs hemodynamic Mac-Lab will help you to:<\/p>\n<ul>\n<li><strong>To optimize the efficiency<\/strong>\u00a0with a data collection streamlined and a report of the complete procedure.<\/li>\n<li><strong>Reduce data entry errors and save time<\/strong>\u00a0thanks to the connection of Mac-Lab with X-ray systems to load automatically the personal data to the systems of image acquisition and receive radiological parameters such as the angles and the product of the dose-area (DAP for its acronym in English).<\/li>\n<li><strong>To obtain fractional flow reserve (FFR)<\/strong>\u00a0without need of a parser-independent<\/li>\n<li><strong>Integrate images<\/strong>\u00a0the PACS (optional feature).<\/li>\n<\/ul>\n<h2 class=\"ge-h2 ge-content-module__title\" role=\"heading\">Technology<\/h2>\n<div class=\"rah-static rah-static--height-auto\" aria-hidden=\"false\">\n<div>\n<div class=\"ge-rtf ge-rtf-module ge-content-module__description-wrapper\">\n<p><strong>The polygraph hemodynamic Mac-Lab\u2122 is a powerful and reliable tool that can be configured to suit your way of working and it offers:<\/strong><\/p>\n<ul>\n<li>Macros defined by the user that allow doctors to determine the flow of cases according to their own workflow, streamline data collection, and provide a detailed report of the proceedings.<\/li>\n<li>Mode pediatric provides algorithms and settings to document complex congenital cases when it is necessary.<\/li>\n<li>Navigation tools and documentation, including: ST segment, Holter, CardioTree and capture images.<strong>In-depth data collection at the point of care the patient<\/strong><\/li>\n<li>Connection with X-ray systems to upload personal data to the systems of image acquisition and receive radiological parameters as angles and product dose-area (DAP for its acronym in English), which reduces data entry errors and save time.<\/li>\n<li>Sets of registration forms that are compatible with the log data of ICP and ICD of the NCDR ACC.<\/li>\n<li>Collecting log data at the point of care that minimizes the extraction of data after the procedure.<\/li>\n<li>Obtaining data to measure thanks to forms of custom data that allow you to configure up to 5000 input fields defined by the user.<\/li>\n<li>Export of data to the systems of registry and data management GE and other manufacturers.<strong>Fractional reserve flow (FFR) integrated<\/strong><\/li>\n<li>Displays and stores measurements of FFR in the recording system, Mac-Lab, without need of a parser-independent.<\/li>\n<li>Causes of the FFR a hemodynamic parameter always available and without the need of additional wiring.<\/li>\n<li>Automatic acquisition of fluoroscopic images at the start of the FFR is evaluated to visual documentation of the injury.<strong>Integration of images from the PACS (optional for Mac-Lab )<\/strong><\/li>\n<li>Import DICOM images from PACS system to the library of images.<\/li>\n<li>Selecting any image from the library of images to appear on the monitor screen.<\/li>\n<li>Display images of previous studies on the monitor with arm to help the doctors to perform advanced procedures guided by image.<\/li>\n<li>Import and annotation of images in reports.<\/li>\n<li>Insertion of images of fluoroscopy and ultrasound, and images previously acquired in the case report, which provides a documentation of the procedure more complete.<\/li>\n<\/ul>\n<\/div>\n<\/div>\n<\/div>\n<\/div>\n<div class=\"ge-content-module__button--wrapper\">\n<h2 class=\"ge-h2 ge-content-module__title\" role=\"heading\">Ultrasound synchronized<\/h2>\n<div class=\"rah-static rah-static--height-auto\" aria-hidden=\"false\">\n<div>\n<div class=\"ge-rtf ge-rtf-module ge-content-module__description-wrapper\">\n<p><strong>Ultrasound synchronized CardioICE*<br \/>\n<\/strong><br \/>\nCardioICE* Mac-Lab\u2122 , which offers a continuous visualization and real-time structures and the cardiac devices, gives you exceptional access to the information during procedures related to the structure and cardiac catheterization.<\/p>\n<p>CardioICE merged images of ultrasound, data, ECG and signs of pressure on a continuous basis throughout the case. The case documentation (images, waveforms, data) is consolidated into a single and comprehensive report procedure. Mac-Lab\u2122 provides integrated access to information that was previously disjointed and visualization tools, combining recordings of hemodynamic ultrasound intracardiac in real-time.<\/p>\n<\/div>\n<\/div>\n<\/div>\n<\/div>\n<\/div>\n<\/div>\n<\/div>\n<\/div>\n<\/div>\n<p>&nbsp;<\/p>\n<p><a class=\"elboton\" href=\"https:\/\/www.gehealthcare.es\/products\/hemodynamic-recording\/maclab-recording-systems\/mac-lab-xt\" target=\"_blank\" rel=\"noopener\">Link to the brand<\/a><\/p>","protected":false},"excerpt":{"rendered":"<p>The system of printing and graphic hemodynamic Mac-Lab* offers an efficient integration of the information to help improve the performance of clinical laboratories in high-speed and large volume.<\/p>","protected":false},"featured_media":2161,"comment_status":"open","ping_status":"closed","template":"","meta":[],"product_brand":[],"product_cat":[20],"product_tag":[],"class_list":{"0":"post-1154","1":"product","2":"type-product","3":"status-publish","4":"has-post-thumbnail","6":"product_cat-angiografia","8":"first","9":"instock","10":"shipping-taxable","11":"purchasable","12":"product-type-simple"},"yoast_head":"<!-- This site is optimized with the Yoast SEO plugin v25.7 - https:\/\/yoast.com\/wordpress\/plugins\/seo\/ -->\n<title>Mac- Lab Sistema de poligraf\u00eda Hemodin\u00e1mica - Global Medica<\/title>\n<meta name=\"robots\" content=\"index, follow, max-snippet:-1, max-image-preview:large, max-video-preview:-1\" \/>\n<link rel=\"canonical\" href=\"https:\/\/global-medica.com\/en\/product\/mac-lab-sistema-de-poligrafia-hemodinamica\/\" \/>\n<meta property=\"og:locale\" content=\"en_US\" \/>\n<meta property=\"og:type\" content=\"article\" \/>\n<meta property=\"og:title\" content=\"Mac- Lab Sistema de poligraf\u00eda Hemodin\u00e1mica - Global Medica\" \/>\n<meta property=\"og:description\" content=\"El sistema de poligraf\u00eda de hemodin\u00e1mica Mac-Lab* ofrece una integraci\u00f3n eficiente de la informaci\u00f3n para ayudar a mejorar el rendimiento cl\u00ednico en laboratorios de alta velocidad y gran volumen.\" \/>\n<meta property=\"og:url\" content=\"https:\/\/global-medica.com\/en\/product\/mac-lab-sistema-de-poligrafia-hemodinamica\/\" \/>\n<meta property=\"og:site_name\" content=\"Global Medica\" \/>\n<meta property=\"article:publisher\" content=\"https:\/\/www.facebook.com\/gmglobalmedica\" \/>\n<meta property=\"article:modified_time\" content=\"2026-03-28T18:55:18+00:00\" \/>\n<meta property=\"og:image\" content=\"https:\/\/global-medica.com\/wp-content\/uploads\/2024\/07\/PR-00002-min.webp\" \/>\n\t<meta property=\"og:image:width\" content=\"1197\" \/>\n\t<meta property=\"og:image:height\" content=\"398\" \/>\n\t<meta property=\"og:image:type\" content=\"image\/webp\" \/>\n<meta name=\"twitter:card\" content=\"summary_large_image\" \/>\n<meta name=\"twitter:label1\" content=\"Est. reading time\" \/>\n\t<meta name=\"twitter:data1\" content=\"4 minutes\" \/>\n<script type=\"application\/ld+json\" class=\"yoast-schema-graph\">{\"@context\":\"https:\/\/schema.org\",\"@graph\":[{\"@type\":\"WebPage\",\"@id\":\"https:\/\/global-medica.com\/producto\/mac-lab-sistema-de-poligrafia-hemodinamica\/\",\"url\":\"https:\/\/global-medica.com\/producto\/mac-lab-sistema-de-poligrafia-hemodinamica\/\",\"name\":\"Mac- Lab Sistema de poligraf\u00eda Hemodin\u00e1mica - Global Medica\",\"isPartOf\":{\"@id\":\"https:\/\/global-medica.com\/#website\"},\"primaryImageOfPage\":{\"@id\":\"https:\/\/global-medica.com\/producto\/mac-lab-sistema-de-poligrafia-hemodinamica\/#primaryimage\"},\"image\":{\"@id\":\"https:\/\/global-medica.com\/producto\/mac-lab-sistema-de-poligrafia-hemodinamica\/#primaryimage\"},\"thumbnailUrl\":\"https:\/\/global-medica.com\/wp-content\/uploads\/2024\/07\/PR-00002-min.webp\",\"datePublished\":\"2024-05-24T10:49:26+00:00\",\"dateModified\":\"2026-03-28T18:55:18+00:00\",\"breadcrumb\":{\"@id\":\"https:\/\/global-medica.com\/producto\/mac-lab-sistema-de-poligrafia-hemodinamica\/#breadcrumb\"},\"inLanguage\":\"en-US\",\"potentialAction\":[{\"@type\":\"ReadAction\",\"target\":[\"https:\/\/global-medica.com\/producto\/mac-lab-sistema-de-poligrafia-hemodinamica\/\"]}]},{\"@type\":\"ImageObject\",\"inLanguage\":\"en-US\",\"@id\":\"https:\/\/global-medica.com\/producto\/mac-lab-sistema-de-poligrafia-hemodinamica\/#primaryimage\",\"url\":\"https:\/\/global-medica.com\/wp-content\/uploads\/2024\/07\/PR-00002-min.webp\",\"contentUrl\":\"https:\/\/global-medica.com\/wp-content\/uploads\/2024\/07\/PR-00002-min.webp\",\"width\":1197,\"height\":398},{\"@type\":\"BreadcrumbList\",\"@id\":\"https:\/\/global-medica.com\/producto\/mac-lab-sistema-de-poligrafia-hemodinamica\/#breadcrumb\",\"itemListElement\":[{\"@type\":\"ListItem\",\"position\":1,\"name\":\"Home\",\"item\":\"https:\/\/global-medica.com\/\"},{\"@type\":\"ListItem\",\"position\":2,\"name\":\"Productos\",\"item\":\"https:\/\/global-medica.com\/shop\/\"},{\"@type\":\"ListItem\",\"position\":3,\"name\":\"Mac- Lab Sistema de poligraf\u00eda Hemodin\u00e1mica\"}]},{\"@type\":\"WebSite\",\"@id\":\"https:\/\/global-medica.com\/#website\",\"url\":\"https:\/\/global-medica.com\/\",\"name\":\"Global Medica\",\"description\":\"Global Medica\",\"publisher\":{\"@id\":\"https:\/\/global-medica.com\/#organization\"},\"potentialAction\":[{\"@type\":\"SearchAction\",\"target\":{\"@type\":\"EntryPoint\",\"urlTemplate\":\"https:\/\/global-medica.com\/?s={search_term_string}\"},\"query-input\":{\"@type\":\"PropertyValueSpecification\",\"valueRequired\":true,\"valueName\":\"search_term_string\"}}],\"inLanguage\":\"en-US\"},{\"@type\":\"Organization\",\"@id\":\"https:\/\/global-medica.com\/#organization\",\"name\":\"Global Medica\",\"url\":\"https:\/\/global-medica.com\/\",\"logo\":{\"@type\":\"ImageObject\",\"inLanguage\":\"en-US\",\"@id\":\"https:\/\/global-medica.com\/#\/schema\/logo\/image\/\",\"url\":\"https:\/\/global-medica.com\/wp-content\/uploads\/2024\/04\/global-logo.png\",\"contentUrl\":\"https:\/\/global-medica.com\/wp-content\/uploads\/2024\/04\/global-logo.png\",\"width\":312,\"height\":84,\"caption\":\"Global Medica\"},\"image\":{\"@id\":\"https:\/\/global-medica.com\/#\/schema\/logo\/image\/\"},\"sameAs\":[\"https:\/\/www.facebook.com\/gmglobalmedica\",\"https:\/\/www.instagram.com\/globalmedica\/\",\"https:\/\/www.linkedin.com\/company\/67924728\",\"https:\/\/www.youtube.com\/channel\/UCWT2KUVVms56vwB0N9r8qKQ\/\"]}]}<\/script>\n<!-- \/ Yoast SEO plugin. -->","yoast_head_json":{"title":"Mac- Lab Sistema de poligraf\u00eda Hemodin\u00e1mica - Global Medica","robots":{"index":"index","follow":"follow","max-snippet":"max-snippet:-1","max-image-preview":"max-image-preview:large","max-video-preview":"max-video-preview:-1"},"canonical":"https:\/\/global-medica.com\/en\/product\/mac-lab-sistema-de-poligrafia-hemodinamica\/","og_locale":"en_US","og_type":"article","og_title":"Mac- Lab Sistema de poligraf\u00eda Hemodin\u00e1mica - Global Medica","og_description":"El sistema de poligraf\u00eda de hemodin\u00e1mica Mac-Lab* ofrece una integraci\u00f3n eficiente de la informaci\u00f3n para ayudar a mejorar el rendimiento cl\u00ednico en laboratorios de alta velocidad y gran volumen.","og_url":"https:\/\/global-medica.com\/en\/product\/mac-lab-sistema-de-poligrafia-hemodinamica\/","og_site_name":"Global Medica","article_publisher":"https:\/\/www.facebook.com\/gmglobalmedica","article_modified_time":"2026-03-28T18:55:18+00:00","og_image":[{"width":1197,"height":398,"url":"https:\/\/global-medica.com\/wp-content\/uploads\/2024\/07\/PR-00002-min.webp","type":"image\/webp"}],"twitter_card":"summary_large_image","twitter_misc":{"Est. reading time":"4 minutes"},"schema":{"@context":"https:\/\/schema.org","@graph":[{"@type":"WebPage","@id":"https:\/\/global-medica.com\/producto\/mac-lab-sistema-de-poligrafia-hemodinamica\/","url":"https:\/\/global-medica.com\/producto\/mac-lab-sistema-de-poligrafia-hemodinamica\/","name":"Mac- Lab Sistema de poligraf\u00eda Hemodin\u00e1mica - Global Medica","isPartOf":{"@id":"https:\/\/global-medica.com\/#website"},"primaryImageOfPage":{"@id":"https:\/\/global-medica.com\/producto\/mac-lab-sistema-de-poligrafia-hemodinamica\/#primaryimage"},"image":{"@id":"https:\/\/global-medica.com\/producto\/mac-lab-sistema-de-poligrafia-hemodinamica\/#primaryimage"},"thumbnailUrl":"https:\/\/global-medica.com\/wp-content\/uploads\/2024\/07\/PR-00002-min.webp","datePublished":"2024-05-24T10:49:26+00:00","dateModified":"2026-03-28T18:55:18+00:00","breadcrumb":{"@id":"https:\/\/global-medica.com\/producto\/mac-lab-sistema-de-poligrafia-hemodinamica\/#breadcrumb"},"inLanguage":"en-US","potentialAction":[{"@type":"ReadAction","target":["https:\/\/global-medica.com\/producto\/mac-lab-sistema-de-poligrafia-hemodinamica\/"]}]},{"@type":"ImageObject","inLanguage":"en-US","@id":"https:\/\/global-medica.com\/producto\/mac-lab-sistema-de-poligrafia-hemodinamica\/#primaryimage","url":"https:\/\/global-medica.com\/wp-content\/uploads\/2024\/07\/PR-00002-min.webp","contentUrl":"https:\/\/global-medica.com\/wp-content\/uploads\/2024\/07\/PR-00002-min.webp","width":1197,"height":398},{"@type":"BreadcrumbList","@id":"https:\/\/global-medica.com\/producto\/mac-lab-sistema-de-poligrafia-hemodinamica\/#breadcrumb","itemListElement":[{"@type":"ListItem","position":1,"name":"Home","item":"https:\/\/global-medica.com\/"},{"@type":"ListItem","position":2,"name":"Productos","item":"https:\/\/global-medica.com\/shop\/"},{"@type":"ListItem","position":3,"name":"Mac- Lab Sistema de poligraf\u00eda Hemodin\u00e1mica"}]},{"@type":"WebSite","@id":"https:\/\/global-medica.com\/#website","url":"https:\/\/global-medica.com\/","name":"Global Medica","description":"Global Medica","publisher":{"@id":"https:\/\/global-medica.com\/#organization"},"potentialAction":[{"@type":"SearchAction","target":{"@type":"EntryPoint","urlTemplate":"https:\/\/global-medica.com\/?s={search_term_string}"},"query-input":{"@type":"PropertyValueSpecification","valueRequired":true,"valueName":"search_term_string"}}],"inLanguage":"en-US"},{"@type":"Organization","@id":"https:\/\/global-medica.com\/#organization","name":"Global Medica","url":"https:\/\/global-medica.com\/","logo":{"@type":"ImageObject","inLanguage":"en-US","@id":"https:\/\/global-medica.com\/#\/schema\/logo\/image\/","url":"https:\/\/global-medica.com\/wp-content\/uploads\/2024\/04\/global-logo.png","contentUrl":"https:\/\/global-medica.com\/wp-content\/uploads\/2024\/04\/global-logo.png","width":312,"height":84,"caption":"Global Medica"},"image":{"@id":"https:\/\/global-medica.com\/#\/schema\/logo\/image\/"},"sameAs":["https:\/\/www.facebook.com\/gmglobalmedica","https:\/\/www.instagram.com\/globalmedica\/","https:\/\/www.linkedin.com\/company\/67924728","https:\/\/www.youtube.com\/channel\/UCWT2KUVVms56vwB0N9r8qKQ\/"]}]}},"_links":{"self":[{"href":"https:\/\/global-medica.com\/en\/wp-json\/wp\/v2\/product\/1154","targetHints":{"allow":["GET"]}}],"collection":[{"href":"https:\/\/global-medica.com\/en\/wp-json\/wp\/v2\/product"}],"about":[{"href":"https:\/\/global-medica.com\/en\/wp-json\/wp\/v2\/types\/product"}],"replies":[{"embeddable":true,"href":"https:\/\/global-medica.com\/en\/wp-json\/wp\/v2\/comments?post=1154"}],"wp:featuredmedia":[{"embeddable":true,"href":"https:\/\/global-medica.com\/en\/wp-json\/wp\/v2\/media\/2161"}],"wp:attachment":[{"href":"https:\/\/global-medica.com\/en\/wp-json\/wp\/v2\/media?parent=1154"}],"wp:term":[{"taxonomy":"product_brand","embeddable":true,"href":"https:\/\/global-medica.com\/en\/wp-json\/wp\/v2\/product_brand?post=1154"},{"taxonomy":"product_cat","embeddable":true,"href":"https:\/\/global-medica.com\/en\/wp-json\/wp\/v2\/product_cat?post=1154"},{"taxonomy":"product_tag","embeddable":true,"href":"https:\/\/global-medica.com\/en\/wp-json\/wp\/v2\/product_tag?post=1154"}],"curies":[{"name":"wp","href":"https:\/\/api.w.org\/{rel}","templated":true}]}}