{"id":1105,"date":"2024-05-24T01:50:54","date_gmt":"2024-05-24T01:50:54","guid":{"rendered":"https:\/\/global-medica.com\/?post_type=product&#038;p=1105"},"modified":"2025-02-03T08:34:43","modified_gmt":"2025-02-03T08:34:43","slug":"logiq-p9","status":"publish","type":"product","link":"https:\/\/global-medica.com\/en\/product\/logiq-p9\/","title":{"rendered":"LOGIQ\u2122 P9"},"content":{"rendered":"<h2 class=\"ge-h2 ge-content-module__title\" role=\"heading\">LOGIQ P9 Simplicity applied<\/h2>\n<div class=\"rah-static rah-static--height-auto\" aria-hidden=\"false\">\n<div>\n<div class=\"ge-rtf ge-rtf-module ge-content-module__description-wrapper\">\n<div class=\"main-content\">\n<p>The system of ultrasound LOGIQ P9 is perfectly equipped for the demands of clinical and workflow of imaging in general. The is affordable and system LOGIQ P9 provides uniform quality in the images, comprehensive coverage of applications, advanced features and ease-of-use, while allowing you to take timely decisions and reliable, both in the phase of triage as in the comprehensive exploration.<\/p>\n<\/div>\n<\/div>\n<\/div>\n<\/div>\n<div>\n<div class=\"rah-static rah-static--height-auto ge-s-curve__title-description-wrapper ge-s-curve__title-description-wrapper--expanded\" aria-hidden=\"false\">\n<div>\n<div>\n<h4 class=\"ge-s-curve__item-title -text--bold\">Assistance for COVID-19 and ultrasound<\/h4>\n<div class=\"ge-rtf-module ge-s-curve__description\">\n<div>We&#039;ve compiled some resources that will help you to deal with the problems arising from the pandemic and caring for their patients.<\/div>\n<\/div>\n<\/div>\n<\/div>\n<\/div>\n<\/div>\n<section id=\"personalizado\" class=\"ge-module ge-content-module theme-black\">\n<div class=\"ge-module__container\">\n<h2 class=\"ge-h2 ge-content-module__title\" role=\"heading\">Ultrasound system custom<\/h2>\n<div class=\"rah-static rah-static--height-auto\" aria-hidden=\"false\">\n<div>\n<div class=\"ge-rtf ge-rtf-module ge-content-module__description-wrapper\">\n<p>Tools of custom workflow and automation. For greater effectiveness.<\/p>\n<\/div>\n<\/div>\n<\/div>\n<div class=\"ge-content-module__cta-container\">\n<section id=\"03---s-curve\" class=\"ge-s-curve\" data-analytics-link-type=\"S-Curve Module\">\n<div class=\"ge-module__container ge-s-curve__container\">\n<div class=\"ge-s-curve__content\">\n<div>\n<div class=\"rah-static rah-static--height-auto ge-s-curve__title-description-wrapper ge-s-curve__title-description-wrapper--expanded\" aria-hidden=\"false\">\n<div>\n<div>\n<h4 class=\"ge-s-curve__item-title -text--bold\">My Page<\/h4>\n<div class=\"ge-rtf-module ge-s-curve__description\">\n<div>\n<p>The user interface custom digital allows the adaptation of the preferences of the workflow with presets from a user. Only log in, select the type of navigation appropriate to start exploring.<\/p>\n<\/div>\n<\/div>\n<\/div>\n<\/div>\n<\/div>\n<\/div>\n<\/div>\n<div class=\"ge-s-curve__content\">\n<div>\n<div class=\"rah-static rah-static--height-auto ge-s-curve__title-description-wrapper ge-s-curve__title-description-wrapper--expanded\" aria-hidden=\"false\">\n<div>\n<div>\n<h4 class=\"ge-s-curve__item-title -text--bold\">Photo Assistant<\/h4>\n<div class=\"ge-rtf-module ge-s-curve__description\">\n<div>\n<p>A picture is worth a thousand words. Shoot the anatomy relevant, such as ulcers, or tumors, with an Android\u2122 device, and to include in the report the photographs with the clinical images for documentation and comparison after one procedure.<\/p>\n<\/div>\n<\/div>\n<\/div>\n<\/div>\n<\/div>\n<\/div>\n<\/div>\n<div class=\"ge-s-curve__content\">\n<div>\n<div class=\"rah-static rah-static--height-auto ge-s-curve__title-description-wrapper ge-s-curve__title-description-wrapper--expanded\" aria-hidden=\"false\">\n<div>\n<div>\n<h4 class=\"ge-s-curve__item-title -text--bold\">Ergonomic and adaptable<\/h4>\n<div class=\"ge-rtf-module ge-s-curve__description\">\n<div>\n<p>System of adjustment to suit most of the needs and explorations of the users<\/p>\n<ul>\n<li>Touch Control to easily adjust the parameters<\/li>\n<li>Multiple USB ports<\/li>\n<li>Adjustable Monitor<\/li>\n<li>Handles front and rear<\/li>\n<li>Four ports for active probes<\/li>\n<li>Heater for gel<\/li>\n<li>Storage tray<\/li>\n<li>Easy to carry\n<div class=\"ge-s-curve__content\">\n<div>\n<div class=\"rah-static rah-static--height-auto ge-s-curve__title-description-wrapper ge-s-curve__title-description-wrapper--expanded\" aria-hidden=\"false\">\n<div><\/div>\n<\/div>\n<\/div>\n<\/div>\n<\/li>\n<\/ul>\n<\/div>\n<\/div>\n<\/div>\n<\/div>\n<\/div>\n<\/div>\n<\/div>\n<\/div>\n<\/section>\n<\/div>\n<\/div>\n<\/section>\n<section id=\"03---s-curve\" class=\"ge-s-curve\" data-analytics-link-type=\"S-Curve Module\">\n<div class=\"ge-module__container ge-s-curve__container\">\n<div class=\"ge-s-curve__content\">\n<div>\n<div class=\"rah-static rah-static--height-auto ge-s-curve__title-description-wrapper ge-s-curve__title-description-wrapper--expanded\" aria-hidden=\"false\">\n<div>\n<div>\n<div class=\"ge-rtf-module ge-s-curve__description\">\n<div>\n<div class=\"ge-s-curve__content\">\n<div>\n<div class=\"rah-static rah-static--height-auto ge-s-curve__title-description-wrapper ge-s-curve__title-description-wrapper--expanded\" aria-hidden=\"false\">\n<div>\n<div>\n<h4 class=\"ge-s-curve__item-title -text--bold\">Remote Control<\/h4>\n<div class=\"ge-rtf-module ge-s-curve__description\">\n<div>\n<p>Increase the speed and efficiency of the exploration using the system from a tablet or phone with the application LOGIQ Smart. The remote control is especially useful in interventional procedures to help improve the effectiveness and the patient experience.<\/p>\n<\/div>\n<\/div>\n<\/div>\n<\/div>\n<\/div>\n<\/div>\n<\/div>\n<div class=\"ge-s-curve__content\">\n<div>\n<div class=\"rah-static rah-static--height-auto ge-s-curve__title-description-wrapper ge-s-curve__title-description-wrapper--expanded\" aria-hidden=\"false\">\n<div>\n<div>\n<h4 class=\"ge-s-curve__item-title -text--bold\">Power Assistant<\/h4>\n<div class=\"ge-rtf-module ge-s-curve__description\">\n<div>\n<p>The battery Power Assistant optional) provides energy during the transportation to be able to scan immediately next to the patient&#039;s bedside, without the need to waste time restarting. You can even scan with the power of the battery.<\/p>\n<\/div>\n<\/div>\n<\/div>\n<\/div>\n<\/div>\n<\/div>\n<\/div>\n<\/div>\n<\/div>\n<\/div>\n<\/div>\n<\/div>\n<\/div>\n<\/div>\n<\/div>\n<\/section>\n<section id=\"centrado-en-el-paciente\" class=\"ge-module ge-content-module theme-grey\">\n<div class=\"ge-module__container\">\n<section id=\"centrado-en-el-paciente\" class=\"ge-module ge-content-module theme-grey\">\n<div class=\"ge-module__container\">\n<h2 class=\"ge-h2 ge-content-module__title\" role=\"heading\">Ultrasound LOGIQ P9 focused on the patient<\/h2>\n<div class=\"rah-static rah-static--height-auto\" aria-hidden=\"false\">\n<div>\n<div class=\"ge-rtf ge-rtf-module ge-content-module__description-wrapper\">\n<p>Enhanced features focused on the patient. For added flexibility<\/p>\n<\/div>\n<\/div>\n<\/div>\n<\/div>\n<\/section>\n<\/div>\n<\/section>\n<div class=\"ge-content-module__cta-container\"><\/div>\n<div>\n<section id=\"elastograf\u00eda-por-onda-de-corte-en-2d\" class=\"ge-s-curve\" data-analytics-link-type=\"S-Curve Module\">\n<div class=\"ge-module__container ge-s-curve__container\">\n<div class=\"ge-s-curve__content\">\n<div>\n<div class=\"rah-static rah-static--height-auto ge-s-curve__title-description-wrapper ge-s-curve__title-description-wrapper--expanded\" aria-hidden=\"false\">\n<div>\n<div>\n<h4 class=\"ge-s-curve__item-title -text--bold\">Parameter attenuation ultrasound-guided (UGAP)<\/h4>\n<div class=\"ge-rtf-module ge-s-curve__description\">\n<div>\n<p>The prevalence of fatty liver disease non-alcoholic steatohepatitis (NASH) increases in all the world, with the increase in obesity. This method of image-guided real-time measured the fat content in the liver tissue of a metric is valuable in the assessment of NAFLD.<\/p>\n<\/div>\n<\/div>\n<\/div>\n<\/div>\n<\/div>\n<\/div>\n<\/div>\n<div class=\"ge-s-curve__media-wrapper\"><\/div>\n<div class=\"ge-s-curve__content\">\n<div>\n<div class=\"rah-static rah-static--height-auto ge-s-curve__title-description-wrapper ge-s-curve__title-description-wrapper--expanded\" aria-hidden=\"false\">\n<div>\n<div>\n<h4 class=\"ge-s-curve__item-title -text--bold\">Elastography shear wave in 2D<\/h4>\n<div class=\"ge-rtf-module ge-s-curve__description\">\n<div>\n<p>Estimated quantitative tissue elasticity displayed on elastograms color-coded.<\/p>\n<ul>\n<li>Help in a number of applications increasing, including chronic liver disease, and breast problems<\/li>\n<\/ul>\n<p>Measurements semi provide you with a rapid and quantifiable<\/p>\n<div class=\"ge-s-curve__content\">\n<div>\n<div class=\"rah-static rah-static--height-auto ge-s-curve__title-description-wrapper ge-s-curve__title-description-wrapper--expanded\" aria-hidden=\"false\">\n<div>\n<div>\n<h4 class=\"ge-s-curve__item-title -text--bold\">Processing of raw data<\/h4>\n<div class=\"ge-rtf-module ge-s-curve__description\">\n<div>\n<p>The acoustic data, the original stored before the scan conversion in a&#034; format&#034; of GE Healthcare that can be accessed with ease and return to processing at any time after the end of the exploration.<\/p>\n<\/div>\n<\/div>\n<\/div>\n<\/div>\n<\/div>\n<\/div>\n<\/div>\n<div class=\"ge-s-curve__content\">\n<div>\n<div class=\"rah-static rah-static--height-auto ge-s-curve__title-description-wrapper ge-s-curve__title-description-wrapper--expanded\" aria-hidden=\"false\">\n<div>\n<div>\n<h4 class=\"ge-s-curve__item-title -text--bold\">Contrast images<\/h4>\n<div class=\"ge-rtf-module ge-s-curve__description\">\n<div>\n<p><strong>Technique of amplitude modulation<\/strong><\/p>\n<ul>\n<li>Great penetration, and contrast sensitivity<\/li>\n<li>Excellent suppression of tissues<\/li>\n<li>High uniformity of the image<\/li>\n<\/ul>\n<p><strong>Technique of high-resolution LOGIQ P9<\/strong><\/p>\n<p>Excellent spatial and temporal resolution<\/p>\n<\/div>\n<\/div>\n<\/div>\n<\/div>\n<\/div>\n<\/div>\n<\/div>\n<\/div>\n<\/div>\n<\/div>\n<\/div>\n<\/div>\n<\/div>\n<\/div>\n<\/div>\n<\/section>\n<section id=\"m\u00f3dulo-08-curva-s\" class=\"ge-s-curve\" data-analytics-link-type=\"S-Curve Module\">\n<div class=\"ge-s-curve__content\">\n<div>\n<div class=\"rah-static rah-static--height-auto ge-s-curve__title-description-wrapper ge-s-curve__title-description-wrapper--expanded\" aria-hidden=\"false\">\n<div>\n<div>\n<h4 class=\"ge-s-curve__item-title -text--bold\">B-Flow \/ B-Flow Color<\/h4>\n<div class=\"ge-rtf-module ge-s-curve__description\">\n<div>\n<ul>\n<li>Do not use Doppler processing<\/li>\n<li>Direct visualization of reflectors of blood<\/li>\n<li>Dynamic aspect of the flow<\/li>\n<li>Overwriting of tissue is minimal compared with Color Flow<\/li>\n<li>Excellent control of the artifacts shining compared with Color Flow<\/li>\n<\/ul>\n<\/div>\n<\/div>\n<\/div>\n<\/div>\n<\/div>\n<\/div>\n<\/div>\n<div class=\"ge-s-curve__content\">\n<div>\n<div class=\"rah-static rah-static--height-auto ge-s-curve__title-description-wrapper ge-s-curve__title-description-wrapper--expanded\" aria-hidden=\"false\">\n<div>\n<div>\n<h4 class=\"ge-s-curve__item-title -text--bold\">Color HD<\/h4>\n<div class=\"ge-rtf-module ge-s-curve__description\">\n<div>\n<p>Functionality within B-Flow Color\u2013 provides sensitivity in the visualization of small vessels and slow flow to improve the reliability in the diagnosis.<\/p>\n<ul>\n<li>Acquisition of images of the veins, liver and kidney<\/li>\n<li>Image acquisition musculoskeletal<\/li>\n<li>Image acquisition pediatric<\/li>\n<li>Acquisition of images of small parts<\/li>\n<\/ul>\n<\/div>\n<\/div>\n<\/div>\n<\/div>\n<\/div>\n<\/div>\n<\/div>\n<\/section>\n<\/div>\n<div class=\"ge-s-curve__media-wrapper\"><\/div>\n<div>\n<section id=\"pr\u00e1ctico\" class=\"ge-module ge-content-module theme-white\">\n<div class=\"ge-module__container\">\n<h2 class=\"ge-h2 ge-content-module__title\" role=\"heading\">Ultrasound powerful<\/h2>\n<div class=\"rah-static rah-static--height-auto\" aria-hidden=\"false\">\n<div>\n<div class=\"ge-rtf ge-rtf-module ge-content-module__description-wrapper\">\n<p>Solid assistance it provides long-term value.<\/p>\n<\/div>\n<\/div>\n<\/div>\n<\/div>\n<\/section>\n<\/div>\n<div class=\"ge-content-module__cta-container\">\n<div class=\"ge-module__container ge-s-curve__container\">\n<div class=\"ge-s-curve__content\">\n<div>\n<div class=\"rah-static rah-static--height-auto ge-s-curve__title-description-wrapper ge-s-curve__title-description-wrapper--expanded\" aria-hidden=\"false\">\n<div>\n<div>\n<h4 class=\"ge-s-curve__item-title -text--bold\">My Trainer<\/h4>\n<div class=\"ge-rtf-module ge-s-curve__description\">\n<div>\n<p>Training modules integrated to accelerate more easily the reliability of the user and the efficient operations of the system.<\/p>\n<\/div>\n<\/div>\n<\/div>\n<\/div>\n<\/div>\n<\/div>\n<\/div>\n<\/div>\n<div class=\"ge-module__container ge-s-curve__container\">\n<div class=\"ge-s-curve__content\">\n<div>\n<div class=\"rah-static rah-static--height-auto ge-s-curve__title-description-wrapper ge-s-curve__title-description-wrapper--expanded\" aria-hidden=\"false\">\n<div>\n<div>\n<h4 class=\"ge-s-curve__item-title -text--bold\">Import of navigation volume<\/h4>\n<div class=\"ge-rtf-module ge-s-curve__description\">\n<div>\n<p>Easily retrieve a set of data from an ultrasound, mammography, CT or MRI above, scroll down and visual\u00edcela with a current image in a split screen in real-time on the monitor.<\/p>\n<\/div>\n<\/div>\n<\/div>\n<\/div>\n<\/div>\n<\/div>\n<\/div>\n<\/div>\n<\/div>\n<section id=\"asistencia-t\u00e9cnica-y-accesorios\" class=\"ge-module ge-content-module theme-white\">\n<div class=\"ge-module__container\">\n<h2 class=\"ge-h2 ge-content-module__title\" role=\"heading\">Technical assistance and accessories for your systems ultrasound GE Healthcare<\/h2>\n<div class=\"ge-content-module__teaser\">In the case of certain products, the user manual may be included in the system. For more information on the cleaning of your scanner, visit the web site\u00a0<a href=\"https:\/\/cleaning.gehealthcare.com\/\" target=\"_blank\" rel=\"noopener\">GE<\/a>. For information on the procedure for cleaning and disinfection of transducers, visit\u00a0<a href=\"https:\/\/www.gehealthcare.co.uk\/products\/ultrasound\/ultrasound-transducers\">this web page<\/a>. See an informative video by Dr. Jeff Hersh, chief medical officer for GE Healthcare on the use of ultrasound in a health crisis. Tricefy\u2122, within Voluson and ViewPoint\u2122, a suite of collaboration COVID-19 free for 90 days to healthcare providers around the world.<\/div>\n<div class=\"ge-content-module__cta-container\"><\/div>\n<\/div>\n<\/section>\n<div id=\"05-transductores\">\n<div class=\"ge-product-banner\">\n<div class=\"ge-product-banner__content ge-product-banner__content--right\">\n<div class=\"ge-product-banner__holder\"><\/div>\n<\/div>\n<\/div>\n<\/div>\n<p>&nbsp;<\/p>\n<p>&nbsp;<\/p>\n<p><a class=\"elboton\" href=\"https:\/\/www.gehealthcare.es\/products\/ultrasound\/logiq\/logiq-p9\" target=\"_blank\" rel=\"noopener\">Link to the brand<\/a><\/p>","protected":false},"excerpt":{"rendered":"<p>Customized, Patient-Focused, and Powerful Ultrasound<\/p>","protected":false},"featured_media":2183,"comment_status":"open","ping_status":"closed","template":"","meta":[],"product_brand":[],"product_cat":[40],"product_tag":[],"class_list":{"0":"post-1105","1":"product","2":"type-product","3":"status-publish","4":"has-post-thumbnail","6":"product_cat-imagenologia-general","8":"first","9":"instock","10":"shipping-taxable","11":"purchasable","12":"product-type-simple"},"yoast_head":"<!-- This site is optimized with the Yoast SEO plugin v25.7 - https:\/\/yoast.com\/wordpress\/plugins\/seo\/ -->\n<title>LOGIQ P9 - Global Medica<\/title>\n<meta name=\"description\" content=\"Sistema de ecogr\u00e1fico LOGIQ P9 equipado para las exigencias cl\u00ednicas y de flujo de trabajo de la obtenci\u00f3n de im\u00e1genes en general\" \/>\n<meta name=\"robots\" content=\"index, follow, max-snippet:-1, max-image-preview:large, max-video-preview:-1\" \/>\n<link rel=\"canonical\" href=\"https:\/\/global-medica.com\/en\/product\/logiq-p9\/\" \/>\n<meta property=\"og:locale\" content=\"en_US\" \/>\n<meta property=\"og:type\" content=\"article\" \/>\n<meta property=\"og:title\" content=\"Sistema de ecogr\u00e1fico LOGIQ P9\" \/>\n<meta property=\"og:description\" content=\"El sistema de ecogr\u00e1fico LOGIQ P9 est\u00e1 perfectamente equipado para las exigencias cl\u00ednicas y de flujo de trabajo de la obtenci\u00f3n de im\u00e1genes en general. El es asequible y\u00a0sistema LOGIQ P9 proporciona calidad uniforme en las im\u00e1genes, cobertura integral de aplicaciones, funciones avanzadas y facilidad de uso, a la vez que permite tomar decisiones oportunas y fiables, tanto en la fase de triaje como en la exploraci\u00f3n integral.\" \/>\n<meta property=\"og:url\" content=\"https:\/\/global-medica.com\/en\/product\/logiq-p9\/\" \/>\n<meta property=\"og:site_name\" content=\"Global Medica\" \/>\n<meta property=\"article:publisher\" content=\"https:\/\/www.facebook.com\/gmglobalmedica\" \/>\n<meta property=\"article:modified_time\" content=\"2025-02-03T08:34:43+00:00\" \/>\n<meta property=\"og:image\" content=\"https:\/\/global-medica.com\/wp-content\/uploads\/2024\/07\/PR-00026-min.webp\" \/>\n\t<meta property=\"og:image:width\" content=\"661\" \/>\n\t<meta property=\"og:image:height\" content=\"398\" \/>\n\t<meta property=\"og:image:type\" content=\"image\/webp\" \/>\n<meta name=\"twitter:card\" content=\"summary_large_image\" \/>\n<meta name=\"twitter:label1\" content=\"Est. reading time\" \/>\n\t<meta name=\"twitter:data1\" content=\"4 minutes\" \/>\n<script type=\"application\/ld+json\" class=\"yoast-schema-graph\">{\"@context\":\"https:\/\/schema.org\",\"@graph\":[{\"@type\":[\"WebPage\",\"MedicalWebPage\"],\"@id\":\"https:\/\/global-medica.com\/producto\/logiq-p9\/\",\"url\":\"https:\/\/global-medica.com\/producto\/logiq-p9\/\",\"name\":\"LOGIQ P9 - Global Medica\",\"isPartOf\":{\"@id\":\"https:\/\/global-medica.com\/#website\"},\"primaryImageOfPage\":{\"@id\":\"https:\/\/global-medica.com\/producto\/logiq-p9\/#primaryimage\"},\"image\":{\"@id\":\"https:\/\/global-medica.com\/producto\/logiq-p9\/#primaryimage\"},\"thumbnailUrl\":\"https:\/\/global-medica.com\/wp-content\/uploads\/2024\/07\/PR-00026-min.webp\",\"datePublished\":\"2024-05-24T01:50:54+00:00\",\"dateModified\":\"2025-02-03T08:34:43+00:00\",\"description\":\"Sistema de ecogr\u00e1fico LOGIQ P9 equipado para las exigencias cl\u00ednicas y de flujo de trabajo de la obtenci\u00f3n de im\u00e1genes en general\",\"breadcrumb\":{\"@id\":\"https:\/\/global-medica.com\/producto\/logiq-p9\/#breadcrumb\"},\"inLanguage\":\"en-US\",\"potentialAction\":[{\"@type\":\"ReadAction\",\"target\":[\"https:\/\/global-medica.com\/producto\/logiq-p9\/\"]}]},{\"@type\":\"ImageObject\",\"inLanguage\":\"en-US\",\"@id\":\"https:\/\/global-medica.com\/producto\/logiq-p9\/#primaryimage\",\"url\":\"https:\/\/global-medica.com\/wp-content\/uploads\/2024\/07\/PR-00026-min.webp\",\"contentUrl\":\"https:\/\/global-medica.com\/wp-content\/uploads\/2024\/07\/PR-00026-min.webp\",\"width\":661,\"height\":398,\"caption\":\"LOGIQ P9\"},{\"@type\":\"BreadcrumbList\",\"@id\":\"https:\/\/global-medica.com\/producto\/logiq-p9\/#breadcrumb\",\"itemListElement\":[{\"@type\":\"ListItem\",\"position\":1,\"name\":\"Home\",\"item\":\"https:\/\/global-medica.com\/\"},{\"@type\":\"ListItem\",\"position\":2,\"name\":\"Productos\",\"item\":\"https:\/\/global-medica.com\/shop\/\"},{\"@type\":\"ListItem\",\"position\":3,\"name\":\"LOGIQ P9\"}]},{\"@type\":\"WebSite\",\"@id\":\"https:\/\/global-medica.com\/#website\",\"url\":\"https:\/\/global-medica.com\/\",\"name\":\"Global Medica\",\"description\":\"Global Medica\",\"publisher\":{\"@id\":\"https:\/\/global-medica.com\/#organization\"},\"potentialAction\":[{\"@type\":\"SearchAction\",\"target\":{\"@type\":\"EntryPoint\",\"urlTemplate\":\"https:\/\/global-medica.com\/?s={search_term_string}\"},\"query-input\":{\"@type\":\"PropertyValueSpecification\",\"valueRequired\":true,\"valueName\":\"search_term_string\"}}],\"inLanguage\":\"en-US\"},{\"@type\":\"Organization\",\"@id\":\"https:\/\/global-medica.com\/#organization\",\"name\":\"Global Medica\",\"url\":\"https:\/\/global-medica.com\/\",\"logo\":{\"@type\":\"ImageObject\",\"inLanguage\":\"en-US\",\"@id\":\"https:\/\/global-medica.com\/#\/schema\/logo\/image\/\",\"url\":\"https:\/\/global-medica.com\/wp-content\/uploads\/2024\/04\/global-logo.png\",\"contentUrl\":\"https:\/\/global-medica.com\/wp-content\/uploads\/2024\/04\/global-logo.png\",\"width\":312,\"height\":84,\"caption\":\"Global Medica\"},\"image\":{\"@id\":\"https:\/\/global-medica.com\/#\/schema\/logo\/image\/\"},\"sameAs\":[\"https:\/\/www.facebook.com\/gmglobalmedica\",\"https:\/\/www.instagram.com\/globalmedica\/\",\"https:\/\/www.linkedin.com\/company\/67924728\",\"https:\/\/www.youtube.com\/channel\/UCWT2KUVVms56vwB0N9r8qKQ\/\"]}]}<\/script>\n<!-- \/ Yoast SEO plugin. -->","yoast_head_json":{"title":"LOGIQ P9 - Global Medica","description":"Sistema de ecogr\u00e1fico LOGIQ P9 equipado para las exigencias cl\u00ednicas y de flujo de trabajo de la obtenci\u00f3n de im\u00e1genes en general","robots":{"index":"index","follow":"follow","max-snippet":"max-snippet:-1","max-image-preview":"max-image-preview:large","max-video-preview":"max-video-preview:-1"},"canonical":"https:\/\/global-medica.com\/en\/product\/logiq-p9\/","og_locale":"en_US","og_type":"article","og_title":"Sistema de ecogr\u00e1fico LOGIQ P9","og_description":"El sistema de ecogr\u00e1fico LOGIQ P9 est\u00e1 perfectamente equipado para las exigencias cl\u00ednicas y de flujo de trabajo de la obtenci\u00f3n de im\u00e1genes en general. El es asequible y\u00a0sistema LOGIQ P9 proporciona calidad uniforme en las im\u00e1genes, cobertura integral de aplicaciones, funciones avanzadas y facilidad de uso, a la vez que permite tomar decisiones oportunas y fiables, tanto en la fase de triaje como en la exploraci\u00f3n integral.","og_url":"https:\/\/global-medica.com\/en\/product\/logiq-p9\/","og_site_name":"Global Medica","article_publisher":"https:\/\/www.facebook.com\/gmglobalmedica","article_modified_time":"2025-02-03T08:34:43+00:00","og_image":[{"width":661,"height":398,"url":"https:\/\/global-medica.com\/wp-content\/uploads\/2024\/07\/PR-00026-min.webp","type":"image\/webp"}],"twitter_card":"summary_large_image","twitter_misc":{"Est. reading time":"4 minutes"},"schema":{"@context":"https:\/\/schema.org","@graph":[{"@type":["WebPage","MedicalWebPage"],"@id":"https:\/\/global-medica.com\/producto\/logiq-p9\/","url":"https:\/\/global-medica.com\/producto\/logiq-p9\/","name":"LOGIQ P9 - Global Medica","isPartOf":{"@id":"https:\/\/global-medica.com\/#website"},"primaryImageOfPage":{"@id":"https:\/\/global-medica.com\/producto\/logiq-p9\/#primaryimage"},"image":{"@id":"https:\/\/global-medica.com\/producto\/logiq-p9\/#primaryimage"},"thumbnailUrl":"https:\/\/global-medica.com\/wp-content\/uploads\/2024\/07\/PR-00026-min.webp","datePublished":"2024-05-24T01:50:54+00:00","dateModified":"2025-02-03T08:34:43+00:00","description":"Sistema de ecogr\u00e1fico LOGIQ P9 equipado para las exigencias cl\u00ednicas y de flujo de trabajo de la obtenci\u00f3n de im\u00e1genes en general","breadcrumb":{"@id":"https:\/\/global-medica.com\/producto\/logiq-p9\/#breadcrumb"},"inLanguage":"en-US","potentialAction":[{"@type":"ReadAction","target":["https:\/\/global-medica.com\/producto\/logiq-p9\/"]}]},{"@type":"ImageObject","inLanguage":"en-US","@id":"https:\/\/global-medica.com\/producto\/logiq-p9\/#primaryimage","url":"https:\/\/global-medica.com\/wp-content\/uploads\/2024\/07\/PR-00026-min.webp","contentUrl":"https:\/\/global-medica.com\/wp-content\/uploads\/2024\/07\/PR-00026-min.webp","width":661,"height":398,"caption":"LOGIQ P9"},{"@type":"BreadcrumbList","@id":"https:\/\/global-medica.com\/producto\/logiq-p9\/#breadcrumb","itemListElement":[{"@type":"ListItem","position":1,"name":"Home","item":"https:\/\/global-medica.com\/"},{"@type":"ListItem","position":2,"name":"Productos","item":"https:\/\/global-medica.com\/shop\/"},{"@type":"ListItem","position":3,"name":"LOGIQ P9"}]},{"@type":"WebSite","@id":"https:\/\/global-medica.com\/#website","url":"https:\/\/global-medica.com\/","name":"Global Medica","description":"Global Medica","publisher":{"@id":"https:\/\/global-medica.com\/#organization"},"potentialAction":[{"@type":"SearchAction","target":{"@type":"EntryPoint","urlTemplate":"https:\/\/global-medica.com\/?s={search_term_string}"},"query-input":{"@type":"PropertyValueSpecification","valueRequired":true,"valueName":"search_term_string"}}],"inLanguage":"en-US"},{"@type":"Organization","@id":"https:\/\/global-medica.com\/#organization","name":"Global Medica","url":"https:\/\/global-medica.com\/","logo":{"@type":"ImageObject","inLanguage":"en-US","@id":"https:\/\/global-medica.com\/#\/schema\/logo\/image\/","url":"https:\/\/global-medica.com\/wp-content\/uploads\/2024\/04\/global-logo.png","contentUrl":"https:\/\/global-medica.com\/wp-content\/uploads\/2024\/04\/global-logo.png","width":312,"height":84,"caption":"Global Medica"},"image":{"@id":"https:\/\/global-medica.com\/#\/schema\/logo\/image\/"},"sameAs":["https:\/\/www.facebook.com\/gmglobalmedica","https:\/\/www.instagram.com\/globalmedica\/","https:\/\/www.linkedin.com\/company\/67924728","https:\/\/www.youtube.com\/channel\/UCWT2KUVVms56vwB0N9r8qKQ\/"]}]}},"_links":{"self":[{"href":"https:\/\/global-medica.com\/en\/wp-json\/wp\/v2\/product\/1105","targetHints":{"allow":["GET"]}}],"collection":[{"href":"https:\/\/global-medica.com\/en\/wp-json\/wp\/v2\/product"}],"about":[{"href":"https:\/\/global-medica.com\/en\/wp-json\/wp\/v2\/types\/product"}],"replies":[{"embeddable":true,"href":"https:\/\/global-medica.com\/en\/wp-json\/wp\/v2\/comments?post=1105"}],"wp:featuredmedia":[{"embeddable":true,"href":"https:\/\/global-medica.com\/en\/wp-json\/wp\/v2\/media\/2183"}],"wp:attachment":[{"href":"https:\/\/global-medica.com\/en\/wp-json\/wp\/v2\/media?parent=1105"}],"wp:term":[{"taxonomy":"product_brand","embeddable":true,"href":"https:\/\/global-medica.com\/en\/wp-json\/wp\/v2\/product_brand?post=1105"},{"taxonomy":"product_cat","embeddable":true,"href":"https:\/\/global-medica.com\/en\/wp-json\/wp\/v2\/product_cat?post=1105"},{"taxonomy":"product_tag","embeddable":true,"href":"https:\/\/global-medica.com\/en\/wp-json\/wp\/v2\/product_tag?post=1105"}],"curies":[{"name":"wp","href":"https:\/\/api.w.org\/{rel}","templated":true}]}}