{"id":668,"date":"2024-05-13T10:54:06","date_gmt":"2024-05-13T10:54:06","guid":{"rendered":"https:\/\/global-medica.com\/?page_id=668"},"modified":"2025-09-09T14:45:11","modified_gmt":"2025-09-09T14:45:11","slug":"servicios","status":"publish","type":"page","link":"https:\/\/global-medica.com\/en\/services\/","title":{"rendered":"Service"},"content":{"rendered":"<div data-elementor-type=\"wp-post\" data-elementor-id=\"668\" class=\"elementor elementor-668\" data-elementor-post-type=\"page\">\n\t\t\t\t<div class=\"elementor-element elementor-element-23dd6b3 e-con-full e-flex e-con e-parent\" data-id=\"23dd6b3\" data-element_type=\"container\" data-e-type=\"container\">\n\t\t\t\t<div class=\"elementor-element elementor-element-951340f elementor-widget elementor-widget-image\" data-id=\"951340f\" data-element_type=\"widget\" data-e-type=\"widget\" data-widget_type=\"image.default\">\n\t\t\t\t<div class=\"elementor-widget-container\">\n\t\t\t\t\t\t\t\t\t\t\t\t\t\t\t<img fetchpriority=\"high\" decoding=\"async\" width=\"1920\" height=\"200\" src=\"https:\/\/global-medica.com\/wp-content\/uploads\/2024\/05\/titulobarra-01.jpg\" class=\"attachment-full size-full wp-image-631\" alt=\"title image\" srcset=\"https:\/\/global-medica.com\/wp-content\/uploads\/2024\/05\/titulobarra-01.jpg 1920w, https:\/\/global-medica.com\/wp-content\/uploads\/2024\/05\/titulobarra-01-300x31.jpg 300w, https:\/\/global-medica.com\/wp-content\/uploads\/2024\/05\/titulobarra-01-1024x107.jpg 1024w, https:\/\/global-medica.com\/wp-content\/uploads\/2024\/05\/titulobarra-01-768x80.jpg 768w, https:\/\/global-medica.com\/wp-content\/uploads\/2024\/05\/titulobarra-01-1536x160.jpg 1536w, https:\/\/global-medica.com\/wp-content\/uploads\/2024\/05\/titulobarra-01-18x2.jpg 18w, https:\/\/global-medica.com\/wp-content\/uploads\/2024\/05\/titulobarra-01-600x63.jpg 600w\" sizes=\"(max-width: 1920px) 100vw, 1920px\" \/>\t\t\t\t\t\t\t\t\t\t\t\t\t\t\t<\/div>\n\t\t\t\t<\/div>\n\t\t\t\t<\/div>\n\t\t<div class=\"elementor-element elementor-element-def9947 e-flex e-con-boxed e-con e-parent\" data-id=\"def9947\" data-element_type=\"container\" data-e-type=\"container\">\n\t\t\t\t\t<div class=\"e-con-inner\">\n\t\t<div class=\"elementor-element elementor-element-3c447dd e-con-full e-flex e-con e-child\" data-id=\"3c447dd\" data-element_type=\"container\" data-e-type=\"container\">\n\t\t\t\t<div class=\"elementor-element elementor-element-89e2188 gm-h2 max740 elementor-widget__width-inherit elementor-widget elementor-widget-heading\" data-id=\"89e2188\" data-element_type=\"widget\" data-e-type=\"widget\" data-widget_type=\"heading.default\">\n\t\t\t\t<div class=\"elementor-widget-container\">\n\t\t\t\t\t<h2 class=\"elementor-heading-title elementor-size-default\">TECHNICAL SERVICE<\/h2>\t\t\t\t<\/div>\n\t\t\t\t<\/div>\n\t\t\t\t<div class=\"elementor-element elementor-element-c2c1980 elementor-widget__width-inherit max740 elementor-widget elementor-widget-text-editor\" data-id=\"c2c1980\" data-element_type=\"widget\" data-e-type=\"widget\" data-widget_type=\"text-editor.default\">\n\t\t\t\t<div class=\"elementor-widget-container\">\n\t\t\t\t\t\t\t\t\t<p>Our Technical Service complements our pre- and post-sales consulting process, thereby meeting our customers\u2019 needs.<\/p><p>The Service team constantly adapts to the requirements of ever-evolving technology, ensuring our clients stay current with the latest advances and techniques related to healthcare technology.<\/p><p>Our Technicians and Service Engineers specialize in the clinical field and have been trained under our manufacturers\u2019 strict standards.<\/p><p>We currently have engineers providing service throughout all the Caribbean regions where we maintain a presence.<\/p>\t\t\t\t\t\t\t\t<\/div>\n\t\t\t\t<\/div>\n\t\t\t\t<\/div>\n\t\t<div class=\"elementor-element elementor-element-0a87eb2 e-con-full e-flex e-con e-child\" data-id=\"0a87eb2\" data-element_type=\"container\" data-e-type=\"container\" data-settings=\"{&quot;background_background&quot;:&quot;classic&quot;}\">\n\t\t\t\t<div class=\"elementor-element elementor-element-44b815c elementor-widget elementor-widget-image\" data-id=\"44b815c\" data-element_type=\"widget\" data-e-type=\"widget\" data-widget_type=\"image.default\">\n\t\t\t\t<div class=\"elementor-widget-container\">\n\t\t\t\t\t\t\t\t\t\t\t\t\t\t\t<img decoding=\"async\" width=\"627\" height=\"957\" src=\"https:\/\/global-medica.com\/wp-content\/uploads\/2024\/05\/servicio-01.jpg\" class=\"attachment-large size-large wp-image-670\" alt=\"medical image professionals\" srcset=\"https:\/\/global-medica.com\/wp-content\/uploads\/2024\/05\/servicio-01.jpg 627w, https:\/\/global-medica.com\/wp-content\/uploads\/2024\/05\/servicio-01-197x300.jpg 197w, https:\/\/global-medica.com\/wp-content\/uploads\/2024\/05\/servicio-01-8x12.jpg 8w, https:\/\/global-medica.com\/wp-content\/uploads\/2024\/05\/servicio-01-600x916.jpg 600w\" sizes=\"(max-width: 627px) 100vw, 627px\" \/>\t\t\t\t\t\t\t\t\t\t\t\t\t\t\t<\/div>\n\t\t\t\t<\/div>\n\t\t\t\t<\/div>\n\t\t\t\t\t<\/div>\n\t\t\t\t<\/div>\n\t\t<div class=\"elementor-element elementor-element-41dc33f e-flex e-con-boxed e-con e-parent\" data-id=\"41dc33f\" data-element_type=\"container\" data-e-type=\"container\">\n\t\t\t\t\t<div class=\"e-con-inner\">\n\t\t\t\t<div class=\"elementor-element elementor-element-5a7a0a0 elementor-widget-divider--view-line elementor-invisible elementor-widget elementor-widget-divider\" data-id=\"5a7a0a0\" data-element_type=\"widget\" data-e-type=\"widget\" data-settings=\"{&quot;_animation&quot;:&quot;fadeIn&quot;}\" data-widget_type=\"divider.default\">\n\t\t\t\t<div class=\"elementor-widget-container\">\n\t\t\t\t\t\t\t<div class=\"elementor-divider\">\n\t\t\t<span class=\"elementor-divider-separator\">\n\t\t\t\t\t\t<\/span>\n\t\t<\/div>\n\t\t\t\t\t\t<\/div>\n\t\t\t\t<\/div>\n\t\t\t\t\t<\/div>\n\t\t\t\t<\/div>\n\t\t<div class=\"elementor-element elementor-element-1124e81 e-flex e-con-boxed e-con e-parent\" data-id=\"1124e81\" data-element_type=\"container\" data-e-type=\"container\">\n\t\t\t\t\t<div class=\"e-con-inner\">\n\t\t<div class=\"elementor-element elementor-element-8a205f2 e-con-full e-flex e-con e-child\" data-id=\"8a205f2\" data-element_type=\"container\" data-e-type=\"container\">\n\t\t\t\t<div class=\"elementor-element elementor-element-91ec074 gm-h2 elementor-widget__width-inherit elementor-widget elementor-widget-heading\" data-id=\"91ec074\" data-element_type=\"widget\" data-e-type=\"widget\" data-widget_type=\"heading.default\">\n\t\t\t\t<div class=\"elementor-widget-container\">\n\t\t\t\t\t<h2 class=\"elementor-heading-title elementor-size-default\">CONTACT<\/h2>\t\t\t\t<\/div>\n\t\t\t\t<\/div>\n\t\t\t\t<div class=\"elementor-element elementor-element-dd93351 elementor-widget elementor-widget-text-editor\" data-id=\"dd93351\" data-element_type=\"widget\" data-e-type=\"widget\" data-widget_type=\"text-editor.default\">\n\t\t\t\t<div class=\"elementor-widget-container\">\n\t\t\t\t\t\t\t\t\t<p>\n<div class=\"wpcf7 no-js\" id=\"wpcf7-f396-o1\" lang=\"en-US\" dir=\"ltr\" data-wpcf7-id=\"396\">\n<div class=\"screen-reader-response\"><p role=\"status\" aria-live=\"polite\" aria-atomic=\"true\"><\/p> <ul><\/ul><\/div>\n<form action=\"\/en\/wp-json\/wp\/v2\/pages\/668#wpcf7-f396-o1\" method=\"post\" class=\"wpcf7-form init\" aria-label=\"Contact form\" novalidate=\"novalidate\" data-status=\"init\" data-trp-original-action=\"\/en\/wp-json\/wp\/v2\/pages\/668#wpcf7-f396-o1\">\n<fieldset class=\"hidden-fields-container\"><input type=\"hidden\" name=\"_wpcf7\" value=\"396\" \/><input type=\"hidden\" name=\"_wpcf7_version\" value=\"6.1.5\" \/><input type=\"hidden\" name=\"_wpcf7_locale\" value=\"en_US\" \/><input type=\"hidden\" name=\"_wpcf7_unit_tag\" value=\"wpcf7-f396-o1\" \/><input type=\"hidden\" name=\"_wpcf7_container_post\" value=\"0\" \/><input type=\"hidden\" name=\"_wpcf7_posted_data_hash\" value=\"\" \/><input type=\"hidden\" name=\"_wpcf7_recaptcha_response\" value=\"\" \/>\n<\/fieldset>\n<div class=\"formulario\">\n\t<div class=\"col1\">\n\t\t<p><span class=\"wpcf7-form-control-wrap\" data-name=\"glob-name\"><input size=\"40\" maxlength=\"400\" class=\"wpcf7-form-control wpcf7-text wpcf7-validates-as-required\" autocomplete=\"name\" aria-required=\"true\" aria-invalid=\"false\" placeholder=\"Name\" value=\"\" type=\"text\" name=\"glob-name\" \/><\/span>\n\t\t<\/p>\n\t<\/div>\n\t<div class=\"col2\">\n\t\t<p><span class=\"wpcf7-form-control-wrap\" data-name=\"glob-email\"><input size=\"40\" maxlength=\"400\" class=\"wpcf7-form-control wpcf7-email wpcf7-validates-as-required wpcf7-text wpcf7-validates-as-email\" autocomplete=\"email\" aria-required=\"true\" aria-invalid=\"false\" placeholder=\"E-mail\" value=\"\" type=\"email\" name=\"glob-email\" \/><\/span>\n\t\t<\/p>\n\t<\/div>\n\t<p><span class=\"wpcf7-form-control-wrap\" data-name=\"glob-subject\"><input size=\"40\" maxlength=\"400\" class=\"wpcf7-form-control wpcf7-text wpcf7-validates-as-required\" aria-required=\"true\" aria-invalid=\"false\" placeholder=\"Subject\" value=\"\" type=\"text\" name=\"glob-subject\" \/><\/span>\n\t<\/p>\n\t<p><span class=\"wpcf7-form-control-wrap\" data-name=\"glob-message\"><textarea cols=\"40\" rows=\"10\" maxlength=\"2000\" class=\"wpcf7-form-control wpcf7-textarea\" aria-invalid=\"false\" placeholder=\"Message\" name=\"glob-message\"><\/textarea><\/span>\n\t<\/p>\n\t<p><input class=\"wpcf7-form-control wpcf7-submit has-spinner\" type=\"submit\" value=\"Send\" \/>\n\t<\/p>\n<\/div><div class=\"wpcf7-response-output\" aria-hidden=\"true\"><\/div>\n<input type=\"hidden\" name=\"trp-form-language\" value=\"en\"\/><\/form>\n<\/div>\n<\/p>\t\t\t\t\t\t\t\t<\/div>\n\t\t\t\t<\/div>\n\t\t\t\t<\/div>\n\t\t<div class=\"elementor-element elementor-element-b6cae65 e-con-full e-flex e-con e-child\" data-id=\"b6cae65\" data-element_type=\"container\" data-e-type=\"container\">\n\t\t\t\t<div class=\"elementor-element elementor-element-138d2e3 elementor-widget elementor-widget-heading\" data-id=\"138d2e3\" data-element_type=\"widget\" data-e-type=\"widget\" data-widget_type=\"heading.default\">\n\t\t\t\t<div class=\"elementor-widget-container\">\n\t\t\t\t\t<h2 class=\"elementor-heading-title elementor-size-default\">Sales department<\/h2>\t\t\t\t<\/div>\n\t\t\t\t<\/div>\n\t\t\t\t<div class=\"elementor-element elementor-element-7cf1970 elementor-widget elementor-widget-text-editor\" data-id=\"7cf1970\" data-element_type=\"widget\" data-e-type=\"widget\" data-widget_type=\"text-editor.default\">\n\t\t\t\t<div class=\"elementor-widget-container\">\n\t\t\t\t\t\t\t\t\t<p><img decoding=\"async\" class=\"alignnone size-full wp-image-917\" src=\"https:\/\/global-medica.com\/wp-content\/uploads\/2024\/05\/icon-phone-1.gif\" alt=\"\" width=\"23\" height=\"22\" srcset=\"https:\/\/global-medica.com\/wp-content\/uploads\/2024\/05\/icon-phone-1.gif 23w, https:\/\/global-medica.com\/wp-content\/uploads\/2024\/05\/icon-phone-1-13x12.gif 13w\" sizes=\"(max-width: 23px) 100vw, 23px\" \/>+1 (809) 333-1100<br \/><img loading=\"lazy\" decoding=\"async\" class=\"alignnone size-full wp-image-915\" src=\"https:\/\/global-medica.com\/wp-content\/uploads\/2024\/05\/icon-email-1.gif\" alt=\"\" width=\"23\" height=\"22\" srcset=\"https:\/\/global-medica.com\/wp-content\/uploads\/2024\/05\/icon-email-1.gif 23w, https:\/\/global-medica.com\/wp-content\/uploads\/2024\/05\/icon-email-1-13x12.gif 13w\" sizes=\"(max-width: 23px) 100vw, 23px\" \/>\u00a0sales@global-medica.com<\/p>\t\t\t\t\t\t\t\t<\/div>\n\t\t\t\t<\/div>\n\t\t\t\t<div class=\"elementor-element elementor-element-3da5134 elementor-widget elementor-widget-heading\" data-id=\"3da5134\" data-element_type=\"widget\" data-e-type=\"widget\" data-widget_type=\"heading.default\">\n\t\t\t\t<div class=\"elementor-widget-container\">\n\t\t\t\t\t<h2 class=\"elementor-heading-title elementor-size-default\">Service for the entire Caribbean:<\/h2>\t\t\t\t<\/div>\n\t\t\t\t<\/div>\n\t\t\t\t<div class=\"elementor-element elementor-element-b9e7143 elementor-widget elementor-widget-text-editor\" data-id=\"b9e7143\" data-element_type=\"widget\" data-e-type=\"widget\" data-widget_type=\"text-editor.default\">\n\t\t\t\t<div class=\"elementor-widget-container\">\n\t\t\t\t\t\t\t\t\t<p><img decoding=\"async\" class=\"alignnone size-full wp-image-917\" src=\"https:\/\/global-medica.com\/wp-content\/uploads\/2024\/05\/icon-phone-1.gif\" alt=\"\" width=\"23\" height=\"22\" srcset=\"https:\/\/global-medica.com\/wp-content\/uploads\/2024\/05\/icon-phone-1.gif 23w, https:\/\/global-medica.com\/wp-content\/uploads\/2024\/05\/icon-phone-1-13x12.gif 13w\" sizes=\"(max-width: 23px) 100vw, 23px\" \/>+1 (809) 333-1100 ext. 217 \/ 239 <br \/><img loading=\"lazy\" decoding=\"async\" class=\"alignnone size-medium wp-image-916\" src=\"https:\/\/global-medica.com\/wp-content\/uploads\/2024\/05\/icon-whatsapp-1.gif\" alt=\"\" width=\"23\" height=\"22\" srcset=\"https:\/\/global-medica.com\/wp-content\/uploads\/2024\/05\/icon-whatsapp-1.gif 23w, https:\/\/global-medica.com\/wp-content\/uploads\/2024\/05\/icon-whatsapp-1-13x12.gif 13w\" sizes=\"(max-width: 23px) 100vw, 23px\" \/>+1 (829) 629-1776<br \/><img loading=\"lazy\" decoding=\"async\" class=\"alignnone size-medium wp-image-916\" src=\"https:\/\/global-medica.com\/wp-content\/uploads\/2024\/05\/icon-whatsapp-1.gif\" alt=\"\" width=\"23\" height=\"22\" srcset=\"https:\/\/global-medica.com\/wp-content\/uploads\/2024\/05\/icon-whatsapp-1.gif 23w, https:\/\/global-medica.com\/wp-content\/uploads\/2024\/05\/icon-whatsapp-1-13x12.gif 13w\" sizes=\"(max-width: 23px) 100vw, 23px\" \/>+1 (829) 659-3671<br \/><img loading=\"lazy\" decoding=\"async\" class=\"alignnone size-full wp-image-915\" src=\"https:\/\/global-medica.com\/wp-content\/uploads\/2024\/05\/icon-email-1.gif\" alt=\"\" width=\"23\" height=\"22\" srcset=\"https:\/\/global-medica.com\/wp-content\/uploads\/2024\/05\/icon-email-1.gif 23w, https:\/\/global-medica.com\/wp-content\/uploads\/2024\/05\/icon-email-1-13x12.gif 13w\" sizes=\"(max-width: 23px) 100vw, 23px\" \/> service@global-medica.com<\/p>\t\t\t\t\t\t\t\t<\/div>\n\t\t\t\t<\/div>\n\t\t\t\t<\/div>\n\t\t\t\t\t<\/div>\n\t\t\t\t<\/div>\n\t\t\t\t<\/div>","protected":false},"excerpt":{"rendered":"<p>SERVICIO T\u00c9CNICO El Servicio T\u00e9cnico complementa nuestro proceso de Asesoramiento Pre y post Venta, cubriendo as\u00ed las necesidades de los clientes. El equipo de Servicio, constantemente, se adapta eficientemente a los requerimientos de una Tecnolog\u00eda en constante Evoluci\u00f3n, logrando as\u00ed mantener a nuestros clientes actualizados con los \u00faltimos avances y t\u00e9cnicas relacionados con la tecnolog\u00eda [&hellip;]<\/p>\n","protected":false},"author":1,"featured_media":0,"parent":0,"menu_order":6,"comment_status":"closed","ping_status":"closed","template":"elementor_header_footer","meta":{"footnotes":""},"class_list":["post-668","page","type-page","status-publish","hentry"],"yoast_head":"<!-- This site is optimized with the Yoast SEO plugin v27.3 - https:\/\/yoast.com\/product\/yoast-seo-wordpress\/ -->\n<title>Service - Global Medica - Global M\u00e9dica DR<\/title>\n<meta name=\"description\" content=\"Our Technical Service complements our pre- and post-sales consulting process, thereby meeting our customers\u2019 needs.\" \/>\n<meta name=\"robots\" content=\"index, follow, max-snippet:-1, max-image-preview:large, max-video-preview:-1\" \/>\n<link rel=\"canonical\" href=\"https:\/\/global-medica.com\/en\/servicios\/\" \/>\n<meta property=\"og:locale\" content=\"en_US\" \/>\n<meta property=\"og:type\" content=\"article\" \/>\n<meta property=\"og:title\" content=\"Service - Global Medica - Global M\u00e9dica DR\" \/>\n<meta property=\"og:description\" content=\"Our Technical Service complements our pre- and post-sales consulting process, thereby meeting our customers\u2019 needs.\" \/>\n<meta property=\"og:url\" content=\"https:\/\/global-medica.com\/en\/servicios\/\" \/>\n<meta property=\"og:site_name\" content=\"Global Medica\" \/>\n<meta property=\"article:publisher\" content=\"https:\/\/www.facebook.com\/gmglobalmedica\" \/>\n<meta property=\"article:modified_time\" content=\"2025-09-09T14:45:11+00:00\" \/>\n<meta property=\"og:image\" content=\"https:\/\/global-medica.com\/wp-content\/uploads\/2024\/05\/titulobarra-01.jpg\" \/>\n<meta name=\"twitter:card\" content=\"summary_large_image\" \/>\n<meta name=\"twitter:label1\" content=\"Est. reading time\" \/>\n\t<meta name=\"twitter:data1\" content=\"3 minutes\" \/>\n<script type=\"application\/ld+json\" class=\"yoast-schema-graph\">{\"@context\":\"https:\\\/\\\/schema.org\",\"@graph\":[{\"@type\":\"WebPage\",\"@id\":\"https:\\\/\\\/global-medica.com\\\/servicios\\\/\",\"url\":\"https:\\\/\\\/global-medica.com\\\/servicios\\\/\",\"name\":\"Servicio\",\"isPartOf\":{\"@id\":\"https:\\\/\\\/global-medica.com\\\/#website\"},\"primaryImageOfPage\":{\"@id\":\"https:\\\/\\\/global-medica.com\\\/servicios\\\/#primaryimage\"},\"image\":{\"@id\":\"https:\\\/\\\/global-medica.com\\\/servicios\\\/#primaryimage\"},\"thumbnailUrl\":\"https:\\\/\\\/global-medica.com\\\/wp-content\\\/uploads\\\/2024\\\/05\\\/titulobarra-01.jpg\",\"datePublished\":\"2024-05-13T10:54:06+00:00\",\"dateModified\":\"2025-09-09T14:45:11+00:00\",\"description\":\"El Servicio T\u00e9cnico complementa nuestro proceso de Asesoramiento Pre y post Venta, cubriendo as\u00ed las necesidades de los clientes.\",\"breadcrumb\":{\"@id\":\"https:\\\/\\\/global-medica.com\\\/servicios\\\/#breadcrumb\"},\"inLanguage\":\"en-US\",\"potentialAction\":[{\"@type\":\"ReadAction\",\"target\":[\"https:\\\/\\\/global-medica.com\\\/servicios\\\/\"]}]},{\"@type\":\"ImageObject\",\"inLanguage\":\"en-US\",\"@id\":\"https:\\\/\\\/global-medica.com\\\/servicios\\\/#primaryimage\",\"url\":\"https:\\\/\\\/global-medica.com\\\/wp-content\\\/uploads\\\/2024\\\/05\\\/titulobarra-01.jpg\",\"contentUrl\":\"https:\\\/\\\/global-medica.com\\\/wp-content\\\/uploads\\\/2024\\\/05\\\/titulobarra-01.jpg\"},{\"@type\":\"BreadcrumbList\",\"@id\":\"https:\\\/\\\/global-medica.com\\\/servicios\\\/#breadcrumb\",\"itemListElement\":[{\"@type\":\"ListItem\",\"position\":1,\"name\":\"Home\",\"item\":\"https:\\\/\\\/global-medica.com\\\/\"},{\"@type\":\"ListItem\",\"position\":2,\"name\":\"Servicio\"}]},{\"@type\":\"WebSite\",\"@id\":\"https:\\\/\\\/global-medica.com\\\/#website\",\"url\":\"https:\\\/\\\/global-medica.com\\\/\",\"name\":\"Global Medica\",\"description\":\"Global Medica\",\"publisher\":{\"@id\":\"https:\\\/\\\/global-medica.com\\\/#organization\"},\"inLanguage\":\"en-US\"},{\"@type\":\"Organization\",\"@id\":\"https:\\\/\\\/global-medica.com\\\/#organization\",\"name\":\"Global Medica\",\"url\":\"https:\\\/\\\/global-medica.com\\\/\",\"logo\":{\"@type\":\"ImageObject\",\"inLanguage\":\"en-US\",\"@id\":\"https:\\\/\\\/global-medica.com\\\/#\\\/schema\\\/logo\\\/image\\\/\",\"url\":\"https:\\\/\\\/global-medica.com\\\/wp-content\\\/uploads\\\/2024\\\/04\\\/global-logo.png\",\"contentUrl\":\"https:\\\/\\\/global-medica.com\\\/wp-content\\\/uploads\\\/2024\\\/04\\\/global-logo.png\",\"width\":312,\"height\":84,\"caption\":\"Global Medica\"},\"image\":{\"@id\":\"https:\\\/\\\/global-medica.com\\\/#\\\/schema\\\/logo\\\/image\\\/\"},\"sameAs\":[\"https:\\\/\\\/www.facebook.com\\\/gmglobalmedica\",\"https:\\\/\\\/www.instagram.com\\\/globalmedica\\\/\",\"https:\\\/\\\/www.linkedin.com\\\/company\\\/67924728\",\"https:\\\/\\\/www.youtube.com\\\/channel\\\/UCWT2KUVVms56vwB0N9r8qKQ\\\/\"]}]}<\/script>\n<!-- \/ Yoast SEO plugin. -->","yoast_head_json":{"title":"Service - Global Medica - Global M\u00e9dica DR","description":"Our Technical Service complements our pre- and post-sales consulting process, thereby meeting our customers\u2019 needs.","robots":{"index":"index","follow":"follow","max-snippet":"max-snippet:-1","max-image-preview":"max-image-preview:large","max-video-preview":"max-video-preview:-1"},"canonical":"https:\/\/global-medica.com\/en\/servicios\/","og_locale":"en_US","og_type":"article","og_title":"Service - Global Medica - Global M\u00e9dica DR","og_description":"Our Technical Service complements our pre- and post-sales consulting process, thereby meeting our customers\u2019 needs.","og_url":"https:\/\/global-medica.com\/en\/servicios\/","og_site_name":"Global Medica","article_publisher":"https:\/\/www.facebook.com\/gmglobalmedica","article_modified_time":"2025-09-09T14:45:11+00:00","og_image":[{"url":"https:\/\/global-medica.com\/wp-content\/uploads\/2024\/05\/titulobarra-01.jpg","type":"","width":"","height":""}],"twitter_card":"summary_large_image","twitter_misc":{"Est. reading time":"3 minutes"},"schema":{"@context":"https:\/\/schema.org","@graph":[{"@type":"WebPage","@id":"https:\/\/global-medica.com\/servicios\/","url":"https:\/\/global-medica.com\/servicios\/","name":"Service","isPartOf":{"@id":"https:\/\/global-medica.com\/#website"},"primaryImageOfPage":{"@id":"https:\/\/global-medica.com\/servicios\/#primaryimage"},"image":{"@id":"https:\/\/global-medica.com\/servicios\/#primaryimage"},"thumbnailUrl":"https:\/\/global-medica.com\/wp-content\/uploads\/2024\/05\/titulobarra-01.jpg","datePublished":"2024-05-13T10:54:06+00:00","dateModified":"2025-09-09T14:45:11+00:00","description":"Our Technical Service complements our pre- and post-sales consulting process, thereby meeting our customers\u2019 needs.","breadcrumb":{"@id":"https:\/\/global-medica.com\/servicios\/#breadcrumb"},"inLanguage":"en-US","potentialAction":[{"@type":"ReadAction","target":["https:\/\/global-medica.com\/servicios\/"]}]},{"@type":"ImageObject","inLanguage":"en-US","@id":"https:\/\/global-medica.com\/servicios\/#primaryimage","url":"https:\/\/global-medica.com\/wp-content\/uploads\/2024\/05\/titulobarra-01.jpg","contentUrl":"https:\/\/global-medica.com\/wp-content\/uploads\/2024\/05\/titulobarra-01.jpg"},{"@type":"BreadcrumbList","@id":"https:\/\/global-medica.com\/servicios\/#breadcrumb","itemListElement":[{"@type":"ListItem","position":1,"name":"Home","item":"https:\/\/global-medica.com\/"},{"@type":"ListItem","position":2,"name":"Servicio"}]},{"@type":"WebSite","@id":"https:\/\/global-medica.com\/#website","url":"https:\/\/global-medica.com\/","name":"Global Medica","description":"Global Medica","publisher":{"@id":"https:\/\/global-medica.com\/#organization"},"inLanguage":"en-US"},{"@type":"Organization","@id":"https:\/\/global-medica.com\/#organization","name":"Global Medica","url":"https:\/\/global-medica.com\/","logo":{"@type":"ImageObject","inLanguage":"en-US","@id":"https:\/\/global-medica.com\/#\/schema\/logo\/image\/","url":"https:\/\/global-medica.com\/wp-content\/uploads\/2024\/04\/global-logo.png","contentUrl":"https:\/\/global-medica.com\/wp-content\/uploads\/2024\/04\/global-logo.png","width":312,"height":84,"caption":"Global Medica"},"image":{"@id":"https:\/\/global-medica.com\/#\/schema\/logo\/image\/"},"sameAs":["https:\/\/www.facebook.com\/gmglobalmedica","https:\/\/www.instagram.com\/globalmedica\/","https:\/\/www.linkedin.com\/company\/67924728","https:\/\/www.youtube.com\/channel\/UCWT2KUVVms56vwB0N9r8qKQ\/"]}]}},"_links":{"self":[{"href":"https:\/\/global-medica.com\/en\/wp-json\/wp\/v2\/pages\/668","targetHints":{"allow":["GET"]}}],"collection":[{"href":"https:\/\/global-medica.com\/en\/wp-json\/wp\/v2\/pages"}],"about":[{"href":"https:\/\/global-medica.com\/en\/wp-json\/wp\/v2\/types\/page"}],"author":[{"embeddable":true,"href":"https:\/\/global-medica.com\/en\/wp-json\/wp\/v2\/users\/1"}],"replies":[{"embeddable":true,"href":"https:\/\/global-medica.com\/en\/wp-json\/wp\/v2\/comments?post=668"}],"version-history":[{"count":1,"href":"https:\/\/global-medica.com\/en\/wp-json\/wp\/v2\/pages\/668\/revisions"}],"predecessor-version":[{"id":3335,"href":"https:\/\/global-medica.com\/en\/wp-json\/wp\/v2\/pages\/668\/revisions\/3335"}],"wp:attachment":[{"href":"https:\/\/global-medica.com\/en\/wp-json\/wp\/v2\/media?parent=668"}],"curies":[{"name":"wp","href":"https:\/\/api.w.org\/{rel}","templated":true}]}}