{"id":4417,"date":"2026-04-27T12:18:22","date_gmt":"2026-04-27T12:18:22","guid":{"rendered":"https:\/\/global-medica.com\/?page_id=4417"},"modified":"2026-04-27T15:20:57","modified_gmt":"2026-04-27T15:20:57","slug":"lentes-intraoculares","status":"publish","type":"page","link":"https:\/\/global-medica.com\/en\/surgical-division\/oftalmologia\/lentes-intraoculares\/","title":{"rendered":"Intraocular lenses"},"content":{"rendered":"<div data-elementor-type=\"wp-page\" data-elementor-id=\"4417\" class=\"elementor elementor-4417\" data-elementor-post-type=\"page\">\n\t\t\t\t<div class=\"elementor-element elementor-element-e239257 e-con-full e-flex elementor-invisible e-con e-parent\" data-id=\"e239257\" data-element_type=\"container\" data-e-type=\"container\" data-settings=\"{&quot;animation&quot;:&quot;fadeIn&quot;}\">\n\t\t\t\t<div class=\"elementor-element elementor-element-0900f48 elementor-widget elementor-widget-image\" data-id=\"0900f48\" data-element_type=\"widget\" data-e-type=\"widget\" data-widget_type=\"image.default\">\n\t\t\t\t<div class=\"elementor-widget-container\">\n\t\t\t\t\t\t\t\t\t\t\t\t\t\t\t<img fetchpriority=\"high\" decoding=\"async\" width=\"1920\" height=\"200\" src=\"https:\/\/global-medica.com\/wp-content\/uploads\/2024\/05\/titulobarra-01.jpg\" class=\"attachment-full size-full wp-image-631\" alt=\"title image\" srcset=\"https:\/\/global-medica.com\/wp-content\/uploads\/2024\/05\/titulobarra-01.jpg 1920w, https:\/\/global-medica.com\/wp-content\/uploads\/2024\/05\/titulobarra-01-300x31.jpg 300w, https:\/\/global-medica.com\/wp-content\/uploads\/2024\/05\/titulobarra-01-1024x107.jpg 1024w, https:\/\/global-medica.com\/wp-content\/uploads\/2024\/05\/titulobarra-01-768x80.jpg 768w, https:\/\/global-medica.com\/wp-content\/uploads\/2024\/05\/titulobarra-01-1536x160.jpg 1536w, https:\/\/global-medica.com\/wp-content\/uploads\/2024\/05\/titulobarra-01-18x2.jpg 18w, https:\/\/global-medica.com\/wp-content\/uploads\/2024\/05\/titulobarra-01-600x63.jpg 600w\" sizes=\"(max-width: 1920px) 100vw, 1920px\" \/>\t\t\t\t\t\t\t\t\t\t\t\t\t\t\t<\/div>\n\t\t\t\t<\/div>\n\t\t\t\t<\/div>\n\t\t<div class=\"elementor-element elementor-element-6646e1b e-flex e-con-boxed elementor-invisible e-con e-parent\" data-id=\"6646e1b\" data-element_type=\"container\" data-e-type=\"container\" data-settings=\"{&quot;animation&quot;:&quot;fadeIn&quot;}\">\n\t\t\t\t\t<div class=\"e-con-inner\">\n\t\t\t\t<div class=\"elementor-element elementor-element-b2099b3 elementor-widget elementor-widget-heading\" data-id=\"b2099b3\" data-element_type=\"widget\" data-e-type=\"widget\" data-widget_type=\"heading.default\">\n\t\t\t\t<div class=\"elementor-widget-container\">\n\t\t\t\t\t<h2 class=\"elementor-heading-title elementor-size-default\">Products<\/h2>\t\t\t\t<\/div>\n\t\t\t\t<\/div>\n\t\t\t\t<div class=\"elementor-element elementor-element-620ce85 elementor-widget elementor-widget-heading\" data-id=\"620ce85\" data-element_type=\"widget\" data-e-type=\"widget\" data-widget_type=\"heading.default\">\n\t\t\t\t<div class=\"elementor-widget-container\">\n\t\t\t\t\t<h2 class=\"elementor-heading-title elementor-size-default\">Intraocular lenses<\/h2>\t\t\t\t<\/div>\n\t\t\t\t<\/div>\n\t\t\t\t<div class=\"elementor-element elementor-element-49fba5e elementor-align-center gs-breadcrumb elementor-widget elementor-widget-woolentor-breadcrumbs-addons\" data-id=\"49fba5e\" data-element_type=\"widget\" data-e-type=\"widget\" data-widget_type=\"woolentor-breadcrumbs-addons.default\">\n\t\t\t\t<div class=\"elementor-widget-container\">\n\t\t\t\t\t<div class=\"woolentor-breadcrumb\"><nav class=\"woocommerce-breadcrumb\" data-no-translation=\"\" data-trp-gettext=\"\">Home<\/nav><\/div>\t\t\t\t<\/div>\n\t\t\t\t<\/div>\n\t\t\t\t<div class=\"elementor-element elementor-element-3e9bfe8 elementor-widget elementor-widget-text-editor\" data-id=\"3e9bfe8\" data-element_type=\"widget\" data-e-type=\"widget\" data-widget_type=\"text-editor.default\">\n\t\t\t\t<div class=\"elementor-widget-container\">\n\t\t\t\t\t\t\t\t\tLa familia Clarion de Alcon representa la generaci\u00f3n m\u00e1s avanzada de lentes intraoculares. Fabricados con un material patentado que mantiene su claridad \u00f3ptica a largo plazo, los lentes Clarion reducen la incidencia de glistening y opacificaci\u00f3n. El portafolio cubre desde Clarion Toric para correcci\u00f3n de astigmatismo, pasando por Vivity Toric con rango de visi\u00f3n extendido, hasta PanOptix Toric, el trifocal con mayor independencia de gafas del mercado. AutonoMe completa la oferta con implantaci\u00f3n automatizada a trav\u00e9s de una incisi\u00f3n de 2.2 mm.\t\t\t\t\t\t\t\t<\/div>\n\t\t\t\t<\/div>\n\t\t\t\t\t<\/div>\n\t\t\t\t<\/div>\n\t\t<div class=\"elementor-element elementor-element-7c74162 e-flex e-con-boxed elementor-invisible e-con e-parent\" data-id=\"7c74162\" data-element_type=\"container\" data-e-type=\"container\" data-settings=\"{&quot;animation&quot;:&quot;fadeIn&quot;}\">\n\t\t\t\t\t<div class=\"e-con-inner\">\n\t\t<div class=\"elementor-element elementor-element-252dc01 e-con-full e-flex e-con e-child\" data-id=\"252dc01\" data-element_type=\"container\" data-e-type=\"container\">\n\t\t\t\t<div class=\"elementor-element elementor-element-be88265 elementor-position-top elementor-widget elementor-widget-image-box\" data-id=\"be88265\" data-element_type=\"widget\" data-e-type=\"widget\" data-widget_type=\"image-box.default\">\n\t\t\t\t<div class=\"elementor-widget-container\">\n\t\t\t\t\t<div class=\"elementor-image-box-wrapper\"><figure class=\"elementor-image-box-img\"><a href=\"https:\/\/global-medica.com\/en\/surgical-division\/oftalmologia\/lentes-intraoculares\/clarion-vivity-toric\/\" tabindex=\"-1\"><img decoding=\"async\" width=\"600\" height=\"600\" src=\"https:\/\/global-medica.com\/wp-content\/uploads\/2026\/04\/Clarion-Vivity-Toric.jpg\" class=\"attachment-full size-full wp-image-4462\" alt=\"\" srcset=\"https:\/\/global-medica.com\/wp-content\/uploads\/2026\/04\/Clarion-Vivity-Toric.jpg 600w, https:\/\/global-medica.com\/wp-content\/uploads\/2026\/04\/Clarion-Vivity-Toric-300x300.jpg 300w, https:\/\/global-medica.com\/wp-content\/uploads\/2026\/04\/Clarion-Vivity-Toric-150x150.jpg 150w, https:\/\/global-medica.com\/wp-content\/uploads\/2026\/04\/Clarion-Vivity-Toric-12x12.jpg 12w, https:\/\/global-medica.com\/wp-content\/uploads\/2026\/04\/Clarion-Vivity-Toric-100x100.jpg 100w\" sizes=\"(max-width: 600px) 100vw, 600px\" \/><\/a><\/figure><div class=\"elementor-image-box-content\"><h3 class=\"elementor-image-box-title\"><a href=\"https:\/\/global-medica.com\/en\/surgical-division\/oftalmologia\/lentes-intraoculares\/clarion-vivity-toric\/\">Clarion Vivity Toric<\/a><\/h3><\/div><\/div>\t\t\t\t<\/div>\n\t\t\t\t<\/div>\n\t\t\t\t<\/div>\n\t\t<div class=\"elementor-element elementor-element-843c072 e-con-full e-flex e-con e-child\" data-id=\"843c072\" data-element_type=\"container\" data-e-type=\"container\">\n\t\t\t\t<div class=\"elementor-element elementor-element-9262105 elementor-position-top elementor-widget elementor-widget-image-box\" data-id=\"9262105\" data-element_type=\"widget\" data-e-type=\"widget\" data-widget_type=\"image-box.default\">\n\t\t\t\t<div class=\"elementor-widget-container\">\n\t\t\t\t\t<div class=\"elementor-image-box-wrapper\"><figure class=\"elementor-image-box-img\"><a href=\"https:\/\/global-medica.com\/en\/surgical-division\/oftalmologia\/lentes-intraoculares\/clarion-panoptix-toric\/\" tabindex=\"-1\"><img decoding=\"async\" width=\"600\" height=\"600\" src=\"https:\/\/global-medica.com\/wp-content\/uploads\/2026\/04\/Clarion-PanOptix-Toric.jpg\" class=\"attachment-full size-full wp-image-4463\" alt=\"\" srcset=\"https:\/\/global-medica.com\/wp-content\/uploads\/2026\/04\/Clarion-PanOptix-Toric.jpg 600w, https:\/\/global-medica.com\/wp-content\/uploads\/2026\/04\/Clarion-PanOptix-Toric-300x300.jpg 300w, https:\/\/global-medica.com\/wp-content\/uploads\/2026\/04\/Clarion-PanOptix-Toric-150x150.jpg 150w, https:\/\/global-medica.com\/wp-content\/uploads\/2026\/04\/Clarion-PanOptix-Toric-12x12.jpg 12w, https:\/\/global-medica.com\/wp-content\/uploads\/2026\/04\/Clarion-PanOptix-Toric-100x100.jpg 100w\" sizes=\"(max-width: 600px) 100vw, 600px\" \/><\/a><\/figure><div class=\"elementor-image-box-content\"><h3 class=\"elementor-image-box-title\"><a href=\"https:\/\/global-medica.com\/en\/surgical-division\/oftalmologia\/lentes-intraoculares\/clarion-panoptix-toric\/\">Clarion PanOptix Toric<\/a><\/h3><\/div><\/div>\t\t\t\t<\/div>\n\t\t\t\t<\/div>\n\t\t\t\t<\/div>\n\t\t<div class=\"elementor-element elementor-element-30d3f88 e-con-full e-flex e-con e-child\" data-id=\"30d3f88\" data-element_type=\"container\" data-e-type=\"container\">\n\t\t\t\t<div class=\"elementor-element elementor-element-a3f35b4 elementor-widget elementor-widget-image-box\" data-id=\"a3f35b4\" data-element_type=\"widget\" data-e-type=\"widget\" data-widget_type=\"image-box.default\">\n\t\t\t\t<div class=\"elementor-widget-container\">\n\t\t\t\t\t<div class=\"elementor-image-box-wrapper\"><div class=\"elementor-image-box-content\"><h3 class=\"elementor-image-box-title\"><a href=\"https:\/\/global-medica.com\/en\/surgical-division\/oftalmologia\/lentes-intraoculares\/clarion-toric\/\">Clarion Toric<\/a><\/h3><\/div><\/div>\t\t\t\t<\/div>\n\t\t\t\t<\/div>\n\t\t\t\t<\/div>\n\t\t<div class=\"elementor-element elementor-element-11451db e-con-full e-flex e-con e-child\" data-id=\"11451db\" data-element_type=\"container\" data-e-type=\"container\">\n\t\t\t\t<div class=\"elementor-element elementor-element-72ea265 elementor-position-top elementor-widget elementor-widget-image-box\" data-id=\"72ea265\" data-element_type=\"widget\" data-e-type=\"widget\" data-widget_type=\"image-box.default\">\n\t\t\t\t<div class=\"elementor-widget-container\">\n\t\t\t\t\t<div class=\"elementor-image-box-wrapper\"><figure class=\"elementor-image-box-img\"><a href=\"https:\/\/global-medica.com\/en\/surgical-division\/oftalmologia\/lentes-intraoculares\/clarion-autonome\/\" tabindex=\"-1\"><img loading=\"lazy\" decoding=\"async\" width=\"600\" height=\"600\" src=\"https:\/\/global-medica.com\/wp-content\/uploads\/2026\/04\/Clarion-AutonoMe.jpg\" class=\"attachment-full size-full wp-image-4464\" alt=\"\" srcset=\"https:\/\/global-medica.com\/wp-content\/uploads\/2026\/04\/Clarion-AutonoMe.jpg 600w, https:\/\/global-medica.com\/wp-content\/uploads\/2026\/04\/Clarion-AutonoMe-300x300.jpg 300w, https:\/\/global-medica.com\/wp-content\/uploads\/2026\/04\/Clarion-AutonoMe-150x150.jpg 150w, https:\/\/global-medica.com\/wp-content\/uploads\/2026\/04\/Clarion-AutonoMe-12x12.jpg 12w, https:\/\/global-medica.com\/wp-content\/uploads\/2026\/04\/Clarion-AutonoMe-100x100.jpg 100w\" sizes=\"(max-width: 600px) 100vw, 600px\" \/><\/a><\/figure><div class=\"elementor-image-box-content\"><h3 class=\"elementor-image-box-title\"><a href=\"https:\/\/global-medica.com\/en\/surgical-division\/oftalmologia\/lentes-intraoculares\/clarion-autonome\/\">Clarion AutonoMe<\/a><\/h3><\/div><\/div>\t\t\t\t<\/div>\n\t\t\t\t<\/div>\n\t\t\t\t<\/div>\n\t\t\t\t\t<\/div>\n\t\t\t\t<\/div>\n\t\t\t\t<\/div>","protected":false},"excerpt":{"rendered":"<p>Productos Home La familia Clarion de Alcon representa la generaci\u00f3n m\u00e1s avanzada de lentes intraoculares. Fabricados con un material patentado que mantiene su claridad \u00f3ptica a largo plazo, los lentes Clarion reducen la incidencia de glistening y opacificaci\u00f3n. El portafolio cubre desde Clarion Toric para correcci\u00f3n de astigmatismo, pasando por Vivity Toric con rango de [&hellip;]<\/p>\n","protected":false},"author":1,"featured_media":0,"parent":4409,"menu_order":2,"comment_status":"closed","ping_status":"closed","template":"","meta":{"footnotes":""},"class_list":["post-4417","page","type-page","status-publish","hentry"],"yoast_head":"<!-- This site is optimized with the Yoast SEO plugin v27.3 - https:\/\/yoast.com\/product\/yoast-seo-wordpress\/ -->\n<title>Lentes intraoculares - Global Medica - Global M\u00e9dica DR<\/title>\n<meta name=\"robots\" content=\"index, follow, max-snippet:-1, max-image-preview:large, max-video-preview:-1\" \/>\n<link rel=\"canonical\" href=\"https:\/\/global-medica.com\/en\/surgical-division\/oftalmologia\/lentes-intraoculares\/\" \/>\n<meta property=\"og:locale\" content=\"en_US\" \/>\n<meta property=\"og:type\" content=\"article\" \/>\n<meta property=\"og:title\" content=\"Lentes intraoculares - Global Medica - Global M\u00e9dica DR\" \/>\n<meta property=\"og:description\" content=\"Productos Home La familia Clarion de Alcon representa la generaci\u00f3n m\u00e1s avanzada de lentes intraoculares. Fabricados con un material patentado que mantiene su claridad \u00f3ptica a largo plazo, los lentes Clarion reducen la incidencia de glistening y opacificaci\u00f3n. El portafolio cubre desde Clarion Toric para correcci\u00f3n de astigmatismo, pasando por Vivity Toric con rango de [&hellip;]\" \/>\n<meta property=\"og:url\" content=\"https:\/\/global-medica.com\/en\/surgical-division\/oftalmologia\/lentes-intraoculares\/\" \/>\n<meta property=\"og:site_name\" content=\"Global Medica\" \/>\n<meta property=\"article:publisher\" content=\"https:\/\/www.facebook.com\/gmglobalmedica\" \/>\n<meta property=\"article:modified_time\" content=\"2026-04-27T15:20:57+00:00\" \/>\n<meta property=\"og:image\" content=\"https:\/\/global-medica.com\/wp-content\/uploads\/2024\/05\/titulobarra-01.jpg\" \/>\n\t<meta property=\"og:image:width\" content=\"1920\" \/>\n\t<meta property=\"og:image:height\" content=\"200\" \/>\n\t<meta property=\"og:image:type\" content=\"image\/jpeg\" \/>\n<meta name=\"twitter:card\" content=\"summary_large_image\" \/>\n<meta name=\"twitter:label1\" content=\"Est. reading time\" \/>\n\t<meta name=\"twitter:data1\" content=\"2 minutes\" \/>\n<script type=\"application\/ld+json\" class=\"yoast-schema-graph\">{\"@context\":\"https:\\\/\\\/schema.org\",\"@graph\":[{\"@type\":\"WebPage\",\"@id\":\"https:\\\/\\\/global-medica.com\\\/surgical-division\\\/oftalmologia\\\/lentes-intraoculares\\\/\",\"url\":\"https:\\\/\\\/global-medica.com\\\/surgical-division\\\/oftalmologia\\\/lentes-intraoculares\\\/\",\"name\":\"Lentes intraoculares - Global Medica\",\"isPartOf\":{\"@id\":\"https:\\\/\\\/global-medica.com\\\/#website\"},\"primaryImageOfPage\":{\"@id\":\"https:\\\/\\\/global-medica.com\\\/surgical-division\\\/oftalmologia\\\/lentes-intraoculares\\\/#primaryimage\"},\"image\":{\"@id\":\"https:\\\/\\\/global-medica.com\\\/surgical-division\\\/oftalmologia\\\/lentes-intraoculares\\\/#primaryimage\"},\"thumbnailUrl\":\"https:\\\/\\\/global-medica.com\\\/wp-content\\\/uploads\\\/2024\\\/05\\\/titulobarra-01.jpg\",\"datePublished\":\"2026-04-27T12:18:22+00:00\",\"dateModified\":\"2026-04-27T15:20:57+00:00\",\"breadcrumb\":{\"@id\":\"https:\\\/\\\/global-medica.com\\\/surgical-division\\\/oftalmologia\\\/lentes-intraoculares\\\/#breadcrumb\"},\"inLanguage\":\"en-US\",\"potentialAction\":[{\"@type\":\"ReadAction\",\"target\":[\"https:\\\/\\\/global-medica.com\\\/surgical-division\\\/oftalmologia\\\/lentes-intraoculares\\\/\"]}]},{\"@type\":\"ImageObject\",\"inLanguage\":\"en-US\",\"@id\":\"https:\\\/\\\/global-medica.com\\\/surgical-division\\\/oftalmologia\\\/lentes-intraoculares\\\/#primaryimage\",\"url\":\"https:\\\/\\\/global-medica.com\\\/wp-content\\\/uploads\\\/2024\\\/05\\\/titulobarra-01.jpg\",\"contentUrl\":\"https:\\\/\\\/global-medica.com\\\/wp-content\\\/uploads\\\/2024\\\/05\\\/titulobarra-01.jpg\"},{\"@type\":\"BreadcrumbList\",\"@id\":\"https:\\\/\\\/global-medica.com\\\/surgical-division\\\/oftalmologia\\\/lentes-intraoculares\\\/#breadcrumb\",\"itemListElement\":[{\"@type\":\"ListItem\",\"position\":1,\"name\":\"Home\",\"item\":\"https:\\\/\\\/global-medica.com\\\/\"},{\"@type\":\"ListItem\",\"position\":2,\"name\":\"Divisi\u00f3n Quir\u00fargica\",\"item\":\"https:\\\/\\\/global-medica.com\\\/surgical-division\\\/\"},{\"@type\":\"ListItem\",\"position\":3,\"name\":\"Oftalmolog\u00eda\",\"item\":\"https:\\\/\\\/global-medica.com\\\/surgical-division\\\/oftalmologia\\\/\"},{\"@type\":\"ListItem\",\"position\":4,\"name\":\"Lentes intraoculares\"}]},{\"@type\":\"WebSite\",\"@id\":\"https:\\\/\\\/global-medica.com\\\/#website\",\"url\":\"https:\\\/\\\/global-medica.com\\\/\",\"name\":\"Global Medica\",\"description\":\"Global Medica\",\"publisher\":{\"@id\":\"https:\\\/\\\/global-medica.com\\\/#organization\"},\"inLanguage\":\"en-US\"},{\"@type\":\"Organization\",\"@id\":\"https:\\\/\\\/global-medica.com\\\/#organization\",\"name\":\"Global Medica\",\"url\":\"https:\\\/\\\/global-medica.com\\\/\",\"logo\":{\"@type\":\"ImageObject\",\"inLanguage\":\"en-US\",\"@id\":\"https:\\\/\\\/global-medica.com\\\/#\\\/schema\\\/logo\\\/image\\\/\",\"url\":\"https:\\\/\\\/global-medica.com\\\/wp-content\\\/uploads\\\/2024\\\/04\\\/global-logo.png\",\"contentUrl\":\"https:\\\/\\\/global-medica.com\\\/wp-content\\\/uploads\\\/2024\\\/04\\\/global-logo.png\",\"width\":312,\"height\":84,\"caption\":\"Global Medica\"},\"image\":{\"@id\":\"https:\\\/\\\/global-medica.com\\\/#\\\/schema\\\/logo\\\/image\\\/\"},\"sameAs\":[\"https:\\\/\\\/www.facebook.com\\\/gmglobalmedica\",\"https:\\\/\\\/www.instagram.com\\\/globalmedica\\\/\",\"https:\\\/\\\/www.linkedin.com\\\/company\\\/67924728\",\"https:\\\/\\\/www.youtube.com\\\/channel\\\/UCWT2KUVVms56vwB0N9r8qKQ\\\/\"]}]}<\/script>\n<!-- \/ Yoast SEO plugin. -->","yoast_head_json":{"title":"Lentes intraoculares - Global Medica - Global M\u00e9dica DR","robots":{"index":"index","follow":"follow","max-snippet":"max-snippet:-1","max-image-preview":"max-image-preview:large","max-video-preview":"max-video-preview:-1"},"canonical":"https:\/\/global-medica.com\/en\/surgical-division\/oftalmologia\/lentes-intraoculares\/","og_locale":"en_US","og_type":"article","og_title":"Lentes intraoculares - Global Medica - Global M\u00e9dica DR","og_description":"Productos Home La familia Clarion de Alcon representa la generaci\u00f3n m\u00e1s avanzada de lentes intraoculares. Fabricados con un material patentado que mantiene su claridad \u00f3ptica a largo plazo, los lentes Clarion reducen la incidencia de glistening y opacificaci\u00f3n. El portafolio cubre desde Clarion Toric para correcci\u00f3n de astigmatismo, pasando por Vivity Toric con rango de [&hellip;]","og_url":"https:\/\/global-medica.com\/en\/surgical-division\/oftalmologia\/lentes-intraoculares\/","og_site_name":"Global Medica","article_publisher":"https:\/\/www.facebook.com\/gmglobalmedica","article_modified_time":"2026-04-27T15:20:57+00:00","og_image":[{"width":1920,"height":200,"url":"https:\/\/global-medica.com\/wp-content\/uploads\/2024\/05\/titulobarra-01.jpg","type":"image\/jpeg"}],"twitter_card":"summary_large_image","twitter_misc":{"Est. reading time":"2 minutes"},"schema":{"@context":"https:\/\/schema.org","@graph":[{"@type":"WebPage","@id":"https:\/\/global-medica.com\/surgical-division\/oftalmologia\/lentes-intraoculares\/","url":"https:\/\/global-medica.com\/surgical-division\/oftalmologia\/lentes-intraoculares\/","name":"Lentes intraoculares - Global Medica","isPartOf":{"@id":"https:\/\/global-medica.com\/#website"},"primaryImageOfPage":{"@id":"https:\/\/global-medica.com\/surgical-division\/oftalmologia\/lentes-intraoculares\/#primaryimage"},"image":{"@id":"https:\/\/global-medica.com\/surgical-division\/oftalmologia\/lentes-intraoculares\/#primaryimage"},"thumbnailUrl":"https:\/\/global-medica.com\/wp-content\/uploads\/2024\/05\/titulobarra-01.jpg","datePublished":"2026-04-27T12:18:22+00:00","dateModified":"2026-04-27T15:20:57+00:00","breadcrumb":{"@id":"https:\/\/global-medica.com\/surgical-division\/oftalmologia\/lentes-intraoculares\/#breadcrumb"},"inLanguage":"en-US","potentialAction":[{"@type":"ReadAction","target":["https:\/\/global-medica.com\/surgical-division\/oftalmologia\/lentes-intraoculares\/"]}]},{"@type":"ImageObject","inLanguage":"en-US","@id":"https:\/\/global-medica.com\/surgical-division\/oftalmologia\/lentes-intraoculares\/#primaryimage","url":"https:\/\/global-medica.com\/wp-content\/uploads\/2024\/05\/titulobarra-01.jpg","contentUrl":"https:\/\/global-medica.com\/wp-content\/uploads\/2024\/05\/titulobarra-01.jpg"},{"@type":"BreadcrumbList","@id":"https:\/\/global-medica.com\/surgical-division\/oftalmologia\/lentes-intraoculares\/#breadcrumb","itemListElement":[{"@type":"ListItem","position":1,"name":"Home","item":"https:\/\/global-medica.com\/"},{"@type":"ListItem","position":2,"name":"Divisi\u00f3n Quir\u00fargica","item":"https:\/\/global-medica.com\/surgical-division\/"},{"@type":"ListItem","position":3,"name":"Oftalmolog\u00eda","item":"https:\/\/global-medica.com\/surgical-division\/oftalmologia\/"},{"@type":"ListItem","position":4,"name":"Lentes intraoculares"}]},{"@type":"WebSite","@id":"https:\/\/global-medica.com\/#website","url":"https:\/\/global-medica.com\/","name":"Global Medica","description":"Global Medica","publisher":{"@id":"https:\/\/global-medica.com\/#organization"},"inLanguage":"en-US"},{"@type":"Organization","@id":"https:\/\/global-medica.com\/#organization","name":"Global Medica","url":"https:\/\/global-medica.com\/","logo":{"@type":"ImageObject","inLanguage":"en-US","@id":"https:\/\/global-medica.com\/#\/schema\/logo\/image\/","url":"https:\/\/global-medica.com\/wp-content\/uploads\/2024\/04\/global-logo.png","contentUrl":"https:\/\/global-medica.com\/wp-content\/uploads\/2024\/04\/global-logo.png","width":312,"height":84,"caption":"Global Medica"},"image":{"@id":"https:\/\/global-medica.com\/#\/schema\/logo\/image\/"},"sameAs":["https:\/\/www.facebook.com\/gmglobalmedica","https:\/\/www.instagram.com\/globalmedica\/","https:\/\/www.linkedin.com\/company\/67924728","https:\/\/www.youtube.com\/channel\/UCWT2KUVVms56vwB0N9r8qKQ\/"]}]}},"_links":{"self":[{"href":"https:\/\/global-medica.com\/en\/wp-json\/wp\/v2\/pages\/4417","targetHints":{"allow":["GET"]}}],"collection":[{"href":"https:\/\/global-medica.com\/en\/wp-json\/wp\/v2\/pages"}],"about":[{"href":"https:\/\/global-medica.com\/en\/wp-json\/wp\/v2\/types\/page"}],"author":[{"embeddable":true,"href":"https:\/\/global-medica.com\/en\/wp-json\/wp\/v2\/users\/1"}],"replies":[{"embeddable":true,"href":"https:\/\/global-medica.com\/en\/wp-json\/wp\/v2\/comments?post=4417"}],"version-history":[{"count":7,"href":"https:\/\/global-medica.com\/en\/wp-json\/wp\/v2\/pages\/4417\/revisions"}],"predecessor-version":[{"id":4516,"href":"https:\/\/global-medica.com\/en\/wp-json\/wp\/v2\/pages\/4417\/revisions\/4516"}],"up":[{"embeddable":true,"href":"https:\/\/global-medica.com\/en\/wp-json\/wp\/v2\/pages\/4409"}],"wp:attachment":[{"href":"https:\/\/global-medica.com\/en\/wp-json\/wp\/v2\/media?parent=4417"}],"curies":[{"name":"wp","href":"https:\/\/api.w.org\/{rel}","templated":true}]}}