{"id":4415,"date":"2026-04-27T12:17:31","date_gmt":"2026-04-27T12:17:31","guid":{"rendered":"https:\/\/global-medica.com\/?page_id=4415"},"modified":"2026-04-27T15:19:10","modified_gmt":"2026-04-27T15:19:10","slug":"equipos","status":"publish","type":"page","link":"https:\/\/global-medica.com\/en\/surgical-division\/oftalmologia\/equipos\/","title":{"rendered":"Equipment"},"content":{"rendered":"<div data-elementor-type=\"wp-page\" data-elementor-id=\"4415\" class=\"elementor elementor-4415\" data-elementor-post-type=\"page\">\n\t\t\t\t<div class=\"elementor-element elementor-element-42cdf78 e-con-full e-flex elementor-invisible e-con e-parent\" data-id=\"42cdf78\" data-element_type=\"container\" data-e-type=\"container\" data-settings=\"{&quot;animation&quot;:&quot;fadeIn&quot;}\">\n\t\t\t\t<div class=\"elementor-element elementor-element-67aa0df elementor-widget elementor-widget-image\" data-id=\"67aa0df\" data-element_type=\"widget\" data-e-type=\"widget\" data-widget_type=\"image.default\">\n\t\t\t\t<div class=\"elementor-widget-container\">\n\t\t\t\t\t\t\t\t\t\t\t\t\t\t\t<img fetchpriority=\"high\" decoding=\"async\" width=\"1920\" height=\"200\" src=\"https:\/\/global-medica.com\/wp-content\/uploads\/2024\/05\/titulobarra-01.jpg\" class=\"attachment-full size-full wp-image-631\" alt=\"title image\" srcset=\"https:\/\/global-medica.com\/wp-content\/uploads\/2024\/05\/titulobarra-01.jpg 1920w, https:\/\/global-medica.com\/wp-content\/uploads\/2024\/05\/titulobarra-01-300x31.jpg 300w, https:\/\/global-medica.com\/wp-content\/uploads\/2024\/05\/titulobarra-01-1024x107.jpg 1024w, https:\/\/global-medica.com\/wp-content\/uploads\/2024\/05\/titulobarra-01-768x80.jpg 768w, https:\/\/global-medica.com\/wp-content\/uploads\/2024\/05\/titulobarra-01-1536x160.jpg 1536w, https:\/\/global-medica.com\/wp-content\/uploads\/2024\/05\/titulobarra-01-18x2.jpg 18w, https:\/\/global-medica.com\/wp-content\/uploads\/2024\/05\/titulobarra-01-600x63.jpg 600w\" sizes=\"(max-width: 1920px) 100vw, 1920px\" \/>\t\t\t\t\t\t\t\t\t\t\t\t\t\t\t<\/div>\n\t\t\t\t<\/div>\n\t\t\t\t<\/div>\n\t\t<div class=\"elementor-element elementor-element-0c6fd75 e-flex e-con-boxed elementor-invisible e-con e-parent\" data-id=\"0c6fd75\" data-element_type=\"container\" data-e-type=\"container\" data-settings=\"{&quot;animation&quot;:&quot;fadeIn&quot;}\">\n\t\t\t\t\t<div class=\"e-con-inner\">\n\t\t\t\t<div class=\"elementor-element elementor-element-75ed25c elementor-widget elementor-widget-heading\" data-id=\"75ed25c\" data-element_type=\"widget\" data-e-type=\"widget\" data-widget_type=\"heading.default\">\n\t\t\t\t<div class=\"elementor-widget-container\">\n\t\t\t\t\t<h2 class=\"elementor-heading-title elementor-size-default\">Products<\/h2>\t\t\t\t<\/div>\n\t\t\t\t<\/div>\n\t\t\t\t<div class=\"elementor-element elementor-element-d8a3b2d elementor-widget elementor-widget-heading\" data-id=\"d8a3b2d\" data-element_type=\"widget\" data-e-type=\"widget\" data-widget_type=\"heading.default\">\n\t\t\t\t<div class=\"elementor-widget-container\">\n\t\t\t\t\t<h2 class=\"elementor-heading-title elementor-size-default\">Equipment<\/h2>\t\t\t\t<\/div>\n\t\t\t\t<\/div>\n\t\t\t\t<div class=\"elementor-element elementor-element-ca3d720 elementor-align-center gs-breadcrumb elementor-widget elementor-widget-woolentor-breadcrumbs-addons\" data-id=\"ca3d720\" data-element_type=\"widget\" data-e-type=\"widget\" data-widget_type=\"woolentor-breadcrumbs-addons.default\">\n\t\t\t\t<div class=\"elementor-widget-container\">\n\t\t\t\t\t<div class=\"woolentor-breadcrumb\"><nav class=\"woocommerce-breadcrumb\" data-no-translation=\"\" data-trp-gettext=\"\">Home<\/nav><\/div>\t\t\t\t<\/div>\n\t\t\t\t<\/div>\n\t\t\t\t<div class=\"elementor-element elementor-element-0e119db elementor-widget elementor-widget-text-editor\" data-id=\"0e119db\" data-element_type=\"widget\" data-e-type=\"widget\" data-widget_type=\"text-editor.default\">\n\t\t\t\t<div class=\"elementor-widget-container\">\n\t\t\t\t\t\t\t\t\t<p>Alcon\u2019s equipment portfolio covers the full spectrum of modern ophthalmic surgery. From the UNITY platform, which integrates phaco, vitrectomy, and laser into a single system, to the WaveLight refractive laser with 500 Hz ablation. The offering is complemented by the ARGOS biometer with SS-OCT technology, the Ngenuity 3D visualization system, and the LuxOR Revalia microscope with adaptive illumination.<\/p>\t\t\t\t\t\t\t\t<\/div>\n\t\t\t\t<\/div>\n\t\t\t\t\t<\/div>\n\t\t\t\t<\/div>\n\t\t<div class=\"elementor-element elementor-element-4d4809c e-flex e-con-boxed elementor-invisible e-con e-parent\" data-id=\"4d4809c\" data-element_type=\"container\" data-e-type=\"container\" data-settings=\"{&quot;animation&quot;:&quot;fadeIn&quot;}\">\n\t\t\t\t\t<div class=\"e-con-inner\">\n\t\t<div class=\"elementor-element elementor-element-68eb023 e-con-full e-flex e-con e-child\" data-id=\"68eb023\" data-element_type=\"container\" data-e-type=\"container\">\n\t\t\t\t<div class=\"elementor-element elementor-element-08e445c elementor-position-top elementor-widget elementor-widget-image-box\" data-id=\"08e445c\" data-element_type=\"widget\" data-e-type=\"widget\" data-widget_type=\"image-box.default\">\n\t\t\t\t<div class=\"elementor-widget-container\">\n\t\t\t\t\t<div class=\"elementor-image-box-wrapper\"><figure class=\"elementor-image-box-img\"><a href=\"https:\/\/global-medica.com\/en\/surgical-division\/oftalmologia\/equipos\/unity\/\" tabindex=\"-1\"><img decoding=\"async\" width=\"600\" height=\"600\" src=\"https:\/\/global-medica.com\/wp-content\/uploads\/2026\/04\/unity.jpg\" class=\"attachment-full size-full wp-image-4453\" alt=\"\" srcset=\"https:\/\/global-medica.com\/wp-content\/uploads\/2026\/04\/unity.jpg 600w, https:\/\/global-medica.com\/wp-content\/uploads\/2026\/04\/unity-300x300.jpg 300w, https:\/\/global-medica.com\/wp-content\/uploads\/2026\/04\/unity-150x150.jpg 150w, https:\/\/global-medica.com\/wp-content\/uploads\/2026\/04\/unity-12x12.jpg 12w, https:\/\/global-medica.com\/wp-content\/uploads\/2026\/04\/unity-100x100.jpg 100w\" sizes=\"(max-width: 600px) 100vw, 600px\" \/><\/a><\/figure><div class=\"elementor-image-box-content\"><h3 class=\"elementor-image-box-title\"><a href=\"https:\/\/global-medica.com\/en\/surgical-division\/oftalmologia\/equipos\/unity\/\">Unity<\/a><\/h3><\/div><\/div>\t\t\t\t<\/div>\n\t\t\t\t<\/div>\n\t\t\t\t<\/div>\n\t\t<div class=\"elementor-element elementor-element-b714917 e-con-full e-flex e-con e-child\" data-id=\"b714917\" data-element_type=\"container\" data-e-type=\"container\">\n\t\t\t\t<div class=\"elementor-element elementor-element-5190eb1 elementor-position-top elementor-widget elementor-widget-image-box\" data-id=\"5190eb1\" data-element_type=\"widget\" data-e-type=\"widget\" data-widget_type=\"image-box.default\">\n\t\t\t\t<div class=\"elementor-widget-container\">\n\t\t\t\t\t<div class=\"elementor-image-box-wrapper\"><figure class=\"elementor-image-box-img\"><a href=\"https:\/\/global-medica.com\/en\/surgical-division\/oftalmologia\/equipos\/argos\/\" tabindex=\"-1\"><img decoding=\"async\" width=\"600\" height=\"600\" src=\"https:\/\/global-medica.com\/wp-content\/uploads\/2026\/04\/argos.jpg\" class=\"attachment-full size-full wp-image-4455\" alt=\"\" srcset=\"https:\/\/global-medica.com\/wp-content\/uploads\/2026\/04\/argos.jpg 600w, https:\/\/global-medica.com\/wp-content\/uploads\/2026\/04\/argos-300x300.jpg 300w, https:\/\/global-medica.com\/wp-content\/uploads\/2026\/04\/argos-150x150.jpg 150w, https:\/\/global-medica.com\/wp-content\/uploads\/2026\/04\/argos-12x12.jpg 12w, https:\/\/global-medica.com\/wp-content\/uploads\/2026\/04\/argos-100x100.jpg 100w\" sizes=\"(max-width: 600px) 100vw, 600px\" \/><\/a><\/figure><div class=\"elementor-image-box-content\"><h3 class=\"elementor-image-box-title\"><a href=\"https:\/\/global-medica.com\/en\/surgical-division\/oftalmologia\/equipos\/argos\/\">Argos<\/a><\/h3><\/div><\/div>\t\t\t\t<\/div>\n\t\t\t\t<\/div>\n\t\t\t\t<\/div>\n\t\t<div class=\"elementor-element elementor-element-377c0a1 e-con-full e-flex e-con e-child\" data-id=\"377c0a1\" data-element_type=\"container\" data-e-type=\"container\">\n\t\t\t\t<div class=\"elementor-element elementor-element-acb7c6e elementor-position-top elementor-widget elementor-widget-image-box\" data-id=\"acb7c6e\" data-element_type=\"widget\" data-e-type=\"widget\" data-widget_type=\"image-box.default\">\n\t\t\t\t<div class=\"elementor-widget-container\">\n\t\t\t\t\t<div class=\"elementor-image-box-wrapper\"><figure class=\"elementor-image-box-img\"><a href=\"https:\/\/global-medica.com\/en\/surgical-division\/oftalmologia\/equipos\/ngenuity\/\" tabindex=\"-1\"><img loading=\"lazy\" decoding=\"async\" width=\"600\" height=\"600\" src=\"https:\/\/global-medica.com\/wp-content\/uploads\/2026\/04\/ngenuity.jpg\" class=\"attachment-full size-full wp-image-4456\" alt=\"\" srcset=\"https:\/\/global-medica.com\/wp-content\/uploads\/2026\/04\/ngenuity.jpg 600w, https:\/\/global-medica.com\/wp-content\/uploads\/2026\/04\/ngenuity-300x300.jpg 300w, https:\/\/global-medica.com\/wp-content\/uploads\/2026\/04\/ngenuity-150x150.jpg 150w, https:\/\/global-medica.com\/wp-content\/uploads\/2026\/04\/ngenuity-12x12.jpg 12w, https:\/\/global-medica.com\/wp-content\/uploads\/2026\/04\/ngenuity-100x100.jpg 100w\" sizes=\"(max-width: 600px) 100vw, 600px\" \/><\/a><\/figure><div class=\"elementor-image-box-content\"><h3 class=\"elementor-image-box-title\"><a href=\"https:\/\/global-medica.com\/en\/surgical-division\/oftalmologia\/equipos\/ngenuity\/\">NGenuity<\/a><\/h3><\/div><\/div>\t\t\t\t<\/div>\n\t\t\t\t<\/div>\n\t\t\t\t<\/div>\n\t\t<div class=\"elementor-element elementor-element-bc0f49e e-con-full e-flex e-con e-child\" data-id=\"bc0f49e\" data-element_type=\"container\" data-e-type=\"container\">\n\t\t\t\t<div class=\"elementor-element elementor-element-dece73e elementor-position-top elementor-widget elementor-widget-image-box\" data-id=\"dece73e\" data-element_type=\"widget\" data-e-type=\"widget\" data-widget_type=\"image-box.default\">\n\t\t\t\t<div class=\"elementor-widget-container\">\n\t\t\t\t\t<div class=\"elementor-image-box-wrapper\"><figure class=\"elementor-image-box-img\"><a href=\"https:\/\/global-medica.com\/en\/surgical-division\/oftalmologia\/equipos\/luxor-revalia\/\" tabindex=\"-1\"><img loading=\"lazy\" decoding=\"async\" width=\"600\" height=\"600\" src=\"https:\/\/global-medica.com\/wp-content\/uploads\/2026\/04\/luxor-revalia.jpg\" class=\"attachment-full size-full wp-image-4457\" alt=\"\" srcset=\"https:\/\/global-medica.com\/wp-content\/uploads\/2026\/04\/luxor-revalia.jpg 600w, https:\/\/global-medica.com\/wp-content\/uploads\/2026\/04\/luxor-revalia-300x300.jpg 300w, https:\/\/global-medica.com\/wp-content\/uploads\/2026\/04\/luxor-revalia-150x150.jpg 150w, https:\/\/global-medica.com\/wp-content\/uploads\/2026\/04\/luxor-revalia-12x12.jpg 12w, https:\/\/global-medica.com\/wp-content\/uploads\/2026\/04\/luxor-revalia-100x100.jpg 100w\" sizes=\"(max-width: 600px) 100vw, 600px\" \/><\/a><\/figure><div class=\"elementor-image-box-content\"><h3 class=\"elementor-image-box-title\"><a href=\"https:\/\/global-medica.com\/en\/surgical-division\/oftalmologia\/equipos\/luxor-revalia\/\">LuxOR Revalia<\/a><\/h3><\/div><\/div>\t\t\t\t<\/div>\n\t\t\t\t<\/div>\n\t\t\t\t<\/div>\n\t\t<div class=\"elementor-element elementor-element-f8934a6 e-con-full e-flex e-con e-child\" data-id=\"f8934a6\" data-element_type=\"container\" data-e-type=\"container\">\n\t\t\t\t<div class=\"elementor-element elementor-element-1d81a85 elementor-position-top elementor-widget elementor-widget-image-box\" data-id=\"1d81a85\" data-element_type=\"widget\" data-e-type=\"widget\" data-widget_type=\"image-box.default\">\n\t\t\t\t<div class=\"elementor-widget-container\">\n\t\t\t\t\t<div class=\"elementor-image-box-wrapper\"><figure class=\"elementor-image-box-img\"><a href=\"https:\/\/global-medica.com\/en\/surgical-division\/oftalmologia\/equipos\/wavelight\/\" tabindex=\"-1\"><img loading=\"lazy\" decoding=\"async\" width=\"600\" height=\"600\" src=\"https:\/\/global-medica.com\/wp-content\/uploads\/2026\/04\/wavelight.jpg\" class=\"attachment-full size-full wp-image-4458\" alt=\"\" srcset=\"https:\/\/global-medica.com\/wp-content\/uploads\/2026\/04\/wavelight.jpg 600w, https:\/\/global-medica.com\/wp-content\/uploads\/2026\/04\/wavelight-300x300.jpg 300w, https:\/\/global-medica.com\/wp-content\/uploads\/2026\/04\/wavelight-150x150.jpg 150w, https:\/\/global-medica.com\/wp-content\/uploads\/2026\/04\/wavelight-12x12.jpg 12w, https:\/\/global-medica.com\/wp-content\/uploads\/2026\/04\/wavelight-100x100.jpg 100w\" sizes=\"(max-width: 600px) 100vw, 600px\" \/><\/a><\/figure><div class=\"elementor-image-box-content\"><h3 class=\"elementor-image-box-title\"><a href=\"https:\/\/global-medica.com\/en\/surgical-division\/oftalmologia\/equipos\/wavelight\/\">WaveLight<\/a><\/h3><\/div><\/div>\t\t\t\t<\/div>\n\t\t\t\t<\/div>\n\t\t\t\t<\/div>\n\t\t\t\t\t<\/div>\n\t\t\t\t<\/div>\n\t\t\t\t<\/div>","protected":false},"excerpt":{"rendered":"<p>Productos Home El portafolio de equipos Alcon cubre todo el espectro de la cirug\u00eda oftalmol\u00f3gica moderna. Desde la plataforma UNITY, que integra faco, vitrectom\u00eda y l\u00e1ser en un solo sistema, hasta el l\u00e1ser refractivo WaveLight con ablaci\u00f3n a 500 Hz. Complementan la oferta el bi\u00f3metro ARGOS con tecnolog\u00eda SS-OCT, el sistema de visualizaci\u00f3n 3D Ngenuity [&hellip;]<\/p>\n","protected":false},"author":1,"featured_media":0,"parent":4409,"menu_order":1,"comment_status":"closed","ping_status":"closed","template":"","meta":{"footnotes":""},"class_list":["post-4415","page","type-page","status-publish","hentry"],"yoast_head":"<!-- This site is optimized with the Yoast SEO plugin v27.3 - https:\/\/yoast.com\/product\/yoast-seo-wordpress\/ -->\n<title>Equipos - Global Medica - Global M\u00e9dica DR<\/title>\n<meta name=\"robots\" content=\"index, follow, max-snippet:-1, max-image-preview:large, max-video-preview:-1\" \/>\n<link rel=\"canonical\" href=\"https:\/\/global-medica.com\/en\/surgical-division\/oftalmologia\/equipos\/\" \/>\n<meta property=\"og:locale\" content=\"en_US\" \/>\n<meta property=\"og:type\" content=\"article\" \/>\n<meta property=\"og:title\" content=\"Equipos - Global Medica - Global M\u00e9dica DR\" \/>\n<meta property=\"og:description\" content=\"Productos Home El portafolio de equipos Alcon cubre todo el espectro de la cirug\u00eda oftalmol\u00f3gica moderna. Desde la plataforma UNITY, que integra faco, vitrectom\u00eda y l\u00e1ser en un solo sistema, hasta el l\u00e1ser refractivo WaveLight con ablaci\u00f3n a 500 Hz. Complementan la oferta el bi\u00f3metro ARGOS con tecnolog\u00eda SS-OCT, el sistema de visualizaci\u00f3n 3D Ngenuity [&hellip;]\" \/>\n<meta property=\"og:url\" content=\"https:\/\/global-medica.com\/en\/surgical-division\/oftalmologia\/equipos\/\" \/>\n<meta property=\"og:site_name\" content=\"Global Medica\" \/>\n<meta property=\"article:publisher\" content=\"https:\/\/www.facebook.com\/gmglobalmedica\" \/>\n<meta property=\"article:modified_time\" content=\"2026-04-27T15:19:10+00:00\" \/>\n<meta property=\"og:image\" content=\"https:\/\/global-medica.com\/wp-content\/uploads\/2024\/05\/titulobarra-01.jpg\" \/>\n\t<meta property=\"og:image:width\" content=\"1920\" \/>\n\t<meta property=\"og:image:height\" content=\"200\" \/>\n\t<meta property=\"og:image:type\" content=\"image\/jpeg\" \/>\n<meta name=\"twitter:card\" content=\"summary_large_image\" \/>\n<meta name=\"twitter:label1\" content=\"Est. reading time\" \/>\n\t<meta name=\"twitter:data1\" content=\"2 minutes\" \/>\n<script type=\"application\/ld+json\" class=\"yoast-schema-graph\">{\"@context\":\"https:\\\/\\\/schema.org\",\"@graph\":[{\"@type\":\"WebPage\",\"@id\":\"https:\\\/\\\/global-medica.com\\\/surgical-division\\\/oftalmologia\\\/equipos\\\/\",\"url\":\"https:\\\/\\\/global-medica.com\\\/surgical-division\\\/oftalmologia\\\/equipos\\\/\",\"name\":\"Equipos - Global Medica\",\"isPartOf\":{\"@id\":\"https:\\\/\\\/global-medica.com\\\/#website\"},\"primaryImageOfPage\":{\"@id\":\"https:\\\/\\\/global-medica.com\\\/surgical-division\\\/oftalmologia\\\/equipos\\\/#primaryimage\"},\"image\":{\"@id\":\"https:\\\/\\\/global-medica.com\\\/surgical-division\\\/oftalmologia\\\/equipos\\\/#primaryimage\"},\"thumbnailUrl\":\"https:\\\/\\\/global-medica.com\\\/wp-content\\\/uploads\\\/2024\\\/05\\\/titulobarra-01.jpg\",\"datePublished\":\"2026-04-27T12:17:31+00:00\",\"dateModified\":\"2026-04-27T15:19:10+00:00\",\"breadcrumb\":{\"@id\":\"https:\\\/\\\/global-medica.com\\\/surgical-division\\\/oftalmologia\\\/equipos\\\/#breadcrumb\"},\"inLanguage\":\"en-US\",\"potentialAction\":[{\"@type\":\"ReadAction\",\"target\":[\"https:\\\/\\\/global-medica.com\\\/surgical-division\\\/oftalmologia\\\/equipos\\\/\"]}]},{\"@type\":\"ImageObject\",\"inLanguage\":\"en-US\",\"@id\":\"https:\\\/\\\/global-medica.com\\\/surgical-division\\\/oftalmologia\\\/equipos\\\/#primaryimage\",\"url\":\"https:\\\/\\\/global-medica.com\\\/wp-content\\\/uploads\\\/2024\\\/05\\\/titulobarra-01.jpg\",\"contentUrl\":\"https:\\\/\\\/global-medica.com\\\/wp-content\\\/uploads\\\/2024\\\/05\\\/titulobarra-01.jpg\"},{\"@type\":\"BreadcrumbList\",\"@id\":\"https:\\\/\\\/global-medica.com\\\/surgical-division\\\/oftalmologia\\\/equipos\\\/#breadcrumb\",\"itemListElement\":[{\"@type\":\"ListItem\",\"position\":1,\"name\":\"Home\",\"item\":\"https:\\\/\\\/global-medica.com\\\/\"},{\"@type\":\"ListItem\",\"position\":2,\"name\":\"Divisi\u00f3n Quir\u00fargica\",\"item\":\"https:\\\/\\\/global-medica.com\\\/surgical-division\\\/\"},{\"@type\":\"ListItem\",\"position\":3,\"name\":\"Oftalmolog\u00eda\",\"item\":\"https:\\\/\\\/global-medica.com\\\/surgical-division\\\/oftalmologia\\\/\"},{\"@type\":\"ListItem\",\"position\":4,\"name\":\"Equipos\"}]},{\"@type\":\"WebSite\",\"@id\":\"https:\\\/\\\/global-medica.com\\\/#website\",\"url\":\"https:\\\/\\\/global-medica.com\\\/\",\"name\":\"Global Medica\",\"description\":\"Global Medica\",\"publisher\":{\"@id\":\"https:\\\/\\\/global-medica.com\\\/#organization\"},\"inLanguage\":\"en-US\"},{\"@type\":\"Organization\",\"@id\":\"https:\\\/\\\/global-medica.com\\\/#organization\",\"name\":\"Global Medica\",\"url\":\"https:\\\/\\\/global-medica.com\\\/\",\"logo\":{\"@type\":\"ImageObject\",\"inLanguage\":\"en-US\",\"@id\":\"https:\\\/\\\/global-medica.com\\\/#\\\/schema\\\/logo\\\/image\\\/\",\"url\":\"https:\\\/\\\/global-medica.com\\\/wp-content\\\/uploads\\\/2024\\\/04\\\/global-logo.png\",\"contentUrl\":\"https:\\\/\\\/global-medica.com\\\/wp-content\\\/uploads\\\/2024\\\/04\\\/global-logo.png\",\"width\":312,\"height\":84,\"caption\":\"Global Medica\"},\"image\":{\"@id\":\"https:\\\/\\\/global-medica.com\\\/#\\\/schema\\\/logo\\\/image\\\/\"},\"sameAs\":[\"https:\\\/\\\/www.facebook.com\\\/gmglobalmedica\",\"https:\\\/\\\/www.instagram.com\\\/globalmedica\\\/\",\"https:\\\/\\\/www.linkedin.com\\\/company\\\/67924728\",\"https:\\\/\\\/www.youtube.com\\\/channel\\\/UCWT2KUVVms56vwB0N9r8qKQ\\\/\"]}]}<\/script>\n<!-- \/ Yoast SEO plugin. -->","yoast_head_json":{"title":"Equipos - Global Medica - Global M\u00e9dica DR","robots":{"index":"index","follow":"follow","max-snippet":"max-snippet:-1","max-image-preview":"max-image-preview:large","max-video-preview":"max-video-preview:-1"},"canonical":"https:\/\/global-medica.com\/en\/surgical-division\/oftalmologia\/equipos\/","og_locale":"en_US","og_type":"article","og_title":"Equipos - Global Medica - Global M\u00e9dica DR","og_description":"Productos Home El portafolio de equipos Alcon cubre todo el espectro de la cirug\u00eda oftalmol\u00f3gica moderna. Desde la plataforma UNITY, que integra faco, vitrectom\u00eda y l\u00e1ser en un solo sistema, hasta el l\u00e1ser refractivo WaveLight con ablaci\u00f3n a 500 Hz. Complementan la oferta el bi\u00f3metro ARGOS con tecnolog\u00eda SS-OCT, el sistema de visualizaci\u00f3n 3D Ngenuity [&hellip;]","og_url":"https:\/\/global-medica.com\/en\/surgical-division\/oftalmologia\/equipos\/","og_site_name":"Global Medica","article_publisher":"https:\/\/www.facebook.com\/gmglobalmedica","article_modified_time":"2026-04-27T15:19:10+00:00","og_image":[{"width":1920,"height":200,"url":"https:\/\/global-medica.com\/wp-content\/uploads\/2024\/05\/titulobarra-01.jpg","type":"image\/jpeg"}],"twitter_card":"summary_large_image","twitter_misc":{"Est. reading time":"2 minutes"},"schema":{"@context":"https:\/\/schema.org","@graph":[{"@type":"WebPage","@id":"https:\/\/global-medica.com\/surgical-division\/oftalmologia\/equipos\/","url":"https:\/\/global-medica.com\/surgical-division\/oftalmologia\/equipos\/","name":"Equipos - Global Medica","isPartOf":{"@id":"https:\/\/global-medica.com\/#website"},"primaryImageOfPage":{"@id":"https:\/\/global-medica.com\/surgical-division\/oftalmologia\/equipos\/#primaryimage"},"image":{"@id":"https:\/\/global-medica.com\/surgical-division\/oftalmologia\/equipos\/#primaryimage"},"thumbnailUrl":"https:\/\/global-medica.com\/wp-content\/uploads\/2024\/05\/titulobarra-01.jpg","datePublished":"2026-04-27T12:17:31+00:00","dateModified":"2026-04-27T15:19:10+00:00","breadcrumb":{"@id":"https:\/\/global-medica.com\/surgical-division\/oftalmologia\/equipos\/#breadcrumb"},"inLanguage":"en-US","potentialAction":[{"@type":"ReadAction","target":["https:\/\/global-medica.com\/surgical-division\/oftalmologia\/equipos\/"]}]},{"@type":"ImageObject","inLanguage":"en-US","@id":"https:\/\/global-medica.com\/surgical-division\/oftalmologia\/equipos\/#primaryimage","url":"https:\/\/global-medica.com\/wp-content\/uploads\/2024\/05\/titulobarra-01.jpg","contentUrl":"https:\/\/global-medica.com\/wp-content\/uploads\/2024\/05\/titulobarra-01.jpg"},{"@type":"BreadcrumbList","@id":"https:\/\/global-medica.com\/surgical-division\/oftalmologia\/equipos\/#breadcrumb","itemListElement":[{"@type":"ListItem","position":1,"name":"Home","item":"https:\/\/global-medica.com\/"},{"@type":"ListItem","position":2,"name":"Divisi\u00f3n Quir\u00fargica","item":"https:\/\/global-medica.com\/surgical-division\/"},{"@type":"ListItem","position":3,"name":"Oftalmolog\u00eda","item":"https:\/\/global-medica.com\/surgical-division\/oftalmologia\/"},{"@type":"ListItem","position":4,"name":"Equipos"}]},{"@type":"WebSite","@id":"https:\/\/global-medica.com\/#website","url":"https:\/\/global-medica.com\/","name":"Global Medica","description":"Global Medica","publisher":{"@id":"https:\/\/global-medica.com\/#organization"},"inLanguage":"en-US"},{"@type":"Organization","@id":"https:\/\/global-medica.com\/#organization","name":"Global Medica","url":"https:\/\/global-medica.com\/","logo":{"@type":"ImageObject","inLanguage":"en-US","@id":"https:\/\/global-medica.com\/#\/schema\/logo\/image\/","url":"https:\/\/global-medica.com\/wp-content\/uploads\/2024\/04\/global-logo.png","contentUrl":"https:\/\/global-medica.com\/wp-content\/uploads\/2024\/04\/global-logo.png","width":312,"height":84,"caption":"Global Medica"},"image":{"@id":"https:\/\/global-medica.com\/#\/schema\/logo\/image\/"},"sameAs":["https:\/\/www.facebook.com\/gmglobalmedica","https:\/\/www.instagram.com\/globalmedica\/","https:\/\/www.linkedin.com\/company\/67924728","https:\/\/www.youtube.com\/channel\/UCWT2KUVVms56vwB0N9r8qKQ\/"]}]}},"_links":{"self":[{"href":"https:\/\/global-medica.com\/en\/wp-json\/wp\/v2\/pages\/4415","targetHints":{"allow":["GET"]}}],"collection":[{"href":"https:\/\/global-medica.com\/en\/wp-json\/wp\/v2\/pages"}],"about":[{"href":"https:\/\/global-medica.com\/en\/wp-json\/wp\/v2\/types\/page"}],"author":[{"embeddable":true,"href":"https:\/\/global-medica.com\/en\/wp-json\/wp\/v2\/users\/1"}],"replies":[{"embeddable":true,"href":"https:\/\/global-medica.com\/en\/wp-json\/wp\/v2\/comments?post=4415"}],"version-history":[{"count":7,"href":"https:\/\/global-medica.com\/en\/wp-json\/wp\/v2\/pages\/4415\/revisions"}],"predecessor-version":[{"id":4513,"href":"https:\/\/global-medica.com\/en\/wp-json\/wp\/v2\/pages\/4415\/revisions\/4513"}],"up":[{"embeddable":true,"href":"https:\/\/global-medica.com\/en\/wp-json\/wp\/v2\/pages\/4409"}],"wp:attachment":[{"href":"https:\/\/global-medica.com\/en\/wp-json\/wp\/v2\/media?parent=4415"}],"curies":[{"name":"wp","href":"https:\/\/api.w.org\/{rel}","templated":true}]}}