{"id":4409,"date":"2026-04-27T12:12:15","date_gmt":"2026-04-27T12:12:15","guid":{"rendered":"https:\/\/global-medica.com\/?page_id=4409"},"modified":"2026-04-27T15:57:29","modified_gmt":"2026-04-27T15:57:29","slug":"oftalmologia","status":"publish","type":"page","link":"https:\/\/global-medica.com\/en\/surgical-division\/oftalmologia\/","title":{"rendered":"Ophthalmology"},"content":{"rendered":"<div data-elementor-type=\"wp-page\" data-elementor-id=\"4409\" class=\"elementor elementor-4409\" data-elementor-post-type=\"page\">\n\t\t\t\t<div class=\"elementor-element elementor-element-76f36fe e-con-full e-flex elementor-invisible e-con e-parent\" data-id=\"76f36fe\" data-element_type=\"container\" data-e-type=\"container\" data-settings=\"{&quot;animation&quot;:&quot;fadeIn&quot;}\">\n\t\t\t\t<div class=\"elementor-element elementor-element-c08ae9b elementor-widget elementor-widget-image\" data-id=\"c08ae9b\" data-element_type=\"widget\" data-e-type=\"widget\" data-widget_type=\"image.default\">\n\t\t\t\t<div class=\"elementor-widget-container\">\n\t\t\t\t\t\t\t\t\t\t\t\t\t\t\t<img fetchpriority=\"high\" decoding=\"async\" width=\"1920\" height=\"200\" src=\"https:\/\/global-medica.com\/wp-content\/uploads\/2024\/05\/titulobarra-01.jpg\" class=\"attachment-full size-full wp-image-631\" alt=\"title image\" srcset=\"https:\/\/global-medica.com\/wp-content\/uploads\/2024\/05\/titulobarra-01.jpg 1920w, https:\/\/global-medica.com\/wp-content\/uploads\/2024\/05\/titulobarra-01-300x31.jpg 300w, https:\/\/global-medica.com\/wp-content\/uploads\/2024\/05\/titulobarra-01-1024x107.jpg 1024w, https:\/\/global-medica.com\/wp-content\/uploads\/2024\/05\/titulobarra-01-768x80.jpg 768w, https:\/\/global-medica.com\/wp-content\/uploads\/2024\/05\/titulobarra-01-1536x160.jpg 1536w, https:\/\/global-medica.com\/wp-content\/uploads\/2024\/05\/titulobarra-01-18x2.jpg 18w, https:\/\/global-medica.com\/wp-content\/uploads\/2024\/05\/titulobarra-01-600x63.jpg 600w\" sizes=\"(max-width: 1920px) 100vw, 1920px\" \/>\t\t\t\t\t\t\t\t\t\t\t\t\t\t\t<\/div>\n\t\t\t\t<\/div>\n\t\t\t\t<\/div>\n\t\t<div class=\"elementor-element elementor-element-23046b5 e-flex e-con-boxed elementor-invisible e-con e-parent\" data-id=\"23046b5\" data-element_type=\"container\" data-e-type=\"container\" data-settings=\"{&quot;animation&quot;:&quot;fadeIn&quot;}\">\n\t\t\t\t\t<div class=\"e-con-inner\">\n\t\t\t\t<div class=\"elementor-element elementor-element-b530da1 elementor-widget elementor-widget-image\" data-id=\"b530da1\" data-element_type=\"widget\" data-e-type=\"widget\" data-widget_type=\"image.default\">\n\t\t\t\t<div class=\"elementor-widget-container\">\n\t\t\t\t\t\t\t\t\t\t\t\t\t\t\t\t<a href=\"https:\/\/www.alcon.com\/\" target=\"_blank\">\n\t\t\t\t\t\t\t<img decoding=\"async\" width=\"600\" height=\"164\" src=\"https:\/\/global-medica.com\/wp-content\/uploads\/2026\/02\/logo_alcon.png\" class=\"attachment-large size-large wp-image-4112\" alt=\"\" srcset=\"https:\/\/global-medica.com\/wp-content\/uploads\/2026\/02\/logo_alcon.png 600w, https:\/\/global-medica.com\/wp-content\/uploads\/2026\/02\/logo_alcon-300x82.png 300w, https:\/\/global-medica.com\/wp-content\/uploads\/2026\/02\/logo_alcon-18x5.png 18w\" sizes=\"(max-width: 600px) 100vw, 600px\" \/>\t\t\t\t\t\t\t\t<\/a>\n\t\t\t\t\t\t\t\t\t\t\t\t\t\t\t<\/div>\n\t\t\t\t<\/div>\n\t\t\t\t<div class=\"elementor-element elementor-element-0f452b2 elementor-align-center gs-breadcrumb elementor-widget elementor-widget-woolentor-breadcrumbs-addons\" data-id=\"0f452b2\" data-element_type=\"widget\" data-e-type=\"widget\" data-widget_type=\"woolentor-breadcrumbs-addons.default\">\n\t\t\t\t<div class=\"elementor-widget-container\">\n\t\t\t\t\t<div class=\"woolentor-breadcrumb\"><nav class=\"woocommerce-breadcrumb\" data-no-translation=\"\" data-trp-gettext=\"\">Home<\/nav><\/div>\t\t\t\t<\/div>\n\t\t\t\t<\/div>\n\t\t\t\t<div class=\"elementor-element elementor-element-19d53a0 elementor-widget elementor-widget-text-editor\" data-id=\"19d53a0\" data-element_type=\"widget\" data-e-type=\"widget\" data-widget_type=\"text-editor.default\">\n\t\t\t\t<div class=\"elementor-widget-container\">\n\t\t\t\t\t\t\t\t\t<p>As an authorized distributor of Alcon, Global Medica provides Dominican ophthalmologists with the most comprehensive surgical portfolio on the market. From preoperative biometry with ARGOS to the implantation of Clarion lenses, every step of the surgical workflow is supported by Alcon technology.<\/p>\t\t\t\t\t\t\t\t<\/div>\n\t\t\t\t<\/div>\n\t\t\t\t\t<\/div>\n\t\t\t\t<\/div>\n\t\t<div class=\"elementor-element elementor-element-464eb30 e-flex e-con-boxed elementor-invisible e-con e-parent\" data-id=\"464eb30\" data-element_type=\"container\" data-e-type=\"container\" data-settings=\"{&quot;animation&quot;:&quot;fadeIn&quot;}\">\n\t\t\t\t\t<div class=\"e-con-inner\">\n\t\t<div class=\"elementor-element elementor-element-89a2453 e-con-full e-flex e-con e-child\" data-id=\"89a2453\" data-element_type=\"container\" data-e-type=\"container\">\n\t\t\t\t<div class=\"elementor-element elementor-element-bf327ee elementor-position-top elementor-widget elementor-widget-image-box\" data-id=\"bf327ee\" data-element_type=\"widget\" data-e-type=\"widget\" data-widget_type=\"image-box.default\">\n\t\t\t\t<div class=\"elementor-widget-container\">\n\t\t\t\t\t<div class=\"elementor-image-box-wrapper\"><figure class=\"elementor-image-box-img\"><a href=\"https:\/\/global-medica.com\/en\/surgical-division\/oftalmologia\/equipos\/\" tabindex=\"-1\"><img decoding=\"async\" width=\"600\" height=\"600\" src=\"https:\/\/global-medica.com\/wp-content\/uploads\/2026\/04\/cat-equipos.jpg\" class=\"attachment-full size-full wp-image-4445\" alt=\"\" srcset=\"https:\/\/global-medica.com\/wp-content\/uploads\/2026\/04\/cat-equipos.jpg 600w, https:\/\/global-medica.com\/wp-content\/uploads\/2026\/04\/cat-equipos-300x300.jpg 300w, https:\/\/global-medica.com\/wp-content\/uploads\/2026\/04\/cat-equipos-150x150.jpg 150w, https:\/\/global-medica.com\/wp-content\/uploads\/2026\/04\/cat-equipos-12x12.jpg 12w, https:\/\/global-medica.com\/wp-content\/uploads\/2026\/04\/cat-equipos-100x100.jpg 100w\" sizes=\"(max-width: 600px) 100vw, 600px\" \/><\/a><\/figure><div class=\"elementor-image-box-content\"><h3 class=\"elementor-image-box-title\"><a href=\"https:\/\/global-medica.com\/en\/surgical-division\/oftalmologia\/equipos\/\">Equipment<\/a><\/h3><\/div><\/div>\t\t\t\t<\/div>\n\t\t\t\t<\/div>\n\t\t\t\t<\/div>\n\t\t<div class=\"elementor-element elementor-element-9afdc9d e-con-full e-flex e-con e-child\" data-id=\"9afdc9d\" data-element_type=\"container\" data-e-type=\"container\">\n\t\t\t\t<div class=\"elementor-element elementor-element-63e3baf elementor-position-top elementor-widget elementor-widget-image-box\" data-id=\"63e3baf\" data-element_type=\"widget\" data-e-type=\"widget\" data-widget_type=\"image-box.default\">\n\t\t\t\t<div class=\"elementor-widget-container\">\n\t\t\t\t\t<div class=\"elementor-image-box-wrapper\"><figure class=\"elementor-image-box-img\"><a href=\"https:\/\/global-medica.com\/en\/surgical-division\/oftalmologia\/lentes-intraoculares\/\" tabindex=\"-1\"><img loading=\"lazy\" decoding=\"async\" width=\"600\" height=\"600\" src=\"https:\/\/global-medica.com\/wp-content\/uploads\/2026\/04\/cat-lentes-intraoculares.jpg\" class=\"attachment-full size-full wp-image-4449\" alt=\"\" srcset=\"https:\/\/global-medica.com\/wp-content\/uploads\/2026\/04\/cat-lentes-intraoculares.jpg 600w, https:\/\/global-medica.com\/wp-content\/uploads\/2026\/04\/cat-lentes-intraoculares-300x300.jpg 300w, https:\/\/global-medica.com\/wp-content\/uploads\/2026\/04\/cat-lentes-intraoculares-150x150.jpg 150w, https:\/\/global-medica.com\/wp-content\/uploads\/2026\/04\/cat-lentes-intraoculares-12x12.jpg 12w, https:\/\/global-medica.com\/wp-content\/uploads\/2026\/04\/cat-lentes-intraoculares-100x100.jpg 100w\" sizes=\"(max-width: 600px) 100vw, 600px\" \/><\/a><\/figure><div class=\"elementor-image-box-content\"><h3 class=\"elementor-image-box-title\"><a href=\"https:\/\/global-medica.com\/en\/surgical-division\/oftalmologia\/lentes-intraoculares\/\">Intraocular lenses<\/a><\/h3><\/div><\/div>\t\t\t\t<\/div>\n\t\t\t\t<\/div>\n\t\t\t\t<\/div>\n\t\t\t\t\t<\/div>\n\t\t\t\t<\/div>\n\t\t\t\t<\/div>","protected":false},"excerpt":{"rendered":"<p>Home Como distribuidor autorizado de Alcon, Global Medica pone a disposici\u00f3n del oftalm\u00f3logo dominicano el portafolio quir\u00fargico m\u00e1s completo del mercado. Desde la biometr\u00eda preoperatoria con ARGOS hasta la implantaci\u00f3n de lentes Clarion, cada paso del flujo quir\u00fargico est\u00e1 cubierto por tecnolog\u00eda Alcon. Equipos Lentes intraoculares<\/p>","protected":false},"author":1,"featured_media":0,"parent":3908,"menu_order":0,"comment_status":"closed","ping_status":"closed","template":"","meta":{"footnotes":""},"class_list":["post-4409","page","type-page","status-publish","hentry"],"yoast_head":"<!-- This site is optimized with the Yoast SEO plugin v27.3 - https:\/\/yoast.com\/product\/yoast-seo-wordpress\/ -->\n<title>Oftalmolog\u00eda - Global Medica - Global M\u00e9dica DR<\/title>\n<meta name=\"robots\" content=\"index, follow, max-snippet:-1, max-image-preview:large, max-video-preview:-1\" \/>\n<link rel=\"canonical\" href=\"https:\/\/global-medica.com\/en\/surgical-division\/oftalmologia\/\" \/>\n<meta property=\"og:locale\" content=\"en_US\" \/>\n<meta property=\"og:type\" content=\"article\" \/>\n<meta property=\"og:title\" content=\"Oftalmolog\u00eda - Global Medica - Global M\u00e9dica DR\" \/>\n<meta property=\"og:description\" content=\"Home Como distribuidor autorizado de Alcon, Global Medica pone a disposici\u00f3n del oftalm\u00f3logo dominicano el portafolio quir\u00fargico m\u00e1s completo del mercado. Desde la biometr\u00eda preoperatoria con ARGOS hasta la implantaci\u00f3n de lentes Clarion, cada paso del flujo quir\u00fargico est\u00e1 cubierto por tecnolog\u00eda Alcon. Equipos Lentes intraoculares\" \/>\n<meta property=\"og:url\" content=\"https:\/\/global-medica.com\/en\/surgical-division\/oftalmologia\/\" \/>\n<meta property=\"og:site_name\" content=\"Global Medica\" \/>\n<meta property=\"article:publisher\" content=\"https:\/\/www.facebook.com\/gmglobalmedica\" \/>\n<meta property=\"article:modified_time\" content=\"2026-04-27T15:57:29+00:00\" \/>\n<meta property=\"og:image\" content=\"https:\/\/global-medica.com\/wp-content\/uploads\/2024\/05\/titulobarra-01.jpg\" \/>\n\t<meta property=\"og:image:width\" content=\"1920\" \/>\n\t<meta property=\"og:image:height\" content=\"200\" \/>\n\t<meta property=\"og:image:type\" content=\"image\/jpeg\" \/>\n<meta name=\"twitter:card\" content=\"summary_large_image\" \/>\n<meta name=\"twitter:label1\" content=\"Est. reading time\" \/>\n\t<meta name=\"twitter:data1\" content=\"2 minutes\" \/>\n<script type=\"application\/ld+json\" class=\"yoast-schema-graph\">{\"@context\":\"https:\\\/\\\/schema.org\",\"@graph\":[{\"@type\":\"WebPage\",\"@id\":\"https:\\\/\\\/global-medica.com\\\/surgical-division\\\/oftalmologia\\\/\",\"url\":\"https:\\\/\\\/global-medica.com\\\/surgical-division\\\/oftalmologia\\\/\",\"name\":\"Oftalmolog\u00eda - Global Medica\",\"isPartOf\":{\"@id\":\"https:\\\/\\\/global-medica.com\\\/#website\"},\"primaryImageOfPage\":{\"@id\":\"https:\\\/\\\/global-medica.com\\\/surgical-division\\\/oftalmologia\\\/#primaryimage\"},\"image\":{\"@id\":\"https:\\\/\\\/global-medica.com\\\/surgical-division\\\/oftalmologia\\\/#primaryimage\"},\"thumbnailUrl\":\"https:\\\/\\\/global-medica.com\\\/wp-content\\\/uploads\\\/2024\\\/05\\\/titulobarra-01.jpg\",\"datePublished\":\"2026-04-27T12:12:15+00:00\",\"dateModified\":\"2026-04-27T15:57:29+00:00\",\"breadcrumb\":{\"@id\":\"https:\\\/\\\/global-medica.com\\\/surgical-division\\\/oftalmologia\\\/#breadcrumb\"},\"inLanguage\":\"en-US\",\"potentialAction\":[{\"@type\":\"ReadAction\",\"target\":[\"https:\\\/\\\/global-medica.com\\\/surgical-division\\\/oftalmologia\\\/\"]}]},{\"@type\":\"ImageObject\",\"inLanguage\":\"en-US\",\"@id\":\"https:\\\/\\\/global-medica.com\\\/surgical-division\\\/oftalmologia\\\/#primaryimage\",\"url\":\"https:\\\/\\\/global-medica.com\\\/wp-content\\\/uploads\\\/2024\\\/05\\\/titulobarra-01.jpg\",\"contentUrl\":\"https:\\\/\\\/global-medica.com\\\/wp-content\\\/uploads\\\/2024\\\/05\\\/titulobarra-01.jpg\"},{\"@type\":\"BreadcrumbList\",\"@id\":\"https:\\\/\\\/global-medica.com\\\/surgical-division\\\/oftalmologia\\\/#breadcrumb\",\"itemListElement\":[{\"@type\":\"ListItem\",\"position\":1,\"name\":\"Home\",\"item\":\"https:\\\/\\\/global-medica.com\\\/\"},{\"@type\":\"ListItem\",\"position\":2,\"name\":\"Divisi\u00f3n Quir\u00fargica\",\"item\":\"https:\\\/\\\/global-medica.com\\\/surgical-division\\\/\"},{\"@type\":\"ListItem\",\"position\":3,\"name\":\"Oftalmolog\u00eda\"}]},{\"@type\":\"WebSite\",\"@id\":\"https:\\\/\\\/global-medica.com\\\/#website\",\"url\":\"https:\\\/\\\/global-medica.com\\\/\",\"name\":\"Global Medica\",\"description\":\"Global Medica\",\"publisher\":{\"@id\":\"https:\\\/\\\/global-medica.com\\\/#organization\"},\"inLanguage\":\"en-US\"},{\"@type\":\"Organization\",\"@id\":\"https:\\\/\\\/global-medica.com\\\/#organization\",\"name\":\"Global Medica\",\"url\":\"https:\\\/\\\/global-medica.com\\\/\",\"logo\":{\"@type\":\"ImageObject\",\"inLanguage\":\"en-US\",\"@id\":\"https:\\\/\\\/global-medica.com\\\/#\\\/schema\\\/logo\\\/image\\\/\",\"url\":\"https:\\\/\\\/global-medica.com\\\/wp-content\\\/uploads\\\/2024\\\/04\\\/global-logo.png\",\"contentUrl\":\"https:\\\/\\\/global-medica.com\\\/wp-content\\\/uploads\\\/2024\\\/04\\\/global-logo.png\",\"width\":312,\"height\":84,\"caption\":\"Global Medica\"},\"image\":{\"@id\":\"https:\\\/\\\/global-medica.com\\\/#\\\/schema\\\/logo\\\/image\\\/\"},\"sameAs\":[\"https:\\\/\\\/www.facebook.com\\\/gmglobalmedica\",\"https:\\\/\\\/www.instagram.com\\\/globalmedica\\\/\",\"https:\\\/\\\/www.linkedin.com\\\/company\\\/67924728\",\"https:\\\/\\\/www.youtube.com\\\/channel\\\/UCWT2KUVVms56vwB0N9r8qKQ\\\/\"]}]}<\/script>\n<!-- \/ Yoast SEO plugin. -->","yoast_head_json":{"title":"Oftalmolog\u00eda - Global Medica - Global M\u00e9dica DR","robots":{"index":"index","follow":"follow","max-snippet":"max-snippet:-1","max-image-preview":"max-image-preview:large","max-video-preview":"max-video-preview:-1"},"canonical":"https:\/\/global-medica.com\/en\/surgical-division\/oftalmologia\/","og_locale":"en_US","og_type":"article","og_title":"Oftalmolog\u00eda - Global Medica - Global M\u00e9dica DR","og_description":"Home Como distribuidor autorizado de Alcon, Global Medica pone a disposici\u00f3n del oftalm\u00f3logo dominicano el portafolio quir\u00fargico m\u00e1s completo del mercado. Desde la biometr\u00eda preoperatoria con ARGOS hasta la implantaci\u00f3n de lentes Clarion, cada paso del flujo quir\u00fargico est\u00e1 cubierto por tecnolog\u00eda Alcon. Equipos Lentes intraoculares","og_url":"https:\/\/global-medica.com\/en\/surgical-division\/oftalmologia\/","og_site_name":"Global Medica","article_publisher":"https:\/\/www.facebook.com\/gmglobalmedica","article_modified_time":"2026-04-27T15:57:29+00:00","og_image":[{"width":1920,"height":200,"url":"https:\/\/global-medica.com\/wp-content\/uploads\/2024\/05\/titulobarra-01.jpg","type":"image\/jpeg"}],"twitter_card":"summary_large_image","twitter_misc":{"Est. reading time":"2 minutes"},"schema":{"@context":"https:\/\/schema.org","@graph":[{"@type":"WebPage","@id":"https:\/\/global-medica.com\/surgical-division\/oftalmologia\/","url":"https:\/\/global-medica.com\/surgical-division\/oftalmologia\/","name":"Oftalmolog\u00eda - Global Medica","isPartOf":{"@id":"https:\/\/global-medica.com\/#website"},"primaryImageOfPage":{"@id":"https:\/\/global-medica.com\/surgical-division\/oftalmologia\/#primaryimage"},"image":{"@id":"https:\/\/global-medica.com\/surgical-division\/oftalmologia\/#primaryimage"},"thumbnailUrl":"https:\/\/global-medica.com\/wp-content\/uploads\/2024\/05\/titulobarra-01.jpg","datePublished":"2026-04-27T12:12:15+00:00","dateModified":"2026-04-27T15:57:29+00:00","breadcrumb":{"@id":"https:\/\/global-medica.com\/surgical-division\/oftalmologia\/#breadcrumb"},"inLanguage":"en-US","potentialAction":[{"@type":"ReadAction","target":["https:\/\/global-medica.com\/surgical-division\/oftalmologia\/"]}]},{"@type":"ImageObject","inLanguage":"en-US","@id":"https:\/\/global-medica.com\/surgical-division\/oftalmologia\/#primaryimage","url":"https:\/\/global-medica.com\/wp-content\/uploads\/2024\/05\/titulobarra-01.jpg","contentUrl":"https:\/\/global-medica.com\/wp-content\/uploads\/2024\/05\/titulobarra-01.jpg"},{"@type":"BreadcrumbList","@id":"https:\/\/global-medica.com\/surgical-division\/oftalmologia\/#breadcrumb","itemListElement":[{"@type":"ListItem","position":1,"name":"Home","item":"https:\/\/global-medica.com\/"},{"@type":"ListItem","position":2,"name":"Divisi\u00f3n Quir\u00fargica","item":"https:\/\/global-medica.com\/surgical-division\/"},{"@type":"ListItem","position":3,"name":"Oftalmolog\u00eda"}]},{"@type":"WebSite","@id":"https:\/\/global-medica.com\/#website","url":"https:\/\/global-medica.com\/","name":"Global Medica","description":"Global Medica","publisher":{"@id":"https:\/\/global-medica.com\/#organization"},"inLanguage":"en-US"},{"@type":"Organization","@id":"https:\/\/global-medica.com\/#organization","name":"Global Medica","url":"https:\/\/global-medica.com\/","logo":{"@type":"ImageObject","inLanguage":"en-US","@id":"https:\/\/global-medica.com\/#\/schema\/logo\/image\/","url":"https:\/\/global-medica.com\/wp-content\/uploads\/2024\/04\/global-logo.png","contentUrl":"https:\/\/global-medica.com\/wp-content\/uploads\/2024\/04\/global-logo.png","width":312,"height":84,"caption":"Global Medica"},"image":{"@id":"https:\/\/global-medica.com\/#\/schema\/logo\/image\/"},"sameAs":["https:\/\/www.facebook.com\/gmglobalmedica","https:\/\/www.instagram.com\/globalmedica\/","https:\/\/www.linkedin.com\/company\/67924728","https:\/\/www.youtube.com\/channel\/UCWT2KUVVms56vwB0N9r8qKQ\/"]}]}},"_links":{"self":[{"href":"https:\/\/global-medica.com\/en\/wp-json\/wp\/v2\/pages\/4409","targetHints":{"allow":["GET"]}}],"collection":[{"href":"https:\/\/global-medica.com\/en\/wp-json\/wp\/v2\/pages"}],"about":[{"href":"https:\/\/global-medica.com\/en\/wp-json\/wp\/v2\/types\/page"}],"author":[{"embeddable":true,"href":"https:\/\/global-medica.com\/en\/wp-json\/wp\/v2\/users\/1"}],"replies":[{"embeddable":true,"href":"https:\/\/global-medica.com\/en\/wp-json\/wp\/v2\/comments?post=4409"}],"version-history":[{"count":13,"href":"https:\/\/global-medica.com\/en\/wp-json\/wp\/v2\/pages\/4409\/revisions"}],"predecessor-version":[{"id":4519,"href":"https:\/\/global-medica.com\/en\/wp-json\/wp\/v2\/pages\/4409\/revisions\/4519"}],"up":[{"embeddable":true,"href":"https:\/\/global-medica.com\/en\/wp-json\/wp\/v2\/pages\/3908"}],"wp:attachment":[{"href":"https:\/\/global-medica.com\/en\/wp-json\/wp\/v2\/media?parent=4409"}],"curies":[{"name":"wp","href":"https:\/\/api.w.org\/{rel}","templated":true}]}}