{"id":4407,"date":"2026-04-27T12:11:07","date_gmt":"2026-04-27T12:11:07","guid":{"rendered":"https:\/\/global-medica.com\/?page_id=4407"},"modified":"2026-04-27T18:39:10","modified_gmt":"2026-04-27T18:39:10","slug":"cirugia-minimamente-invasiva","status":"publish","type":"page","link":"https:\/\/global-medica.com\/en\/surgical-division\/cirugia-minimamente-invasiva\/","title":{"rendered":"Cirug\u00eda M\u00ednimamente Invasiva"},"content":{"rendered":"<div data-elementor-type=\"wp-page\" data-elementor-id=\"4407\" class=\"elementor elementor-4407\" data-elementor-post-type=\"page\">\n\t\t\t\t<div class=\"elementor-element elementor-element-80709f9 e-con-full e-flex elementor-invisible e-con e-parent\" data-id=\"80709f9\" data-element_type=\"container\" data-e-type=\"container\" data-settings=\"{&quot;animation&quot;:&quot;fadeIn&quot;}\">\n\t\t\t\t<div class=\"elementor-element elementor-element-25e887d elementor-widget elementor-widget-image\" data-id=\"25e887d\" data-element_type=\"widget\" data-e-type=\"widget\" data-widget_type=\"image.default\">\n\t\t\t\t<div class=\"elementor-widget-container\">\n\t\t\t\t\t\t\t\t\t\t\t\t\t\t\t<img fetchpriority=\"high\" decoding=\"async\" width=\"1920\" height=\"200\" src=\"https:\/\/global-medica.com\/wp-content\/uploads\/2024\/05\/titulobarra-01.jpg\" class=\"attachment-full size-full wp-image-631\" alt=\"title image\" srcset=\"https:\/\/global-medica.com\/wp-content\/uploads\/2024\/05\/titulobarra-01.jpg 1920w, https:\/\/global-medica.com\/wp-content\/uploads\/2024\/05\/titulobarra-01-300x31.jpg 300w, https:\/\/global-medica.com\/wp-content\/uploads\/2024\/05\/titulobarra-01-1024x107.jpg 1024w, https:\/\/global-medica.com\/wp-content\/uploads\/2024\/05\/titulobarra-01-768x80.jpg 768w, https:\/\/global-medica.com\/wp-content\/uploads\/2024\/05\/titulobarra-01-1536x160.jpg 1536w, https:\/\/global-medica.com\/wp-content\/uploads\/2024\/05\/titulobarra-01-18x2.jpg 18w, https:\/\/global-medica.com\/wp-content\/uploads\/2024\/05\/titulobarra-01-600x63.jpg 600w\" sizes=\"(max-width: 1920px) 100vw, 1920px\" \/>\t\t\t\t\t\t\t\t\t\t\t\t\t\t\t<\/div>\n\t\t\t\t<\/div>\n\t\t\t\t<\/div>\n\t\t<div class=\"elementor-element elementor-element-946a5b6 e-flex e-con-boxed elementor-invisible e-con e-parent\" data-id=\"946a5b6\" data-element_type=\"container\" data-e-type=\"container\" data-settings=\"{&quot;animation&quot;:&quot;fadeIn&quot;}\">\n\t\t\t\t\t<div class=\"e-con-inner\">\n\t\t\t\t<div class=\"elementor-element elementor-element-59701da elementor-widget elementor-widget-image\" data-id=\"59701da\" data-element_type=\"widget\" data-e-type=\"widget\" data-widget_type=\"image.default\">\n\t\t\t\t<div class=\"elementor-widget-container\">\n\t\t\t\t\t\t\t\t\t\t\t\t\t\t\t\t<a href=\"#Productos\">\n\t\t\t\t\t\t\t<img decoding=\"async\" width=\"800\" height=\"286\" src=\"https:\/\/global-medica.com\/wp-content\/uploads\/2026\/02\/logo-mindray.png\" class=\"attachment-large size-large wp-image-3912\" alt=\"\" srcset=\"https:\/\/global-medica.com\/wp-content\/uploads\/2026\/02\/logo-mindray.png 1000w, https:\/\/global-medica.com\/wp-content\/uploads\/2026\/02\/logo-mindray-300x107.png 300w, https:\/\/global-medica.com\/wp-content\/uploads\/2026\/02\/logo-mindray-768x274.png 768w, https:\/\/global-medica.com\/wp-content\/uploads\/2026\/02\/logo-mindray-18x6.png 18w, https:\/\/global-medica.com\/wp-content\/uploads\/2026\/02\/logo-mindray-600x214.png 600w\" sizes=\"(max-width: 800px) 100vw, 800px\" \/>\t\t\t\t\t\t\t\t<\/a>\n\t\t\t\t\t\t\t\t\t\t\t\t\t\t\t<\/div>\n\t\t\t\t<\/div>\n\t\t\t\t<div class=\"elementor-element elementor-element-2aa8d98 elementor-align-center gs-breadcrumb elementor-widget elementor-widget-woolentor-breadcrumbs-addons\" data-id=\"2aa8d98\" data-element_type=\"widget\" data-e-type=\"widget\" data-widget_type=\"woolentor-breadcrumbs-addons.default\">\n\t\t\t\t<div class=\"elementor-widget-container\">\n\t\t\t\t\t<div class=\"woolentor-breadcrumb\"><nav class=\"woocommerce-breadcrumb\" data-no-translation=\"\" data-trp-gettext=\"\">Home<\/nav><\/div>\t\t\t\t<\/div>\n\t\t\t\t<\/div>\n\t\t\t\t<div class=\"elementor-element elementor-element-f5356ca elementor-widget elementor-widget-text-editor\" data-id=\"f5356ca\" data-element_type=\"widget\" data-e-type=\"widget\" data-widget_type=\"text-editor.default\">\n\t\t\t\t<div class=\"elementor-widget-container\">\n\t\t\t\t\t\t\t\t\t<p>As an authorized distributor of Mindray, Global Medica equips minimally invasive surgery suites with high-performance technology at a competitive price point. Our portfolio includes laparoscopic towers, energy platforms, reusable and disposable instruments, and surgical staplers\u2014everything a center needs to operate with efficiency and reliability.<\/p>\t\t\t\t\t\t\t\t<\/div>\n\t\t\t\t<\/div>\n\t\t\t\t\t<\/div>\n\t\t\t\t<\/div>\n\t\t<div class=\"elementor-element elementor-element-a0220ba e-flex e-con-boxed elementor-invisible e-con e-parent\" data-id=\"a0220ba\" data-element_type=\"container\" data-e-type=\"container\" data-settings=\"{&quot;animation&quot;:&quot;fadeIn&quot;}\">\n\t\t\t\t\t<div class=\"e-con-inner\">\n\t\t<div class=\"elementor-element elementor-element-83c6c88 e-con-full e-flex e-con e-child\" data-id=\"83c6c88\" data-element_type=\"container\" data-e-type=\"container\">\n\t\t\t\t<div class=\"elementor-element elementor-element-36766a4 elementor-position-top elementor-widget elementor-widget-image-box\" data-id=\"36766a4\" data-element_type=\"widget\" data-e-type=\"widget\" data-widget_type=\"image-box.default\">\n\t\t\t\t<div class=\"elementor-widget-container\">\n\t\t\t\t\t<div class=\"elementor-image-box-wrapper\"><figure class=\"elementor-image-box-img\"><a href=\"https:\/\/global-medica.com\/en\/surgical-division\/laparoscopic-towers\/\" tabindex=\"-1\"><img decoding=\"async\" width=\"600\" height=\"600\" src=\"https:\/\/global-medica.com\/wp-content\/uploads\/2026\/02\/cat-torres.jpg\" class=\"attachment-full size-full wp-image-3930\" alt=\"\" srcset=\"https:\/\/global-medica.com\/wp-content\/uploads\/2026\/02\/cat-torres.jpg 600w, https:\/\/global-medica.com\/wp-content\/uploads\/2026\/02\/cat-torres-300x300.jpg 300w, https:\/\/global-medica.com\/wp-content\/uploads\/2026\/02\/cat-torres-150x150.jpg 150w, https:\/\/global-medica.com\/wp-content\/uploads\/2026\/02\/cat-torres-12x12.jpg 12w, https:\/\/global-medica.com\/wp-content\/uploads\/2026\/02\/cat-torres-100x100.jpg 100w\" sizes=\"(max-width: 600px) 100vw, 600px\" \/><\/a><\/figure><div class=\"elementor-image-box-content\"><h3 class=\"elementor-image-box-title\"><a href=\"https:\/\/global-medica.com\/en\/surgical-division\/laparoscopic-towers\/\">Laparoscopic Towers<\/a><\/h3><\/div><\/div>\t\t\t\t<\/div>\n\t\t\t\t<\/div>\n\t\t\t\t<\/div>\n\t\t<div class=\"elementor-element elementor-element-f60b185 e-con-full e-flex e-con e-child\" data-id=\"f60b185\" data-element_type=\"container\" data-e-type=\"container\">\n\t\t\t\t<div class=\"elementor-element elementor-element-dcb5919 elementor-position-top elementor-widget elementor-widget-image-box\" data-id=\"dcb5919\" data-element_type=\"widget\" data-e-type=\"widget\" data-widget_type=\"image-box.default\">\n\t\t\t\t<div class=\"elementor-widget-container\">\n\t\t\t\t\t<div class=\"elementor-image-box-wrapper\"><figure class=\"elementor-image-box-img\"><a href=\"https:\/\/global-medica.com\/en\/surgical-division\/energy\/\" tabindex=\"-1\"><img loading=\"lazy\" decoding=\"async\" width=\"600\" height=\"600\" src=\"https:\/\/global-medica.com\/wp-content\/uploads\/2026\/02\/up700.jpg\" class=\"attachment-full size-full wp-image-4002\" alt=\"\" srcset=\"https:\/\/global-medica.com\/wp-content\/uploads\/2026\/02\/up700.jpg 600w, https:\/\/global-medica.com\/wp-content\/uploads\/2026\/02\/up700-300x300.jpg 300w, https:\/\/global-medica.com\/wp-content\/uploads\/2026\/02\/up700-150x150.jpg 150w, https:\/\/global-medica.com\/wp-content\/uploads\/2026\/02\/up700-12x12.jpg 12w, https:\/\/global-medica.com\/wp-content\/uploads\/2026\/02\/up700-100x100.jpg 100w\" sizes=\"(max-width: 600px) 100vw, 600px\" \/><\/a><\/figure><div class=\"elementor-image-box-content\"><h3 class=\"elementor-image-box-title\"><a href=\"https:\/\/global-medica.com\/en\/surgical-division\/energy\/\">Energy<\/a><\/h3><\/div><\/div>\t\t\t\t<\/div>\n\t\t\t\t<\/div>\n\t\t\t\t<\/div>\n\t\t<div class=\"elementor-element elementor-element-d23abd0 e-con-full e-flex e-con e-child\" data-id=\"d23abd0\" data-element_type=\"container\" data-e-type=\"container\">\n\t\t\t\t<div class=\"elementor-element elementor-element-c856e9f elementor-position-top elementor-widget elementor-widget-image-box\" data-id=\"c856e9f\" data-element_type=\"widget\" data-e-type=\"widget\" data-widget_type=\"image-box.default\">\n\t\t\t\t<div class=\"elementor-widget-container\">\n\t\t\t\t\t<div class=\"elementor-image-box-wrapper\"><figure class=\"elementor-image-box-img\"><a href=\"https:\/\/global-medica.com\/en\/surgical-division\/laparoscopic-instrumentation\/\" tabindex=\"-1\"><img loading=\"lazy\" decoding=\"async\" width=\"600\" height=\"600\" src=\"https:\/\/global-medica.com\/wp-content\/uploads\/2026\/02\/cat-instrumentacion.jpg\" class=\"attachment-full size-full wp-image-3932\" alt=\"\" srcset=\"https:\/\/global-medica.com\/wp-content\/uploads\/2026\/02\/cat-instrumentacion.jpg 600w, https:\/\/global-medica.com\/wp-content\/uploads\/2026\/02\/cat-instrumentacion-300x300.jpg 300w, https:\/\/global-medica.com\/wp-content\/uploads\/2026\/02\/cat-instrumentacion-150x150.jpg 150w, https:\/\/global-medica.com\/wp-content\/uploads\/2026\/02\/cat-instrumentacion-12x12.jpg 12w, https:\/\/global-medica.com\/wp-content\/uploads\/2026\/02\/cat-instrumentacion-100x100.jpg 100w\" sizes=\"(max-width: 600px) 100vw, 600px\" \/><\/a><\/figure><div class=\"elementor-image-box-content\"><h3 class=\"elementor-image-box-title\"><a href=\"https:\/\/global-medica.com\/en\/surgical-division\/laparoscopic-instrumentation\/\">Laparoscopic Instrumentation<\/a><\/h3><\/div><\/div>\t\t\t\t<\/div>\n\t\t\t\t<\/div>\n\t\t\t\t<\/div>\n\t\t<div class=\"elementor-element elementor-element-7fe588d e-con-full e-flex e-con e-child\" data-id=\"7fe588d\" data-element_type=\"container\" data-e-type=\"container\">\n\t\t\t\t<div class=\"elementor-element elementor-element-b4b539e elementor-position-top elementor-widget elementor-widget-image-box\" data-id=\"b4b539e\" data-element_type=\"widget\" data-e-type=\"widget\" data-widget_type=\"image-box.default\">\n\t\t\t\t<div class=\"elementor-widget-container\">\n\t\t\t\t\t<div class=\"elementor-image-box-wrapper\"><figure class=\"elementor-image-box-img\"><a href=\"https:\/\/global-medica.com\/en\/surgical-division\/laparoscopic-surgery-stapler\/\" tabindex=\"-1\"><img loading=\"lazy\" decoding=\"async\" width=\"600\" height=\"600\" src=\"https:\/\/global-medica.com\/wp-content\/uploads\/2026\/02\/cat-grapadoras.jpg\" class=\"attachment-full size-full wp-image-3933\" alt=\"\" srcset=\"https:\/\/global-medica.com\/wp-content\/uploads\/2026\/02\/cat-grapadoras.jpg 600w, https:\/\/global-medica.com\/wp-content\/uploads\/2026\/02\/cat-grapadoras-300x300.jpg 300w, https:\/\/global-medica.com\/wp-content\/uploads\/2026\/02\/cat-grapadoras-150x150.jpg 150w, https:\/\/global-medica.com\/wp-content\/uploads\/2026\/02\/cat-grapadoras-12x12.jpg 12w, https:\/\/global-medica.com\/wp-content\/uploads\/2026\/02\/cat-grapadoras-100x100.jpg 100w\" sizes=\"(max-width: 600px) 100vw, 600px\" \/><\/a><\/figure><div class=\"elementor-image-box-content\"><h3 class=\"elementor-image-box-title\"><a href=\"https:\/\/global-medica.com\/en\/surgical-division\/laparoscopic-surgery-stapler\/\">Stapler for Laparoscopic Surgery<\/a><\/h3><\/div><\/div>\t\t\t\t<\/div>\n\t\t\t\t<\/div>\n\t\t\t\t<\/div>\n\t\t<div class=\"elementor-element elementor-element-e5a851d e-con-full e-flex e-con e-child\" data-id=\"e5a851d\" data-element_type=\"container\" data-e-type=\"container\">\n\t\t\t\t<div class=\"elementor-element elementor-element-0bfc6ee elementor-position-top elementor-widget elementor-widget-image-box\" data-id=\"0bfc6ee\" data-element_type=\"widget\" data-e-type=\"widget\" data-widget_type=\"image-box.default\">\n\t\t\t\t<div class=\"elementor-widget-container\">\n\t\t\t\t\t<div class=\"elementor-image-box-wrapper\"><figure class=\"elementor-image-box-img\"><a href=\"https:\/\/global-medica.com\/en\/surgical-division\/other\/\" tabindex=\"-1\"><img loading=\"lazy\" decoding=\"async\" width=\"600\" height=\"600\" src=\"https:\/\/global-medica.com\/wp-content\/uploads\/2026\/02\/cat-otros.jpg\" class=\"attachment-full size-full wp-image-3934\" alt=\"\" srcset=\"https:\/\/global-medica.com\/wp-content\/uploads\/2026\/02\/cat-otros.jpg 600w, https:\/\/global-medica.com\/wp-content\/uploads\/2026\/02\/cat-otros-300x300.jpg 300w, https:\/\/global-medica.com\/wp-content\/uploads\/2026\/02\/cat-otros-150x150.jpg 150w, https:\/\/global-medica.com\/wp-content\/uploads\/2026\/02\/cat-otros-12x12.jpg 12w, https:\/\/global-medica.com\/wp-content\/uploads\/2026\/02\/cat-otros-100x100.jpg 100w\" sizes=\"(max-width: 600px) 100vw, 600px\" \/><\/a><\/figure><div class=\"elementor-image-box-content\"><h3 class=\"elementor-image-box-title\"><a href=\"https:\/\/global-medica.com\/en\/surgical-division\/other\/\">Other<\/a><\/h3><\/div><\/div>\t\t\t\t<\/div>\n\t\t\t\t<\/div>\n\t\t\t\t<\/div>\n\t\t\t\t\t<\/div>\n\t\t\t\t<\/div>\n\t\t\t\t<\/div>","protected":false},"excerpt":{"rendered":"<p>Home Como distribuidor autorizado de Mindray, Global Medica equipa salas de cirug\u00eda m\u00ednimamente invasiva con tecnolog\u00eda de alto rendimiento a un punto de precio competitivo. Nuestro portafolio cubre torres laparosc\u00f3picas, plataformas de energ\u00eda, instrumental reusable y descartable, y grapadoras quir\u00fargicas, todo lo que un centro necesita para operar con eficiencia y confiabilidad. Torres Laparosc\u00f3picas Energ\u00eda [&hellip;]<\/p>\n","protected":false},"author":1,"featured_media":0,"parent":3908,"menu_order":0,"comment_status":"closed","ping_status":"closed","template":"","meta":{"footnotes":""},"class_list":["post-4407","page","type-page","status-publish","hentry"],"yoast_head":"<!-- This site is optimized with the Yoast SEO plugin v27.3 - https:\/\/yoast.com\/product\/yoast-seo-wordpress\/ -->\n<title>Cirug\u00eda M\u00ednimamente Invasiva - Global Medica - Global M\u00e9dica DR<\/title>\n<meta name=\"robots\" content=\"index, follow, max-snippet:-1, max-image-preview:large, max-video-preview:-1\" \/>\n<link rel=\"canonical\" href=\"https:\/\/global-medica.com\/en\/surgical-division\/cirugia-minimamente-invasiva\/\" \/>\n<meta property=\"og:locale\" content=\"en_US\" \/>\n<meta property=\"og:type\" content=\"article\" \/>\n<meta property=\"og:title\" content=\"Cirug\u00eda M\u00ednimamente Invasiva - Global Medica - Global M\u00e9dica DR\" \/>\n<meta property=\"og:description\" content=\"Home Como distribuidor autorizado de Mindray, Global Medica equipa salas de cirug\u00eda m\u00ednimamente invasiva con tecnolog\u00eda de alto rendimiento a un punto de precio competitivo. Nuestro portafolio cubre torres laparosc\u00f3picas, plataformas de energ\u00eda, instrumental reusable y descartable, y grapadoras quir\u00fargicas, todo lo que un centro necesita para operar con eficiencia y confiabilidad. Torres Laparosc\u00f3picas Energ\u00eda [&hellip;]\" \/>\n<meta property=\"og:url\" content=\"https:\/\/global-medica.com\/en\/surgical-division\/cirugia-minimamente-invasiva\/\" \/>\n<meta property=\"og:site_name\" content=\"Global Medica\" \/>\n<meta property=\"article:publisher\" content=\"https:\/\/www.facebook.com\/gmglobalmedica\" \/>\n<meta property=\"article:modified_time\" content=\"2026-04-27T18:39:10+00:00\" \/>\n<meta property=\"og:image\" content=\"https:\/\/global-medica.com\/wp-content\/uploads\/2024\/05\/titulobarra-01.jpg\" \/>\n\t<meta property=\"og:image:width\" content=\"1920\" \/>\n\t<meta property=\"og:image:height\" content=\"200\" \/>\n\t<meta property=\"og:image:type\" content=\"image\/jpeg\" \/>\n<meta name=\"twitter:card\" content=\"summary_large_image\" \/>\n<meta name=\"twitter:label1\" content=\"Est. reading time\" \/>\n\t<meta name=\"twitter:data1\" content=\"2 minutes\" \/>\n<script type=\"application\/ld+json\" class=\"yoast-schema-graph\">{\"@context\":\"https:\\\/\\\/schema.org\",\"@graph\":[{\"@type\":\"WebPage\",\"@id\":\"https:\\\/\\\/global-medica.com\\\/surgical-division\\\/cirugia-minimamente-invasiva\\\/\",\"url\":\"https:\\\/\\\/global-medica.com\\\/surgical-division\\\/cirugia-minimamente-invasiva\\\/\",\"name\":\"Cirug\u00eda M\u00ednimamente Invasiva - Global Medica\",\"isPartOf\":{\"@id\":\"https:\\\/\\\/global-medica.com\\\/#website\"},\"primaryImageOfPage\":{\"@id\":\"https:\\\/\\\/global-medica.com\\\/surgical-division\\\/cirugia-minimamente-invasiva\\\/#primaryimage\"},\"image\":{\"@id\":\"https:\\\/\\\/global-medica.com\\\/surgical-division\\\/cirugia-minimamente-invasiva\\\/#primaryimage\"},\"thumbnailUrl\":\"https:\\\/\\\/global-medica.com\\\/wp-content\\\/uploads\\\/2024\\\/05\\\/titulobarra-01.jpg\",\"datePublished\":\"2026-04-27T12:11:07+00:00\",\"dateModified\":\"2026-04-27T18:39:10+00:00\",\"breadcrumb\":{\"@id\":\"https:\\\/\\\/global-medica.com\\\/surgical-division\\\/cirugia-minimamente-invasiva\\\/#breadcrumb\"},\"inLanguage\":\"en-US\",\"potentialAction\":[{\"@type\":\"ReadAction\",\"target\":[\"https:\\\/\\\/global-medica.com\\\/surgical-division\\\/cirugia-minimamente-invasiva\\\/\"]}]},{\"@type\":\"ImageObject\",\"inLanguage\":\"en-US\",\"@id\":\"https:\\\/\\\/global-medica.com\\\/surgical-division\\\/cirugia-minimamente-invasiva\\\/#primaryimage\",\"url\":\"https:\\\/\\\/global-medica.com\\\/wp-content\\\/uploads\\\/2024\\\/05\\\/titulobarra-01.jpg\",\"contentUrl\":\"https:\\\/\\\/global-medica.com\\\/wp-content\\\/uploads\\\/2024\\\/05\\\/titulobarra-01.jpg\"},{\"@type\":\"BreadcrumbList\",\"@id\":\"https:\\\/\\\/global-medica.com\\\/surgical-division\\\/cirugia-minimamente-invasiva\\\/#breadcrumb\",\"itemListElement\":[{\"@type\":\"ListItem\",\"position\":1,\"name\":\"Home\",\"item\":\"https:\\\/\\\/global-medica.com\\\/\"},{\"@type\":\"ListItem\",\"position\":2,\"name\":\"Divisi\u00f3n Quir\u00fargica\",\"item\":\"https:\\\/\\\/global-medica.com\\\/surgical-division\\\/\"},{\"@type\":\"ListItem\",\"position\":3,\"name\":\"Cirug\u00eda M\u00ednimamente Invasiva\"}]},{\"@type\":\"WebSite\",\"@id\":\"https:\\\/\\\/global-medica.com\\\/#website\",\"url\":\"https:\\\/\\\/global-medica.com\\\/\",\"name\":\"Global Medica\",\"description\":\"Global Medica\",\"publisher\":{\"@id\":\"https:\\\/\\\/global-medica.com\\\/#organization\"},\"inLanguage\":\"en-US\"},{\"@type\":\"Organization\",\"@id\":\"https:\\\/\\\/global-medica.com\\\/#organization\",\"name\":\"Global Medica\",\"url\":\"https:\\\/\\\/global-medica.com\\\/\",\"logo\":{\"@type\":\"ImageObject\",\"inLanguage\":\"en-US\",\"@id\":\"https:\\\/\\\/global-medica.com\\\/#\\\/schema\\\/logo\\\/image\\\/\",\"url\":\"https:\\\/\\\/global-medica.com\\\/wp-content\\\/uploads\\\/2024\\\/04\\\/global-logo.png\",\"contentUrl\":\"https:\\\/\\\/global-medica.com\\\/wp-content\\\/uploads\\\/2024\\\/04\\\/global-logo.png\",\"width\":312,\"height\":84,\"caption\":\"Global Medica\"},\"image\":{\"@id\":\"https:\\\/\\\/global-medica.com\\\/#\\\/schema\\\/logo\\\/image\\\/\"},\"sameAs\":[\"https:\\\/\\\/www.facebook.com\\\/gmglobalmedica\",\"https:\\\/\\\/www.instagram.com\\\/globalmedica\\\/\",\"https:\\\/\\\/www.linkedin.com\\\/company\\\/67924728\",\"https:\\\/\\\/www.youtube.com\\\/channel\\\/UCWT2KUVVms56vwB0N9r8qKQ\\\/\"]}]}<\/script>\n<!-- \/ Yoast SEO plugin. -->","yoast_head_json":{"title":"Cirug\u00eda M\u00ednimamente Invasiva - Global Medica - Global M\u00e9dica DR","robots":{"index":"index","follow":"follow","max-snippet":"max-snippet:-1","max-image-preview":"max-image-preview:large","max-video-preview":"max-video-preview:-1"},"canonical":"https:\/\/global-medica.com\/en\/surgical-division\/cirugia-minimamente-invasiva\/","og_locale":"en_US","og_type":"article","og_title":"Cirug\u00eda M\u00ednimamente Invasiva - Global Medica - Global M\u00e9dica DR","og_description":"Home Como distribuidor autorizado de Mindray, Global Medica equipa salas de cirug\u00eda m\u00ednimamente invasiva con tecnolog\u00eda de alto rendimiento a un punto de precio competitivo. Nuestro portafolio cubre torres laparosc\u00f3picas, plataformas de energ\u00eda, instrumental reusable y descartable, y grapadoras quir\u00fargicas, todo lo que un centro necesita para operar con eficiencia y confiabilidad. Torres Laparosc\u00f3picas Energ\u00eda [&hellip;]","og_url":"https:\/\/global-medica.com\/en\/surgical-division\/cirugia-minimamente-invasiva\/","og_site_name":"Global Medica","article_publisher":"https:\/\/www.facebook.com\/gmglobalmedica","article_modified_time":"2026-04-27T18:39:10+00:00","og_image":[{"width":1920,"height":200,"url":"https:\/\/global-medica.com\/wp-content\/uploads\/2024\/05\/titulobarra-01.jpg","type":"image\/jpeg"}],"twitter_card":"summary_large_image","twitter_misc":{"Est. reading time":"2 minutes"},"schema":{"@context":"https:\/\/schema.org","@graph":[{"@type":"WebPage","@id":"https:\/\/global-medica.com\/surgical-division\/cirugia-minimamente-invasiva\/","url":"https:\/\/global-medica.com\/surgical-division\/cirugia-minimamente-invasiva\/","name":"Cirug\u00eda M\u00ednimamente Invasiva - Global Medica","isPartOf":{"@id":"https:\/\/global-medica.com\/#website"},"primaryImageOfPage":{"@id":"https:\/\/global-medica.com\/surgical-division\/cirugia-minimamente-invasiva\/#primaryimage"},"image":{"@id":"https:\/\/global-medica.com\/surgical-division\/cirugia-minimamente-invasiva\/#primaryimage"},"thumbnailUrl":"https:\/\/global-medica.com\/wp-content\/uploads\/2024\/05\/titulobarra-01.jpg","datePublished":"2026-04-27T12:11:07+00:00","dateModified":"2026-04-27T18:39:10+00:00","breadcrumb":{"@id":"https:\/\/global-medica.com\/surgical-division\/cirugia-minimamente-invasiva\/#breadcrumb"},"inLanguage":"en-US","potentialAction":[{"@type":"ReadAction","target":["https:\/\/global-medica.com\/surgical-division\/cirugia-minimamente-invasiva\/"]}]},{"@type":"ImageObject","inLanguage":"en-US","@id":"https:\/\/global-medica.com\/surgical-division\/cirugia-minimamente-invasiva\/#primaryimage","url":"https:\/\/global-medica.com\/wp-content\/uploads\/2024\/05\/titulobarra-01.jpg","contentUrl":"https:\/\/global-medica.com\/wp-content\/uploads\/2024\/05\/titulobarra-01.jpg"},{"@type":"BreadcrumbList","@id":"https:\/\/global-medica.com\/surgical-division\/cirugia-minimamente-invasiva\/#breadcrumb","itemListElement":[{"@type":"ListItem","position":1,"name":"Home","item":"https:\/\/global-medica.com\/"},{"@type":"ListItem","position":2,"name":"Divisi\u00f3n Quir\u00fargica","item":"https:\/\/global-medica.com\/surgical-division\/"},{"@type":"ListItem","position":3,"name":"Cirug\u00eda M\u00ednimamente Invasiva"}]},{"@type":"WebSite","@id":"https:\/\/global-medica.com\/#website","url":"https:\/\/global-medica.com\/","name":"Global Medica","description":"Global Medica","publisher":{"@id":"https:\/\/global-medica.com\/#organization"},"inLanguage":"en-US"},{"@type":"Organization","@id":"https:\/\/global-medica.com\/#organization","name":"Global Medica","url":"https:\/\/global-medica.com\/","logo":{"@type":"ImageObject","inLanguage":"en-US","@id":"https:\/\/global-medica.com\/#\/schema\/logo\/image\/","url":"https:\/\/global-medica.com\/wp-content\/uploads\/2024\/04\/global-logo.png","contentUrl":"https:\/\/global-medica.com\/wp-content\/uploads\/2024\/04\/global-logo.png","width":312,"height":84,"caption":"Global Medica"},"image":{"@id":"https:\/\/global-medica.com\/#\/schema\/logo\/image\/"},"sameAs":["https:\/\/www.facebook.com\/gmglobalmedica","https:\/\/www.instagram.com\/globalmedica\/","https:\/\/www.linkedin.com\/company\/67924728","https:\/\/www.youtube.com\/channel\/UCWT2KUVVms56vwB0N9r8qKQ\/"]}]}},"_links":{"self":[{"href":"https:\/\/global-medica.com\/en\/wp-json\/wp\/v2\/pages\/4407","targetHints":{"allow":["GET"]}}],"collection":[{"href":"https:\/\/global-medica.com\/en\/wp-json\/wp\/v2\/pages"}],"about":[{"href":"https:\/\/global-medica.com\/en\/wp-json\/wp\/v2\/types\/page"}],"author":[{"embeddable":true,"href":"https:\/\/global-medica.com\/en\/wp-json\/wp\/v2\/users\/1"}],"replies":[{"embeddable":true,"href":"https:\/\/global-medica.com\/en\/wp-json\/wp\/v2\/comments?post=4407"}],"version-history":[{"count":10,"href":"https:\/\/global-medica.com\/en\/wp-json\/wp\/v2\/pages\/4407\/revisions"}],"predecessor-version":[{"id":4546,"href":"https:\/\/global-medica.com\/en\/wp-json\/wp\/v2\/pages\/4407\/revisions\/4546"}],"up":[{"embeddable":true,"href":"https:\/\/global-medica.com\/en\/wp-json\/wp\/v2\/pages\/3908"}],"wp:attachment":[{"href":"https:\/\/global-medica.com\/en\/wp-json\/wp\/v2\/media?parent=4407"}],"curies":[{"name":"wp","href":"https:\/\/api.w.org\/{rel}","templated":true}]}}