{"id":3920,"date":"2026-02-10T21:28:39","date_gmt":"2026-02-10T21:28:39","guid":{"rendered":"https:\/\/global-medica.com\/?page_id=3920"},"modified":"2026-02-23T22:08:12","modified_gmt":"2026-02-23T22:08:12","slug":"torres-laparoscopicas","status":"publish","type":"page","link":"https:\/\/global-medica.com\/en\/surgical-division\/laparoscopic-towers\/","title":{"rendered":"Laparoscopic Towers"},"content":{"rendered":"<div data-elementor-type=\"wp-page\" data-elementor-id=\"3920\" class=\"elementor elementor-3920\" data-elementor-post-type=\"page\">\n\t\t\t\t<div class=\"elementor-element elementor-element-2d0cdb2 e-con-full e-flex elementor-invisible e-con e-parent\" data-id=\"2d0cdb2\" data-element_type=\"container\" data-e-type=\"container\" data-settings=\"{&quot;animation&quot;:&quot;fadeIn&quot;}\">\n\t\t\t\t<div class=\"elementor-element elementor-element-d3baff0 elementor-widget elementor-widget-image\" data-id=\"d3baff0\" data-element_type=\"widget\" data-e-type=\"widget\" data-widget_type=\"image.default\">\n\t\t\t\t<div class=\"elementor-widget-container\">\n\t\t\t\t\t\t\t\t\t\t\t\t\t\t\t<img fetchpriority=\"high\" decoding=\"async\" width=\"1920\" height=\"200\" src=\"https:\/\/global-medica.com\/wp-content\/uploads\/2024\/05\/titulobarra-01.jpg\" class=\"attachment-full size-full wp-image-631\" alt=\"title image\" srcset=\"https:\/\/global-medica.com\/wp-content\/uploads\/2024\/05\/titulobarra-01.jpg 1920w, https:\/\/global-medica.com\/wp-content\/uploads\/2024\/05\/titulobarra-01-300x31.jpg 300w, https:\/\/global-medica.com\/wp-content\/uploads\/2024\/05\/titulobarra-01-1024x107.jpg 1024w, https:\/\/global-medica.com\/wp-content\/uploads\/2024\/05\/titulobarra-01-768x80.jpg 768w, https:\/\/global-medica.com\/wp-content\/uploads\/2024\/05\/titulobarra-01-1536x160.jpg 1536w, https:\/\/global-medica.com\/wp-content\/uploads\/2024\/05\/titulobarra-01-18x2.jpg 18w, https:\/\/global-medica.com\/wp-content\/uploads\/2024\/05\/titulobarra-01-600x63.jpg 600w\" sizes=\"(max-width: 1920px) 100vw, 1920px\" \/>\t\t\t\t\t\t\t\t\t\t\t\t\t\t\t<\/div>\n\t\t\t\t<\/div>\n\t\t\t\t<\/div>\n\t\t<div class=\"elementor-element elementor-element-27ac5e6 e-flex e-con-boxed elementor-invisible e-con e-parent\" data-id=\"27ac5e6\" data-element_type=\"container\" data-e-type=\"container\" data-settings=\"{&quot;animation&quot;:&quot;fadeIn&quot;}\">\n\t\t\t\t\t<div class=\"e-con-inner\">\n\t\t\t\t<div class=\"elementor-element elementor-element-a90e040 elementor-widget elementor-widget-heading\" data-id=\"a90e040\" data-element_type=\"widget\" data-e-type=\"widget\" data-widget_type=\"heading.default\">\n\t\t\t\t<div class=\"elementor-widget-container\">\n\t\t\t\t\t<h2 class=\"elementor-heading-title elementor-size-default\">Products<\/h2>\t\t\t\t<\/div>\n\t\t\t\t<\/div>\n\t\t\t\t<div class=\"elementor-element elementor-element-8d51994 elementor-widget elementor-widget-heading\" data-id=\"8d51994\" data-element_type=\"widget\" data-e-type=\"widget\" data-widget_type=\"heading.default\">\n\t\t\t\t<div class=\"elementor-widget-container\">\n\t\t\t\t\t<h2 class=\"elementor-heading-title elementor-size-default\">Laparoscopic Towers<\/h2>\t\t\t\t<\/div>\n\t\t\t\t<\/div>\n\t\t\t\t<div class=\"elementor-element elementor-element-4e5fe71 elementor-align-center gs-breadcrumb elementor-widget elementor-widget-woolentor-breadcrumbs-addons\" data-id=\"4e5fe71\" data-element_type=\"widget\" data-e-type=\"widget\" data-widget_type=\"woolentor-breadcrumbs-addons.default\">\n\t\t\t\t<div class=\"elementor-widget-container\">\n\t\t\t\t\t<div class=\"woolentor-breadcrumb\"><nav class=\"woocommerce-breadcrumb\" data-no-translation=\"\" data-trp-gettext=\"\">Home<\/nav><\/div>\t\t\t\t<\/div>\n\t\t\t\t<\/div>\n\t\t\t\t<div class=\"elementor-element elementor-element-4cc6e94 elementor-widget elementor-widget-text-editor\" data-id=\"4cc6e94\" data-element_type=\"widget\" data-e-type=\"widget\" data-widget_type=\"text-editor.default\">\n\t\t\t\t<div class=\"elementor-widget-container\">\n\t\t\t\t\t\t\t\t\tNuestras torres laparosc\u00f3picas integran todo lo necesario para un quir\u00f3fano moderno y eficiente: monitor m\u00e9dico de alta definici\u00f3n, c\u00e1mara 4K con cabezal, fuente de luz de alto rendimiento, insuflador de CO\u2082 digital, unidad de energ\u00eda, sistema de grabaci\u00f3n de im\u00e1genes y video compatible con PACS, carro m\u00e9dico m\u00f3vil y endoscopio r\u00edgido de alta precisi\u00f3n. Una soluci\u00f3n completa, lista para operar, que garantiza visualizaci\u00f3n superior, flujo de trabajo optimizado y m\u00e1xima confiabilidad en cada procedimiento m\u00ednimamente invasivo.\t\t\t\t\t\t\t\t<\/div>\n\t\t\t\t<\/div>\n\t\t\t\t\t<\/div>\n\t\t\t\t<\/div>\n\t\t<div class=\"elementor-element elementor-element-8596a96 e-flex e-con-boxed elementor-invisible e-con e-parent\" data-id=\"8596a96\" data-element_type=\"container\" data-e-type=\"container\" data-settings=\"{&quot;animation&quot;:&quot;fadeIn&quot;}\">\n\t\t\t\t\t<div class=\"e-con-inner\">\n\t\t<div class=\"elementor-element elementor-element-dca1aa9 e-con-full e-flex e-con e-child\" data-id=\"dca1aa9\" data-element_type=\"container\" data-e-type=\"container\">\n\t\t\t\t<div class=\"elementor-element elementor-element-9eca30b elementor-position-top elementor-widget elementor-widget-image-box\" data-id=\"9eca30b\" data-element_type=\"widget\" data-e-type=\"widget\" data-widget_type=\"image-box.default\">\n\t\t\t\t<div class=\"elementor-widget-container\">\n\t\t\t\t\t<div class=\"elementor-image-box-wrapper\"><figure class=\"elementor-image-box-img\"><a href=\"https:\/\/global-medica.com\/en\/surgical-division\/laparoscopic-towers\/ux5\/\" tabindex=\"-1\"><img decoding=\"async\" width=\"600\" height=\"600\" src=\"https:\/\/global-medica.com\/wp-content\/uploads\/2026\/02\/ux5.jpg\" class=\"attachment-full size-full wp-image-3975\" alt=\"\" srcset=\"https:\/\/global-medica.com\/wp-content\/uploads\/2026\/02\/ux5.jpg 600w, https:\/\/global-medica.com\/wp-content\/uploads\/2026\/02\/ux5-300x300.jpg 300w, https:\/\/global-medica.com\/wp-content\/uploads\/2026\/02\/ux5-150x150.jpg 150w, https:\/\/global-medica.com\/wp-content\/uploads\/2026\/02\/ux5-12x12.jpg 12w, https:\/\/global-medica.com\/wp-content\/uploads\/2026\/02\/ux5-100x100.jpg 100w\" sizes=\"(max-width: 600px) 100vw, 600px\" \/><\/a><\/figure><div class=\"elementor-image-box-content\"><h3 class=\"elementor-image-box-title\"><a href=\"https:\/\/global-medica.com\/en\/surgical-division\/laparoscopic-towers\/ux5\/\">UX5<\/a><\/h3><\/div><\/div>\t\t\t\t<\/div>\n\t\t\t\t<\/div>\n\t\t\t\t<\/div>\n\t\t<div class=\"elementor-element elementor-element-7288155 e-con-full e-flex e-con e-child\" data-id=\"7288155\" data-element_type=\"container\" data-e-type=\"container\">\n\t\t\t\t<div class=\"elementor-element elementor-element-ded1b8c elementor-position-top elementor-widget elementor-widget-image-box\" data-id=\"ded1b8c\" data-element_type=\"widget\" data-e-type=\"widget\" data-widget_type=\"image-box.default\">\n\t\t\t\t<div class=\"elementor-widget-container\">\n\t\t\t\t\t<div class=\"elementor-image-box-wrapper\"><figure class=\"elementor-image-box-img\"><a href=\"https:\/\/global-medica.com\/en\/surgical-division\/laparoscopic-towers\/ux7\/\" tabindex=\"-1\"><img decoding=\"async\" width=\"600\" height=\"600\" src=\"https:\/\/global-medica.com\/wp-content\/uploads\/2026\/02\/ux7.jpg\" class=\"attachment-full size-full wp-image-3976\" alt=\"\" srcset=\"https:\/\/global-medica.com\/wp-content\/uploads\/2026\/02\/ux7.jpg 600w, https:\/\/global-medica.com\/wp-content\/uploads\/2026\/02\/ux7-300x300.jpg 300w, https:\/\/global-medica.com\/wp-content\/uploads\/2026\/02\/ux7-150x150.jpg 150w, https:\/\/global-medica.com\/wp-content\/uploads\/2026\/02\/ux7-12x12.jpg 12w, https:\/\/global-medica.com\/wp-content\/uploads\/2026\/02\/ux7-100x100.jpg 100w\" sizes=\"(max-width: 600px) 100vw, 600px\" \/><\/a><\/figure><div class=\"elementor-image-box-content\"><h3 class=\"elementor-image-box-title\"><a href=\"https:\/\/global-medica.com\/en\/surgical-division\/laparoscopic-towers\/ux7\/\">UX7<\/a><\/h3><\/div><\/div>\t\t\t\t<\/div>\n\t\t\t\t<\/div>\n\t\t\t\t<\/div>\n\t\t\t\t\t<\/div>\n\t\t\t\t<\/div>\n\t\t\t\t<\/div>","protected":false},"excerpt":{"rendered":"<p>Productos Home Nuestras torres laparosc\u00f3picas integran todo lo necesario para un quir\u00f3fano moderno y eficiente: monitor m\u00e9dico de alta definici\u00f3n, c\u00e1mara 4K con cabezal, fuente de luz de alto rendimiento, insuflador de CO\u2082 digital, unidad de energ\u00eda, sistema de grabaci\u00f3n de im\u00e1genes y video compatible con PACS, carro m\u00e9dico m\u00f3vil y endoscopio r\u00edgido de alta [&hellip;]<\/p>\n","protected":false},"author":1,"featured_media":0,"parent":3908,"menu_order":1,"comment_status":"closed","ping_status":"closed","template":"","meta":{"footnotes":""},"class_list":["post-3920","page","type-page","status-publish","hentry"],"yoast_head":"<!-- This site is optimized with the Yoast SEO plugin v27.3 - https:\/\/yoast.com\/product\/yoast-seo-wordpress\/ -->\n<title>Laparoscopic Towers - Global Medica - Global M\u00e9dica DR<\/title>\n<meta name=\"description\" content=\"Torres laparosc\u00f3picas completas con c\u00e1mara 4K, monitor HD, insuflador CO\u2082 y energ\u00eda integrada para cirug\u00eda eficiente y segura.\" \/>\n<meta name=\"robots\" content=\"index, follow, max-snippet:-1, max-image-preview:large, max-video-preview:-1\" \/>\n<link rel=\"canonical\" href=\"https:\/\/global-medica.com\/en\/surgical-division\/torres-laparoscopicas\/\" \/>\n<meta property=\"og:locale\" content=\"en_US\" \/>\n<meta property=\"og:type\" content=\"article\" \/>\n<meta property=\"og:title\" content=\"Laparoscopic Towers - Global Medica - Global M\u00e9dica DR\" \/>\n<meta property=\"og:description\" content=\"Torres laparosc\u00f3picas completas con c\u00e1mara 4K, monitor HD, insuflador CO\u2082 y energ\u00eda integrada para cirug\u00eda eficiente y segura.\" \/>\n<meta property=\"og:url\" content=\"https:\/\/global-medica.com\/en\/surgical-division\/torres-laparoscopicas\/\" \/>\n<meta property=\"og:site_name\" content=\"Global Medica\" \/>\n<meta property=\"article:publisher\" content=\"https:\/\/www.facebook.com\/gmglobalmedica\" \/>\n<meta property=\"article:modified_time\" content=\"2026-02-23T22:08:12+00:00\" \/>\n<meta property=\"og:image\" content=\"https:\/\/global-medica.com\/wp-content\/uploads\/2024\/05\/titulobarra-01.jpg\" \/>\n<meta name=\"twitter:card\" content=\"summary_large_image\" \/>\n<meta name=\"twitter:label1\" content=\"Est. reading time\" \/>\n\t<meta name=\"twitter:data1\" content=\"1 minute\" \/>\n<script type=\"application\/ld+json\" class=\"yoast-schema-graph\">{\"@context\":\"https:\\\/\\\/schema.org\",\"@graph\":[{\"@type\":\"WebPage\",\"@id\":\"https:\\\/\\\/global-medica.com\\\/surgical-division\\\/torres-laparoscopicas\\\/\",\"url\":\"https:\\\/\\\/global-medica.com\\\/surgical-division\\\/torres-laparoscopicas\\\/\",\"name\":\"Torres Laparosc\u00f3picas\",\"isPartOf\":{\"@id\":\"https:\\\/\\\/global-medica.com\\\/#website\"},\"primaryImageOfPage\":{\"@id\":\"https:\\\/\\\/global-medica.com\\\/surgical-division\\\/torres-laparoscopicas\\\/#primaryimage\"},\"image\":{\"@id\":\"https:\\\/\\\/global-medica.com\\\/surgical-division\\\/torres-laparoscopicas\\\/#primaryimage\"},\"thumbnailUrl\":\"https:\\\/\\\/global-medica.com\\\/wp-content\\\/uploads\\\/2024\\\/05\\\/titulobarra-01.jpg\",\"datePublished\":\"2026-02-10T21:28:39+00:00\",\"dateModified\":\"2026-02-23T22:08:12+00:00\",\"description\":\"Torres laparosc\u00f3picas completas con c\u00e1mara 4K, monitor HD, insuflador CO\u2082 y energ\u00eda integrada para cirug\u00eda eficiente y segura.\",\"breadcrumb\":{\"@id\":\"https:\\\/\\\/global-medica.com\\\/surgical-division\\\/torres-laparoscopicas\\\/#breadcrumb\"},\"inLanguage\":\"en-US\",\"potentialAction\":[{\"@type\":\"ReadAction\",\"target\":[\"https:\\\/\\\/global-medica.com\\\/surgical-division\\\/torres-laparoscopicas\\\/\"]}]},{\"@type\":\"ImageObject\",\"inLanguage\":\"en-US\",\"@id\":\"https:\\\/\\\/global-medica.com\\\/surgical-division\\\/torres-laparoscopicas\\\/#primaryimage\",\"url\":\"https:\\\/\\\/global-medica.com\\\/wp-content\\\/uploads\\\/2024\\\/05\\\/titulobarra-01.jpg\",\"contentUrl\":\"https:\\\/\\\/global-medica.com\\\/wp-content\\\/uploads\\\/2024\\\/05\\\/titulobarra-01.jpg\"},{\"@type\":\"BreadcrumbList\",\"@id\":\"https:\\\/\\\/global-medica.com\\\/surgical-division\\\/torres-laparoscopicas\\\/#breadcrumb\",\"itemListElement\":[{\"@type\":\"ListItem\",\"position\":1,\"name\":\"Home\",\"item\":\"https:\\\/\\\/global-medica.com\\\/\"},{\"@type\":\"ListItem\",\"position\":2,\"name\":\"Divisi\u00f3n Quir\u00fargica\",\"item\":\"https:\\\/\\\/global-medica.com\\\/surgical-division\\\/\"},{\"@type\":\"ListItem\",\"position\":3,\"name\":\"Torres Laparosc\u00f3picas\"}]},{\"@type\":\"WebSite\",\"@id\":\"https:\\\/\\\/global-medica.com\\\/#website\",\"url\":\"https:\\\/\\\/global-medica.com\\\/\",\"name\":\"Global Medica\",\"description\":\"Global Medica\",\"publisher\":{\"@id\":\"https:\\\/\\\/global-medica.com\\\/#organization\"},\"inLanguage\":\"en-US\"},{\"@type\":\"Organization\",\"@id\":\"https:\\\/\\\/global-medica.com\\\/#organization\",\"name\":\"Global Medica\",\"url\":\"https:\\\/\\\/global-medica.com\\\/\",\"logo\":{\"@type\":\"ImageObject\",\"inLanguage\":\"en-US\",\"@id\":\"https:\\\/\\\/global-medica.com\\\/#\\\/schema\\\/logo\\\/image\\\/\",\"url\":\"https:\\\/\\\/global-medica.com\\\/wp-content\\\/uploads\\\/2024\\\/04\\\/global-logo.png\",\"contentUrl\":\"https:\\\/\\\/global-medica.com\\\/wp-content\\\/uploads\\\/2024\\\/04\\\/global-logo.png\",\"width\":312,\"height\":84,\"caption\":\"Global Medica\"},\"image\":{\"@id\":\"https:\\\/\\\/global-medica.com\\\/#\\\/schema\\\/logo\\\/image\\\/\"},\"sameAs\":[\"https:\\\/\\\/www.facebook.com\\\/gmglobalmedica\",\"https:\\\/\\\/www.instagram.com\\\/globalmedica\\\/\",\"https:\\\/\\\/www.linkedin.com\\\/company\\\/67924728\",\"https:\\\/\\\/www.youtube.com\\\/channel\\\/UCWT2KUVVms56vwB0N9r8qKQ\\\/\"]}]}<\/script>\n<!-- \/ Yoast SEO plugin. -->","yoast_head_json":{"title":"Laparoscopic Towers - Global Medica - Global M\u00e9dica DR","description":"Torres laparosc\u00f3picas completas con c\u00e1mara 4K, monitor HD, insuflador CO\u2082 y energ\u00eda integrada para cirug\u00eda eficiente y segura.","robots":{"index":"index","follow":"follow","max-snippet":"max-snippet:-1","max-image-preview":"max-image-preview:large","max-video-preview":"max-video-preview:-1"},"canonical":"https:\/\/global-medica.com\/en\/surgical-division\/torres-laparoscopicas\/","og_locale":"en_US","og_type":"article","og_title":"Laparoscopic Towers - Global Medica - Global M\u00e9dica DR","og_description":"Torres laparosc\u00f3picas completas con c\u00e1mara 4K, monitor HD, insuflador CO\u2082 y energ\u00eda integrada para cirug\u00eda eficiente y segura.","og_url":"https:\/\/global-medica.com\/en\/surgical-division\/torres-laparoscopicas\/","og_site_name":"Global Medica","article_publisher":"https:\/\/www.facebook.com\/gmglobalmedica","article_modified_time":"2026-02-23T22:08:12+00:00","og_image":[{"url":"https:\/\/global-medica.com\/wp-content\/uploads\/2024\/05\/titulobarra-01.jpg","type":"","width":"","height":""}],"twitter_card":"summary_large_image","twitter_misc":{"Est. reading time":"1 minute"},"schema":{"@context":"https:\/\/schema.org","@graph":[{"@type":"WebPage","@id":"https:\/\/global-medica.com\/surgical-division\/torres-laparoscopicas\/","url":"https:\/\/global-medica.com\/surgical-division\/torres-laparoscopicas\/","name":"Laparoscopic Towers","isPartOf":{"@id":"https:\/\/global-medica.com\/#website"},"primaryImageOfPage":{"@id":"https:\/\/global-medica.com\/surgical-division\/torres-laparoscopicas\/#primaryimage"},"image":{"@id":"https:\/\/global-medica.com\/surgical-division\/torres-laparoscopicas\/#primaryimage"},"thumbnailUrl":"https:\/\/global-medica.com\/wp-content\/uploads\/2024\/05\/titulobarra-01.jpg","datePublished":"2026-02-10T21:28:39+00:00","dateModified":"2026-02-23T22:08:12+00:00","description":"Torres laparosc\u00f3picas completas con c\u00e1mara 4K, monitor HD, insuflador CO\u2082 y energ\u00eda integrada para cirug\u00eda eficiente y segura.","breadcrumb":{"@id":"https:\/\/global-medica.com\/surgical-division\/torres-laparoscopicas\/#breadcrumb"},"inLanguage":"en-US","potentialAction":[{"@type":"ReadAction","target":["https:\/\/global-medica.com\/surgical-division\/torres-laparoscopicas\/"]}]},{"@type":"ImageObject","inLanguage":"en-US","@id":"https:\/\/global-medica.com\/surgical-division\/torres-laparoscopicas\/#primaryimage","url":"https:\/\/global-medica.com\/wp-content\/uploads\/2024\/05\/titulobarra-01.jpg","contentUrl":"https:\/\/global-medica.com\/wp-content\/uploads\/2024\/05\/titulobarra-01.jpg"},{"@type":"BreadcrumbList","@id":"https:\/\/global-medica.com\/surgical-division\/torres-laparoscopicas\/#breadcrumb","itemListElement":[{"@type":"ListItem","position":1,"name":"Home","item":"https:\/\/global-medica.com\/"},{"@type":"ListItem","position":2,"name":"Divisi\u00f3n Quir\u00fargica","item":"https:\/\/global-medica.com\/surgical-division\/"},{"@type":"ListItem","position":3,"name":"Torres Laparosc\u00f3picas"}]},{"@type":"WebSite","@id":"https:\/\/global-medica.com\/#website","url":"https:\/\/global-medica.com\/","name":"Global Medica","description":"Global Medica","publisher":{"@id":"https:\/\/global-medica.com\/#organization"},"inLanguage":"en-US"},{"@type":"Organization","@id":"https:\/\/global-medica.com\/#organization","name":"Global Medica","url":"https:\/\/global-medica.com\/","logo":{"@type":"ImageObject","inLanguage":"en-US","@id":"https:\/\/global-medica.com\/#\/schema\/logo\/image\/","url":"https:\/\/global-medica.com\/wp-content\/uploads\/2024\/04\/global-logo.png","contentUrl":"https:\/\/global-medica.com\/wp-content\/uploads\/2024\/04\/global-logo.png","width":312,"height":84,"caption":"Global Medica"},"image":{"@id":"https:\/\/global-medica.com\/#\/schema\/logo\/image\/"},"sameAs":["https:\/\/www.facebook.com\/gmglobalmedica","https:\/\/www.instagram.com\/globalmedica\/","https:\/\/www.linkedin.com\/company\/67924728","https:\/\/www.youtube.com\/channel\/UCWT2KUVVms56vwB0N9r8qKQ\/"]}]}},"_links":{"self":[{"href":"https:\/\/global-medica.com\/en\/wp-json\/wp\/v2\/pages\/3920","targetHints":{"allow":["GET"]}}],"collection":[{"href":"https:\/\/global-medica.com\/en\/wp-json\/wp\/v2\/pages"}],"about":[{"href":"https:\/\/global-medica.com\/en\/wp-json\/wp\/v2\/types\/page"}],"author":[{"embeddable":true,"href":"https:\/\/global-medica.com\/en\/wp-json\/wp\/v2\/users\/1"}],"replies":[{"embeddable":true,"href":"https:\/\/global-medica.com\/en\/wp-json\/wp\/v2\/comments?post=3920"}],"version-history":[{"count":25,"href":"https:\/\/global-medica.com\/en\/wp-json\/wp\/v2\/pages\/3920\/revisions"}],"predecessor-version":[{"id":4220,"href":"https:\/\/global-medica.com\/en\/wp-json\/wp\/v2\/pages\/3920\/revisions\/4220"}],"up":[{"embeddable":true,"href":"https:\/\/global-medica.com\/en\/wp-json\/wp\/v2\/pages\/3908"}],"wp:attachment":[{"href":"https:\/\/global-medica.com\/en\/wp-json\/wp\/v2\/media?parent=3920"}],"curies":[{"name":"wp","href":"https:\/\/api.w.org\/{rel}","templated":true}]}}