{"id":3908,"date":"2026-02-10T20:40:55","date_gmt":"2026-02-10T20:40:55","guid":{"rendered":"https:\/\/global-medica.com\/?page_id=3908"},"modified":"2026-02-25T13:20:19","modified_gmt":"2026-02-25T13:20:19","slug":"surgical-division","status":"publish","type":"page","link":"https:\/\/global-medica.com\/en\/surgical-division\/","title":{"rendered":"Surgical Division"},"content":{"rendered":"<div data-elementor-type=\"wp-page\" data-elementor-id=\"3908\" class=\"elementor elementor-3908\" data-elementor-post-type=\"page\">\n\t\t\t\t<div class=\"elementor-element elementor-element-95bf89e e-con-full e-flex elementor-invisible e-con e-parent\" data-id=\"95bf89e\" data-element_type=\"container\" data-e-type=\"container\" data-settings=\"{&quot;animation&quot;:&quot;fadeIn&quot;}\">\n\t\t\t\t<div class=\"elementor-element elementor-element-7fa33f5 elementor-widget elementor-widget-image\" data-id=\"7fa33f5\" data-element_type=\"widget\" data-e-type=\"widget\" data-widget_type=\"image.default\">\n\t\t\t\t<div class=\"elementor-widget-container\">\n\t\t\t\t\t\t\t\t\t\t\t\t\t\t\t<img fetchpriority=\"high\" decoding=\"async\" width=\"1920\" height=\"200\" src=\"https:\/\/global-medica.com\/wp-content\/uploads\/2024\/05\/titulobarra-01.jpg\" class=\"attachment-full size-full wp-image-631\" alt=\"title image\" srcset=\"https:\/\/global-medica.com\/wp-content\/uploads\/2024\/05\/titulobarra-01.jpg 1920w, https:\/\/global-medica.com\/wp-content\/uploads\/2024\/05\/titulobarra-01-300x31.jpg 300w, https:\/\/global-medica.com\/wp-content\/uploads\/2024\/05\/titulobarra-01-1024x107.jpg 1024w, https:\/\/global-medica.com\/wp-content\/uploads\/2024\/05\/titulobarra-01-768x80.jpg 768w, https:\/\/global-medica.com\/wp-content\/uploads\/2024\/05\/titulobarra-01-1536x160.jpg 1536w, https:\/\/global-medica.com\/wp-content\/uploads\/2024\/05\/titulobarra-01-18x2.jpg 18w, https:\/\/global-medica.com\/wp-content\/uploads\/2024\/05\/titulobarra-01-600x63.jpg 600w\" sizes=\"(max-width: 1920px) 100vw, 1920px\" \/>\t\t\t\t\t\t\t\t\t\t\t\t\t\t\t<\/div>\n\t\t\t\t<\/div>\n\t\t\t\t<\/div>\n\t\t<div class=\"elementor-element elementor-element-f812d1e e-flex e-con-boxed elementor-invisible e-con e-parent\" data-id=\"f812d1e\" data-element_type=\"container\" data-e-type=\"container\" data-settings=\"{&quot;animation&quot;:&quot;fadeIn&quot;}\">\n\t\t\t\t\t<div class=\"e-con-inner\">\n\t\t\t\t<div class=\"elementor-element elementor-element-be0df5a elementor-widget elementor-widget-image\" data-id=\"be0df5a\" data-element_type=\"widget\" data-e-type=\"widget\" data-widget_type=\"image.default\">\n\t\t\t\t<div class=\"elementor-widget-container\">\n\t\t\t\t\t\t\t\t\t\t\t\t\t\t\t<img decoding=\"async\" width=\"800\" height=\"141\" src=\"https:\/\/global-medica.com\/wp-content\/uploads\/2026\/02\/logo-global-surgical-1024x180.png\" class=\"attachment-large size-large wp-image-3911\" alt=\"\" srcset=\"https:\/\/global-medica.com\/wp-content\/uploads\/2026\/02\/logo-global-surgical-1024x180.png 1024w, https:\/\/global-medica.com\/wp-content\/uploads\/2026\/02\/logo-global-surgical-300x53.png 300w, https:\/\/global-medica.com\/wp-content\/uploads\/2026\/02\/logo-global-surgical-768x135.png 768w, https:\/\/global-medica.com\/wp-content\/uploads\/2026\/02\/logo-global-surgical-18x3.png 18w, https:\/\/global-medica.com\/wp-content\/uploads\/2026\/02\/logo-global-surgical-600x106.png 600w, https:\/\/global-medica.com\/wp-content\/uploads\/2026\/02\/logo-global-surgical.png 1200w\" sizes=\"(max-width: 800px) 100vw, 800px\" \/>\t\t\t\t\t\t\t\t\t\t\t\t\t\t\t<\/div>\n\t\t\t\t<\/div>\n\t\t\t\t<div class=\"elementor-element elementor-element-ff3d7a8 elementor-widget elementor-widget-text-editor\" data-id=\"ff3d7a8\" data-element_type=\"widget\" data-e-type=\"widget\" data-widget_type=\"text-editor.default\">\n\t\t\t\t<div class=\"elementor-widget-container\">\n\t\t\t\t\t\t\t\t\t<p>Our surgical division integrates advanced technology, specialized instrumentation and support systems clinician to optimize the performance in the operating room. Equipment reliable for safe procedures and superior results.<\/p>\t\t\t\t\t\t\t\t<\/div>\n\t\t\t\t<\/div>\n\t\t\t\t\t<\/div>\n\t\t\t\t<\/div>\n\t\t<div class=\"elementor-element elementor-element-963a5f5 e-flex e-con-boxed elementor-invisible e-con e-parent\" data-id=\"963a5f5\" data-element_type=\"container\" data-e-type=\"container\" data-settings=\"{&quot;animation&quot;:&quot;fadeIn&quot;}\">\n\t\t\t\t\t<div class=\"e-con-inner\">\n\t\t<div class=\"elementor-element elementor-element-704f5c9 e-con-full e-flex e-con e-child\" data-id=\"704f5c9\" data-element_type=\"container\" data-e-type=\"container\">\n\t\t\t\t<div class=\"elementor-element elementor-element-626a3c8 elementor-widget elementor-widget-image\" data-id=\"626a3c8\" data-element_type=\"widget\" data-e-type=\"widget\" data-widget_type=\"image.default\">\n\t\t\t\t<div class=\"elementor-widget-container\">\n\t\t\t\t\t\t\t\t\t\t\t\t\t\t\t\t<a href=\"#Productos\">\n\t\t\t\t\t\t\t<img decoding=\"async\" width=\"800\" height=\"286\" src=\"https:\/\/global-medica.com\/wp-content\/uploads\/2026\/02\/logo-mindray.png\" class=\"attachment-large size-large wp-image-3912\" alt=\"\" srcset=\"https:\/\/global-medica.com\/wp-content\/uploads\/2026\/02\/logo-mindray.png 1000w, https:\/\/global-medica.com\/wp-content\/uploads\/2026\/02\/logo-mindray-300x107.png 300w, https:\/\/global-medica.com\/wp-content\/uploads\/2026\/02\/logo-mindray-768x274.png 768w, https:\/\/global-medica.com\/wp-content\/uploads\/2026\/02\/logo-mindray-18x6.png 18w, https:\/\/global-medica.com\/wp-content\/uploads\/2026\/02\/logo-mindray-600x214.png 600w\" sizes=\"(max-width: 800px) 100vw, 800px\" \/>\t\t\t\t\t\t\t\t<\/a>\n\t\t\t\t\t\t\t\t\t\t\t\t\t\t\t<\/div>\n\t\t\t\t<\/div>\n\t\t\t\t<\/div>\n\t\t<div class=\"elementor-element elementor-element-8fb852c e-con-full e-flex e-con e-child\" data-id=\"8fb852c\" data-element_type=\"container\" data-e-type=\"container\">\n\t\t\t\t<div class=\"elementor-element elementor-element-cd439b1 elementor-widget elementor-widget-image\" data-id=\"cd439b1\" data-element_type=\"widget\" data-e-type=\"widget\" data-widget_type=\"image.default\">\n\t\t\t\t<div class=\"elementor-widget-container\">\n\t\t\t\t\t\t\t\t\t\t\t\t\t\t\t\t<a href=\"https:\/\/www.alcon.com\/\" target=\"_blank\">\n\t\t\t\t\t\t\t<img loading=\"lazy\" decoding=\"async\" width=\"600\" height=\"164\" src=\"https:\/\/global-medica.com\/wp-content\/uploads\/2026\/02\/logo_alcon.png\" class=\"attachment-large size-large wp-image-4112\" alt=\"\" srcset=\"https:\/\/global-medica.com\/wp-content\/uploads\/2026\/02\/logo_alcon.png 600w, https:\/\/global-medica.com\/wp-content\/uploads\/2026\/02\/logo_alcon-300x82.png 300w, https:\/\/global-medica.com\/wp-content\/uploads\/2026\/02\/logo_alcon-18x5.png 18w\" sizes=\"(max-width: 600px) 100vw, 600px\" \/>\t\t\t\t\t\t\t\t<\/a>\n\t\t\t\t\t\t\t\t\t\t\t\t\t\t\t<\/div>\n\t\t\t\t<\/div>\n\t\t\t\t<\/div>\n\t\t\t\t\t<\/div>\n\t\t\t\t<\/div>\n\t\t<div class=\"elementor-element elementor-element-e2df7e2 e-flex e-con-boxed elementor-invisible e-con e-parent\" data-id=\"e2df7e2\" data-element_type=\"container\" data-e-type=\"container\" id=\"Productos\" data-settings=\"{&quot;animation&quot;:&quot;fadeIn&quot;}\">\n\t\t\t\t\t<div class=\"e-con-inner\">\n\t\t<div class=\"elementor-element elementor-element-c3632f8 e-con-full e-flex e-con e-child\" data-id=\"c3632f8\" data-element_type=\"container\" data-e-type=\"container\">\n\t\t\t\t<div class=\"elementor-element elementor-element-be35107 elementor-position-top elementor-widget elementor-widget-image-box\" data-id=\"be35107\" data-element_type=\"widget\" data-e-type=\"widget\" data-widget_type=\"image-box.default\">\n\t\t\t\t<div class=\"elementor-widget-container\">\n\t\t\t\t\t<div class=\"elementor-image-box-wrapper\"><figure class=\"elementor-image-box-img\"><a href=\"https:\/\/global-medica.com\/en\/surgical-division\/laparoscopic-towers\/\" tabindex=\"-1\"><img loading=\"lazy\" decoding=\"async\" width=\"600\" height=\"600\" src=\"https:\/\/global-medica.com\/wp-content\/uploads\/2026\/02\/cat-torres.jpg\" class=\"attachment-full size-full wp-image-3930\" alt=\"\" srcset=\"https:\/\/global-medica.com\/wp-content\/uploads\/2026\/02\/cat-torres.jpg 600w, https:\/\/global-medica.com\/wp-content\/uploads\/2026\/02\/cat-torres-300x300.jpg 300w, https:\/\/global-medica.com\/wp-content\/uploads\/2026\/02\/cat-torres-150x150.jpg 150w, https:\/\/global-medica.com\/wp-content\/uploads\/2026\/02\/cat-torres-12x12.jpg 12w, https:\/\/global-medica.com\/wp-content\/uploads\/2026\/02\/cat-torres-100x100.jpg 100w\" sizes=\"(max-width: 600px) 100vw, 600px\" \/><\/a><\/figure><div class=\"elementor-image-box-content\"><h3 class=\"elementor-image-box-title\"><a href=\"https:\/\/global-medica.com\/en\/surgical-division\/laparoscopic-towers\/\">Laparoscopic Towers<\/a><\/h3><\/div><\/div>\t\t\t\t<\/div>\n\t\t\t\t<\/div>\n\t\t\t\t<\/div>\n\t\t<div class=\"elementor-element elementor-element-cf4f50c e-con-full e-flex e-con e-child\" data-id=\"cf4f50c\" data-element_type=\"container\" data-e-type=\"container\">\n\t\t\t\t<div class=\"elementor-element elementor-element-88ae416 elementor-position-top elementor-widget elementor-widget-image-box\" data-id=\"88ae416\" data-element_type=\"widget\" data-e-type=\"widget\" data-widget_type=\"image-box.default\">\n\t\t\t\t<div class=\"elementor-widget-container\">\n\t\t\t\t\t<div class=\"elementor-image-box-wrapper\"><figure class=\"elementor-image-box-img\"><a href=\"https:\/\/global-medica.com\/en\/surgical-division\/energy\/\" tabindex=\"-1\"><img loading=\"lazy\" decoding=\"async\" width=\"600\" height=\"600\" src=\"https:\/\/global-medica.com\/wp-content\/uploads\/2026\/02\/up700.jpg\" class=\"attachment-full size-full wp-image-4002\" alt=\"\" srcset=\"https:\/\/global-medica.com\/wp-content\/uploads\/2026\/02\/up700.jpg 600w, https:\/\/global-medica.com\/wp-content\/uploads\/2026\/02\/up700-300x300.jpg 300w, https:\/\/global-medica.com\/wp-content\/uploads\/2026\/02\/up700-150x150.jpg 150w, https:\/\/global-medica.com\/wp-content\/uploads\/2026\/02\/up700-12x12.jpg 12w, https:\/\/global-medica.com\/wp-content\/uploads\/2026\/02\/up700-100x100.jpg 100w\" sizes=\"(max-width: 600px) 100vw, 600px\" \/><\/a><\/figure><div class=\"elementor-image-box-content\"><h3 class=\"elementor-image-box-title\"><a href=\"https:\/\/global-medica.com\/en\/surgical-division\/energy\/\">Energy<\/a><\/h3><\/div><\/div>\t\t\t\t<\/div>\n\t\t\t\t<\/div>\n\t\t\t\t<\/div>\n\t\t<div class=\"elementor-element elementor-element-74d3ada e-con-full e-flex e-con e-child\" data-id=\"74d3ada\" data-element_type=\"container\" data-e-type=\"container\">\n\t\t\t\t<div class=\"elementor-element elementor-element-f490f66 elementor-position-top elementor-widget elementor-widget-image-box\" data-id=\"f490f66\" data-element_type=\"widget\" data-e-type=\"widget\" data-widget_type=\"image-box.default\">\n\t\t\t\t<div class=\"elementor-widget-container\">\n\t\t\t\t\t<div class=\"elementor-image-box-wrapper\"><figure class=\"elementor-image-box-img\"><a href=\"https:\/\/global-medica.com\/en\/surgical-division\/laparoscopic-instrumentation\/\" tabindex=\"-1\"><img loading=\"lazy\" decoding=\"async\" width=\"600\" height=\"600\" src=\"https:\/\/global-medica.com\/wp-content\/uploads\/2026\/02\/cat-instrumentacion.jpg\" class=\"attachment-full size-full wp-image-3932\" alt=\"\" srcset=\"https:\/\/global-medica.com\/wp-content\/uploads\/2026\/02\/cat-instrumentacion.jpg 600w, https:\/\/global-medica.com\/wp-content\/uploads\/2026\/02\/cat-instrumentacion-300x300.jpg 300w, https:\/\/global-medica.com\/wp-content\/uploads\/2026\/02\/cat-instrumentacion-150x150.jpg 150w, https:\/\/global-medica.com\/wp-content\/uploads\/2026\/02\/cat-instrumentacion-12x12.jpg 12w, https:\/\/global-medica.com\/wp-content\/uploads\/2026\/02\/cat-instrumentacion-100x100.jpg 100w\" sizes=\"(max-width: 600px) 100vw, 600px\" \/><\/a><\/figure><div class=\"elementor-image-box-content\"><h3 class=\"elementor-image-box-title\"><a href=\"https:\/\/global-medica.com\/en\/surgical-division\/laparoscopic-instrumentation\/\">Laparoscopic Instrumentation<\/a><\/h3><\/div><\/div>\t\t\t\t<\/div>\n\t\t\t\t<\/div>\n\t\t\t\t<\/div>\n\t\t<div class=\"elementor-element elementor-element-ccb258b e-con-full e-flex e-con e-child\" data-id=\"ccb258b\" data-element_type=\"container\" data-e-type=\"container\">\n\t\t\t\t<div class=\"elementor-element elementor-element-2849075 elementor-position-top elementor-widget elementor-widget-image-box\" data-id=\"2849075\" data-element_type=\"widget\" data-e-type=\"widget\" data-widget_type=\"image-box.default\">\n\t\t\t\t<div class=\"elementor-widget-container\">\n\t\t\t\t\t<div class=\"elementor-image-box-wrapper\"><figure class=\"elementor-image-box-img\"><a href=\"https:\/\/global-medica.com\/en\/surgical-division\/laparoscopic-surgery-stapler\/\" tabindex=\"-1\"><img loading=\"lazy\" decoding=\"async\" width=\"600\" height=\"600\" src=\"https:\/\/global-medica.com\/wp-content\/uploads\/2026\/02\/cat-grapadoras.jpg\" class=\"attachment-full size-full wp-image-3933\" alt=\"\" srcset=\"https:\/\/global-medica.com\/wp-content\/uploads\/2026\/02\/cat-grapadoras.jpg 600w, https:\/\/global-medica.com\/wp-content\/uploads\/2026\/02\/cat-grapadoras-300x300.jpg 300w, https:\/\/global-medica.com\/wp-content\/uploads\/2026\/02\/cat-grapadoras-150x150.jpg 150w, https:\/\/global-medica.com\/wp-content\/uploads\/2026\/02\/cat-grapadoras-12x12.jpg 12w, https:\/\/global-medica.com\/wp-content\/uploads\/2026\/02\/cat-grapadoras-100x100.jpg 100w\" sizes=\"(max-width: 600px) 100vw, 600px\" \/><\/a><\/figure><div class=\"elementor-image-box-content\"><h3 class=\"elementor-image-box-title\"><a href=\"https:\/\/global-medica.com\/en\/surgical-division\/laparoscopic-surgery-stapler\/\">Stapler for Laparoscopic Surgery<\/a><\/h3><\/div><\/div>\t\t\t\t<\/div>\n\t\t\t\t<\/div>\n\t\t\t\t<\/div>\n\t\t<div class=\"elementor-element elementor-element-bcb838a e-con-full e-flex e-con e-child\" data-id=\"bcb838a\" data-element_type=\"container\" data-e-type=\"container\">\n\t\t\t\t<div class=\"elementor-element elementor-element-da945d6 elementor-position-top elementor-widget elementor-widget-image-box\" data-id=\"da945d6\" data-element_type=\"widget\" data-e-type=\"widget\" data-widget_type=\"image-box.default\">\n\t\t\t\t<div class=\"elementor-widget-container\">\n\t\t\t\t\t<div class=\"elementor-image-box-wrapper\"><figure class=\"elementor-image-box-img\"><a href=\"https:\/\/global-medica.com\/en\/surgical-division\/other\/\" tabindex=\"-1\"><img loading=\"lazy\" decoding=\"async\" width=\"600\" height=\"600\" src=\"https:\/\/global-medica.com\/wp-content\/uploads\/2026\/02\/cat-otros.jpg\" class=\"attachment-full size-full wp-image-3934\" alt=\"\" srcset=\"https:\/\/global-medica.com\/wp-content\/uploads\/2026\/02\/cat-otros.jpg 600w, https:\/\/global-medica.com\/wp-content\/uploads\/2026\/02\/cat-otros-300x300.jpg 300w, https:\/\/global-medica.com\/wp-content\/uploads\/2026\/02\/cat-otros-150x150.jpg 150w, https:\/\/global-medica.com\/wp-content\/uploads\/2026\/02\/cat-otros-12x12.jpg 12w, https:\/\/global-medica.com\/wp-content\/uploads\/2026\/02\/cat-otros-100x100.jpg 100w\" sizes=\"(max-width: 600px) 100vw, 600px\" \/><\/a><\/figure><div class=\"elementor-image-box-content\"><h3 class=\"elementor-image-box-title\"><a href=\"https:\/\/global-medica.com\/en\/surgical-division\/other\/\">Other<\/a><\/h3><\/div><\/div>\t\t\t\t<\/div>\n\t\t\t\t<\/div>\n\t\t\t\t<\/div>\n\t\t\t\t\t<\/div>\n\t\t\t\t<\/div>\n\t\t\t\t<\/div>","protected":false},"excerpt":{"rendered":"<p>Nuestra divisi\u00f3n quir\u00fargica integra tecnolog\u00eda avanzada, instrumentaci\u00f3n especializada y sistemas de soporte cl\u00ednico para optimizar el desempe\u00f1o en el quir\u00f3fano. Equipamiento confiable para procedimientos seguros y resultados superiores. Torres Laparosc\u00f3picas Energ\u00eda Instrumentaci\u00f3n Laparosc\u00f3pica Grapadora para Cir\u00fagia Laparosc\u00f3pica Otros<\/p>","protected":false},"author":1,"featured_media":0,"parent":0,"menu_order":2,"comment_status":"closed","ping_status":"closed","template":"","meta":{"footnotes":""},"class_list":["post-3908","page","type-page","status-publish","hentry"],"yoast_head":"<!-- This site is optimized with the Yoast SEO plugin v25.7 - https:\/\/yoast.com\/wordpress\/plugins\/seo\/ -->\n<title>Divisi\u00f3n Quir\u00fargica - Global Medica<\/title>\n<meta name=\"robots\" content=\"index, follow, max-snippet:-1, max-image-preview:large, max-video-preview:-1\" \/>\n<link rel=\"canonical\" href=\"https:\/\/global-medica.com\/en\/surgical-division\/\" \/>\n<meta property=\"og:locale\" content=\"en_US\" \/>\n<meta property=\"og:type\" content=\"article\" \/>\n<meta property=\"og:title\" content=\"Divisi\u00f3n Quir\u00fargica - Global Medica\" \/>\n<meta property=\"og:description\" content=\"Nuestra divisi\u00f3n quir\u00fargica integra tecnolog\u00eda avanzada, instrumentaci\u00f3n especializada y sistemas de soporte cl\u00ednico para optimizar el desempe\u00f1o en el quir\u00f3fano. Equipamiento confiable para procedimientos seguros y resultados superiores. Torres Laparosc\u00f3picas Energ\u00eda Instrumentaci\u00f3n Laparosc\u00f3pica Grapadora para Cir\u00fagia Laparosc\u00f3pica Otros\" \/>\n<meta property=\"og:url\" content=\"https:\/\/global-medica.com\/en\/surgical-division\/\" \/>\n<meta property=\"og:site_name\" content=\"Global Medica\" \/>\n<meta property=\"article:publisher\" content=\"https:\/\/www.facebook.com\/gmglobalmedica\" \/>\n<meta property=\"article:modified_time\" content=\"2026-02-25T13:20:19+00:00\" \/>\n<meta property=\"og:image\" content=\"https:\/\/global-medica.com\/wp-content\/uploads\/2024\/05\/titulobarra-01.jpg\" \/>\n\t<meta property=\"og:image:width\" content=\"1920\" \/>\n\t<meta property=\"og:image:height\" content=\"200\" \/>\n\t<meta property=\"og:image:type\" content=\"image\/jpeg\" \/>\n<meta name=\"twitter:card\" content=\"summary_large_image\" \/>\n<meta name=\"twitter:label1\" content=\"Est. reading time\" \/>\n\t<meta name=\"twitter:data1\" content=\"2 minutes\" \/>\n<script type=\"application\/ld+json\" class=\"yoast-schema-graph\">{\"@context\":\"https:\/\/schema.org\",\"@graph\":[{\"@type\":\"WebPage\",\"@id\":\"https:\/\/global-medica.com\/surgical-division\/\",\"url\":\"https:\/\/global-medica.com\/surgical-division\/\",\"name\":\"Divisi\u00f3n Quir\u00fargica - Global Medica\",\"isPartOf\":{\"@id\":\"https:\/\/global-medica.com\/#website\"},\"primaryImageOfPage\":{\"@id\":\"https:\/\/global-medica.com\/surgical-division\/#primaryimage\"},\"image\":{\"@id\":\"https:\/\/global-medica.com\/surgical-division\/#primaryimage\"},\"thumbnailUrl\":\"https:\/\/global-medica.com\/wp-content\/uploads\/2024\/05\/titulobarra-01.jpg\",\"datePublished\":\"2026-02-10T20:40:55+00:00\",\"dateModified\":\"2026-02-25T13:20:19+00:00\",\"breadcrumb\":{\"@id\":\"https:\/\/global-medica.com\/surgical-division\/#breadcrumb\"},\"inLanguage\":\"en-US\",\"potentialAction\":[{\"@type\":\"ReadAction\",\"target\":[\"https:\/\/global-medica.com\/surgical-division\/\"]}]},{\"@type\":\"ImageObject\",\"inLanguage\":\"en-US\",\"@id\":\"https:\/\/global-medica.com\/surgical-division\/#primaryimage\",\"url\":\"https:\/\/global-medica.com\/wp-content\/uploads\/2024\/05\/titulobarra-01.jpg\",\"contentUrl\":\"https:\/\/global-medica.com\/wp-content\/uploads\/2024\/05\/titulobarra-01.jpg\"},{\"@type\":\"BreadcrumbList\",\"@id\":\"https:\/\/global-medica.com\/surgical-division\/#breadcrumb\",\"itemListElement\":[{\"@type\":\"ListItem\",\"position\":1,\"name\":\"Home\",\"item\":\"https:\/\/global-medica.com\/\"},{\"@type\":\"ListItem\",\"position\":2,\"name\":\"Divisi\u00f3n Quir\u00fargica\"}]},{\"@type\":\"WebSite\",\"@id\":\"https:\/\/global-medica.com\/#website\",\"url\":\"https:\/\/global-medica.com\/\",\"name\":\"Global Medica\",\"description\":\"Global Medica\",\"publisher\":{\"@id\":\"https:\/\/global-medica.com\/#organization\"},\"potentialAction\":[{\"@type\":\"SearchAction\",\"target\":{\"@type\":\"EntryPoint\",\"urlTemplate\":\"https:\/\/global-medica.com\/?s={search_term_string}\"},\"query-input\":{\"@type\":\"PropertyValueSpecification\",\"valueRequired\":true,\"valueName\":\"search_term_string\"}}],\"inLanguage\":\"en-US\"},{\"@type\":\"Organization\",\"@id\":\"https:\/\/global-medica.com\/#organization\",\"name\":\"Global Medica\",\"url\":\"https:\/\/global-medica.com\/\",\"logo\":{\"@type\":\"ImageObject\",\"inLanguage\":\"en-US\",\"@id\":\"https:\/\/global-medica.com\/#\/schema\/logo\/image\/\",\"url\":\"https:\/\/global-medica.com\/wp-content\/uploads\/2024\/04\/global-logo.png\",\"contentUrl\":\"https:\/\/global-medica.com\/wp-content\/uploads\/2024\/04\/global-logo.png\",\"width\":312,\"height\":84,\"caption\":\"Global Medica\"},\"image\":{\"@id\":\"https:\/\/global-medica.com\/#\/schema\/logo\/image\/\"},\"sameAs\":[\"https:\/\/www.facebook.com\/gmglobalmedica\",\"https:\/\/www.instagram.com\/globalmedica\/\",\"https:\/\/www.linkedin.com\/company\/67924728\",\"https:\/\/www.youtube.com\/channel\/UCWT2KUVVms56vwB0N9r8qKQ\/\"]}]}<\/script>\n<!-- \/ Yoast SEO plugin. -->","yoast_head_json":{"title":"Divisi\u00f3n Quir\u00fargica - Global Medica","robots":{"index":"index","follow":"follow","max-snippet":"max-snippet:-1","max-image-preview":"max-image-preview:large","max-video-preview":"max-video-preview:-1"},"canonical":"https:\/\/global-medica.com\/en\/surgical-division\/","og_locale":"en_US","og_type":"article","og_title":"Divisi\u00f3n Quir\u00fargica - Global Medica","og_description":"Nuestra divisi\u00f3n quir\u00fargica integra tecnolog\u00eda avanzada, instrumentaci\u00f3n especializada y sistemas de soporte cl\u00ednico para optimizar el desempe\u00f1o en el quir\u00f3fano. Equipamiento confiable para procedimientos seguros y resultados superiores. Torres Laparosc\u00f3picas Energ\u00eda Instrumentaci\u00f3n Laparosc\u00f3pica Grapadora para Cir\u00fagia Laparosc\u00f3pica Otros","og_url":"https:\/\/global-medica.com\/en\/surgical-division\/","og_site_name":"Global Medica","article_publisher":"https:\/\/www.facebook.com\/gmglobalmedica","article_modified_time":"2026-02-25T13:20:19+00:00","og_image":[{"width":1920,"height":200,"url":"https:\/\/global-medica.com\/wp-content\/uploads\/2024\/05\/titulobarra-01.jpg","type":"image\/jpeg"}],"twitter_card":"summary_large_image","twitter_misc":{"Est. reading time":"2 minutes"},"schema":{"@context":"https:\/\/schema.org","@graph":[{"@type":"WebPage","@id":"https:\/\/global-medica.com\/surgical-division\/","url":"https:\/\/global-medica.com\/surgical-division\/","name":"Divisi\u00f3n Quir\u00fargica - Global Medica","isPartOf":{"@id":"https:\/\/global-medica.com\/#website"},"primaryImageOfPage":{"@id":"https:\/\/global-medica.com\/surgical-division\/#primaryimage"},"image":{"@id":"https:\/\/global-medica.com\/surgical-division\/#primaryimage"},"thumbnailUrl":"https:\/\/global-medica.com\/wp-content\/uploads\/2024\/05\/titulobarra-01.jpg","datePublished":"2026-02-10T20:40:55+00:00","dateModified":"2026-02-25T13:20:19+00:00","breadcrumb":{"@id":"https:\/\/global-medica.com\/surgical-division\/#breadcrumb"},"inLanguage":"en-US","potentialAction":[{"@type":"ReadAction","target":["https:\/\/global-medica.com\/surgical-division\/"]}]},{"@type":"ImageObject","inLanguage":"en-US","@id":"https:\/\/global-medica.com\/surgical-division\/#primaryimage","url":"https:\/\/global-medica.com\/wp-content\/uploads\/2024\/05\/titulobarra-01.jpg","contentUrl":"https:\/\/global-medica.com\/wp-content\/uploads\/2024\/05\/titulobarra-01.jpg"},{"@type":"BreadcrumbList","@id":"https:\/\/global-medica.com\/surgical-division\/#breadcrumb","itemListElement":[{"@type":"ListItem","position":1,"name":"Home","item":"https:\/\/global-medica.com\/"},{"@type":"ListItem","position":2,"name":"Divisi\u00f3n Quir\u00fargica"}]},{"@type":"WebSite","@id":"https:\/\/global-medica.com\/#website","url":"https:\/\/global-medica.com\/","name":"Global Medica","description":"Global Medica","publisher":{"@id":"https:\/\/global-medica.com\/#organization"},"potentialAction":[{"@type":"SearchAction","target":{"@type":"EntryPoint","urlTemplate":"https:\/\/global-medica.com\/?s={search_term_string}"},"query-input":{"@type":"PropertyValueSpecification","valueRequired":true,"valueName":"search_term_string"}}],"inLanguage":"en-US"},{"@type":"Organization","@id":"https:\/\/global-medica.com\/#organization","name":"Global Medica","url":"https:\/\/global-medica.com\/","logo":{"@type":"ImageObject","inLanguage":"en-US","@id":"https:\/\/global-medica.com\/#\/schema\/logo\/image\/","url":"https:\/\/global-medica.com\/wp-content\/uploads\/2024\/04\/global-logo.png","contentUrl":"https:\/\/global-medica.com\/wp-content\/uploads\/2024\/04\/global-logo.png","width":312,"height":84,"caption":"Global Medica"},"image":{"@id":"https:\/\/global-medica.com\/#\/schema\/logo\/image\/"},"sameAs":["https:\/\/www.facebook.com\/gmglobalmedica","https:\/\/www.instagram.com\/globalmedica\/","https:\/\/www.linkedin.com\/company\/67924728","https:\/\/www.youtube.com\/channel\/UCWT2KUVVms56vwB0N9r8qKQ\/"]}]}},"_links":{"self":[{"href":"https:\/\/global-medica.com\/en\/wp-json\/wp\/v2\/pages\/3908","targetHints":{"allow":["GET"]}}],"collection":[{"href":"https:\/\/global-medica.com\/en\/wp-json\/wp\/v2\/pages"}],"about":[{"href":"https:\/\/global-medica.com\/en\/wp-json\/wp\/v2\/types\/page"}],"author":[{"embeddable":true,"href":"https:\/\/global-medica.com\/en\/wp-json\/wp\/v2\/users\/1"}],"replies":[{"embeddable":true,"href":"https:\/\/global-medica.com\/en\/wp-json\/wp\/v2\/comments?post=3908"}],"version-history":[{"count":0,"href":"https:\/\/global-medica.com\/en\/wp-json\/wp\/v2\/pages\/3908\/revisions"}],"wp:attachment":[{"href":"https:\/\/global-medica.com\/en\/wp-json\/wp\/v2\/media?parent=3908"}],"curies":[{"name":"wp","href":"https:\/\/api.w.org\/{rel}","templated":true}]}}