{"id":3607,"date":"2025-09-10T01:41:49","date_gmt":"2025-09-10T01:41:49","guid":{"rendered":"https:\/\/globalmedica.lemachi.de\/?page_id=3607"},"modified":"2025-09-10T02:35:05","modified_gmt":"2025-09-10T02:35:05","slug":"cardiologia-diagnostica","status":"publish","type":"page","link":"https:\/\/global-medica.com\/en\/specialties\/diagnostic-cardiology\/","title":{"rendered":"Cardiology Diagnostic"},"content":{"rendered":"<div data-elementor-type=\"wp-page\" data-elementor-id=\"3607\" class=\"elementor elementor-3607\" data-elementor-post-type=\"page\">\n\t\t\t\t<div class=\"elementor-element elementor-element-32869d1 e-flex e-con-boxed e-con e-parent\" data-id=\"32869d1\" data-element_type=\"container\" data-e-type=\"container\">\n\t\t\t\t\t<div class=\"e-con-inner\">\n\t\t\t\t<div class=\"elementor-element elementor-element-69bba30 elementor-widget elementor-widget-spacer\" data-id=\"69bba30\" data-element_type=\"widget\" data-e-type=\"widget\" data-widget_type=\"spacer.default\">\n\t\t\t\t<div class=\"elementor-widget-container\">\n\t\t\t\t\t\t\t<div class=\"elementor-spacer\">\n\t\t\t<div class=\"elementor-spacer-inner\"><\/div>\n\t\t<\/div>\n\t\t\t\t\t\t<\/div>\n\t\t\t\t<\/div>\n\t\t\t\t\t<\/div>\n\t\t\t\t<\/div>\n\t\t<div class=\"elementor-element elementor-element-9905f47 e-flex e-con-boxed elementor-invisible e-con e-parent\" data-id=\"9905f47\" data-element_type=\"container\" data-e-type=\"container\" data-settings=\"{&quot;animation&quot;:&quot;fadeIn&quot;}\">\n\t\t\t\t\t<div class=\"e-con-inner\">\n\t\t\t\t<div class=\"elementor-element elementor-element-df3bd24 elementor-widget elementor-widget-heading\" data-id=\"df3bd24\" data-element_type=\"widget\" data-e-type=\"widget\" data-widget_type=\"heading.default\">\n\t\t\t\t<div class=\"elementor-widget-container\">\n\t\t\t\t\t<h2 class=\"elementor-heading-title elementor-size-default\">NON-INVASIVE cardiology<\/h2>\t\t\t\t<\/div>\n\t\t\t\t<\/div>\n\t\t\t\t\t<\/div>\n\t\t\t\t<\/div>\n\t\t<div class=\"elementor-element elementor-element-88cc5c8 e-grid e-con-boxed elementor-invisible e-con e-parent\" data-id=\"88cc5c8\" data-element_type=\"container\" data-e-type=\"container\" data-settings=\"{&quot;animation&quot;:&quot;fadeIn&quot;}\">\n\t\t\t\t\t<div class=\"e-con-inner\">\n\t\t\t\t<div class=\"elementor-element elementor-element-cd01d91 elementor-widget elementor-widget-image\" data-id=\"cd01d91\" data-element_type=\"widget\" data-e-type=\"widget\" data-widget_type=\"image.default\">\n\t\t\t\t<div class=\"elementor-widget-container\">\n\t\t\t\t\t\t\t\t\t\t\t\t\t\t\t\t<a href=\"\/en\/especialidades\/holter-mapa\/\">\n\t\t\t\t\t\t\t<img fetchpriority=\"high\" decoding=\"async\" width=\"420\" height=\"315\" src=\"https:\/\/global-medica.com\/wp-content\/uploads\/2025\/09\/01-holter-mapa.avif\" class=\"attachment-large size-large wp-image-3658\" alt=\"\" srcset=\"https:\/\/global-medica.com\/wp-content\/uploads\/2025\/09\/01-holter-mapa.avif 420w, https:\/\/global-medica.com\/wp-content\/uploads\/2025\/09\/01-holter-mapa-300x225.avif 300w, https:\/\/global-medica.com\/wp-content\/uploads\/2025\/09\/01-holter-mapa-16x12.avif 16w\" sizes=\"(max-width: 420px) 100vw, 420px\" \/>\t\t\t\t\t\t\t\t<\/a>\n\t\t\t\t\t\t\t\t\t\t\t\t\t\t\t<\/div>\n\t\t\t\t<\/div>\n\t\t\t\t<div class=\"elementor-element elementor-element-8b5eda5 elementor-widget elementor-widget-image\" data-id=\"8b5eda5\" data-element_type=\"widget\" data-e-type=\"widget\" data-widget_type=\"image.default\">\n\t\t\t\t<div class=\"elementor-widget-container\">\n\t\t\t\t\t\t\t\t\t\t\t\t\t\t\t\t<a href=\"\/en\/especialidades\/pruebas-de-esfuerzo\/\">\n\t\t\t\t\t\t\t<img decoding=\"async\" width=\"420\" height=\"315\" src=\"https:\/\/global-medica.com\/wp-content\/uploads\/2025\/09\/02-pruebas-de-esfuerzo.avif\" class=\"attachment-large size-large wp-image-3659\" alt=\"\" srcset=\"https:\/\/global-medica.com\/wp-content\/uploads\/2025\/09\/02-pruebas-de-esfuerzo.avif 420w, https:\/\/global-medica.com\/wp-content\/uploads\/2025\/09\/02-pruebas-de-esfuerzo-300x225.avif 300w, https:\/\/global-medica.com\/wp-content\/uploads\/2025\/09\/02-pruebas-de-esfuerzo-16x12.avif 16w\" sizes=\"(max-width: 420px) 100vw, 420px\" \/>\t\t\t\t\t\t\t\t<\/a>\n\t\t\t\t\t\t\t\t\t\t\t\t\t\t\t<\/div>\n\t\t\t\t<\/div>\n\t\t\t\t<div class=\"elementor-element elementor-element-4de5914 elementor-widget elementor-widget-image\" data-id=\"4de5914\" data-element_type=\"widget\" data-e-type=\"widget\" data-widget_type=\"image.default\">\n\t\t\t\t<div class=\"elementor-widget-container\">\n\t\t\t\t\t\t\t\t\t\t\t\t\t\t\t\t<a href=\"\/en\/especialidades\/ecg\/\">\n\t\t\t\t\t\t\t<img decoding=\"async\" width=\"420\" height=\"315\" src=\"https:\/\/global-medica.com\/wp-content\/uploads\/2025\/09\/03-ecg.avif\" class=\"attachment-large size-large wp-image-3660\" alt=\"\" srcset=\"https:\/\/global-medica.com\/wp-content\/uploads\/2025\/09\/03-ecg.avif 420w, https:\/\/global-medica.com\/wp-content\/uploads\/2025\/09\/03-ecg-300x225.avif 300w, https:\/\/global-medica.com\/wp-content\/uploads\/2025\/09\/03-ecg-16x12.avif 16w\" sizes=\"(max-width: 420px) 100vw, 420px\" \/>\t\t\t\t\t\t\t\t<\/a>\n\t\t\t\t\t\t\t\t\t\t\t\t\t\t\t<\/div>\n\t\t\t\t<\/div>\n\t\t\t\t\t<\/div>\n\t\t\t\t<\/div>\n\t\t<div class=\"elementor-element elementor-element-2436f0b e-flex e-con-boxed e-con e-parent\" data-id=\"2436f0b\" data-element_type=\"container\" data-e-type=\"container\">\n\t\t\t\t\t<div class=\"e-con-inner\">\n\t\t\t\t<div class=\"elementor-element elementor-element-45f0aef elementor-widget elementor-widget-spacer\" data-id=\"45f0aef\" data-element_type=\"widget\" data-e-type=\"widget\" data-widget_type=\"spacer.default\">\n\t\t\t\t<div class=\"elementor-widget-container\">\n\t\t\t\t\t\t\t<div class=\"elementor-spacer\">\n\t\t\t<div class=\"elementor-spacer-inner\"><\/div>\n\t\t<\/div>\n\t\t\t\t\t\t<\/div>\n\t\t\t\t<\/div>\n\t\t\t\t\t<\/div>\n\t\t\t\t<\/div>\n\t\t\t\t<\/div>","protected":false},"excerpt":{"rendered":"<p>NON-INVASIVE cardiology<\/p>","protected":false},"author":1,"featured_media":0,"parent":3337,"menu_order":10,"comment_status":"closed","ping_status":"closed","template":"","meta":{"footnotes":""},"class_list":["post-3607","page","type-page","status-publish","hentry"],"yoast_head":"<!-- This site is optimized with the Yoast SEO plugin v27.3 - https:\/\/yoast.com\/product\/yoast-seo-wordpress\/ -->\n<title>Cardiology Diagnostic - Global Medica - Global M\u00e9dica DR<\/title>\n<meta name=\"description\" content=\"Cardiolog\u00eda no invasiva con Holter, MAPA, ECG y pruebas de esfuerzo para diagn\u00f3stico preciso y monitoreo cardiovascular continuo.\" \/>\n<meta name=\"robots\" content=\"index, follow, max-snippet:-1, max-image-preview:large, max-video-preview:-1\" \/>\n<link rel=\"canonical\" href=\"https:\/\/global-medica.com\/en\/especialidades\/cardiologia-diagnostica\/\" \/>\n<meta property=\"og:locale\" content=\"en_US\" \/>\n<meta property=\"og:type\" content=\"article\" \/>\n<meta property=\"og:title\" content=\"Cardiology Diagnostic - Global Medica - Global M\u00e9dica DR\" \/>\n<meta property=\"og:description\" content=\"Cardiolog\u00eda no invasiva con Holter, MAPA, ECG y pruebas de esfuerzo para diagn\u00f3stico preciso y monitoreo cardiovascular continuo.\" \/>\n<meta property=\"og:url\" content=\"https:\/\/global-medica.com\/en\/especialidades\/cardiologia-diagnostica\/\" \/>\n<meta property=\"og:site_name\" content=\"Global Medica\" \/>\n<meta property=\"article:publisher\" content=\"https:\/\/www.facebook.com\/gmglobalmedica\" \/>\n<meta property=\"article:modified_time\" content=\"2025-09-10T02:35:05+00:00\" \/>\n<meta property=\"og:image\" content=\"https:\/\/global-medica.com\/wp-content\/uploads\/2025\/09\/01-holter-mapa.avif\" \/>\n<meta name=\"twitter:card\" content=\"summary_large_image\" \/>\n<script type=\"application\/ld+json\" class=\"yoast-schema-graph\">{\"@context\":\"https:\\\/\\\/schema.org\",\"@graph\":[{\"@type\":\"WebPage\",\"@id\":\"https:\\\/\\\/global-medica.com\\\/especialidades\\\/cardiologia-diagnostica\\\/\",\"url\":\"https:\\\/\\\/global-medica.com\\\/especialidades\\\/cardiologia-diagnostica\\\/\",\"name\":\"Cardiolog\u00eda Diagn\u00f3stica\",\"isPartOf\":{\"@id\":\"https:\\\/\\\/global-medica.com\\\/#website\"},\"primaryImageOfPage\":{\"@id\":\"https:\\\/\\\/global-medica.com\\\/especialidades\\\/cardiologia-diagnostica\\\/#primaryimage\"},\"image\":{\"@id\":\"https:\\\/\\\/global-medica.com\\\/especialidades\\\/cardiologia-diagnostica\\\/#primaryimage\"},\"thumbnailUrl\":\"https:\\\/\\\/global-medica.com\\\/wp-content\\\/uploads\\\/2025\\\/09\\\/01-holter-mapa.avif\",\"datePublished\":\"2025-09-10T01:41:49+00:00\",\"dateModified\":\"2025-09-10T02:35:05+00:00\",\"description\":\"Cardiolog\u00eda no invasiva con Holter, MAPA, ECG y pruebas de esfuerzo para diagn\u00f3stico preciso y monitoreo cardiovascular continuo.\",\"breadcrumb\":{\"@id\":\"https:\\\/\\\/global-medica.com\\\/especialidades\\\/cardiologia-diagnostica\\\/#breadcrumb\"},\"inLanguage\":\"en-US\",\"potentialAction\":[{\"@type\":\"ReadAction\",\"target\":[\"https:\\\/\\\/global-medica.com\\\/especialidades\\\/cardiologia-diagnostica\\\/\"]}]},{\"@type\":\"ImageObject\",\"inLanguage\":\"en-US\",\"@id\":\"https:\\\/\\\/global-medica.com\\\/especialidades\\\/cardiologia-diagnostica\\\/#primaryimage\",\"url\":\"https:\\\/\\\/global-medica.com\\\/wp-content\\\/uploads\\\/2025\\\/09\\\/01-holter-mapa.avif\",\"contentUrl\":\"https:\\\/\\\/global-medica.com\\\/wp-content\\\/uploads\\\/2025\\\/09\\\/01-holter-mapa.avif\"},{\"@type\":\"BreadcrumbList\",\"@id\":\"https:\\\/\\\/global-medica.com\\\/especialidades\\\/cardiologia-diagnostica\\\/#breadcrumb\",\"itemListElement\":[{\"@type\":\"ListItem\",\"position\":1,\"name\":\"Home\",\"item\":\"https:\\\/\\\/global-medica.com\\\/\"},{\"@type\":\"ListItem\",\"position\":2,\"name\":\"Especialidades\",\"item\":\"https:\\\/\\\/global-medica.com\\\/especialidades\\\/\"},{\"@type\":\"ListItem\",\"position\":3,\"name\":\"Cardiolog\u00eda Diagn\u00f3stica\"}]},{\"@type\":\"WebSite\",\"@id\":\"https:\\\/\\\/global-medica.com\\\/#website\",\"url\":\"https:\\\/\\\/global-medica.com\\\/\",\"name\":\"Global Medica\",\"description\":\"Global Medica\",\"publisher\":{\"@id\":\"https:\\\/\\\/global-medica.com\\\/#organization\"},\"inLanguage\":\"en-US\"},{\"@type\":\"Organization\",\"@id\":\"https:\\\/\\\/global-medica.com\\\/#organization\",\"name\":\"Global Medica\",\"url\":\"https:\\\/\\\/global-medica.com\\\/\",\"logo\":{\"@type\":\"ImageObject\",\"inLanguage\":\"en-US\",\"@id\":\"https:\\\/\\\/global-medica.com\\\/#\\\/schema\\\/logo\\\/image\\\/\",\"url\":\"https:\\\/\\\/global-medica.com\\\/wp-content\\\/uploads\\\/2024\\\/04\\\/global-logo.png\",\"contentUrl\":\"https:\\\/\\\/global-medica.com\\\/wp-content\\\/uploads\\\/2024\\\/04\\\/global-logo.png\",\"width\":312,\"height\":84,\"caption\":\"Global Medica\"},\"image\":{\"@id\":\"https:\\\/\\\/global-medica.com\\\/#\\\/schema\\\/logo\\\/image\\\/\"},\"sameAs\":[\"https:\\\/\\\/www.facebook.com\\\/gmglobalmedica\",\"https:\\\/\\\/www.instagram.com\\\/globalmedica\\\/\",\"https:\\\/\\\/www.linkedin.com\\\/company\\\/67924728\",\"https:\\\/\\\/www.youtube.com\\\/channel\\\/UCWT2KUVVms56vwB0N9r8qKQ\\\/\"]}]}<\/script>\n<!-- \/ Yoast SEO plugin. -->","yoast_head_json":{"title":"Cardiology Diagnostic - Global Medica - Global M\u00e9dica DR","description":"Cardiolog\u00eda no invasiva con Holter, MAPA, ECG y pruebas de esfuerzo para diagn\u00f3stico preciso y monitoreo cardiovascular continuo.","robots":{"index":"index","follow":"follow","max-snippet":"max-snippet:-1","max-image-preview":"max-image-preview:large","max-video-preview":"max-video-preview:-1"},"canonical":"https:\/\/global-medica.com\/en\/especialidades\/cardiologia-diagnostica\/","og_locale":"en_US","og_type":"article","og_title":"Cardiology Diagnostic - Global Medica - Global M\u00e9dica DR","og_description":"Cardiolog\u00eda no invasiva con Holter, MAPA, ECG y pruebas de esfuerzo para diagn\u00f3stico preciso y monitoreo cardiovascular continuo.","og_url":"https:\/\/global-medica.com\/en\/especialidades\/cardiologia-diagnostica\/","og_site_name":"Global Medica","article_publisher":"https:\/\/www.facebook.com\/gmglobalmedica","article_modified_time":"2025-09-10T02:35:05+00:00","og_image":[{"url":"https:\/\/global-medica.com\/wp-content\/uploads\/2025\/09\/01-holter-mapa.avif","type":"","width":"","height":""}],"twitter_card":"summary_large_image","schema":{"@context":"https:\/\/schema.org","@graph":[{"@type":"WebPage","@id":"https:\/\/global-medica.com\/especialidades\/cardiologia-diagnostica\/","url":"https:\/\/global-medica.com\/especialidades\/cardiologia-diagnostica\/","name":"Cardiology Diagnostic","isPartOf":{"@id":"https:\/\/global-medica.com\/#website"},"primaryImageOfPage":{"@id":"https:\/\/global-medica.com\/especialidades\/cardiologia-diagnostica\/#primaryimage"},"image":{"@id":"https:\/\/global-medica.com\/especialidades\/cardiologia-diagnostica\/#primaryimage"},"thumbnailUrl":"https:\/\/global-medica.com\/wp-content\/uploads\/2025\/09\/01-holter-mapa.avif","datePublished":"2025-09-10T01:41:49+00:00","dateModified":"2025-09-10T02:35:05+00:00","description":"Cardiolog\u00eda no invasiva con Holter, MAPA, ECG y pruebas de esfuerzo para diagn\u00f3stico preciso y monitoreo cardiovascular continuo.","breadcrumb":{"@id":"https:\/\/global-medica.com\/especialidades\/cardiologia-diagnostica\/#breadcrumb"},"inLanguage":"en-US","potentialAction":[{"@type":"ReadAction","target":["https:\/\/global-medica.com\/especialidades\/cardiologia-diagnostica\/"]}]},{"@type":"ImageObject","inLanguage":"en-US","@id":"https:\/\/global-medica.com\/especialidades\/cardiologia-diagnostica\/#primaryimage","url":"https:\/\/global-medica.com\/wp-content\/uploads\/2025\/09\/01-holter-mapa.avif","contentUrl":"https:\/\/global-medica.com\/wp-content\/uploads\/2025\/09\/01-holter-mapa.avif"},{"@type":"BreadcrumbList","@id":"https:\/\/global-medica.com\/especialidades\/cardiologia-diagnostica\/#breadcrumb","itemListElement":[{"@type":"ListItem","position":1,"name":"Home","item":"https:\/\/global-medica.com\/"},{"@type":"ListItem","position":2,"name":"Especialidades","item":"https:\/\/global-medica.com\/especialidades\/"},{"@type":"ListItem","position":3,"name":"Cardiolog\u00eda Diagn\u00f3stica"}]},{"@type":"WebSite","@id":"https:\/\/global-medica.com\/#website","url":"https:\/\/global-medica.com\/","name":"Global Medica","description":"Global Medica","publisher":{"@id":"https:\/\/global-medica.com\/#organization"},"inLanguage":"en-US"},{"@type":"Organization","@id":"https:\/\/global-medica.com\/#organization","name":"Global Medica","url":"https:\/\/global-medica.com\/","logo":{"@type":"ImageObject","inLanguage":"en-US","@id":"https:\/\/global-medica.com\/#\/schema\/logo\/image\/","url":"https:\/\/global-medica.com\/wp-content\/uploads\/2024\/04\/global-logo.png","contentUrl":"https:\/\/global-medica.com\/wp-content\/uploads\/2024\/04\/global-logo.png","width":312,"height":84,"caption":"Global Medica"},"image":{"@id":"https:\/\/global-medica.com\/#\/schema\/logo\/image\/"},"sameAs":["https:\/\/www.facebook.com\/gmglobalmedica","https:\/\/www.instagram.com\/globalmedica\/","https:\/\/www.linkedin.com\/company\/67924728","https:\/\/www.youtube.com\/channel\/UCWT2KUVVms56vwB0N9r8qKQ\/"]}]}},"_links":{"self":[{"href":"https:\/\/global-medica.com\/en\/wp-json\/wp\/v2\/pages\/3607","targetHints":{"allow":["GET"]}}],"collection":[{"href":"https:\/\/global-medica.com\/en\/wp-json\/wp\/v2\/pages"}],"about":[{"href":"https:\/\/global-medica.com\/en\/wp-json\/wp\/v2\/types\/page"}],"author":[{"embeddable":true,"href":"https:\/\/global-medica.com\/en\/wp-json\/wp\/v2\/users\/1"}],"replies":[{"embeddable":true,"href":"https:\/\/global-medica.com\/en\/wp-json\/wp\/v2\/comments?post=3607"}],"version-history":[{"count":7,"href":"https:\/\/global-medica.com\/en\/wp-json\/wp\/v2\/pages\/3607\/revisions"}],"predecessor-version":[{"id":3684,"href":"https:\/\/global-medica.com\/en\/wp-json\/wp\/v2\/pages\/3607\/revisions\/3684"}],"up":[{"embeddable":true,"href":"https:\/\/global-medica.com\/en\/wp-json\/wp\/v2\/pages\/3337"}],"wp:attachment":[{"href":"https:\/\/global-medica.com\/en\/wp-json\/wp\/v2\/media?parent=3607"}],"curies":[{"name":"wp","href":"https:\/\/api.w.org\/{rel}","templated":true}]}}